{"id":9779,"date":"2015-03-20T23:19:26","date_gmt":"2015-03-20T22:19:26","guid":{"rendered":"http:\/\/www.jungsi.de\/?page_id=9779"},"modified":"2024-08-01T10:11:38","modified_gmt":"2024-08-01T08:11:38","slug":"mv-augusta","status":"publish","type":"page","link":"https:\/\/www.jungsi.de\/en\/und-mehr\/bikes\/mv-augusta\/","title":{"rendered":"MV Agusta Brutale 800RR"},"content":{"rendered":"<p><\/p>\n\n\n\n<h2 class=\"wp-block-heading has-text-align-center\">MV Agusta Brutale 800RR<\/h2>\n\n\n<div class=\"wp-block-image size-medium wp-image-10462\">\n<figure class=\"alignright\"><img loading=\"lazy\" decoding=\"async\" width=\"300\" height=\"225\" data-attachment-id=\"10462\" data-permalink=\"https:\/\/www.jungsi.de\/en\/mv-augusta-brutale-800-rr-bikes\/img_0214-klein\/\" data-orig-file=\"https:\/\/www.jungsi.de\/blog\/wp-content\/uploads\/2015\/04\/IMG_0214-klein.jpg\" data-orig-size=\"800,600\" data-comments-opened=\"1\" data-image-meta=\"{&quot;aperture&quot;:&quot;2.2&quot;,&quot;credit&quot;:&quot;&quot;,&quot;camera&quot;:&quot;iPhone 5s&quot;,&quot;caption&quot;:&quot;&quot;,&quot;created_timestamp&quot;:&quot;1426769461&quot;,&quot;copyright&quot;:&quot;&quot;,&quot;focal_length&quot;:&quot;4.15&quot;,&quot;iso&quot;:&quot;32&quot;,&quot;shutter_speed&quot;:&quot;0.00048709206039942&quot;,&quot;title&quot;:&quot;&quot;,&quot;orientation&quot;:&quot;1&quot;}\" data-image-title=\"MV Augusta Brutale 800 RR\" data-image-description=\"&lt;p&gt;MV Augusta Brutale 800 RR&lt;\/p&gt;\" data-image-caption=\"&lt;p&gt;MV Augusta Brutale 800 RR&lt;\/p&gt;\" data-large-file=\"https:\/\/www.jungsi.de\/blog\/wp-content\/uploads\/2015\/04\/IMG_0214-klein.jpg\" src=\"https:\/\/www.jungsi.de\/blog\/wp-content\/uploads\/2015\/04\/IMG_0214-klein-300x225.jpg\" alt=\"MV Augusta Brutale 800 RR\" class=\"wp-image-10462\" srcset=\"https:\/\/www.jungsi.de\/blog\/wp-content\/uploads\/2015\/04\/IMG_0214-klein-300x225.jpg 300w, https:\/\/www.jungsi.de\/blog\/wp-content\/uploads\/2015\/04\/IMG_0214-klein.jpg 800w\" sizes=\"auto, (max-width: 300px) 100vw, 300px\" \/><figcaption class=\"wp-element-caption\">MV Augusta Brutale 800 RR<\/figcaption><\/figure>\n<\/div>\n\n\n<p><strong>M\u00e4rz 2015<\/strong><br>Nach zahlreichen herrlichen Kilometern auf meiner Aprilia Tuono war es Zeit f\u00fcr eine neue Entdeckung. Ganz unerwartet, wie es oft der Fall ist, begegnete ich auf der IMOT 2015 der MV Agusta Brutale 800RR. Es war sofortige Liebe auf den ersten Blick. Nur wenige Wochen sp\u00e4ter war der Kauf bei meinem n\u00e4chstgelegenen MV-H\u00e4ndler &#8222;KawaMotor&#8220; in M\u00fcnchen perfekt. \ud83d\ude42<\/p>\n\n\n\n<p>Es war schon immer meine Gewohnheit, ein Motorrad, das ich kaufen m\u00f6chte, nicht vorher Probe zu fahren. Manche m\u00f6gen das f\u00fcr Dummheit halten, aber ich bin einfach zu spontan \u2013 sobald ich anfange, verschiedene Dinge zu testen, klappt es meistens nicht. \ud83d\ude09<\/p>\n\n\n\n<p>Mit der MV hatte ich wirklich Gl\u00fcck \u2013 sie passt perfekt. Es ist schon lange her, dass ich mich auf einem Motorrad so wohlgef\u00fchlt habe. Das einzige, was mich st\u00f6rt, ist, dass nach einer l\u00e4ngeren Fahrt mein Hintern schmerzt \u2013 vielleicht werde ich auch einfach nur \u00e4lter. \ud83d\ude42<\/p>\n\n\n\n<p>Nach der rauen Laufweise des Zweizylinders der Aprilia mit ihren extrem lauten (unmodifizierten) MIVV-Endt\u00f6pfen, wirkt das Fahren auf der MV fast entspannend. Es kann allerdings herausfordernd sein, wenn man am Gas dreht und die 800ccm pl\u00f6tzlich mit 144PS loslegen. Dann ist auch die Ger\u00e4uschkulisse sehr angenehm. Gl\u00fccklicherweise wird die Leistung durch allerlei technische Spielereien kontrolliert. Doch diese Technik kann bei modernen Motorr\u00e4dern auch ein Nachteil sein. Manchmal wollte die MV zu Beginn nicht mehr beschleunigen &#8211; egal, was ich tat, es gab keine Reaktion. Das ist besonders beim \u00dcberholen problematisch. Nach einem Gangwechsel funktionierte es wieder. Also ab in die Werkstatt &#8211; und was geschah? Die gesamte Software wurde aktualisiert. Danach war der Fehler behoben &#8211; ob das System wohl von Microsoft stammt? Wahrscheinlich nicht, sonst w\u00e4ren wohl andere Probleme aufgetreten. \ud83d\ude09<\/p>\n\n\n<div class=\"wp-block-image size-full wp-image-10462\">\n<figure class=\"aligncenter\"><img loading=\"lazy\" decoding=\"async\" width=\"800\" height=\"600\" data-attachment-id=\"10462\" data-permalink=\"https:\/\/www.jungsi.de\/en\/mv-augusta-brutale-800-rr-bikes\/img_0214-klein\/\" data-orig-file=\"https:\/\/www.jungsi.de\/blog\/wp-content\/uploads\/2015\/04\/IMG_0214-klein.jpg\" data-orig-size=\"800,600\" data-comments-opened=\"1\" data-image-meta=\"{&quot;aperture&quot;:&quot;2.2&quot;,&quot;credit&quot;:&quot;&quot;,&quot;camera&quot;:&quot;iPhone 5s&quot;,&quot;caption&quot;:&quot;&quot;,&quot;created_timestamp&quot;:&quot;1426769461&quot;,&quot;copyright&quot;:&quot;&quot;,&quot;focal_length&quot;:&quot;4.15&quot;,&quot;iso&quot;:&quot;32&quot;,&quot;shutter_speed&quot;:&quot;0.00048709206039942&quot;,&quot;title&quot;:&quot;&quot;,&quot;orientation&quot;:&quot;1&quot;}\" data-image-title=\"MV Augusta Brutale 800 RR\" data-image-description=\"&lt;p&gt;MV Augusta Brutale 800 RR&lt;\/p&gt;\" data-image-caption=\"&lt;p&gt;MV Augusta Brutale 800 RR&lt;\/p&gt;\" data-large-file=\"https:\/\/www.jungsi.de\/blog\/wp-content\/uploads\/2015\/04\/IMG_0214-klein.jpg\" src=\"https:\/\/www.jungsi.de\/blog\/wp-content\/uploads\/2015\/04\/IMG_0214-klein.jpg\" alt=\"MV Augusta Brutale 800 RR\" class=\"wp-image-10462\" srcset=\"https:\/\/www.jungsi.de\/blog\/wp-content\/uploads\/2015\/04\/IMG_0214-klein.jpg 800w, https:\/\/www.jungsi.de\/blog\/wp-content\/uploads\/2015\/04\/IMG_0214-klein-300x225.jpg 300w\" sizes=\"auto, (max-width: 800px) 100vw, 800px\" \/><figcaption class=\"wp-element-caption\">MV Augusta Brutale 800 RR<\/figcaption><\/figure>\n<\/div>\n\n\n<p>Die Aprilia galt als Benzinfresser \u2013 unter acht Litern auf hundert Kilometer war selten etwas zu machen. Die Brutale hingegen ist mit durchschnittlich 6,5 Litern zufrieden \u2013 m\u00f6glicherweise sogar weniger, wenn man statt des Sportmodus den Normal- oder Regenmodus nutzt. In diesen beiden Modi wird die Leistung deutlich reduziert, und der Quickshifter funktioniert dann nicht mehr in beide Richtungen.<\/p>\n\n\n\n<p>Bez\u00fcglich des Schaltautomaten: Das ist wirklich eine feine Sache, besonders auf sch\u00f6nen Kurvenstrecken oder in den Bergen mit Serpentinen. Alles l\u00e4uft ganz entspannt nur mit dem Fu\u00df \u2013 die linke Hand kann sich dabei einfach entspannen. \ud83d\ude09<\/p>\n\n\n<div class=\"wp-block-image size-full wp-image-10461\">\n<figure class=\"aligncenter\"><img loading=\"lazy\" decoding=\"async\" width=\"800\" height=\"600\" data-attachment-id=\"10461\" data-permalink=\"https:\/\/www.jungsi.de\/en\/mv-augusta-brutale-800-rr-bikes\/img_0213-klein\/\" data-orig-file=\"https:\/\/www.jungsi.de\/blog\/wp-content\/uploads\/2015\/04\/IMG_0213-klein.jpg\" data-orig-size=\"800,600\" data-comments-opened=\"1\" data-image-meta=\"{&quot;aperture&quot;:&quot;2.2&quot;,&quot;credit&quot;:&quot;&quot;,&quot;camera&quot;:&quot;iPhone 5s&quot;,&quot;caption&quot;:&quot;&quot;,&quot;created_timestamp&quot;:&quot;1426769449&quot;,&quot;copyright&quot;:&quot;&quot;,&quot;focal_length&quot;:&quot;4.15&quot;,&quot;iso&quot;:&quot;32&quot;,&quot;shutter_speed&quot;:&quot;0.00036496350364964&quot;,&quot;title&quot;:&quot;&quot;,&quot;orientation&quot;:&quot;1&quot;}\" data-image-title=\"MV Augusta Brutale 800 RR\" data-image-description=\"&lt;p&gt;MV Augusta Brutale 800 RR&lt;\/p&gt;\" data-image-caption=\"&lt;p&gt;MV Augusta Brutale 800 RR&lt;\/p&gt;\" data-large-file=\"https:\/\/www.jungsi.de\/blog\/wp-content\/uploads\/2015\/04\/IMG_0213-klein.jpg\" src=\"https:\/\/www.jungsi.de\/blog\/wp-content\/uploads\/2015\/04\/IMG_0213-klein.jpg\" alt=\"MV Augusta Brutale 800 RR\" class=\"wp-image-10461\" srcset=\"https:\/\/www.jungsi.de\/blog\/wp-content\/uploads\/2015\/04\/IMG_0213-klein.jpg 800w, https:\/\/www.jungsi.de\/blog\/wp-content\/uploads\/2015\/04\/IMG_0213-klein-300x225.jpg 300w\" sizes=\"auto, (max-width: 800px) 100vw, 800px\" \/><figcaption class=\"wp-element-caption\">MV Augusta Brutale 800 RR<\/figcaption><\/figure>\n<\/div>\n\n\n<p>Dies ist das erste Motorrad, bei dem ich fast nichts ver\u00e4ndert habe \u2013 der hintere Nummernschildhalter wurde durch einen sch\u00f6neren ersetzt und die Blinker vorne sowie hinten wurden verkleinert. Mittlerweile habe ich neue Spiegel, die am Ende des Lenkers angebracht sind. Au\u00dferdem lie\u00df ich eine Halterung f\u00fcr mein bew\u00e4hrtes Garmin Navi anbringen und das zugeh\u00f6rige Stromkabel verlegen.<\/p>\n\n\n\n<p>In der Zwischenzeit bin ich mit der MV im Erzgebirge, an der belgischen Grenze und im malerischen K\u00e4rnten gefahren.<\/p>\n\n\n<div class=\"wp-block-image size-full wp-image-10463\">\n<figure class=\"aligncenter\"><img loading=\"lazy\" decoding=\"async\" width=\"800\" height=\"600\" data-attachment-id=\"10463\" data-permalink=\"https:\/\/www.jungsi.de\/en\/mv-augusta-brutale-800-rr-bikes\/img_0215-klein\/\" data-orig-file=\"https:\/\/www.jungsi.de\/blog\/wp-content\/uploads\/2015\/04\/IMG_0215-klein.jpg\" data-orig-size=\"800,600\" data-comments-opened=\"1\" data-image-meta=\"{&quot;aperture&quot;:&quot;0&quot;,&quot;credit&quot;:&quot;&quot;,&quot;camera&quot;:&quot;&quot;,&quot;caption&quot;:&quot;&quot;,&quot;created_timestamp&quot;:&quot;0&quot;,&quot;copyright&quot;:&quot;&quot;,&quot;focal_length&quot;:&quot;0&quot;,&quot;iso&quot;:&quot;0&quot;,&quot;shutter_speed&quot;:&quot;0&quot;,&quot;title&quot;:&quot;&quot;,&quot;orientation&quot;:&quot;0&quot;}\" data-image-title=\"MV Augusta Brutale 800 RR\" data-image-description=\"&lt;p&gt;MV Augusta Brutale 800 RR&lt;\/p&gt;\" data-image-caption=\"&lt;p&gt;MV Augusta Brutale 800 RR&lt;\/p&gt;\" data-large-file=\"https:\/\/www.jungsi.de\/blog\/wp-content\/uploads\/2015\/04\/IMG_0215-klein.jpg\" src=\"https:\/\/www.jungsi.de\/blog\/wp-content\/uploads\/2015\/04\/IMG_0215-klein.jpg\" alt=\"MV Augusta Brutale 800 RR\" class=\"wp-image-10463\" srcset=\"https:\/\/www.jungsi.de\/blog\/wp-content\/uploads\/2015\/04\/IMG_0215-klein.jpg 800w, https:\/\/www.jungsi.de\/blog\/wp-content\/uploads\/2015\/04\/IMG_0215-klein-300x225.jpg 300w\" sizes=\"auto, (max-width: 800px) 100vw, 800px\" \/><figcaption class=\"wp-element-caption\">MV Augusta Brutale 800 RR<\/figcaption><\/figure>\n<\/div>\n\n<div class=\"wp-block-image size-full wp-image-20137\">\n<figure class=\"aligncenter\"><img loading=\"lazy\" decoding=\"async\" width=\"800\" height=\"600\" data-attachment-id=\"20137\" data-permalink=\"https:\/\/www.jungsi.de\/en\/und-mehr\/bikes\/mv-augusta\/mv-spiegel-neu\/\" data-orig-file=\"https:\/\/www.jungsi.de\/blog\/wp-content\/uploads\/MV-Spiegel-neu.jpg\" data-orig-size=\"800,600\" data-comments-opened=\"1\" data-image-meta=\"{&quot;aperture&quot;:&quot;4&quot;,&quot;credit&quot;:&quot;&quot;,&quot;camera&quot;:&quot;Canon PowerShot SX260 HS&quot;,&quot;caption&quot;:&quot;&quot;,&quot;created_timestamp&quot;:&quot;1458314119&quot;,&quot;copyright&quot;:&quot;&quot;,&quot;focal_length&quot;:&quot;4.5&quot;,&quot;iso&quot;:&quot;200&quot;,&quot;shutter_speed&quot;:&quot;0.00625&quot;,&quot;title&quot;:&quot;&quot;,&quot;orientation&quot;:&quot;1&quot;}\" data-image-title=\"MV mit neuen Spiegeln\" data-image-description=\"&lt;p&gt;MV mit neuen Spiegeln&lt;\/p&gt;\" data-image-caption=\"&lt;p&gt;MV mit neuen Spiegeln&lt;\/p&gt;\" data-large-file=\"https:\/\/www.jungsi.de\/blog\/wp-content\/uploads\/MV-Spiegel-neu.jpg\" src=\"https:\/\/www.jungsi.de\/blog\/wp-content\/uploads\/MV-Spiegel-neu.jpg\" alt=\"MV mit neuen Spiegeln\" class=\"wp-image-20137\" srcset=\"https:\/\/www.jungsi.de\/blog\/wp-content\/uploads\/MV-Spiegel-neu.jpg 800w, https:\/\/www.jungsi.de\/blog\/wp-content\/uploads\/MV-Spiegel-neu-300x225.jpg 300w\" sizes=\"auto, (max-width: 800px) 100vw, 800px\" \/><figcaption class=\"wp-element-caption\">MV mit neuen Spiegeln<\/figcaption><\/figure>\n<\/div>","protected":false},"excerpt":{"rendered":"<p>MV Agusta Brutale 800RR M\u00e4rz 2015Nach zahlreichen herrlichen Kilometern auf meiner Aprilia Tuono war es Zeit f\u00fcr eine neue Entdeckung. Ganz unerwartet, wie es oft \u2026<\/p>","protected":false},"author":2,"featured_media":20137,"parent":8,"menu_order":6,"comment_status":"open","ping_status":"open","template":"","meta":{"_lmt_disableupdate":"","_lmt_disable":"","ngg_post_thumbnail":0,"jetpack_post_was_ever_published":false,"footnotes":"","_links_to":"","_links_to_target":""},"class_list":["post-9779","page","type-page","status-publish","has-post-thumbnail","hentry"],"jetpack_shortlink":"https:\/\/wp.me\/P4eXvk-2xJ","jetpack_sharing_enabled":true,"jetpack_likes_enabled":true,"jetpack-related-posts":[{"id":14402,"url":"https:\/\/www.jungsi.de\/en\/reisen\/eiffel-2016\/","url_meta":{"origin":9779,"position":0},"title":"Eiffel 2016","author":"Jungsi","date":"15. August 2016","format":false,"excerpt":"Eiffel 2016 Teilnehmer:Manu - Yamaha MT09Volker - Triumph Speed TripleJungsi - MV Augusta 800 Brutale RR Hotel: Wolffhotel Nettes Hotel mit gutem Essen - das Einzelzimmer ist etwas klein und dunkel gewesen (im Bad konnte man sich kaum umdrehen). Es gibt eine kleine Blockh\u00fctte auf dem Gel\u00e4nde mit K\u00fchlschrank, Selbstbedienung\u2026","rel":"","context":"Similar post","block_context":{"text":"Similar post","link":""},"img":{"alt_text":"","src":"https:\/\/i0.wp.com\/www.jungsi.de\/blog\/wp-content\/uploads\/eiffel_2016_48.jpg?resize=350%2C200&ssl=1","width":350,"height":200,"srcset":"https:\/\/i0.wp.com\/www.jungsi.de\/blog\/wp-content\/uploads\/eiffel_2016_48.jpg?resize=350%2C200&ssl=1 1x, https:\/\/i0.wp.com\/www.jungsi.de\/blog\/wp-content\/uploads\/eiffel_2016_48.jpg?resize=525%2C300&ssl=1 1.5x, https:\/\/i0.wp.com\/www.jungsi.de\/blog\/wp-content\/uploads\/eiffel_2016_48.jpg?resize=700%2C400&ssl=1 2x"},"classes":[]}],"_links":{"self":[{"href":"https:\/\/www.jungsi.de\/en\/wp-json\/wp\/v2\/pages\/9779","targetHints":{"allow":["GET"]}}],"collection":[{"href":"https:\/\/www.jungsi.de\/en\/wp-json\/wp\/v2\/pages"}],"about":[{"href":"https:\/\/www.jungsi.de\/en\/wp-json\/wp\/v2\/types\/page"}],"author":[{"embeddable":true,"href":"https:\/\/www.jungsi.de\/en\/wp-json\/wp\/v2\/users\/2"}],"replies":[{"embeddable":true,"href":"https:\/\/www.jungsi.de\/en\/wp-json\/wp\/v2\/comments?post=9779"}],"version-history":[{"count":0,"href":"https:\/\/www.jungsi.de\/en\/wp-json\/wp\/v2\/pages\/9779\/revisions"}],"up":[{"embeddable":true,"href":"https:\/\/www.jungsi.de\/en\/wp-json\/wp\/v2\/pages\/8"}],"wp:featuredmedia":[{"embeddable":true,"href":"https:\/\/www.jungsi.de\/en\/wp-json\/wp\/v2\/media\/20137"}],"wp:attachment":[{"href":"https:\/\/www.jungsi.de\/en\/wp-json\/wp\/v2\/media?parent=9779"}],"curies":[{"name":"wp","href":"https:\/\/api.w.org\/{rel}","templated":true}]}}