{"id":944,"date":"2011-12-29T16:34:21","date_gmt":"2011-12-29T15:34:21","guid":{"rendered":"http:\/\/www.jungsi.de\/?page_id=944"},"modified":"2026-03-08T12:09:19","modified_gmt":"2026-03-08T11:09:19","slug":"farah-und-gaspar","status":"publish","type":"page","link":"https:\/\/www.jungsi.de\/en\/katzen\/farah-und-gaspar\/","title":{"rendered":"Farah und Gaspar"},"content":{"rendered":"<h2 class=\"wp-block-heading has-text-align-center\">Farah und Gaspar<\/h2>\n\n\n\n<p><\/p>\n\n\n\n<p>Seit dem November 2011 habe ich zwei neue Gesellschafter. <strong>Farah<\/strong> (geb. Mai 2011) und <strong>Gaspar<\/strong> (geb. Juni 2010 &#8211; gest. November 2019).<\/p>\n\n\n\n<p>Ich war ohne Erwartungen in das <strong>Tierheim Benk<\/strong> nach <strong>Pfarrkirchen<\/strong> gefahren. Im Katzenhaus sind mir aber diese beiden sofort ins Auge gesprungen und ich habe sie noch am selben Tag nach Erledigung der Formalit\u00e4ten mit nach Hause genommen.<\/p>\n\n\n\n<p>Zurzeit d\u00fcrfen beide noch nicht au\u00dfer Haus, da <strong>Farah<\/strong> wegen ihres Alters noch nicht sterilisiert ist und beide an <strong>Chlamydien<\/strong> leiden. Im Moment werden beide noch mit Floxal behandelt. Bei <strong>Farah<\/strong> ist das Krankheitsbild schon abgeklungen \u2013 bei <strong>Gaspar<\/strong> ist es leider noch nicht erledigt. Allerdings hat <strong>Farah<\/strong> vermutlich die Zeit ihrer ersten Rolligkeit erreicht \u2013 daher wird sie gleich in der ersten Woche 2012 sterilisiert. Wenn das Krankheitsbild dann bei beiden endlich abgeklungen ist, d\u00fcrfen sie die ersten Streifz\u00fcge um das Haus unternehmen. \ud83d\ude09<\/p>\n\n\n\n<p>Update 2013<\/p>\n\n\n\n<p>Die beiden haben sich pr\u00e4chtig entwickelt und sind kerngesund! Gaspar wurde im Mai drei und Farah zwei Jahre alt. T\u00e4glich werde ich nach der Arbeit an der Garage abgeholt. Inzwischen haben Sie das ganze Haus in Besitz genommen und lieben es, im Garten zu sein. Wegen der Katzenklappe sind sie hier sehr flexibel und haben immer ein sicheres Pl\u00e4tzchen. W\u00e4hrend der hei\u00dfen Stunden des Tages lieben sie es, unter den schattigen Rhododendren zu d\u00f6sen.<\/p>\n\n\n\n<p>Beim Futter konnte ich sie bedauerlicherweise nicht dauerhaft von einer gesunden Ern\u00e4hrung \u00fcberzeugen. Inzwischen ist es eine Mischung aus Whiskas und hochwertigeren Produkten von Animonda und Grau. W\u00e4hrend Farah viel Trockenfutter frisst und dazu viel trinkt, st\u00fcrzt sich Gaspar lieber auf die doppelt so gro\u00dfe Portion Na\u00dffutter.<\/p>\n\n\n\n<p>Im August ist es wieder so weit f\u00fcr die Impfung \u2013 das wird f\u00fcr Gaspar wieder etwas stressig, da er leider auf keinen Tierarzt gut zu sprechen ist. Mit ein paar Streicheleinheiten und Ablenkung von meiner Seite wird aber auch das wieder klappen.<\/p>\n\n\n\n<p>Update 2015<\/p>\n\n\n\n<p>Inzwischen sind die beiden \u00fcber drei Jahre bei mir und freuen sich auf den Fr\u00fchlingsbeginn. Zum Gl\u00fcck sind sie gesund und munter. Gaspar bringt inzwischen 6,5 kg auf die Waage und ist zu einem richtigen R\u00e4uber geworden \u2013 vor ihm ist nichts sicher \u2013 ob Bisamratten, V\u00f6gel oder auch Kaninchen \u2013 er f\u00e4ngt alles. Ihm steht aber auch Farah in nichts nach \u2013 auch sie bringt mir regelm\u00e4\u00dfig Geschenke nach Hause und wiegt nun ca. 4 kg. &nbsp;Farah mag nach wie vor lieber Trockenfutter \u2013 langt aber auch ab und zu bei Na\u00dffutter richtig zu \u2013 zurzeit gibt es Nassfutter von Animonda und Sheba und Trockenfutter von Whiskas.<\/p>\n\n\n\n<p>Update 2019<\/p>\n\n\n\n<p>Bedauerlicherweise musste ich Gaspar im November 2019 nach kurzer, schwerer Krankheit gehen lassen. Der gro\u00dfe, starke Kater hatte keine Chance gegen die Tumore. Da ich Farah nicht ohne Gesellschaft lassen wollte, zog im Dezember dann Flocke ein. Dazu gibt es dann aber eine extra Seite.<\/p>\n\n\n\n<p>Update 2023<\/p>\n\n\n\n<p>Farah hat mich zu Weihnachten erschreckt &#8211; sie hatte pl\u00f6tzlich hohes Fieber. Somit musste ich sie am Heilig Abend zum Notdienst bringen. Zum Gl\u00fcck konnte sie gerettet werden &#8211; sie hing eine Nacht an einer Infusion, dann ging es ihr wieder besser<\/p>\n\n\n\n<p>Update 2025<\/p>\n\n\n\n<p>Farah ist inzwischen \u00fcber 14 Jahre alt. Ende November haben wir die Diagnose FIP bekommen und ich dachte schon dass sie mich verl\u00e4sst. Nach der Diagnose und der Beschaffung der entsprechenden Tabletten geht es ihr aktuell gut. Sie muss die Tabletten noch t\u00e4glich bis Ende Februar 2026 nehmen.<\/p>\n\n\nngg_shortcode_0_placeholder","protected":false},"excerpt":{"rendered":"<p>Farah und Gaspar Seit dem November 2011 habe ich zwei neue Gesellschafter. Farah (geb. Mai 2011) und Gaspar (geb. Juni 2010 &#8211; gest. November 2019). \u2026<\/p>","protected":false},"author":2,"featured_media":0,"parent":847,"menu_order":0,"comment_status":"open","ping_status":"open","template":"","meta":{"_lmt_disableupdate":"","_lmt_disable":"","ngg_post_thumbnail":0,"jetpack_post_was_ever_published":false,"footnotes":"","_links_to":"","_links_to_target":""},"class_list":["post-944","page","type-page","status-publish","hentry"],"jetpack_shortlink":"https:\/\/wp.me\/P4eXvk-fe","jetpack_sharing_enabled":true,"jetpack_likes_enabled":true,"jetpack-related-posts":[{"id":939,"url":"https:\/\/www.jungsi.de\/en\/katzen\/minki-%e2%80%a0-1997-2011\/","url_meta":{"origin":944,"position":0},"title":"Minki \u2020 (1997 &#8211; 2011)","author":"Jungsi","date":"29. December 2011","format":false,"excerpt":"Minki \u2020 (1997 - 2011) Minki hatte mich und meine Eltern 14 Jahre lang begleitet. Leider hat er mich im Oktober 2011 verlassen. Ich denke er hatte ein ganz gutes Leben! Er war vor allem ein gro\u00dfer J\u00e4ger - er hat - denke ich - in seiner Zeit alles erlegt,\u2026","rel":"","context":"With 2 comments","block_context":{"text":"With 2 comments","link":"https:\/\/www.jungsi.de\/en\/katzen\/minki-%e2%80%a0-1997-2011\/#comments"},"img":{"alt_text":"","src":"","width":0,"height":0},"classes":[]},{"id":20987,"url":"https:\/\/www.jungsi.de\/en\/heimcomputer\/acorn\/","url_meta":{"origin":944,"position":1},"title":"Acorn","author":"Jungsi","date":"26. August 2018","format":false,"excerpt":"Acorn Acorn Computers wurde 1978 in Cambridge, England, von Hermann Hauser und Chris Curry gegr\u00fcndet. Die beiden hatten zuvor bei Sinclair Research zusammengearbeitet und wollten einen eigenen Mikrocomputer entwickeln. Ihr erstes Produkt war der Acorn Microcomputer, der sp\u00e4ter in den Acorn System 1 umbenannt wurde. Acorn wurde schnell erfolgreich und\u2026","rel":"","context":"Similar post","block_context":{"text":"Similar post","link":""},"img":{"alt_text":"Acorn Electron","src":"https:\/\/i0.wp.com\/www.jungsi.de\/blog\/wp-content\/uploads\/Acorn-Electron-1.jpg?resize=350%2C200&ssl=1","width":350,"height":200,"srcset":"https:\/\/i0.wp.com\/www.jungsi.de\/blog\/wp-content\/uploads\/Acorn-Electron-1.jpg?resize=350%2C200&ssl=1 1x, https:\/\/i0.wp.com\/www.jungsi.de\/blog\/wp-content\/uploads\/Acorn-Electron-1.jpg?resize=525%2C300&ssl=1 1.5x, https:\/\/i0.wp.com\/www.jungsi.de\/blog\/wp-content\/uploads\/Acorn-Electron-1.jpg?resize=700%2C400&ssl=1 2x, https:\/\/i0.wp.com\/www.jungsi.de\/blog\/wp-content\/uploads\/Acorn-Electron-1.jpg?resize=1050%2C600&ssl=1 3x, https:\/\/i0.wp.com\/www.jungsi.de\/blog\/wp-content\/uploads\/Acorn-Electron-1.jpg?resize=1400%2C800&ssl=1 4x"},"classes":[]},{"id":216,"url":"https:\/\/www.jungsi.de\/en\/reisen\/tirol-2000\/","url_meta":{"origin":944,"position":2},"title":"Tirol 2000","author":"Jungsi","date":"5. December 2008","format":false,"excerpt":"Als Startpunkt und zentralen Aufentshaltsort hatte ich den Bikergasthof Post in Sautens (s\u00fcdlich von \u00d6tz) ausgew\u00e4hlt. Der Bikergasthof Post bietet Garagen f\u00fcr die Motorr\u00e4der, Platz zum Waschen und Schrauben. Ausserdem k\u00f6nnen die Sauna, der Fitne\u00dfraum und die Tischtennisplatte in Anspruch genommen werden. F\u00fcr die sonnigen Tage des Jahres ist ein\u2026","rel":"","context":"In &quot;Allgemein&quot;","block_context":{"text":"Allgemein","link":"https:\/\/www.jungsi.de\/en\/category\/allgemein\/"},"img":{"alt_text":"","src":"","width":0,"height":0},"classes":[]},{"id":308,"url":"https:\/\/www.jungsi.de\/en\/reisen\/schweiz-2003\/","url_meta":{"origin":944,"position":3},"title":"Schweiz 2003","author":"Jungsi","date":"22. December 2008","format":false,"excerpt":"Schweiz 2003 Nachdem ich im letzten Jahr die Schweiz allein erkundet hatte, war dieses Jahr wieder das \u00fcbliche Team unterwegs. So brachen wir (Gelati - ZX9-R, Volker - ZX9-R und ich) bei Kaiserwetter auf.Der Weg f\u00fchrte uns per Bundesstra\u00dfe (B12\/A94) und Autobahn \u00fcber M\u00fcnchen und Memmingen nach Bregenz am Bodensee.Dort\u2026","rel":"","context":"In &quot;Allgemein&quot;","block_context":{"text":"Allgemein","link":"https:\/\/www.jungsi.de\/en\/category\/allgemein\/"},"img":{"alt_text":"","src":"","width":0,"height":0},"classes":[]},{"id":42,"url":"https:\/\/www.jungsi.de\/en\/und-mehr\/bikes\/aprilia-tuono-factory\/","url_meta":{"origin":944,"position":4},"title":"Aprilia Tuono Factory","author":"Jungsi","date":"9. November 2008","format":false,"excerpt":"Aprilia Tuono Factory Ein neues Kapitel beginnt! Nach einem Jahrzehnt mit Kawasaki wage ich 2008 den Schritt zu neuen Ufern und wechsle die Marke. Da Kawasaki das Design der Z1000 in den letzten Jahren eher verschlechtert als verbessert hat und die versprochene Z1400 nicht erschienen ist, probiere ich eine andere\u2026","rel":"","context":"In &quot;Allgemein&quot;","block_context":{"text":"Allgemein","link":"https:\/\/www.jungsi.de\/en\/category\/allgemein\/"},"img":{"alt_text":"","src":"https:\/\/i0.wp.com\/www.jungsi.de\/blog\/wp-content\/uploads\/2008\/11\/cms_425_472.jpg?resize=350%2C200&ssl=1","width":350,"height":200},"classes":[]},{"id":9779,"url":"https:\/\/www.jungsi.de\/en\/und-mehr\/bikes\/mv-augusta\/","url_meta":{"origin":944,"position":5},"title":"MV Agusta Brutale 800RR","author":"Jungsi","date":"20. March 2015","format":false,"excerpt":"MV Agusta Brutale 800RR MV Augusta Brutale 800 RR M\u00e4rz 2015Nach zahlreichen herrlichen Kilometern auf meiner Aprilia Tuono war es Zeit f\u00fcr eine neue Entdeckung. Ganz unerwartet, wie es oft der Fall ist, begegnete ich auf der IMOT 2015 der MV Agusta Brutale 800RR. Es war sofortige Liebe auf den\u2026","rel":"","context":"With 1 comment","block_context":{"text":"With 1 comment","link":"https:\/\/www.jungsi.de\/en\/und-mehr\/bikes\/mv-augusta\/#comments"},"img":{"alt_text":"MV mit neuen Spiegeln","src":"https:\/\/i0.wp.com\/www.jungsi.de\/blog\/wp-content\/uploads\/MV-Spiegel-neu.jpg?resize=350%2C200&ssl=1","width":350,"height":200,"srcset":"https:\/\/i0.wp.com\/www.jungsi.de\/blog\/wp-content\/uploads\/MV-Spiegel-neu.jpg?resize=350%2C200&ssl=1 1x, https:\/\/i0.wp.com\/www.jungsi.de\/blog\/wp-content\/uploads\/MV-Spiegel-neu.jpg?resize=525%2C300&ssl=1 1.5x, https:\/\/i0.wp.com\/www.jungsi.de\/blog\/wp-content\/uploads\/MV-Spiegel-neu.jpg?resize=700%2C400&ssl=1 2x"},"classes":[]}],"_links":{"self":[{"href":"https:\/\/www.jungsi.de\/en\/wp-json\/wp\/v2\/pages\/944","targetHints":{"allow":["GET"]}}],"collection":[{"href":"https:\/\/www.jungsi.de\/en\/wp-json\/wp\/v2\/pages"}],"about":[{"href":"https:\/\/www.jungsi.de\/en\/wp-json\/wp\/v2\/types\/page"}],"author":[{"embeddable":true,"href":"https:\/\/www.jungsi.de\/en\/wp-json\/wp\/v2\/users\/2"}],"replies":[{"embeddable":true,"href":"https:\/\/www.jungsi.de\/en\/wp-json\/wp\/v2\/comments?post=944"}],"version-history":[{"count":0,"href":"https:\/\/www.jungsi.de\/en\/wp-json\/wp\/v2\/pages\/944\/revisions"}],"up":[{"embeddable":true,"href":"https:\/\/www.jungsi.de\/en\/wp-json\/wp\/v2\/pages\/847"}],"wp:attachment":[{"href":"https:\/\/www.jungsi.de\/en\/wp-json\/wp\/v2\/media?parent=944"}],"curies":[{"name":"wp","href":"https:\/\/api.w.org\/{rel}","templated":true}]}}