{"id":939,"date":"2011-12-29T15:53:23","date_gmt":"2011-12-29T14:53:23","guid":{"rendered":"http:\/\/www.jungsi.de\/?page_id=939"},"modified":"2024-08-01T10:21:51","modified_gmt":"2024-08-01T08:21:51","slug":"minki-%e2%80%a0-1997-2011","status":"publish","type":"page","link":"https:\/\/www.jungsi.de\/en\/katzen\/minki-%e2%80%a0-1997-2011\/","title":{"rendered":"Minki \u2020 (1997 &#8211; 2011)"},"content":{"rendered":"<p><\/p>\n\n\n\n<h2 class=\"wp-block-heading has-text-align-center\">Minki \u2020 (1997 &#8211; 2011)<\/h2>\n\n\n\n<p>Minki hatte mich und meine Eltern 14 Jahre lang begleitet. Leider hat er mich im Oktober 2011 verlassen. Ich denke er hatte ein ganz gutes Leben!<\/p>\n\n\n\n<p>Er war vor allem ein gro\u00dfer J\u00e4ger &#8211; er hat &#8211; denke ich &#8211; in seiner Zeit alles erlegt, was seiner Gr\u00f6\u00dfe entsprach und in unserer Gegend zu Hause was &#8211; er hatte&nbsp;nicht mal&nbsp;vor kleinen Hunden Respekt.<\/p>\n\n\n\n<p>Hier nun seine kleine Galerie:<\/p>\n\n\nngg_shortcode_0_placeholder","protected":false},"excerpt":{"rendered":"<p>Minki \u2020 (1997 &#8211; 2011) Minki hatte mich und meine Eltern 14 Jahre lang begleitet. Leider hat er mich im Oktober 2011 verlassen. Ich denke \u2026<\/p>","protected":false},"author":2,"featured_media":0,"parent":847,"menu_order":1,"comment_status":"open","ping_status":"open","template":"","meta":{"_lmt_disableupdate":"","_lmt_disable":"","ngg_post_thumbnail":0,"jetpack_post_was_ever_published":false,"footnotes":"","_links_to":"","_links_to_target":""},"class_list":["post-939","page","type-page","status-publish","hentry"],"jetpack_shortlink":"https:\/\/wp.me\/P4eXvk-f9","jetpack_sharing_enabled":true,"jetpack_likes_enabled":true,"jetpack-related-posts":[{"id":18076,"url":"https:\/\/www.jungsi.de\/en\/heimcomputer\/","url_meta":{"origin":939,"position":0},"title":"home computer","author":"Jungsi","date":"30. July 2017","format":false,"excerpt":"Meine Geschichte Meine Begeisterung f\u00fcr Computer begann in den fr\u00fchen 1980er Jahren. Als ich im P.M. Computerheft \u00fcber diese faszinierende neue Technologie las, erkannte ich sofort: Das ist die Zukunft. Ich bettelte so lange, bis meine Gro\u00dfmutter mir einen Sinclair ZX81 schenkte, damals der g\u00fcnstigste Homecomputer. Fasziniert sa\u00df ich vor\u2026","rel":"","context":"Similar post","block_context":{"text":"Similar post","link":""},"img":{"alt_text":"Acorn","src":"https:\/\/i0.wp.com\/www.jungsi.de\/blog\/wp-content\/uploads\/Acorn.jpg?resize=350%2C200&ssl=1","width":350,"height":200,"srcset":"https:\/\/i0.wp.com\/www.jungsi.de\/blog\/wp-content\/uploads\/Acorn.jpg?resize=350%2C200&ssl=1 1x, https:\/\/i0.wp.com\/www.jungsi.de\/blog\/wp-content\/uploads\/Acorn.jpg?resize=525%2C300&ssl=1 1.5x, https:\/\/i0.wp.com\/www.jungsi.de\/blog\/wp-content\/uploads\/Acorn.jpg?resize=700%2C400&ssl=1 2x, https:\/\/i0.wp.com\/www.jungsi.de\/blog\/wp-content\/uploads\/Acorn.jpg?resize=1050%2C600&ssl=1 3x, https:\/\/i0.wp.com\/www.jungsi.de\/blog\/wp-content\/uploads\/Acorn.jpg?resize=1400%2C800&ssl=1 4x"},"classes":[]},{"id":944,"url":"https:\/\/www.jungsi.de\/en\/katzen\/farah-und-gaspar\/","url_meta":{"origin":939,"position":1},"title":"Farah und Gaspar","author":"Jungsi","date":"29. December 2011","format":false,"excerpt":"Farah und Gaspar Seit dem November 2011 habe ich zwei neue Gesellschafter. Farah (geb. Mai 2011) und Gaspar (geb. Juni 2010 - gest. November 2019). Ich war ohne Erwartungen in das Tierheim Benk nach Pfarrkirchen gefahren. Im Katzenhaus sind mir aber diese beiden sofort ins Auge gesprungen und ich habe\u2026","rel":"","context":"With 2 comments","block_context":{"text":"With 2 comments","link":"https:\/\/www.jungsi.de\/en\/katzen\/farah-und-gaspar\/#comments"},"img":{"alt_text":"","src":"","width":0,"height":0},"classes":[]},{"id":23606,"url":"https:\/\/www.jungsi.de\/en\/heimcomputer\/sonstige-hersteller\/thomson\/","url_meta":{"origin":939,"position":2},"title":"Thomson","author":"Jungsi","date":"3. November 2019","format":false,"excerpt":"Thomson Thomson TO7-70 Thomson TO7-70 Der Thomson TO7-70 wurde 1984 von der franz\u00f6sischen Firma Thomson SA entwickelt und auf den Markt gebracht. Er war eine verbesserte Version des urspr\u00fcnglichen TO7, der 1982 eingef\u00fchrt wurde. Der TO7-70 geh\u00f6rte zur Produktlinie der Thomson-Heimcomputer, die in den 1980er Jahren besonders in Frankreich weit\u2026","rel":"","context":"Similar post","block_context":{"text":"Similar post","link":""},"img":{"alt_text":"","src":"https:\/\/i0.wp.com\/www.jungsi.de\/blog\/wp-content\/uploads\/SDDRIVE.jpg?resize=350%2C200&ssl=1","width":350,"height":200,"srcset":"https:\/\/i0.wp.com\/www.jungsi.de\/blog\/wp-content\/uploads\/SDDRIVE.jpg?resize=350%2C200&ssl=1 1x, https:\/\/i0.wp.com\/www.jungsi.de\/blog\/wp-content\/uploads\/SDDRIVE.jpg?resize=525%2C300&ssl=1 1.5x, https:\/\/i0.wp.com\/www.jungsi.de\/blog\/wp-content\/uploads\/SDDRIVE.jpg?resize=700%2C400&ssl=1 2x, https:\/\/i0.wp.com\/www.jungsi.de\/blog\/wp-content\/uploads\/SDDRIVE.jpg?resize=1050%2C600&ssl=1 3x, https:\/\/i0.wp.com\/www.jungsi.de\/blog\/wp-content\/uploads\/SDDRIVE.jpg?resize=1400%2C800&ssl=1 4x"},"classes":[]},{"id":27747,"url":"https:\/\/www.jungsi.de\/en\/heimcomputer\/atari-die-sammlung\/atari-falcon\/","url_meta":{"origin":939,"position":3},"title":"Atari Falcon","author":"Jungsi","date":"13. January 2023","format":false,"excerpt":"Atari Falcon Atari Falcon 030 Bis zu seiner Vorstellung und Ver\u00f6ffentlichung durch Atari war der Falcon030 ein gut geh\u00fctetes Geheimnis, das oft nur mit \u201eno comment\u201c kommentiert wurde. Die Produktion \u00fcbernahmen Drittanbieter, da Atari seine Produktionsanlagen bereits verkauft hatte. Sch\u00e4tzungen zufolge wurden bis Herbst 1993 etwa 14.000 Falcon-Computer verkauft, davon\u2026","rel":"","context":"Similar post","block_context":{"text":"Similar post","link":""},"img":{"alt_text":"","src":"https:\/\/i0.wp.com\/www.jungsi.de\/blog\/wp-content\/uploads\/Atari-Falcon030-schraeg-oben.jpg?resize=350%2C200&ssl=1","width":350,"height":200,"srcset":"https:\/\/i0.wp.com\/www.jungsi.de\/blog\/wp-content\/uploads\/Atari-Falcon030-schraeg-oben.jpg?resize=350%2C200&ssl=1 1x, https:\/\/i0.wp.com\/www.jungsi.de\/blog\/wp-content\/uploads\/Atari-Falcon030-schraeg-oben.jpg?resize=525%2C300&ssl=1 1.5x, https:\/\/i0.wp.com\/www.jungsi.de\/blog\/wp-content\/uploads\/Atari-Falcon030-schraeg-oben.jpg?resize=700%2C400&ssl=1 2x, https:\/\/i0.wp.com\/www.jungsi.de\/blog\/wp-content\/uploads\/Atari-Falcon030-schraeg-oben.jpg?resize=1050%2C600&ssl=1 3x, https:\/\/i0.wp.com\/www.jungsi.de\/blog\/wp-content\/uploads\/Atari-Falcon030-schraeg-oben.jpg?resize=1400%2C800&ssl=1 4x"},"classes":[]},{"id":11,"url":"https:\/\/www.jungsi.de\/en\/und-mehr\/bikes\/kawasaki-er-5\/","url_meta":{"origin":939,"position":4},"title":"Kawasaki ER-5","author":"Jungsi","date":"5. November 2008","format":false,"excerpt":"Kawasaki ER-5 Anfang 1998 hatte sich die finanzielle Lage endlich etwas erholt, und so konnte das erste eigene Motorrad angeschafft werden. Wie bei vielen anderen auch, war es eine neue Kawa ER-5 mit gedrosselten 34 PS. Nach den ersten Ausfahrten folgte bald die erste gr\u00f6\u00dfere Tour nach K\u00e4rnten (mit Sozia),\u2026","rel":"","context":"In &quot;Allgemein&quot;","block_context":{"text":"Allgemein","link":"https:\/\/www.jungsi.de\/en\/category\/allgemein\/"},"img":{"alt_text":"","src":"https:\/\/i0.wp.com\/www.jungsi.de\/blog\/wp-content\/uploads\/2008\/11\/er5twr6.jpg?resize=350%2C200&ssl=1","width":350,"height":200,"srcset":"https:\/\/i0.wp.com\/www.jungsi.de\/blog\/wp-content\/uploads\/2008\/11\/er5twr6.jpg?resize=350%2C200&ssl=1 1x, https:\/\/i0.wp.com\/www.jungsi.de\/blog\/wp-content\/uploads\/2008\/11\/er5twr6.jpg?resize=525%2C300&ssl=1 1.5x"},"classes":[]},{"id":12368,"url":"https:\/\/www.jungsi.de\/en\/spiele\/","url_meta":{"origin":939,"position":5},"title":"Spiele","author":"Jungsi","date":"14. November 2015","format":false,"excerpt":"Computer-Spiele Meine erste Ber\u00fchrung mit Spielen d\u00fcrfte ich zu Beginn der 1980er Jahre bei einem Mitsch\u00fcler gehabt haben. Soweit ich mich erinnern kann, haben wir bei ihm Pong gespielt. Meine ersten eigenen Spiele hatte ich f\u00fcr den Sinclair ZX81. Da dieser Rechner in meiner Gegend nicht so verbreitet war, musste\u2026","rel":"","context":"Similar post","block_context":{"text":"Similar post","link":""},"img":{"alt_text":"","src":"","width":0,"height":0},"classes":[]}],"_links":{"self":[{"href":"https:\/\/www.jungsi.de\/en\/wp-json\/wp\/v2\/pages\/939","targetHints":{"allow":["GET"]}}],"collection":[{"href":"https:\/\/www.jungsi.de\/en\/wp-json\/wp\/v2\/pages"}],"about":[{"href":"https:\/\/www.jungsi.de\/en\/wp-json\/wp\/v2\/types\/page"}],"author":[{"embeddable":true,"href":"https:\/\/www.jungsi.de\/en\/wp-json\/wp\/v2\/users\/2"}],"replies":[{"embeddable":true,"href":"https:\/\/www.jungsi.de\/en\/wp-json\/wp\/v2\/comments?post=939"}],"version-history":[{"count":0,"href":"https:\/\/www.jungsi.de\/en\/wp-json\/wp\/v2\/pages\/939\/revisions"}],"up":[{"embeddable":true,"href":"https:\/\/www.jungsi.de\/en\/wp-json\/wp\/v2\/pages\/847"}],"wp:attachment":[{"href":"https:\/\/www.jungsi.de\/en\/wp-json\/wp\/v2\/media?parent=939"}],"curies":[{"name":"wp","href":"https:\/\/api.w.org\/{rel}","templated":true}]}}