{"id":882,"date":"2011-10-02T18:01:25","date_gmt":"2011-10-02T17:01:25","guid":{"rendered":"http:\/\/www.jungsi.de\/?page_id=882"},"modified":"2011-10-02T18:01:39","modified_gmt":"2011-10-02T17:01:39","slug":"muhlviertel-bis-moldaustausee","status":"publish","type":"page","link":"https:\/\/www.jungsi.de\/en\/reisen\/tagestouren\/muhlviertel-bis-moldaustausee\/","title":{"rendered":"M\u00fchlviertel bis Moldaustausee"},"content":{"rendered":"<p>Diese Tour f\u00fchrte mich als erstes \u00fcber das \u00f6sterreichische Hinterland zur Donau. Die Donau habe ich bei der Europabr\u00fccke \u00fcberquert. Dann ging es weiter auf einsamen Nebenstra\u00dfen durchs M\u00fchlviertel bis zu einem kleinen Grenz\u00fcbergang bei Guglwald, der in die Tschechische Republik f\u00fchrt. Von dort ging es erst nach Osten bis zur Staumauer und dann immer weiter entlang des Stausees. In den letzten Jahren hat sich hier touristisch einiges entwickelt. So sind hier gen\u00fcgend Restaurants f\u00fcr eine Pause zu finden.<\/p>\n<p>An der anderen Spitze des Stausees bin ich nicht wie \u00fcblich der Route nach Passau gefolgt sondern auf der anderen Seite des Sees wieder zur\u00fcckgefahren und kam bei Ulrichsberg wieder nach \u00d6sterreich. \u00dcber Wegscheid und Kappel habe ich den Weg wieder nach Obernzell an die Donau gefunden.<\/p>\n<p>Der Heimweg lief dann \u00fcber Passau Richtung Vilshofen und das Niederbayerische H\u00fcgelland bis Pocking, weiter nach Rotthalm\u00fcnster. Eine nette Tour f\u00fcr den Sonntag. Wenn man nicht zu sp\u00e4t aufbricht, kann man auch noch im Biergarten zu Hackelberg in Passau ein P\u00e4uschen einlegen \ud83d\ude09<\/p>\n<p>Strecke: 345 km &#8211; Fahrzeit: 5,5 Stunden<\/p>\nngg_shortcode_0_placeholder","protected":false},"excerpt":{"rendered":"<p>Diese Tour f\u00fchrte mich als erstes \u00fcber das \u00f6sterreichische Hinterland zur Donau. Die Donau habe ich bei der Europabr\u00fccke \u00fcberquert. Dann ging es weiter auf \u2026<\/p>","protected":false},"author":2,"featured_media":0,"parent":861,"menu_order":0,"comment_status":"open","ping_status":"open","template":"","meta":{"_lmt_disableupdate":"","_lmt_disable":"","ngg_post_thumbnail":0,"jetpack_post_was_ever_published":false,"footnotes":"","_links_to":"","_links_to_target":""},"class_list":["post-882","page","type-page","status-publish","hentry"],"jetpack_shortlink":"https:\/\/wp.me\/P4eXvk-ee","jetpack_sharing_enabled":true,"jetpack_likes_enabled":true,"jetpack-related-posts":[{"id":268,"url":"https:\/\/www.jungsi.de\/en\/reisen\/schweiz-2002\/tour-1-lukmanierpass\/","url_meta":{"origin":882,"position":0},"title":"Tour 1: Lukmanierpass&#8230;","author":"Jungsi","date":"8. December 2008","format":false,"excerpt":"Lukmanierpass - San-Bernadino - Via Mala Streckenl\u00e4nge ca. 285 km Von Thusis nach Bonaduz (hier links abbiegen) und an der Rheinschlucht entlang nach Ilanz. \u00dcber Trun ging es weiter nach Disentis. Hier folgt man der Stra\u00dfe s\u00fcdlich zum Lukmanierpa\u00df. Die Fahrt geht weiter \u00fcber Olivone und Biasca nach Bellinzona -\u2026","rel":"","context":"In &quot;Allgemein&quot;","block_context":{"text":"Allgemein","link":"https:\/\/www.jungsi.de\/en\/category\/allgemein\/"},"img":{"alt_text":"","src":"","width":0,"height":0},"classes":[]},{"id":329,"url":"https:\/\/www.jungsi.de\/en\/reisen\/schweiz-2003\/tour-2-rhein-schlucht\/","url_meta":{"origin":882,"position":1},"title":"Tour 2: Rhein-Schlucht&#8230;","author":"Jungsi","date":"22. December 2008","format":false,"excerpt":"Rhein-Schlucht - Lukmanierpass - San Bernadino - Val di Lei Streckenl\u00e4nge ca. 285 km Thusis - Bonaduz - Versam - Ilanz - Disentis - Passo del Lucomagno - Olivone - Biasca - Bellinzona - Mesocco - Passo San Bernadino - Avers - Starlera - Val di Lei - Avers -\u2026","rel":"","context":"In &quot;Allgemein&quot;","block_context":{"text":"Allgemein","link":"https:\/\/www.jungsi.de\/en\/category\/allgemein\/"},"img":{"alt_text":"","src":"","width":0,"height":0},"classes":[]},{"id":220,"url":"https:\/\/www.jungsi.de\/en\/reisen\/tirol-2000\/tour-1-hahntennjoch-flexenpass\/","url_meta":{"origin":882,"position":2},"title":"Tour 1: Hahntennjoch &#8211; Flexenpass","author":"Jungsi","date":"5. December 2008","format":false,"excerpt":"Hahntennjoch - Flexenpass - Silvretta - Piller H\u00f6he Streckenl\u00e4nge ca. 350 km Die erste Tour f\u00fchrt von Sautens in Richtung Imst. In Imst folgt man der Beschilderung zum Fernpa\u00df\/Garmisch. An der Abzweigung zum Hahntennjoch folgt man dieser und gelangt so an den ersten Pa\u00df in einer H\u00f6he von 1903 m.\u2026","rel":"","context":"In &quot;Allgemein&quot;","block_context":{"text":"Allgemein","link":"https:\/\/www.jungsi.de\/en\/category\/allgemein\/"},"img":{"alt_text":"","src":"","width":0,"height":0},"classes":[]},{"id":280,"url":"https:\/\/www.jungsi.de\/en\/reisen\/schweiz-2002\/tour-4-taminsschlucht\/","url_meta":{"origin":882,"position":3},"title":"Tour 4: Taminsschlucht&#8230;","author":"Jungsi","date":"8. December 2008","format":false,"excerpt":"Taminsschlucht - Gigerwald\/W\u00e4gitalersee - Einsiedeln Streckenl\u00e4nge ca. 300 km Bei dieser Tour sollte man die Schenllstra\u00dfe\/Autobahn benutzen und diese nur zu den Abstechern verlassen. Mir machte an diesem Tag das Wetter einen Strich durch die Rechnung, so dass ich nicht den gesamten Umfang fahren konnte. Wieder von Thusis startend folgt\u2026","rel":"","context":"In &quot;Allgemein&quot;","block_context":{"text":"Allgemein","link":"https:\/\/www.jungsi.de\/en\/category\/allgemein\/"},"img":{"alt_text":"","src":"","width":0,"height":0},"classes":[]},{"id":365,"url":"https:\/\/www.jungsi.de\/en\/reisen\/sardinien-2005\/","url_meta":{"origin":882,"position":4},"title":"Sardinien 2005","author":"Jungsi","date":"22. December 2008","format":false,"excerpt":"Sardinien 2005 Dieses Mal werde ich den Tourenbericht etwas anders gestalten. Aufgrund der L\u00e4nge der Tour und den Eindr\u00fccken, werde ich die Bilder f\u00fcr sich sprechen lassen. Wir haben auch keine bestimmten Sehensw\u00fcrdigkeiten angesteuert bzw. hatten dazu auch gar keine Zeit :-) Nun aber zur Tour.Dabei waren:- Sandra (Z750)- Volker\u2026","rel":"","context":"In &quot;Allgemein&quot;","block_context":{"text":"Allgemein","link":"https:\/\/www.jungsi.de\/en\/category\/allgemein\/"},"img":{"alt_text":"","src":"","width":0,"height":0},"classes":[]},{"id":354,"url":"https:\/\/www.jungsi.de\/en\/reisen\/dolomiten-2004\/tour-3-pso-falzarego\/","url_meta":{"origin":882,"position":5},"title":"Tour 3: Pso. Falzarego&#8230;","author":"Jungsi","date":"22. December 2008","format":false,"excerpt":"Pso. Falzarego - Pso. Giau - Flla. Staulanza - Pso. Duran - Belluno - Forno di Zoldo - Pso. Cibiana - Pso. Falzarego - Pso. Valparola - Pso. Campolongo (ca. 250 km) Bei der dritten Tour haben wir den etwas s\u00fcdlicheren Gebieten einen Besuch abgestattet. Arabba haben wir in Richtung\u2026","rel":"","context":"In &quot;Allgemein&quot;","block_context":{"text":"Allgemein","link":"https:\/\/www.jungsi.de\/en\/category\/allgemein\/"},"img":{"alt_text":"","src":"","width":0,"height":0},"classes":[]}],"_links":{"self":[{"href":"https:\/\/www.jungsi.de\/en\/wp-json\/wp\/v2\/pages\/882","targetHints":{"allow":["GET"]}}],"collection":[{"href":"https:\/\/www.jungsi.de\/en\/wp-json\/wp\/v2\/pages"}],"about":[{"href":"https:\/\/www.jungsi.de\/en\/wp-json\/wp\/v2\/types\/page"}],"author":[{"embeddable":true,"href":"https:\/\/www.jungsi.de\/en\/wp-json\/wp\/v2\/users\/2"}],"replies":[{"embeddable":true,"href":"https:\/\/www.jungsi.de\/en\/wp-json\/wp\/v2\/comments?post=882"}],"version-history":[{"count":0,"href":"https:\/\/www.jungsi.de\/en\/wp-json\/wp\/v2\/pages\/882\/revisions"}],"up":[{"embeddable":true,"href":"https:\/\/www.jungsi.de\/en\/wp-json\/wp\/v2\/pages\/861"}],"wp:attachment":[{"href":"https:\/\/www.jungsi.de\/en\/wp-json\/wp\/v2\/media?parent=882"}],"curies":[{"name":"wp","href":"https:\/\/api.w.org\/{rel}","templated":true}]}}