{"id":861,"date":"2011-09-24T17:57:05","date_gmt":"2011-09-24T16:57:05","guid":{"rendered":"http:\/\/www.jungsi.de\/?page_id=861"},"modified":"2011-09-24T17:57:05","modified_gmt":"2011-09-24T16:57:05","slug":"tagestouren","status":"publish","type":"page","link":"https:\/\/www.jungsi.de\/en\/reisen\/tagestouren\/","title":{"rendered":"Tagestouren"},"content":{"rendered":"<p>Hier werde ich einige Touren rund um meine Heimat pr\u00e4sentieren. Start- und Zielpunkt ist immer Simbach am Inn. Die Touren sind so gestaltet, dass sie immer locker an einem Tag zu schaffen sind.<\/p>\n<p>Pausenvorschl\u00e4ge werde ich nicht erw\u00e4hnen, da wie selten gr\u00f6\u00dfere Pausen machen \ud83d\ude09<\/p>","protected":false},"excerpt":{"rendered":"<p>Hier werde ich einige Touren rund um meine Heimat pr\u00e4sentieren. Start- und Zielpunkt ist immer Simbach am Inn. Die Touren sind so gestaltet, dass sie \u2026<\/p>","protected":false},"author":2,"featured_media":0,"parent":45,"menu_order":0,"comment_status":"open","ping_status":"open","template":"","meta":{"_lmt_disableupdate":"","_lmt_disable":"","ngg_post_thumbnail":0,"jetpack_post_was_ever_published":false,"footnotes":"","_links_to":"","_links_to_target":""},"class_list":["post-861","page","type-page","status-publish","hentry"],"jetpack_shortlink":"https:\/\/wp.me\/P4eXvk-dT","jetpack_sharing_enabled":true,"jetpack_likes_enabled":true,"jetpack-related-posts":[{"id":352,"url":"https:\/\/www.jungsi.de\/en\/reisen\/dolomiten-2004\/tour-2-pso-pordoi\/","url_meta":{"origin":861,"position":0},"title":"Tour 2: Pso. Pordoi&#8230;","author":"Jungsi","date":"22. December 2008","format":false,"excerpt":"Pso. Pordoi - Karerpass - Bozen - Sarntal - Penserjoch - Jaufenpass - Meran - Bozen - Gr\u00f6dner Joch - Pso. Campolongo Bei wiederum trocknen Wetter beginnt der n\u00e4chste Tag. Direkt von Arabba aus beginnt der Einstieg in den Passo Pordoi mit seinen 31 Kehren. Danach ist mit Sicherheit jeder\u2026","rel":"","context":"In &quot;Allgemein&quot;","block_context":{"text":"Allgemein","link":"https:\/\/www.jungsi.de\/en\/category\/allgemein\/"},"img":{"alt_text":"","src":"","width":0,"height":0},"classes":[]},{"id":356,"url":"https:\/\/www.jungsi.de\/en\/reisen\/dolomiten-2004\/tour-4-pso-campolongo\/","url_meta":{"origin":861,"position":1},"title":"Tour 4: Pso. Campolongo&#8230;","author":"Jungsi","date":"22. December 2008","format":false,"excerpt":"Pso. Campolongo - W\u00fcrzjoch - L\u00fcsen - Plose - Sella Joch - Pso. Pordoi An diesem Tag nahmen wir eine Tour in Angriff, die etwas k\u00fcrzer war. Direkt aus der Garage starteten wir frisch gest\u00e4rkt zum Passo Campolongo (1.875 m). Auf dieser Strasse blieben wir bis St. Martin, wo es\u2026","rel":"","context":"In &quot;Allgemein&quot;","block_context":{"text":"Allgemein","link":"https:\/\/www.jungsi.de\/en\/category\/allgemein\/"},"img":{"alt_text":"","src":"","width":0,"height":0},"classes":[]},{"id":882,"url":"https:\/\/www.jungsi.de\/en\/reisen\/tagestouren\/muhlviertel-bis-moldaustausee\/","url_meta":{"origin":861,"position":2},"title":"M\u00fchlviertel bis Moldaustausee","author":"Jungsi","date":"2. October 2011","format":false,"excerpt":"Diese Tour f\u00fchrte mich als erstes \u00fcber das \u00f6sterreichische Hinterland zur Donau. Die Donau habe ich bei der Europabr\u00fccke \u00fcberquert. Dann ging es weiter auf einsamen Nebenstra\u00dfen durchs M\u00fchlviertel bis zu einem kleinen Grenz\u00fcbergang bei Guglwald, der in die Tschechische Republik f\u00fchrt. Von dort ging es erst nach Osten bis\u2026","rel":"","context":"With 1 comment","block_context":{"text":"With 1 comment","link":"https:\/\/www.jungsi.de\/en\/reisen\/tagestouren\/muhlviertel-bis-moldaustausee\/#comments"},"img":{"alt_text":"","src":"","width":0,"height":0},"classes":[]},{"id":175,"url":"https:\/\/www.jungsi.de\/en\/reisen\/kreta-1998\/tour-5-agia-galini\/","url_meta":{"origin":861,"position":3},"title":"Tour 5: Ag\u00eda Gal\u00edni","author":"Jungsi","date":"5. December 2008","format":false,"excerpt":"An diesem Tag haben wir uns die Erkundung der S\u00fcdk\u00fcste vorgenommen. Wir sind die gleiche Strecke wie in Tour 1 gefahren. Diese Mal lie\u00dfen wir aber G\u00f3rtis rechts liegen und fuhren \u00fcber Miros, Festos und Timbaki nach Ag. Galini. Wenn man die H\u00fcgel vor der S\u00fcdk\u00fcste hinter sich hat, merkt\u2026","rel":"","context":"In &quot;Allgemein&quot;","block_context":{"text":"Allgemein","link":"https:\/\/www.jungsi.de\/en\/category\/allgemein\/"},"img":{"alt_text":"","src":"","width":0,"height":0},"classes":[]},{"id":354,"url":"https:\/\/www.jungsi.de\/en\/reisen\/dolomiten-2004\/tour-3-pso-falzarego\/","url_meta":{"origin":861,"position":4},"title":"Tour 3: Pso. Falzarego&#8230;","author":"Jungsi","date":"22. December 2008","format":false,"excerpt":"Pso. Falzarego - Pso. Giau - Flla. Staulanza - Pso. Duran - Belluno - Forno di Zoldo - Pso. Cibiana - Pso. Falzarego - Pso. Valparola - Pso. Campolongo (ca. 250 km) Bei der dritten Tour haben wir den etwas s\u00fcdlicheren Gebieten einen Besuch abgestattet. Arabba haben wir in Richtung\u2026","rel":"","context":"In &quot;Allgemein&quot;","block_context":{"text":"Allgemein","link":"https:\/\/www.jungsi.de\/en\/category\/allgemein\/"},"img":{"alt_text":"","src":"","width":0,"height":0},"classes":[]},{"id":365,"url":"https:\/\/www.jungsi.de\/en\/reisen\/sardinien-2005\/","url_meta":{"origin":861,"position":5},"title":"Sardinien 2005","author":"Jungsi","date":"22. December 2008","format":false,"excerpt":"Sardinien 2005 Dieses Mal werde ich den Tourenbericht etwas anders gestalten. Aufgrund der L\u00e4nge der Tour und den Eindr\u00fccken, werde ich die Bilder f\u00fcr sich sprechen lassen. Wir haben auch keine bestimmten Sehensw\u00fcrdigkeiten angesteuert bzw. hatten dazu auch gar keine Zeit :-) Nun aber zur Tour.Dabei waren:- Sandra (Z750)- Volker\u2026","rel":"","context":"In &quot;Allgemein&quot;","block_context":{"text":"Allgemein","link":"https:\/\/www.jungsi.de\/en\/category\/allgemein\/"},"img":{"alt_text":"","src":"","width":0,"height":0},"classes":[]}],"_links":{"self":[{"href":"https:\/\/www.jungsi.de\/en\/wp-json\/wp\/v2\/pages\/861","targetHints":{"allow":["GET"]}}],"collection":[{"href":"https:\/\/www.jungsi.de\/en\/wp-json\/wp\/v2\/pages"}],"about":[{"href":"https:\/\/www.jungsi.de\/en\/wp-json\/wp\/v2\/types\/page"}],"author":[{"embeddable":true,"href":"https:\/\/www.jungsi.de\/en\/wp-json\/wp\/v2\/users\/2"}],"replies":[{"embeddable":true,"href":"https:\/\/www.jungsi.de\/en\/wp-json\/wp\/v2\/comments?post=861"}],"version-history":[{"count":0,"href":"https:\/\/www.jungsi.de\/en\/wp-json\/wp\/v2\/pages\/861\/revisions"}],"up":[{"embeddable":true,"href":"https:\/\/www.jungsi.de\/en\/wp-json\/wp\/v2\/pages\/45"}],"wp:attachment":[{"href":"https:\/\/www.jungsi.de\/en\/wp-json\/wp\/v2\/media?parent=861"}],"curies":[{"name":"wp","href":"https:\/\/api.w.org\/{rel}","templated":true}]}}