{"id":847,"date":"2011-08-15T18:09:16","date_gmt":"2011-08-15T17:09:16","guid":{"rendered":"http:\/\/www.jungsi.de\/?page_id=847"},"modified":"2011-12-29T16:02:31","modified_gmt":"2011-12-29T15:02:31","slug":"katzen","status":"publish","type":"page","link":"https:\/\/www.jungsi.de\/en\/katzen\/","title":{"rendered":"Katzen"},"content":{"rendered":"<p>Da meine Mitbewohner mit den 4 Beinen ein wichtiger Teil meines t\u00e4glichen Lebens ist, dachte ich mir ihnen hier eine eigene Seite zu widmen.<\/p>\n<p>Hier auch gleich noch ein paar Tips &amp; Tricks, die ich in den ganzen Jahren gelernt habe:<\/p>\n<p>1. Wassersch\u00fcssel getrennte vom Futter aufstellen<\/p>\n<p>2. am Besten mehrere Wassersch\u00fcsseln im Haus\/Wohnung verteilen und t\u00e4glich erneuern<\/p>\n<p>3. Gutes Nassfutter verwenden (kein Whiskas oder \u00e4hnliches &#8211; dies ist zwar billiger aber durch die ganzen Zus\u00e4tze nicht so gesund)<\/p>\n<p>4. Finger weg vom Trockenfutter (ausser evt. mal als &#8222;Leckerli&#8220; zwischendurch), da dies keinerlei N\u00e4hrwert hat<\/p>\n<p>5. Finger weg von Milch &#8211; Katzen entwickeln nach ihrem &#8222;Kindheitszeit&#8220; eine Laktoseintoleranz und k\u00f6nnen daher mit Durchfall und \u00e4hnlichem darauf reagieren<\/p>\n<p>6. Katzen freuen sich, wenn sie ab und zu etwas Frischfleisch erhalten &#8211; am Besten Rind- \/oder H\u00fchnerfleisch &#8211; kein Schweinefleisch (das kann Viren enthalten auf das Katzen nicht gut reagieren)<\/p>\n<p>&nbsp;<\/p>","protected":false},"excerpt":{"rendered":"<p>Da meine Mitbewohner mit den 4 Beinen ein wichtiger Teil meines t\u00e4glichen Lebens ist, dachte ich mir ihnen hier eine eigene Seite zu widmen. Hier \u2026<\/p>","protected":false},"author":2,"featured_media":0,"parent":0,"menu_order":0,"comment_status":"open","ping_status":"open","template":"","meta":{"_lmt_disableupdate":"","_lmt_disable":"","ngg_post_thumbnail":0,"jetpack_post_was_ever_published":false,"footnotes":"","_links_to":"","_links_to_target":""},"class_list":["post-847","page","type-page","status-publish","hentry"],"jetpack_shortlink":"https:\/\/wp.me\/P4eXvk-dF","jetpack_sharing_enabled":true,"jetpack_likes_enabled":true,"jetpack-related-posts":[{"id":944,"url":"https:\/\/www.jungsi.de\/en\/katzen\/farah-und-gaspar\/","url_meta":{"origin":847,"position":0},"title":"Farah und Gaspar","author":"Jungsi","date":"29. December 2011","format":false,"excerpt":"Farah und Gaspar Seit dem November 2011 habe ich zwei neue Gesellschafter. Farah (geb. Mai 2011) und Gaspar (geb. Juni 2010 - gest. November 2019). Ich war ohne Erwartungen in das Tierheim Benk nach Pfarrkirchen gefahren. Im Katzenhaus sind mir aber diese beiden sofort ins Auge gesprungen und ich habe\u2026","rel":"","context":"With 2 comments","block_context":{"text":"With 2 comments","link":"https:\/\/www.jungsi.de\/en\/katzen\/farah-und-gaspar\/#comments"},"img":{"alt_text":"","src":"","width":0,"height":0},"classes":[]},{"id":939,"url":"https:\/\/www.jungsi.de\/en\/katzen\/minki-%e2%80%a0-1997-2011\/","url_meta":{"origin":847,"position":1},"title":"Minki \u2020 (1997 &#8211; 2011)","author":"Jungsi","date":"29. December 2011","format":false,"excerpt":"Minki \u2020 (1997 - 2011) Minki hatte mich und meine Eltern 14 Jahre lang begleitet. Leider hat er mich im Oktober 2011 verlassen. Ich denke er hatte ein ganz gutes Leben! Er war vor allem ein gro\u00dfer J\u00e4ger - er hat - denke ich - in seiner Zeit alles erlegt,\u2026","rel":"","context":"With 2 comments","block_context":{"text":"With 2 comments","link":"https:\/\/www.jungsi.de\/en\/katzen\/minki-%e2%80%a0-1997-2011\/#comments"},"img":{"alt_text":"","src":"","width":0,"height":0},"classes":[]},{"id":27769,"url":"https:\/\/www.jungsi.de\/en\/heimcomputer\/msx-sony-hitbit-75-p\/philips-vg-8235\/","url_meta":{"origin":847,"position":2},"title":"Philips VG-8235","author":"Jungsi","date":"16. January 2023","format":false,"excerpt":"Philips VG-8235 Philips VG-8235 Dieser Computer ist Teil der MSX2-Serie. Im Vergleich zu den Vorg\u00e4ngermodellen der MSX1-Serie erweiterte der MSX-Standard neue BASIC-Befehle (BASIC wurde von Microsoft entwickelt) und hochaufl\u00f6sende Grafikmodi. Der Philips VG-8235 war einer der am besten ausgestatteten Computer: ein 3,5-Zoll-Diskettenlaufwerk (360 KB) und 128 KB Videospeicher (512 x\u2026","rel":"","context":"Similar post","block_context":{"text":"Similar post","link":""},"img":{"alt_text":"","src":"https:\/\/i0.wp.com\/www.jungsi.de\/blog\/wp-content\/uploads\/Game-Controller-MSX.jpg?resize=350%2C200&ssl=1","width":350,"height":200,"srcset":"https:\/\/i0.wp.com\/www.jungsi.de\/blog\/wp-content\/uploads\/Game-Controller-MSX.jpg?resize=350%2C200&ssl=1 1x, https:\/\/i0.wp.com\/www.jungsi.de\/blog\/wp-content\/uploads\/Game-Controller-MSX.jpg?resize=525%2C300&ssl=1 1.5x, https:\/\/i0.wp.com\/www.jungsi.de\/blog\/wp-content\/uploads\/Game-Controller-MSX.jpg?resize=700%2C400&ssl=1 2x, https:\/\/i0.wp.com\/www.jungsi.de\/blog\/wp-content\/uploads\/Game-Controller-MSX.jpg?resize=1050%2C600&ssl=1 3x, https:\/\/i0.wp.com\/www.jungsi.de\/blog\/wp-content\/uploads\/Game-Controller-MSX.jpg?resize=1400%2C800&ssl=1 4x"},"classes":[]},{"id":18216,"url":"https:\/\/www.jungsi.de\/en\/konsolen\/sonstige-konsolen\/interton-vc4000\/","url_meta":{"origin":847,"position":3},"title":"Interton VC4000","author":"Jungsi","date":"8. August 2017","format":false,"excerpt":"Interton VC4000 Interton VC4000 Das VC 4000 von Interton ist die einzige Spielkonsole, die in Westdeutschland \"entwickelt\" wurde, allerdings mit vielen Bauteilen aus dem Ausland. Interton, der Hersteller, hatte zuvor bereits Erfahrungen mit Pong-Konsolen gesammelt. Das VC 4000 kam 1978 auf den Markt und war deutlich g\u00fcnstiger als die amerikanische\u2026","rel":"","context":"Similar post","block_context":{"text":"Similar post","link":""},"img":{"alt_text":"Interton VC4000","src":"https:\/\/i0.wp.com\/www.jungsi.de\/blog\/wp-content\/uploads\/interton-vc4000.jpg?resize=350%2C200&ssl=1","width":350,"height":200,"srcset":"https:\/\/i0.wp.com\/www.jungsi.de\/blog\/wp-content\/uploads\/interton-vc4000.jpg?resize=350%2C200&ssl=1 1x, https:\/\/i0.wp.com\/www.jungsi.de\/blog\/wp-content\/uploads\/interton-vc4000.jpg?resize=525%2C300&ssl=1 1.5x, https:\/\/i0.wp.com\/www.jungsi.de\/blog\/wp-content\/uploads\/interton-vc4000.jpg?resize=700%2C400&ssl=1 2x"},"classes":[]},{"id":39952,"url":"https:\/\/www.jungsi.de\/en\/ueber-mich\/","url_meta":{"origin":847,"position":4},"title":"\u00dcber mich","author":"Jungsi","date":"6. March 2026","format":false,"excerpt":"\u00dcber mich Hallo, ich bin Gerhard oder eben auch \"Jungsi\" \u2013 und willkommen in meiner Ecke des Internets. Wie alles begann Meine Faszination f\u00fcr alte Computer und Konsolen begann eigentlich schon 2003. Damals fing ich an, gezielt Ger\u00e4te zu sammeln, die mich als Kind und Jugendlicher begleitet hatten \u2013 oder\u2026","rel":"","context":"Similar post","block_context":{"text":"Similar post","link":""},"img":{"alt_text":"","src":"","width":0,"height":0},"classes":[]},{"id":690,"url":"https:\/\/www.jungsi.de\/en\/reisen\/norwegen-2010\/tag-8-sogndal-nordfjordeid\/","url_meta":{"origin":847,"position":5},"title":"Tag 9: Sogndal &#8211; Nordfjordeid","author":"Jungsi","date":"24. July 2010","format":false,"excerpt":"Da wir an diesem Tag die lange Variante gefahren sind, hatten wir ca. 320 km zu bew\u00e4ltigen. Das Wetter war ok! Als erstes setzen wir mit der F\u00e4hre \u00fcber nach Solvorn um der \u00e4ltesten Stabkirche Norwegens einen Besuch abzustatten. Da dies die bisher kleinste F\u00e4hre war, hies es etwas rangieren\u2026","rel":"","context":"Similar post","block_context":{"text":"Similar post","link":""},"img":{"alt_text":"","src":"","width":0,"height":0},"classes":[]}],"_links":{"self":[{"href":"https:\/\/www.jungsi.de\/en\/wp-json\/wp\/v2\/pages\/847","targetHints":{"allow":["GET"]}}],"collection":[{"href":"https:\/\/www.jungsi.de\/en\/wp-json\/wp\/v2\/pages"}],"about":[{"href":"https:\/\/www.jungsi.de\/en\/wp-json\/wp\/v2\/types\/page"}],"author":[{"embeddable":true,"href":"https:\/\/www.jungsi.de\/en\/wp-json\/wp\/v2\/users\/2"}],"replies":[{"embeddable":true,"href":"https:\/\/www.jungsi.de\/en\/wp-json\/wp\/v2\/comments?post=847"}],"version-history":[{"count":0,"href":"https:\/\/www.jungsi.de\/en\/wp-json\/wp\/v2\/pages\/847\/revisions"}],"wp:attachment":[{"href":"https:\/\/www.jungsi.de\/en\/wp-json\/wp\/v2\/media?parent=847"}],"curies":[{"name":"wp","href":"https:\/\/api.w.org\/{rel}","templated":true}]}}