{"id":8,"date":"2008-11-05T11:05:34","date_gmt":"2008-11-05T10:05:34","guid":{"rendered":"http:\/\/www.jungsi.de\/blog\/?page_id=8"},"modified":"2017-07-30T12:12:31","modified_gmt":"2017-07-30T11:12:31","slug":"bikes","status":"publish","type":"page","link":"https:\/\/www.jungsi.de\/en\/und-mehr\/bikes\/","title":{"rendered":"Bikes"},"content":{"rendered":"<p><strong>Die Laufbahn<\/strong><\/p>\n<p style=\"text-align: justify;\">1997 nahmen die Dinge ihren Anfang und waren nicht mehr aufzuhalten. Nachdem ich mir derma\u00dfen oft anh\u00f6ren mu\u00dfte, wie es w\u00e4re wenn man einen Motorradf\u00fchrerschein und ein Motorrad h\u00e4tte, begann ich im Fr\u00fchjahr 1997 mit dem Schein. Nachdem diese H\u00fcrde (auf einer Kawa EL250) genommen war, war das Jahr schon fortgeschritten und der Geldbeutel um ca. 1.100 Euro erleichtert, so dass es nur noch dazu reichte hin und wieder ein Bike beim \u00f6rtlichen Kawa-H\u00e4ndler auszuleihen.<\/p>","protected":false},"excerpt":{"rendered":"<p>Die Laufbahn 1997 nahmen die Dinge ihren Anfang und waren nicht mehr aufzuhalten. Nachdem ich mir derma\u00dfen oft anh\u00f6ren mu\u00dfte, wie es w\u00e4re wenn man \u2026<\/p>","protected":false},"author":1,"featured_media":0,"parent":1378,"menu_order":0,"comment_status":"open","ping_status":"open","template":"","meta":{"_lmt_disableupdate":"","_lmt_disable":"","ngg_post_thumbnail":0,"jetpack_post_was_ever_published":false,"footnotes":"","_links_to":"","_links_to_target":""},"class_list":["post-8","page","type-page","status-publish","hentry"],"jetpack_shortlink":"https:\/\/wp.me\/P4eXvk-8","jetpack_sharing_enabled":true,"jetpack_likes_enabled":true,"jetpack-related-posts":[{"id":40,"url":"https:\/\/www.jungsi.de\/en\/und-mehr\/bikes\/kawasaki-z1000\/","url_meta":{"origin":8,"position":0},"title":"Kawasaki Z1000","author":"Jungsi","date":"6. November 2008","format":false,"excerpt":"Kawasaki Z1000 Nach der Urlaubstour 2005 habe ich mich spontan entschlossen, zu meinen Wurzeln (Naked Bike) zur\u00fcckzukehren.Hintergrund waren unter anderem das hohe Gewicht und die \u201eUnhandlichkeit\u201c der ZZR.Da mir die Z1000 schon bei ihrem Erscheinen gefallen hat und ich nach einer Probefahrt vom Handling und dem Sound begeistert war, fiel\u2026","rel":"","context":"In &quot;Allgemein&quot;","block_context":{"text":"Allgemein","link":"https:\/\/www.jungsi.de\/en\/category\/allgemein\/"},"img":{"alt_text":"","src":"","width":0,"height":0},"classes":[]},{"id":35,"url":"https:\/\/www.jungsi.de\/en\/und-mehr\/bikes\/kawasaki-zrx-1200\/","url_meta":{"origin":8,"position":1},"title":"Kawasaki ZRX 1200","author":"Jungsi","date":"5. November 2008","format":false,"excerpt":"Kawasaki ZRX 1200 2001 stand dann wieder eine Entscheidung an. Enweder mit der ZR-7 weiterfahren oder doch nochmal umsteigen. Nachdem man mit der ZR-7 immer dem Fahrtwind voll ausgesetzt ist, stand ich vor der Frage endlich etwas mit Verkleidung zu fahren. Supersportler sollte es aber keiner sein. Zuviel Plastik ist\u2026","rel":"","context":"In &quot;Allgemein&quot;","block_context":{"text":"Allgemein","link":"https:\/\/www.jungsi.de\/en\/category\/allgemein\/"},"img":{"alt_text":"","src":"https:\/\/i0.wp.com\/www.jungsi.de\/blog\/wp-content\/uploads\/2008\/11\/zrx12s6blu.jpg?resize=350%2C200&ssl=1","width":350,"height":200,"srcset":"https:\/\/i0.wp.com\/www.jungsi.de\/blog\/wp-content\/uploads\/2008\/11\/zrx12s6blu.jpg?resize=350%2C200&ssl=1 1x, https:\/\/i0.wp.com\/www.jungsi.de\/blog\/wp-content\/uploads\/2008\/11\/zrx12s6blu.jpg?resize=525%2C300&ssl=1 1.5x"},"classes":[]},{"id":11,"url":"https:\/\/www.jungsi.de\/en\/und-mehr\/bikes\/kawasaki-er-5\/","url_meta":{"origin":8,"position":2},"title":"Kawasaki ER-5","author":"Jungsi","date":"5. November 2008","format":false,"excerpt":"Kawasaki ER-5 Anfang 1998 hatte sich die finanzielle Lage endlich etwas erholt, und so konnte das erste eigene Motorrad angeschafft werden. Wie bei vielen anderen auch, war es eine neue Kawa ER-5 mit gedrosselten 34 PS. Nach den ersten Ausfahrten folgte bald die erste gr\u00f6\u00dfere Tour nach K\u00e4rnten (mit Sozia),\u2026","rel":"","context":"In &quot;Allgemein&quot;","block_context":{"text":"Allgemein","link":"https:\/\/www.jungsi.de\/en\/category\/allgemein\/"},"img":{"alt_text":"","src":"https:\/\/i0.wp.com\/www.jungsi.de\/blog\/wp-content\/uploads\/2008\/11\/er5twr6.jpg?resize=350%2C200&ssl=1","width":350,"height":200,"srcset":"https:\/\/i0.wp.com\/www.jungsi.de\/blog\/wp-content\/uploads\/2008\/11\/er5twr6.jpg?resize=350%2C200&ssl=1 1x, https:\/\/i0.wp.com\/www.jungsi.de\/blog\/wp-content\/uploads\/2008\/11\/er5twr6.jpg?resize=525%2C300&ssl=1 1.5x"},"classes":[]},{"id":37,"url":"https:\/\/www.jungsi.de\/en\/und-mehr\/bikes\/kawasaki-zzr-1200\/","url_meta":{"origin":8,"position":3},"title":"Kawasaki ZZR 1200","author":"Jungsi","date":"6. November 2008","format":false,"excerpt":"Kawasaki ZZR 1200 Im April 2002 war es endlich so weit: Die ZZR-1200 wurde beim H\u00e4ndler angeliefert. Nach den ersten Kilometern kehrte ich aufgrund einer stark vibrierenden Verkleidungsscheibe zur Werkstatt zur\u00fcck. Beim zweiten Besuch l\u00f6ste der Mechaniker das Problem dank seines Improvisationstalents.Zur Leistung der Maschine l\u00e4sst sich nur sagen: Wow.\u2026","rel":"","context":"In &quot;Allgemein&quot;","block_context":{"text":"Allgemein","link":"https:\/\/www.jungsi.de\/en\/category\/allgemein\/"},"img":{"alt_text":"","src":"https:\/\/i0.wp.com\/www.jungsi.de\/blog\/wp-content\/uploads\/2008\/11\/zzr126blu.jpg?resize=350%2C200&ssl=1","width":350,"height":200,"srcset":"https:\/\/i0.wp.com\/www.jungsi.de\/blog\/wp-content\/uploads\/2008\/11\/zzr126blu.jpg?resize=350%2C200&ssl=1 1x, https:\/\/i0.wp.com\/www.jungsi.de\/blog\/wp-content\/uploads\/2008\/11\/zzr126blu.jpg?resize=525%2C300&ssl=1 1.5x"},"classes":[]},{"id":25,"url":"https:\/\/www.jungsi.de\/en\/und-mehr\/bikes\/kawasaki-zr-7\/","url_meta":{"origin":8,"position":4},"title":"Kawasaki ZR-7","author":"Jungsi","date":"5. November 2008","format":false,"excerpt":"Kawasaki ZR-7 1999 markierte das Jahr des Wandels. Der F\u00fchrerschein war bereits zwei Jahre alt, und das Motorrad begann, zu schw\u00e4cheln. Was tun, fragte Zeus? Richtig! Ein neues Moped kaufen. Gesagt, getan. Das alte Moped wurde eingetauscht, ein neues erstanden. Die ZR-7, die im Fr\u00fchjahr 1999 mit 78 PS neu\u2026","rel":"","context":"In &quot;Allgemein&quot;","block_context":{"text":"Allgemein","link":"https:\/\/www.jungsi.de\/en\/category\/allgemein\/"},"img":{"alt_text":"","src":"https:\/\/i0.wp.com\/www.jungsi.de\/blog\/wp-content\/uploads\/2008\/11\/zr7r6.jpg?resize=350%2C200&ssl=1","width":350,"height":200},"classes":[]},{"id":939,"url":"https:\/\/www.jungsi.de\/en\/katzen\/minki-%e2%80%a0-1997-2011\/","url_meta":{"origin":8,"position":5},"title":"Minki \u2020 (1997 &#8211; 2011)","author":"Jungsi","date":"29. December 2011","format":false,"excerpt":"Minki \u2020 (1997 - 2011) Minki hatte mich und meine Eltern 14 Jahre lang begleitet. Leider hat er mich im Oktober 2011 verlassen. Ich denke er hatte ein ganz gutes Leben! Er war vor allem ein gro\u00dfer J\u00e4ger - er hat - denke ich - in seiner Zeit alles erlegt,\u2026","rel":"","context":"With 2 comments","block_context":{"text":"With 2 comments","link":"https:\/\/www.jungsi.de\/en\/katzen\/minki-%e2%80%a0-1997-2011\/#comments"},"img":{"alt_text":"","src":"","width":0,"height":0},"classes":[]}],"_links":{"self":[{"href":"https:\/\/www.jungsi.de\/en\/wp-json\/wp\/v2\/pages\/8","targetHints":{"allow":["GET"]}}],"collection":[{"href":"https:\/\/www.jungsi.de\/en\/wp-json\/wp\/v2\/pages"}],"about":[{"href":"https:\/\/www.jungsi.de\/en\/wp-json\/wp\/v2\/types\/page"}],"author":[{"embeddable":true,"href":"https:\/\/www.jungsi.de\/en\/wp-json\/wp\/v2\/users\/1"}],"replies":[{"embeddable":true,"href":"https:\/\/www.jungsi.de\/en\/wp-json\/wp\/v2\/comments?post=8"}],"version-history":[{"count":0,"href":"https:\/\/www.jungsi.de\/en\/wp-json\/wp\/v2\/pages\/8\/revisions"}],"up":[{"embeddable":true,"href":"https:\/\/www.jungsi.de\/en\/wp-json\/wp\/v2\/pages\/1378"}],"wp:attachment":[{"href":"https:\/\/www.jungsi.de\/en\/wp-json\/wp\/v2\/media?parent=8"}],"curies":[{"name":"wp","href":"https:\/\/api.w.org\/{rel}","templated":true}]}}