{"id":7403,"date":"2014-10-11T15:25:34","date_gmt":"2014-10-11T13:25:34","guid":{"rendered":"http:\/\/www.jungsi.de\/?page_id=7403"},"modified":"2024-08-27T20:23:49","modified_gmt":"2024-08-27T18:23:49","slug":"commodore","status":"publish","type":"page","link":"https:\/\/www.jungsi.de\/en\/heimcomputer\/commodore\/","title":{"rendered":"Commodore"},"content":{"rendered":"<p><\/p>\n\n\n\n<h2 class=\"wp-block-heading has-text-align-center\">Commodore<\/h2>\n\n\n\n<p>Commodore Business Machines (CBM) wurde 1954 von Jack Tramiel in Toronto, Kanada, urspr\u00fcnglich als Reparaturwerkstatt f\u00fcr Schreibmaschinen gegr\u00fcndet. Tramiel, ein Holocaust-\u00dcberlebender, hatte die Vision, erschwingliche Produkte f\u00fcr den Massenmarkt anzubieten. In den 1960er Jahren stieg Commodore in den Bereich der elektronischen Taschenrechner ein und erwarb 1976 MOS Technology, einen Hersteller von Mikroprozessoren. Mit dieser \u00dcbernahme legte Commodore den Grundstein f\u00fcr den Einstieg in den Markt der Heimcomputer. Der erste erfolgreiche Computer war der Commodore PET, gefolgt von den legend\u00e4ren Modellen VIC-20 und Commodore 64, die in den 1980er Jahren zu den meistverkauften Heimcomputern der Welt wurden.<\/p>\n\n\n\n<ul class=\"wp-block-list\">\n<li><a href=\"https:\/\/www.jungsi.de\/en\/heimcomputer\/commodore\/commodore-264\/\" data-type=\"page\" data-id=\"28502\" target=\"_blank\" rel=\"noreferrer noopener\">Commodore 264er Reihe<\/a> <ul><li><a href=\"https:\/\/www.jungsi.de\/en\/heimcomputer\/commodore\/commodore-264\/#commodore-c116\" data-type=\"page\" data-id=\"28502\" target=\"_blank\" rel=\"noreferrer noopener\">Commodore C116<\/a>   <\/li><li><a href=\"https:\/\/www.jungsi.de\/en\/heimcomputer\/commodore\/commodore-264\/#commodore-c16\" data-type=\"page\" data-id=\"28502\" target=\"_blank\" rel=\"noreferrer noopener\">Commodore C16<\/a>   <\/li><li><a href=\"https:\/\/www.jungsi.de\/en\/heimcomputer\/commodore\/commodore-264\/#commodore-plus4\" data-type=\"page\" data-id=\"28502\" target=\"_blank\" rel=\"noreferrer noopener\">Commodore plus\/4<\/a><\/li><\/ul><\/li>\n\n\n\n<li><a href=\"https:\/\/www.jungsi.de\/en\/heimcomputer\/commodore\/commodore-amiga\/\" data-type=\"page\" data-id=\"28496\" target=\"_blank\" rel=\"noreferrer noopener\">Commodore Amiga<\/a>\n<ul class=\"wp-block-list\">\n<li><a href=\"https:\/\/www.jungsi.de\/en\/heimcomputer\/commodore\/commodore-amiga\/#commodoreamiga500\" target=\"_blank\" rel=\"noreferrer noopener\">Commodore Amiga 500<\/a><\/li>\n\n\n\n<li><a href=\"https:\/\/www.jungsi.de\/en\/heimcomputer\/commodore\/commodore-amiga\/#commodoreamiga600\" target=\"_blank\" rel=\"noreferrer noopener\">Commodore Amiga 600<\/a><\/li>\n\n\n\n<li><a href=\"https:\/\/www.jungsi.de\/en\/heimcomputer\/commodore\/commodore-amiga\/#commodoreamiga1200\" target=\"_blank\" rel=\"noreferrer noopener\">Commodore Amiga 1200<\/a><\/li>\n<\/ul>\n<\/li>\n\n\n\n<li><a href=\"https:\/\/www.jungsi.de\/en\/heimcomputer\/commodore\/commodore-c64\/\" data-type=\"page\" data-id=\"28498\" target=\"_blank\" rel=\"noreferrer noopener\">Commodore C64\/C128<\/a>\n<ul class=\"wp-block-list\">\n<li><a href=\"https:\/\/www.jungsi.de\/en\/heimcomputer\/commodore\/commodore-c64\/#commodorec64\" target=\"_blank\" rel=\"noreferrer noopener\">Commodore C64<\/a><\/li>\n\n\n\n<li><a href=\"https:\/\/www.jungsi.de\/en\/heimcomputer\/commodore\/commodore-c64\/#commodorec128\" target=\"_blank\" rel=\"noreferrer noopener\">Commodore C128<\/a><\/li>\n<\/ul>\n<\/li>\n\n\n\n<li><a href=\"https:\/\/www.jungsi.de\/en\/heimcomputer\/commodore\/commodore-vc20\/\" data-type=\"page\" data-id=\"28500\" target=\"_blank\" rel=\"noreferrer noopener\">Commodore VC20<\/a><\/li>\n<\/ul>\n\n\n\n<p class=\"has-text-align-center\"><\/p>","protected":false},"excerpt":{"rendered":"<p>Commodore Commodore Business Machines (CBM) wurde 1954 von Jack Tramiel in Toronto, Kanada, urspr\u00fcnglich als Reparaturwerkstatt f\u00fcr Schreibmaschinen gegr\u00fcndet. Tramiel, ein Holocaust-\u00dcberlebender, hatte die Vision, \u2026<\/p>","protected":false},"author":2,"featured_media":12363,"parent":18076,"menu_order":0,"comment_status":"open","ping_status":"closed","template":"","meta":{"_lmt_disableupdate":"","_lmt_disable":"","ngg_post_thumbnail":0,"jetpack_post_was_ever_published":false,"footnotes":"","_links_to":"","_links_to_target":""},"class_list":["post-7403","page","type-page","status-publish","has-post-thumbnail","hentry"],"jetpack_shortlink":"https:\/\/wp.me\/P4eXvk-1Vp","jetpack_sharing_enabled":true,"jetpack_likes_enabled":true,"jetpack-related-posts":[{"id":28502,"url":"https:\/\/www.jungsi.de\/en\/heimcomputer\/commodore\/commodore-264\/","url_meta":{"origin":7403,"position":0},"title":"Commodore 264","author":"Jungsi","date":"17. January 2023","format":false,"excerpt":"Commodore 264 Commodore C116 Commodore 116 Im Jahr 1984 brachte Commodore eine neue Serie von Heimcomputern auf den Markt: die 264-Serie. Der C16 war als Ersatz f\u00fcr den VC-20 gedacht, w\u00e4hrend der Plus\/4 mit umfangreichem Speicher und integrierter Anwendungssoftware auf professionelle Nutzer abzielte.Jack Tramiel strebte danach, einen Wettbewerber zum preiswerten\u2026","rel":"","context":"Similar post","block_context":{"text":"Similar post","link":""},"img":{"alt_text":"Joystick Commodore 264-Reihe","src":"https:\/\/i0.wp.com\/www.jungsi.de\/blog\/wp-content\/uploads\/Joystick-Commodore-264-Reihe-2.jpg?resize=350%2C200&ssl=1","width":350,"height":200,"srcset":"https:\/\/i0.wp.com\/www.jungsi.de\/blog\/wp-content\/uploads\/Joystick-Commodore-264-Reihe-2.jpg?resize=350%2C200&ssl=1 1x, https:\/\/i0.wp.com\/www.jungsi.de\/blog\/wp-content\/uploads\/Joystick-Commodore-264-Reihe-2.jpg?resize=525%2C300&ssl=1 1.5x, https:\/\/i0.wp.com\/www.jungsi.de\/blog\/wp-content\/uploads\/Joystick-Commodore-264-Reihe-2.jpg?resize=700%2C400&ssl=1 2x, https:\/\/i0.wp.com\/www.jungsi.de\/blog\/wp-content\/uploads\/Joystick-Commodore-264-Reihe-2.jpg?resize=1050%2C600&ssl=1 3x, https:\/\/i0.wp.com\/www.jungsi.de\/blog\/wp-content\/uploads\/Joystick-Commodore-264-Reihe-2.jpg?resize=1400%2C800&ssl=1 4x"},"classes":[]},{"id":28500,"url":"https:\/\/www.jungsi.de\/en\/heimcomputer\/commodore\/commodore-vc20\/","url_meta":{"origin":7403,"position":1},"title":"Commodore VC20","author":"Jungsi","date":"17. January 2023","format":false,"excerpt":"Commodore VC20 Commodore VC 20 Drei Jahre (1981) nach der Einf\u00fchrung des PET erkannte Commodore, dass ihr Computer zu kostspielig war, um weit verbreitet zu sein. Der VIC-20, konzipiert als Heimcomputer, war preiswert (und wurde sp\u00e4ter durch den Einsatz von weniger, jedoch spezialisierten Chips noch g\u00fcnstiger) und gen\u00fcgte f\u00fcr den\u2026","rel":"","context":"Similar post","block_context":{"text":"Similar post","link":""},"img":{"alt_text":"Commodore VC 20","src":"https:\/\/i0.wp.com\/www.jungsi.de\/blog\/wp-content\/uploads\/VC20_1.jpg?resize=350%2C200&ssl=1","width":350,"height":200,"srcset":"https:\/\/i0.wp.com\/www.jungsi.de\/blog\/wp-content\/uploads\/VC20_1.jpg?resize=350%2C200&ssl=1 1x, https:\/\/i0.wp.com\/www.jungsi.de\/blog\/wp-content\/uploads\/VC20_1.jpg?resize=525%2C300&ssl=1 1.5x, https:\/\/i0.wp.com\/www.jungsi.de\/blog\/wp-content\/uploads\/VC20_1.jpg?resize=700%2C400&ssl=1 2x, https:\/\/i0.wp.com\/www.jungsi.de\/blog\/wp-content\/uploads\/VC20_1.jpg?resize=1050%2C600&ssl=1 3x, https:\/\/i0.wp.com\/www.jungsi.de\/blog\/wp-content\/uploads\/VC20_1.jpg?resize=1400%2C800&ssl=1 4x"},"classes":[]},{"id":28496,"url":"https:\/\/www.jungsi.de\/en\/heimcomputer\/commodore\/commodore-amiga\/","url_meta":{"origin":7403,"position":2},"title":"Commodore Amiga","author":"Jungsi","date":"17. January 2023","format":false,"excerpt":"Commodore Amiga Commodore Amiga 500 In Deutschland war dieser 16-Bit-Heimcomputer in den fr\u00fchen 90er Jahren sehr beliebt. Er verf\u00fcgt \u00fcber eine ansprechende, mausgesteuerte grafische Benutzeroberfl\u00e4che (GUI) mit einem Befehlszeilenprozessor und unterst\u00fctzt komplexe Multimedia-Operationen. Im Vergleich zum C64 bietet er eine leistungsst\u00e4rkere CPU, besseren Sound und erweiterte Grafikfunktionen. Der neue Motorola\u2026","rel":"","context":"Similar post","block_context":{"text":"Similar post","link":""},"img":{"alt_text":"A500-IDE","src":"https:\/\/i0.wp.com\/www.jungsi.de\/blog\/wp-content\/uploads\/A500-IDE.jpg?resize=350%2C200&ssl=1","width":350,"height":200,"srcset":"https:\/\/i0.wp.com\/www.jungsi.de\/blog\/wp-content\/uploads\/A500-IDE.jpg?resize=350%2C200&ssl=1 1x, https:\/\/i0.wp.com\/www.jungsi.de\/blog\/wp-content\/uploads\/A500-IDE.jpg?resize=525%2C300&ssl=1 1.5x, https:\/\/i0.wp.com\/www.jungsi.de\/blog\/wp-content\/uploads\/A500-IDE.jpg?resize=700%2C400&ssl=1 2x"},"classes":[]},{"id":28498,"url":"https:\/\/www.jungsi.de\/en\/heimcomputer\/commodore\/commodore-c64\/","url_meta":{"origin":7403,"position":3},"title":"Commodore C64\/C128","author":"Jungsi","date":"17. January 2023","format":false,"excerpt":"Commodore C64\/C128 Commodore 64 Der popul\u00e4rste 8-Bit-Mikrocomputer f\u00fcr den Heimgebrauch in Deutschland war der Commodore 64. Eine Vielzahl an Software wurde f\u00fcr ihn entwickelt und auch raubkopiert. Er stellte einen guten Kompromiss zwischen Vielseitigkeit und Preis dar, was zu \u00fcber einer Million Anwendungen und Spielen f\u00fchrte. Seine Sound- und Grafikf\u00e4higkeiten\u2026","rel":"","context":"Similar post","block_context":{"text":"Similar post","link":""},"img":{"alt_text":"Power Cartridge","src":"https:\/\/i0.wp.com\/www.jungsi.de\/blog\/wp-content\/uploads\/Power-Cartridge-Oberseite.jpg?resize=350%2C200&ssl=1","width":350,"height":200,"srcset":"https:\/\/i0.wp.com\/www.jungsi.de\/blog\/wp-content\/uploads\/Power-Cartridge-Oberseite.jpg?resize=350%2C200&ssl=1 1x, https:\/\/i0.wp.com\/www.jungsi.de\/blog\/wp-content\/uploads\/Power-Cartridge-Oberseite.jpg?resize=525%2C300&ssl=1 1.5x, https:\/\/i0.wp.com\/www.jungsi.de\/blog\/wp-content\/uploads\/Power-Cartridge-Oberseite.jpg?resize=700%2C400&ssl=1 2x, https:\/\/i0.wp.com\/www.jungsi.de\/blog\/wp-content\/uploads\/Power-Cartridge-Oberseite.jpg?resize=1050%2C600&ssl=1 3x, https:\/\/i0.wp.com\/www.jungsi.de\/blog\/wp-content\/uploads\/Power-Cartridge-Oberseite.jpg?resize=1400%2C800&ssl=1 4x"},"classes":[]},{"id":23546,"url":"https:\/\/www.jungsi.de\/en\/konsolen\/atari-konsolen\/atari-7800\/","url_meta":{"origin":7403,"position":4},"title":"Atari 7800","author":"Jungsi","date":"3. November 2019","format":false,"excerpt":"Atari 7800 Atari 7800 Die Geschichte dieser Konsole ist lang, denn ihre Entwicklung begann bereits im Herbst 1982, als das Atari VCS 2600 noch verkauft wurde. Nach dem wenig erfolgreichen Atari 5200, das m\u00f6glicherweise an der fehlenden Kompatibilit\u00e4t mit dem VCS litt, wurde das Atari 7800 im Mai 1984 auf\u2026","rel":"","context":"Similar post","block_context":{"text":"Similar post","link":""},"img":{"alt_text":"","src":"https:\/\/i0.wp.com\/www.jungsi.de\/blog\/wp-content\/uploads\/Atari-7800-seitlich.jpg?resize=350%2C200&ssl=1","width":350,"height":200,"srcset":"https:\/\/i0.wp.com\/www.jungsi.de\/blog\/wp-content\/uploads\/Atari-7800-seitlich.jpg?resize=350%2C200&ssl=1 1x, https:\/\/i0.wp.com\/www.jungsi.de\/blog\/wp-content\/uploads\/Atari-7800-seitlich.jpg?resize=525%2C300&ssl=1 1.5x, https:\/\/i0.wp.com\/www.jungsi.de\/blog\/wp-content\/uploads\/Atari-7800-seitlich.jpg?resize=700%2C400&ssl=1 2x, https:\/\/i0.wp.com\/www.jungsi.de\/blog\/wp-content\/uploads\/Atari-7800-seitlich.jpg?resize=1050%2C600&ssl=1 3x, https:\/\/i0.wp.com\/www.jungsi.de\/blog\/wp-content\/uploads\/Atari-7800-seitlich.jpg?resize=1400%2C800&ssl=1 4x"},"classes":[]},{"id":18076,"url":"https:\/\/www.jungsi.de\/en\/heimcomputer\/","url_meta":{"origin":7403,"position":5},"title":"home computer","author":"Jungsi","date":"30. July 2017","format":false,"excerpt":"Meine Geschichte Meine Begeisterung f\u00fcr Computer begann in den fr\u00fchen 1980er Jahren. Als ich im P.M. Computerheft \u00fcber diese faszinierende neue Technologie las, erkannte ich sofort: Das ist die Zukunft. Ich bettelte so lange, bis meine Gro\u00dfmutter mir einen Sinclair ZX81 schenkte, damals der g\u00fcnstigste Homecomputer. Fasziniert sa\u00df ich vor\u2026","rel":"","context":"Similar post","block_context":{"text":"Similar post","link":""},"img":{"alt_text":"Acorn","src":"https:\/\/i0.wp.com\/www.jungsi.de\/blog\/wp-content\/uploads\/Acorn.jpg?resize=350%2C200&ssl=1","width":350,"height":200,"srcset":"https:\/\/i0.wp.com\/www.jungsi.de\/blog\/wp-content\/uploads\/Acorn.jpg?resize=350%2C200&ssl=1 1x, https:\/\/i0.wp.com\/www.jungsi.de\/blog\/wp-content\/uploads\/Acorn.jpg?resize=525%2C300&ssl=1 1.5x, https:\/\/i0.wp.com\/www.jungsi.de\/blog\/wp-content\/uploads\/Acorn.jpg?resize=700%2C400&ssl=1 2x, https:\/\/i0.wp.com\/www.jungsi.de\/blog\/wp-content\/uploads\/Acorn.jpg?resize=1050%2C600&ssl=1 3x, https:\/\/i0.wp.com\/www.jungsi.de\/blog\/wp-content\/uploads\/Acorn.jpg?resize=1400%2C800&ssl=1 4x"},"classes":[]}],"_links":{"self":[{"href":"https:\/\/www.jungsi.de\/en\/wp-json\/wp\/v2\/pages\/7403","targetHints":{"allow":["GET"]}}],"collection":[{"href":"https:\/\/www.jungsi.de\/en\/wp-json\/wp\/v2\/pages"}],"about":[{"href":"https:\/\/www.jungsi.de\/en\/wp-json\/wp\/v2\/types\/page"}],"author":[{"embeddable":true,"href":"https:\/\/www.jungsi.de\/en\/wp-json\/wp\/v2\/users\/2"}],"replies":[{"embeddable":true,"href":"https:\/\/www.jungsi.de\/en\/wp-json\/wp\/v2\/comments?post=7403"}],"version-history":[{"count":0,"href":"https:\/\/www.jungsi.de\/en\/wp-json\/wp\/v2\/pages\/7403\/revisions"}],"up":[{"embeddable":true,"href":"https:\/\/www.jungsi.de\/en\/wp-json\/wp\/v2\/pages\/18076"}],"wp:featuredmedia":[{"embeddable":true,"href":"https:\/\/www.jungsi.de\/en\/wp-json\/wp\/v2\/media\/12363"}],"wp:attachment":[{"href":"https:\/\/www.jungsi.de\/en\/wp-json\/wp\/v2\/media?parent=7403"}],"curies":[{"name":"wp","href":"https:\/\/api.w.org\/{rel}","templated":true}]}}