{"id":703,"date":"2010-07-24T16:45:17","date_gmt":"2010-07-24T14:45:17","guid":{"rendered":"http:\/\/www.jungsi.de\/?page_id=703"},"modified":"2023-01-13T15:07:45","modified_gmt":"2023-01-13T14:07:45","slug":"tag-12-flam-rauland","status":"publish","type":"page","link":"https:\/\/www.jungsi.de\/en\/reisen\/norwegen-2010\/tag-12-flam-rauland\/","title":{"rendered":"Tag 12: Flam &#8211; Rauland"},"content":{"rendered":"ngg_shortcode_0_placeholder","protected":false},"excerpt":{"rendered":"","protected":false},"author":2,"featured_media":0,"parent":21707,"menu_order":10,"comment_status":"open","ping_status":"closed","template":"","meta":{"_lmt_disableupdate":"","_lmt_disable":"","ngg_post_thumbnail":0,"jetpack_post_was_ever_published":false,"footnotes":"","_links_to":"","_links_to_target":""},"class_list":["post-703","page","type-page","status-publish","hentry"],"jetpack_shortlink":"https:\/\/wp.me\/P4eXvk-bl","jetpack_sharing_enabled":true,"jetpack_likes_enabled":true,"jetpack-related-posts":[{"id":705,"url":"https:\/\/www.jungsi.de\/en\/reisen\/norwegen-2010\/tag-13-flam-oslo\/","url_meta":{"origin":703,"position":0},"title":"Tag 13: Flam &#8211; Oslo","author":"Jungsi","date":"24. July 2010","format":false,"excerpt":"Da wir gegen Mittag in Oslo sein sollten, machten wir uns so bald wie m\u00f6glich auf den Weg dorthin. Bedingt durch das Wetter (Niselregen) und die erlaubte H\u00f6chstegeschwindigkeit von 80 km\/h gar nicht so einfach die 250 km p\u00fcnktlich zu schaffen ;-) Leider war uns der Wettergott an diesem Tag\u2026","rel":"","context":"Similar post","block_context":{"text":"Similar post","link":""},"img":{"alt_text":"","src":"","width":0,"height":0},"classes":[]},{"id":30592,"url":"https:\/\/www.jungsi.de\/en\/die-sammlung\/literatur\/texas-instruments\/","url_meta":{"origin":703,"position":1},"title":"Texas Instruments","author":"Jungsi","date":"24. September 2023","format":false,"excerpt":"Texas Instruments Literatur Texas Instrument PC-100 A - Anleitung Texas Instrument PC-100 C - Anleitung TI-58_58C_59 Individuelles programmieren - Anleitung TI-58_59 Individuelles programmieren - Anleitung","rel":"","context":"Similar post","block_context":{"text":"Similar post","link":""},"img":{"alt_text":"TI99\/4A Programme","src":"https:\/\/i0.wp.com\/www.jungsi.de\/blog\/wp-content\/uploads\/TI-99-4A-Chip-Programme.jpg?resize=350%2C200&ssl=1","width":350,"height":200,"srcset":"https:\/\/i0.wp.com\/www.jungsi.de\/blog\/wp-content\/uploads\/TI-99-4A-Chip-Programme.jpg?resize=350%2C200&ssl=1 1x, https:\/\/i0.wp.com\/www.jungsi.de\/blog\/wp-content\/uploads\/TI-99-4A-Chip-Programme.jpg?resize=525%2C300&ssl=1 1.5x, https:\/\/i0.wp.com\/www.jungsi.de\/blog\/wp-content\/uploads\/TI-99-4A-Chip-Programme.jpg?resize=700%2C400&ssl=1 2x, https:\/\/i0.wp.com\/www.jungsi.de\/blog\/wp-content\/uploads\/TI-99-4A-Chip-Programme.jpg?resize=1050%2C600&ssl=1 3x"},"classes":[]},{"id":27869,"url":"https:\/\/www.jungsi.de\/en\/die-sammlung\/literatur\/commodore\/64er\/","url_meta":{"origin":703,"position":2},"title":"64er","author":"Jungsi","date":"14. January 2023","format":false,"excerpt":"64er - Commodore 64 64\u2019er \u2013 Das Magazin f\u00fcr Computer-Fans war das gro\u00dfe deutschsprachige C64\/128-Magazin aus dem Markt-&-Technik-Verlag: gestartet zur Hannover Messe 04\/1984, mit Kursreihen f\u00fcr Einsteiger\/Fortgeschrittene, seitenlangen Type-ins (inkl. Pr\u00fcfsummen-Tools), Tipps\/Tricks sowie thematischen Sonderheften (ab Nr. 46 teils mit Diskette). Als eigenst\u00e4ndiges Heft endete die Reihe mit 12\/1996; Abonnenten\u2026","rel":"","context":"Similar post","block_context":{"text":"Similar post","link":""},"img":{"alt_text":"64er - 87_11","src":"https:\/\/i0.wp.com\/www.jungsi.de\/blog\/wp-content\/uploads\/64er-87_11.jpg?resize=350%2C200&ssl=1","width":350,"height":200,"srcset":"https:\/\/i0.wp.com\/www.jungsi.de\/blog\/wp-content\/uploads\/64er-87_11.jpg?resize=350%2C200&ssl=1 1x, https:\/\/i0.wp.com\/www.jungsi.de\/blog\/wp-content\/uploads\/64er-87_11.jpg?resize=525%2C300&ssl=1 1.5x, https:\/\/i0.wp.com\/www.jungsi.de\/blog\/wp-content\/uploads\/64er-87_11.jpg?resize=700%2C400&ssl=1 2x, https:\/\/i0.wp.com\/www.jungsi.de\/blog\/wp-content\/uploads\/64er-87_11.jpg?resize=1050%2C600&ssl=1 3x"},"classes":[]},{"id":28336,"url":"https:\/\/www.jungsi.de\/en\/die-sammlung\/literatur\/retro\/","url_meta":{"origin":703,"position":3},"title":"Retro","author":"Jungsi","date":"16. January 2023","format":false,"excerpt":"Retro RETRO (Deutschland) ist ein deutschsprachiges Videospiel-\/Computerkultur-Magazin, das Ende 2006 im CSW-Verlag startete (teils quartalsweise, mit Schwerpunktthemen und Retro-Hardware\/-Spiele-Geschichten; zeitweise mit Heft-CD). Inhaltlich versteht sich RETRO als Magazin zur Kultur- und Technikgeschichte digitaler Medien. 2023\/24 wechselte die Marke laut Community-Hinweisen von CSW zum Dienstleister Print Medien Dienst (PMD); CSW bietet\u2026","rel":"","context":"Similar post","block_context":{"text":"Similar post","link":""},"img":{"alt_text":"Retro #25","src":"https:\/\/i0.wp.com\/www.jungsi.de\/blog\/wp-content\/uploads\/Retro-25.jpg?resize=350%2C200&ssl=1","width":350,"height":200,"srcset":"https:\/\/i0.wp.com\/www.jungsi.de\/blog\/wp-content\/uploads\/Retro-25.jpg?resize=350%2C200&ssl=1 1x, https:\/\/i0.wp.com\/www.jungsi.de\/blog\/wp-content\/uploads\/Retro-25.jpg?resize=525%2C300&ssl=1 1.5x, https:\/\/i0.wp.com\/www.jungsi.de\/blog\/wp-content\/uploads\/Retro-25.jpg?resize=700%2C400&ssl=1 2x, https:\/\/i0.wp.com\/www.jungsi.de\/blog\/wp-content\/uploads\/Retro-25.jpg?resize=1050%2C600&ssl=1 3x"},"classes":[]},{"id":211,"url":"https:\/\/www.jungsi.de\/en\/reisen\/gardasee-2000\/tour-5-aqualand\/","url_meta":{"origin":703,"position":4},"title":"Tour 5: Aqualand","author":"Jungsi","date":"5. December 2008","format":false,"excerpt":"Aqualand Streckenl\u00e4nge ca. 100 km Tour kann man hierzu nicht sagen. Denn wir umfuhren wie in Tour 1 nur die S\u00fcdspitze um uns einen sch\u00f6nen Tag im Aqualand in Garda zu machen. F\u00fcr alle die etwas Spass, Wasser und Action wollen sehr empfehlenswert. Man denke nur an die Stukker-Rutsche. Nicht\u2026","rel":"","context":"In &quot;Allgemein&quot;","block_context":{"text":"Allgemein","link":"https:\/\/www.jungsi.de\/en\/category\/allgemein\/"},"img":{"alt_text":"","src":"","width":0,"height":0},"classes":[]},{"id":28339,"url":"https:\/\/www.jungsi.de\/en\/die-sammlung\/literatur\/sonstige\/computer-kurs\/","url_meta":{"origin":703,"position":5},"title":"Computer Kurs","author":"Jungsi","date":"16. January 2023","format":false,"excerpt":"computer kurs computer kurs (Schreibweise variierte) war ein w\u00f6chentliches \u201ePartwork\u201c-Sammelwerk der fr\u00fchen\/mittleren 1980er: die deutschsprachige Adaption von Orbis\u2019 The Home Computer Course (1983\/84) und des Nachfolgers The Home Computer Advanced Course (1984\/85). Die Hefte wurden in Sammelordnern abgelegt und vermittelten Grundlagen der Heim- und Personalcomputer, Programmierkurse (BASIC\/Maschinensprache), Hardware-Erkl\u00e4rungen und Anwendungsbeispiele\u2026","rel":"","context":"Similar post","block_context":{"text":"Similar post","link":""},"img":{"alt_text":"Computer Kurs 01","src":"https:\/\/i0.wp.com\/www.jungsi.de\/blog\/wp-content\/uploads\/Computer-Kurs-01.jpg?resize=350%2C200&ssl=1","width":350,"height":200,"srcset":"https:\/\/i0.wp.com\/www.jungsi.de\/blog\/wp-content\/uploads\/Computer-Kurs-01.jpg?resize=350%2C200&ssl=1 1x, https:\/\/i0.wp.com\/www.jungsi.de\/blog\/wp-content\/uploads\/Computer-Kurs-01.jpg?resize=525%2C300&ssl=1 1.5x, https:\/\/i0.wp.com\/www.jungsi.de\/blog\/wp-content\/uploads\/Computer-Kurs-01.jpg?resize=700%2C400&ssl=1 2x, https:\/\/i0.wp.com\/www.jungsi.de\/blog\/wp-content\/uploads\/Computer-Kurs-01.jpg?resize=1050%2C600&ssl=1 3x"},"classes":[]}],"_links":{"self":[{"href":"https:\/\/www.jungsi.de\/en\/wp-json\/wp\/v2\/pages\/703","targetHints":{"allow":["GET"]}}],"collection":[{"href":"https:\/\/www.jungsi.de\/en\/wp-json\/wp\/v2\/pages"}],"about":[{"href":"https:\/\/www.jungsi.de\/en\/wp-json\/wp\/v2\/types\/page"}],"author":[{"embeddable":true,"href":"https:\/\/www.jungsi.de\/en\/wp-json\/wp\/v2\/users\/2"}],"replies":[{"embeddable":true,"href":"https:\/\/www.jungsi.de\/en\/wp-json\/wp\/v2\/comments?post=703"}],"version-history":[{"count":0,"href":"https:\/\/www.jungsi.de\/en\/wp-json\/wp\/v2\/pages\/703\/revisions"}],"up":[{"embeddable":true,"href":"https:\/\/www.jungsi.de\/en\/wp-json\/wp\/v2\/pages\/21707"}],"wp:attachment":[{"href":"https:\/\/www.jungsi.de\/en\/wp-json\/wp\/v2\/media?parent=703"}],"curies":[{"name":"wp","href":"https:\/\/api.w.org\/{rel}","templated":true}]}}