{"id":700,"date":"2010-07-24T16:42:44","date_gmt":"2010-07-24T14:42:44","guid":{"rendered":"http:\/\/www.jungsi.de\/?page_id=700"},"modified":"2023-01-13T15:07:22","modified_gmt":"2023-01-13T14:07:22","slug":"tag-11-nordfjordeid-flam","status":"publish","type":"page","link":"https:\/\/www.jungsi.de\/en\/reisen\/norwegen-2010\/tag-11-nordfjordeid-flam\/","title":{"rendered":"Tag 11: Nordfjordeid &#8211; Flam"},"content":{"rendered":"ngg_shortcode_0_placeholder","protected":false},"excerpt":{"rendered":"","protected":false},"author":2,"featured_media":0,"parent":21707,"menu_order":9,"comment_status":"open","ping_status":"closed","template":"","meta":{"_lmt_disableupdate":"","_lmt_disable":"","ngg_post_thumbnail":0,"jetpack_post_was_ever_published":false,"footnotes":"","_links_to":"","_links_to_target":""},"class_list":["post-700","page","type-page","status-publish","hentry"],"jetpack_shortlink":"https:\/\/wp.me\/P4eXvk-bi","jetpack_sharing_enabled":true,"jetpack_likes_enabled":true,"jetpack-related-posts":[{"id":705,"url":"https:\/\/www.jungsi.de\/en\/reisen\/norwegen-2010\/tag-13-flam-oslo\/","url_meta":{"origin":700,"position":0},"title":"Tag 13: Flam &#8211; Oslo","author":"Jungsi","date":"24. July 2010","format":false,"excerpt":"Da wir gegen Mittag in Oslo sein sollten, machten wir uns so bald wie m\u00f6glich auf den Weg dorthin. Bedingt durch das Wetter (Niselregen) und die erlaubte H\u00f6chstegeschwindigkeit von 80 km\/h gar nicht so einfach die 250 km p\u00fcnktlich zu schaffen ;-) Leider war uns der Wettergott an diesem Tag\u2026","rel":"","context":"Similar post","block_context":{"text":"Similar post","link":""},"img":{"alt_text":"","src":"","width":0,"height":0},"classes":[]},{"id":690,"url":"https:\/\/www.jungsi.de\/en\/reisen\/norwegen-2010\/tag-8-sogndal-nordfjordeid\/","url_meta":{"origin":700,"position":1},"title":"Tag 9: Sogndal &#8211; Nordfjordeid","author":"Jungsi","date":"24. July 2010","format":false,"excerpt":"Da wir an diesem Tag die lange Variante gefahren sind, hatten wir ca. 320 km zu bew\u00e4ltigen. Das Wetter war ok! Als erstes setzen wir mit der F\u00e4hre \u00fcber nach Solvorn um der \u00e4ltesten Stabkirche Norwegens einen Besuch abzustatten. Da dies die bisher kleinste F\u00e4hre war, hies es etwas rangieren\u2026","rel":"","context":"Similar post","block_context":{"text":"Similar post","link":""},"img":{"alt_text":"","src":"","width":0,"height":0},"classes":[]},{"id":123,"url":"https:\/\/www.jungsi.de\/en\/reisen\/kreta-1998\/tour-1-gortis\/","url_meta":{"origin":700,"position":2},"title":"Tour 1: G\u00f3rtis","author":"Jungsi","date":"9. November 2008","format":false,"excerpt":"Am ersten Tag machten wir uns auf zur Erkundung unserer n\u00e4hreren Umgebung und fuhren abseits der Hauptstra\u00dfen von Agia Pelagia nach Fodele um den nahe gelegenen M. Ag. Pandeleimonos einen Besuch abzustatten. Die Aussicht von dort ist super! Weiter ging es Richtung Iraklio um bei Ammoudara in Richtung Katos Asites\u2026","rel":"","context":"In &quot;Allgemein&quot;","block_context":{"text":"Allgemein","link":"https:\/\/www.jungsi.de\/en\/category\/allgemein\/"},"img":{"alt_text":"","src":"","width":0,"height":0},"classes":[]},{"id":28336,"url":"https:\/\/www.jungsi.de\/en\/die-sammlung\/literatur\/retro\/","url_meta":{"origin":700,"position":3},"title":"Retro","author":"Jungsi","date":"16. January 2023","format":false,"excerpt":"Retro RETRO (Deutschland) ist ein deutschsprachiges Videospiel-\/Computerkultur-Magazin, das Ende 2006 im CSW-Verlag startete (teils quartalsweise, mit Schwerpunktthemen und Retro-Hardware\/-Spiele-Geschichten; zeitweise mit Heft-CD). Inhaltlich versteht sich RETRO als Magazin zur Kultur- und Technikgeschichte digitaler Medien. 2023\/24 wechselte die Marke laut Community-Hinweisen von CSW zum Dienstleister Print Medien Dienst (PMD); CSW bietet\u2026","rel":"","context":"Similar post","block_context":{"text":"Similar post","link":""},"img":{"alt_text":"Retro #25","src":"https:\/\/i0.wp.com\/www.jungsi.de\/blog\/wp-content\/uploads\/Retro-25.jpg?resize=350%2C200&ssl=1","width":350,"height":200,"srcset":"https:\/\/i0.wp.com\/www.jungsi.de\/blog\/wp-content\/uploads\/Retro-25.jpg?resize=350%2C200&ssl=1 1x, https:\/\/i0.wp.com\/www.jungsi.de\/blog\/wp-content\/uploads\/Retro-25.jpg?resize=525%2C300&ssl=1 1.5x, https:\/\/i0.wp.com\/www.jungsi.de\/blog\/wp-content\/uploads\/Retro-25.jpg?resize=700%2C400&ssl=1 2x, https:\/\/i0.wp.com\/www.jungsi.de\/blog\/wp-content\/uploads\/Retro-25.jpg?resize=1050%2C600&ssl=1 3x"},"classes":[]},{"id":354,"url":"https:\/\/www.jungsi.de\/en\/reisen\/dolomiten-2004\/tour-3-pso-falzarego\/","url_meta":{"origin":700,"position":4},"title":"Tour 3: Pso. Falzarego&#8230;","author":"Jungsi","date":"22. December 2008","format":false,"excerpt":"Pso. Falzarego - Pso. Giau - Flla. Staulanza - Pso. Duran - Belluno - Forno di Zoldo - Pso. Cibiana - Pso. Falzarego - Pso. Valparola - Pso. Campolongo (ca. 250 km) Bei der dritten Tour haben wir den etwas s\u00fcdlicheren Gebieten einen Besuch abgestattet. Arabba haben wir in Richtung\u2026","rel":"","context":"In &quot;Allgemein&quot;","block_context":{"text":"Allgemein","link":"https:\/\/www.jungsi.de\/en\/category\/allgemein\/"},"img":{"alt_text":"","src":"","width":0,"height":0},"classes":[]},{"id":204,"url":"https:\/\/www.jungsi.de\/en\/reisen\/gardasee-2000\/tour-2-lago-di-molveno\/","url_meta":{"origin":700,"position":5},"title":"Tour 2: Lago di Molveno","author":"Jungsi","date":"5. December 2008","format":false,"excerpt":"Lago di Molveno Streckenl\u00e4nge ca. 150 km Am zweiten Tag machte uns ein platter Hinterreifen an Gerhard's Moped einen kleinen Strrich durch die Rechnung. Au\u00dferdem fanden wir heraus, dass es nicht angebracht ist im Ausland den ADAC anzurufen. 1. An der Hotline konnte niemand Deutsch 2. wurde ein Mechaniker geschickt\u2026","rel":"","context":"In &quot;Allgemein&quot;","block_context":{"text":"Allgemein","link":"https:\/\/www.jungsi.de\/en\/category\/allgemein\/"},"img":{"alt_text":"","src":"","width":0,"height":0},"classes":[]}],"_links":{"self":[{"href":"https:\/\/www.jungsi.de\/en\/wp-json\/wp\/v2\/pages\/700","targetHints":{"allow":["GET"]}}],"collection":[{"href":"https:\/\/www.jungsi.de\/en\/wp-json\/wp\/v2\/pages"}],"about":[{"href":"https:\/\/www.jungsi.de\/en\/wp-json\/wp\/v2\/types\/page"}],"author":[{"embeddable":true,"href":"https:\/\/www.jungsi.de\/en\/wp-json\/wp\/v2\/users\/2"}],"replies":[{"embeddable":true,"href":"https:\/\/www.jungsi.de\/en\/wp-json\/wp\/v2\/comments?post=700"}],"version-history":[{"count":0,"href":"https:\/\/www.jungsi.de\/en\/wp-json\/wp\/v2\/pages\/700\/revisions"}],"up":[{"embeddable":true,"href":"https:\/\/www.jungsi.de\/en\/wp-json\/wp\/v2\/pages\/21707"}],"wp:attachment":[{"href":"https:\/\/www.jungsi.de\/en\/wp-json\/wp\/v2\/media?parent=700"}],"curies":[{"name":"wp","href":"https:\/\/api.w.org\/{rel}","templated":true}]}}