{"id":698,"date":"2010-07-24T16:41:31","date_gmt":"2010-07-24T14:41:31","guid":{"rendered":"http:\/\/www.jungsi.de\/?page_id=698"},"modified":"2023-01-13T15:06:56","modified_gmt":"2023-01-13T14:06:56","slug":"tag-10-vestkapp","status":"publish","type":"page","link":"https:\/\/www.jungsi.de\/en\/reisen\/norwegen-2010\/tag-10-vestkapp\/","title":{"rendered":"Tag 10: Vestkapp"},"content":{"rendered":"ngg_shortcode_0_placeholder","protected":false},"excerpt":{"rendered":"","protected":false},"author":2,"featured_media":0,"parent":21707,"menu_order":8,"comment_status":"open","ping_status":"closed","template":"","meta":{"_lmt_disableupdate":"","_lmt_disable":"","ngg_post_thumbnail":0,"jetpack_post_was_ever_published":false,"footnotes":"","_links_to":"","_links_to_target":""},"class_list":["post-698","page","type-page","status-publish","hentry"],"jetpack_shortlink":"https:\/\/wp.me\/P4eXvk-bg","jetpack_sharing_enabled":true,"jetpack_likes_enabled":true,"jetpack-related-posts":[{"id":28339,"url":"https:\/\/www.jungsi.de\/en\/die-sammlung\/literatur\/sonstige\/computer-kurs\/","url_meta":{"origin":698,"position":0},"title":"Computer Kurs","author":"Jungsi","date":"16. January 2023","format":false,"excerpt":"computer kurs computer kurs (Schreibweise variierte) war ein w\u00f6chentliches \u201ePartwork\u201c-Sammelwerk der fr\u00fchen\/mittleren 1980er: die deutschsprachige Adaption von Orbis\u2019 The Home Computer Course (1983\/84) und des Nachfolgers The Home Computer Advanced Course (1984\/85). Die Hefte wurden in Sammelordnern abgelegt und vermittelten Grundlagen der Heim- und Personalcomputer, Programmierkurse (BASIC\/Maschinensprache), Hardware-Erkl\u00e4rungen und Anwendungsbeispiele\u2026","rel":"","context":"Similar post","block_context":{"text":"Similar post","link":""},"img":{"alt_text":"Computer Kurs 01","src":"https:\/\/i0.wp.com\/www.jungsi.de\/blog\/wp-content\/uploads\/Computer-Kurs-01.jpg?resize=350%2C200&ssl=1","width":350,"height":200,"srcset":"https:\/\/i0.wp.com\/www.jungsi.de\/blog\/wp-content\/uploads\/Computer-Kurs-01.jpg?resize=350%2C200&ssl=1 1x, https:\/\/i0.wp.com\/www.jungsi.de\/blog\/wp-content\/uploads\/Computer-Kurs-01.jpg?resize=525%2C300&ssl=1 1.5x, https:\/\/i0.wp.com\/www.jungsi.de\/blog\/wp-content\/uploads\/Computer-Kurs-01.jpg?resize=700%2C400&ssl=1 2x, https:\/\/i0.wp.com\/www.jungsi.de\/blog\/wp-content\/uploads\/Computer-Kurs-01.jpg?resize=1050%2C600&ssl=1 3x"},"classes":[]},{"id":28496,"url":"https:\/\/www.jungsi.de\/en\/heimcomputer\/commodore\/commodore-amiga\/","url_meta":{"origin":698,"position":1},"title":"Commodore Amiga","author":"Jungsi","date":"17. January 2023","format":false,"excerpt":"Commodore Amiga Commodore Amiga 500 In Deutschland war dieser 16-Bit-Heimcomputer in den fr\u00fchen 90er Jahren sehr beliebt. Er verf\u00fcgt \u00fcber eine ansprechende, mausgesteuerte grafische Benutzeroberfl\u00e4che (GUI) mit einem Befehlszeilenprozessor und unterst\u00fctzt komplexe Multimedia-Operationen. Im Vergleich zum C64 bietet er eine leistungsst\u00e4rkere CPU, besseren Sound und erweiterte Grafikfunktionen. Der neue Motorola\u2026","rel":"","context":"Similar post","block_context":{"text":"Similar post","link":""},"img":{"alt_text":"A500-IDE","src":"https:\/\/i0.wp.com\/www.jungsi.de\/blog\/wp-content\/uploads\/A500-IDE.jpg?resize=350%2C200&ssl=1","width":350,"height":200,"srcset":"https:\/\/i0.wp.com\/www.jungsi.de\/blog\/wp-content\/uploads\/A500-IDE.jpg?resize=350%2C200&ssl=1 1x, https:\/\/i0.wp.com\/www.jungsi.de\/blog\/wp-content\/uploads\/A500-IDE.jpg?resize=525%2C300&ssl=1 1.5x, https:\/\/i0.wp.com\/www.jungsi.de\/blog\/wp-content\/uploads\/A500-IDE.jpg?resize=700%2C400&ssl=1 2x"},"classes":[]},{"id":648,"url":"https:\/\/www.jungsi.de\/en\/reisen\/norwegen-2010\/tag-3-oslo-arendal\/","url_meta":{"origin":698,"position":2},"title":"Tag 3: Oslo &#8211; Arendal","author":"Jungsi","date":"13. July 2010","format":false,"excerpt":"Ankunft in Oslo gegen ca. 10 Uhr. Strecke f\u00fchrt von Oslo die K\u00fcste entlang nach Arendal an einem sonnigen Tag. \u00dcbernachtung im Clarion Tyholmen Hotel welches direkt am Wasser liegt. Die Motorr\u00e4der konnten in der Tiefgarage des Hotels geparkt werden. Im Restaurant (Blick zum Meer) gab es Fisch.","rel":"","context":"Similar post","block_context":{"text":"Similar post","link":""},"img":{"alt_text":"","src":"","width":0,"height":0},"classes":[]},{"id":28498,"url":"https:\/\/www.jungsi.de\/en\/heimcomputer\/commodore\/commodore-c64\/","url_meta":{"origin":698,"position":3},"title":"Commodore C64\/C128","author":"Jungsi","date":"17. January 2023","format":false,"excerpt":"Commodore C64\/C128 Commodore 64 Der popul\u00e4rste 8-Bit-Mikrocomputer f\u00fcr den Heimgebrauch in Deutschland war der Commodore 64. Eine Vielzahl an Software wurde f\u00fcr ihn entwickelt und auch raubkopiert. Er stellte einen guten Kompromiss zwischen Vielseitigkeit und Preis dar, was zu \u00fcber einer Million Anwendungen und Spielen f\u00fchrte. Seine Sound- und Grafikf\u00e4higkeiten\u2026","rel":"","context":"Similar post","block_context":{"text":"Similar post","link":""},"img":{"alt_text":"Power Cartridge","src":"https:\/\/i0.wp.com\/www.jungsi.de\/blog\/wp-content\/uploads\/Power-Cartridge-Oberseite.jpg?resize=350%2C200&ssl=1","width":350,"height":200,"srcset":"https:\/\/i0.wp.com\/www.jungsi.de\/blog\/wp-content\/uploads\/Power-Cartridge-Oberseite.jpg?resize=350%2C200&ssl=1 1x, https:\/\/i0.wp.com\/www.jungsi.de\/blog\/wp-content\/uploads\/Power-Cartridge-Oberseite.jpg?resize=525%2C300&ssl=1 1.5x, https:\/\/i0.wp.com\/www.jungsi.de\/blog\/wp-content\/uploads\/Power-Cartridge-Oberseite.jpg?resize=700%2C400&ssl=1 2x, https:\/\/i0.wp.com\/www.jungsi.de\/blog\/wp-content\/uploads\/Power-Cartridge-Oberseite.jpg?resize=1050%2C600&ssl=1 3x, https:\/\/i0.wp.com\/www.jungsi.de\/blog\/wp-content\/uploads\/Power-Cartridge-Oberseite.jpg?resize=1400%2C800&ssl=1 4x"},"classes":[]},{"id":119,"url":"https:\/\/www.jungsi.de\/en\/reisen\/kreta-1998\/","url_meta":{"origin":698,"position":4},"title":"Kreta 1998","author":"Jungsi","date":"9. November 2008","format":false,"excerpt":"Die Vorplanung war relativ schnell erledigt. Pauschalflug ab M\u00fcnchen gebucht, bei einem Kreta-Spezialisten in M\u00fcnchen ein Appartement (Selbstversorgung) gemietet und ab ging die Post. Wenn man dazu Zeit hat, sollte man sich unbedingt den Spass erlauben und mit einem griechischen Taxi fahren (der Wahnsinn...). Nachdem wir trotz der Taxifahrt heil\u2026","rel":"","context":"In &quot;Allgemein&quot;","block_context":{"text":"Allgemein","link":"https:\/\/www.jungsi.de\/en\/category\/allgemein\/"},"img":{"alt_text":"","src":"","width":0,"height":0},"classes":[]},{"id":348,"url":"https:\/\/www.jungsi.de\/en\/reisen\/dolomiten-2004\/tour-1-pso-campolongo\/","url_meta":{"origin":698,"position":5},"title":"Tour 1: Pso. Campolongo&#8230;","author":"Jungsi","date":"22. December 2008","format":false,"excerpt":"Pso. Campolongo - Corvara - Zwischenwasser - Furkelpass - Valdaora - Pragser Wildsee - Toblach - Misurina - Drei Zinnen - Passo Tre Croci - Cortina - Pso. Giau Nun geht es endlich los. Nachdem der Wettergott ein Einsehen mit uns hatte, konnten wir bei trockenem Wetter (aber k\u00fchlen Temparaturen)\u2026","rel":"","context":"In &quot;Allgemein&quot;","block_context":{"text":"Allgemein","link":"https:\/\/www.jungsi.de\/en\/category\/allgemein\/"},"img":{"alt_text":"","src":"","width":0,"height":0},"classes":[]}],"_links":{"self":[{"href":"https:\/\/www.jungsi.de\/en\/wp-json\/wp\/v2\/pages\/698","targetHints":{"allow":["GET"]}}],"collection":[{"href":"https:\/\/www.jungsi.de\/en\/wp-json\/wp\/v2\/pages"}],"about":[{"href":"https:\/\/www.jungsi.de\/en\/wp-json\/wp\/v2\/types\/page"}],"author":[{"embeddable":true,"href":"https:\/\/www.jungsi.de\/en\/wp-json\/wp\/v2\/users\/2"}],"replies":[{"embeddable":true,"href":"https:\/\/www.jungsi.de\/en\/wp-json\/wp\/v2\/comments?post=698"}],"version-history":[{"count":0,"href":"https:\/\/www.jungsi.de\/en\/wp-json\/wp\/v2\/pages\/698\/revisions"}],"up":[{"embeddable":true,"href":"https:\/\/www.jungsi.de\/en\/wp-json\/wp\/v2\/pages\/21707"}],"wp:attachment":[{"href":"https:\/\/www.jungsi.de\/en\/wp-json\/wp\/v2\/media?parent=698"}],"curies":[{"name":"wp","href":"https:\/\/api.w.org\/{rel}","templated":true}]}}