{"id":677,"date":"2010-07-18T14:48:13","date_gmt":"2010-07-18T12:48:13","guid":{"rendered":"http:\/\/www.jungsi.de\/?page_id=677"},"modified":"2023-01-13T15:26:05","modified_gmt":"2023-01-13T14:26:05","slug":"tag-7-haugesund-eidfjord","status":"publish","type":"page","link":"https:\/\/www.jungsi.de\/en\/reisen\/norwegen-2010\/tag-7-haugesund-eidfjord\/","title":{"rendered":"Tag 7: Haugesund &#8211; Eidfjord"},"content":{"rendered":"<p style=\"text-align: justify;\">An diesem Tag haben uns 270 km bei traumhaftem Wetter erwartet. Die Strecke f\u00fchrte uns in Richtung Leirvik bis zum F\u00e4hranleger Jektevik. Mit der F\u00e4hre setzten wir nach Hodnanes \u00fcber. Sp\u00e4ter trafen wir dann auf den Hardangerfjord und folgten diesem auf einer tollen Strecke. \u00dcber Norheimsund und Eide kamen wir zum F\u00e4hranleger Bruravik &#8211; Brimnes. Nach kuzer weiterer Fahrstrecke war dann schnell Eidfjord erreicht. Das Quality Hotel Voringvoss hat eine wunderbare Lage am Fjord mit sehr freundlichen Personal, welches uns eine Abendessen (Buffet) auf der Terasse erm\u00f6glichte. So kamen wir in den Genuss eines wunderbaren Sonnenuntergangs.<\/p>\n<p style=\"text-align: justify;\">\u00dcberschattet wurde der Tag durch den Ausfall von Pezis Ninja, die auf Grund oxidierter Kabel (nicht sachgem\u00e4ss geflickt) einen Kabelbrand hatte. Mit Unterst\u00fctzung von Feelgood, der HUK-Coburg, und einer Werkstatt konnte Pezi die Maschine mit Unterst\u00fctzung der Mechaniker die Kiste wieder flott machen und uns zum n\u00e4chsten Hotel in Sogndal folgen.<\/p>\n<p style=\"text-align: justify;\">ngg_shortcode_0_placeholder<\/p>","protected":false},"excerpt":{"rendered":"<p>An diesem Tag haben uns 270 km bei traumhaftem Wetter erwartet. Die Strecke f\u00fchrte uns in Richtung Leirvik bis zum F\u00e4hranleger Jektevik. Mit der F\u00e4hre \u2026<\/p>","protected":false},"author":2,"featured_media":0,"parent":21707,"menu_order":5,"comment_status":"open","ping_status":"closed","template":"","meta":{"_lmt_disableupdate":"","_lmt_disable":"","ngg_post_thumbnail":0,"jetpack_post_was_ever_published":false,"footnotes":"","_links_to":"","_links_to_target":""},"class_list":["post-677","page","type-page","status-publish","hentry"],"jetpack_shortlink":"https:\/\/wp.me\/P4eXvk-aV","jetpack_sharing_enabled":true,"jetpack_likes_enabled":true,"jetpack-related-posts":[{"id":684,"url":"https:\/\/www.jungsi.de\/en\/reisen\/norwegen-2010\/tag-8-eidfjord-sogndal\/","url_meta":{"origin":677,"position":0},"title":"Tag 8: Eidfjord &#8211; Sogndal","author":"Jungsi","date":"19. July 2010","format":false,"excerpt":"Dieser Tag war mit einer l\u00e4ngeren Strecke verbunden: ca. 300 km. Daher brachen wir etwas fr\u00fcher als gew\u00f6hnlich auf. Wieder geht es durch landschaftlich absolut traumhafte Gegenden - die ersten 90 km f\u00fchren \u00fcber die Hochebene Hardangervidda bis zum Wintersportort Geilo. Weiter geht es nach Aurland - kurz bevor wir\u2026","rel":"","context":"Similar post","block_context":{"text":"Similar post","link":""},"img":{"alt_text":"","src":"","width":0,"height":0},"classes":[]},{"id":671,"url":"https:\/\/www.jungsi.de\/en\/reisen\/norwegen-2010\/tag-6-sand-%e2%80%93-haugesund\/","url_meta":{"origin":677,"position":1},"title":"Tag 6: Sand \u2013 Haugesund","author":"Jungsi","date":"18. July 2010","format":false,"excerpt":"Am Morgen hat uns wunderbares Wetter erwartet und wir sind wieder gegen 09.30 Uhr aufgebrochen. Direkt vom Hotel aus ging es zum ersten F\u00e4hranleger (500 m vom Hotel entfernt). An diesem Tag haben uns ca. 200 km erwartet. Mit der F\u00e4hre sind wir nach Ropeid \u00fcbergesetzt. Hinter Sauda ging es\u2026","rel":"","context":"Similar post","block_context":{"text":"Similar post","link":""},"img":{"alt_text":"","src":"","width":0,"height":0},"classes":[]},{"id":337,"url":"https:\/\/www.jungsi.de\/en\/reisen\/schweiz-2003\/tour-4-san-bernadino\/","url_meta":{"origin":677,"position":2},"title":"Tour 4: San Bernadino&#8230;","author":"Jungsi","date":"22. December 2008","format":false,"excerpt":"San Bernadino - Lugano - Chiavenna - Malojapass - Julierpass Thusis - San Bernadino - Lugano - Gandria - Menaggio - Dongo - Domaso - Chiavenna - Maloja - Silvaplana - Julierpass - Tiefencastel - Thusis Streckenl\u00e4nge ca. 330 km Da wir an diesem Tag sch\u00f6nes Wetter hatten, nahmen wir\u2026","rel":"","context":"In &quot;Allgemein&quot;","block_context":{"text":"Allgemein","link":"https:\/\/www.jungsi.de\/en\/category\/allgemein\/"},"img":{"alt_text":"","src":"","width":0,"height":0},"classes":[]},{"id":280,"url":"https:\/\/www.jungsi.de\/en\/reisen\/schweiz-2002\/tour-4-taminsschlucht\/","url_meta":{"origin":677,"position":3},"title":"Tour 4: Taminsschlucht&#8230;","author":"Jungsi","date":"8. December 2008","format":false,"excerpt":"Taminsschlucht - Gigerwald\/W\u00e4gitalersee - Einsiedeln Streckenl\u00e4nge ca. 300 km Bei dieser Tour sollte man die Schenllstra\u00dfe\/Autobahn benutzen und diese nur zu den Abstechern verlassen. Mir machte an diesem Tag das Wetter einen Strich durch die Rechnung, so dass ich nicht den gesamten Umfang fahren konnte. Wieder von Thusis startend folgt\u2026","rel":"","context":"In &quot;Allgemein&quot;","block_context":{"text":"Allgemein","link":"https:\/\/www.jungsi.de\/en\/category\/allgemein\/"},"img":{"alt_text":"","src":"","width":0,"height":0},"classes":[]},{"id":365,"url":"https:\/\/www.jungsi.de\/en\/reisen\/sardinien-2005\/","url_meta":{"origin":677,"position":4},"title":"Sardinien 2005","author":"Jungsi","date":"22. December 2008","format":false,"excerpt":"Sardinien 2005 Dieses Mal werde ich den Tourenbericht etwas anders gestalten. Aufgrund der L\u00e4nge der Tour und den Eindr\u00fccken, werde ich die Bilder f\u00fcr sich sprechen lassen. Wir haben auch keine bestimmten Sehensw\u00fcrdigkeiten angesteuert bzw. hatten dazu auch gar keine Zeit :-) Nun aber zur Tour.Dabei waren:- Sandra (Z750)- Volker\u2026","rel":"","context":"In &quot;Allgemein&quot;","block_context":{"text":"Allgemein","link":"https:\/\/www.jungsi.de\/en\/category\/allgemein\/"},"img":{"alt_text":"","src":"","width":0,"height":0},"classes":[]},{"id":882,"url":"https:\/\/www.jungsi.de\/en\/reisen\/tagestouren\/muhlviertel-bis-moldaustausee\/","url_meta":{"origin":677,"position":5},"title":"M\u00fchlviertel bis Moldaustausee","author":"Jungsi","date":"2. October 2011","format":false,"excerpt":"Diese Tour f\u00fchrte mich als erstes \u00fcber das \u00f6sterreichische Hinterland zur Donau. Die Donau habe ich bei der Europabr\u00fccke \u00fcberquert. Dann ging es weiter auf einsamen Nebenstra\u00dfen durchs M\u00fchlviertel bis zu einem kleinen Grenz\u00fcbergang bei Guglwald, der in die Tschechische Republik f\u00fchrt. Von dort ging es erst nach Osten bis\u2026","rel":"","context":"With 1 comment","block_context":{"text":"With 1 comment","link":"https:\/\/www.jungsi.de\/en\/reisen\/tagestouren\/muhlviertel-bis-moldaustausee\/#comments"},"img":{"alt_text":"","src":"","width":0,"height":0},"classes":[]}],"_links":{"self":[{"href":"https:\/\/www.jungsi.de\/en\/wp-json\/wp\/v2\/pages\/677","targetHints":{"allow":["GET"]}}],"collection":[{"href":"https:\/\/www.jungsi.de\/en\/wp-json\/wp\/v2\/pages"}],"about":[{"href":"https:\/\/www.jungsi.de\/en\/wp-json\/wp\/v2\/types\/page"}],"author":[{"embeddable":true,"href":"https:\/\/www.jungsi.de\/en\/wp-json\/wp\/v2\/users\/2"}],"replies":[{"embeddable":true,"href":"https:\/\/www.jungsi.de\/en\/wp-json\/wp\/v2\/comments?post=677"}],"version-history":[{"count":0,"href":"https:\/\/www.jungsi.de\/en\/wp-json\/wp\/v2\/pages\/677\/revisions"}],"up":[{"embeddable":true,"href":"https:\/\/www.jungsi.de\/en\/wp-json\/wp\/v2\/pages\/21707"}],"wp:attachment":[{"href":"https:\/\/www.jungsi.de\/en\/wp-json\/wp\/v2\/media?parent=677"}],"curies":[{"name":"wp","href":"https:\/\/api.w.org\/{rel}","templated":true}]}}