{"id":648,"date":"2010-07-13T19:35:52","date_gmt":"2010-07-13T17:35:52","guid":{"rendered":"http:\/\/www.jungsi.de\/?page_id=648"},"modified":"2023-01-13T15:25:06","modified_gmt":"2023-01-13T14:25:06","slug":"tag-3-oslo-arendal","status":"publish","type":"page","link":"https:\/\/www.jungsi.de\/en\/reisen\/norwegen-2010\/tag-3-oslo-arendal\/","title":{"rendered":"Tag 3: Oslo &#8211; Arendal"},"content":{"rendered":"<p>Ankunft in Oslo gegen ca. 10 Uhr. Strecke f\u00fchrt von Oslo die K\u00fcste entlang nach Arendal an einem sonnigen Tag. \u00dcbernachtung im Clarion Tyholmen Hotel welches direkt am Wasser liegt. Die Motorr\u00e4der konnten in der Tiefgarage des Hotels geparkt werden. Im Restaurant (Blick zum Meer) gab es Fisch.<\/p>\nngg_shortcode_0_placeholder","protected":false},"excerpt":{"rendered":"<p>Ankunft in Oslo gegen ca. 10 Uhr. Strecke f\u00fchrt von Oslo die K\u00fcste entlang nach Arendal an einem sonnigen Tag. \u00dcbernachtung im Clarion Tyholmen Hotel \u2026<\/p>","protected":false},"author":2,"featured_media":0,"parent":21707,"menu_order":1,"comment_status":"open","ping_status":"closed","template":"","meta":{"_lmt_disableupdate":"","_lmt_disable":"","ngg_post_thumbnail":0,"jetpack_post_was_ever_published":false,"footnotes":"","_links_to":"","_links_to_target":""},"class_list":["post-648","page","type-page","status-publish","hentry"],"jetpack_shortlink":"https:\/\/wp.me\/P4eXvk-as","jetpack_sharing_enabled":true,"jetpack_likes_enabled":true,"jetpack-related-posts":[{"id":654,"url":"https:\/\/www.jungsi.de\/en\/reisen\/norwegen-2010\/tag-4-arendal-kvinesdal\/","url_meta":{"origin":648,"position":0},"title":"Tag 4: Arendal &#8211; Kvinesdal","author":"Jungsi","date":"13. July 2010","format":false,"excerpt":"Weiter gehts an diesem Tag von Arendal nach Kvinesdal (ca. 180 km). Das Wetter blieb trocken bis zum sp\u00e4ten Nachmittag an dem wir noch eine kleine Zusatzrunde (ca. 60 km) drehten, da wir schon ziemlich fr\u00fch am Hotel waren. Unterbringung im Utsikten Turisthotel das zu einer Golfanlage geh\u00f6rt. Wunderbarer Ausblick\u2026","rel":"","context":"Similar post","block_context":{"text":"Similar post","link":""},"img":{"alt_text":"","src":"","width":0,"height":0},"classes":[]},{"id":705,"url":"https:\/\/www.jungsi.de\/en\/reisen\/norwegen-2010\/tag-13-flam-oslo\/","url_meta":{"origin":648,"position":1},"title":"Tag 13: Flam &#8211; Oslo","author":"Jungsi","date":"24. July 2010","format":false,"excerpt":"Da wir gegen Mittag in Oslo sein sollten, machten wir uns so bald wie m\u00f6glich auf den Weg dorthin. Bedingt durch das Wetter (Niselregen) und die erlaubte H\u00f6chstegeschwindigkeit von 80 km\/h gar nicht so einfach die 250 km p\u00fcnktlich zu schaffen ;-) Leider war uns der Wettergott an diesem Tag\u2026","rel":"","context":"Similar post","block_context":{"text":"Similar post","link":""},"img":{"alt_text":"","src":"","width":0,"height":0},"classes":[]},{"id":641,"url":"https:\/\/www.jungsi.de\/en\/reisen\/norwegen-2010\/tag-1-und-2-anreise\/","url_meta":{"origin":648,"position":2},"title":"Tag 1 und 2: Anreise","author":"Jungsi","date":"10. July 2010","format":false,"excerpt":"Anreise erfolgte via DB-Autozug (M\u00fcnchen \u2013 Hamburg) und Color-Line-F\u00e4hre (Kiel \u2013 Oslo). Die Anreise hat am Montagabend\u00a0gegen 22 Uhr mit der Abfahrt des DB-Autozugs vom\u00a0Bahnhof\u00a0M\u00fcnchen-Ost begonnen. Von den Bahn-Mitarbeitern haben wir pro Motorrad vier Schlaufen bekommen, die wir befestigen mussten (2 an den Gabeln und 2 an den Halterungen f\u00fcr\u2026","rel":"","context":"Similar post","block_context":{"text":"Similar post","link":""},"img":{"alt_text":"","src":"","width":0,"height":0},"classes":[]},{"id":671,"url":"https:\/\/www.jungsi.de\/en\/reisen\/norwegen-2010\/tag-6-sand-%e2%80%93-haugesund\/","url_meta":{"origin":648,"position":3},"title":"Tag 6: Sand \u2013 Haugesund","author":"Jungsi","date":"18. July 2010","format":false,"excerpt":"Am Morgen hat uns wunderbares Wetter erwartet und wir sind wieder gegen 09.30 Uhr aufgebrochen. Direkt vom Hotel aus ging es zum ersten F\u00e4hranleger (500 m vom Hotel entfernt). An diesem Tag haben uns ca. 200 km erwartet. Mit der F\u00e4hre sind wir nach Ropeid \u00fcbergesetzt. Hinter Sauda ging es\u2026","rel":"","context":"Similar post","block_context":{"text":"Similar post","link":""},"img":{"alt_text":"","src":"","width":0,"height":0},"classes":[]},{"id":684,"url":"https:\/\/www.jungsi.de\/en\/reisen\/norwegen-2010\/tag-8-eidfjord-sogndal\/","url_meta":{"origin":648,"position":4},"title":"Tag 8: Eidfjord &#8211; Sogndal","author":"Jungsi","date":"19. July 2010","format":false,"excerpt":"Dieser Tag war mit einer l\u00e4ngeren Strecke verbunden: ca. 300 km. Daher brachen wir etwas fr\u00fcher als gew\u00f6hnlich auf. Wieder geht es durch landschaftlich absolut traumhafte Gegenden - die ersten 90 km f\u00fchren \u00fcber die Hochebene Hardangervidda bis zum Wintersportort Geilo. Weiter geht es nach Aurland - kurz bevor wir\u2026","rel":"","context":"Similar post","block_context":{"text":"Similar post","link":""},"img":{"alt_text":"","src":"","width":0,"height":0},"classes":[]},{"id":663,"url":"https:\/\/www.jungsi.de\/en\/reisen\/norwegen-2010\/tag-5-kvinesdal-%e2%80%93-sand\/","url_meta":{"origin":648,"position":5},"title":"Tag 5: Kvinesdal \u2013 Sand","author":"Jungsi","date":"18. July 2010","format":false,"excerpt":"Leider war an diesem Tag das Wetter nicht so toll - immer wieder mehr oder weniger starker Regen und stark bew\u00f6lkt. Also mit dem Regenkombi auf den Weg gemacht \u00fcber Hauge, Egersund und Sirevag. Weiter gings bis nach Stavanger zur F\u00e4hre nach Tau. Dann nochmal 44 km nach Hjelmeland zur\u2026","rel":"","context":"Similar post","block_context":{"text":"Similar post","link":""},"img":{"alt_text":"","src":"","width":0,"height":0},"classes":[]}],"_links":{"self":[{"href":"https:\/\/www.jungsi.de\/en\/wp-json\/wp\/v2\/pages\/648","targetHints":{"allow":["GET"]}}],"collection":[{"href":"https:\/\/www.jungsi.de\/en\/wp-json\/wp\/v2\/pages"}],"about":[{"href":"https:\/\/www.jungsi.de\/en\/wp-json\/wp\/v2\/types\/page"}],"author":[{"embeddable":true,"href":"https:\/\/www.jungsi.de\/en\/wp-json\/wp\/v2\/users\/2"}],"replies":[{"embeddable":true,"href":"https:\/\/www.jungsi.de\/en\/wp-json\/wp\/v2\/comments?post=648"}],"version-history":[{"count":0,"href":"https:\/\/www.jungsi.de\/en\/wp-json\/wp\/v2\/pages\/648\/revisions"}],"up":[{"embeddable":true,"href":"https:\/\/www.jungsi.de\/en\/wp-json\/wp\/v2\/pages\/21707"}],"wp:attachment":[{"href":"https:\/\/www.jungsi.de\/en\/wp-json\/wp\/v2\/media?parent=648"}],"curies":[{"name":"wp","href":"https:\/\/api.w.org\/{rel}","templated":true}]}}