{"id":502,"date":"2009-07-28T12:58:28","date_gmt":"2009-07-28T11:58:28","guid":{"rendered":"http:\/\/www.jungsi.de\/?page_id=502"},"modified":"2024-12-23T16:34:17","modified_gmt":"2024-12-23T15:34:17","slug":"dolomiten-2009","status":"publish","type":"page","link":"https:\/\/www.jungsi.de\/en\/reisen\/dolomiten-2009\/","title":{"rendered":"Dolomiten 2009"},"content":{"rendered":"<p><\/p>\n\n\n\n<h2 class=\"wp-block-heading has-text-align-center\">Dolomiten 2009<\/h2>\n\n\n\n<p>Nach dem Urlaub im vergangenen Jahr in Frankreich zog es uns dieses Mal wieder in &#8222;heimischere&#8220; Gefilde &#8211; die Dolomiten. Im Gegensatz zu den vergangenen Dolomiten-Urlauben verlagerten wir dieses Mal unser Quartier etwas weiter westlich &#8211; kurz unterhalb des Karerpasses &#8211; im Hotel <a href=\"http:\/\/www.castellatemar.it\/\" target=\"_blank\" rel=\"noopener\">Castel Latemar<\/a>. Die Zimmer haben uns 52 \u20ac im Doppelzimmer mit Halbpension gekostet. F\u00fcr die Unterbringung der Motorr\u00e4der ist gesorgt &#8211; Garagen f\u00fcr je 4 Motorr\u00e4der von &#8222;normaler&#8220; Gr\u00f6\u00dfe &#8211; und eine gro\u00dfe ger\u00e4umige Sammelgarage. F\u00fcr Biker ist ein hervorragendes Kartenset mit im Preis mit ausgew\u00e4hlten Touren &#8211; jeweils passend f\u00fcr den Tankrucksack. Au\u00dferdem gibt es einen Dampfstrahler und die Abholung des Motorrads bei einem Problem. Die Zimmer sind sch\u00f6n, das Essen vorz\u00fcglich, die Bedienungen nett und der Service exzellent. Neben dem w\u00f6chentlichen Grillabend gibt es sonntags ein Galadiner mit Aperitiv auf der Terrasse.<\/p>\n\n\n\n\n\n\n\n<p><\/p>\n\n\n\n<p>In diesem Jahr waren bei der Tour dabei:<br>In diesem Jahr waren bei der Tour dabei:<br>&#8211; Dany alias &#8222;Leguan&#8220; &#8211; Kawasaki Z1000<br>&#8211; Manu alias &#8222;Mittnacht&#8220; &#8211; Kawasaki Z750<br>&#8211; Volker alias &#8222;Ninjapezi&#8220; &#8211; Kawasaki ZX10R<br>&#8211; Gerhard alias &#8222;Gelati&#8220; &#8211; Kawasaki ZX10R<br>&#8211; Franz alias &#8222;Powerslide&#8220; &#8211; Kawasaki ZX10R<br>&#8211; Max alias &#8222;Speedmaxxl&#8220; &#8211; Yamaha R1<br>&#8211; Gerhard alias &#8222;Jungsi&#8220; &#8211; Aprilia Tuono Factory<br>&#8211; Andreas alias &#8222;AndRReAss&#8220; &#8211; Kawasaki Ninja 636 (drei Tage)<\/p>\n\n\n\n<p>Das Wetter in diesem Urlaub kann man nur als &#8222;traumhaft&#8220; bezeichnen. In Bozen gab es Temperaturen bis zu 37 Grad. W\u00e4hrend der Woche gab es genau ein Gewitter &#8211; nachts &#8211; sodass die Stra\u00dfen am Morgen wieder trocken waren. Die Stra\u00dfen sind meistens in Ordnung bis auf einige Baustellen. Auf einigen P\u00e4ssen muss man aber aufpassen auf kleinere Schlagl\u00f6cher und Fr\u00e4skanten.<\/p>\n\n\n\n<p>Hier ein paar &#8222;Action-Fotos&#8220; der Fahrer \ud83d\ude42<\/p>\n\n\nngg_shortcode_0_placeholder\n\n\n\n<p>Ein paar &#8222;Passfotos&#8220; \ud83d\ude42<\/p>\n\n\nngg_shortcode_1_placeholder\n\n\n\n<p>und ein paar &#8222;Panoramabilder&#8220; !<\/p>\n\n\nngg_shortcode_2_placeholder\n\n\n\n<p>Die Motorr\u00e4der machten technisch kaum Probleme, bis auf den Tunfisch, der sich wieder mal einen &#8222;Schluck&#8220; \u00d6l genehmigte und das Getriebe, das am Morgen manchmal nicht so richtig &#8222;wach&#8220; war. Maxxls R1 w\u00fcrgte von Zeit zu Zeit mal den Motor ab, wohl um ihn hin und wieder mal &#8222;einzubremsen&#8220; \ud83d\ude09<\/p>\n\n\n\n<p>Lied der Woche:<\/p>\n\n\n\n<p>&#8222;Ich fahr mit meiner Laverda und meine Laverda mit mir. Oben leuchten die Sterne und und unten leuchten wir. Ich komm&#8216; nach Haus&#8216; ich hol&#8216; sie raus &#8211; Rabimmel &#8211; Rabammel &#8211; Rabumm&#8220;!<\/p>\n\n\n\n<p>Weitere Bilder folgen demn\u00e4chst!<\/p>","protected":false},"excerpt":{"rendered":"<p>Dolomiten 2009 Nach dem Urlaub im vergangenen Jahr in Frankreich zog es uns dieses Mal wieder in &#8222;heimischere&#8220; Gefilde &#8211; die Dolomiten. Im Gegensatz zu \u2026<\/p>","protected":false},"author":2,"featured_media":503,"parent":45,"menu_order":10,"comment_status":"open","ping_status":"open","template":"","meta":{"_lmt_disableupdate":"","_lmt_disable":"","ngg_post_thumbnail":0,"jetpack_post_was_ever_published":false,"footnotes":"","_links_to":"","_links_to_target":""},"class_list":["post-502","page","type-page","status-publish","has-post-thumbnail","hentry"],"jetpack_shortlink":"https:\/\/wp.me\/P4eXvk-86","jetpack_sharing_enabled":true,"jetpack_likes_enabled":true,"jetpack-related-posts":[{"id":345,"url":"https:\/\/www.jungsi.de\/en\/reisen\/dolomiten-2004\/","url_meta":{"origin":502,"position":0},"title":"Dolomiten 2004","author":"Jungsi","date":"22. December 2008","format":false,"excerpt":"Dolomiten 2004 In diesem Jahr gab es eine Premiere - wir waren dieses Mal zu sechst unterwegs. Neben den \u00fcblichen Verd\u00e4chtigen - Gelati (ZX-9R), Volker (ZX-9R) und mir - waren dieses Mal Sandra (ER-5 - genannt die Grille), Macke () und Reinhard (KTM) mit von der Partie.Nachdem die Honda und\u2026","rel":"","context":"In &quot;Allgemein&quot;","block_context":{"text":"Allgemein","link":"https:\/\/www.jungsi.de\/en\/category\/allgemein\/"},"img":{"alt_text":"","src":"","width":0,"height":0},"classes":[]},{"id":182,"url":"https:\/\/www.jungsi.de\/en\/reisen\/dolomiten-1999\/","url_meta":{"origin":502,"position":1},"title":"Dolomiten 1999","author":"Jungsi","date":"5. December 2008","format":false,"excerpt":"1999 nahmen wir eine der sch\u00f6nsten Gegenden der Alpen in Angriff - die Dolomiten. Per Internet habe ich ein Hotel in einem der zentralsten Orte der Dolomiten - Arabba - gefunden. Das Hotel Olympia - gelegen an der Auffahrt zum Passo Campolongo. Dieses Hotel ist \u00e4u\u00dferst empfehlenswert. Dort sind immer\u2026","rel":"","context":"In &quot;Allgemein&quot;","block_context":{"text":"Allgemein","link":"https:\/\/www.jungsi.de\/en\/category\/allgemein\/"},"img":{"alt_text":"","src":"","width":0,"height":0},"classes":[]},{"id":188,"url":"https:\/\/www.jungsi.de\/en\/reisen\/dolomiten-1999\/tour-2-st-leonhard-wurzjoch-brixen\/","url_meta":{"origin":502,"position":2},"title":"Tour 2: St. Leonhard &#8211; W\u00fcrzjoch &#8211; Brixen","author":"Jungsi","date":"5. December 2008","format":false,"excerpt":"St. Leonhard - W\u00fcrzjoch - Brixen - Klausen - Gr\u00f6dner Joch Streckenl\u00e4nge: ca. 225 km Nach einem kr\u00e4ftigen Fr\u00fchst\u00fcck geht es zum Aufw\u00e4rmen \u00fcber den Passo di Campolongo nach Corvara und St. Leonhard bis St. Martin. In St. Martin gehts nach links zum W\u00fcrzjoch. Kurz nach dem W\u00fcrzjoch heisst es\u2026","rel":"","context":"In &quot;Allgemein&quot;","block_context":{"text":"Allgemein","link":"https:\/\/www.jungsi.de\/en\/category\/allgemein\/"},"img":{"alt_text":"","src":"","width":0,"height":0},"classes":[]},{"id":641,"url":"https:\/\/www.jungsi.de\/en\/reisen\/norwegen-2010\/tag-1-und-2-anreise\/","url_meta":{"origin":502,"position":3},"title":"Tag 1 und 2: Anreise","author":"Jungsi","date":"10. July 2010","format":false,"excerpt":"Anreise erfolgte via DB-Autozug (M\u00fcnchen \u2013 Hamburg) und Color-Line-F\u00e4hre (Kiel \u2013 Oslo). Die Anreise hat am Montagabend\u00a0gegen 22 Uhr mit der Abfahrt des DB-Autozugs vom\u00a0Bahnhof\u00a0M\u00fcnchen-Ost begonnen. Von den Bahn-Mitarbeitern haben wir pro Motorrad vier Schlaufen bekommen, die wir befestigen mussten (2 an den Gabeln und 2 an den Halterungen f\u00fcr\u2026","rel":"","context":"Similar post","block_context":{"text":"Similar post","link":""},"img":{"alt_text":"","src":"","width":0,"height":0},"classes":[]},{"id":356,"url":"https:\/\/www.jungsi.de\/en\/reisen\/dolomiten-2004\/tour-4-pso-campolongo\/","url_meta":{"origin":502,"position":4},"title":"Tour 4: Pso. Campolongo&#8230;","author":"Jungsi","date":"22. December 2008","format":false,"excerpt":"Pso. Campolongo - W\u00fcrzjoch - L\u00fcsen - Plose - Sella Joch - Pso. Pordoi An diesem Tag nahmen wir eine Tour in Angriff, die etwas k\u00fcrzer war. Direkt aus der Garage starteten wir frisch gest\u00e4rkt zum Passo Campolongo (1.875 m). Auf dieser Strasse blieben wir bis St. Martin, wo es\u2026","rel":"","context":"In &quot;Allgemein&quot;","block_context":{"text":"Allgemein","link":"https:\/\/www.jungsi.de\/en\/category\/allgemein\/"},"img":{"alt_text":"","src":"","width":0,"height":0},"classes":[]},{"id":348,"url":"https:\/\/www.jungsi.de\/en\/reisen\/dolomiten-2004\/tour-1-pso-campolongo\/","url_meta":{"origin":502,"position":5},"title":"Tour 1: Pso. Campolongo&#8230;","author":"Jungsi","date":"22. December 2008","format":false,"excerpt":"Pso. Campolongo - Corvara - Zwischenwasser - Furkelpass - Valdaora - Pragser Wildsee - Toblach - Misurina - Drei Zinnen - Passo Tre Croci - Cortina - Pso. Giau Nun geht es endlich los. Nachdem der Wettergott ein Einsehen mit uns hatte, konnten wir bei trockenem Wetter (aber k\u00fchlen Temparaturen)\u2026","rel":"","context":"In &quot;Allgemein&quot;","block_context":{"text":"Allgemein","link":"https:\/\/www.jungsi.de\/en\/category\/allgemein\/"},"img":{"alt_text":"","src":"","width":0,"height":0},"classes":[]}],"_links":{"self":[{"href":"https:\/\/www.jungsi.de\/en\/wp-json\/wp\/v2\/pages\/502","targetHints":{"allow":["GET"]}}],"collection":[{"href":"https:\/\/www.jungsi.de\/en\/wp-json\/wp\/v2\/pages"}],"about":[{"href":"https:\/\/www.jungsi.de\/en\/wp-json\/wp\/v2\/types\/page"}],"author":[{"embeddable":true,"href":"https:\/\/www.jungsi.de\/en\/wp-json\/wp\/v2\/users\/2"}],"replies":[{"embeddable":true,"href":"https:\/\/www.jungsi.de\/en\/wp-json\/wp\/v2\/comments?post=502"}],"version-history":[{"count":0,"href":"https:\/\/www.jungsi.de\/en\/wp-json\/wp\/v2\/pages\/502\/revisions"}],"up":[{"embeddable":true,"href":"https:\/\/www.jungsi.de\/en\/wp-json\/wp\/v2\/pages\/45"}],"wp:featuredmedia":[{"embeddable":true,"href":"https:\/\/www.jungsi.de\/en\/wp-json\/wp\/v2\/media\/503"}],"wp:attachment":[{"href":"https:\/\/www.jungsi.de\/en\/wp-json\/wp\/v2\/media?parent=502"}],"curies":[{"name":"wp","href":"https:\/\/api.w.org\/{rel}","templated":true}]}}