{"id":40,"date":"2008-11-06T22:56:56","date_gmt":"2008-11-06T21:56:56","guid":{"rendered":"http:\/\/www.jungsi.de\/blog\/?page_id=40"},"modified":"2024-08-01T09:36:46","modified_gmt":"2024-08-01T07:36:46","slug":"kawasaki-z1000","status":"publish","type":"page","link":"https:\/\/www.jungsi.de\/en\/und-mehr\/bikes\/kawasaki-z1000\/","title":{"rendered":"Kawasaki Z1000"},"content":{"rendered":"<p><\/p>\n\n\n\n<h2 class=\"wp-block-heading has-text-align-center\">Kawasaki Z1000<\/h2>\n\n\n\n<p><small>Nach der Urlaubstour 2005 habe ich mich spontan entschlossen, zu meinen Wurzeln (Naked Bike) zur\u00fcckzukehren.<br>Hintergrund waren unter anderem das hohe Gewicht und die \u201eUnhandlichkeit\u201c der ZZR.<br>Da mir die Z1000 schon bei ihrem Erscheinen gefallen hat und ich nach einer Probefahrt vom Handling und dem Sound begeistert war, fiel meine Entscheidung ziemlich schnell nach Jahren des Hubraum- und PS-m\u00e4ssigen Aufstiegs, mal wieder in die andere Richtung zu gehen. *g*&nbsp;<\/small><small>Nach dem \u201eEinfahren\u201c werde ich meine weiteren Eindr\u00fccke hier schildern!<br>W\u00e4hrend der Einfahrphase verbrauchte die Z1000 ca. 6-7 Liter.&nbsp;<\/small><small>\u00dcber das Handling der Maschine muss ich kaum was sagen. Es ist ein &#8222;Traum&#8220;, wenn man von einer so schweren Kiste wie der ZZR-1200 umsteigt. Sie l\u00e4sst sich fast wie von selbst um die Kurven bewegen. Schon nach ein paar Kilometern ist der Reifen schon fast am Rand. Die Originalreifen haben ca. 7000 km gehalten<\/small><\/p>\n\n\n\n<p><small>Umbau:<\/small><small><br>&#8211; Kellermann Blinker vorne und hinten<br>&#8211; kleine Kennzeichenhalterung<br>&#8211; Bugspoiler (<a href=\"http:\/\/www.madmix.de\/assets\/s2dmain.html?http:\/\/www.madmix.de\/\" target=\"_blank\" rel=\"noopener\">Mad Mix<\/a>)<br>&#8211; Gabelbr\u00fccke mit &#8222;Z-1000&#8220;-Aufdruck (Kawa)<br>&#8211; silberne Lenkernden (Kawa)<br>&#8211; Spiegel<br>&#8211; K\u00fchlerverkleidung (Louis)<br>&#8211; Sportluftfilter K&amp;M<br>&#8211; Brems- Kupplungshebel (<a href=\"http:\/\/www.pazzoracing.com\/\" target=\"_blank\" rel=\"noopener\">Pazzoracing<\/a>)<br>&#8211; Motordeckel<br>Zubeh\u00f6r:<br>&#8211; Quick-Lock Tankrucksack Engage (<a href=\"http:\/\/www.bags-connection.com\/\" target=\"_blank\" rel=\"noopener\">Bags-Connection<\/a>)<br>&#8211; Halterung f\u00fcr TomTom-Rider an Tankrucksack<br>&#8211; TomTom Rider<br>&#8211; Speedpack Hecktasche&nbsp;<\/small><small>&#8211; Tachoumbau (M+S Parts)<br>&#8211; Ganganzeige (Engel-Tuning)<br>&#8211; Griffe (Rizoma)<\/small><\/p>\n\n\n\n<p><small>Nachdem ich nun auch den ersten Urlaub mit der Z hinter mir habe, kann ich nun auch vom Gep\u00e4cksystem, welches ich benutze, berichten.<br>Tankrucksack: Quick-Lock Tankrucksack &#8222;Engage&#8220; zusammen mit der optional erh\u00e4ltlichen Halterung f\u00fcr den Tomtom-Rider fast schon optimal.<br>Gep\u00e4ck: Speepack-Hecktasche&#8230;&#8230;ist zwar ein gro\u00dfes Teil, aber h\u00e4lt bombensicher und man kommt nicht in Not mit dem Platz&#8230;reicht auch mal f\u00fcr Gep\u00e4ck f\u00fcr zwei Wochen. <\/small><\/p>\n\n\n\n<p><small><span style=\"text-decoration: underline;\">Bilder vom Umbau<\/span><\/small>\nngg_shortcode_0_placeholder\n<\/p>\n\n\n\n<p>&nbsp;<\/p>","protected":false},"excerpt":{"rendered":"<p>Kawasaki Z1000 Nach der Urlaubstour 2005 habe ich mich spontan entschlossen, zu meinen Wurzeln (Naked Bike) zur\u00fcckzukehren.Hintergrund waren unter anderem das hohe Gewicht und die \u2026<\/p>","protected":false},"author":1,"featured_media":0,"parent":8,"menu_order":4,"comment_status":"open","ping_status":"open","template":"","meta":{"_lmt_disableupdate":"","_lmt_disable":"","ngg_post_thumbnail":0,"jetpack_post_was_ever_published":false,"footnotes":"","_links_to":"","_links_to_target":""},"class_list":["post-40","page","type-page","status-publish","hentry"],"jetpack_shortlink":"https:\/\/wp.me\/P4eXvk-E","jetpack_sharing_enabled":true,"jetpack_likes_enabled":true,"jetpack-related-posts":[{"id":42,"url":"https:\/\/www.jungsi.de\/en\/und-mehr\/bikes\/aprilia-tuono-factory\/","url_meta":{"origin":40,"position":0},"title":"Aprilia Tuono Factory","author":"Jungsi","date":"9. November 2008","format":false,"excerpt":"Aprilia Tuono Factory Ein neues Kapitel beginnt! Nach einem Jahrzehnt mit Kawasaki wage ich 2008 den Schritt zu neuen Ufern und wechsle die Marke. Da Kawasaki das Design der Z1000 in den letzten Jahren eher verschlechtert als verbessert hat und die versprochene Z1400 nicht erschienen ist, probiere ich eine andere\u2026","rel":"","context":"In &quot;Allgemein&quot;","block_context":{"text":"Allgemein","link":"https:\/\/www.jungsi.de\/en\/category\/allgemein\/"},"img":{"alt_text":"","src":"https:\/\/i0.wp.com\/www.jungsi.de\/blog\/wp-content\/uploads\/2008\/11\/cms_425_472.jpg?resize=350%2C200&ssl=1","width":350,"height":200},"classes":[]},{"id":502,"url":"https:\/\/www.jungsi.de\/en\/reisen\/dolomiten-2009\/","url_meta":{"origin":40,"position":1},"title":"Dolomiten 2009","author":"Jungsi","date":"28. July 2009","format":false,"excerpt":"Dolomiten 2009 Nach dem Urlaub im vergangenen Jahr in Frankreich zog es uns dieses Mal wieder in \"heimischere\" Gefilde - die Dolomiten. Im Gegensatz zu den vergangenen Dolomiten-Urlauben verlagerten wir dieses Mal unser Quartier etwas weiter westlich - kurz unterhalb des Karerpasses - im Hotel Castel Latemar. Die Zimmer haben\u2026","rel":"","context":"In &quot;Allgemein&quot;","block_context":{"text":"Allgemein","link":"https:\/\/www.jungsi.de\/en\/category\/allgemein\/"},"img":{"alt_text":"","src":"https:\/\/i0.wp.com\/www.jungsi.de\/blog\/wp-content\/uploads\/2009\/07\/Hotel-Castel-Latemar-1.jpg?resize=350%2C200&ssl=1","width":350,"height":200,"srcset":"https:\/\/i0.wp.com\/www.jungsi.de\/blog\/wp-content\/uploads\/2009\/07\/Hotel-Castel-Latemar-1.jpg?resize=350%2C200&ssl=1 1x, https:\/\/i0.wp.com\/www.jungsi.de\/blog\/wp-content\/uploads\/2009\/07\/Hotel-Castel-Latemar-1.jpg?resize=525%2C300&ssl=1 1.5x, https:\/\/i0.wp.com\/www.jungsi.de\/blog\/wp-content\/uploads\/2009\/07\/Hotel-Castel-Latemar-1.jpg?resize=700%2C400&ssl=1 2x"},"classes":[]},{"id":37,"url":"https:\/\/www.jungsi.de\/en\/und-mehr\/bikes\/kawasaki-zzr-1200\/","url_meta":{"origin":40,"position":2},"title":"Kawasaki ZZR 1200","author":"Jungsi","date":"6. November 2008","format":false,"excerpt":"Kawasaki ZZR 1200 Im April 2002 war es endlich so weit: Die ZZR-1200 wurde beim H\u00e4ndler angeliefert. Nach den ersten Kilometern kehrte ich aufgrund einer stark vibrierenden Verkleidungsscheibe zur Werkstatt zur\u00fcck. Beim zweiten Besuch l\u00f6ste der Mechaniker das Problem dank seines Improvisationstalents.Zur Leistung der Maschine l\u00e4sst sich nur sagen: Wow.\u2026","rel":"","context":"In &quot;Allgemein&quot;","block_context":{"text":"Allgemein","link":"https:\/\/www.jungsi.de\/en\/category\/allgemein\/"},"img":{"alt_text":"","src":"https:\/\/i0.wp.com\/www.jungsi.de\/blog\/wp-content\/uploads\/2008\/11\/zzr126blu.jpg?resize=350%2C200&ssl=1","width":350,"height":200,"srcset":"https:\/\/i0.wp.com\/www.jungsi.de\/blog\/wp-content\/uploads\/2008\/11\/zzr126blu.jpg?resize=350%2C200&ssl=1 1x, https:\/\/i0.wp.com\/www.jungsi.de\/blog\/wp-content\/uploads\/2008\/11\/zzr126blu.jpg?resize=525%2C300&ssl=1 1.5x"},"classes":[]},{"id":11,"url":"https:\/\/www.jungsi.de\/en\/und-mehr\/bikes\/kawasaki-er-5\/","url_meta":{"origin":40,"position":3},"title":"Kawasaki ER-5","author":"Jungsi","date":"5. November 2008","format":false,"excerpt":"Kawasaki ER-5 Anfang 1998 hatte sich die finanzielle Lage endlich etwas erholt, und so konnte das erste eigene Motorrad angeschafft werden. Wie bei vielen anderen auch, war es eine neue Kawa ER-5 mit gedrosselten 34 PS. Nach den ersten Ausfahrten folgte bald die erste gr\u00f6\u00dfere Tour nach K\u00e4rnten (mit Sozia),\u2026","rel":"","context":"In &quot;Allgemein&quot;","block_context":{"text":"Allgemein","link":"https:\/\/www.jungsi.de\/en\/category\/allgemein\/"},"img":{"alt_text":"","src":"https:\/\/i0.wp.com\/www.jungsi.de\/blog\/wp-content\/uploads\/2008\/11\/er5twr6.jpg?resize=350%2C200&ssl=1","width":350,"height":200,"srcset":"https:\/\/i0.wp.com\/www.jungsi.de\/blog\/wp-content\/uploads\/2008\/11\/er5twr6.jpg?resize=350%2C200&ssl=1 1x, https:\/\/i0.wp.com\/www.jungsi.de\/blog\/wp-content\/uploads\/2008\/11\/er5twr6.jpg?resize=525%2C300&ssl=1 1.5x"},"classes":[]},{"id":35,"url":"https:\/\/www.jungsi.de\/en\/und-mehr\/bikes\/kawasaki-zrx-1200\/","url_meta":{"origin":40,"position":4},"title":"Kawasaki ZRX 1200","author":"Jungsi","date":"5. November 2008","format":false,"excerpt":"Kawasaki ZRX 1200 2001 stand dann wieder eine Entscheidung an. Enweder mit der ZR-7 weiterfahren oder doch nochmal umsteigen. Nachdem man mit der ZR-7 immer dem Fahrtwind voll ausgesetzt ist, stand ich vor der Frage endlich etwas mit Verkleidung zu fahren. Supersportler sollte es aber keiner sein. Zuviel Plastik ist\u2026","rel":"","context":"In &quot;Allgemein&quot;","block_context":{"text":"Allgemein","link":"https:\/\/www.jungsi.de\/en\/category\/allgemein\/"},"img":{"alt_text":"","src":"https:\/\/i0.wp.com\/www.jungsi.de\/blog\/wp-content\/uploads\/2008\/11\/zrx12s6blu.jpg?resize=350%2C200&ssl=1","width":350,"height":200,"srcset":"https:\/\/i0.wp.com\/www.jungsi.de\/blog\/wp-content\/uploads\/2008\/11\/zrx12s6blu.jpg?resize=350%2C200&ssl=1 1x, https:\/\/i0.wp.com\/www.jungsi.de\/blog\/wp-content\/uploads\/2008\/11\/zrx12s6blu.jpg?resize=525%2C300&ssl=1 1.5x"},"classes":[]},{"id":25,"url":"https:\/\/www.jungsi.de\/en\/und-mehr\/bikes\/kawasaki-zr-7\/","url_meta":{"origin":40,"position":5},"title":"Kawasaki ZR-7","author":"Jungsi","date":"5. November 2008","format":false,"excerpt":"Kawasaki ZR-7 1999 markierte das Jahr des Wandels. Der F\u00fchrerschein war bereits zwei Jahre alt, und das Motorrad begann, zu schw\u00e4cheln. Was tun, fragte Zeus? Richtig! Ein neues Moped kaufen. Gesagt, getan. Das alte Moped wurde eingetauscht, ein neues erstanden. Die ZR-7, die im Fr\u00fchjahr 1999 mit 78 PS neu\u2026","rel":"","context":"In &quot;Allgemein&quot;","block_context":{"text":"Allgemein","link":"https:\/\/www.jungsi.de\/en\/category\/allgemein\/"},"img":{"alt_text":"","src":"https:\/\/i0.wp.com\/www.jungsi.de\/blog\/wp-content\/uploads\/2008\/11\/zr7r6.jpg?resize=350%2C200&ssl=1","width":350,"height":200},"classes":[]}],"_links":{"self":[{"href":"https:\/\/www.jungsi.de\/en\/wp-json\/wp\/v2\/pages\/40","targetHints":{"allow":["GET"]}}],"collection":[{"href":"https:\/\/www.jungsi.de\/en\/wp-json\/wp\/v2\/pages"}],"about":[{"href":"https:\/\/www.jungsi.de\/en\/wp-json\/wp\/v2\/types\/page"}],"author":[{"embeddable":true,"href":"https:\/\/www.jungsi.de\/en\/wp-json\/wp\/v2\/users\/1"}],"replies":[{"embeddable":true,"href":"https:\/\/www.jungsi.de\/en\/wp-json\/wp\/v2\/comments?post=40"}],"version-history":[{"count":0,"href":"https:\/\/www.jungsi.de\/en\/wp-json\/wp\/v2\/pages\/40\/revisions"}],"up":[{"embeddable":true,"href":"https:\/\/www.jungsi.de\/en\/wp-json\/wp\/v2\/pages\/8"}],"wp:attachment":[{"href":"https:\/\/www.jungsi.de\/en\/wp-json\/wp\/v2\/media?parent=40"}],"curies":[{"name":"wp","href":"https:\/\/api.w.org\/{rel}","templated":true}]}}