{"id":39963,"date":"2026-03-06T14:18:25","date_gmt":"2026-03-06T13:18:25","guid":{"rendered":"https:\/\/www.jungsi.de\/?page_id=39963"},"modified":"2026-03-06T14:24:56","modified_gmt":"2026-03-06T13:24:56","slug":"blog","status":"publish","type":"page","link":"https:\/\/www.jungsi.de\/en\/blog\/","title":{"rendered":"Blog"},"content":{"rendered":"","protected":false},"excerpt":{"rendered":"","protected":false},"author":2,"featured_media":0,"parent":0,"menu_order":0,"comment_status":"closed","ping_status":"closed","template":"","meta":{"_lmt_disableupdate":"","_lmt_disable":"","ngg_post_thumbnail":0,"jetpack_post_was_ever_published":false,"footnotes":"","_links_to":"","_links_to_target":""},"class_list":["post-39963","page","type-page","status-publish","hentry"],"jetpack_shortlink":"https:\/\/wp.me\/P4eXvk-aoz","jetpack_sharing_enabled":true,"jetpack_likes_enabled":true,"jetpack-related-posts":[{"id":39952,"url":"https:\/\/www.jungsi.de\/en\/ueber-mich\/","url_meta":{"origin":39963,"position":0},"title":"\u00dcber mich","author":"Jungsi","date":"6. March 2026","format":false,"excerpt":"\u00dcber mich Hallo, ich bin Gerhard oder eben auch \"Jungsi\" \u2013 und willkommen in meiner Ecke des Internets. Wie alles begann Meine Faszination f\u00fcr alte Computer und Konsolen begann eigentlich schon 2003. Damals fing ich an, gezielt Ger\u00e4te zu sammeln, die mich als Kind und Jugendlicher begleitet hatten \u2013 oder\u2026","rel":"","context":"Similar post","block_context":{"text":"Similar post","link":""},"img":{"alt_text":"","src":"","width":0,"height":0},"classes":[]},{"id":23833,"url":"https:\/\/www.jungsi.de\/en\/kaffeekasse\/","url_meta":{"origin":39963,"position":1},"title":"Kaffeekasse","author":"Jungsi","date":"14. December 2019","format":false,"excerpt":"[tiny_coffee] Warum eine Kaffeekasse? Ich mag alte Computer und Spielkonsolen und gebe gern Informationen weiter. NEs ist immer wieder toll f\u00fcr mich, wenn jemand begeistert von seinen eigenen Erfahrungen erz\u00e4hlt und ich einen Teil zu einer Zeitreise beitragen konnte. Allerdings ist dieser Blog mit all seinen Infos auch sehr viel\u2026","rel":"","context":"Similar post","block_context":{"text":"Similar post","link":""},"img":{"alt_text":"","src":"","width":0,"height":0},"classes":[]},{"id":1141,"url":"https:\/\/www.jungsi.de\/en\/retro\/","url_meta":{"origin":39963,"position":2},"title":"Retro","author":"Jungsi","date":"1. July 2012","format":false,"excerpt":"Auf diesen Seiten geht es um \"Retrocomputing\" - d.h. das bewusste Nutzen veralteter Computer-Technologie als Hobby ;-) Im einzelnen geht es hier um meine Erfahrungen mit den ersten Computer die ich benutzt habe. Diese Computer habe ich bei diversen Auktionen ersteigert um meine Computeranf\u00e4nge nicht ganz aus den Augen zu\u2026","rel":"","context":"Similar post","block_context":{"text":"Similar post","link":""},"img":{"alt_text":"Atari Portfolio - HPC0004","src":"https:\/\/i0.wp.com\/www.jungsi.de\/blog\/wp-content\/uploads\/2012\/07\/Portfolio.jpg?resize=350%2C200&ssl=1","width":350,"height":200},"classes":[]},{"id":18076,"url":"https:\/\/www.jungsi.de\/en\/heimcomputer\/","url_meta":{"origin":39963,"position":3},"title":"home computer","author":"Jungsi","date":"30. July 2017","format":false,"excerpt":"Meine Geschichte Meine Begeisterung f\u00fcr Computer begann in den fr\u00fchen 1980er Jahren. Als ich im P.M. Computerheft \u00fcber diese faszinierende neue Technologie las, erkannte ich sofort: Das ist die Zukunft. Ich bettelte so lange, bis meine Gro\u00dfmutter mir einen Sinclair ZX81 schenkte, damals der g\u00fcnstigste Homecomputer. Fasziniert sa\u00df ich vor\u2026","rel":"","context":"Similar post","block_context":{"text":"Similar post","link":""},"img":{"alt_text":"Acorn","src":"https:\/\/i0.wp.com\/www.jungsi.de\/blog\/wp-content\/uploads\/Acorn.jpg?resize=350%2C200&ssl=1","width":350,"height":200,"srcset":"https:\/\/i0.wp.com\/www.jungsi.de\/blog\/wp-content\/uploads\/Acorn.jpg?resize=350%2C200&ssl=1 1x, https:\/\/i0.wp.com\/www.jungsi.de\/blog\/wp-content\/uploads\/Acorn.jpg?resize=525%2C300&ssl=1 1.5x, https:\/\/i0.wp.com\/www.jungsi.de\/blog\/wp-content\/uploads\/Acorn.jpg?resize=700%2C400&ssl=1 2x, https:\/\/i0.wp.com\/www.jungsi.de\/blog\/wp-content\/uploads\/Acorn.jpg?resize=1050%2C600&ssl=1 3x, https:\/\/i0.wp.com\/www.jungsi.de\/blog\/wp-content\/uploads\/Acorn.jpg?resize=1400%2C800&ssl=1 4x"},"classes":[]},{"id":912,"url":"https:\/\/www.jungsi.de\/en\/multimedia\/","url_meta":{"origin":39963,"position":4},"title":"Hardware","author":"Jungsi","date":"14. October 2011","format":false,"excerpt":"Hier stelle ich die Ger\u00e4te vor, die ich zu Hause verwende. In erster Linie geht es dabei um: Digitalreceiver, Netzwerkfestplatten (NAS), IPod, Tablets und was man damit so alles anstellen kann. Im Moment besteht meine Ausr\u00fcstung aus folgenden Komponenten: Fritz Box 3370 (DSL-Router mit N-Wlan) Synology DS111 (NAS mit 2TB\u2026","rel":"","context":"Similar post","block_context":{"text":"Similar post","link":""},"img":{"alt_text":"","src":"https:\/\/i0.wp.com\/www.jungsi.de\/blog\/wp-content\/uploads\/2011\/10\/DynDNS-Strato.jpg?resize=350%2C200&ssl=1","width":350,"height":200,"srcset":"https:\/\/i0.wp.com\/www.jungsi.de\/blog\/wp-content\/uploads\/2011\/10\/DynDNS-Strato.jpg?resize=350%2C200&ssl=1 1x, https:\/\/i0.wp.com\/www.jungsi.de\/blog\/wp-content\/uploads\/2011\/10\/DynDNS-Strato.jpg?resize=525%2C300&ssl=1 1.5x, https:\/\/i0.wp.com\/www.jungsi.de\/blog\/wp-content\/uploads\/2011\/10\/DynDNS-Strato.jpg?resize=700%2C400&ssl=1 2x"},"classes":[]},{"id":20379,"url":"https:\/\/www.jungsi.de\/en\/datenschutzerklaerung\/","url_meta":{"origin":39963,"position":5},"title":"Datenschutzerkl\u00e4rung","author":"Jungsi","date":"8. May 2018","format":false,"excerpt":"Datenschutzerkl\u00e4rung Verantwortliche Stelle im Sinne der Datenschutzgesetze ist: Jungsberger GerhardLindenstr. 2984359 Simbach am Inn Kommentarfunktion Wenn Nutzer Kommentare im Blog hinterlassen, werden neben diesen Angaben auch der Zeitpunkt ihrer Erstellung und der zuvor durch den Websitebesucher gew\u00e4hlte Nutzername gespeichert. Dies dient unserer Sicherheit, da wir f\u00fcr widerrechtliche Inhalte auf unserer\u2026","rel":"","context":"Similar post","block_context":{"text":"Similar post","link":""},"img":{"alt_text":"","src":"","width":0,"height":0},"classes":[]}],"_links":{"self":[{"href":"https:\/\/www.jungsi.de\/en\/wp-json\/wp\/v2\/pages\/39963","targetHints":{"allow":["GET"]}}],"collection":[{"href":"https:\/\/www.jungsi.de\/en\/wp-json\/wp\/v2\/pages"}],"about":[{"href":"https:\/\/www.jungsi.de\/en\/wp-json\/wp\/v2\/types\/page"}],"author":[{"embeddable":true,"href":"https:\/\/www.jungsi.de\/en\/wp-json\/wp\/v2\/users\/2"}],"replies":[{"embeddable":true,"href":"https:\/\/www.jungsi.de\/en\/wp-json\/wp\/v2\/comments?post=39963"}],"version-history":[{"count":0,"href":"https:\/\/www.jungsi.de\/en\/wp-json\/wp\/v2\/pages\/39963\/revisions"}],"wp:attachment":[{"href":"https:\/\/www.jungsi.de\/en\/wp-json\/wp\/v2\/media?parent=39963"}],"curies":[{"name":"wp","href":"https:\/\/api.w.org\/{rel}","templated":true}]}}