{"id":39961,"date":"2026-03-06T14:17:16","date_gmt":"2026-03-06T13:17:16","guid":{"rendered":"https:\/\/www.jungsi.de\/?page_id=39961"},"modified":"2026-03-06T14:36:40","modified_gmt":"2026-03-06T13:36:40","slug":"start","status":"publish","type":"page","link":"https:\/\/www.jungsi.de\/en\/start\/","title":{"rendered":"Start"},"content":{"rendered":"<p class=\"has-text-align-center\"><em>Willkommen bei Jungsi&#8217;s Corner! Ich bin Gerhard, und hier dreht sich seit 2013 alles um Retro-Computer, alte Konsolen und die Geschichten dahinter. Sch\u00f6n, dass du vorbeischaust \u2013 st\u00f6ber dich durch die Sammlung oder lies dir einen der aktuellen Beitr\u00e4ge durch. Bits, Bytes &amp; Nostalgie seit 2013!<\/em><\/p>\n\n\n\n<div class=\"wp-block-query is-layout-flow wp-block-query-is-layout-flow\"><\/div>","protected":false},"excerpt":{"rendered":"<p>Willkommen bei Jungsi&#8217;s Corner! Ich bin Gerhard, und hier dreht sich seit 2013 alles um Retro-Computer, alte Konsolen und die Geschichten dahinter. Sch\u00f6n, dass du \u2026<\/p>","protected":false},"author":2,"featured_media":0,"parent":0,"menu_order":0,"comment_status":"closed","ping_status":"closed","template":"","meta":{"_lmt_disableupdate":"","_lmt_disable":"","ngg_post_thumbnail":0,"jetpack_post_was_ever_published":false,"footnotes":"","_links_to":"","_links_to_target":""},"class_list":["post-39961","page","type-page","status-publish","hentry"],"jetpack_shortlink":"https:\/\/wp.me\/P4eXvk-aox","jetpack_sharing_enabled":true,"jetpack_likes_enabled":true,"jetpack-related-posts":[{"id":944,"url":"https:\/\/www.jungsi.de\/en\/katzen\/farah-und-gaspar\/","url_meta":{"origin":39961,"position":0},"title":"Farah und Gaspar","author":"Jungsi","date":"29. December 2011","format":false,"excerpt":"Farah und Gaspar Seit dem November 2011 habe ich zwei neue Gesellschafter. Farah (geb. Mai 2011) und Gaspar (geb. Juni 2010 - gest. November 2019). Ich war ohne Erwartungen in das Tierheim Benk nach Pfarrkirchen gefahren. Im Katzenhaus sind mir aber diese beiden sofort ins Auge gesprungen und ich habe\u2026","rel":"","context":"With 2 comments","block_context":{"text":"With 2 comments","link":"https:\/\/www.jungsi.de\/en\/katzen\/farah-und-gaspar\/#comments"},"img":{"alt_text":"","src":"","width":0,"height":0},"classes":[]},{"id":18076,"url":"https:\/\/www.jungsi.de\/en\/heimcomputer\/","url_meta":{"origin":39961,"position":1},"title":"home computer","author":"Jungsi","date":"30. July 2017","format":false,"excerpt":"Meine Geschichte Meine Begeisterung f\u00fcr Computer begann in den fr\u00fchen 1980er Jahren. Als ich im P.M. Computerheft \u00fcber diese faszinierende neue Technologie las, erkannte ich sofort: Das ist die Zukunft. Ich bettelte so lange, bis meine Gro\u00dfmutter mir einen Sinclair ZX81 schenkte, damals der g\u00fcnstigste Homecomputer. Fasziniert sa\u00df ich vor\u2026","rel":"","context":"Similar post","block_context":{"text":"Similar post","link":""},"img":{"alt_text":"Acorn","src":"https:\/\/i0.wp.com\/www.jungsi.de\/blog\/wp-content\/uploads\/Acorn.jpg?resize=350%2C200&ssl=1","width":350,"height":200,"srcset":"https:\/\/i0.wp.com\/www.jungsi.de\/blog\/wp-content\/uploads\/Acorn.jpg?resize=350%2C200&ssl=1 1x, https:\/\/i0.wp.com\/www.jungsi.de\/blog\/wp-content\/uploads\/Acorn.jpg?resize=525%2C300&ssl=1 1.5x, https:\/\/i0.wp.com\/www.jungsi.de\/blog\/wp-content\/uploads\/Acorn.jpg?resize=700%2C400&ssl=1 2x, https:\/\/i0.wp.com\/www.jungsi.de\/blog\/wp-content\/uploads\/Acorn.jpg?resize=1050%2C600&ssl=1 3x, https:\/\/i0.wp.com\/www.jungsi.de\/blog\/wp-content\/uploads\/Acorn.jpg?resize=1400%2C800&ssl=1 4x"},"classes":[]},{"id":36002,"url":"https:\/\/www.jungsi.de\/en\/fpga-rechner\/","url_meta":{"origin":39961,"position":2},"title":"FPGA-Rechner","author":"Jungsi","date":"11. March 2025","format":false,"excerpt":"FPGA-Rechner Computer, die auf FPGA-Basis (Field Programmable Gate Array) laufe, k\u00f6nnen als rekonfigurierbare Computer der hardwareprogrammierbare Systeme beschrieben werden. Sie unterscheiden sich von herk\u00f6mlichen Prozessor-basierten Systemen dadurch, dass Ihre Hardware-Struktur flexibel und ver\u00e4nderbar ist. Ein Anwendungsbereich dabei ist die zyklengenaue Nachbildung alter Computerarchitekturen (z.B. Amiga, C64, Atari). Beispiel: MiSTer FPGA,\u2026","rel":"","context":"Similar post","block_context":{"text":"Similar post","link":""},"img":{"alt_text":"","src":"https:\/\/i0.wp.com\/www.jungsi.de\/blog\/wp-content\/uploads\/Speccy2010-oben.jpg?resize=350%2C200&ssl=1","width":350,"height":200,"srcset":"https:\/\/i0.wp.com\/www.jungsi.de\/blog\/wp-content\/uploads\/Speccy2010-oben.jpg?resize=350%2C200&ssl=1 1x, https:\/\/i0.wp.com\/www.jungsi.de\/blog\/wp-content\/uploads\/Speccy2010-oben.jpg?resize=525%2C300&ssl=1 1.5x, https:\/\/i0.wp.com\/www.jungsi.de\/blog\/wp-content\/uploads\/Speccy2010-oben.jpg?resize=700%2C400&ssl=1 2x, https:\/\/i0.wp.com\/www.jungsi.de\/blog\/wp-content\/uploads\/Speccy2010-oben.jpg?resize=1050%2C600&ssl=1 3x, https:\/\/i0.wp.com\/www.jungsi.de\/blog\/wp-content\/uploads\/Speccy2010-oben.jpg?resize=1400%2C800&ssl=1 4x"},"classes":[]},{"id":39942,"url":"https:\/\/www.jungsi.de\/en\/haftungsausschluss\/","url_meta":{"origin":39961,"position":3},"title":"Haftungsausschluss","author":"Jungsi","date":"6. March 2026","format":false,"excerpt":"Haftungsausschluss: Haftung f\u00fcr Inhalte Die Inhalte meiner\u00a0Seiten wurden mit gr\u00f6\u00dfter Sorgfalt erstellt.\u00a0F\u00fcr die Richtigkeit, Vollst\u00e4ndigkeit und Aktualit\u00e4t der Inhalte\u00a0kann ich\u00a0jedoch keine Gew\u00e4hr \u00fcbernehmen. Als Diensteanbieter bin ich\u00a0gem\u00e4\u00df \u00a7 7 Abs.1 TMG f\u00fcr\u00a0eigene Inhalte auf diesen Seiten nach den allgemeinen Gesetzen verantwortlich.\u00a0Nach \u00a7\u00a7 8 bis 10 TMG bin ich\u00a0als Diensteanbieter jedoch\u2026","rel":"","context":"Similar post","block_context":{"text":"Similar post","link":""},"img":{"alt_text":"","src":"","width":0,"height":0},"classes":[]},{"id":32960,"url":"https:\/\/www.jungsi.de\/en\/handheld-konsolen\/nintendo\/nintendo-2ds\/","url_meta":{"origin":39961,"position":4},"title":"Nintendo 2DS","author":"Jungsi","date":"1. August 2024","format":false,"excerpt":"Nintendo 2DS Nintendo 2DS - Yo-Kai Watch - Verpackung VorderseiteNintendo 2DS - Yo-Kai Watch - Verpackung R\u00fcckseiteNintendo 2DS - Yo-Kai Watch - UnterseiteNintendo 2DS - Yo-Kai Watch - Oberseite Als Nintendo den 2DS im Oktober 2013 ank\u00fcndigte, war die erste Reaktion vieler Fans ungl\u00e4ubiges Staunen: ein 3DS ohne 3D-Funktion, ohne\u2026","rel":"","context":"Similar post","block_context":{"text":"Similar post","link":""},"img":{"alt_text":"Nintendo 2DS - Yo-Kai Watch - Oberseite","src":"https:\/\/i0.wp.com\/www.jungsi.de\/blog\/wp-content\/uploads\/Nintendo-2DS-Yo-Kai-Watch-Oberseite.jpg?resize=350%2C200&ssl=1","width":350,"height":200,"srcset":"https:\/\/i0.wp.com\/www.jungsi.de\/blog\/wp-content\/uploads\/Nintendo-2DS-Yo-Kai-Watch-Oberseite.jpg?resize=350%2C200&ssl=1 1x, https:\/\/i0.wp.com\/www.jungsi.de\/blog\/wp-content\/uploads\/Nintendo-2DS-Yo-Kai-Watch-Oberseite.jpg?resize=525%2C300&ssl=1 1.5x, https:\/\/i0.wp.com\/www.jungsi.de\/blog\/wp-content\/uploads\/Nintendo-2DS-Yo-Kai-Watch-Oberseite.jpg?resize=700%2C400&ssl=1 2x, https:\/\/i0.wp.com\/www.jungsi.de\/blog\/wp-content\/uploads\/Nintendo-2DS-Yo-Kai-Watch-Oberseite.jpg?resize=1050%2C600&ssl=1 3x, https:\/\/i0.wp.com\/www.jungsi.de\/blog\/wp-content\/uploads\/Nintendo-2DS-Yo-Kai-Watch-Oberseite.jpg?resize=1400%2C800&ssl=1 4x"},"classes":[]},{"id":39952,"url":"https:\/\/www.jungsi.de\/en\/ueber-mich\/","url_meta":{"origin":39961,"position":5},"title":"\u00dcber mich","author":"Jungsi","date":"6. March 2026","format":false,"excerpt":"\u00dcber mich Hallo, ich bin Gerhard oder eben auch \"Jungsi\" \u2013 und willkommen in meiner Ecke des Internets. Wie alles begann Meine Faszination f\u00fcr alte Computer und Konsolen begann eigentlich schon 2003. Damals fing ich an, gezielt Ger\u00e4te zu sammeln, die mich als Kind und Jugendlicher begleitet hatten \u2013 oder\u2026","rel":"","context":"Similar post","block_context":{"text":"Similar post","link":""},"img":{"alt_text":"","src":"","width":0,"height":0},"classes":[]}],"_links":{"self":[{"href":"https:\/\/www.jungsi.de\/en\/wp-json\/wp\/v2\/pages\/39961","targetHints":{"allow":["GET"]}}],"collection":[{"href":"https:\/\/www.jungsi.de\/en\/wp-json\/wp\/v2\/pages"}],"about":[{"href":"https:\/\/www.jungsi.de\/en\/wp-json\/wp\/v2\/types\/page"}],"author":[{"embeddable":true,"href":"https:\/\/www.jungsi.de\/en\/wp-json\/wp\/v2\/users\/2"}],"replies":[{"embeddable":true,"href":"https:\/\/www.jungsi.de\/en\/wp-json\/wp\/v2\/comments?post=39961"}],"version-history":[{"count":0,"href":"https:\/\/www.jungsi.de\/en\/wp-json\/wp\/v2\/pages\/39961\/revisions"}],"wp:attachment":[{"href":"https:\/\/www.jungsi.de\/en\/wp-json\/wp\/v2\/media?parent=39961"}],"curies":[{"name":"wp","href":"https:\/\/api.w.org\/{rel}","templated":true}]}}