{"id":39952,"date":"2026-03-06T13:42:57","date_gmt":"2026-03-06T12:42:57","guid":{"rendered":"https:\/\/www.jungsi.de\/?page_id=39952"},"modified":"2026-03-06T13:43:23","modified_gmt":"2026-03-06T12:43:23","slug":"ueber-mich","status":"publish","type":"page","link":"https:\/\/www.jungsi.de\/en\/ueber-mich\/","title":{"rendered":"\u00dcber mich"},"content":{"rendered":"<p><\/p>\n\n\n\n<h2 class=\"wp-block-heading\">\u00dcber mich<\/h2>\n\n\n\n<p>Hallo, ich bin Gerhard oder eben auch &#8222;Jungsi&#8220; \u2013 und willkommen in meiner Ecke des Internets.<\/p>\n\n\n\n<h2 class=\"wp-block-heading\">Wie alles begann<\/h2>\n\n\n\n<p>Meine Faszination f\u00fcr alte Computer und Konsolen begann eigentlich schon 2003. Damals fing ich an, gezielt Ger\u00e4te zu sammeln, die mich als Kind und Jugendlicher begleitet hatten \u2013 oder die ich damals nie besitzen konnte, mir aber immer gew\u00fcnscht hatte.<br>2005 kam dann World of Warcraft. Wer die Anfangsjahre dieses Spiels selbst erlebt hat, wei\u00df: Da blieb f\u00fcr wenig anderes Zeit. Das Sammeln pausierte f\u00fcr eine ganze Weile.<br>2012 startete ich diesen Blog \u2013 zun\u00e4chst als pers\u00f6nliches Notizbuch f\u00fcr alles, was mich gerade besch\u00e4ftigte. Ab 2013 kristallisierte sich dann immer klarer heraus, worum es hier eigentlich geht: Retro. Ich begann, meine Erfahrungen mit alter Hardware und Software aufzuschreiben, und merkte schnell, dass ich das nicht nur f\u00fcr mich tun wollte, sondern auch f\u00fcr andere, die vielleicht genauso ticken.<br>Seitdem ist Jungsi&#8217;s Corner mein kleines digitales Zuhause f\u00fcr Bits, Bytes und Nostalgie.<\/p>\n\n\n\n<h2 class=\"wp-block-heading\">Warum dieser Blog?<\/h2>\n\n\n\n<p>Weil es sch\u00f6n ist, Dinge festzuhalten. Weil alte Hardware Geschichten erz\u00e4hlt. Und weil es da drau\u00dfen Menschen gibt, die sich genauso f\u00fcr einen 40 Jahre alten Heimcomputer begeistern k\u00f6nnen wie ich.<br>Ich schreibe hier, wenn mich etwas wirklich interessiert \u2013 \u00fcber Spiele, Hardware, Zubeh\u00f6r und alles, was dazugeh\u00f6rt. Das bedeutet auch: Manchmal erscheinen Artikel in schneller Folge, manchmal ist es ruhiger. Das Leben, andere Projekte und \u2013 ganz pragmatisch \u2013 das Budget spielen dabei eine Rolle. Neue Hardware und Spiele kosten Geld, und ich kaufe nur, was mich wirklich reizt.<br>Kurz gesagt: Hier bloggt kein Profi mit Redaktionsplan, sondern jemand mit echter Leidenschaft f\u00fcr das Thema.<\/p>\n\n\n\n<h2 class=\"wp-block-heading\">Sch\u00f6n, dass du da bist!<\/h2>\n\n\n\n<p>Wenn du selbst ein Faible f\u00fcr alte Rechner hast, st\u00f6ber gerne durch die Sammlung und die Beitr\u00e4ge. Und wenn du Fragen, Anmerkungen oder einfach Lust auf Austausch hast \u2013 ich freue mich immer \u00fcber Kommentare.<\/p>\n\n\n\n<p><br><br><\/p>","protected":false},"excerpt":{"rendered":"<p>\u00dcber mich Hallo, ich bin Gerhard oder eben auch &#8222;Jungsi&#8220; \u2013 und willkommen in meiner Ecke des Internets. Wie alles begann Meine Faszination f\u00fcr alte \u2026<\/p>","protected":false},"author":2,"featured_media":0,"parent":0,"menu_order":0,"comment_status":"closed","ping_status":"closed","template":"","meta":{"_lmt_disableupdate":"","_lmt_disable":"","ngg_post_thumbnail":0,"jetpack_post_was_ever_published":false,"footnotes":"","_links_to":"","_links_to_target":""},"class_list":["post-39952","page","type-page","status-publish","hentry"],"jetpack_shortlink":"https:\/\/wp.me\/P4eXvk-aoo","jetpack_sharing_enabled":true,"jetpack_likes_enabled":true,"jetpack-related-posts":[{"id":18078,"url":"https:\/\/www.jungsi.de\/en\/konsolen\/","url_meta":{"origin":39952,"position":0},"title":"Konsolen","author":"Jungsi","date":"30. July 2017","format":false,"excerpt":"Konsolen Sammlung Konsolen 12_2018 Konsolen sind auch f\u00fcr mich ein \"neueres\" Thema. Die erste eigene Spielkonsole war vor l\u00e4ngerer Zeit eine gebrauchte Sony Playstation. Die erste eigene neue Konsole war dann 2009 die Nintendo Wii und 2018 die Nintendo Switch. Da mich die Technik immer schon interessierte, ich aber fr\u00fcher\u2026","rel":"","context":"Similar post","block_context":{"text":"Similar post","link":""},"img":{"alt_text":"","src":"https:\/\/i0.wp.com\/www.jungsi.de\/blog\/wp-content\/uploads\/Konsolen.jpg?resize=350%2C200&ssl=1","width":350,"height":200,"srcset":"https:\/\/i0.wp.com\/www.jungsi.de\/blog\/wp-content\/uploads\/Konsolen.jpg?resize=350%2C200&ssl=1 1x, https:\/\/i0.wp.com\/www.jungsi.de\/blog\/wp-content\/uploads\/Konsolen.jpg?resize=525%2C300&ssl=1 1.5x, https:\/\/i0.wp.com\/www.jungsi.de\/blog\/wp-content\/uploads\/Konsolen.jpg?resize=700%2C400&ssl=1 2x"},"classes":[]},{"id":18076,"url":"https:\/\/www.jungsi.de\/en\/heimcomputer\/","url_meta":{"origin":39952,"position":1},"title":"home computer","author":"Jungsi","date":"30. July 2017","format":false,"excerpt":"Meine Geschichte Meine Begeisterung f\u00fcr Computer begann in den fr\u00fchen 1980er Jahren. Als ich im P.M. Computerheft \u00fcber diese faszinierende neue Technologie las, erkannte ich sofort: Das ist die Zukunft. Ich bettelte so lange, bis meine Gro\u00dfmutter mir einen Sinclair ZX81 schenkte, damals der g\u00fcnstigste Homecomputer. Fasziniert sa\u00df ich vor\u2026","rel":"","context":"Similar post","block_context":{"text":"Similar post","link":""},"img":{"alt_text":"Acorn","src":"https:\/\/i0.wp.com\/www.jungsi.de\/blog\/wp-content\/uploads\/Acorn.jpg?resize=350%2C200&ssl=1","width":350,"height":200,"srcset":"https:\/\/i0.wp.com\/www.jungsi.de\/blog\/wp-content\/uploads\/Acorn.jpg?resize=350%2C200&ssl=1 1x, https:\/\/i0.wp.com\/www.jungsi.de\/blog\/wp-content\/uploads\/Acorn.jpg?resize=525%2C300&ssl=1 1.5x, https:\/\/i0.wp.com\/www.jungsi.de\/blog\/wp-content\/uploads\/Acorn.jpg?resize=700%2C400&ssl=1 2x, https:\/\/i0.wp.com\/www.jungsi.de\/blog\/wp-content\/uploads\/Acorn.jpg?resize=1050%2C600&ssl=1 3x, https:\/\/i0.wp.com\/www.jungsi.de\/blog\/wp-content\/uploads\/Acorn.jpg?resize=1400%2C800&ssl=1 4x"},"classes":[]},{"id":35,"url":"https:\/\/www.jungsi.de\/en\/und-mehr\/bikes\/kawasaki-zrx-1200\/","url_meta":{"origin":39952,"position":2},"title":"Kawasaki ZRX 1200","author":"Jungsi","date":"5. November 2008","format":false,"excerpt":"Kawasaki ZRX 1200 2001 stand dann wieder eine Entscheidung an. Enweder mit der ZR-7 weiterfahren oder doch nochmal umsteigen. Nachdem man mit der ZR-7 immer dem Fahrtwind voll ausgesetzt ist, stand ich vor der Frage endlich etwas mit Verkleidung zu fahren. Supersportler sollte es aber keiner sein. Zuviel Plastik ist\u2026","rel":"","context":"In &quot;Allgemein&quot;","block_context":{"text":"Allgemein","link":"https:\/\/www.jungsi.de\/en\/category\/allgemein\/"},"img":{"alt_text":"","src":"https:\/\/i0.wp.com\/www.jungsi.de\/blog\/wp-content\/uploads\/2008\/11\/zrx12s6blu.jpg?resize=350%2C200&ssl=1","width":350,"height":200,"srcset":"https:\/\/i0.wp.com\/www.jungsi.de\/blog\/wp-content\/uploads\/2008\/11\/zrx12s6blu.jpg?resize=350%2C200&ssl=1 1x, https:\/\/i0.wp.com\/www.jungsi.de\/blog\/wp-content\/uploads\/2008\/11\/zrx12s6blu.jpg?resize=525%2C300&ssl=1 1.5x"},"classes":[]},{"id":23546,"url":"https:\/\/www.jungsi.de\/en\/konsolen\/atari-konsolen\/atari-7800\/","url_meta":{"origin":39952,"position":3},"title":"Atari 7800","author":"Jungsi","date":"3. November 2019","format":false,"excerpt":"Atari 7800 Atari 7800 Die Geschichte dieser Konsole ist lang, denn ihre Entwicklung begann bereits im Herbst 1982, als das Atari VCS 2600 noch verkauft wurde. Nach dem wenig erfolgreichen Atari 5200, das m\u00f6glicherweise an der fehlenden Kompatibilit\u00e4t mit dem VCS litt, wurde das Atari 7800 im Mai 1984 auf\u2026","rel":"","context":"Similar post","block_context":{"text":"Similar post","link":""},"img":{"alt_text":"","src":"https:\/\/i0.wp.com\/www.jungsi.de\/blog\/wp-content\/uploads\/Atari-7800-seitlich.jpg?resize=350%2C200&ssl=1","width":350,"height":200,"srcset":"https:\/\/i0.wp.com\/www.jungsi.de\/blog\/wp-content\/uploads\/Atari-7800-seitlich.jpg?resize=350%2C200&ssl=1 1x, https:\/\/i0.wp.com\/www.jungsi.de\/blog\/wp-content\/uploads\/Atari-7800-seitlich.jpg?resize=525%2C300&ssl=1 1.5x, https:\/\/i0.wp.com\/www.jungsi.de\/blog\/wp-content\/uploads\/Atari-7800-seitlich.jpg?resize=700%2C400&ssl=1 2x, https:\/\/i0.wp.com\/www.jungsi.de\/blog\/wp-content\/uploads\/Atari-7800-seitlich.jpg?resize=1050%2C600&ssl=1 3x, https:\/\/i0.wp.com\/www.jungsi.de\/blog\/wp-content\/uploads\/Atari-7800-seitlich.jpg?resize=1400%2C800&ssl=1 4x"},"classes":[]},{"id":264,"url":"https:\/\/www.jungsi.de\/en\/reisen\/schweiz-2002\/","url_meta":{"origin":39952,"position":4},"title":"Schweiz 2002","author":"Jungsi","date":"8. December 2008","format":false,"excerpt":"Dieses Jahr war es wieder soweit, dass im Monat August keiner Zeit hatte und ich mich wieder allein auf den Weg machte. Das Ziel sollte dieses Mal die Schweiz sein.Nachdem ich aus dem Hotelf\u00fchrer der Zeitschrift Tourenfahrer ein zentrales Quartier in den Schweizer Alpen ausfindig gemacht hatte, konnte die Reise\u2026","rel":"","context":"In &quot;Allgemein&quot;","block_context":{"text":"Allgemein","link":"https:\/\/www.jungsi.de\/en\/category\/allgemein\/"},"img":{"alt_text":"","src":"","width":0,"height":0},"classes":[]},{"id":1521,"url":"https:\/\/www.jungsi.de\/en\/die-sammlung\/literatur\/","url_meta":{"origin":39952,"position":5},"title":"Literatur","author":"Jungsi","date":"12. September 2012","format":false,"excerpt":"Literatur oder auch die \"Bibliothek\" Lesen begleitet mich seit meiner Kindheit. Ich habe alles verschlungen, was ich in die Finger bekommen habe \u2014 egal ob Comic, Roman oder Magazin. So begann ich bald auch die Ausgaben des P.M. Magazins zu lesen, das mein Bruder abonniert hatte. Da es zu dem\u2026","rel":"","context":"Similar post","block_context":{"text":"Similar post","link":""},"img":{"alt_text":"The unofficial NES\/FAMICOM: a visual compendium","src":"https:\/\/i0.wp.com\/www.jungsi.de\/blog\/wp-content\/uploads\/NES-visual-Compendium.jpg?resize=350%2C200&ssl=1","width":350,"height":200,"srcset":"https:\/\/i0.wp.com\/www.jungsi.de\/blog\/wp-content\/uploads\/NES-visual-Compendium.jpg?resize=350%2C200&ssl=1 1x, https:\/\/i0.wp.com\/www.jungsi.de\/blog\/wp-content\/uploads\/NES-visual-Compendium.jpg?resize=525%2C300&ssl=1 1.5x"},"classes":[]}],"_links":{"self":[{"href":"https:\/\/www.jungsi.de\/en\/wp-json\/wp\/v2\/pages\/39952","targetHints":{"allow":["GET"]}}],"collection":[{"href":"https:\/\/www.jungsi.de\/en\/wp-json\/wp\/v2\/pages"}],"about":[{"href":"https:\/\/www.jungsi.de\/en\/wp-json\/wp\/v2\/types\/page"}],"author":[{"embeddable":true,"href":"https:\/\/www.jungsi.de\/en\/wp-json\/wp\/v2\/users\/2"}],"replies":[{"embeddable":true,"href":"https:\/\/www.jungsi.de\/en\/wp-json\/wp\/v2\/comments?post=39952"}],"version-history":[{"count":0,"href":"https:\/\/www.jungsi.de\/en\/wp-json\/wp\/v2\/pages\/39952\/revisions"}],"wp:attachment":[{"href":"https:\/\/www.jungsi.de\/en\/wp-json\/wp\/v2\/media?parent=39952"}],"curies":[{"name":"wp","href":"https:\/\/api.w.org\/{rel}","templated":true}]}}