{"id":39942,"date":"2026-03-06T11:15:01","date_gmt":"2026-03-06T10:15:01","guid":{"rendered":"https:\/\/www.jungsi.de\/?page_id=39942"},"modified":"2026-03-06T11:15:35","modified_gmt":"2026-03-06T10:15:35","slug":"haftungsausschluss","status":"publish","type":"page","link":"https:\/\/www.jungsi.de\/en\/haftungsausschluss\/","title":{"rendered":"Haftungsausschluss"},"content":{"rendered":"<h2 class=\"wp-block-heading\">Haftungsausschluss:<\/h2>\n\n\n\n<p><strong>Haftung f\u00fcr Inhalte<\/strong><\/p>\n\n\n\n<p>Die Inhalte meiner&nbsp;Seiten wurden mit gr\u00f6\u00dfter Sorgfalt erstellt.&nbsp;F\u00fcr die Richtigkeit, Vollst\u00e4ndigkeit und Aktualit\u00e4t der Inhalte&nbsp;kann ich&nbsp;jedoch keine Gew\u00e4hr \u00fcbernehmen. Als Diensteanbieter bin ich&nbsp;gem\u00e4\u00df \u00a7 7 Abs.1 TMG f\u00fcr&nbsp;eigene Inhalte auf diesen Seiten nach den allgemeinen Gesetzen verantwortlich.&nbsp;Nach \u00a7\u00a7 8 bis 10 TMG bin ich&nbsp;als Diensteanbieter jedoch nicht&nbsp;verpflichtet, \u00fcbermittelte oder gespeicherte fremde Informationen zu&nbsp;\u00fcberwachen oder nach Umst\u00e4nden zu forschen, die auf eine rechtswidrige&nbsp;T\u00e4tigkeit hinweisen. Verpflichtungen zur Entfernung oder Sperrung der&nbsp;Nutzung von Informationen nach den allgemeinen Gesetzen bleiben hiervon&nbsp;unber\u00fchrt. Eine diesbez\u00fcgliche Haftung ist jedoch erst ab dem&nbsp;Zeitpunkt der Kenntnis einer konkreten Rechtsverletzung m\u00f6glich. Bei&nbsp;Bekanntwerden von entsprechenden Rechtsverletzungen werde&nbsp;ich&nbsp;diese Inhalte&nbsp;umgehend entfernen.<\/p>\n\n\n\n<p><strong>Haftung f\u00fcr Links<\/strong><\/p>\n\n\n\n<p>Mein&nbsp;Angebot enth\u00e4lt Links zu externen Webseiten Dritter, auf deren&nbsp;Inhalte ich&nbsp;keinen Einfluss habe. Deshalb kann ichr f\u00fcr diese&nbsp;fremden Inhalte auch keine Gew\u00e4hr \u00fcbernehmen. F\u00fcr die Inhalte&nbsp;der verlinkten Seiten ist stets der jeweilige Anbieter oder Betreiber der&nbsp;Seiten verantwortlich. Die verlinkten Seiten wurden zum Zeitpunkt der Verlinkung&nbsp;auf m\u00f6gliche Rechtsverst\u00f6\u00dfe \u00fcberpr\u00fcft. Rechtswidrige&nbsp;Inhalte waren zum Zeitpunkt der Verlinkung nicht erkennbar. Eine permanente&nbsp;inhaltliche Kontrolle der verlinkten Seiten ist jedoch ohne konkrete Anhaltspunkte&nbsp;einer Rechtsverletzung nicht zumutbar. Bei Bekanntwerden von Rechtsverletzungen&nbsp;werde&nbsp;ich&nbsp;derartige Links umgehend entfernen.<\/p>\n\n\n\n<p><strong>Urheberrecht<\/strong><\/p>\n\n\n\n<p>Die durch den&nbsp;Seitenbetreiber erstellten Inhalte und Werke auf diesen Seiten&nbsp;unterliegen dem deutschen Urheberrecht. Die Vervielf\u00e4ltigung, Bearbeitung, Verbreitung und&nbsp;jede Art der Verwertung au\u00dferhalb der Grenzen des Urheberrechtes bed\u00fcrfen&nbsp;der schriftlichen Zustimmung des jeweiligen Autors bzw. Erstellers. Downloads&nbsp;und Kopien dieser Seite sind nur f\u00fcr den privaten, nicht kommerziellen&nbsp;Gebrauch gestattet. Soweit die Inhalte auf dieser Seite nicht vom Betreiber erstellt wurden,&nbsp;werden die Urheberrechte Dritter beachtet. Insbesondere werden Inhalte Dritter als solche&nbsp;gekennzeichnet. Sollten Sie trotzdem auf eine Urheberrechtsverletzung aufmerksam werden, bitte&nbsp;ich&nbsp;um einen entsprechenden Hinweis.&nbsp;Bei Bekanntwerden von Rechtsverletzungen werde ich derartige Inhalte umgehend entfernen.<\/p>\n\n\n\n<p><strong>Datenschutz<\/strong><\/p>\n\n\n\n<p>Die Nutzung meiner&nbsp;Webseite ist in der Regel ohne Angabe personenbezogener Daten m\u00f6glich. Soweit auf unseren Seiten personenbezogene Daten (beispielsweise Name,&nbsp;Anschrift oder eMail-Adressen) erhoben werden, erfolgt dies, soweit m\u00f6glich, stets auf freiwilliger Basis. Diese Daten werden ohne Ihre ausdr\u00fcckliche Zustimmung nicht an Dritte weitergegeben.<\/p>\n\n\n\n<p>Ich&nbsp;weise darauf hin, dass die Daten\u00fcbertragung im Internet (z.B.&nbsp;bei der Kommunikation per E-Mail) Sicherheitsl\u00fccken aufweisen kann.Ein l\u00fcckenloser Schutz der Daten vor dem Zugriff durch Dritte ist nicht&nbsp;m\u00f6glich.<\/p>\n\n\n\n<p>Der Nutzung von im Rahmen der Impressumspflicht ver\u00f6ffentlichten Kontaktdaten&nbsp;durch Dritte zur \u00dcbersendung von nicht ausdr\u00fccklich angeforderter&nbsp;Werbung und Informationsmaterialien wird hiermit ausdr\u00fccklich widersprochen.&nbsp;Die Betreiber der Seiten beh\u00e4lt&nbsp;sich ausdr\u00fccklich rechtliche Schritte&nbsp;im Falle der unverlangten Zusendung von Werbeinformationen, etwa durch Spam-Mails,&nbsp;vor.<\/p>\n\n\n\n<p><strong>Datenschutzerkl\u00e4rung f\u00fcr die Nutzung von Facebook-Plugins<br>(Like-Button)<\/strong><\/p>\n\n\n\n<p>Auf meine&nbsp;Seiten sind Plugins des sozialen Netzwerks Facebook,&nbsp;1601 South California Avenue, Palo Alto, CA 94304, USA integriert.&nbsp;Die Facebook-Plugins erkennen Sie an dem Facebook-Logo oder&nbsp;dem &#8222;Like-Button&#8220; (&#8222;Gef\u00e4llt mir&#8220;) auf meiner&nbsp;Seite. Eine \u00dcbersicht&nbsp;\u00fcber die Facebook-Plugins finden Sie hier:<br><a href=\"http:\/\/developers.facebook.com\/docs\/plugins\/\" target=\"_blank\" rel=\"noopener\">http:\/\/developers.facebook.com\/docs\/plugins\/<\/a>.<\/p>\n\n\n\n<p>Wenn Sie meine&nbsp;Seiten&nbsp;besuchen, wird \u00fcber das Plugin eine direkte Verbindung zwischen Ihrem&nbsp;Browser und dem Facebook-Server hergestellt. Facebook erh\u00e4lt dadurch&nbsp;die Information, dass Sie mit Ihrer IP-Adresse unsere Seite&nbsp;besucht haben. Wenn Sie den Facebook &#8222;Like-Button&#8220; anklicken w\u00e4hrend&nbsp;Sie in Ihrem Facebook-Account eingeloggt sind, k\u00f6nnen Sie die Inhalte&nbsp;unserer Seiten auf Ihrem Facebook-Profil verlinken. Dadurch kann&nbsp;Facebook den Besuch unserer Seiten Ihrem Benutzerkonto zuordnen. Wir&nbsp;weisen darauf hin, dass wir als Anbieter der Seiten keine Kenntnis vom&nbsp;Inhalt der \u00fcbermittelten Daten sowie deren Nutzung durch Facebook&nbsp;erhalten. Weitere Informationen hierzu finden Sie in der&nbsp;Datenschutzerkl\u00e4rung von Facebook unter<br><a href=\"http:\/\/de-de.facebook.com\/policy.php\" target=\"_blank\" rel=\"noopener\"><br>http:\/\/de-de.facebook.com\/policy.php<\/a><\/p>\n\n\n\n<p>Wenn Sie nicht w\u00fcnschen, dass Facebook den Besuch unserer Seiten Ihrem&nbsp;Facebook-Nutzerkonto zuordnen kann, loggen Sie sich bitte aus Ihrem&nbsp;Facebook-Benutzerkonto aus.<\/p>\n\n\n\n<p><em>Quellen: <a href=\"http:\/\/www.e-recht24.de\/muster-disclaimer.htm\" target=\"_blank\" rel=\"noopener\">eRecht24 Disclaimer<\/a>, <a href=\"http:\/\/www.e-recht24.de\/artikel\/datenschutz\/6590-facebook-like-button-datenschutz-disclaimer.html\" target=\"_blank\" rel=\"noopener\">eRecht24 Facebook Datenschutzerkl\u00e4rung<\/a><\/em><\/p>","protected":false},"excerpt":{"rendered":"<p>Haftungsausschluss: Haftung f\u00fcr Inhalte Die Inhalte meiner&nbsp;Seiten wurden mit gr\u00f6\u00dfter Sorgfalt erstellt.&nbsp;F\u00fcr die Richtigkeit, Vollst\u00e4ndigkeit und Aktualit\u00e4t der Inhalte&nbsp;kann ich&nbsp;jedoch keine Gew\u00e4hr \u00fcbernehmen. Als Diensteanbieter \u2026<\/p>","protected":false},"author":2,"featured_media":0,"parent":0,"menu_order":0,"comment_status":"closed","ping_status":"closed","template":"","meta":{"_lmt_disableupdate":"","_lmt_disable":"","ngg_post_thumbnail":0,"jetpack_post_was_ever_published":false,"footnotes":"","_links_to":"","_links_to_target":""},"class_list":["post-39942","page","type-page","status-publish","hentry"],"jetpack_shortlink":"https:\/\/wp.me\/P4eXvk-aoe","jetpack_sharing_enabled":true,"jetpack_likes_enabled":true,"jetpack-related-posts":[{"id":20379,"url":"https:\/\/www.jungsi.de\/en\/datenschutzerklaerung\/","url_meta":{"origin":39942,"position":0},"title":"Datenschutzerkl\u00e4rung","author":"Jungsi","date":"8. May 2018","format":false,"excerpt":"Datenschutzerkl\u00e4rung Verantwortliche Stelle im Sinne der Datenschutzgesetze ist: Jungsberger GerhardLindenstr. 2984359 Simbach am Inn Kommentarfunktion Wenn Nutzer Kommentare im Blog hinterlassen, werden neben diesen Angaben auch der Zeitpunkt ihrer Erstellung und der zuvor durch den Websitebesucher gew\u00e4hlte Nutzername gespeichert. Dies dient unserer Sicherheit, da wir f\u00fcr widerrechtliche Inhalte auf unserer\u2026","rel":"","context":"Similar post","block_context":{"text":"Similar post","link":""},"img":{"alt_text":"","src":"","width":0,"height":0},"classes":[]},{"id":188,"url":"https:\/\/www.jungsi.de\/en\/reisen\/dolomiten-1999\/tour-2-st-leonhard-wurzjoch-brixen\/","url_meta":{"origin":39942,"position":1},"title":"Tour 2: St. Leonhard &#8211; W\u00fcrzjoch &#8211; Brixen","author":"Jungsi","date":"5. December 2008","format":false,"excerpt":"St. Leonhard - W\u00fcrzjoch - Brixen - Klausen - Gr\u00f6dner Joch Streckenl\u00e4nge: ca. 225 km Nach einem kr\u00e4ftigen Fr\u00fchst\u00fcck geht es zum Aufw\u00e4rmen \u00fcber den Passo di Campolongo nach Corvara und St. Leonhard bis St. Martin. In St. Martin gehts nach links zum W\u00fcrzjoch. Kurz nach dem W\u00fcrzjoch heisst es\u2026","rel":"","context":"In &quot;Allgemein&quot;","block_context":{"text":"Allgemein","link":"https:\/\/www.jungsi.de\/en\/category\/allgemein\/"},"img":{"alt_text":"","src":"","width":0,"height":0},"classes":[]},{"id":30395,"url":"https:\/\/www.jungsi.de\/en\/foto-video\/","url_meta":{"origin":39942,"position":2},"title":"Foto\/Video","author":"Jungsi","date":"26. August 2023","format":false,"excerpt":"Foto\/Video Agfa Box 44 mit TragetascheAgfa Box 44 VorderseiteAgfa Box 44 - rechte SeiteAgfa Box 44 - Deckel Innenseite Agfa Box 44 (1932)Ein wahrer Oldie! Diese Kamera wurde 1932 - 1937 vom Agfa Kamerawerk in M\u00fcnchen hergestellt. Die Kamera wurde damals f\u00fcr 4 Reichsmark verkauft. Der K\u00e4ufer musste mit vier\u2026","rel":"","context":"Similar post","block_context":{"text":"Similar post","link":""},"img":{"alt_text":"","src":"https:\/\/i0.wp.com\/www.jungsi.de\/blog\/wp-content\/uploads\/Revue-Cine-S4-Boxx-44-und-Tasche.jpg?resize=350%2C200&ssl=1","width":350,"height":200,"srcset":"https:\/\/i0.wp.com\/www.jungsi.de\/blog\/wp-content\/uploads\/Revue-Cine-S4-Boxx-44-und-Tasche.jpg?resize=350%2C200&ssl=1 1x, https:\/\/i0.wp.com\/www.jungsi.de\/blog\/wp-content\/uploads\/Revue-Cine-S4-Boxx-44-und-Tasche.jpg?resize=525%2C300&ssl=1 1.5x, https:\/\/i0.wp.com\/www.jungsi.de\/blog\/wp-content\/uploads\/Revue-Cine-S4-Boxx-44-und-Tasche.jpg?resize=700%2C400&ssl=1 2x, https:\/\/i0.wp.com\/www.jungsi.de\/blog\/wp-content\/uploads\/Revue-Cine-S4-Boxx-44-und-Tasche.jpg?resize=1050%2C600&ssl=1 3x, https:\/\/i0.wp.com\/www.jungsi.de\/blog\/wp-content\/uploads\/Revue-Cine-S4-Boxx-44-und-Tasche.jpg?resize=1400%2C800&ssl=1 4x"},"classes":[]},{"id":37,"url":"https:\/\/www.jungsi.de\/en\/und-mehr\/bikes\/kawasaki-zzr-1200\/","url_meta":{"origin":39942,"position":3},"title":"Kawasaki ZZR 1200","author":"Jungsi","date":"6. November 2008","format":false,"excerpt":"Kawasaki ZZR 1200 Im April 2002 war es endlich so weit: Die ZZR-1200 wurde beim H\u00e4ndler angeliefert. Nach den ersten Kilometern kehrte ich aufgrund einer stark vibrierenden Verkleidungsscheibe zur Werkstatt zur\u00fcck. Beim zweiten Besuch l\u00f6ste der Mechaniker das Problem dank seines Improvisationstalents.Zur Leistung der Maschine l\u00e4sst sich nur sagen: Wow.\u2026","rel":"","context":"In &quot;Allgemein&quot;","block_context":{"text":"Allgemein","link":"https:\/\/www.jungsi.de\/en\/category\/allgemein\/"},"img":{"alt_text":"","src":"https:\/\/i0.wp.com\/www.jungsi.de\/blog\/wp-content\/uploads\/2008\/11\/zzr126blu.jpg?resize=350%2C200&ssl=1","width":350,"height":200,"srcset":"https:\/\/i0.wp.com\/www.jungsi.de\/blog\/wp-content\/uploads\/2008\/11\/zzr126blu.jpg?resize=350%2C200&ssl=1 1x, https:\/\/i0.wp.com\/www.jungsi.de\/blog\/wp-content\/uploads\/2008\/11\/zzr126blu.jpg?resize=525%2C300&ssl=1 1.5x"},"classes":[]},{"id":25366,"url":"https:\/\/www.jungsi.de\/en\/handheld-konsolen\/watara-supervision\/","url_meta":{"origin":39942,"position":4},"title":"Watara Supervision","author":"Jungsi","date":"19. February 2021","format":false,"excerpt":"Watara Supervision Watara Supervsion - GB-2000 Watara Supervision Hartung Supervision - Model SV-100 Auf den ersten Blick unterscheidet sich das Supervision mit seinem zweistufig schwenkbaren Display vom Game Boy. Ansonsten ist es sehr \u00e4hnlich, mit einem Kontrastregler und einem Netzstecker auf der linken Seite, einem Kopfh\u00f6reranschluss vorne, einem Lautst\u00e4rkeregler rechts\u2026","rel":"","context":"Similar post","block_context":{"text":"Similar post","link":""},"img":{"alt_text":"Watara Supervsion","src":"https:\/\/i0.wp.com\/www.jungsi.de\/blog\/wp-content\/uploads\/Watara-Supervsion-Vorderseite.jpg?resize=350%2C200&ssl=1","width":350,"height":200,"srcset":"https:\/\/i0.wp.com\/www.jungsi.de\/blog\/wp-content\/uploads\/Watara-Supervsion-Vorderseite.jpg?resize=350%2C200&ssl=1 1x, https:\/\/i0.wp.com\/www.jungsi.de\/blog\/wp-content\/uploads\/Watara-Supervsion-Vorderseite.jpg?resize=525%2C300&ssl=1 1.5x, https:\/\/i0.wp.com\/www.jungsi.de\/blog\/wp-content\/uploads\/Watara-Supervsion-Vorderseite.jpg?resize=700%2C400&ssl=1 2x"},"classes":[]},{"id":38568,"url":"https:\/\/www.jungsi.de\/en\/datenbank-changelog\/","url_meta":{"origin":39942,"position":5},"title":"Datenbank-Changelog","author":"Jungsi","date":"11. October 2025","format":false,"excerpt":"Datenbank-Changelog Vorwort zum Changelog F\u00fcr alle, die meinen Artikel zur Online-Verwaltung meiner Sammlung gelesen haben und wissen m\u00f6chten, wie es weitergeht: Hier dokumentiere ich im Changelog alle \u00c4nderungen und Erweiterungen, die ich umgesetzt habe. Die meisten Anpassungen entstehen ganz pragmatisch beim t\u00e4glichen Erfassen meiner Daten \u2013 immer dann, wenn mir\u2026","rel":"","context":"Similar post","block_context":{"text":"Similar post","link":""},"img":{"alt_text":"","src":"https:\/\/i0.wp.com\/www.jungsi.de\/blog\/wp-content\/uploads\/Changelog-1.jpg?resize=350%2C200&ssl=1","width":350,"height":200,"srcset":"https:\/\/i0.wp.com\/www.jungsi.de\/blog\/wp-content\/uploads\/Changelog-1.jpg?resize=350%2C200&ssl=1 1x, https:\/\/i0.wp.com\/www.jungsi.de\/blog\/wp-content\/uploads\/Changelog-1.jpg?resize=525%2C300&ssl=1 1.5x, https:\/\/i0.wp.com\/www.jungsi.de\/blog\/wp-content\/uploads\/Changelog-1.jpg?resize=700%2C400&ssl=1 2x"},"classes":[]}],"_links":{"self":[{"href":"https:\/\/www.jungsi.de\/en\/wp-json\/wp\/v2\/pages\/39942","targetHints":{"allow":["GET"]}}],"collection":[{"href":"https:\/\/www.jungsi.de\/en\/wp-json\/wp\/v2\/pages"}],"about":[{"href":"https:\/\/www.jungsi.de\/en\/wp-json\/wp\/v2\/types\/page"}],"author":[{"embeddable":true,"href":"https:\/\/www.jungsi.de\/en\/wp-json\/wp\/v2\/users\/2"}],"replies":[{"embeddable":true,"href":"https:\/\/www.jungsi.de\/en\/wp-json\/wp\/v2\/comments?post=39942"}],"version-history":[{"count":0,"href":"https:\/\/www.jungsi.de\/en\/wp-json\/wp\/v2\/pages\/39942\/revisions"}],"wp:attachment":[{"href":"https:\/\/www.jungsi.de\/en\/wp-json\/wp\/v2\/media?parent=39942"}],"curies":[{"name":"wp","href":"https:\/\/api.w.org\/{rel}","templated":true}]}}