{"id":3749,"date":"2013-09-26T17:20:35","date_gmt":"2013-09-26T16:20:35","guid":{"rendered":"http:\/\/www.jungsi.de\/?page_id=3749"},"modified":"2024-08-07T12:47:18","modified_gmt":"2024-08-07T10:47:18","slug":"atari-die-sammlung","status":"publish","type":"page","link":"https:\/\/www.jungsi.de\/en\/heimcomputer\/atari-die-sammlung\/","title":{"rendered":"Atari"},"content":{"rendered":"<p><\/p>\n\n\n\n<h2 class=\"wp-block-heading has-text-align-center\">Atari Heimcomputer\u00a0<\/h2>\n\n\n\n<ul class=\"wp-block-list\">\n<li><a href=\"https:\/\/www.jungsi.de\/en\/heimcomputer\/atari-die-sammlung\/atari-800xl-und-peripherie\/\" data-type=\"page\" data-id=\"18110\" target=\"_blank\" rel=\"noreferrer noopener\">Atari 800XL<\/a><\/li>\n\n\n\n<li><a href=\"https:\/\/www.jungsi.de\/en\/heimcomputer\/atari-die-sammlung\/atari-falcon\/\" data-type=\"page\" data-id=\"27747\" target=\"_blank\" rel=\"noreferrer noopener\">Atari Falcon<\/a><\/li>\n\n\n\n<li><a href=\"https:\/\/www.jungsi.de\/en\/heimcomputer\/atari-die-sammlung\/atari-portfolio\/\" data-type=\"page\" data-id=\"27749\" target=\"_blank\" rel=\"noreferrer noopener\">Atari Portfolio<\/a><\/li>\n\n\n\n<li><a href=\"https:\/\/www.jungsi.de\/en\/heimcomputer\/atari-die-sammlung\/atari-ste-mega-ste\/\" data-type=\"page\" data-id=\"27745\" target=\"_blank\" rel=\"noreferrer noopener\">Atari ST(E)\/Mega ST(E)<\/a><\/li>\n\n\n\n<li><a href=\"https:\/\/www.jungsi.de\/en\/heimcomputer\/atari-die-sammlung\/atari-tt\/\" data-type=\"page\" data-id=\"21691\" target=\"_blank\" rel=\"noreferrer noopener\">Atari TT<\/a><\/li>\n<\/ul>\n\n\n\n<h3 class=\"wp-block-heading\">Geschichte der Atari Heimcomputer<\/h3>\n\n\n\n<p>Die Geschichte der Atari Heimcomputer beginnt in den sp\u00e4ten 1970er Jahren und erstreckt sich \u00fcber mehrere Modellreihen, die in den 1980er Jahren gro\u00dfen Einfluss auf den Heimcomputermarkt hatten. Hier sind die wichtigsten Meilensteine:<\/p>\n\n\n\n<p><strong>Gr\u00fcndung und fr\u00fche Jahre (1972-1979)<\/strong>:<\/p>\n\n\n\n<ul class=\"wp-block-list\">\n<li><strong>Gr\u00fcndung von Atari<\/strong>: Atari, Inc. wurde 1972 von Nolan Bushnell und Ted Dabney gegr\u00fcndet und erlangte zun\u00e4chst durch die Ver\u00f6ffentlichung von Arcade-Spielen wie Pong Bekanntheit.<\/li>\n\n\n\n<li><strong>Einstieg in den Computermarkt<\/strong>: Ende der 1970er Jahre entschied sich Atari, in den Heimcomputermarkt einzusteigen, um an den Erfolg des Atari 2600 Videospielsystems anzukn\u00fcpfen.<\/li>\n<\/ul>\n\n\n\n<p><strong>Atari 8-Bit Computer (1979-1992)<\/strong>:<\/p>\n\n\n\n<ul class=\"wp-block-list\">\n<li><strong>Erste Modelle<\/strong>: 1979 stellte Atari die Modelle Atari 400 und Atari 800 vor. Diese 8-Bit-Computer boten eine benutzerfreundliche Schnittstelle und fortschrittliche Grafik- und Soundf\u00e4higkeiten f\u00fcr die damalige Zeit.<\/li>\n\n\n\n<li><strong>Technische Merkmale<\/strong>: Die Atari 8-Bit-Computer waren mit dem MOS Technology 6502 Prozessor ausgestattet und boten eine Aufl\u00f6sung von bis zu 320&#215;192 Pixeln bei 256 Farben sowie 4-Kanal-Audio.<\/li>\n\n\n\n<li><strong>Software und Anwendungen<\/strong>: Dank der offenen Architektur und der Unterst\u00fctzung durch Entwickler entstanden zahlreiche Spiele, Bildungssoftware und Produktivit\u00e4tsanwendungen.<\/li>\n<\/ul>\n\n\n\n<p><strong>Atari XL und XE Serien (1983-1992)<\/strong>:<\/p>\n\n\n\n<ul class=\"wp-block-list\">\n<li><strong>Atari XL Serie<\/strong>: 1983 f\u00fchrte Atari die XL-Serie ein, beginnend mit dem Atari 600XL und 800XL. Diese Modelle boten verbesserte Tastaturen, mehr Speicher und neue Peripherieanschl\u00fcsse.<\/li>\n\n\n\n<li><strong>Atari XE Serie<\/strong>: Mitte der 1980er Jahre brachte Atari die XE-Serie auf den Markt, darunter den Atari 65XE und 130XE, die vor allem f\u00fcr ihre verbesserte Speicherverwaltung und Kompatibilit\u00e4t mit den vorherigen 8-Bit-Modellen bekannt waren.<\/li>\n<\/ul>\n\n\n\n<p><strong>Atari ST Serie (1985-1993)<\/strong>:<\/p>\n\n\n\n<ul class=\"wp-block-list\">\n<li><strong>Einf\u00fchrung des Atari ST<\/strong>: 1985 stellte Atari den 16\/32-Bit Atari ST vor, beginnend mit dem 520ST. Der ST war einer der ersten Computer mit einer grafischen Benutzeroberfl\u00e4che, die vom TOS (The Operating System) und der GEM (Graphical Environment Manager) betrieben wurde.<\/li>\n\n\n\n<li><strong>Technische Merkmale<\/strong>: Der ST war mit einem Motorola 68000 Prozessor ausgestattet und bot eine Aufl\u00f6sung von bis zu 640&#215;400 Pixeln bei monochromer Darstellung oder 320&#215;200 Pixeln bei 16 Farben.<\/li>\n\n\n\n<li><strong>Anwendungen und Erfolg<\/strong>: Der Atari ST wurde besonders in der Musikindustrie beliebt, dank seiner integrierten MIDI-Schnittstellen, sowie in der DTP- und Spielegemeinschaft.<\/li>\n<\/ul>\n\n\n\n<p><strong>R\u00fcckgang und Niedergang (1990-1996)<\/strong>:<\/p>\n\n\n\n<ul class=\"wp-block-list\">\n<li><strong>Wachsende Konkurrenz<\/strong>: Mit dem Aufstieg von IBM-kompatiblen PCs und der Apple Macintosh-Reihe geriet Atari zunehmend unter Druck.<\/li>\n\n\n\n<li><strong>Versuch einer Wiederbelebung<\/strong>: Atari versuchte, mit neuen Modellen wie dem Atari TT030 und dem Falcon030 wieder Marktanteile zu gewinnen, jedoch ohne durchschlagenden Erfolg.<\/li>\n\n\n\n<li><strong>Ende der Computerproduktion<\/strong>: Mitte der 1990er Jahre zog sich Atari aus dem Computergesch\u00e4ft zur\u00fcck und konzentrierte sich auf andere Gesch\u00e4ftsbereiche, bevor das Unternehmen schlie\u00dflich 1996 aufgel\u00f6st wurde.<\/li>\n<\/ul>\n\n\n\n<p>Die Atari Heimcomputer spielten eine bedeutende Rolle in der Geschichte der Personal Computer und hatten gro\u00dfen Einfluss auf die Entwicklung von Heimcomputern und deren Anwendungen, insbesondere in den Bereichen Grafik, Sound und Musik.<\/p>","protected":false},"excerpt":{"rendered":"<p>Atari Heimcomputer\u00a0 Geschichte der Atari Heimcomputer Die Geschichte der Atari Heimcomputer beginnt in den sp\u00e4ten 1970er Jahren und erstreckt sich \u00fcber mehrere Modellreihen, die in \u2026<\/p>","protected":false},"author":2,"featured_media":3769,"parent":18076,"menu_order":0,"comment_status":"open","ping_status":"open","template":"","meta":{"_lmt_disableupdate":"","_lmt_disable":"","ngg_post_thumbnail":0,"jetpack_post_was_ever_published":false,"footnotes":"","_links_to":"","_links_to_target":""},"class_list":["post-3749","page","type-page","status-publish","has-post-thumbnail","hentry"],"jetpack_shortlink":"https:\/\/wp.me\/P4eXvk-Yt","jetpack_sharing_enabled":true,"jetpack_likes_enabled":true,"jetpack-related-posts":[{"id":3752,"url":"https:\/\/www.jungsi.de\/en\/retro\/atari\/atari-das-zubehor\/","url_meta":{"origin":3749,"position":0},"title":"Atari &#8211; das Zubeh\u00f6r","author":"Jungsi","date":"26. September 2013","format":false,"excerpt":"Atari Portfolio \u00a0 Atari ST\/TT\/Falcon \u00a0 \u00a0 \u00a0 \u00a0 Atari Lynx Atari Jaguar Atari VCS2600 CX26 Silber Edition Atari 800XL\u00a0","rel":"","context":"Similar post","block_context":{"text":"Similar post","link":""},"img":{"alt_text":"","src":"https:\/\/i0.wp.com\/www.jungsi.de\/blog\/wp-content\/uploads\/portfolio-serial-interface.jpg?resize=350%2C200&ssl=1","width":350,"height":200},"classes":[]},{"id":27883,"url":"https:\/\/www.jungsi.de\/en\/die-sammlung\/literatur\/atari\/","url_meta":{"origin":3749,"position":1},"title":"Atari","author":"Jungsi","date":"14. January 2023","format":false,"excerpt":"Atari Literatur Links zu anderer Atari Literatur- ABBUC- pro(c) Atari- Pfofoinfo- ST Computer- Atari Magazin- Sonstiges Atari Original Literatur Atari 8 Bit Atari 800XL - Manual Atari Portfolio Atari Portfolio Bedienungsanleitung Atari Portfolio - Das gro\u00dfe Buch zum Atari Portfolio Atari Portfolio Programmierpraxis Das Portfolio Praxisbuch Atari ST Atari ST\u2026","rel":"","context":"Similar post","block_context":{"text":"Similar post","link":""},"img":{"alt_text":"","src":"https:\/\/i0.wp.com\/www.jungsi.de\/blog\/wp-content\/uploads\/Atari-ST-Hardware-Handbuch.jpg?resize=350%2C200&ssl=1","width":350,"height":200,"srcset":"https:\/\/i0.wp.com\/www.jungsi.de\/blog\/wp-content\/uploads\/Atari-ST-Hardware-Handbuch.jpg?resize=350%2C200&ssl=1 1x, https:\/\/i0.wp.com\/www.jungsi.de\/blog\/wp-content\/uploads\/Atari-ST-Hardware-Handbuch.jpg?resize=525%2C300&ssl=1 1.5x, https:\/\/i0.wp.com\/www.jungsi.de\/blog\/wp-content\/uploads\/Atari-ST-Hardware-Handbuch.jpg?resize=700%2C400&ssl=1 2x, https:\/\/i0.wp.com\/www.jungsi.de\/blog\/wp-content\/uploads\/Atari-ST-Hardware-Handbuch.jpg?resize=1050%2C600&ssl=1 3x"},"classes":[]},{"id":18110,"url":"https:\/\/www.jungsi.de\/en\/heimcomputer\/atari-die-sammlung\/atari-800xl-und-peripherie\/","url_meta":{"origin":3749,"position":2},"title":"Atari 800XL","author":"Jungsi","date":"30. July 2017","format":false,"excerpt":"Atari 800XL Atari 800XL Der Atari 800 XL war in Deutschland neben dem Commodore 64 sehr bekannt. Er bot bei einem \u00e4hnlichen Preis und einer vergleichbaren Softwarebibliothek einen besseren Sound und eine bessere Grafik als der Sinclair ZX Spectrum. Als Nachfolger des Atari 800 Computers kam er mit Speicher- und\u2026","rel":"","context":"Similar post","block_context":{"text":"Similar post","link":""},"img":{"alt_text":"Sys-Check","src":"https:\/\/i0.wp.com\/www.jungsi.de\/blog\/wp-content\/uploads\/Sys-Check.jpg?resize=350%2C200&ssl=1","width":350,"height":200,"srcset":"https:\/\/i0.wp.com\/www.jungsi.de\/blog\/wp-content\/uploads\/Sys-Check.jpg?resize=350%2C200&ssl=1 1x, https:\/\/i0.wp.com\/www.jungsi.de\/blog\/wp-content\/uploads\/Sys-Check.jpg?resize=525%2C300&ssl=1 1.5x"},"classes":[]},{"id":27747,"url":"https:\/\/www.jungsi.de\/en\/heimcomputer\/atari-die-sammlung\/atari-falcon\/","url_meta":{"origin":3749,"position":3},"title":"Atari Falcon","author":"Jungsi","date":"13. January 2023","format":false,"excerpt":"Atari Falcon Atari Falcon 030 Bis zu seiner Vorstellung und Ver\u00f6ffentlichung durch Atari war der Falcon030 ein gut geh\u00fctetes Geheimnis, das oft nur mit \u201eno comment\u201c kommentiert wurde. Die Produktion \u00fcbernahmen Drittanbieter, da Atari seine Produktionsanlagen bereits verkauft hatte. Sch\u00e4tzungen zufolge wurden bis Herbst 1993 etwa 14.000 Falcon-Computer verkauft, davon\u2026","rel":"","context":"Similar post","block_context":{"text":"Similar post","link":""},"img":{"alt_text":"","src":"https:\/\/i0.wp.com\/www.jungsi.de\/blog\/wp-content\/uploads\/Atari-Falcon030-schraeg-oben.jpg?resize=350%2C200&ssl=1","width":350,"height":200,"srcset":"https:\/\/i0.wp.com\/www.jungsi.de\/blog\/wp-content\/uploads\/Atari-Falcon030-schraeg-oben.jpg?resize=350%2C200&ssl=1 1x, https:\/\/i0.wp.com\/www.jungsi.de\/blog\/wp-content\/uploads\/Atari-Falcon030-schraeg-oben.jpg?resize=525%2C300&ssl=1 1.5x, https:\/\/i0.wp.com\/www.jungsi.de\/blog\/wp-content\/uploads\/Atari-Falcon030-schraeg-oben.jpg?resize=700%2C400&ssl=1 2x, https:\/\/i0.wp.com\/www.jungsi.de\/blog\/wp-content\/uploads\/Atari-Falcon030-schraeg-oben.jpg?resize=1050%2C600&ssl=1 3x, https:\/\/i0.wp.com\/www.jungsi.de\/blog\/wp-content\/uploads\/Atari-Falcon030-schraeg-oben.jpg?resize=1400%2C800&ssl=1 4x"},"classes":[]},{"id":27749,"url":"https:\/\/www.jungsi.de\/en\/heimcomputer\/atari-die-sammlung\/atari-portfolio\/","url_meta":{"origin":3749,"position":4},"title":"Atari Portfolio","author":"Jungsi","date":"13. January 2023","format":false,"excerpt":"Atari Portfolio Atari Portfolio Der Atari Portfolio, eingef\u00fchrt im Jahr 1989, war der erste MS-DOS-kompatible Handheld-Computer. Entwickelt von DIP (Distributed Information Processing Limited) und sp\u00e4ter von Atari lizenziert, hatte er die Gr\u00f6\u00dfe einer VHS-Kassette und wog 505 Gramm, was ihn zu einem Vorl\u00e4ufer der sp\u00e4teren PDAs macht. Der kleine Computer\u2026","rel":"","context":"Similar post","block_context":{"text":"Similar post","link":""},"img":{"alt_text":"","src":"https:\/\/i0.wp.com\/www.jungsi.de\/blog\/wp-content\/uploads\/Atari-Portfolio-Deckel-offen-schraeg.jpg?resize=350%2C200&ssl=1","width":350,"height":200,"srcset":"https:\/\/i0.wp.com\/www.jungsi.de\/blog\/wp-content\/uploads\/Atari-Portfolio-Deckel-offen-schraeg.jpg?resize=350%2C200&ssl=1 1x, https:\/\/i0.wp.com\/www.jungsi.de\/blog\/wp-content\/uploads\/Atari-Portfolio-Deckel-offen-schraeg.jpg?resize=525%2C300&ssl=1 1.5x, https:\/\/i0.wp.com\/www.jungsi.de\/blog\/wp-content\/uploads\/Atari-Portfolio-Deckel-offen-schraeg.jpg?resize=700%2C400&ssl=1 2x, https:\/\/i0.wp.com\/www.jungsi.de\/blog\/wp-content\/uploads\/Atari-Portfolio-Deckel-offen-schraeg.jpg?resize=1050%2C600&ssl=1 3x, https:\/\/i0.wp.com\/www.jungsi.de\/blog\/wp-content\/uploads\/Atari-Portfolio-Deckel-offen-schraeg.jpg?resize=1400%2C800&ssl=1 4x"},"classes":[]},{"id":18106,"url":"https:\/\/www.jungsi.de\/en\/suche-biete\/","url_meta":{"origin":3749,"position":5},"title":"Suche\/Kaufe\/Tausche","author":"Jungsi","date":"30. July 2017","format":false,"excerpt":"Suche\/Kaufe\/Tausche Meine Sammlung kann immer noch das eine oder andere zus\u00e4tzliche St\u00fcck vertragen. Bevor Hardware verschrottet wird, bewahre ich sie gerne vor diesem Schicksal. Die Ger\u00e4te werden gereinigt, soweit m\u00f6glich instand gesetzt und wieder in Betrieb genommen, sollten sie nicht mehr funktionieren. Falls Sie etwas loswerden wollen, k\u00f6nnen Sie sich\u2026","rel":"","context":"Similar post","block_context":{"text":"Similar post","link":""},"img":{"alt_text":"","src":"","width":0,"height":0},"classes":[]}],"_links":{"self":[{"href":"https:\/\/www.jungsi.de\/en\/wp-json\/wp\/v2\/pages\/3749","targetHints":{"allow":["GET"]}}],"collection":[{"href":"https:\/\/www.jungsi.de\/en\/wp-json\/wp\/v2\/pages"}],"about":[{"href":"https:\/\/www.jungsi.de\/en\/wp-json\/wp\/v2\/types\/page"}],"author":[{"embeddable":true,"href":"https:\/\/www.jungsi.de\/en\/wp-json\/wp\/v2\/users\/2"}],"replies":[{"embeddable":true,"href":"https:\/\/www.jungsi.de\/en\/wp-json\/wp\/v2\/comments?post=3749"}],"version-history":[{"count":0,"href":"https:\/\/www.jungsi.de\/en\/wp-json\/wp\/v2\/pages\/3749\/revisions"}],"up":[{"embeddable":true,"href":"https:\/\/www.jungsi.de\/en\/wp-json\/wp\/v2\/pages\/18076"}],"wp:featuredmedia":[{"embeddable":true,"href":"https:\/\/www.jungsi.de\/en\/wp-json\/wp\/v2\/media\/3769"}],"wp:attachment":[{"href":"https:\/\/www.jungsi.de\/en\/wp-json\/wp\/v2\/media?parent=3749"}],"curies":[{"name":"wp","href":"https:\/\/api.w.org\/{rel}","templated":true}]}}