{"id":3745,"date":"2013-07-15T19:04:55","date_gmt":"2013-07-15T17:04:55","guid":{"rendered":"http:\/\/www.jungsi.de\/?page_id=3745"},"modified":"2024-08-07T11:27:22","modified_gmt":"2024-08-07T09:27:22","slug":"sinclair","status":"publish","type":"page","link":"https:\/\/www.jungsi.de\/en\/heimcomputer\/sinclair\/","title":{"rendered":"Sinclair"},"content":{"rendered":"<p><\/p>\n\n\n\n<h2 class=\"wp-block-heading has-text-align-center\"><strong>Jungsis Sinclair Rechner<\/strong><\/h2>\n\n\n\n<p class=\"has-text-align-left\">Die Rechner von Sinclair waren meine erste \u201eLeidenschaft\u201c. Befl\u00fcgelt durch das Lesen der ersten Ausgaben der Zeitschrift P.M. war ich mir sicher, dass ich auch einen Rechner ben\u00f6tigte, damit ich f\u00fcr die Zukunft ger\u00fcstet bin. Da das Ger\u00e4t wenig kosten sollte, bettelte ich meine Oma an mir einen ZX81 zu kaufen. Nach einiger Zeit bekam ich meinen Willen. Schnell war das Handbuch durchgearbeitet, ungeachtet der Tastatur des Ger\u00e4ts. Die ersten Spiele wie z.B. der Flugsimulator trafen ein und was war das f\u00fcr ein Gef\u00fchl \u2013 nach ewig langen Ladezeiten von einer Kassette die ersten Runden zu drehen. Schnell wurde dann der Speicher zu klein und es musste die Speichererweiterung auf 16 KB her, egal wie wacklig das Ganze war und egal wie oft Daten verloren gingen.<br>Aber auch das reichte nicht lange aus und ich wollte den Nachfolger \u2013 den ZX Spectrum, mit einer besseren Tastatur, Farben und Sound!<br>Da auch dieser Rechner nicht viel kosten durfte, wurde dieser \u00fcber die Freundschaftswerbung der Firma Bertelsmann \u201eorganisiert\u201c. Die Folge war stundenlanges Abtippen der Programme aus Zeitschriften und das Ausnutzen der wenigen Spiele, in deren Genuss man damals kam. <br>Die Entwicklung ging aber weiter und ich besch\u00e4ftigte mich immer mehr mit der Programmierung der Rechner und kaufte mit schlie\u00dflich noch den Sinclair QL mit seinem m\u00e4chtigen SuperBASIC, das Dinge vollbringen konnte, die bis dahin unvorstellbar waren.<\/p>\n\n\n\n<p class=\"has-text-align-center\"><a href=\"https:\/\/www.jungsi.de\/en\/heimcomputer\/sinclair\/sinclair-zx-spectrum\/\" data-type=\"page\" data-id=\"27781\">Sinclair ZX Spectrum Rechner und Zubeh\u00f6r<\/a><br><br><a href=\"https:\/\/www.jungsi.de\/en\/heimcomputer\/sinclair\/sinclair-zx80-zx81\/\" data-type=\"page\" data-id=\"27779\">Sinclair ZX 80\/ZX 81 und Zubeh\u00f6r<\/a><\/p>\n\n\n\n<p class=\"has-text-align-center\"><a href=\"https:\/\/www.jungsi.de\/en\/heimcomputer\/sinclair\/sinclair-ql\/\" data-type=\"page\" data-id=\"27777\" target=\"_blank\" rel=\"noreferrer noopener\">Sinclair QL und Zubeh\u00f6r<\/a><\/p>","protected":false},"excerpt":{"rendered":"<p>Jungsis Sinclair Rechner Die Rechner von Sinclair waren meine erste \u201eLeidenschaft\u201c. Befl\u00fcgelt durch das Lesen der ersten Ausgaben der Zeitschrift P.M. war ich mir sicher, \u2026<\/p>","protected":false},"author":2,"featured_media":1230,"parent":18076,"menu_order":0,"comment_status":"open","ping_status":"closed","template":"","meta":{"_lmt_disableupdate":"","_lmt_disable":"","ngg_post_thumbnail":0,"jetpack_post_was_ever_published":false,"footnotes":"","_links_to":"","_links_to_target":""},"class_list":["post-3745","page","type-page","status-publish","has-post-thumbnail","hentry"],"jetpack_shortlink":"https:\/\/wp.me\/P4eXvk-Yp","jetpack_sharing_enabled":true,"jetpack_likes_enabled":true,"jetpack-related-posts":[{"id":18076,"url":"https:\/\/www.jungsi.de\/en\/heimcomputer\/","url_meta":{"origin":3745,"position":0},"title":"home computer","author":"Jungsi","date":"30. July 2017","format":false,"excerpt":"Meine Geschichte Meine Begeisterung f\u00fcr Computer begann in den fr\u00fchen 1980er Jahren. Als ich im P.M. Computerheft \u00fcber diese faszinierende neue Technologie las, erkannte ich sofort: Das ist die Zukunft. Ich bettelte so lange, bis meine Gro\u00dfmutter mir einen Sinclair ZX81 schenkte, damals der g\u00fcnstigste Homecomputer. Fasziniert sa\u00df ich vor\u2026","rel":"","context":"Similar post","block_context":{"text":"Similar post","link":""},"img":{"alt_text":"Acorn","src":"https:\/\/i0.wp.com\/www.jungsi.de\/blog\/wp-content\/uploads\/Acorn.jpg?resize=350%2C200&ssl=1","width":350,"height":200,"srcset":"https:\/\/i0.wp.com\/www.jungsi.de\/blog\/wp-content\/uploads\/Acorn.jpg?resize=350%2C200&ssl=1 1x, https:\/\/i0.wp.com\/www.jungsi.de\/blog\/wp-content\/uploads\/Acorn.jpg?resize=525%2C300&ssl=1 1.5x, https:\/\/i0.wp.com\/www.jungsi.de\/blog\/wp-content\/uploads\/Acorn.jpg?resize=700%2C400&ssl=1 2x, https:\/\/i0.wp.com\/www.jungsi.de\/blog\/wp-content\/uploads\/Acorn.jpg?resize=1050%2C600&ssl=1 3x, https:\/\/i0.wp.com\/www.jungsi.de\/blog\/wp-content\/uploads\/Acorn.jpg?resize=1400%2C800&ssl=1 4x"},"classes":[]},{"id":27775,"url":"https:\/\/www.jungsi.de\/en\/heimcomputer\/schneider-amstrad\/schneider-joyce\/","url_meta":{"origin":3745,"position":1},"title":"Schneider Joyce","author":"Jungsi","date":"13. January 2023","format":false,"excerpt":"Schneider Joyce Schneider Joyce 8256 Ein beinahe in Vergessenheit geratenes Ger\u00e4t aus den 1980er Jahren ist der Schneider Joyce. Urspr\u00fcnglich in England von Amstrad entwickelt, wurden die Schneider CPC-Rechner von den Schneider Rundfunkwerken in Deutschland vertrieben. In Gro\u00dfbritannien wurde das Produkt unter dem Namen PCW (Personal Computer for Word Processing)\u2026","rel":"","context":"Similar post","block_context":{"text":"Similar post","link":""},"img":{"alt_text":"Schneider Joyce 8256","src":"https:\/\/i0.wp.com\/www.jungsi.de\/blog\/wp-content\/uploads\/Schneider-Joyce-8256.jpg?resize=350%2C200&ssl=1","width":350,"height":200,"srcset":"https:\/\/i0.wp.com\/www.jungsi.de\/blog\/wp-content\/uploads\/Schneider-Joyce-8256.jpg?resize=350%2C200&ssl=1 1x, https:\/\/i0.wp.com\/www.jungsi.de\/blog\/wp-content\/uploads\/Schneider-Joyce-8256.jpg?resize=525%2C300&ssl=1 1.5x, https:\/\/i0.wp.com\/www.jungsi.de\/blog\/wp-content\/uploads\/Schneider-Joyce-8256.jpg?resize=700%2C400&ssl=1 2x, https:\/\/i0.wp.com\/www.jungsi.de\/blog\/wp-content\/uploads\/Schneider-Joyce-8256.jpg?resize=1050%2C600&ssl=1 3x"},"classes":[]},{"id":27777,"url":"https:\/\/www.jungsi.de\/en\/heimcomputer\/sinclair\/sinclair-ql\/","url_meta":{"origin":3745,"position":2},"title":"Sinclair QL","author":"Jungsi","date":"13. January 2023","format":false,"excerpt":"Sinclair QL Sinclair QL Der Sinclair QL (Quantum Leap) wurde 1984 von Sinclair Research als High-End-Alternative zum ZX Spectrum eingef\u00fchrt. Ziel war es, unter anderem durch den Einsatz eines Motorola 68008 Prozessors eine Leistungssteigerung zu erreichen. Jedoch war die 32-Bit-Architektur des Prozessors nur \u00fcber einen begrenzten 8-Bit-Datenpfad mit dem System\u2026","rel":"","context":"Similar post","block_context":{"text":"Similar post","link":""},"img":{"alt_text":"Qimsi Gold","src":"https:\/\/i0.wp.com\/www.jungsi.de\/blog\/wp-content\/uploads\/Qimsi-Gold-Oberseite.jpg?resize=350%2C200&ssl=1","width":350,"height":200,"srcset":"https:\/\/i0.wp.com\/www.jungsi.de\/blog\/wp-content\/uploads\/Qimsi-Gold-Oberseite.jpg?resize=350%2C200&ssl=1 1x, https:\/\/i0.wp.com\/www.jungsi.de\/blog\/wp-content\/uploads\/Qimsi-Gold-Oberseite.jpg?resize=525%2C300&ssl=1 1.5x, https:\/\/i0.wp.com\/www.jungsi.de\/blog\/wp-content\/uploads\/Qimsi-Gold-Oberseite.jpg?resize=700%2C400&ssl=1 2x, https:\/\/i0.wp.com\/www.jungsi.de\/blog\/wp-content\/uploads\/Qimsi-Gold-Oberseite.jpg?resize=1050%2C600&ssl=1 3x, https:\/\/i0.wp.com\/www.jungsi.de\/blog\/wp-content\/uploads\/Qimsi-Gold-Oberseite.jpg?resize=1400%2C800&ssl=1 4x"},"classes":[]},{"id":36002,"url":"https:\/\/www.jungsi.de\/en\/fpga-rechner\/","url_meta":{"origin":3745,"position":3},"title":"FPGA-Rechner","author":"Jungsi","date":"11. March 2025","format":false,"excerpt":"FPGA-Rechner Computer, die auf FPGA-Basis (Field Programmable Gate Array) laufe, k\u00f6nnen als rekonfigurierbare Computer der hardwareprogrammierbare Systeme beschrieben werden. Sie unterscheiden sich von herk\u00f6mlichen Prozessor-basierten Systemen dadurch, dass Ihre Hardware-Struktur flexibel und ver\u00e4nderbar ist. Ein Anwendungsbereich dabei ist die zyklengenaue Nachbildung alter Computerarchitekturen (z.B. Amiga, C64, Atari). Beispiel: MiSTer FPGA,\u2026","rel":"","context":"Similar post","block_context":{"text":"Similar post","link":""},"img":{"alt_text":"","src":"https:\/\/i0.wp.com\/www.jungsi.de\/blog\/wp-content\/uploads\/Speccy2010-oben.jpg?resize=350%2C200&ssl=1","width":350,"height":200,"srcset":"https:\/\/i0.wp.com\/www.jungsi.de\/blog\/wp-content\/uploads\/Speccy2010-oben.jpg?resize=350%2C200&ssl=1 1x, https:\/\/i0.wp.com\/www.jungsi.de\/blog\/wp-content\/uploads\/Speccy2010-oben.jpg?resize=525%2C300&ssl=1 1.5x, https:\/\/i0.wp.com\/www.jungsi.de\/blog\/wp-content\/uploads\/Speccy2010-oben.jpg?resize=700%2C400&ssl=1 2x, https:\/\/i0.wp.com\/www.jungsi.de\/blog\/wp-content\/uploads\/Speccy2010-oben.jpg?resize=1050%2C600&ssl=1 3x, https:\/\/i0.wp.com\/www.jungsi.de\/blog\/wp-content\/uploads\/Speccy2010-oben.jpg?resize=1400%2C800&ssl=1 4x"},"classes":[]},{"id":30396,"url":"https:\/\/www.jungsi.de\/en\/taschenrechner\/","url_meta":{"origin":3745,"position":4},"title":"Taschenrechner","author":"Jungsi","date":"26. August 2023","format":false,"excerpt":"Taschenrechner Privileg 685 D-E-NCDer Privileg 685 D-E-NC ist ein wissenschaftlicher Taschenrechner mit 8-stelliger Genauigkeit und algebraischer Logik. Er hat 23 Funktionen, 36 Tasten und ein VFD-Display (Vakuum-Fluoreszenz). Die Stromquelle ist 2xAA. Der Rechner wurde 1976 eingef\u00fchrt und in Deutschland von Privileg - einer Quelle-Tochter hergestellt. Casio FX-85Der erste Casio FX-85\u2026","rel":"","context":"Similar post","block_context":{"text":"Similar post","link":""},"img":{"alt_text":"","src":"https:\/\/i0.wp.com\/www.jungsi.de\/blog\/wp-content\/uploads\/privileg-685D-E-NC.jpg?resize=350%2C200&ssl=1","width":350,"height":200,"srcset":"https:\/\/i0.wp.com\/www.jungsi.de\/blog\/wp-content\/uploads\/privileg-685D-E-NC.jpg?resize=350%2C200&ssl=1 1x, https:\/\/i0.wp.com\/www.jungsi.de\/blog\/wp-content\/uploads\/privileg-685D-E-NC.jpg?resize=525%2C300&ssl=1 1.5x, https:\/\/i0.wp.com\/www.jungsi.de\/blog\/wp-content\/uploads\/privileg-685D-E-NC.jpg?resize=700%2C400&ssl=1 2x, https:\/\/i0.wp.com\/www.jungsi.de\/blog\/wp-content\/uploads\/privileg-685D-E-NC.jpg?resize=1050%2C600&ssl=1 3x"},"classes":[]},{"id":27698,"url":"https:\/\/www.jungsi.de\/en\/heimcomputer\/sonstige-hersteller\/dragon-32\/","url_meta":{"origin":3745,"position":5},"title":"Dragon 32","author":"Jungsi","date":"13. January 2023","format":false,"excerpt":"Dragon 32 Dragon 32 Der Dragon 32 war Mettoys Versuch, sich im aufstrebenden Markt der Heimcomputer zu etablieren. Das Projekt startete Ende 1981 mit begrenzter Entwicklungszeit. Aufgrund des engen Zeitplans wurde Microsoft BASIC lizenziert, was die Auswahl an Prozessoren einschr\u00e4nkte. Die Wahl fiel auf den Motorola 6809, der gut zum\u2026","rel":"","context":"Similar post","block_context":{"text":"Similar post","link":""},"img":{"alt_text":"Joystick Adapter","src":"https:\/\/i0.wp.com\/www.jungsi.de\/blog\/wp-content\/uploads\/Joystick-Adapter.jpg?resize=350%2C200&ssl=1","width":350,"height":200,"srcset":"https:\/\/i0.wp.com\/www.jungsi.de\/blog\/wp-content\/uploads\/Joystick-Adapter.jpg?resize=350%2C200&ssl=1 1x, https:\/\/i0.wp.com\/www.jungsi.de\/blog\/wp-content\/uploads\/Joystick-Adapter.jpg?resize=525%2C300&ssl=1 1.5x, https:\/\/i0.wp.com\/www.jungsi.de\/blog\/wp-content\/uploads\/Joystick-Adapter.jpg?resize=700%2C400&ssl=1 2x, https:\/\/i0.wp.com\/www.jungsi.de\/blog\/wp-content\/uploads\/Joystick-Adapter.jpg?resize=1050%2C600&ssl=1 3x, https:\/\/i0.wp.com\/www.jungsi.de\/blog\/wp-content\/uploads\/Joystick-Adapter.jpg?resize=1400%2C800&ssl=1 4x"},"classes":[]}],"_links":{"self":[{"href":"https:\/\/www.jungsi.de\/en\/wp-json\/wp\/v2\/pages\/3745","targetHints":{"allow":["GET"]}}],"collection":[{"href":"https:\/\/www.jungsi.de\/en\/wp-json\/wp\/v2\/pages"}],"about":[{"href":"https:\/\/www.jungsi.de\/en\/wp-json\/wp\/v2\/types\/page"}],"author":[{"embeddable":true,"href":"https:\/\/www.jungsi.de\/en\/wp-json\/wp\/v2\/users\/2"}],"replies":[{"embeddable":true,"href":"https:\/\/www.jungsi.de\/en\/wp-json\/wp\/v2\/comments?post=3745"}],"version-history":[{"count":0,"href":"https:\/\/www.jungsi.de\/en\/wp-json\/wp\/v2\/pages\/3745\/revisions"}],"up":[{"embeddable":true,"href":"https:\/\/www.jungsi.de\/en\/wp-json\/wp\/v2\/pages\/18076"}],"wp:featuredmedia":[{"embeddable":true,"href":"https:\/\/www.jungsi.de\/en\/wp-json\/wp\/v2\/media\/1230"}],"wp:attachment":[{"href":"https:\/\/www.jungsi.de\/en\/wp-json\/wp\/v2\/media?parent=3745"}],"curies":[{"name":"wp","href":"https:\/\/api.w.org\/{rel}","templated":true}]}}