{"id":37,"date":"2008-11-06T12:03:09","date_gmt":"2008-11-06T11:03:09","guid":{"rendered":"http:\/\/www.jungsi.de\/blog\/?page_id=37"},"modified":"2024-08-01T09:47:11","modified_gmt":"2024-08-01T07:47:11","slug":"kawasaki-zzr-1200","status":"publish","type":"page","link":"https:\/\/www.jungsi.de\/en\/und-mehr\/bikes\/kawasaki-zzr-1200\/","title":{"rendered":"Kawasaki ZZR 1200"},"content":{"rendered":"<p><\/p>\n\n\n\n<h2 class=\"wp-block-heading has-text-align-center\">Kawasaki ZZR 1200<\/h2>\n\n\n\n<p>Im April 2002 war es endlich so weit: Die ZZR-1200 wurde beim H\u00e4ndler angeliefert. Nach den ersten Kilometern kehrte ich aufgrund einer stark vibrierenden Verkleidungsscheibe zur Werkstatt zur\u00fcck. Beim zweiten Besuch l\u00f6ste der Mechaniker das Problem dank seines Improvisationstalents.<br>Zur Leistung der Maschine l\u00e4sst sich nur sagen: Wow. Sie ist perfekt f\u00fcr alle, die nicht mehr schalten m\u00f6chten.<br>Im Gebirge und auf engen Stra\u00dfen sp\u00fcrt man gelegentlich das hohe Gewicht von 275 kg. Beim Anbremsen vor Kurven ist Vorsicht geboten, da die ZZR zum Aufstellen neigt. Ist sie jedoch erst einmal in der Kurve, bleibt sie nahezu unersch\u00fctterlich.<br>Nach der ersten Urlaubsfahrt stand der erste Kundendienst an, bei dem ich auch die Reifen \u00fcberpr\u00fcfen lie\u00df, da ich zwischen 80 und 100 km\/h ein Lenkerflattern bemerkte. Nach dem Auswuchten der Reifen war das Flattern deutlich reduziert. Bei starker Beladung empfiehlt es sich, die hintere Federung auf Stufe 5 einzustellen. Der Verbrauch ist erstaunlich moderat \u2013 auf der Landstra\u00dfe etwa 5 bis 6 Liter, auf der Autobahn 6 bis 8 Liter. Ich frage mich, ob ich zu unsportlich fahre oder warum die meisten Tester \u00fcber 8 Liter verbrauchen. Und zur Sportlichkeit: Warum erreiche ich 12.500 km auf dem Hinterreifen, w\u00e4hrend andere nur zwischen 3.000 und 6.000 km schaffen?<\/p>\n\n\n\n<p>Ist der Reifen wirklich so gut? Die Saison endet und der Kilometerstand betr\u00e4gt etwa 14.500 km \u2013 es wurde wieder viel gefahren. Sicherlich wird die zweite Saison noch besser sein \u2013 ich habe mich bereits daran gew\u00f6hnt und die Einfahrphase ist vorbei.<br>Nach Abschluss des Umbaus wirkt sie meiner Meinung nach etwas sportlicher und kompakter. Da MRA die angek\u00fcndigte Tourenscheibe nicht hergestellt hat (warum eigentlich nicht? \u00c4rgerlicher Varioscreen\u2026), muss ich weiterhin nach Alternativen suchen.<br>Die Saison ist vorbei und das Fazit bez\u00fcglich der Materialqualit\u00e4t von Kawasaki ist nicht besonders positiv. Es scheint nicht normal zu sein, dass in dieser Saison (zum Schluss \u00fcber 26.000 km auf dem Tacho) sowohl die Zylinderkopfdichtung als auch die Bremsscheiben versagt haben (alles auf Garantie ersetzt). Anscheinend erwartet Kawa nicht eine solche Kilometerleistung. Nicht zu erw\u00e4hnen sind die L\u00e4ufer auf dem Tank, nachdem der \u00dcberlauf nicht korrekt funktionierte. Die neue Lackierung wurde mir von der zust\u00e4ndigen technischen Au\u00dfendienstmitarbeiterin verweigert, und ich wurde praktisch als zu dumm zum Tanken abgestempelt. Danke, Kawa!<br>Wegen Problemen mit meinem Handgelenk (nein, nicht das, was jetzt einige denken m\u00f6gen) werde ich im Fr\u00fchjahr 2004 wahrscheinlich einen Superbike-Lenker von ABM installieren, um die Belastung meiner Handgelenke zu reduzieren. Nachdem die Probleme mit den Handgelenken behoben waren, habe ich keinen Superbike-Lenker montiert, sondern mir nach einiger Suche eine schwarze Tourenscheibe einer spanischen Firma (sogar mit deutschen Papieren) f\u00fcr etwa 70 Euro geg\u00f6nnt.<\/p>\n\n\n\n<p>Da f\u00fcr 2005 offenbar l\u00e4ngere Touren geplant sind, werde ich mir die verschiedenen Koffersysteme genauer ansehen. Besonders interessant finde ich das De-Lock System f\u00fcr die schnelle Montage und Demontage, das mit Givi-Koffern und Topcase kompatibel ist!<\/p>\n\n\n\n<p>Nach Beendigung meiner Urlaubstour 2005 nach Sardinien, die viele Kurven beinhaltete, habe ich beschlossen, mich von der ZZR zu trennen. Meiner Meinung nach ist die ZZR f\u00fcr solche Touren mit schnellen Lastwechseln nicht besonders geeignet, oder ich habe einfach nicht das richtige H\u00e4ndchen daf\u00fcr. \ud83d\ude42<\/p>\n\n\n\n<p><small><span style=\"text-decoration: underline;\">Umbau meiner ZZR1200:<\/span><\/small><\/p>ngg_shortcode_0_placeholder<p>&nbsp;<\/p>","protected":false},"excerpt":{"rendered":"<p>Kawasaki ZZR 1200 Im April 2002 war es endlich so weit: Die ZZR-1200 wurde beim H\u00e4ndler angeliefert. Nach den ersten Kilometern kehrte ich aufgrund einer \u2026<\/p>","protected":false},"author":1,"featured_media":82,"parent":8,"menu_order":3,"comment_status":"open","ping_status":"open","template":"","meta":{"_lmt_disableupdate":"","_lmt_disable":"","ngg_post_thumbnail":0,"jetpack_post_was_ever_published":false,"footnotes":"","_links_to":"","_links_to_target":""},"class_list":["post-37","page","type-page","status-publish","has-post-thumbnail","hentry"],"jetpack_shortlink":"https:\/\/wp.me\/P4eXvk-B","jetpack_sharing_enabled":true,"jetpack_likes_enabled":true,"jetpack-related-posts":[{"id":40,"url":"https:\/\/www.jungsi.de\/en\/und-mehr\/bikes\/kawasaki-z1000\/","url_meta":{"origin":37,"position":0},"title":"Kawasaki Z1000","author":"Jungsi","date":"6. November 2008","format":false,"excerpt":"Kawasaki Z1000 Nach der Urlaubstour 2005 habe ich mich spontan entschlossen, zu meinen Wurzeln (Naked Bike) zur\u00fcckzukehren.Hintergrund waren unter anderem das hohe Gewicht und die \u201eUnhandlichkeit\u201c der ZZR.Da mir die Z1000 schon bei ihrem Erscheinen gefallen hat und ich nach einer Probefahrt vom Handling und dem Sound begeistert war, fiel\u2026","rel":"","context":"In &quot;Allgemein&quot;","block_context":{"text":"Allgemein","link":"https:\/\/www.jungsi.de\/en\/category\/allgemein\/"},"img":{"alt_text":"","src":"","width":0,"height":0},"classes":[]},{"id":35,"url":"https:\/\/www.jungsi.de\/en\/und-mehr\/bikes\/kawasaki-zrx-1200\/","url_meta":{"origin":37,"position":1},"title":"Kawasaki ZRX 1200","author":"Jungsi","date":"5. November 2008","format":false,"excerpt":"Kawasaki ZRX 1200 2001 stand dann wieder eine Entscheidung an. Enweder mit der ZR-7 weiterfahren oder doch nochmal umsteigen. Nachdem man mit der ZR-7 immer dem Fahrtwind voll ausgesetzt ist, stand ich vor der Frage endlich etwas mit Verkleidung zu fahren. Supersportler sollte es aber keiner sein. Zuviel Plastik ist\u2026","rel":"","context":"In &quot;Allgemein&quot;","block_context":{"text":"Allgemein","link":"https:\/\/www.jungsi.de\/en\/category\/allgemein\/"},"img":{"alt_text":"","src":"https:\/\/i0.wp.com\/www.jungsi.de\/blog\/wp-content\/uploads\/2008\/11\/zrx12s6blu.jpg?resize=350%2C200&ssl=1","width":350,"height":200,"srcset":"https:\/\/i0.wp.com\/www.jungsi.de\/blog\/wp-content\/uploads\/2008\/11\/zrx12s6blu.jpg?resize=350%2C200&ssl=1 1x, https:\/\/i0.wp.com\/www.jungsi.de\/blog\/wp-content\/uploads\/2008\/11\/zrx12s6blu.jpg?resize=525%2C300&ssl=1 1.5x"},"classes":[]},{"id":25,"url":"https:\/\/www.jungsi.de\/en\/und-mehr\/bikes\/kawasaki-zr-7\/","url_meta":{"origin":37,"position":2},"title":"Kawasaki ZR-7","author":"Jungsi","date":"5. November 2008","format":false,"excerpt":"Kawasaki ZR-7 1999 markierte das Jahr des Wandels. Der F\u00fchrerschein war bereits zwei Jahre alt, und das Motorrad begann, zu schw\u00e4cheln. Was tun, fragte Zeus? Richtig! Ein neues Moped kaufen. Gesagt, getan. Das alte Moped wurde eingetauscht, ein neues erstanden. Die ZR-7, die im Fr\u00fchjahr 1999 mit 78 PS neu\u2026","rel":"","context":"In &quot;Allgemein&quot;","block_context":{"text":"Allgemein","link":"https:\/\/www.jungsi.de\/en\/category\/allgemein\/"},"img":{"alt_text":"","src":"https:\/\/i0.wp.com\/www.jungsi.de\/blog\/wp-content\/uploads\/2008\/11\/zr7r6.jpg?resize=350%2C200&ssl=1","width":350,"height":200},"classes":[]},{"id":42,"url":"https:\/\/www.jungsi.de\/en\/und-mehr\/bikes\/aprilia-tuono-factory\/","url_meta":{"origin":37,"position":3},"title":"Aprilia Tuono Factory","author":"Jungsi","date":"9. November 2008","format":false,"excerpt":"Aprilia Tuono Factory Ein neues Kapitel beginnt! Nach einem Jahrzehnt mit Kawasaki wage ich 2008 den Schritt zu neuen Ufern und wechsle die Marke. Da Kawasaki das Design der Z1000 in den letzten Jahren eher verschlechtert als verbessert hat und die versprochene Z1400 nicht erschienen ist, probiere ich eine andere\u2026","rel":"","context":"In &quot;Allgemein&quot;","block_context":{"text":"Allgemein","link":"https:\/\/www.jungsi.de\/en\/category\/allgemein\/"},"img":{"alt_text":"","src":"https:\/\/i0.wp.com\/www.jungsi.de\/blog\/wp-content\/uploads\/2008\/11\/cms_425_472.jpg?resize=350%2C200&ssl=1","width":350,"height":200},"classes":[]},{"id":11,"url":"https:\/\/www.jungsi.de\/en\/und-mehr\/bikes\/kawasaki-er-5\/","url_meta":{"origin":37,"position":4},"title":"Kawasaki ER-5","author":"Jungsi","date":"5. November 2008","format":false,"excerpt":"Kawasaki ER-5 Anfang 1998 hatte sich die finanzielle Lage endlich etwas erholt, und so konnte das erste eigene Motorrad angeschafft werden. Wie bei vielen anderen auch, war es eine neue Kawa ER-5 mit gedrosselten 34 PS. Nach den ersten Ausfahrten folgte bald die erste gr\u00f6\u00dfere Tour nach K\u00e4rnten (mit Sozia),\u2026","rel":"","context":"In &quot;Allgemein&quot;","block_context":{"text":"Allgemein","link":"https:\/\/www.jungsi.de\/en\/category\/allgemein\/"},"img":{"alt_text":"","src":"https:\/\/i0.wp.com\/www.jungsi.de\/blog\/wp-content\/uploads\/2008\/11\/er5twr6.jpg?resize=350%2C200&ssl=1","width":350,"height":200,"srcset":"https:\/\/i0.wp.com\/www.jungsi.de\/blog\/wp-content\/uploads\/2008\/11\/er5twr6.jpg?resize=350%2C200&ssl=1 1x, https:\/\/i0.wp.com\/www.jungsi.de\/blog\/wp-content\/uploads\/2008\/11\/er5twr6.jpg?resize=525%2C300&ssl=1 1.5x"},"classes":[]},{"id":119,"url":"https:\/\/www.jungsi.de\/en\/reisen\/kreta-1998\/","url_meta":{"origin":37,"position":5},"title":"Kreta 1998","author":"Jungsi","date":"9. November 2008","format":false,"excerpt":"Die Vorplanung war relativ schnell erledigt. Pauschalflug ab M\u00fcnchen gebucht, bei einem Kreta-Spezialisten in M\u00fcnchen ein Appartement (Selbstversorgung) gemietet und ab ging die Post. Wenn man dazu Zeit hat, sollte man sich unbedingt den Spass erlauben und mit einem griechischen Taxi fahren (der Wahnsinn...). Nachdem wir trotz der Taxifahrt heil\u2026","rel":"","context":"In &quot;Allgemein&quot;","block_context":{"text":"Allgemein","link":"https:\/\/www.jungsi.de\/en\/category\/allgemein\/"},"img":{"alt_text":"","src":"","width":0,"height":0},"classes":[]}],"_links":{"self":[{"href":"https:\/\/www.jungsi.de\/en\/wp-json\/wp\/v2\/pages\/37","targetHints":{"allow":["GET"]}}],"collection":[{"href":"https:\/\/www.jungsi.de\/en\/wp-json\/wp\/v2\/pages"}],"about":[{"href":"https:\/\/www.jungsi.de\/en\/wp-json\/wp\/v2\/types\/page"}],"author":[{"embeddable":true,"href":"https:\/\/www.jungsi.de\/en\/wp-json\/wp\/v2\/users\/1"}],"replies":[{"embeddable":true,"href":"https:\/\/www.jungsi.de\/en\/wp-json\/wp\/v2\/comments?post=37"}],"version-history":[{"count":0,"href":"https:\/\/www.jungsi.de\/en\/wp-json\/wp\/v2\/pages\/37\/revisions"}],"up":[{"embeddable":true,"href":"https:\/\/www.jungsi.de\/en\/wp-json\/wp\/v2\/pages\/8"}],"wp:featuredmedia":[{"embeddable":true,"href":"https:\/\/www.jungsi.de\/en\/wp-json\/wp\/v2\/media\/82"}],"wp:attachment":[{"href":"https:\/\/www.jungsi.de\/en\/wp-json\/wp\/v2\/media?parent=37"}],"curies":[{"name":"wp","href":"https:\/\/api.w.org\/{rel}","templated":true}]}}