{"id":365,"date":"2008-12-22T15:57:34","date_gmt":"2008-12-22T14:57:34","guid":{"rendered":"http:\/\/www.jungsi.de\/?page_id=365"},"modified":"2024-08-01T10:15:20","modified_gmt":"2024-08-01T08:15:20","slug":"sardinien-2005","status":"publish","type":"page","link":"https:\/\/www.jungsi.de\/en\/reisen\/sardinien-2005\/","title":{"rendered":"Sardinien 2005"},"content":{"rendered":"<p><\/p>\n\n\n\n<h2 class=\"wp-block-heading has-text-align-center\">Sardinien 2005<\/h2>\n\n\n\n<p>Dieses Mal werde ich den Tourenbericht etwas anders gestalten. Aufgrund der L\u00e4nge der Tour und den Eindr\u00fccken, werde ich die Bilder f\u00fcr sich sprechen lassen. Wir haben auch keine bestimmten Sehensw\u00fcrdigkeiten angesteuert bzw. hatten dazu auch gar keine Zeit \ud83d\ude42<\/p>\n\n\n\n<p>Nun aber zur Tour.<br>Dabei waren:<br>&#8211; Sandra (Z750)<br>&#8211; Volker (ZX10R)<br>&#8211; Gerhard (ZX9R)<br>und ich (ZZR1200)<\/p>\n\n\n\n<p>Los gings an einem Sonntag gegen 5.30 Uhr (so fr\u00fch, weil die Dauer der Fahrt schlecht einzusch\u00e4tzen war). Wir machten uns in Richtung Traunstein auf den Weg. Wie so oft in der Vergangenheit mussten auch dieses Mal schon nach wenigen Kilometern von den meisten die Regenkombis angelegt werden.<br>Mit der \u00f6sterreichischen 10-Tages Vignette ausgestattet ging es \u00fcber Kufstein und Innsbruck zum Brenner. Weiter f\u00fchrte uns die Route vorbei an Bozen, Modena und Bologna. Da es stupides (aber unvermeidbares) Autobahnfahren war, gibts es hierzu nichts Nennenswertes zu berichten. Als wir die Autobahn bei Livorno verlie\u00dfen, wurden uns ca. 30 Euro Maut abgekn\u00f6pft.<br>In Livorno kamen wir dann gegen 15.30 Uhr an (mit den entsprechenden Schmerzen nach 830 km). Nachdem wir dann auch den richtigen F\u00e4hrhafen ausfindig gemacht hatten, wurden wir auf 18.30 Uhr vertr\u00f6stet. Um diese Zeit \u00f6ffnen erst die Ticketschalter. Wir also ab in die Innenstadt von Livorno und endlich eine Pizzeria f\u00fcr das verdiente Essen gesucht. Nach dieser Pause kamen wir dann p\u00fcnktlich zur \u00d6ffnung der Schalter zum F\u00e4hrhafen. Die n\u00f6tigen Tickets waren schnell gel\u00f6st und kosteten f\u00fcr die einfache Passage (mit Motorrad und N\u00e4chtigung an Deck) 68 Euro.<br>Bis zur Verladung, die nach zwei Stunden Wartezeit begann, war noch Zeit f\u00fcr ein k\u00fchles Bierchen *g*. Die Motorr\u00e4der wurden als erstes verladen und von der Besatzung nochmal mit starken Schn\u00fcren an der Bordwand zus\u00e4tzlich verzurrt.<br>Nach einem kurzen Irrweg durch die F\u00e4hre machten wir es uns an Deck in den vorhandenen Liegest\u00fchlen so bequem wie m\u00f6glich. Ich f\u00fcr meinen Teil muss sagen, dass ich eine solche \u00dcberfahrt nie wieder ohne Kabine machen werde. An Deck ist immer etwas Zug, sodass man alles anziehen musste, was an Kleidung vorhanden war. Von ein paar Mal kurz Einnicken abgesehen, war so gut wie die ganze Nacht an Schlaf kaum zu denken.<br>Nat\u00fcrlich sollte man auf so einer \u00dcberfahrt den Sonnenaufgang kaum verpassen. Nach einem kr\u00e4ftigen Fr\u00fchst\u00fcck und einigen Tassen Cappuccino sah es wieder etwas besser aus.<br>Nach dem ebenfalls geordneten Ausladen der Fahrzeuge, lie\u00dfen wir erstmal die ganzen Autos den Hafen verlassen, bevor wir uns auf den Weg zum anvisierten Hotel machten.<br>Der Weg f\u00fchrte uns nach Cala Gogogne (nochmal ca. 200 km). Schnell fanden wir dort ein Hotel, das preislich ok war. Nach den Strapazen waren erstmal ein paar Bierchen f\u00e4llig.<br>Im Nachhinein erfuhren wir, dass unser Hotel sogar auch noch das beste Restaurant am Ort war. In diesem Teil Italiens kommt man mit Deutsch oder Englisch nicht sonderlich weit. Die Speisekarten sind fast immer italienisch. Wir hatten Gl\u00fcck mit unserem Oberkellner &#8211; da dieser seinem Chef eine auswischen wollte &#8211; gab es das eine oder andere Bier kostenlos.<\/p>\n\n\n\n<p>Die Strecken sind der Hammer &#8211; besonders die K\u00fcstenstra\u00dfe &#8211; die direkt an unserem \u00dcbernachtungsort startet. 50 km Kurven ohne Ende und kaum Verkehr &#8211; super Stra\u00dfenbelag &#8211; aus EU-Geldern. Nachdem Volker auf dieser Strecke mal die Z750 von Sandra probiert hat, mussten wir feststellen, dass auch bei diesem Moped die Fu\u00dfrasten aufsetzen k\u00f6nnen. Auch im Landesinnern setzten sich die genialen Strecken fort. Leider wurden wir hier zweimal von heftigen Unwettern \u00fcberrascht.<\/p>\n\n\n\n<p>Zur Heimfahrt leisteten wir uns auf Empfehlung von \u00f6sterreichischen Motorradkollegen eine Schnellf\u00e4hre. Das war eindeutig ein Fehler ;-). Abfahrt 22 Uhr &#8211; Ankunft Livorno 24 Uhr. Nun standen wir um Mitternacht in Livorno. Die Weiterfahrt war ein Horrortrip &#8211; mitten in der Nacht &#8211; \u00fcberm\u00fcdet von der Tagestour auf der Autobahn zum Gardasee. Einige Stopps mit viel Cappuccino hielten uns vom Einschlafen ab. Aber Ende gut &#8211; alles gut. Gegen 7 Uhr kamen wir endlich am Gardasee an &#8211; dort mussten wir dann noch zwei Stunden warten bis die Zimmervermittlung \u00f6ffnete und wir uns endlich Schlafen legen konnten.<br>Am n\u00e4chsten Tag waren wir zwar ausgeschlafen, aber bedauerlicherweise regnete es, sodass wir nur eine kleine Runde drehten.<br>Am n\u00e4chsten Tag ging es dann wieder in Richtung Heimat.<\/p>ngg_shortcode_0_placeholder","protected":false},"excerpt":{"rendered":"<p>Sardinien 2005 Dieses Mal werde ich den Tourenbericht etwas anders gestalten. Aufgrund der L\u00e4nge der Tour und den Eindr\u00fccken, werde ich die Bilder f\u00fcr sich \u2026<\/p>","protected":false},"author":2,"featured_media":0,"parent":45,"menu_order":9,"comment_status":"open","ping_status":"open","template":"","meta":{"_lmt_disableupdate":"","_lmt_disable":"","ngg_post_thumbnail":0,"jetpack_post_was_ever_published":false,"footnotes":"","_links_to":"","_links_to_target":""},"class_list":["post-365","page","type-page","status-publish","hentry"],"jetpack_shortlink":"https:\/\/wp.me\/P4eXvk-5T","jetpack_sharing_enabled":true,"jetpack_likes_enabled":true,"jetpack-related-posts":[{"id":37,"url":"https:\/\/www.jungsi.de\/en\/und-mehr\/bikes\/kawasaki-zzr-1200\/","url_meta":{"origin":365,"position":0},"title":"Kawasaki ZZR 1200","author":"Jungsi","date":"6. November 2008","format":false,"excerpt":"Kawasaki ZZR 1200 Im April 2002 war es endlich so weit: Die ZZR-1200 wurde beim H\u00e4ndler angeliefert. Nach den ersten Kilometern kehrte ich aufgrund einer stark vibrierenden Verkleidungsscheibe zur Werkstatt zur\u00fcck. Beim zweiten Besuch l\u00f6ste der Mechaniker das Problem dank seines Improvisationstalents.Zur Leistung der Maschine l\u00e4sst sich nur sagen: Wow.\u2026","rel":"","context":"In &quot;Allgemein&quot;","block_context":{"text":"Allgemein","link":"https:\/\/www.jungsi.de\/en\/category\/allgemein\/"},"img":{"alt_text":"","src":"https:\/\/i0.wp.com\/www.jungsi.de\/blog\/wp-content\/uploads\/2008\/11\/zzr126blu.jpg?resize=350%2C200&ssl=1","width":350,"height":200,"srcset":"https:\/\/i0.wp.com\/www.jungsi.de\/blog\/wp-content\/uploads\/2008\/11\/zzr126blu.jpg?resize=350%2C200&ssl=1 1x, https:\/\/i0.wp.com\/www.jungsi.de\/blog\/wp-content\/uploads\/2008\/11\/zzr126blu.jpg?resize=525%2C300&ssl=1 1.5x"},"classes":[]},{"id":28897,"url":"https:\/\/www.jungsi.de\/en\/spiele\/pc-spiele\/","url_meta":{"origin":365,"position":1},"title":"PC Spiele","author":"Jungsi","date":"1. February 2023","format":false,"excerpt":"PC Spiele Alarm For Cobra 11: Nitro (2006) Age Of Empires (1997) Amiga Classix 4 (2004) Anno 1602 (1999) Anno 1503 (2004) Anno 1701 (2006) Anno 2070 (2011) Aquanox (2001) Bad Day LA (2006) Baldurs Gate II: Shadows of Amn (2000) BioShock (2007) Battlefield: Bad Company 2 (2010) Bioshock Collectors\u2026","rel":"","context":"Similar post","block_context":{"text":"Similar post","link":""},"img":{"alt_text":"Half Life - Generation v3 (2002)","src":"https:\/\/i0.wp.com\/www.jungsi.de\/blog\/wp-content\/uploads\/Half-Life-Generation-3-Vorderseite.jpg?resize=350%2C200&ssl=1","width":350,"height":200,"srcset":"https:\/\/i0.wp.com\/www.jungsi.de\/blog\/wp-content\/uploads\/Half-Life-Generation-3-Vorderseite.jpg?resize=350%2C200&ssl=1 1x, https:\/\/i0.wp.com\/www.jungsi.de\/blog\/wp-content\/uploads\/Half-Life-Generation-3-Vorderseite.jpg?resize=525%2C300&ssl=1 1.5x, https:\/\/i0.wp.com\/www.jungsi.de\/blog\/wp-content\/uploads\/Half-Life-Generation-3-Vorderseite.jpg?resize=700%2C400&ssl=1 2x, https:\/\/i0.wp.com\/www.jungsi.de\/blog\/wp-content\/uploads\/Half-Life-Generation-3-Vorderseite.jpg?resize=1050%2C600&ssl=1 3x"},"classes":[]},{"id":345,"url":"https:\/\/www.jungsi.de\/en\/reisen\/dolomiten-2004\/","url_meta":{"origin":365,"position":2},"title":"Dolomiten 2004","author":"Jungsi","date":"22. December 2008","format":false,"excerpt":"Dolomiten 2004 In diesem Jahr gab es eine Premiere - wir waren dieses Mal zu sechst unterwegs. Neben den \u00fcblichen Verd\u00e4chtigen - Gelati (ZX-9R), Volker (ZX-9R) und mir - waren dieses Mal Sandra (ER-5 - genannt die Grille), Macke () und Reinhard (KTM) mit von der Partie.Nachdem die Honda und\u2026","rel":"","context":"In &quot;Allgemein&quot;","block_context":{"text":"Allgemein","link":"https:\/\/www.jungsi.de\/en\/category\/allgemein\/"},"img":{"alt_text":"","src":"","width":0,"height":0},"classes":[]},{"id":40,"url":"https:\/\/www.jungsi.de\/en\/und-mehr\/bikes\/kawasaki-z1000\/","url_meta":{"origin":365,"position":3},"title":"Kawasaki Z1000","author":"Jungsi","date":"6. November 2008","format":false,"excerpt":"Kawasaki Z1000 Nach der Urlaubstour 2005 habe ich mich spontan entschlossen, zu meinen Wurzeln (Naked Bike) zur\u00fcckzukehren.Hintergrund waren unter anderem das hohe Gewicht und die \u201eUnhandlichkeit\u201c der ZZR.Da mir die Z1000 schon bei ihrem Erscheinen gefallen hat und ich nach einer Probefahrt vom Handling und dem Sound begeistert war, fiel\u2026","rel":"","context":"In &quot;Allgemein&quot;","block_context":{"text":"Allgemein","link":"https:\/\/www.jungsi.de\/en\/category\/allgemein\/"},"img":{"alt_text":"","src":"","width":0,"height":0},"classes":[]},{"id":216,"url":"https:\/\/www.jungsi.de\/en\/reisen\/tirol-2000\/","url_meta":{"origin":365,"position":4},"title":"Tirol 2000","author":"Jungsi","date":"5. December 2008","format":false,"excerpt":"Als Startpunkt und zentralen Aufentshaltsort hatte ich den Bikergasthof Post in Sautens (s\u00fcdlich von \u00d6tz) ausgew\u00e4hlt. Der Bikergasthof Post bietet Garagen f\u00fcr die Motorr\u00e4der, Platz zum Waschen und Schrauben. Ausserdem k\u00f6nnen die Sauna, der Fitne\u00dfraum und die Tischtennisplatte in Anspruch genommen werden. F\u00fcr die sonnigen Tage des Jahres ist ein\u2026","rel":"","context":"In &quot;Allgemein&quot;","block_context":{"text":"Allgemein","link":"https:\/\/www.jungsi.de\/en\/category\/allgemein\/"},"img":{"alt_text":"","src":"","width":0,"height":0},"classes":[]},{"id":200,"url":"https:\/\/www.jungsi.de\/en\/reisen\/gardasee-2000\/","url_meta":{"origin":365,"position":5},"title":"Gardasee 2000","author":"Jungsi","date":"5. December 2008","format":false,"excerpt":"Um nicht \u00fcber die Autobahn fahren zu m\u00fcssen, wurde beschlossen, die Anfahrt in zwei Tagen zu erledigen. Dazu wurde am ersten Tag eine Route \u00fcber die Gro\u00dfglokckner-Hochalpenstrasse (2.505 m; Maut 17 Euro) gew\u00e4hlt. Nat\u00fcrlich regnete es bei der \u00dcberfahrt mal wieder. :-)) Der Weg f\u00fchrte weiter nach Cortina und \u00fcber\u2026","rel":"","context":"In &quot;Allgemein&quot;","block_context":{"text":"Allgemein","link":"https:\/\/www.jungsi.de\/en\/category\/allgemein\/"},"img":{"alt_text":"","src":"","width":0,"height":0},"classes":[]}],"_links":{"self":[{"href":"https:\/\/www.jungsi.de\/en\/wp-json\/wp\/v2\/pages\/365","targetHints":{"allow":["GET"]}}],"collection":[{"href":"https:\/\/www.jungsi.de\/en\/wp-json\/wp\/v2\/pages"}],"about":[{"href":"https:\/\/www.jungsi.de\/en\/wp-json\/wp\/v2\/types\/page"}],"author":[{"embeddable":true,"href":"https:\/\/www.jungsi.de\/en\/wp-json\/wp\/v2\/users\/2"}],"replies":[{"embeddable":true,"href":"https:\/\/www.jungsi.de\/en\/wp-json\/wp\/v2\/comments?post=365"}],"version-history":[{"count":0,"href":"https:\/\/www.jungsi.de\/en\/wp-json\/wp\/v2\/pages\/365\/revisions"}],"up":[{"embeddable":true,"href":"https:\/\/www.jungsi.de\/en\/wp-json\/wp\/v2\/pages\/45"}],"wp:attachment":[{"href":"https:\/\/www.jungsi.de\/en\/wp-json\/wp\/v2\/media?parent=365"}],"curies":[{"name":"wp","href":"https:\/\/api.w.org\/{rel}","templated":true}]}}