{"id":36311,"date":"2025-04-05T14:09:23","date_gmt":"2025-04-05T12:09:23","guid":{"rendered":"https:\/\/www.jungsi.de\/?page_id=36311"},"modified":"2026-04-01T13:41:28","modified_gmt":"2026-04-01T11:41:28","slug":"sonstige","status":"publish","type":"page","link":"https:\/\/www.jungsi.de\/en\/pc-kompatibel\/sonstige\/","title":{"rendered":"Sonstige"},"content":{"rendered":"<p><\/p>\n\n\n\n<h3 class=\"wp-block-heading has-text-align-center\">Sonstige PC-kompatibel<\/h3>\n\n\n\n<p>Hier kommen die Ger\u00e4te aller Hersteller rein, f\u00fcr die bisher noch keine eigene Seite erstellt wurde.<\/p>\n\n\n\n<ul class=\"wp-block-list\">\n<li><a href=\"https:\/\/www.jungsi.de\/en\/pc-kompatibel\/sonstige\/#vobis\">Vobis<\/a><\/li>\n<\/ul>\n\n\n\n<p><\/p>\n\n\n\n<h4 class=\"wp-block-heading has-text-align-center\" id=\"vobis\">Vobis<\/h4>\n\n\n<div class=\"wp-block-image\">\n<figure class=\"aligncenter size-large\"><img loading=\"lazy\" decoding=\"async\" width=\"768\" height=\"1024\" data-attachment-id=\"35495\" data-permalink=\"https:\/\/www.jungsi.de\/en\/highscreen-386-sx-20-pc\/highscreen-386-sx-20-aufgeklappt\/\" data-orig-file=\"https:\/\/www.jungsi.de\/blog\/wp-content\/uploads\/Highscreen-386-SX-20-aufgeklappt.jpg\" data-orig-size=\"1050,1400\" data-comments-opened=\"1\" data-image-meta=\"{&quot;aperture&quot;:&quot;1.5&quot;,&quot;credit&quot;:&quot;&quot;,&quot;camera&quot;:&quot;iPhone 14&quot;,&quot;caption&quot;:&quot;&quot;,&quot;created_timestamp&quot;:&quot;1737716955&quot;,&quot;copyright&quot;:&quot;&quot;,&quot;focal_length&quot;:&quot;5.7&quot;,&quot;iso&quot;:&quot;80&quot;,&quot;shutter_speed&quot;:&quot;0.016666666666667&quot;,&quot;title&quot;:&quot;&quot;,&quot;orientation&quot;:&quot;1&quot;}\" data-image-title=\"Highscreen 386 SX 20 &amp;#8211; aufgeklappt\" data-image-description=\"&lt;p&gt;Highscreen 386 SX 20&lt;\/p&gt;\" data-image-caption=\"&lt;p&gt;Highscreen 386 SX 20&lt;\/p&gt;\" data-large-file=\"https:\/\/www.jungsi.de\/blog\/wp-content\/uploads\/Highscreen-386-SX-20-aufgeklappt-768x1024.jpg\" src=\"https:\/\/www.jungsi.de\/blog\/wp-content\/uploads\/Highscreen-386-SX-20-aufgeklappt-768x1024.jpg\" alt=\"Highscreen 386 SX 20\" class=\"wp-image-35495\" srcset=\"https:\/\/www.jungsi.de\/blog\/wp-content\/uploads\/Highscreen-386-SX-20-aufgeklappt-768x1024.jpg 768w, https:\/\/www.jungsi.de\/blog\/wp-content\/uploads\/Highscreen-386-SX-20-aufgeklappt-225x300.jpg 225w, https:\/\/www.jungsi.de\/blog\/wp-content\/uploads\/Highscreen-386-SX-20-aufgeklappt.jpg 1050w\" sizes=\"auto, (max-width: 768px) 100vw, 768px\" \/><figcaption class=\"wp-element-caption\"><a href=\"https:\/\/www.jungsi.de\/en\/highscreen-386-sx-20-pc\/\" data-type=\"post\" data-id=\"35282\" target=\"_blank\" rel=\"noreferrer noopener\">Highscreen 386 SX 20<\/a><\/figcaption><\/figure>\n<\/div>\n\n\n<p class=\"has-text-align-center\"><strong>Toshiba<\/strong><\/p>\n\n\n\n<figure class=\"wp-block-image size-large\"><img loading=\"lazy\" decoding=\"async\" width=\"840\" height=\"1024\" data-attachment-id=\"39519\" data-permalink=\"https:\/\/www.jungsi.de\/en\/toshiba-tecra-8100-aufgeklappt\/\" data-orig-file=\"https:\/\/www.jungsi.de\/blog\/wp-content\/uploads\/Toshiba-Tecra-8100-aufgeklappt.jpg\" data-orig-size=\"1149,1400\" data-comments-opened=\"1\" data-image-meta=\"{&quot;aperture&quot;:&quot;0&quot;,&quot;credit&quot;:&quot;&quot;,&quot;camera&quot;:&quot;&quot;,&quot;caption&quot;:&quot;&quot;,&quot;created_timestamp&quot;:&quot;0&quot;,&quot;copyright&quot;:&quot;&quot;,&quot;focal_length&quot;:&quot;0&quot;,&quot;iso&quot;:&quot;0&quot;,&quot;shutter_speed&quot;:&quot;0&quot;,&quot;title&quot;:&quot;&quot;,&quot;orientation&quot;:&quot;0&quot;}\" data-image-title=\"Toshiba Tecra 8100 &amp;#8211; aufgeklappt\" data-image-description=\"&lt;p&gt;Toshiba Tecra 8100&lt;\/p&gt;\" data-image-caption=\"&lt;p&gt;Toshiba Tecra 8100&lt;\/p&gt;\" data-large-file=\"https:\/\/www.jungsi.de\/blog\/wp-content\/uploads\/Toshiba-Tecra-8100-aufgeklappt-840x1024.jpg\" src=\"https:\/\/www.jungsi.de\/blog\/wp-content\/uploads\/Toshiba-Tecra-8100-aufgeklappt-840x1024.jpg\" alt=\"Toshiba Tecra 8100\" class=\"wp-image-39519\" srcset=\"https:\/\/www.jungsi.de\/blog\/wp-content\/uploads\/Toshiba-Tecra-8100-aufgeklappt-840x1024.jpg 840w, https:\/\/www.jungsi.de\/blog\/wp-content\/uploads\/Toshiba-Tecra-8100-aufgeklappt-246x300.jpg 246w, https:\/\/www.jungsi.de\/blog\/wp-content\/uploads\/Toshiba-Tecra-8100-aufgeklappt.jpg 1149w\" sizes=\"auto, (max-width: 840px) 100vw, 840px\" \/><figcaption class=\"wp-element-caption\">Toshiba Tecra 8100<\/figcaption><\/figure>","protected":false},"excerpt":{"rendered":"<p>Sonstige PC-kompatibel Hier kommen die Ger\u00e4te aller Hersteller rein, f\u00fcr die bisher noch keine eigene Seite erstellt wurde. Vobis Toshiba<\/p>","protected":false},"author":2,"featured_media":0,"parent":33298,"menu_order":0,"comment_status":"closed","ping_status":"closed","template":"","meta":{"_lmt_disableupdate":"","_lmt_disable":"","ngg_post_thumbnail":0,"jetpack_post_was_ever_published":false,"footnotes":"","_links_to":"","_links_to_target":""},"class_list":["post-36311","page","type-page","status-publish","hentry"],"jetpack_shortlink":"https:\/\/wp.me\/P4eXvk-9rF","jetpack_sharing_enabled":true,"jetpack_likes_enabled":true,"jetpack-related-posts":[{"id":18216,"url":"https:\/\/www.jungsi.de\/en\/konsolen\/sonstige-konsolen\/interton-vc4000\/","url_meta":{"origin":36311,"position":0},"title":"Interton VC4000","author":"Jungsi","date":"8. August 2017","format":false,"excerpt":"Interton VC4000 Interton VC4000 Das VC 4000 von Interton ist die einzige Spielkonsole, die in Westdeutschland \"entwickelt\" wurde, allerdings mit vielen Bauteilen aus dem Ausland. Interton, der Hersteller, hatte zuvor bereits Erfahrungen mit Pong-Konsolen gesammelt. Das VC 4000 kam 1978 auf den Markt und war deutlich g\u00fcnstiger als die amerikanische\u2026","rel":"","context":"Similar post","block_context":{"text":"Similar post","link":""},"img":{"alt_text":"Interton VC4000","src":"https:\/\/i0.wp.com\/www.jungsi.de\/blog\/wp-content\/uploads\/interton-vc4000.jpg?resize=350%2C200&ssl=1","width":350,"height":200,"srcset":"https:\/\/i0.wp.com\/www.jungsi.de\/blog\/wp-content\/uploads\/interton-vc4000.jpg?resize=350%2C200&ssl=1 1x, https:\/\/i0.wp.com\/www.jungsi.de\/blog\/wp-content\/uploads\/interton-vc4000.jpg?resize=525%2C300&ssl=1 1.5x, https:\/\/i0.wp.com\/www.jungsi.de\/blog\/wp-content\/uploads\/interton-vc4000.jpg?resize=700%2C400&ssl=1 2x"},"classes":[]},{"id":27729,"url":"https:\/\/www.jungsi.de\/en\/heimcomputer\/sonstige-hersteller\/","url_meta":{"origin":36311,"position":1},"title":"Sonstige Hersteller","author":"Jungsi","date":"13. January 2023","format":false,"excerpt":"Sonstige Hersteller Hier sind alle Hersteller aufgelistet, von denen ich nicht mehrere Ger\u00e4te besitze. Diese sind eher als Exoten anzusehen und waren zum Teil auf dem deutschen Markt eher unbekannt. Trotzdem sind alle Ger\u00e4te aus historischer Sicht als wichtig zu betrachten. Dragon Enterprise Sharp Texas Instruments Thomson","rel":"","context":"Similar post","block_context":{"text":"Similar post","link":""},"img":{"alt_text":"","src":"","width":0,"height":0},"classes":[]},{"id":23606,"url":"https:\/\/www.jungsi.de\/en\/heimcomputer\/sonstige-hersteller\/thomson\/","url_meta":{"origin":36311,"position":2},"title":"Thomson","author":"Jungsi","date":"3. November 2019","format":false,"excerpt":"Thomson Thomson TO7-70 Thomson TO7-70 Der Thomson TO7-70 wurde 1984 von der franz\u00f6sischen Firma Thomson SA entwickelt und auf den Markt gebracht. Er war eine verbesserte Version des urspr\u00fcnglichen TO7, der 1982 eingef\u00fchrt wurde. Der TO7-70 geh\u00f6rte zur Produktlinie der Thomson-Heimcomputer, die in den 1980er Jahren besonders in Frankreich weit\u2026","rel":"","context":"Similar post","block_context":{"text":"Similar post","link":""},"img":{"alt_text":"","src":"https:\/\/i0.wp.com\/www.jungsi.de\/blog\/wp-content\/uploads\/SDDRIVE.jpg?resize=350%2C200&ssl=1","width":350,"height":200,"srcset":"https:\/\/i0.wp.com\/www.jungsi.de\/blog\/wp-content\/uploads\/SDDRIVE.jpg?resize=350%2C200&ssl=1 1x, https:\/\/i0.wp.com\/www.jungsi.de\/blog\/wp-content\/uploads\/SDDRIVE.jpg?resize=525%2C300&ssl=1 1.5x, https:\/\/i0.wp.com\/www.jungsi.de\/blog\/wp-content\/uploads\/SDDRIVE.jpg?resize=700%2C400&ssl=1 2x, https:\/\/i0.wp.com\/www.jungsi.de\/blog\/wp-content\/uploads\/SDDRIVE.jpg?resize=1050%2C600&ssl=1 3x, https:\/\/i0.wp.com\/www.jungsi.de\/blog\/wp-content\/uploads\/SDDRIVE.jpg?resize=1400%2C800&ssl=1 4x"},"classes":[]},{"id":27698,"url":"https:\/\/www.jungsi.de\/en\/heimcomputer\/sonstige-hersteller\/dragon-32\/","url_meta":{"origin":36311,"position":3},"title":"Dragon 32","author":"Jungsi","date":"13. January 2023","format":false,"excerpt":"Dragon 32 Dragon 32 Der Dragon 32 war Mettoys Versuch, sich im aufstrebenden Markt der Heimcomputer zu etablieren. Das Projekt startete Ende 1981 mit begrenzter Entwicklungszeit. Aufgrund des engen Zeitplans wurde Microsoft BASIC lizenziert, was die Auswahl an Prozessoren einschr\u00e4nkte. Die Wahl fiel auf den Motorola 6809, der gut zum\u2026","rel":"","context":"Similar post","block_context":{"text":"Similar post","link":""},"img":{"alt_text":"Joystick Adapter","src":"https:\/\/i0.wp.com\/www.jungsi.de\/blog\/wp-content\/uploads\/Joystick-Adapter.jpg?resize=350%2C200&ssl=1","width":350,"height":200,"srcset":"https:\/\/i0.wp.com\/www.jungsi.de\/blog\/wp-content\/uploads\/Joystick-Adapter.jpg?resize=350%2C200&ssl=1 1x, https:\/\/i0.wp.com\/www.jungsi.de\/blog\/wp-content\/uploads\/Joystick-Adapter.jpg?resize=525%2C300&ssl=1 1.5x, https:\/\/i0.wp.com\/www.jungsi.de\/blog\/wp-content\/uploads\/Joystick-Adapter.jpg?resize=700%2C400&ssl=1 2x, https:\/\/i0.wp.com\/www.jungsi.de\/blog\/wp-content\/uploads\/Joystick-Adapter.jpg?resize=1050%2C600&ssl=1 3x, https:\/\/i0.wp.com\/www.jungsi.de\/blog\/wp-content\/uploads\/Joystick-Adapter.jpg?resize=1400%2C800&ssl=1 4x"},"classes":[]},{"id":27700,"url":"https:\/\/www.jungsi.de\/en\/heimcomputer\/sonstige-hersteller\/robotron-kc85-3\/","url_meta":{"origin":36311,"position":4},"title":"VEB M\u00fchlhausen","author":"Jungsi","date":"13. January 2023","format":false,"excerpt":"Kleincomputer KC85\/3 KC85\/3 Der KC 85\/3 ist ein Heimcomputer, der in der DDR entwickelt wurde und 1986 auf den Markt kam. Er wurde vom VEB Mikroelektronik \"Wilhelm Pieck\" M\u00fchlhausen produziert, einem volkseigenen Betrieb. Der KC 85\/3 war Teil der \"Kleincomputer\"-Serie und stellte eine Weiterentwicklung der fr\u00fcheren Modelle KC 85\/1 und\u2026","rel":"","context":"Similar post","block_context":{"text":"Similar post","link":""},"img":{"alt_text":"M052","src":"https:\/\/i0.wp.com\/www.jungsi.de\/blog\/wp-content\/uploads\/M052.jpg?resize=350%2C200&ssl=1","width":350,"height":200,"srcset":"https:\/\/i0.wp.com\/www.jungsi.de\/blog\/wp-content\/uploads\/M052.jpg?resize=350%2C200&ssl=1 1x, https:\/\/i0.wp.com\/www.jungsi.de\/blog\/wp-content\/uploads\/M052.jpg?resize=525%2C300&ssl=1 1.5x, https:\/\/i0.wp.com\/www.jungsi.de\/blog\/wp-content\/uploads\/M052.jpg?resize=700%2C400&ssl=1 2x, https:\/\/i0.wp.com\/www.jungsi.de\/blog\/wp-content\/uploads\/M052.jpg?resize=1050%2C600&ssl=1 3x, https:\/\/i0.wp.com\/www.jungsi.de\/blog\/wp-content\/uploads\/M052.jpg?resize=1400%2C800&ssl=1 4x"},"classes":[]},{"id":19753,"url":"https:\/\/www.jungsi.de\/en\/heimcomputer\/sonstige-hersteller\/texas-instruments-ti-99-4a\/","url_meta":{"origin":36311,"position":5},"title":"Texas Instruments TI-99\/4A","author":"Jungsi","date":"28. February 2018","format":false,"excerpt":"Texas Instruments TI-99\/4A TI-99\/4A Im Jahr 1981 brachte Texas Instruments den TI99\/4 heraus, die erste Serie von 16-Bit-Heimcomputern. Dieser Computer nutzte einen TMS9900-Prozessor von Texas Instruments mit einer Taktfrequenz von 3 MHz. Er verf\u00fcgte \u00fcber einen echten 16-Bit-Bus, weshalb sehr schnelle Speicherchips, n\u00e4mlich statisches RAM, zum Einsatz kamen. Aufgrund der\u2026","rel":"","context":"Similar post","block_context":{"text":"Similar post","link":""},"img":{"alt_text":"FinalGROM 99","src":"https:\/\/i0.wp.com\/www.jungsi.de\/blog\/wp-content\/uploads\/FinalGROM-99.jpg?resize=350%2C200&ssl=1","width":350,"height":200,"srcset":"https:\/\/i0.wp.com\/www.jungsi.de\/blog\/wp-content\/uploads\/FinalGROM-99.jpg?resize=350%2C200&ssl=1 1x, https:\/\/i0.wp.com\/www.jungsi.de\/blog\/wp-content\/uploads\/FinalGROM-99.jpg?resize=525%2C300&ssl=1 1.5x, https:\/\/i0.wp.com\/www.jungsi.de\/blog\/wp-content\/uploads\/FinalGROM-99.jpg?resize=700%2C400&ssl=1 2x"},"classes":[]}],"_links":{"self":[{"href":"https:\/\/www.jungsi.de\/en\/wp-json\/wp\/v2\/pages\/36311","targetHints":{"allow":["GET"]}}],"collection":[{"href":"https:\/\/www.jungsi.de\/en\/wp-json\/wp\/v2\/pages"}],"about":[{"href":"https:\/\/www.jungsi.de\/en\/wp-json\/wp\/v2\/types\/page"}],"author":[{"embeddable":true,"href":"https:\/\/www.jungsi.de\/en\/wp-json\/wp\/v2\/users\/2"}],"replies":[{"embeddable":true,"href":"https:\/\/www.jungsi.de\/en\/wp-json\/wp\/v2\/comments?post=36311"}],"version-history":[{"count":1,"href":"https:\/\/www.jungsi.de\/en\/wp-json\/wp\/v2\/pages\/36311\/revisions"}],"predecessor-version":[{"id":40685,"href":"https:\/\/www.jungsi.de\/en\/wp-json\/wp\/v2\/pages\/36311\/revisions\/40685"}],"up":[{"embeddable":true,"href":"https:\/\/www.jungsi.de\/en\/wp-json\/wp\/v2\/pages\/33298"}],"wp:attachment":[{"href":"https:\/\/www.jungsi.de\/en\/wp-json\/wp\/v2\/media?parent=36311"}],"curies":[{"name":"wp","href":"https:\/\/api.w.org\/{rel}","templated":true}]}}