{"id":35756,"date":"2025-03-01T20:17:26","date_gmt":"2025-03-01T19:17:26","guid":{"rendered":"https:\/\/www.jungsi.de\/?page_id=35756"},"modified":"2026-03-28T19:22:10","modified_gmt":"2026-03-28T18:22:10","slug":"tiger-electronics","status":"publish","type":"page","link":"https:\/\/www.jungsi.de\/en\/handheld-konsolen\/tiger-electronics\/","title":{"rendered":"Tiger Electronics"},"content":{"rendered":"<p><\/p>\n\n\n\n<h2 class=\"wp-block-heading has-text-align-center\">Tiger Electronics<\/h2>\n\n\n\n<p>Tiger Electronics ist der Name hinter einer Flut von LCD-Handheldspielen, die in den sp\u00e4ten 1980er und fr\u00fchen 1990er Jahren in nahezu jedem Spielzeuggesch\u00e4ft zu finden waren. Die kleinen, flachen Ger\u00e4te \u2014 oft im Design des lizenzierten Spiels gehalten \u2014 boten einfache, einzeilige LCD-Animationen auf festem Hintergrund. Technisch waren sie extrem simpel und weit von echten Videospielen entfernt, doch der niedrige Preis und die Lizenzierung popul\u00e4rer Titel wie Sonic the Hedgehog, Batman oder Mortal Kombat machten sie zu begehrten Weihnachtsgeschenken. Heute werden sie nostalgisch als Zeitzeugen einer \u00c4ra betrachtet, in der jeder ein Handheld haben wollte \u2014 und Tiger die g\u00fcnstigste Antwort darauf lieferte.<\/p>\n\n\n<div class=\"wp-block-image\">\n<figure class=\"aligncenter size-large\"><img loading=\"lazy\" decoding=\"async\" width=\"1024\" height=\"768\" data-attachment-id=\"35133\" data-permalink=\"https:\/\/www.jungsi.de\/en\/tiger-electronics-lcd-spiele-tiger\/spettore-gadget\/\" data-orig-file=\"https:\/\/www.jungsi.de\/blog\/wp-content\/uploads\/Spettore-Gadget.jpg\" data-orig-size=\"1400,1050\" data-comments-opened=\"1\" data-image-meta=\"{&quot;aperture&quot;:&quot;1.5&quot;,&quot;credit&quot;:&quot;&quot;,&quot;camera&quot;:&quot;iPhone 14&quot;,&quot;caption&quot;:&quot;&quot;,&quot;created_timestamp&quot;:&quot;1737023981&quot;,&quot;copyright&quot;:&quot;&quot;,&quot;focal_length&quot;:&quot;5.7&quot;,&quot;iso&quot;:&quot;125&quot;,&quot;shutter_speed&quot;:&quot;0.012820512820513&quot;,&quot;title&quot;:&quot;&quot;,&quot;orientation&quot;:&quot;1&quot;}\" data-image-title=\"Spettore Gadget\" data-image-description=\"&lt;p&gt;Spettore Gadget&lt;\/p&gt;\" data-image-caption=\"&lt;p&gt;Spettore Gadget&lt;\/p&gt;\" data-large-file=\"https:\/\/www.jungsi.de\/blog\/wp-content\/uploads\/Spettore-Gadget-1024x768.jpg\" src=\"https:\/\/www.jungsi.de\/blog\/wp-content\/uploads\/Spettore-Gadget-1024x768.jpg\" alt=\"Spettore Gadget\" class=\"wp-image-35133\" srcset=\"https:\/\/www.jungsi.de\/blog\/wp-content\/uploads\/Spettore-Gadget-1024x768.jpg 1024w, https:\/\/www.jungsi.de\/blog\/wp-content\/uploads\/Spettore-Gadget-300x225.jpg 300w, https:\/\/www.jungsi.de\/blog\/wp-content\/uploads\/Spettore-Gadget.jpg 1400w\" sizes=\"auto, (max-width: 1024px) 100vw, 1024px\" \/><figcaption class=\"wp-element-caption\">Spettore Gadget<\/figcaption><\/figure>\n<\/div>\n\n<div class=\"wp-block-image\">\n<figure class=\"aligncenter size-large\"><img loading=\"lazy\" decoding=\"async\" width=\"1024\" height=\"768\" data-attachment-id=\"35134\" data-permalink=\"https:\/\/www.jungsi.de\/en\/tiger-electronics-lcd-spiele-tiger\/star-wars-imperial-assault\/\" data-orig-file=\"https:\/\/www.jungsi.de\/blog\/wp-content\/uploads\/Star-Wars-Imperial-Assault.jpg\" data-orig-size=\"1400,1050\" data-comments-opened=\"1\" data-image-meta=\"{&quot;aperture&quot;:&quot;1.5&quot;,&quot;credit&quot;:&quot;&quot;,&quot;camera&quot;:&quot;iPhone 14&quot;,&quot;caption&quot;:&quot;&quot;,&quot;created_timestamp&quot;:&quot;1737023963&quot;,&quot;copyright&quot;:&quot;&quot;,&quot;focal_length&quot;:&quot;5.7&quot;,&quot;iso&quot;:&quot;200&quot;,&quot;shutter_speed&quot;:&quot;0.016666666666667&quot;,&quot;title&quot;:&quot;&quot;,&quot;orientation&quot;:&quot;1&quot;}\" data-image-title=\"Star Wars &amp;#8211; Imperial Assault\" data-image-description=\"&lt;p&gt;Star Wars &amp;#8211; Imperial Assault&lt;\/p&gt;\" data-image-caption=\"&lt;p&gt;Star Wars &amp;#8211; Imperial Assault&lt;\/p&gt;\" data-large-file=\"https:\/\/www.jungsi.de\/blog\/wp-content\/uploads\/Star-Wars-Imperial-Assault-1024x768.jpg\" src=\"https:\/\/www.jungsi.de\/blog\/wp-content\/uploads\/Star-Wars-Imperial-Assault-1024x768.jpg\" alt=\"Star Wars - Imperial Assault\" class=\"wp-image-35134\" srcset=\"https:\/\/www.jungsi.de\/blog\/wp-content\/uploads\/Star-Wars-Imperial-Assault-1024x768.jpg 1024w, https:\/\/www.jungsi.de\/blog\/wp-content\/uploads\/Star-Wars-Imperial-Assault-300x225.jpg 300w, https:\/\/www.jungsi.de\/blog\/wp-content\/uploads\/Star-Wars-Imperial-Assault.jpg 1400w\" sizes=\"auto, (max-width: 1024px) 100vw, 1024px\" \/><figcaption class=\"wp-element-caption\">Star Wars &#8211; Imperial Assault<\/figcaption><\/figure>\n<\/div>\n\n<div class=\"wp-block-image\">\n<figure class=\"aligncenter size-large\"><img loading=\"lazy\" decoding=\"async\" width=\"1024\" height=\"768\" data-attachment-id=\"35132\" data-permalink=\"https:\/\/www.jungsi.de\/en\/tiger-electronics-lcd-spiele-tiger\/paperboy-2\/\" data-orig-file=\"https:\/\/www.jungsi.de\/blog\/wp-content\/uploads\/Paperboy.jpg\" data-orig-size=\"1400,1050\" data-comments-opened=\"1\" data-image-meta=\"{&quot;aperture&quot;:&quot;1.5&quot;,&quot;credit&quot;:&quot;&quot;,&quot;camera&quot;:&quot;iPhone 14&quot;,&quot;caption&quot;:&quot;&quot;,&quot;created_timestamp&quot;:&quot;1737023972&quot;,&quot;copyright&quot;:&quot;&quot;,&quot;focal_length&quot;:&quot;5.7&quot;,&quot;iso&quot;:&quot;125&quot;,&quot;shutter_speed&quot;:&quot;0.009009009009009&quot;,&quot;title&quot;:&quot;&quot;,&quot;orientation&quot;:&quot;1&quot;}\" data-image-title=\"Paperboy\" data-image-description=\"&lt;p&gt;Paperboy&lt;\/p&gt;\" data-image-caption=\"&lt;p&gt;Paperboy&lt;\/p&gt;\" data-large-file=\"https:\/\/www.jungsi.de\/blog\/wp-content\/uploads\/Paperboy-1024x768.jpg\" src=\"https:\/\/www.jungsi.de\/blog\/wp-content\/uploads\/Paperboy-1024x768.jpg\" alt=\"Paperboy\" class=\"wp-image-35132\" srcset=\"https:\/\/www.jungsi.de\/blog\/wp-content\/uploads\/Paperboy-1024x768.jpg 1024w, https:\/\/www.jungsi.de\/blog\/wp-content\/uploads\/Paperboy-300x225.jpg 300w, https:\/\/www.jungsi.de\/blog\/wp-content\/uploads\/Paperboy.jpg 1400w\" sizes=\"auto, (max-width: 1024px) 100vw, 1024px\" \/><figcaption class=\"wp-element-caption\">Paperboy<\/figcaption><\/figure>\n<\/div>\n\n<div class=\"wp-block-image\">\n<figure class=\"aligncenter size-large\"><img loading=\"lazy\" decoding=\"async\" width=\"1024\" height=\"768\" data-attachment-id=\"35131\" data-permalink=\"https:\/\/www.jungsi.de\/en\/tiger-electronics-lcd-spiele-tiger\/hang-on\/\" data-orig-file=\"https:\/\/www.jungsi.de\/blog\/wp-content\/uploads\/Hang-On.jpg\" data-orig-size=\"1867,1400\" data-comments-opened=\"1\" data-image-meta=\"{&quot;aperture&quot;:&quot;1.5&quot;,&quot;credit&quot;:&quot;&quot;,&quot;camera&quot;:&quot;iPhone 14&quot;,&quot;caption&quot;:&quot;&quot;,&quot;created_timestamp&quot;:&quot;1737023947&quot;,&quot;copyright&quot;:&quot;&quot;,&quot;focal_length&quot;:&quot;5.7&quot;,&quot;iso&quot;:&quot;160&quot;,&quot;shutter_speed&quot;:&quot;0.016666666666667&quot;,&quot;title&quot;:&quot;&quot;,&quot;orientation&quot;:&quot;1&quot;}\" data-image-title=\"Hang-On\" data-image-description=\"&lt;p&gt;Hang-On&lt;\/p&gt;\" data-image-caption=\"&lt;p&gt;Hang-On&lt;\/p&gt;\" data-large-file=\"https:\/\/www.jungsi.de\/blog\/wp-content\/uploads\/Hang-On-1024x768.jpg\" src=\"https:\/\/www.jungsi.de\/blog\/wp-content\/uploads\/Hang-On-1024x768.jpg\" alt=\"Hang-On\" class=\"wp-image-35131\" srcset=\"https:\/\/www.jungsi.de\/blog\/wp-content\/uploads\/Hang-On-1024x768.jpg 1024w, https:\/\/www.jungsi.de\/blog\/wp-content\/uploads\/Hang-On-300x225.jpg 300w, https:\/\/www.jungsi.de\/blog\/wp-content\/uploads\/Hang-On.jpg 1867w\" sizes=\"auto, (max-width: 1024px) 100vw, 1024px\" \/><figcaption class=\"wp-element-caption\">Hang-On<\/figcaption><\/figure>\n<\/div>\n\n<div class=\"wp-block-image\">\n<figure class=\"aligncenter size-large\"><img loading=\"lazy\" decoding=\"async\" width=\"1024\" height=\"768\" data-attachment-id=\"35135\" data-permalink=\"https:\/\/www.jungsi.de\/en\/tiger-electronics-lcd-spiele-tiger\/yeno-galaxy\/\" data-orig-file=\"https:\/\/www.jungsi.de\/blog\/wp-content\/uploads\/Yeno-Galaxy.jpg\" data-orig-size=\"1400,1050\" data-comments-opened=\"1\" data-image-meta=\"{&quot;aperture&quot;:&quot;1.5&quot;,&quot;credit&quot;:&quot;&quot;,&quot;camera&quot;:&quot;iPhone 14&quot;,&quot;caption&quot;:&quot;&quot;,&quot;created_timestamp&quot;:&quot;1737023935&quot;,&quot;copyright&quot;:&quot;&quot;,&quot;focal_length&quot;:&quot;5.7&quot;,&quot;iso&quot;:&quot;125&quot;,&quot;shutter_speed&quot;:&quot;0.016666666666667&quot;,&quot;title&quot;:&quot;&quot;,&quot;orientation&quot;:&quot;1&quot;}\" data-image-title=\"Yeno Galaxy\" data-image-description=\"&lt;p&gt;Yeno Galaxy&lt;\/p&gt;\" data-image-caption=\"&lt;p&gt;Yeno Galaxy&lt;\/p&gt;\" data-large-file=\"https:\/\/www.jungsi.de\/blog\/wp-content\/uploads\/Yeno-Galaxy-1024x768.jpg\" src=\"https:\/\/www.jungsi.de\/blog\/wp-content\/uploads\/Yeno-Galaxy-1024x768.jpg\" alt=\"Yeno Galaxy\" class=\"wp-image-35135\" srcset=\"https:\/\/www.jungsi.de\/blog\/wp-content\/uploads\/Yeno-Galaxy-1024x768.jpg 1024w, https:\/\/www.jungsi.de\/blog\/wp-content\/uploads\/Yeno-Galaxy-300x225.jpg 300w, https:\/\/www.jungsi.de\/blog\/wp-content\/uploads\/Yeno-Galaxy.jpg 1400w\" sizes=\"auto, (max-width: 1024px) 100vw, 1024px\" \/><figcaption class=\"wp-element-caption\">Yeno Galaxy<\/figcaption><\/figure>\n<\/div>","protected":false},"excerpt":{"rendered":"<p>Tiger Electronics Tiger Electronics ist der Name hinter einer Flut von LCD-Handheldspielen, die in den sp\u00e4ten 1980er und fr\u00fchen 1990er Jahren in nahezu jedem Spielzeuggesch\u00e4ft \u2026<\/p>","protected":false},"author":2,"featured_media":0,"parent":19664,"menu_order":0,"comment_status":"closed","ping_status":"closed","template":"","meta":{"_lmt_disableupdate":"","_lmt_disable":"","ngg_post_thumbnail":0,"jetpack_post_was_ever_published":false,"footnotes":"","_links_to":"","_links_to_target":""},"class_list":["post-35756","page","type-page","status-publish","hentry"],"jetpack_shortlink":"https:\/\/wp.me\/P4eXvk-9iI","jetpack_sharing_enabled":true,"jetpack_likes_enabled":true,"jetpack-related-posts":[{"id":22631,"url":"https:\/\/www.jungsi.de\/en\/handheld-konsolen\/microvision\/","url_meta":{"origin":35756,"position":0},"title":"MB Microvision","author":"Jungsi","date":"8. April 2019","format":false,"excerpt":"MB Microvision Microvision - Blockbuster Das MB Microvision war die erste tragbare Spielekonsole mit austauschbaren Spielmodulen und gilt als ein Pionier in der Geschichte des Handheld-Gamings. Obwohl es heute weniger bekannt ist, legte das Microvision den Grundstein f\u00fcr viele der tragbaren Konsolen, die in den folgenden Jahrzehnten erfolgreich wurden. Die\u2026","rel":"","context":"Similar post","block_context":{"text":"Similar post","link":""},"img":{"alt_text":"Microvision - 4 Gewinnt Box Vorderseite","src":"https:\/\/i0.wp.com\/www.jungsi.de\/blog\/wp-content\/uploads\/Microvision-4-Gewinnt-Box-Vorderseite-e1609598274438.jpg?resize=350%2C200&ssl=1","width":350,"height":200,"srcset":"https:\/\/i0.wp.com\/www.jungsi.de\/blog\/wp-content\/uploads\/Microvision-4-Gewinnt-Box-Vorderseite-e1609598274438.jpg?resize=350%2C200&ssl=1 1x, https:\/\/i0.wp.com\/www.jungsi.de\/blog\/wp-content\/uploads\/Microvision-4-Gewinnt-Box-Vorderseite-e1609598274438.jpg?resize=525%2C300&ssl=1 1.5x"},"classes":[]},{"id":33789,"url":"https:\/\/www.jungsi.de\/en\/handheld-konsolen\/alle-anderen-handhelds\/hartung-game-maser\/","url_meta":{"origin":35756,"position":1},"title":"Hartung Game Maser","author":"Jungsi","date":"23. October 2024","format":false,"excerpt":"Hartung Game Master Hartung Game Master Der Hartung Game Master war eine Handheld-Spielkonsole, die Anfang der 1990er Jahre von dem deutschen Unternehmen Hartung ver\u00f6ffentlicht wurde. Das Ger\u00e4t war eine Reaktion auf den Erfolg des Nintendo Game Boy, konnte jedoch nicht denselben Kultstatus erreichen. Die Konsole war relativ g\u00fcnstig und bot\u2026","rel":"","context":"Similar post","block_context":{"text":"Similar post","link":""},"img":{"alt_text":"Hartung Game Master - Oberseite","src":"https:\/\/i0.wp.com\/www.jungsi.de\/blog\/wp-content\/uploads\/Hartung-Game-Master-Oberseite.jpg?resize=350%2C200&ssl=1","width":350,"height":200,"srcset":"https:\/\/i0.wp.com\/www.jungsi.de\/blog\/wp-content\/uploads\/Hartung-Game-Master-Oberseite.jpg?resize=350%2C200&ssl=1 1x, https:\/\/i0.wp.com\/www.jungsi.de\/blog\/wp-content\/uploads\/Hartung-Game-Master-Oberseite.jpg?resize=525%2C300&ssl=1 1.5x, https:\/\/i0.wp.com\/www.jungsi.de\/blog\/wp-content\/uploads\/Hartung-Game-Master-Oberseite.jpg?resize=700%2C400&ssl=1 2x, https:\/\/i0.wp.com\/www.jungsi.de\/blog\/wp-content\/uploads\/Hartung-Game-Master-Oberseite.jpg?resize=1050%2C600&ssl=1 3x, https:\/\/i0.wp.com\/www.jungsi.de\/blog\/wp-content\/uploads\/Hartung-Game-Master-Oberseite.jpg?resize=1400%2C800&ssl=1 4x"},"classes":[]},{"id":32900,"url":"https:\/\/www.jungsi.de\/en\/handheld-konsolen\/nintendo\/nintendo-game-watch\/","url_meta":{"origin":35756,"position":2},"title":"Nintendo Game &amp; Watch","author":"Jungsi","date":"31. July 2024","format":false,"excerpt":"Nintendo Game & Watch Game and Watch - Helmet Game & Watch - The Legend Of Zelda Game and Watch - Super Mario Bros Die Nintendo Game & Watch-Serie war ein bedeutender Schritt in der Entwicklung tragbarer Videospiele und legte den Grundstein f\u00fcr viele zuk\u00fcnftige Innovationen von Nintendo. Die Geschichte\u2026","rel":"","context":"Similar post","block_context":{"text":"Similar post","link":""},"img":{"alt_text":"Game & Watch - The Legend Of Zelda","src":"https:\/\/i0.wp.com\/www.jungsi.de\/blog\/wp-content\/uploads\/Game-Watch-The-Legend-Of-Zelda.jpg?resize=350%2C200&ssl=1","width":350,"height":200,"srcset":"https:\/\/i0.wp.com\/www.jungsi.de\/blog\/wp-content\/uploads\/Game-Watch-The-Legend-Of-Zelda.jpg?resize=350%2C200&ssl=1 1x, https:\/\/i0.wp.com\/www.jungsi.de\/blog\/wp-content\/uploads\/Game-Watch-The-Legend-Of-Zelda.jpg?resize=525%2C300&ssl=1 1.5x, https:\/\/i0.wp.com\/www.jungsi.de\/blog\/wp-content\/uploads\/Game-Watch-The-Legend-Of-Zelda.jpg?resize=700%2C400&ssl=1 2x, https:\/\/i0.wp.com\/www.jungsi.de\/blog\/wp-content\/uploads\/Game-Watch-The-Legend-Of-Zelda.jpg?resize=1050%2C600&ssl=1 3x, https:\/\/i0.wp.com\/www.jungsi.de\/blog\/wp-content\/uploads\/Game-Watch-The-Legend-Of-Zelda.jpg?resize=1400%2C800&ssl=1 4x"},"classes":[]},{"id":19678,"url":"https:\/\/www.jungsi.de\/en\/handheld-konsolen\/nintendo\/nintendo-game-boy\/","url_meta":{"origin":35756,"position":3},"title":"Nintendo Game Boy","author":"Jungsi","date":"26. February 2018","format":false,"excerpt":"Nintendo Game Boy Nintendo Game Boy Der Nintendo Game Boy ist eine Legende in der Welt der Videospiele, ein Ger\u00e4t, das eine ganze Generation pr\u00e4gte und die Art und Weise, wie Menschen Spiele erlebten, revolutionierte. Die Geschichte des Game Boy begann in den sp\u00e4ten 1980er Jahren in den K\u00f6pfen der\u2026","rel":"","context":"Similar post","block_context":{"text":"Similar post","link":""},"img":{"alt_text":"","src":"https:\/\/i0.wp.com\/www.jungsi.de\/blog\/wp-content\/uploads\/2014\/11\/Gameboy.jpg?resize=350%2C200&ssl=1","width":350,"height":200},"classes":[]},{"id":19684,"url":"https:\/\/www.jungsi.de\/en\/handheld-konsolen\/nintendo\/game-boy-color\/","url_meta":{"origin":35756,"position":4},"title":"Nintendo Game Boy Color","author":"Jungsi","date":"26. February 2018","format":false,"excerpt":"Nintendo Game Boy Color Game Boy Color - puple clear Der Nintendo Game Boy Color war ein Meilenstein in der Geschichte der tragbaren Videospiele und markierte einen bedeutenden Schritt nach vorne in der Entwicklung der Game-Boy-Serie. Die Geschichte des Game Boy Color beginnt in den sp\u00e4ten 1990er Jahren. Der urspr\u00fcngliche\u2026","rel":"","context":"Similar post","block_context":{"text":"Similar post","link":""},"img":{"alt_text":"Game Boy Color - puple clear","src":"https:\/\/i0.wp.com\/www.jungsi.de\/blog\/wp-content\/uploads\/Gamboy-Color-puple-clear_2-1.jpg?resize=350%2C200&ssl=1","width":350,"height":200,"srcset":"https:\/\/i0.wp.com\/www.jungsi.de\/blog\/wp-content\/uploads\/Gamboy-Color-puple-clear_2-1.jpg?resize=350%2C200&ssl=1 1x, https:\/\/i0.wp.com\/www.jungsi.de\/blog\/wp-content\/uploads\/Gamboy-Color-puple-clear_2-1.jpg?resize=525%2C300&ssl=1 1.5x, https:\/\/i0.wp.com\/www.jungsi.de\/blog\/wp-content\/uploads\/Gamboy-Color-puple-clear_2-1.jpg?resize=700%2C400&ssl=1 2x"},"classes":[]},{"id":23181,"url":"https:\/\/www.jungsi.de\/en\/handheld-konsolen\/neo-geo-pocket\/","url_meta":{"origin":35756,"position":5},"title":"Neo Geo Pocket","author":"Jungsi","date":"31. May 2019","format":false,"excerpt":"SNK Neo Geo Pocket Neo Geo Pocket Color Der Neo Geo Pocket Color war SNKs einziger ernsthafter Versuch im Handheld-Markt \u2014 und er war bemerkenswert gut. Das 1999 erschienene Ger\u00e4t \u00fcberzeugte mit einem knackigen Farbdisplay, einem taktilen Mikroschalter-Joystick der auch die h\u00e4rtesten Spielsitzungen \u00fcberstand, und einer Spielebibliothek, die vor allem\u2026","rel":"","context":"Similar post","block_context":{"text":"Similar post","link":""},"img":{"alt_text":"Flash Masta","src":"https:\/\/i0.wp.com\/www.jungsi.de\/blog\/wp-content\/uploads\/Flash-Masta-Oberseite.jpg?resize=350%2C200&ssl=1","width":350,"height":200,"srcset":"https:\/\/i0.wp.com\/www.jungsi.de\/blog\/wp-content\/uploads\/Flash-Masta-Oberseite.jpg?resize=350%2C200&ssl=1 1x, https:\/\/i0.wp.com\/www.jungsi.de\/blog\/wp-content\/uploads\/Flash-Masta-Oberseite.jpg?resize=525%2C300&ssl=1 1.5x, https:\/\/i0.wp.com\/www.jungsi.de\/blog\/wp-content\/uploads\/Flash-Masta-Oberseite.jpg?resize=700%2C400&ssl=1 2x, https:\/\/i0.wp.com\/www.jungsi.de\/blog\/wp-content\/uploads\/Flash-Masta-Oberseite.jpg?resize=1050%2C600&ssl=1 3x, https:\/\/i0.wp.com\/www.jungsi.de\/blog\/wp-content\/uploads\/Flash-Masta-Oberseite.jpg?resize=1400%2C800&ssl=1 4x"},"classes":[]}],"_links":{"self":[{"href":"https:\/\/www.jungsi.de\/en\/wp-json\/wp\/v2\/pages\/35756","targetHints":{"allow":["GET"]}}],"collection":[{"href":"https:\/\/www.jungsi.de\/en\/wp-json\/wp\/v2\/pages"}],"about":[{"href":"https:\/\/www.jungsi.de\/en\/wp-json\/wp\/v2\/types\/page"}],"author":[{"embeddable":true,"href":"https:\/\/www.jungsi.de\/en\/wp-json\/wp\/v2\/users\/2"}],"replies":[{"embeddable":true,"href":"https:\/\/www.jungsi.de\/en\/wp-json\/wp\/v2\/comments?post=35756"}],"version-history":[{"count":1,"href":"https:\/\/www.jungsi.de\/en\/wp-json\/wp\/v2\/pages\/35756\/revisions"}],"predecessor-version":[{"id":40545,"href":"https:\/\/www.jungsi.de\/en\/wp-json\/wp\/v2\/pages\/35756\/revisions\/40545"}],"up":[{"embeddable":true,"href":"https:\/\/www.jungsi.de\/en\/wp-json\/wp\/v2\/pages\/19664"}],"wp:attachment":[{"href":"https:\/\/www.jungsi.de\/en\/wp-json\/wp\/v2\/media?parent=35756"}],"curies":[{"name":"wp","href":"https:\/\/api.w.org\/{rel}","templated":true}]}}