{"id":356,"date":"2008-12-22T15:32:13","date_gmt":"2008-12-22T14:32:13","guid":{"rendered":"http:\/\/www.jungsi.de\/?page_id=356"},"modified":"2008-12-22T15:32:13","modified_gmt":"2008-12-22T14:32:13","slug":"tour-4-pso-campolongo","status":"publish","type":"page","link":"https:\/\/www.jungsi.de\/en\/reisen\/dolomiten-2004\/tour-4-pso-campolongo\/","title":{"rendered":"Tour 4: Pso. Campolongo&#8230;"},"content":{"rendered":"<p style=\"text-align: justify;\">Pso. Campolongo &#8211; W\u00fcrzjoch &#8211; L\u00fcsen &#8211; Plose &#8211; Sella Joch &#8211; Pso. Pordoi<\/p>\n<p style=\"text-align: justify;\">An diesem Tag nahmen wir eine Tour in Angriff, die etwas k\u00fcrzer war. Direkt aus der Garage starteten wir frisch gest\u00e4rkt zum Passo Campolongo (1.875 m). Auf dieser Strasse blieben wir bis St. Martin, wo es eine unscheinbare Abzweigung zum W\u00fcrzjoch gibt.<br \/>\nDas W\u00fcrzjoch (2.004 m) war auch um diese Zeit schon gut frequentiert von Motorradfahrern. Auf den Wiesen rund um den Parkplatz findet man sogar Enzian, au\u00dferdem gibt es einen wunderbaren Blick auf den  2.847 m hohen Peitlerkofel.<br \/>\nW\u00e4hrend der Abfahrt vom W\u00fcrzjoch gab es eine Abzweigung zum L\u00fcsener Tal, der wir folgten. Hier f\u00e4hrt man einsam und verlassen an einem Gebirgsbach entlang, der immer wieder von  Holzbr\u00fccken \u00fcberquert wird. Danach folgten wir den Hinweisen in Richtung Brixen und in weiterer Folge in Richtung Plose. Nat\u00fcrlich nahmen wir hier die falsche Auffahrt und landeten als erstes nur bei der Seilbahnstation. Also weiter gefahren und die richtige Auffahrt gefunden. Von oben hat man einen super Ausblick auf Brixen. Wir sind nicht am Parkplatz stehen geblieben, sondern haben die Strasse bis zum Ende erkundet und &#8211; siehe da &#8211; ein super Gasthaus gefunden. Auf dessen Terasse genossen wir bei einem hervorragenden &#8222;Kaiserschmarrn&#8220; den herrlichen Ausblick.<br \/>\nNach dieser ausgiebigen Pause suchten wir uns den k\u00fcrzesten Weg zum Val Gardena. Diesen fanden wir \u00fcber kleinere Strassen per Monte di Funes, St. Peter und Lajen.<br \/>\nWie immer spektakul\u00e4r und niemals langweilig die Auffahrt zum Sella Joch (2.244 m) und die Abfahrt \u00fcber die 30 Kehren des Passo Pordoi (2.239 m).<br \/>\nAm Schluss des Tages hatte mein Bike dann sein pers\u00f6nliches Jubil\u00e4um &#8211; 30.000 km in der 3. Saison &#8211; das nat\u00fcrlich als Foto festgehalten werden musste.<\/p>\n<p style=\"text-align: justify;\">ngg_shortcode_0_placeholder\n<p style=\"text-align: justify;\">\u00a0<\/p>","protected":false},"excerpt":{"rendered":"<p>Pso. Campolongo &#8211; W\u00fcrzjoch &#8211; L\u00fcsen &#8211; Plose &#8211; Sella Joch &#8211; Pso. Pordoi An diesem Tag nahmen wir eine Tour in Angriff, die etwas \u2026<\/p>","protected":false},"author":2,"featured_media":0,"parent":345,"menu_order":0,"comment_status":"open","ping_status":"open","template":"","meta":{"_lmt_disableupdate":"","_lmt_disable":"","ngg_post_thumbnail":0,"jetpack_post_was_ever_published":false,"footnotes":"","_links_to":"","_links_to_target":""},"class_list":["post-356","page","type-page","status-publish","hentry"],"jetpack_shortlink":"https:\/\/wp.me\/P4eXvk-5K","jetpack_sharing_enabled":true,"jetpack_likes_enabled":true,"jetpack-related-posts":[{"id":348,"url":"https:\/\/www.jungsi.de\/en\/reisen\/dolomiten-2004\/tour-1-pso-campolongo\/","url_meta":{"origin":356,"position":0},"title":"Tour 1: Pso. Campolongo&#8230;","author":"Jungsi","date":"22. December 2008","format":false,"excerpt":"Pso. Campolongo - Corvara - Zwischenwasser - Furkelpass - Valdaora - Pragser Wildsee - Toblach - Misurina - Drei Zinnen - Passo Tre Croci - Cortina - Pso. Giau Nun geht es endlich los. Nachdem der Wettergott ein Einsehen mit uns hatte, konnten wir bei trockenem Wetter (aber k\u00fchlen Temparaturen)\u2026","rel":"","context":"In &quot;Allgemein&quot;","block_context":{"text":"Allgemein","link":"https:\/\/www.jungsi.de\/en\/category\/allgemein\/"},"img":{"alt_text":"","src":"","width":0,"height":0},"classes":[]},{"id":354,"url":"https:\/\/www.jungsi.de\/en\/reisen\/dolomiten-2004\/tour-3-pso-falzarego\/","url_meta":{"origin":356,"position":1},"title":"Tour 3: Pso. Falzarego&#8230;","author":"Jungsi","date":"22. December 2008","format":false,"excerpt":"Pso. Falzarego - Pso. Giau - Flla. Staulanza - Pso. Duran - Belluno - Forno di Zoldo - Pso. Cibiana - Pso. Falzarego - Pso. Valparola - Pso. Campolongo (ca. 250 km) Bei der dritten Tour haben wir den etwas s\u00fcdlicheren Gebieten einen Besuch abgestattet. Arabba haben wir in Richtung\u2026","rel":"","context":"In &quot;Allgemein&quot;","block_context":{"text":"Allgemein","link":"https:\/\/www.jungsi.de\/en\/category\/allgemein\/"},"img":{"alt_text":"","src":"","width":0,"height":0},"classes":[]},{"id":352,"url":"https:\/\/www.jungsi.de\/en\/reisen\/dolomiten-2004\/tour-2-pso-pordoi\/","url_meta":{"origin":356,"position":2},"title":"Tour 2: Pso. Pordoi&#8230;","author":"Jungsi","date":"22. December 2008","format":false,"excerpt":"Pso. Pordoi - Karerpass - Bozen - Sarntal - Penserjoch - Jaufenpass - Meran - Bozen - Gr\u00f6dner Joch - Pso. Campolongo Bei wiederum trocknen Wetter beginnt der n\u00e4chste Tag. Direkt von Arabba aus beginnt der Einstieg in den Passo Pordoi mit seinen 31 Kehren. Danach ist mit Sicherheit jeder\u2026","rel":"","context":"In &quot;Allgemein&quot;","block_context":{"text":"Allgemein","link":"https:\/\/www.jungsi.de\/en\/category\/allgemein\/"},"img":{"alt_text":"","src":"","width":0,"height":0},"classes":[]},{"id":188,"url":"https:\/\/www.jungsi.de\/en\/reisen\/dolomiten-1999\/tour-2-st-leonhard-wurzjoch-brixen\/","url_meta":{"origin":356,"position":3},"title":"Tour 2: St. Leonhard &#8211; W\u00fcrzjoch &#8211; Brixen","author":"Jungsi","date":"5. December 2008","format":false,"excerpt":"St. Leonhard - W\u00fcrzjoch - Brixen - Klausen - Gr\u00f6dner Joch Streckenl\u00e4nge: ca. 225 km Nach einem kr\u00e4ftigen Fr\u00fchst\u00fcck geht es zum Aufw\u00e4rmen \u00fcber den Passo di Campolongo nach Corvara und St. Leonhard bis St. Martin. In St. Martin gehts nach links zum W\u00fcrzjoch. Kurz nach dem W\u00fcrzjoch heisst es\u2026","rel":"","context":"In &quot;Allgemein&quot;","block_context":{"text":"Allgemein","link":"https:\/\/www.jungsi.de\/en\/category\/allgemein\/"},"img":{"alt_text":"","src":"","width":0,"height":0},"classes":[]},{"id":337,"url":"https:\/\/www.jungsi.de\/en\/reisen\/schweiz-2003\/tour-4-san-bernadino\/","url_meta":{"origin":356,"position":4},"title":"Tour 4: San Bernadino&#8230;","author":"Jungsi","date":"22. December 2008","format":false,"excerpt":"San Bernadino - Lugano - Chiavenna - Malojapass - Julierpass Thusis - San Bernadino - Lugano - Gandria - Menaggio - Dongo - Domaso - Chiavenna - Maloja - Silvaplana - Julierpass - Tiefencastel - Thusis Streckenl\u00e4nge ca. 330 km Da wir an diesem Tag sch\u00f6nes Wetter hatten, nahmen wir\u2026","rel":"","context":"In &quot;Allgemein&quot;","block_context":{"text":"Allgemein","link":"https:\/\/www.jungsi.de\/en\/category\/allgemein\/"},"img":{"alt_text":"","src":"","width":0,"height":0},"classes":[]},{"id":182,"url":"https:\/\/www.jungsi.de\/en\/reisen\/dolomiten-1999\/","url_meta":{"origin":356,"position":5},"title":"Dolomiten 1999","author":"Jungsi","date":"5. December 2008","format":false,"excerpt":"1999 nahmen wir eine der sch\u00f6nsten Gegenden der Alpen in Angriff - die Dolomiten. Per Internet habe ich ein Hotel in einem der zentralsten Orte der Dolomiten - Arabba - gefunden. Das Hotel Olympia - gelegen an der Auffahrt zum Passo Campolongo. Dieses Hotel ist \u00e4u\u00dferst empfehlenswert. Dort sind immer\u2026","rel":"","context":"In &quot;Allgemein&quot;","block_context":{"text":"Allgemein","link":"https:\/\/www.jungsi.de\/en\/category\/allgemein\/"},"img":{"alt_text":"","src":"","width":0,"height":0},"classes":[]}],"_links":{"self":[{"href":"https:\/\/www.jungsi.de\/en\/wp-json\/wp\/v2\/pages\/356","targetHints":{"allow":["GET"]}}],"collection":[{"href":"https:\/\/www.jungsi.de\/en\/wp-json\/wp\/v2\/pages"}],"about":[{"href":"https:\/\/www.jungsi.de\/en\/wp-json\/wp\/v2\/types\/page"}],"author":[{"embeddable":true,"href":"https:\/\/www.jungsi.de\/en\/wp-json\/wp\/v2\/users\/2"}],"replies":[{"embeddable":true,"href":"https:\/\/www.jungsi.de\/en\/wp-json\/wp\/v2\/comments?post=356"}],"version-history":[{"count":0,"href":"https:\/\/www.jungsi.de\/en\/wp-json\/wp\/v2\/pages\/356\/revisions"}],"up":[{"embeddable":true,"href":"https:\/\/www.jungsi.de\/en\/wp-json\/wp\/v2\/pages\/345"}],"wp:attachment":[{"href":"https:\/\/www.jungsi.de\/en\/wp-json\/wp\/v2\/media?parent=356"}],"curies":[{"name":"wp","href":"https:\/\/api.w.org\/{rel}","templated":true}]}}