{"id":35,"date":"2008-11-05T23:27:00","date_gmt":"2008-11-05T22:27:00","guid":{"rendered":"http:\/\/www.jungsi.de\/blog\/?page_id=35"},"modified":"2024-12-23T16:33:20","modified_gmt":"2024-12-23T15:33:20","slug":"kawasaki-zrx-1200","status":"publish","type":"page","link":"https:\/\/www.jungsi.de\/en\/und-mehr\/bikes\/kawasaki-zrx-1200\/","title":{"rendered":"Kawasaki ZRX 1200"},"content":{"rendered":"<p><\/p>\n\n\n\n<h2 class=\"wp-block-heading has-text-align-center\">Kawasaki ZRX 1200<\/h2>\n\n\n\n<p><small>2001 stand dann wieder eine Entscheidung an. Enweder mit der ZR-7 weiterfahren oder doch nochmal umsteigen. Nachdem man mit der ZR-7 immer dem Fahrtwind voll ausgesetzt ist, stand ich vor der Frage endlich etwas mit Verkleidung zu fahren. Supersportler sollte es aber keiner sein. Zuviel Plastik ist auch nichts. Hier kam mir Kawa entgegen und stellte die neue ZRX-1200er Reihe vor.<\/small><\/p>\n\n\n\n<p><small>Eine ohne Verkleidung, eine mit kleinem Schild und eine mit Halbschale. Die letzte war genau die richtige f\u00fcr mich. Anfang April war es dann soweit.<\/small><\/p>\n\n\n\n<p><small>Nach nun \u00fcber 7.000 km kann ich sagen, dass ich die Entscheidung nicht bedauere. Kraft in allen Lebenslagen, trotzdem einigermassen sparsam (zwischen 5 und 9 Liter).<\/small><\/p>\n\n\n\n<p><small>Diese Maschine wollte ich eigentlich l\u00e4nger fahren, aber Kawa hatte anderes im Sinn. Sie stellten f\u00fcr 2002 die ZZR-1200 in Aussicht. Bedingt durch meine damalige Freundin kam ich leider nur auf 12.500 km in dieser Saison. Es gibt eben auch noch etwas anderes als Motorr\u00e4der :-))<\/small><\/p>","protected":false},"excerpt":{"rendered":"<p>Kawasaki ZRX 1200 2001 stand dann wieder eine Entscheidung an. Enweder mit der ZR-7 weiterfahren oder doch nochmal umsteigen. Nachdem man mit der ZR-7 immer \u2026<\/p>","protected":false},"author":1,"featured_media":60,"parent":8,"menu_order":2,"comment_status":"open","ping_status":"open","template":"","meta":{"_lmt_disableupdate":"","_lmt_disable":"","ngg_post_thumbnail":0,"jetpack_post_was_ever_published":false,"footnotes":"","_links_to":"","_links_to_target":""},"class_list":["post-35","page","type-page","status-publish","has-post-thumbnail","hentry"],"jetpack_shortlink":"https:\/\/wp.me\/P4eXvk-z","jetpack_sharing_enabled":true,"jetpack_likes_enabled":true,"jetpack-related-posts":[{"id":25,"url":"https:\/\/www.jungsi.de\/en\/und-mehr\/bikes\/kawasaki-zr-7\/","url_meta":{"origin":35,"position":0},"title":"Kawasaki ZR-7","author":"Jungsi","date":"5. November 2008","format":false,"excerpt":"Kawasaki ZR-7 1999 markierte das Jahr des Wandels. Der F\u00fchrerschein war bereits zwei Jahre alt, und das Motorrad begann, zu schw\u00e4cheln. Was tun, fragte Zeus? Richtig! Ein neues Moped kaufen. Gesagt, getan. Das alte Moped wurde eingetauscht, ein neues erstanden. Die ZR-7, die im Fr\u00fchjahr 1999 mit 78 PS neu\u2026","rel":"","context":"In &quot;Allgemein&quot;","block_context":{"text":"Allgemein","link":"https:\/\/www.jungsi.de\/en\/category\/allgemein\/"},"img":{"alt_text":"","src":"https:\/\/i0.wp.com\/www.jungsi.de\/blog\/wp-content\/uploads\/2008\/11\/zr7r6.jpg?resize=350%2C200&ssl=1","width":350,"height":200},"classes":[]},{"id":40,"url":"https:\/\/www.jungsi.de\/en\/und-mehr\/bikes\/kawasaki-z1000\/","url_meta":{"origin":35,"position":1},"title":"Kawasaki Z1000","author":"Jungsi","date":"6. November 2008","format":false,"excerpt":"Kawasaki Z1000 Nach der Urlaubstour 2005 habe ich mich spontan entschlossen, zu meinen Wurzeln (Naked Bike) zur\u00fcckzukehren.Hintergrund waren unter anderem das hohe Gewicht und die \u201eUnhandlichkeit\u201c der ZZR.Da mir die Z1000 schon bei ihrem Erscheinen gefallen hat und ich nach einer Probefahrt vom Handling und dem Sound begeistert war, fiel\u2026","rel":"","context":"In &quot;Allgemein&quot;","block_context":{"text":"Allgemein","link":"https:\/\/www.jungsi.de\/en\/category\/allgemein\/"},"img":{"alt_text":"","src":"","width":0,"height":0},"classes":[]},{"id":37,"url":"https:\/\/www.jungsi.de\/en\/und-mehr\/bikes\/kawasaki-zzr-1200\/","url_meta":{"origin":35,"position":2},"title":"Kawasaki ZZR 1200","author":"Jungsi","date":"6. November 2008","format":false,"excerpt":"Kawasaki ZZR 1200 Im April 2002 war es endlich so weit: Die ZZR-1200 wurde beim H\u00e4ndler angeliefert. Nach den ersten Kilometern kehrte ich aufgrund einer stark vibrierenden Verkleidungsscheibe zur Werkstatt zur\u00fcck. Beim zweiten Besuch l\u00f6ste der Mechaniker das Problem dank seines Improvisationstalents.Zur Leistung der Maschine l\u00e4sst sich nur sagen: Wow.\u2026","rel":"","context":"In &quot;Allgemein&quot;","block_context":{"text":"Allgemein","link":"https:\/\/www.jungsi.de\/en\/category\/allgemein\/"},"img":{"alt_text":"","src":"https:\/\/i0.wp.com\/www.jungsi.de\/blog\/wp-content\/uploads\/2008\/11\/zzr126blu.jpg?resize=350%2C200&ssl=1","width":350,"height":200,"srcset":"https:\/\/i0.wp.com\/www.jungsi.de\/blog\/wp-content\/uploads\/2008\/11\/zzr126blu.jpg?resize=350%2C200&ssl=1 1x, https:\/\/i0.wp.com\/www.jungsi.de\/blog\/wp-content\/uploads\/2008\/11\/zzr126blu.jpg?resize=525%2C300&ssl=1 1.5x"},"classes":[]},{"id":11,"url":"https:\/\/www.jungsi.de\/en\/und-mehr\/bikes\/kawasaki-er-5\/","url_meta":{"origin":35,"position":3},"title":"Kawasaki ER-5","author":"Jungsi","date":"5. November 2008","format":false,"excerpt":"Kawasaki ER-5 Anfang 1998 hatte sich die finanzielle Lage endlich etwas erholt, und so konnte das erste eigene Motorrad angeschafft werden. Wie bei vielen anderen auch, war es eine neue Kawa ER-5 mit gedrosselten 34 PS. Nach den ersten Ausfahrten folgte bald die erste gr\u00f6\u00dfere Tour nach K\u00e4rnten (mit Sozia),\u2026","rel":"","context":"In &quot;Allgemein&quot;","block_context":{"text":"Allgemein","link":"https:\/\/www.jungsi.de\/en\/category\/allgemein\/"},"img":{"alt_text":"","src":"https:\/\/i0.wp.com\/www.jungsi.de\/blog\/wp-content\/uploads\/2008\/11\/er5twr6.jpg?resize=350%2C200&ssl=1","width":350,"height":200,"srcset":"https:\/\/i0.wp.com\/www.jungsi.de\/blog\/wp-content\/uploads\/2008\/11\/er5twr6.jpg?resize=350%2C200&ssl=1 1x, https:\/\/i0.wp.com\/www.jungsi.de\/blog\/wp-content\/uploads\/2008\/11\/er5twr6.jpg?resize=525%2C300&ssl=1 1.5x"},"classes":[]},{"id":502,"url":"https:\/\/www.jungsi.de\/en\/reisen\/dolomiten-2009\/","url_meta":{"origin":35,"position":4},"title":"Dolomiten 2009","author":"Jungsi","date":"28. July 2009","format":false,"excerpt":"Dolomiten 2009 Nach dem Urlaub im vergangenen Jahr in Frankreich zog es uns dieses Mal wieder in \"heimischere\" Gefilde - die Dolomiten. Im Gegensatz zu den vergangenen Dolomiten-Urlauben verlagerten wir dieses Mal unser Quartier etwas weiter westlich - kurz unterhalb des Karerpasses - im Hotel Castel Latemar. Die Zimmer haben\u2026","rel":"","context":"In &quot;Allgemein&quot;","block_context":{"text":"Allgemein","link":"https:\/\/www.jungsi.de\/en\/category\/allgemein\/"},"img":{"alt_text":"","src":"https:\/\/i0.wp.com\/www.jungsi.de\/blog\/wp-content\/uploads\/2009\/07\/Hotel-Castel-Latemar-1.jpg?resize=350%2C200&ssl=1","width":350,"height":200,"srcset":"https:\/\/i0.wp.com\/www.jungsi.de\/blog\/wp-content\/uploads\/2009\/07\/Hotel-Castel-Latemar-1.jpg?resize=350%2C200&ssl=1 1x, https:\/\/i0.wp.com\/www.jungsi.de\/blog\/wp-content\/uploads\/2009\/07\/Hotel-Castel-Latemar-1.jpg?resize=525%2C300&ssl=1 1.5x, https:\/\/i0.wp.com\/www.jungsi.de\/blog\/wp-content\/uploads\/2009\/07\/Hotel-Castel-Latemar-1.jpg?resize=700%2C400&ssl=1 2x"},"classes":[]},{"id":42,"url":"https:\/\/www.jungsi.de\/en\/und-mehr\/bikes\/aprilia-tuono-factory\/","url_meta":{"origin":35,"position":5},"title":"Aprilia Tuono Factory","author":"Jungsi","date":"9. November 2008","format":false,"excerpt":"Aprilia Tuono Factory Ein neues Kapitel beginnt! Nach einem Jahrzehnt mit Kawasaki wage ich 2008 den Schritt zu neuen Ufern und wechsle die Marke. Da Kawasaki das Design der Z1000 in den letzten Jahren eher verschlechtert als verbessert hat und die versprochene Z1400 nicht erschienen ist, probiere ich eine andere\u2026","rel":"","context":"In &quot;Allgemein&quot;","block_context":{"text":"Allgemein","link":"https:\/\/www.jungsi.de\/en\/category\/allgemein\/"},"img":{"alt_text":"","src":"https:\/\/i0.wp.com\/www.jungsi.de\/blog\/wp-content\/uploads\/2008\/11\/cms_425_472.jpg?resize=350%2C200&ssl=1","width":350,"height":200},"classes":[]}],"_links":{"self":[{"href":"https:\/\/www.jungsi.de\/en\/wp-json\/wp\/v2\/pages\/35","targetHints":{"allow":["GET"]}}],"collection":[{"href":"https:\/\/www.jungsi.de\/en\/wp-json\/wp\/v2\/pages"}],"about":[{"href":"https:\/\/www.jungsi.de\/en\/wp-json\/wp\/v2\/types\/page"}],"author":[{"embeddable":true,"href":"https:\/\/www.jungsi.de\/en\/wp-json\/wp\/v2\/users\/1"}],"replies":[{"embeddable":true,"href":"https:\/\/www.jungsi.de\/en\/wp-json\/wp\/v2\/comments?post=35"}],"version-history":[{"count":0,"href":"https:\/\/www.jungsi.de\/en\/wp-json\/wp\/v2\/pages\/35\/revisions"}],"up":[{"embeddable":true,"href":"https:\/\/www.jungsi.de\/en\/wp-json\/wp\/v2\/pages\/8"}],"wp:featuredmedia":[{"embeddable":true,"href":"https:\/\/www.jungsi.de\/en\/wp-json\/wp\/v2\/media\/60"}],"wp:attachment":[{"href":"https:\/\/www.jungsi.de\/en\/wp-json\/wp\/v2\/media?parent=35"}],"curies":[{"name":"wp","href":"https:\/\/api.w.org\/{rel}","templated":true}]}}