{"id":34861,"date":"2025-01-11T15:53:03","date_gmt":"2025-01-11T14:53:03","guid":{"rendered":"https:\/\/www.jungsi.de\/?page_id=34861"},"modified":"2025-12-01T10:38:40","modified_gmt":"2025-12-01T09:38:40","slug":"ibm","status":"publish","type":"page","link":"https:\/\/www.jungsi.de\/en\/pc-kompatibel\/ibm\/","title":{"rendered":"IBM"},"content":{"rendered":"<p><\/p>\n\n\n\n<h2 class=\"wp-block-heading has-text-align-center\">IBM<\/h2>\n\n\n<div class=\"wp-block-image\">\n<figure class=\"aligncenter size-large\"><img loading=\"lazy\" decoding=\"async\" width=\"1024\" height=\"768\" data-attachment-id=\"31500\" data-permalink=\"https:\/\/www.jungsi.de\/en\/ibm-thinkpad-ibm\/thinkpad-380xd-aufgeklappt\/\" data-orig-file=\"https:\/\/www.jungsi.de\/blog\/wp-content\/uploads\/Thinkpad-380XD-aufgeklappt.jpg\" data-orig-size=\"1400,1050\" data-comments-opened=\"1\" data-image-meta=\"{&quot;aperture&quot;:&quot;1.5&quot;,&quot;credit&quot;:&quot;&quot;,&quot;camera&quot;:&quot;iPhone 14&quot;,&quot;caption&quot;:&quot;&quot;,&quot;created_timestamp&quot;:&quot;1706441620&quot;,&quot;copyright&quot;:&quot;&quot;,&quot;focal_length&quot;:&quot;5.7&quot;,&quot;iso&quot;:&quot;500&quot;,&quot;shutter_speed&quot;:&quot;0.018867924528302&quot;,&quot;title&quot;:&quot;&quot;,&quot;orientation&quot;:&quot;1&quot;}\" data-image-title=\"Thinkpad-380XD-aufgeklappt\" data-image-description=\"&lt;p&gt;Thinkpad 380XD&lt;\/p&gt;\" data-image-caption=\"&lt;p&gt;Thinkpad 380XD&lt;\/p&gt;\" data-large-file=\"https:\/\/www.jungsi.de\/blog\/wp-content\/uploads\/Thinkpad-380XD-aufgeklappt-1024x768.jpg\" src=\"https:\/\/www.jungsi.de\/blog\/wp-content\/uploads\/Thinkpad-380XD-aufgeklappt-1024x768.jpg\" alt=\"Thinkpad 380XD\" class=\"wp-image-31500\" srcset=\"https:\/\/www.jungsi.de\/blog\/wp-content\/uploads\/Thinkpad-380XD-aufgeklappt-1024x768.jpg 1024w, https:\/\/www.jungsi.de\/blog\/wp-content\/uploads\/Thinkpad-380XD-aufgeklappt-300x225.jpg 300w, https:\/\/www.jungsi.de\/blog\/wp-content\/uploads\/Thinkpad-380XD-aufgeklappt.jpg 1400w\" sizes=\"auto, (max-width: 1024px) 100vw, 1024px\" \/><figcaption class=\"wp-element-caption\"><a href=\"https:\/\/www.jungsi.de\/en\/ibm-thinkpad-ibm\/#thinkpad380xs\" target=\"_blank\" rel=\"noreferrer noopener\">Thinkpad 380XD<\/a><\/figcaption><\/figure>\n<\/div>\n\n<div class=\"wp-block-image\">\n<figure class=\"aligncenter size-large\"><a href=\"https:\/\/www.jungsi.de\/en\/ibm-thinkpad-ibm\/#thinkpad390e\" target=\"_blank\" rel=\" noreferrer noopener\"><img loading=\"lazy\" decoding=\"async\" width=\"768\" height=\"1024\" data-attachment-id=\"31509\" data-permalink=\"https:\/\/www.jungsi.de\/en\/ibm-thinkpad-ibm\/thinkpad-390e-aufgeklappt\/\" data-orig-file=\"https:\/\/www.jungsi.de\/blog\/wp-content\/uploads\/Thinkpad-390E-aufgeklappt.jpg\" data-orig-size=\"1050,1400\" data-comments-opened=\"1\" data-image-meta=\"{&quot;aperture&quot;:&quot;1.5&quot;,&quot;credit&quot;:&quot;&quot;,&quot;camera&quot;:&quot;iPhone 14&quot;,&quot;caption&quot;:&quot;&quot;,&quot;created_timestamp&quot;:&quot;1706441836&quot;,&quot;copyright&quot;:&quot;&quot;,&quot;focal_length&quot;:&quot;5.7&quot;,&quot;iso&quot;:&quot;400&quot;,&quot;shutter_speed&quot;:&quot;0.016666666666667&quot;,&quot;title&quot;:&quot;&quot;,&quot;orientation&quot;:&quot;1&quot;}\" data-image-title=\"Thinkpad-390E-aufgeklappt\" data-image-description=\"&lt;p&gt;Thinkpad 390E&lt;\/p&gt;\" data-image-caption=\"&lt;p&gt;Thinkpad 390E&lt;\/p&gt;\" data-large-file=\"https:\/\/www.jungsi.de\/blog\/wp-content\/uploads\/Thinkpad-390E-aufgeklappt-768x1024.jpg\" src=\"https:\/\/www.jungsi.de\/blog\/wp-content\/uploads\/Thinkpad-390E-aufgeklappt-768x1024.jpg\" alt=\"Thinkpad 390E\" class=\"wp-image-31509\" srcset=\"https:\/\/www.jungsi.de\/blog\/wp-content\/uploads\/Thinkpad-390E-aufgeklappt-768x1024.jpg 768w, https:\/\/www.jungsi.de\/blog\/wp-content\/uploads\/Thinkpad-390E-aufgeklappt-225x300.jpg 225w, https:\/\/www.jungsi.de\/blog\/wp-content\/uploads\/Thinkpad-390E-aufgeklappt.jpg 1050w\" sizes=\"auto, (max-width: 768px) 100vw, 768px\" \/><\/a><figcaption class=\"wp-element-caption\"><a href=\"https:\/\/www.jungsi.de\/en\/ibm-thinkpad-ibm\/#thinkpad390e\" target=\"_blank\" rel=\"noreferrer noopener\">Thinkpad 390E<\/a><\/figcaption><\/figure>\n<\/div>\n\n<div class=\"wp-block-image\">\n<figure class=\"aligncenter size-large\"><img loading=\"lazy\" decoding=\"async\" width=\"768\" height=\"1024\" data-attachment-id=\"31517\" data-permalink=\"https:\/\/www.jungsi.de\/en\/ibm-thinkpad-ibm\/thinkpad-r51-aufgeklappt\/\" data-orig-file=\"https:\/\/www.jungsi.de\/blog\/wp-content\/uploads\/Thinkpad-R51-aufgeklappt.jpg\" data-orig-size=\"1050,1400\" data-comments-opened=\"1\" data-image-meta=\"{&quot;aperture&quot;:&quot;1.5&quot;,&quot;credit&quot;:&quot;&quot;,&quot;camera&quot;:&quot;iPhone 14&quot;,&quot;caption&quot;:&quot;&quot;,&quot;created_timestamp&quot;:&quot;1706441983&quot;,&quot;copyright&quot;:&quot;&quot;,&quot;focal_length&quot;:&quot;5.7&quot;,&quot;iso&quot;:&quot;500&quot;,&quot;shutter_speed&quot;:&quot;0.016666666666667&quot;,&quot;title&quot;:&quot;&quot;,&quot;orientation&quot;:&quot;1&quot;}\" data-image-title=\"Thinkpad-R51-aufgeklappt\" data-image-description=\"&lt;p&gt;Thinkpad R51&lt;\/p&gt;\" data-image-caption=\"&lt;p&gt;Thinkpad R51&lt;\/p&gt;\" data-large-file=\"https:\/\/www.jungsi.de\/blog\/wp-content\/uploads\/Thinkpad-R51-aufgeklappt-768x1024.jpg\" src=\"https:\/\/www.jungsi.de\/blog\/wp-content\/uploads\/Thinkpad-R51-aufgeklappt-768x1024.jpg\" alt=\"Thinkpad R51\" class=\"wp-image-31517\" srcset=\"https:\/\/www.jungsi.de\/blog\/wp-content\/uploads\/Thinkpad-R51-aufgeklappt-768x1024.jpg 768w, https:\/\/www.jungsi.de\/blog\/wp-content\/uploads\/Thinkpad-R51-aufgeklappt-225x300.jpg 225w, https:\/\/www.jungsi.de\/blog\/wp-content\/uploads\/Thinkpad-R51-aufgeklappt.jpg 1050w\" sizes=\"auto, (max-width: 768px) 100vw, 768px\" \/><figcaption class=\"wp-element-caption\"><a href=\"https:\/\/www.jungsi.de\/en\/ibm-thinkpad-ibm\/#thinkpadr51\" target=\"_blank\" rel=\"noreferrer noopener\">Thinkpad R51<\/a><\/figcaption><\/figure>\n<\/div>\n\n<div class=\"wp-block-image\">\n<figure class=\"aligncenter size-large\"><img loading=\"lazy\" decoding=\"async\" width=\"768\" height=\"1024\" data-attachment-id=\"31531\" data-permalink=\"https:\/\/www.jungsi.de\/en\/ibm-thinkpad-ibm\/thinkpad-t40-aufgeklappt\/\" data-orig-file=\"https:\/\/www.jungsi.de\/blog\/wp-content\/uploads\/Thinkpad-T40-aufgeklappt.jpg\" data-orig-size=\"1050,1400\" data-comments-opened=\"1\" data-image-meta=\"{&quot;aperture&quot;:&quot;1.5&quot;,&quot;credit&quot;:&quot;&quot;,&quot;camera&quot;:&quot;iPhone 14&quot;,&quot;caption&quot;:&quot;&quot;,&quot;created_timestamp&quot;:&quot;1706369392&quot;,&quot;copyright&quot;:&quot;&quot;,&quot;focal_length&quot;:&quot;5.7&quot;,&quot;iso&quot;:&quot;160&quot;,&quot;shutter_speed&quot;:&quot;0.016666666666667&quot;,&quot;title&quot;:&quot;&quot;,&quot;orientation&quot;:&quot;1&quot;}\" data-image-title=\"Thinkpad-T40-aufgeklappt\" data-image-description=\"&lt;p&gt;Thinkpad T40&lt;\/p&gt;\" data-image-caption=\"&lt;p&gt;Thinkpad T40&lt;\/p&gt;\" data-large-file=\"https:\/\/www.jungsi.de\/blog\/wp-content\/uploads\/Thinkpad-T40-aufgeklappt-768x1024.jpg\" src=\"https:\/\/www.jungsi.de\/blog\/wp-content\/uploads\/Thinkpad-T40-aufgeklappt-768x1024.jpg\" alt=\"Thinkpad T40\" class=\"wp-image-31531\" srcset=\"https:\/\/www.jungsi.de\/blog\/wp-content\/uploads\/Thinkpad-T40-aufgeklappt-768x1024.jpg 768w, https:\/\/www.jungsi.de\/blog\/wp-content\/uploads\/Thinkpad-T40-aufgeklappt-225x300.jpg 225w, https:\/\/www.jungsi.de\/blog\/wp-content\/uploads\/Thinkpad-T40-aufgeklappt.jpg 1050w\" sizes=\"auto, (max-width: 768px) 100vw, 768px\" \/><figcaption class=\"wp-element-caption\"><a href=\"https:\/\/www.jungsi.de\/en\/ibm-thinkpad-ibm\/#thinkpadt40\" target=\"_blank\" rel=\"noreferrer noopener\">Thinkpad T40<\/a><\/figcaption><\/figure>\n<\/div>","protected":false},"excerpt":{"rendered":"<p>IBM<\/p>","protected":false},"author":2,"featured_media":0,"parent":33298,"menu_order":0,"comment_status":"closed","ping_status":"closed","template":"","meta":{"_lmt_disableupdate":"","_lmt_disable":"","ngg_post_thumbnail":0,"jetpack_post_was_ever_published":false,"footnotes":"","_links_to":"","_links_to_target":""},"class_list":["post-34861","page","type-page","status-publish","hentry"],"jetpack_shortlink":"https:\/\/wp.me\/P4eXvk-94h","jetpack_sharing_enabled":true,"jetpack_likes_enabled":true,"jetpack-related-posts":[{"id":18072,"url":"https:\/\/www.jungsi.de\/en\/die-sammlung\/","url_meta":{"origin":34861,"position":0},"title":"The Collection","author":"Jungsi","date":"30. July 2017","format":false,"excerpt":"\u00dcbersicht der Hardware-Sammlung Hier finden Sie eine \u00dcbersicht meiner Sammlung, geordnet nach dem Ver\u00f6ffentlichungsjahr der Ger\u00e4te. Wenn verf\u00fcgbar, sind Links zu den Artikeln beigef\u00fcgt, die ich \u00fcber die entsprechende Hardware verfasst habe. Es lohnt sich, regelm\u00e4\u00dfig vorbeizuschauen, da die Seite kontinuierlich aktualisiert wird.Erkl\u00e4rung der Kategorien:Heimcomputer: klassische Heimcomputer und moderne VersionenKonsolen:\u2026","rel":"","context":"Similar post","block_context":{"text":"Similar post","link":""},"img":{"alt_text":"","src":"","width":0,"height":0},"classes":[]},{"id":27745,"url":"https:\/\/www.jungsi.de\/en\/heimcomputer\/atari-die-sammlung\/atari-ste-mega-ste\/","url_meta":{"origin":34861,"position":1},"title":"Atari ST(E)\/Mega ST(E)","author":"Jungsi","date":"13. January 2023","format":false,"excerpt":"Atari ST(E)\/Mega ST(E) Atari 260ST Atari 520ST Atari 1040STF Atari 1040 STFM Atari 1040 STE 1989, als der Commodore Amiga, Apples Macintosh und die x86-PCs kurz davor standen, den vier Jahre alten Atari ST zu \u00fcberholen, wurde der Atari 1040 STE eingef\u00fchrt. Die Anzahl der darstellbaren Farben stieg von 512\u2026","rel":"","context":"Similar post","block_context":{"text":"Similar post","link":""},"img":{"alt_text":"microSD Reader","src":"https:\/\/i0.wp.com\/www.jungsi.de\/blog\/wp-content\/uploads\/microSD-Reader.jpg?resize=350%2C200&ssl=1","width":350,"height":200,"srcset":"https:\/\/i0.wp.com\/www.jungsi.de\/blog\/wp-content\/uploads\/microSD-Reader.jpg?resize=350%2C200&ssl=1 1x, https:\/\/i0.wp.com\/www.jungsi.de\/blog\/wp-content\/uploads\/microSD-Reader.jpg?resize=525%2C300&ssl=1 1.5x, https:\/\/i0.wp.com\/www.jungsi.de\/blog\/wp-content\/uploads\/microSD-Reader.jpg?resize=700%2C400&ssl=1 2x, https:\/\/i0.wp.com\/www.jungsi.de\/blog\/wp-content\/uploads\/microSD-Reader.jpg?resize=1050%2C600&ssl=1 3x, https:\/\/i0.wp.com\/www.jungsi.de\/blog\/wp-content\/uploads\/microSD-Reader.jpg?resize=1400%2C800&ssl=1 4x"},"classes":[]},{"id":18076,"url":"https:\/\/www.jungsi.de\/en\/heimcomputer\/","url_meta":{"origin":34861,"position":2},"title":"home computer","author":"Jungsi","date":"30. July 2017","format":false,"excerpt":"Meine Geschichte Meine Begeisterung f\u00fcr Computer begann in den fr\u00fchen 1980er Jahren. Als ich im P.M. Computerheft \u00fcber diese faszinierende neue Technologie las, erkannte ich sofort: Das ist die Zukunft. Ich bettelte so lange, bis meine Gro\u00dfmutter mir einen Sinclair ZX81 schenkte, damals der g\u00fcnstigste Homecomputer. Fasziniert sa\u00df ich vor\u2026","rel":"","context":"Similar post","block_context":{"text":"Similar post","link":""},"img":{"alt_text":"Acorn","src":"https:\/\/i0.wp.com\/www.jungsi.de\/blog\/wp-content\/uploads\/Acorn.jpg?resize=350%2C200&ssl=1","width":350,"height":200,"srcset":"https:\/\/i0.wp.com\/www.jungsi.de\/blog\/wp-content\/uploads\/Acorn.jpg?resize=350%2C200&ssl=1 1x, https:\/\/i0.wp.com\/www.jungsi.de\/blog\/wp-content\/uploads\/Acorn.jpg?resize=525%2C300&ssl=1 1.5x, https:\/\/i0.wp.com\/www.jungsi.de\/blog\/wp-content\/uploads\/Acorn.jpg?resize=700%2C400&ssl=1 2x, https:\/\/i0.wp.com\/www.jungsi.de\/blog\/wp-content\/uploads\/Acorn.jpg?resize=1050%2C600&ssl=1 3x, https:\/\/i0.wp.com\/www.jungsi.de\/blog\/wp-content\/uploads\/Acorn.jpg?resize=1400%2C800&ssl=1 4x"},"classes":[]},{"id":19748,"url":"https:\/\/www.jungsi.de\/en\/heimcomputer\/msx-sony-hitbit-75-p\/","url_meta":{"origin":34861,"position":3},"title":"MSX","author":"Jungsi","date":"28. February 2018","format":false,"excerpt":"MSX Philips VG-8235 Sony HitBit 75-P Zusammenfassung zum MSX-Standard Der MSX-Standard war eine einheitliche Plattform f\u00fcr Heimcomputer, die Anfang der 1980er Jahre entwickelt wurde. Hier sind die wichtigsten Punkte seiner Geschichte und Merkmale: Einf\u00fchrung und Zielsetzung (1983): Konzept: Der MSX-Standard wurde von Kazuhiko Nishi von Microsoft Japan in Zusammenarbeit mit\u2026","rel":"","context":"Similar post","block_context":{"text":"Similar post","link":""},"img":{"alt_text":"","src":"https:\/\/i0.wp.com\/www.jungsi.de\/blog\/wp-content\/uploads\/Carnivore-2-R%C3%BCckseite.jpg?resize=350%2C200&ssl=1","width":350,"height":200,"srcset":"https:\/\/i0.wp.com\/www.jungsi.de\/blog\/wp-content\/uploads\/Carnivore-2-R%C3%BCckseite.jpg?resize=350%2C200&ssl=1 1x, https:\/\/i0.wp.com\/www.jungsi.de\/blog\/wp-content\/uploads\/Carnivore-2-R%C3%BCckseite.jpg?resize=525%2C300&ssl=1 1.5x, https:\/\/i0.wp.com\/www.jungsi.de\/blog\/wp-content\/uploads\/Carnivore-2-R%C3%BCckseite.jpg?resize=700%2C400&ssl=1 2x, https:\/\/i0.wp.com\/www.jungsi.de\/blog\/wp-content\/uploads\/Carnivore-2-R%C3%BCckseite.jpg?resize=1050%2C600&ssl=1 3x, https:\/\/i0.wp.com\/www.jungsi.de\/blog\/wp-content\/uploads\/Carnivore-2-R%C3%BCckseite.jpg?resize=1400%2C800&ssl=1 4x"},"classes":[]},{"id":3749,"url":"https:\/\/www.jungsi.de\/en\/heimcomputer\/atari-die-sammlung\/","url_meta":{"origin":34861,"position":4},"title":"Atari","author":"Jungsi","date":"26. September 2013","format":false,"excerpt":"Atari Heimcomputer\u00a0 Atari 800XL Atari Falcon Atari Portfolio Atari ST(E)\/Mega ST(E) Atari TT Geschichte der Atari Heimcomputer Die Geschichte der Atari Heimcomputer beginnt in den sp\u00e4ten 1970er Jahren und erstreckt sich \u00fcber mehrere Modellreihen, die in den 1980er Jahren gro\u00dfen Einfluss auf den Heimcomputermarkt hatten. Hier sind die wichtigsten Meilensteine:\u2026","rel":"","context":"With 2 comments","block_context":{"text":"With 2 comments","link":"https:\/\/www.jungsi.de\/en\/heimcomputer\/atari-die-sammlung\/#comments"},"img":{"alt_text":"","src":"https:\/\/i0.wp.com\/www.jungsi.de\/blog\/wp-content\/uploads\/2013\/07\/Atari-800XL_1.jpg?resize=350%2C200&ssl=1","width":350,"height":200},"classes":[]}],"_links":{"self":[{"href":"https:\/\/www.jungsi.de\/en\/wp-json\/wp\/v2\/pages\/34861","targetHints":{"allow":["GET"]}}],"collection":[{"href":"https:\/\/www.jungsi.de\/en\/wp-json\/wp\/v2\/pages"}],"about":[{"href":"https:\/\/www.jungsi.de\/en\/wp-json\/wp\/v2\/types\/page"}],"author":[{"embeddable":true,"href":"https:\/\/www.jungsi.de\/en\/wp-json\/wp\/v2\/users\/2"}],"replies":[{"embeddable":true,"href":"https:\/\/www.jungsi.de\/en\/wp-json\/wp\/v2\/comments?post=34861"}],"version-history":[{"count":0,"href":"https:\/\/www.jungsi.de\/en\/wp-json\/wp\/v2\/pages\/34861\/revisions"}],"up":[{"embeddable":true,"href":"https:\/\/www.jungsi.de\/en\/wp-json\/wp\/v2\/pages\/33298"}],"wp:attachment":[{"href":"https:\/\/www.jungsi.de\/en\/wp-json\/wp\/v2\/media?parent=34861"}],"curies":[{"name":"wp","href":"https:\/\/api.w.org\/{rel}","templated":true}]}}