{"id":345,"date":"2008-12-22T15:22:55","date_gmt":"2008-12-22T14:22:55","guid":{"rendered":"http:\/\/www.jungsi.de\/?page_id=345"},"modified":"2024-08-01T10:13:52","modified_gmt":"2024-08-01T08:13:52","slug":"dolomiten-2004","status":"publish","type":"page","link":"https:\/\/www.jungsi.de\/en\/reisen\/dolomiten-2004\/","title":{"rendered":"Dolomiten 2004"},"content":{"rendered":"<p><\/p>\n\n\n\n<h2 class=\"wp-block-heading has-text-align-center\">Dolomiten 2004<\/h2>\n\n\n\n<p>In diesem Jahr gab es eine Premiere &#8211; wir waren dieses Mal zu sechst unterwegs. Neben den \u00fcblichen Verd\u00e4chtigen &#8211; Gelati (ZX-9R), Volker (ZX-9R) und mir &#8211; waren dieses Mal Sandra (ER-5 &#8211; genannt die Grille), Macke () und Reinhard (KTM) mit von der Partie.<br>Nachdem die Honda und die KTM sich mit Auto und Anh\u00e4nger auf den Weg gemacht hatten, war f\u00fcr die Anreise das Problem mit dem l\u00e4stigen Gep\u00e4cktransport erledigt.<br>W\u00e4hrend sich der Transport via Brenner auf den Weg machte, steuerte der Rest bei Regenwetter in Richtung Gebirge.<br>Die Route ging \u00fcber Traunstein und Lofer nach Zell am See. Dort wurde entschieden, den Gro\u00dfglockner zu meiden und die einfachere Variante \u00fcber den Felbertauerntunnel (8 Euro Maut) zu w\u00e4hlen. Nach einem trockenen Zwischenst\u00fcck kamen wir bei Regen am fr\u00fchen Nachmittag in Arabba an.<br>Unser Gep\u00e4cktransporter war schon gegen Mittag eingetroffen, sodass einem Bezug der Zimmer im Hotel Olympia nichts mehr im Wege stand. Der Zimmerpreis um diese Jahreszeit bewegt sich bei 46 Euro f\u00fcr die Halbpension. Das Essen (die Menge) \u00fcberforderte wieder mal so manchen Magen (es gibt aber auch Ausnahmen wie unseren Reinhard und Volker). Der Bierpreis bewegt sich im Rahmen f\u00fcr die Gegend (3,30 Euro f\u00fcr die &#8220;Halbe&#8221;).<br>Im Ort gibt es einen Supermarkt (u.a. nachmittags ab 16 Uhr ge\u00f6ffnet) und einen EC-Automaten. 10 km von Arabba aus in Richtung Cortina gibt es die n\u00e4chste Tankstelle. Wie \u00fcblich sind die meisten Tankstellen mittags (bis ca. 14.30 Uhr) geschlossen. Es kann aber per Automaten getankt werden.<\/p>ngg_shortcode_0_placeholder","protected":false},"excerpt":{"rendered":"<p>Dolomiten 2004 In diesem Jahr gab es eine Premiere &#8211; wir waren dieses Mal zu sechst unterwegs. Neben den \u00fcblichen Verd\u00e4chtigen &#8211; Gelati (ZX-9R), Volker \u2026<\/p>","protected":false},"author":2,"featured_media":0,"parent":45,"menu_order":8,"comment_status":"open","ping_status":"open","template":"","meta":{"_lmt_disableupdate":"","_lmt_disable":"","ngg_post_thumbnail":0,"footnotes":"","_links_to":"","_links_to_target":""},"class_list":["post-345","page","type-page","status-publish","hentry"],"wp-worthy-pixel":{"ignored":false,"public":null,"server":null,"url":null},"wp-worthy-type":"normal","jetpack-related-posts":[{"id":348,"url":"https:\/\/www.jungsi.de\/en\/reisen\/dolomiten-2004\/tour-1-pso-campolongo\/","url_meta":{"origin":345,"position":0},"title":"Tour 1: Pso. Campolongo&#8230;","author":"Jungsi","date":"22. December 2008","format":false,"excerpt":"Pso. Campolongo - Corvara - Zwischenwasser - Furkelpass - Valdaora - Pragser Wildsee - Toblach - Misurina - Drei Zinnen - Passo Tre Croci - Cortina - Pso. Giau Nun geht es endlich los. Nachdem der Wettergott ein Einsehen mit uns hatte, konnten wir bei trockenem Wetter (aber k\u00fchlen Temparaturen)\u2026","rel":"","context":"In &quot;Allgemein&quot;","block_context":{"text":"Allgemein","link":"https:\/\/www.jungsi.de\/en\/category\/allgemein\/"},"img":{"alt_text":"","src":"","width":0,"height":0},"classes":[]},{"id":352,"url":"https:\/\/www.jungsi.de\/en\/reisen\/dolomiten-2004\/tour-2-pso-pordoi\/","url_meta":{"origin":345,"position":1},"title":"Tour 2: Pso. Pordoi&#8230;","author":"Jungsi","date":"22. December 2008","format":false,"excerpt":"Pso. Pordoi - Karerpass - Bozen - Sarntal - Penserjoch - Jaufenpass - Meran - Bozen - Gr\u00f6dner Joch - Pso. Campolongo Bei wiederum trocknen Wetter beginnt der n\u00e4chste Tag. Direkt von Arabba aus beginnt der Einstieg in den Passo Pordoi mit seinen 31 Kehren. Danach ist mit Sicherheit jeder\u2026","rel":"","context":"In &quot;Allgemein&quot;","block_context":{"text":"Allgemein","link":"https:\/\/www.jungsi.de\/en\/category\/allgemein\/"},"img":{"alt_text":"","src":"","width":0,"height":0},"classes":[]},{"id":356,"url":"https:\/\/www.jungsi.de\/en\/reisen\/dolomiten-2004\/tour-4-pso-campolongo\/","url_meta":{"origin":345,"position":2},"title":"Tour 4: Pso. Campolongo&#8230;","author":"Jungsi","date":"22. December 2008","format":false,"excerpt":"Pso. Campolongo - W\u00fcrzjoch - L\u00fcsen - Plose - Sella Joch - Pso. Pordoi An diesem Tag nahmen wir eine Tour in Angriff, die etwas k\u00fcrzer war. Direkt aus der Garage starteten wir frisch gest\u00e4rkt zum Passo Campolongo (1.875 m). Auf dieser Strasse blieben wir bis St. Martin, wo es\u2026","rel":"","context":"In &quot;Allgemein&quot;","block_context":{"text":"Allgemein","link":"https:\/\/www.jungsi.de\/en\/category\/allgemein\/"},"img":{"alt_text":"","src":"","width":0,"height":0},"classes":[]},{"id":182,"url":"https:\/\/www.jungsi.de\/en\/reisen\/dolomiten-1999\/","url_meta":{"origin":345,"position":3},"title":"Dolomiten 1999","author":"Jungsi","date":"5. December 2008","format":false,"excerpt":"1999 nahmen wir eine der sch\u00f6nsten Gegenden der Alpen in Angriff - die Dolomiten. Per Internet habe ich ein Hotel in einem der zentralsten Orte der Dolomiten - Arabba - gefunden. Das Hotel Olympia - gelegen an der Auffahrt zum Passo Campolongo. Dieses Hotel ist \u00e4u\u00dferst empfehlenswert. Dort sind immer\u2026","rel":"","context":"In &quot;Allgemein&quot;","block_context":{"text":"Allgemein","link":"https:\/\/www.jungsi.de\/en\/category\/allgemein\/"},"img":{"alt_text":"","src":"","width":0,"height":0},"classes":[]},{"id":354,"url":"https:\/\/www.jungsi.de\/en\/reisen\/dolomiten-2004\/tour-3-pso-falzarego\/","url_meta":{"origin":345,"position":4},"title":"Tour 3: Pso. Falzarego&#8230;","author":"Jungsi","date":"22. December 2008","format":false,"excerpt":"Pso. Falzarego - Pso. Giau - Flla. Staulanza - Pso. Duran - Belluno - Forno di Zoldo - Pso. Cibiana - Pso. Falzarego - Pso. Valparola - Pso. Campolongo (ca. 250 km) Bei der dritten Tour haben wir den etwas s\u00fcdlicheren Gebieten einen Besuch abgestattet. Arabba haben wir in Richtung\u2026","rel":"","context":"In &quot;Allgemein&quot;","block_context":{"text":"Allgemein","link":"https:\/\/www.jungsi.de\/en\/category\/allgemein\/"},"img":{"alt_text":"","src":"","width":0,"height":0},"classes":[]},{"id":216,"url":"https:\/\/www.jungsi.de\/en\/reisen\/tirol-2000\/","url_meta":{"origin":345,"position":5},"title":"Tirol 2000","author":"Jungsi","date":"5. December 2008","format":false,"excerpt":"Als Startpunkt und zentralen Aufentshaltsort hatte ich den Bikergasthof Post in Sautens (s\u00fcdlich von \u00d6tz) ausgew\u00e4hlt. Der Bikergasthof Post bietet Garagen f\u00fcr die Motorr\u00e4der, Platz zum Waschen und Schrauben. Ausserdem k\u00f6nnen die Sauna, der Fitne\u00dfraum und die Tischtennisplatte in Anspruch genommen werden. F\u00fcr die sonnigen Tage des Jahres ist ein\u2026","rel":"","context":"In &quot;Allgemein&quot;","block_context":{"text":"Allgemein","link":"https:\/\/www.jungsi.de\/en\/category\/allgemein\/"},"img":{"alt_text":"","src":"","width":0,"height":0},"classes":[]}],"jetpack_sharing_enabled":true,"_links":{"self":[{"href":"https:\/\/www.jungsi.de\/en\/wp-json\/wp\/v2\/pages\/345","targetHints":{"allow":["GET"]}}],"collection":[{"href":"https:\/\/www.jungsi.de\/en\/wp-json\/wp\/v2\/pages"}],"about":[{"href":"https:\/\/www.jungsi.de\/en\/wp-json\/wp\/v2\/types\/page"}],"author":[{"embeddable":true,"href":"https:\/\/www.jungsi.de\/en\/wp-json\/wp\/v2\/users\/2"}],"replies":[{"embeddable":true,"href":"https:\/\/www.jungsi.de\/en\/wp-json\/wp\/v2\/comments?post=345"}],"version-history":[{"count":0,"href":"https:\/\/www.jungsi.de\/en\/wp-json\/wp\/v2\/pages\/345\/revisions"}],"up":[{"embeddable":true,"href":"https:\/\/www.jungsi.de\/en\/wp-json\/wp\/v2\/pages\/45"}],"wp:attachment":[{"href":"https:\/\/www.jungsi.de\/en\/wp-json\/wp\/v2\/media?parent=345"}],"curies":[{"name":"wp","href":"https:\/\/api.w.org\/{rel}","templated":true}]}}