{"id":33789,"date":"2024-10-23T13:07:54","date_gmt":"2024-10-23T11:07:54","guid":{"rendered":"https:\/\/www.jungsi.de\/?page_id=33789"},"modified":"2024-10-23T13:07:57","modified_gmt":"2024-10-23T11:07:57","slug":"hartung-game-maser","status":"publish","type":"page","link":"https:\/\/www.jungsi.de\/en\/handheld-konsolen\/alle-anderen-handhelds\/hartung-game-maser\/","title":{"rendered":"Hartung Game Maser"},"content":{"rendered":"<p><\/p>\n\n\n\n<h2 class=\"wp-block-heading has-text-align-center\"><strong>Hartung Game Master<\/strong><\/h2>\n\n\n\n<figure class=\"wp-block-image size-large\"><img loading=\"lazy\" decoding=\"async\" width=\"1024\" height=\"768\" data-attachment-id=\"33488\" data-permalink=\"https:\/\/www.jungsi.de\/en\/hartung-game-master-hartung\/hartung-game-master-oberseite\/\" data-orig-file=\"https:\/\/www.jungsi.de\/blog\/wp-content\/uploads\/Hartung-Game-Master-Oberseite.jpg\" data-orig-size=\"1400,1050\" data-comments-opened=\"1\" data-image-meta=\"{&quot;aperture&quot;:&quot;1.5&quot;,&quot;credit&quot;:&quot;&quot;,&quot;camera&quot;:&quot;iPhone 14&quot;,&quot;caption&quot;:&quot;&quot;,&quot;created_timestamp&quot;:&quot;1723216240&quot;,&quot;copyright&quot;:&quot;&quot;,&quot;focal_length&quot;:&quot;5.7&quot;,&quot;iso&quot;:&quot;64&quot;,&quot;shutter_speed&quot;:&quot;0.01&quot;,&quot;title&quot;:&quot;&quot;,&quot;orientation&quot;:&quot;1&quot;}\" data-image-title=\"Hartung Game Master &amp;#8211; Oberseite\" data-image-description=\"&lt;p&gt;Hartung Game Master &amp;#8211; Oberseite&lt;\/p&gt;\" data-image-caption=\"&lt;p&gt;Hartung Game Master &amp;#8211; Oberseite&lt;\/p&gt;\" data-large-file=\"https:\/\/www.jungsi.de\/blog\/wp-content\/uploads\/Hartung-Game-Master-Oberseite-1024x768.jpg\" src=\"https:\/\/www.jungsi.de\/blog\/wp-content\/uploads\/Hartung-Game-Master-Oberseite-1024x768.jpg\" alt=\"Hartung Game Master - Oberseite\" class=\"wp-image-33488\" srcset=\"https:\/\/www.jungsi.de\/blog\/wp-content\/uploads\/Hartung-Game-Master-Oberseite-1024x768.jpg 1024w, https:\/\/www.jungsi.de\/blog\/wp-content\/uploads\/Hartung-Game-Master-Oberseite-300x225.jpg 300w, https:\/\/www.jungsi.de\/blog\/wp-content\/uploads\/Hartung-Game-Master-Oberseite.jpg 1400w\" sizes=\"auto, (max-width: 1024px) 100vw, 1024px\" \/><figcaption class=\"wp-element-caption\">Hartung Game Master<\/figcaption><\/figure>\n\n\n\n<p>Der <em>Hartung Game Master<\/em> war eine Handheld-Spielkonsole, die Anfang der 1990er Jahre von dem deutschen Unternehmen Hartung ver\u00f6ffentlicht wurde. Das Ger\u00e4t war eine Reaktion auf den Erfolg des Nintendo Game Boy, konnte jedoch nicht denselben Kultstatus erreichen. Die Konsole war relativ g\u00fcnstig und bot austauschbare Spielmodule an, \u00e4hnlich wie der Game Boy, aber ihre technische Leistung und die Qualit\u00e4t der Spiele waren deutlich unterlegen.<\/p>\n\n\n\n<p>Der Game Master verf\u00fcgte \u00fcber ein einfaches LCD-Display mit monochromer Darstellung und konnte nur eine begrenzte Anzahl von Graut\u00f6nen darstellen, was das Spielerlebnis einschr\u00e4nkte. Die Konsole unterst\u00fctzte eine Reihe von Spielen, die allerdings meist simpler und von geringerer Qualit\u00e4t waren, verglichen mit den Spielen f\u00fcr Nintendo-Ger\u00e4te.<\/p>\n\n\n\n<p>Aufgrund dieser technischen und spielerischen Schw\u00e4chen blieb der Erfolg des Game Masters auf dem Markt begrenzt. Er wurde haupts\u00e4chlich in Europa verkauft und hatte in einigen L\u00e4ndern eine gewisse Verbreitung, konnte aber nie eine ernsthafte Konkurrenz f\u00fcr den Game Boy darstellen. Heute gilt der Game Master als eine Rarit\u00e4t und ist bei Retro-Spielesammlern beliebt.<\/p>\n\n\n\n<table id=\"tablepress-311\" class=\"tablepress tablepress-id-311\">\n<tbody>\n<tr class=\"row-1\">\n\t<td class=\"column-1\"><strong>Ver\u00f6ffentlichung:<\/strong><\/td><td class=\"column-2\">1991<\/td>\n<\/tr>\n<tr class=\"row-2\">\n\t<td class=\"column-1\"><strong>verkaufte Einheiten:<\/strong><\/td><td class=\"column-2\">100.000<\/td>\n<\/tr>\n<tr class=\"row-3\">\n\t<td class=\"column-1\"><strong>Prozessor:<\/strong><\/td><td class=\"column-2\">NEC upd7810 (Z80 kompatible)<\/td>\n<\/tr>\n<tr class=\"row-4\">\n\t<td class=\"column-1\"><strong>RAM:<\/strong><\/td><td class=\"column-2\"><\/td>\n<\/tr>\n<tr class=\"row-5\">\n\t<td class=\"column-1\"><strong>Video-RAM:<\/strong><\/td><td class=\"column-2\"><\/td>\n<\/tr>\n<tr class=\"row-6\">\n\t<td class=\"column-1\"><strong>Grafikaufl\u00f6sung:<\/strong><\/td><td class=\"column-2\">64 x 64 Pixel<\/td>\n<\/tr>\n<tr class=\"row-7\">\n\t<td class=\"column-1\"><strong>Farbpalette:<\/strong> <\/td><td class=\"column-2\">monochrome<\/td>\n<\/tr>\n<tr class=\"row-8\">\n\t<td class=\"column-1\"><strong>Sound<\/strong><\/td><td class=\"column-2\">1 bit dac<\/td>\n<\/tr>\n<tr class=\"row-9\">\n\t<td class=\"column-1\"><strong>Speichermedien:<\/strong><\/td><td class=\"column-2\">Cartridge<\/td>\n<\/tr>\n<\/tbody>\n<\/table>\n<!-- #tablepress-311 from cache -->","protected":false},"excerpt":{"rendered":"<p>Hartung Game Master Der Hartung Game Master war eine Handheld-Spielkonsole, die Anfang der 1990er Jahre von dem deutschen Unternehmen Hartung ver\u00f6ffentlicht wurde. Das Ger\u00e4t war \u2026<\/p>","protected":false},"author":2,"featured_media":0,"parent":32886,"menu_order":0,"comment_status":"closed","ping_status":"closed","template":"","meta":{"_lmt_disableupdate":"","_lmt_disable":"","ngg_post_thumbnail":0,"jetpack_post_was_ever_published":false,"footnotes":"","_links_to":"","_links_to_target":""},"class_list":["post-33789","page","type-page","status-publish","hentry"],"jetpack_shortlink":"https:\/\/wp.me\/P4eXvk-8MZ","jetpack_sharing_enabled":true,"jetpack_likes_enabled":true,"jetpack-related-posts":[{"id":25366,"url":"https:\/\/www.jungsi.de\/en\/handheld-konsolen\/watara-supervision\/","url_meta":{"origin":33789,"position":0},"title":"Watara Supervision","author":"Jungsi","date":"19. February 2021","format":false,"excerpt":"Watara Supervision Watara Supervsion - GB-2000 Watara Supervision Hartung Supervision - Model SV-100 Auf den ersten Blick unterscheidet sich das Supervision mit seinem zweistufig schwenkbaren Display vom Game Boy. Ansonsten ist es sehr \u00e4hnlich, mit einem Kontrastregler und einem Netzstecker auf der linken Seite, einem Kopfh\u00f6reranschluss vorne, einem Lautst\u00e4rkeregler rechts\u2026","rel":"","context":"Similar post","block_context":{"text":"Similar post","link":""},"img":{"alt_text":"Watara Supervsion","src":"https:\/\/i0.wp.com\/www.jungsi.de\/blog\/wp-content\/uploads\/Watara-Supervsion-Vorderseite.jpg?resize=350%2C200&ssl=1","width":350,"height":200,"srcset":"https:\/\/i0.wp.com\/www.jungsi.de\/blog\/wp-content\/uploads\/Watara-Supervsion-Vorderseite.jpg?resize=350%2C200&ssl=1 1x, https:\/\/i0.wp.com\/www.jungsi.de\/blog\/wp-content\/uploads\/Watara-Supervsion-Vorderseite.jpg?resize=525%2C300&ssl=1 1.5x, https:\/\/i0.wp.com\/www.jungsi.de\/blog\/wp-content\/uploads\/Watara-Supervsion-Vorderseite.jpg?resize=700%2C400&ssl=1 2x"},"classes":[]},{"id":22636,"url":"https:\/\/www.jungsi.de\/en\/handheld-konsolen\/sega-game-gear-2\/","url_meta":{"origin":33789,"position":1},"title":"Sega Game Gear","author":"Jungsi","date":"8. April 2019","format":false,"excerpt":"Sega Game Gear Sega Game Gear Als Sega 1990 den Game Gear auf den Markt brachte, war die Botschaft klar: Das hier ist ein Game Boy mit Farbe. Tats\u00e4chlich bot der Game Gear einen beleuchteten Farbdisplay, der Nintendos grauem Monochrombild technisch weit \u00fcberlegen war \u2014 und durch das Mega-Drive-Adapter-Zubeh\u00f6r konnte\u2026","rel":"","context":"Similar post","block_context":{"text":"Similar post","link":""},"img":{"alt_text":"Sega Game Gear","src":"https:\/\/i0.wp.com\/www.jungsi.de\/blog\/wp-content\/uploads\/Sega-Game-Gear.jpg?resize=350%2C200&ssl=1","width":350,"height":200,"srcset":"https:\/\/i0.wp.com\/www.jungsi.de\/blog\/wp-content\/uploads\/Sega-Game-Gear.jpg?resize=350%2C200&ssl=1 1x, https:\/\/i0.wp.com\/www.jungsi.de\/blog\/wp-content\/uploads\/Sega-Game-Gear.jpg?resize=525%2C300&ssl=1 1.5x, https:\/\/i0.wp.com\/www.jungsi.de\/blog\/wp-content\/uploads\/Sega-Game-Gear.jpg?resize=700%2C400&ssl=1 2x"},"classes":[]},{"id":28315,"url":"https:\/\/www.jungsi.de\/en\/konsolen\/sega-konsolen\/","url_meta":{"origin":33789,"position":2},"title":"Sega Konsolen","author":"Jungsi","date":"16. January 2023","format":false,"excerpt":"Sega Konsolen Sega Master System \u2013 Sega Master System II Sega Mega Drive \u2013 Sega Mega Drive II Sega Saturn Sega Dreamcast Sega ist eine bekannte japanische Videospiel- und Konsolenherstellerin, die mehrere bedeutende Spielekonsolen ver\u00f6ffentlicht hat. Hier ist eine kurze \u00dcbersicht der wichtigsten Sega-Konsolen: 1. SG-1000 (1983) Beschreibung: Segas erste\u2026","rel":"","context":"Similar post","block_context":{"text":"Similar post","link":""},"img":{"alt_text":"","src":"","width":0,"height":0},"classes":[]},{"id":19690,"url":"https:\/\/www.jungsi.de\/en\/handheld-konsolen\/nintendo\/nintendo-game-boy-advance-sp\/","url_meta":{"origin":33789,"position":3},"title":"Nintendo Game Boy Advance (SP)","author":"Jungsi","date":"26. February 2018","format":false,"excerpt":"Nintendo Game Boy Advance (SP) Game Boy Advance Der Nintendo Game Boy Advance (GBA) war ein bedeutender Fortschritt in der Welt der tragbaren Videospiele und stellte eine neue \u00c4ra f\u00fcr Handheld-Gaming dar. Nach dem Erfolg des Game Boy und des Game Boy Color wollte Nintendo die Grenzen des M\u00f6glichen weiter\u2026","rel":"","context":"Similar post","block_context":{"text":"Similar post","link":""},"img":{"alt_text":"Game Boy Advance","src":"https:\/\/i0.wp.com\/www.jungsi.de\/blog\/wp-content\/uploads\/Gameboy-Advance-Oberseite.jpg?resize=350%2C200&ssl=1","width":350,"height":200,"srcset":"https:\/\/i0.wp.com\/www.jungsi.de\/blog\/wp-content\/uploads\/Gameboy-Advance-Oberseite.jpg?resize=350%2C200&ssl=1 1x, https:\/\/i0.wp.com\/www.jungsi.de\/blog\/wp-content\/uploads\/Gameboy-Advance-Oberseite.jpg?resize=525%2C300&ssl=1 1.5x, https:\/\/i0.wp.com\/www.jungsi.de\/blog\/wp-content\/uploads\/Gameboy-Advance-Oberseite.jpg?resize=700%2C400&ssl=1 2x"},"classes":[]},{"id":23174,"url":"https:\/\/www.jungsi.de\/en\/handheld-konsolen\/bandai-wonderswan\/","url_meta":{"origin":33789,"position":4},"title":"Bandai Wonderswan","author":"Jungsi","date":"31. May 2019","format":false,"excerpt":"Bandai Wonderswan Color WonderSwan Color - Pearl Blue Der WonderSwan ist ein faszinierendes St\u00fcck japanischer Handheld-Geschichte, das au\u00dferhalb Japans kaum jemand kannte. 1999 von Bandai unter Mitwirkung von Gunpei Yokoi \u2014 dem Vater des Game Boy \u2014 entwickelt, war er ausschlie\u00dflich f\u00fcr den japanischen Markt bestimmt. Das schlanke, hochwertige Ger\u00e4t\u2026","rel":"","context":"Similar post","block_context":{"text":"Similar post","link":""},"img":{"alt_text":"WonderSwan Color - Pearl Blue","src":"https:\/\/i0.wp.com\/www.jungsi.de\/blog\/wp-content\/uploads\/WonderSwan-Color-Oberseite.jpg?resize=350%2C200&ssl=1","width":350,"height":200,"srcset":"https:\/\/i0.wp.com\/www.jungsi.de\/blog\/wp-content\/uploads\/WonderSwan-Color-Oberseite.jpg?resize=350%2C200&ssl=1 1x, https:\/\/i0.wp.com\/www.jungsi.de\/blog\/wp-content\/uploads\/WonderSwan-Color-Oberseite.jpg?resize=525%2C300&ssl=1 1.5x, https:\/\/i0.wp.com\/www.jungsi.de\/blog\/wp-content\/uploads\/WonderSwan-Color-Oberseite.jpg?resize=700%2C400&ssl=1 2x, https:\/\/i0.wp.com\/www.jungsi.de\/blog\/wp-content\/uploads\/WonderSwan-Color-Oberseite.jpg?resize=1050%2C600&ssl=1 3x, https:\/\/i0.wp.com\/www.jungsi.de\/blog\/wp-content\/uploads\/WonderSwan-Color-Oberseite.jpg?resize=1400%2C800&ssl=1 4x"},"classes":[]},{"id":19684,"url":"https:\/\/www.jungsi.de\/en\/handheld-konsolen\/nintendo\/game-boy-color\/","url_meta":{"origin":33789,"position":5},"title":"Nintendo Game Boy Color","author":"Jungsi","date":"26. February 2018","format":false,"excerpt":"Nintendo Game Boy Color Game Boy Color - puple clear Der Nintendo Game Boy Color war ein Meilenstein in der Geschichte der tragbaren Videospiele und markierte einen bedeutenden Schritt nach vorne in der Entwicklung der Game-Boy-Serie. Die Geschichte des Game Boy Color beginnt in den sp\u00e4ten 1990er Jahren. Der urspr\u00fcngliche\u2026","rel":"","context":"Similar post","block_context":{"text":"Similar post","link":""},"img":{"alt_text":"Game Boy Color - puple clear","src":"https:\/\/i0.wp.com\/www.jungsi.de\/blog\/wp-content\/uploads\/Gamboy-Color-puple-clear_2-1.jpg?resize=350%2C200&ssl=1","width":350,"height":200,"srcset":"https:\/\/i0.wp.com\/www.jungsi.de\/blog\/wp-content\/uploads\/Gamboy-Color-puple-clear_2-1.jpg?resize=350%2C200&ssl=1 1x, https:\/\/i0.wp.com\/www.jungsi.de\/blog\/wp-content\/uploads\/Gamboy-Color-puple-clear_2-1.jpg?resize=525%2C300&ssl=1 1.5x, https:\/\/i0.wp.com\/www.jungsi.de\/blog\/wp-content\/uploads\/Gamboy-Color-puple-clear_2-1.jpg?resize=700%2C400&ssl=1 2x"},"classes":[]}],"_links":{"self":[{"href":"https:\/\/www.jungsi.de\/en\/wp-json\/wp\/v2\/pages\/33789","targetHints":{"allow":["GET"]}}],"collection":[{"href":"https:\/\/www.jungsi.de\/en\/wp-json\/wp\/v2\/pages"}],"about":[{"href":"https:\/\/www.jungsi.de\/en\/wp-json\/wp\/v2\/types\/page"}],"author":[{"embeddable":true,"href":"https:\/\/www.jungsi.de\/en\/wp-json\/wp\/v2\/users\/2"}],"replies":[{"embeddable":true,"href":"https:\/\/www.jungsi.de\/en\/wp-json\/wp\/v2\/comments?post=33789"}],"version-history":[{"count":0,"href":"https:\/\/www.jungsi.de\/en\/wp-json\/wp\/v2\/pages\/33789\/revisions"}],"up":[{"embeddable":true,"href":"https:\/\/www.jungsi.de\/en\/wp-json\/wp\/v2\/pages\/32886"}],"wp:attachment":[{"href":"https:\/\/www.jungsi.de\/en\/wp-json\/wp\/v2\/media?parent=33789"}],"curies":[{"name":"wp","href":"https:\/\/api.w.org\/{rel}","templated":true}]}}