{"id":337,"date":"2008-12-22T14:28:40","date_gmt":"2008-12-22T13:28:40","guid":{"rendered":"http:\/\/www.jungsi.de\/?page_id=337"},"modified":"2008-12-22T14:28:40","modified_gmt":"2008-12-22T13:28:40","slug":"tour-4-san-bernadino","status":"publish","type":"page","link":"https:\/\/www.jungsi.de\/en\/reisen\/schweiz-2003\/tour-4-san-bernadino\/","title":{"rendered":"Tour 4: San Bernadino&#8230;"},"content":{"rendered":"<p style=\"text-align: justify;\">San Bernadino &#8211; Lugano &#8211; Chiavenna &#8211; Malojapass &#8211; Julierpass<\/p>\n<p style=\"text-align: justify;\">Thusis &#8211; San Bernadino &#8211; Lugano &#8211; Gandria &#8211; Menaggio &#8211; Dongo &#8211; Domaso &#8211; Chiavenna &#8211; Maloja &#8211; Silvaplana &#8211; Julierpass &#8211; Tiefencastel &#8211; Thusis<\/p>\n<p style=\"text-align: justify;\">Streckenl\u00e4nge  ca. 330 km<\/p>\n<p style=\"text-align: justify;\">Da wir an diesem Tag sch\u00f6nes Wetter hatten, nahmen wir eine der l\u00e4ngeren Touren in Angriff. Der erste Teil wurde \u00fcber die Autobahn in Richtung San Bernadino bew\u00e4ltigt. Da es beim Tunnel Wartezeiten aufgrund von Bauarbeiten gab, fuhren wir \u00fcber den Pass. Wie schon beschrieben sind die zahlreichen Kehren bequem zu fahren und weisen keine T\u00fccken auf. Beim Pian San Giacomo fuhren wir wieder auf die Autobahn, die wir bei Lugano Nord verlie\u00dfen.<br \/>\nNach ein paar Umwegen (unabsichtlich) kamen wir nach Gandria und \u00fcberquerten kurz darauf die Grenze nach Italien.<br \/>\nEntlang des wunderbar gelegenen Lago di Lugano folgten wir der Strasse bis Menaggio, wo man auf den Lago di Como trifft. Weiter geht es bis zum schon bekannten Chiavenna. Wir folgten der Strasse weiter zum Malojapass (dieses Mal von S\u00fcden). Nach einer kurzen Pause setzten wir den Weg bis Silvaplana fort und fuhren \u00fcber den Julierpass. Bei der Abfahrt nach Tiefencastel kommt man am Marmorerasee vorbei. Nach kurzer Fahrt ist man wieder am Ausgangspunkt zur\u00fcck.<\/p>ngg_shortcode_0_placeholder<p style=\"text-align: justify;\">\u00a0<\/p>","protected":false},"excerpt":{"rendered":"<p>San Bernadino &#8211; Lugano &#8211; Chiavenna &#8211; Malojapass &#8211; Julierpass Thusis &#8211; San Bernadino &#8211; Lugano &#8211; Gandria &#8211; Menaggio &#8211; Dongo &#8211; Domaso &#8211; \u2026<\/p>","protected":false},"author":2,"featured_media":0,"parent":308,"menu_order":0,"comment_status":"open","ping_status":"open","template":"","meta":{"_lmt_disableupdate":"","_lmt_disable":"","ngg_post_thumbnail":0,"jetpack_post_was_ever_published":false,"footnotes":"","_links_to":"","_links_to_target":""},"class_list":["post-337","page","type-page","status-publish","hentry"],"jetpack_shortlink":"https:\/\/wp.me\/P4eXvk-5r","jetpack_sharing_enabled":true,"jetpack_likes_enabled":true,"jetpack-related-posts":[{"id":284,"url":"https:\/\/www.jungsi.de\/en\/reisen\/schweiz-2002\/tour-5-splugenpass\/","url_meta":{"origin":337,"position":0},"title":"Tour 5: Spl\u00fcgenpass&#8230;","author":"Jungsi","date":"8. December 2008","format":false,"excerpt":"Spl\u00fcgenpass - Chiavenna - Comer See - Malojapass Streckenl\u00e4nge ca. 250 km Jeder Urlaub geht mal dem Ende entgegen. Die letzte Tour beschlie\u00dft meine Ausfahrt in die Schweiz. Von Thusis kommend f\u00e4hrt man per Autobahn nach Spl\u00fcgen und verl\u00e4\u00dft diese dort. Dann wird der Spl\u00fcgenpass \u00fcberquert. Die Abfahrt auf der\u2026","rel":"","context":"In &quot;Allgemein&quot;","block_context":{"text":"Allgemein","link":"https:\/\/www.jungsi.de\/en\/category\/allgemein\/"},"img":{"alt_text":"","src":"","width":0,"height":0},"classes":[]},{"id":329,"url":"https:\/\/www.jungsi.de\/en\/reisen\/schweiz-2003\/tour-2-rhein-schlucht\/","url_meta":{"origin":337,"position":1},"title":"Tour 2: Rhein-Schlucht&#8230;","author":"Jungsi","date":"22. December 2008","format":false,"excerpt":"Rhein-Schlucht - Lukmanierpass - San Bernadino - Val di Lei Streckenl\u00e4nge ca. 285 km Thusis - Bonaduz - Versam - Ilanz - Disentis - Passo del Lucomagno - Olivone - Biasca - Bellinzona - Mesocco - Passo San Bernadino - Avers - Starlera - Val di Lei - Avers -\u2026","rel":"","context":"In &quot;Allgemein&quot;","block_context":{"text":"Allgemein","link":"https:\/\/www.jungsi.de\/en\/category\/allgemein\/"},"img":{"alt_text":"","src":"","width":0,"height":0},"classes":[]},{"id":334,"url":"https:\/\/www.jungsi.de\/en\/reisen\/schweiz-2003\/tour-3-fluelapass\/","url_meta":{"origin":337,"position":2},"title":"Tour 3: Fl\u00fcelapass&#8230;","author":"Jungsi","date":"22. December 2008","format":false,"excerpt":"Fl\u00fcelapass - Malojapass - Spl\u00fcgen Thusis - Tiefencastel - Lenzerheide - Chur - Landquart - Klosters - Davos - Fl\u00fcelapss - Susch - Zernez - St. Moritz - Maloja - Chiavenna - Spl\u00fcgenpass - Spl\u00fcgen - Thusis Streckenl\u00e4nge ca. 305 km Bei wolkenverhangenen Himmel starteten wir \u00fcber Tiefencastel (hier sollte\u2026","rel":"","context":"In &quot;Allgemein&quot;","block_context":{"text":"Allgemein","link":"https:\/\/www.jungsi.de\/en\/category\/allgemein\/"},"img":{"alt_text":"","src":"","width":0,"height":0},"classes":[]},{"id":268,"url":"https:\/\/www.jungsi.de\/en\/reisen\/schweiz-2002\/tour-1-lukmanierpass\/","url_meta":{"origin":337,"position":3},"title":"Tour 1: Lukmanierpass&#8230;","author":"Jungsi","date":"8. December 2008","format":false,"excerpt":"Lukmanierpass - San-Bernadino - Via Mala Streckenl\u00e4nge ca. 285 km Von Thusis nach Bonaduz (hier links abbiegen) und an der Rheinschlucht entlang nach Ilanz. \u00dcber Trun ging es weiter nach Disentis. Hier folgt man der Stra\u00dfe s\u00fcdlich zum Lukmanierpa\u00df. Die Fahrt geht weiter \u00fcber Olivone und Biasca nach Bellinzona -\u2026","rel":"","context":"In &quot;Allgemein&quot;","block_context":{"text":"Allgemein","link":"https:\/\/www.jungsi.de\/en\/category\/allgemein\/"},"img":{"alt_text":"","src":"","width":0,"height":0},"classes":[]},{"id":308,"url":"https:\/\/www.jungsi.de\/en\/reisen\/schweiz-2003\/","url_meta":{"origin":337,"position":4},"title":"Schweiz 2003","author":"Jungsi","date":"22. December 2008","format":false,"excerpt":"Schweiz 2003 Nachdem ich im letzten Jahr die Schweiz allein erkundet hatte, war dieses Jahr wieder das \u00fcbliche Team unterwegs. So brachen wir (Gelati - ZX9-R, Volker - ZX9-R und ich) bei Kaiserwetter auf.Der Weg f\u00fchrte uns per Bundesstra\u00dfe (B12\/A94) und Autobahn \u00fcber M\u00fcnchen und Memmingen nach Bregenz am Bodensee.Dort\u2026","rel":"","context":"In &quot;Allgemein&quot;","block_context":{"text":"Allgemein","link":"https:\/\/www.jungsi.de\/en\/category\/allgemein\/"},"img":{"alt_text":"","src":"","width":0,"height":0},"classes":[]},{"id":248,"url":"https:\/\/www.jungsi.de\/en\/reisen\/kroatien-2002\/tour-5-motodrom-riejka\/","url_meta":{"origin":337,"position":5},"title":"Tour 5: Motodrom Riejka","author":"Jungsi","date":"8. December 2008","format":false,"excerpt":"Motodrom Rijeka - Ucka-Passstrasse Streckenl\u00e4nge ca. 215 km Zum Abschluss machten wir uns zum Motodrom Rijeka auf, das etwas au\u00dferhalb von Rijeka an der Autobahn liegt. (Achtung nicht zum Flughafen fahren). Leider war es uns nicht m\u00f6glich ein paar Runden zu drehen, da der Ring von einem italienischen Club gemietet\u2026","rel":"","context":"In &quot;Allgemein&quot;","block_context":{"text":"Allgemein","link":"https:\/\/www.jungsi.de\/en\/category\/allgemein\/"},"img":{"alt_text":"","src":"","width":0,"height":0},"classes":[]}],"_links":{"self":[{"href":"https:\/\/www.jungsi.de\/en\/wp-json\/wp\/v2\/pages\/337","targetHints":{"allow":["GET"]}}],"collection":[{"href":"https:\/\/www.jungsi.de\/en\/wp-json\/wp\/v2\/pages"}],"about":[{"href":"https:\/\/www.jungsi.de\/en\/wp-json\/wp\/v2\/types\/page"}],"author":[{"embeddable":true,"href":"https:\/\/www.jungsi.de\/en\/wp-json\/wp\/v2\/users\/2"}],"replies":[{"embeddable":true,"href":"https:\/\/www.jungsi.de\/en\/wp-json\/wp\/v2\/comments?post=337"}],"version-history":[{"count":0,"href":"https:\/\/www.jungsi.de\/en\/wp-json\/wp\/v2\/pages\/337\/revisions"}],"up":[{"embeddable":true,"href":"https:\/\/www.jungsi.de\/en\/wp-json\/wp\/v2\/pages\/308"}],"wp:attachment":[{"href":"https:\/\/www.jungsi.de\/en\/wp-json\/wp\/v2\/media?parent=337"}],"curies":[{"name":"wp","href":"https:\/\/api.w.org\/{rel}","templated":true}]}}