{"id":334,"date":"2008-12-22T14:26:42","date_gmt":"2008-12-22T13:26:42","guid":{"rendered":"http:\/\/www.jungsi.de\/?page_id=334"},"modified":"2008-12-22T14:26:42","modified_gmt":"2008-12-22T13:26:42","slug":"tour-3-fluelapass","status":"publish","type":"page","link":"https:\/\/www.jungsi.de\/en\/reisen\/schweiz-2003\/tour-3-fluelapass\/","title":{"rendered":"Tour 3: Fl\u00fcelapass&#8230;"},"content":{"rendered":"<p style=\"text-align: justify;\">Fl\u00fcelapass &#8211; Malojapass &#8211; Spl\u00fcgen<\/p>\n<p style=\"text-align: justify;\">Thusis &#8211; Tiefencastel &#8211; Lenzerheide &#8211; Chur &#8211; Landquart &#8211; Klosters &#8211; Davos &#8211; Fl\u00fcelapss &#8211; Susch &#8211; Zernez &#8211; St. Moritz &#8211; Maloja &#8211; Chiavenna &#8211; Spl\u00fcgenpass &#8211; Spl\u00fcgen &#8211; Thusis<\/p>\n<p style=\"text-align: justify;\">Streckenl\u00e4nge ca. 305 km<\/p>\n<p style=\"text-align: justify;\">Bei wolkenverhangenen Himmel starteten wir \u00fcber Tiefencastel (hier sollte man einen Stop bei der &#8222;Solisbr\u00fccke&#8220; einlegen &#8211; mit \u00fcber 90 m eine der h\u00f6chsten Eisenbahnbr\u00fccken der Schweiz) und Lenzerheide durch ein ausgezeichnetes Skigebiet. Leider war hier wegen starken Nebels nichts zu sehen. Dabei \u00fcberquert man auch den Valbella-Sattel (1547 m). In Chur h\u00e4lt man sich an den Hinweis f\u00fcr den Fernverkehr und folgt der Stra\u00dfe nach Landquart. Die Stra\u00dfe durch das Landquarttal ist zeitgem\u00e4\u00df ausgebaut. Nach Klosters \u00fcberquert man den zahmen Wolfgangpa\u00df (1626 m). Danach h\u00e4lt man sich in Richtung Fl\u00fcelapass.<br \/>\nDie Strasse ist auf Ihrer gesamten L\u00e4nge gut ausgebaut. Die zahlreichen Kehren sind sauber und rund angelegt. In der Regel herrscht auf der Passstrasse wenig Verkehr. \u00dcber Susch und Zernez erreicht man St. Moritz und folgt entlang den wunderbar gelegenen Silvaplana und Silser See der Beschilderung zum Malojapass. Hier darf man sich nicht wundern, dass es nur hinab und nicht auf den Pass hinauf geht (weil die Region um St. Moritz ein Hochtal ist). Die zahlreichen Kehren sind problemlos zu geniessen. Bei Castasegna erreicht man die Grenze nach Italien. In Chiavenna ist am Kreisverkehr der obligatorische Cappuchino angesagt. Nach dieser Pause geht es am Kreisverkehr nach rechts in Richtung des Spl\u00fcgenpass. Der Zustand der Trasse auf dieser Seite f\u00e4llt etwas schlechter aus. Dazu kommen noch sehr enge Spitzkehren und unbeleuchtete Tunnels mit Kehren. Danach erreicht man den Lago di Montespluga. Nach dem \u00dcberqueren der Passh\u00f6he geht es in 20 B\u00f6gen hinab nach Spl\u00fcgen. Per Autobahn waren wir schnell zur\u00fcck in Thusis.<\/p>ngg_shortcode_0_placeholder","protected":false},"excerpt":{"rendered":"<p>Fl\u00fcelapass &#8211; Malojapass &#8211; Spl\u00fcgen Thusis &#8211; Tiefencastel &#8211; Lenzerheide &#8211; Chur &#8211; Landquart &#8211; Klosters &#8211; Davos &#8211; Fl\u00fcelapss &#8211; Susch &#8211; Zernez &#8211; \u2026<\/p>","protected":false},"author":2,"featured_media":0,"parent":308,"menu_order":0,"comment_status":"open","ping_status":"open","template":"","meta":{"_lmt_disableupdate":"","_lmt_disable":"","ngg_post_thumbnail":0,"jetpack_post_was_ever_published":false,"footnotes":"","_links_to":"","_links_to_target":""},"class_list":["post-334","page","type-page","status-publish","hentry"],"jetpack_shortlink":"https:\/\/wp.me\/P4eXvk-5o","jetpack_sharing_enabled":true,"jetpack_likes_enabled":true,"jetpack-related-posts":[{"id":272,"url":"https:\/\/www.jungsi.de\/en\/reisen\/schweiz-2002\/tour-2-wolfgangpass\/","url_meta":{"origin":334,"position":0},"title":"Tour 2: Wolfgangpass&#8230;","author":"Jungsi","date":"8. December 2008","format":false,"excerpt":"Wolfgangpass - Fl\u00fcelapass - Julierpass Streckenl\u00e4nge ca. 210 km Startpunkt ist wieder Thusis. Von Thusis aus bin ich einen kleinen Umweg \u00fcber die Schinschlucht nach Tiefencastel und weiter \u00fcber Lenzerheide nach Chur gefahren. In Chur folgt man den Schildern Transit\/Landquart. Hier dann nach Osten Richtung Davos. Dabei f\u00e4hrt man durch\u2026","rel":"","context":"In &quot;Allgemein&quot;","block_context":{"text":"Allgemein","link":"https:\/\/www.jungsi.de\/en\/category\/allgemein\/"},"img":{"alt_text":"","src":"","width":0,"height":0},"classes":[]},{"id":337,"url":"https:\/\/www.jungsi.de\/en\/reisen\/schweiz-2003\/tour-4-san-bernadino\/","url_meta":{"origin":334,"position":1},"title":"Tour 4: San Bernadino&#8230;","author":"Jungsi","date":"22. December 2008","format":false,"excerpt":"San Bernadino - Lugano - Chiavenna - Malojapass - Julierpass Thusis - San Bernadino - Lugano - Gandria - Menaggio - Dongo - Domaso - Chiavenna - Maloja - Silvaplana - Julierpass - Tiefencastel - Thusis Streckenl\u00e4nge ca. 330 km Da wir an diesem Tag sch\u00f6nes Wetter hatten, nahmen wir\u2026","rel":"","context":"In &quot;Allgemein&quot;","block_context":{"text":"Allgemein","link":"https:\/\/www.jungsi.de\/en\/category\/allgemein\/"},"img":{"alt_text":"","src":"","width":0,"height":0},"classes":[]},{"id":284,"url":"https:\/\/www.jungsi.de\/en\/reisen\/schweiz-2002\/tour-5-splugenpass\/","url_meta":{"origin":334,"position":2},"title":"Tour 5: Spl\u00fcgenpass&#8230;","author":"Jungsi","date":"8. December 2008","format":false,"excerpt":"Spl\u00fcgenpass - Chiavenna - Comer See - Malojapass Streckenl\u00e4nge ca. 250 km Jeder Urlaub geht mal dem Ende entgegen. Die letzte Tour beschlie\u00dft meine Ausfahrt in die Schweiz. Von Thusis kommend f\u00e4hrt man per Autobahn nach Spl\u00fcgen und verl\u00e4\u00dft diese dort. Dann wird der Spl\u00fcgenpass \u00fcberquert. Die Abfahrt auf der\u2026","rel":"","context":"In &quot;Allgemein&quot;","block_context":{"text":"Allgemein","link":"https:\/\/www.jungsi.de\/en\/category\/allgemein\/"},"img":{"alt_text":"","src":"","width":0,"height":0},"classes":[]},{"id":340,"url":"https:\/\/www.jungsi.de\/en\/reisen\/schweiz-2003\/tour-5-albulapass\/","url_meta":{"origin":334,"position":3},"title":"Tour 5: Albulapass&#8230;","author":"Jungsi","date":"22. December 2008","format":false,"excerpt":"Tour 5 Albulapass - Ofenpass - Jaufenpass - Sterzing Streckenl\u00e4nge ca. 250 km Thusis - Tiefencastel - Albulapass - La Punt - Zernez - Ofenpass - Sta. Maria im M\u00fcnstertal - Schluderns - Sponding - Meran - St. Leonhard i. P. - Jaufenpass - Sterzing Diese Tour war eigentlich nicht\u2026","rel":"","context":"In &quot;Allgemein&quot;","block_context":{"text":"Allgemein","link":"https:\/\/www.jungsi.de\/en\/category\/allgemein\/"},"img":{"alt_text":"","src":"","width":0,"height":0},"classes":[]},{"id":322,"url":"https:\/\/www.jungsi.de\/en\/reisen\/schweiz-2003\/tour-1-oberalp-sustenpass\/","url_meta":{"origin":334,"position":4},"title":"Tour 1: Oberalp-\/Sustenpass&#8230;","author":"Jungsi","date":"22. December 2008","format":false,"excerpt":"Achtung! Diese Tour ist nur f\u00fcr ausdauernde und ge\u00fcbte Berg-Tourenfahrer zu empfehlen. Au\u00dferdem ben\u00f6tigt man unbedingt sch\u00f6nes Wetter. Wenn diese Voraussetzungen erf\u00fcllt sind, bietet sich eine der sch\u00f6nsten Touren (meine pers\u00f6nliche Meinung), die es in den Alpen zu (er)fahren gibt. Wie immer beginnt es mit der Abfahrt vom Glaspass nach\u2026","rel":"","context":"In &quot;Allgemein&quot;","block_context":{"text":"Allgemein","link":"https:\/\/www.jungsi.de\/en\/category\/allgemein\/"},"img":{"alt_text":"","src":"","width":0,"height":0},"classes":[]},{"id":276,"url":"https:\/\/www.jungsi.de\/en\/reisen\/schweiz-2002\/tour-3-oberalp\/","url_meta":{"origin":334,"position":5},"title":"Tour 3: Oberalp&#8230;","author":"Jungsi","date":"8. December 2008","format":false,"excerpt":"Oberalp-\/Susten-\/Grimsel-\/Furka-\/St. Gotthardt-Pass Streckenl\u00e4nge ca. 400 km Achtung! Diese Tour ist nur f\u00fcr ausdauernde und ge\u00fcbte Berg-Tourenfahrer zu empfehlen. Au\u00dferdem ben\u00f6tigt man unbedingt sch\u00f6nes Wetter. Wenn diese Voraussetzungen erf\u00fcllt sind, bietet sich eine der sch\u00f6nsten Touren (meine pers\u00f6nliche Meinung), die es in den Alpen zu (er)fahren gibt. Wie immer beginnt es\u2026","rel":"","context":"In &quot;Allgemein&quot;","block_context":{"text":"Allgemein","link":"https:\/\/www.jungsi.de\/en\/category\/allgemein\/"},"img":{"alt_text":"","src":"","width":0,"height":0},"classes":[]}],"_links":{"self":[{"href":"https:\/\/www.jungsi.de\/en\/wp-json\/wp\/v2\/pages\/334","targetHints":{"allow":["GET"]}}],"collection":[{"href":"https:\/\/www.jungsi.de\/en\/wp-json\/wp\/v2\/pages"}],"about":[{"href":"https:\/\/www.jungsi.de\/en\/wp-json\/wp\/v2\/types\/page"}],"author":[{"embeddable":true,"href":"https:\/\/www.jungsi.de\/en\/wp-json\/wp\/v2\/users\/2"}],"replies":[{"embeddable":true,"href":"https:\/\/www.jungsi.de\/en\/wp-json\/wp\/v2\/comments?post=334"}],"version-history":[{"count":0,"href":"https:\/\/www.jungsi.de\/en\/wp-json\/wp\/v2\/pages\/334\/revisions"}],"up":[{"embeddable":true,"href":"https:\/\/www.jungsi.de\/en\/wp-json\/wp\/v2\/pages\/308"}],"wp:attachment":[{"href":"https:\/\/www.jungsi.de\/en\/wp-json\/wp\/v2\/media?parent=334"}],"curies":[{"name":"wp","href":"https:\/\/api.w.org\/{rel}","templated":true}]}}