{"id":33298,"date":"2025-01-11T15:51:53","date_gmt":"2025-01-11T14:51:53","guid":{"rendered":"https:\/\/www.jungsi.de\/?page_id=33298"},"modified":"2025-12-01T10:37:03","modified_gmt":"2025-12-01T09:37:03","slug":"pc-kompatibel","status":"publish","type":"page","link":"https:\/\/www.jungsi.de\/en\/pc-kompatibel\/","title":{"rendered":"PC-kompatibel"},"content":{"rendered":"<h2 class=\"wp-block-heading has-text-align-center\">PC-kompatibel<\/h2>\n\n\n\n<p>Hier sind alle Rechner  meiner Sammlung (Desktop\/Laptop) zu finden, die IBM-kompatibel sind.<\/p>\n\n\n\n<ul class=\"wp-block-list\">\n<li><a href=\"https:\/\/www.jungsi.de\/en\/pc-kompatibel\/schneider-pc-kompatibel\/\" target=\"_blank\" rel=\"noreferrer noopener\">Schneider<\/a><\/li>\n\n\n\n<li><a href=\"https:\/\/www.jungsi.de\/en\/ibm\/\" target=\"_blank\" rel=\"noreferrer noopener\">IBM\/Lenovo<\/a><\/li>\n\n\n\n<li><a href=\"https:\/\/www.jungsi.de\/en\/pc-kompatibel\/sonstige\/\" data-type=\"page\" data-id=\"36311\" target=\"_blank\" rel=\"noreferrer noopener\">Sonstige<\/a><\/li>\n<\/ul>\n\n\n\n<p><\/p>","protected":false},"excerpt":{"rendered":"<p>PC-kompatibel Hier sind alle Rechner meiner Sammlung (Desktop\/Laptop) zu finden, die IBM-kompatibel sind.<\/p>","protected":false},"author":2,"featured_media":0,"parent":0,"menu_order":0,"comment_status":"closed","ping_status":"closed","template":"","meta":{"_lmt_disableupdate":"","_lmt_disable":"","ngg_post_thumbnail":0,"jetpack_post_was_ever_published":false,"footnotes":"","_links_to":"","_links_to_target":""},"class_list":["post-33298","page","type-page","status-publish","hentry"],"jetpack_shortlink":"https:\/\/wp.me\/P4eXvk-8F4","jetpack_sharing_enabled":true,"jetpack_likes_enabled":true,"jetpack-related-posts":[{"id":18072,"url":"https:\/\/www.jungsi.de\/en\/die-sammlung\/","url_meta":{"origin":33298,"position":0},"title":"The Collection","author":"Jungsi","date":"30. July 2017","format":false,"excerpt":"\u00dcbersicht der Hardware-Sammlung Hier finden Sie eine \u00dcbersicht meiner Sammlung, geordnet nach dem Ver\u00f6ffentlichungsjahr der Ger\u00e4te. Wenn verf\u00fcgbar, sind Links zu den Artikeln beigef\u00fcgt, die ich \u00fcber die entsprechende Hardware verfasst habe. Es lohnt sich, regelm\u00e4\u00dfig vorbeizuschauen, da die Seite kontinuierlich aktualisiert wird.Erkl\u00e4rung der Kategorien:Heimcomputer: klassische Heimcomputer und moderne VersionenKonsolen:\u2026","rel":"","context":"Similar post","block_context":{"text":"Similar post","link":""},"img":{"alt_text":"","src":"","width":0,"height":0},"classes":[]},{"id":18076,"url":"https:\/\/www.jungsi.de\/en\/heimcomputer\/","url_meta":{"origin":33298,"position":1},"title":"home computer","author":"Jungsi","date":"30. July 2017","format":false,"excerpt":"Meine Geschichte Meine Begeisterung f\u00fcr Computer begann in den fr\u00fchen 1980er Jahren. Als ich im P.M. Computerheft \u00fcber diese faszinierende neue Technologie las, erkannte ich sofort: Das ist die Zukunft. Ich bettelte so lange, bis meine Gro\u00dfmutter mir einen Sinclair ZX81 schenkte, damals der g\u00fcnstigste Homecomputer. Fasziniert sa\u00df ich vor\u2026","rel":"","context":"Similar post","block_context":{"text":"Similar post","link":""},"img":{"alt_text":"Acorn","src":"https:\/\/i0.wp.com\/www.jungsi.de\/blog\/wp-content\/uploads\/Acorn.jpg?resize=350%2C200&ssl=1","width":350,"height":200,"srcset":"https:\/\/i0.wp.com\/www.jungsi.de\/blog\/wp-content\/uploads\/Acorn.jpg?resize=350%2C200&ssl=1 1x, https:\/\/i0.wp.com\/www.jungsi.de\/blog\/wp-content\/uploads\/Acorn.jpg?resize=525%2C300&ssl=1 1.5x, https:\/\/i0.wp.com\/www.jungsi.de\/blog\/wp-content\/uploads\/Acorn.jpg?resize=700%2C400&ssl=1 2x, https:\/\/i0.wp.com\/www.jungsi.de\/blog\/wp-content\/uploads\/Acorn.jpg?resize=1050%2C600&ssl=1 3x, https:\/\/i0.wp.com\/www.jungsi.de\/blog\/wp-content\/uploads\/Acorn.jpg?resize=1400%2C800&ssl=1 4x"},"classes":[]},{"id":19748,"url":"https:\/\/www.jungsi.de\/en\/heimcomputer\/msx-sony-hitbit-75-p\/","url_meta":{"origin":33298,"position":2},"title":"MSX","author":"Jungsi","date":"28. February 2018","format":false,"excerpt":"MSX Philips VG-8235 Sony HitBit 75-P Zusammenfassung zum MSX-Standard Der MSX-Standard war eine einheitliche Plattform f\u00fcr Heimcomputer, die Anfang der 1980er Jahre entwickelt wurde. Hier sind die wichtigsten Punkte seiner Geschichte und Merkmale: Einf\u00fchrung und Zielsetzung (1983): Konzept: Der MSX-Standard wurde von Kazuhiko Nishi von Microsoft Japan in Zusammenarbeit mit\u2026","rel":"","context":"Similar post","block_context":{"text":"Similar post","link":""},"img":{"alt_text":"","src":"https:\/\/i0.wp.com\/www.jungsi.de\/blog\/wp-content\/uploads\/Carnivore-2-R%C3%BCckseite.jpg?resize=350%2C200&ssl=1","width":350,"height":200,"srcset":"https:\/\/i0.wp.com\/www.jungsi.de\/blog\/wp-content\/uploads\/Carnivore-2-R%C3%BCckseite.jpg?resize=350%2C200&ssl=1 1x, https:\/\/i0.wp.com\/www.jungsi.de\/blog\/wp-content\/uploads\/Carnivore-2-R%C3%BCckseite.jpg?resize=525%2C300&ssl=1 1.5x, https:\/\/i0.wp.com\/www.jungsi.de\/blog\/wp-content\/uploads\/Carnivore-2-R%C3%BCckseite.jpg?resize=700%2C400&ssl=1 2x, https:\/\/i0.wp.com\/www.jungsi.de\/blog\/wp-content\/uploads\/Carnivore-2-R%C3%BCckseite.jpg?resize=1050%2C600&ssl=1 3x, https:\/\/i0.wp.com\/www.jungsi.de\/blog\/wp-content\/uploads\/Carnivore-2-R%C3%BCckseite.jpg?resize=1400%2C800&ssl=1 4x"},"classes":[]},{"id":28498,"url":"https:\/\/www.jungsi.de\/en\/heimcomputer\/commodore\/commodore-c64\/","url_meta":{"origin":33298,"position":3},"title":"Commodore C64\/C128","author":"Jungsi","date":"17. January 2023","format":false,"excerpt":"Commodore C64\/C128 Commodore 64 Der popul\u00e4rste 8-Bit-Mikrocomputer f\u00fcr den Heimgebrauch in Deutschland war der Commodore 64. Eine Vielzahl an Software wurde f\u00fcr ihn entwickelt und auch raubkopiert. Er stellte einen guten Kompromiss zwischen Vielseitigkeit und Preis dar, was zu \u00fcber einer Million Anwendungen und Spielen f\u00fchrte. Seine Sound- und Grafikf\u00e4higkeiten\u2026","rel":"","context":"Similar post","block_context":{"text":"Similar post","link":""},"img":{"alt_text":"Power Cartridge","src":"https:\/\/i0.wp.com\/www.jungsi.de\/blog\/wp-content\/uploads\/Power-Cartridge-Oberseite.jpg?resize=350%2C200&ssl=1","width":350,"height":200,"srcset":"https:\/\/i0.wp.com\/www.jungsi.de\/blog\/wp-content\/uploads\/Power-Cartridge-Oberseite.jpg?resize=350%2C200&ssl=1 1x, https:\/\/i0.wp.com\/www.jungsi.de\/blog\/wp-content\/uploads\/Power-Cartridge-Oberseite.jpg?resize=525%2C300&ssl=1 1.5x, https:\/\/i0.wp.com\/www.jungsi.de\/blog\/wp-content\/uploads\/Power-Cartridge-Oberseite.jpg?resize=700%2C400&ssl=1 2x, https:\/\/i0.wp.com\/www.jungsi.de\/blog\/wp-content\/uploads\/Power-Cartridge-Oberseite.jpg?resize=1050%2C600&ssl=1 3x, https:\/\/i0.wp.com\/www.jungsi.de\/blog\/wp-content\/uploads\/Power-Cartridge-Oberseite.jpg?resize=1400%2C800&ssl=1 4x"},"classes":[]},{"id":27745,"url":"https:\/\/www.jungsi.de\/en\/heimcomputer\/atari-die-sammlung\/atari-ste-mega-ste\/","url_meta":{"origin":33298,"position":4},"title":"Atari ST(E)\/Mega ST(E)","author":"Jungsi","date":"13. January 2023","format":false,"excerpt":"Atari ST(E)\/Mega ST(E) Atari 260ST Atari 520ST Atari 1040STF Atari 1040 STFM Atari 1040 STE 1989, als der Commodore Amiga, Apples Macintosh und die x86-PCs kurz davor standen, den vier Jahre alten Atari ST zu \u00fcberholen, wurde der Atari 1040 STE eingef\u00fchrt. Die Anzahl der darstellbaren Farben stieg von 512\u2026","rel":"","context":"Similar post","block_context":{"text":"Similar post","link":""},"img":{"alt_text":"microSD Reader","src":"https:\/\/i0.wp.com\/www.jungsi.de\/blog\/wp-content\/uploads\/microSD-Reader.jpg?resize=350%2C200&ssl=1","width":350,"height":200,"srcset":"https:\/\/i0.wp.com\/www.jungsi.de\/blog\/wp-content\/uploads\/microSD-Reader.jpg?resize=350%2C200&ssl=1 1x, https:\/\/i0.wp.com\/www.jungsi.de\/blog\/wp-content\/uploads\/microSD-Reader.jpg?resize=525%2C300&ssl=1 1.5x, https:\/\/i0.wp.com\/www.jungsi.de\/blog\/wp-content\/uploads\/microSD-Reader.jpg?resize=700%2C400&ssl=1 2x, https:\/\/i0.wp.com\/www.jungsi.de\/blog\/wp-content\/uploads\/microSD-Reader.jpg?resize=1050%2C600&ssl=1 3x, https:\/\/i0.wp.com\/www.jungsi.de\/blog\/wp-content\/uploads\/microSD-Reader.jpg?resize=1400%2C800&ssl=1 4x"},"classes":[]},{"id":18110,"url":"https:\/\/www.jungsi.de\/en\/heimcomputer\/atari-die-sammlung\/atari-800xl-und-peripherie\/","url_meta":{"origin":33298,"position":5},"title":"Atari 800XL","author":"Jungsi","date":"30. July 2017","format":false,"excerpt":"Atari 800XL Atari 800XL Der Atari 800 XL war in Deutschland neben dem Commodore 64 sehr bekannt. Er bot bei einem \u00e4hnlichen Preis und einer vergleichbaren Softwarebibliothek einen besseren Sound und eine bessere Grafik als der Sinclair ZX Spectrum. Als Nachfolger des Atari 800 Computers kam er mit Speicher- und\u2026","rel":"","context":"Similar post","block_context":{"text":"Similar post","link":""},"img":{"alt_text":"Sys-Check","src":"https:\/\/i0.wp.com\/www.jungsi.de\/blog\/wp-content\/uploads\/Sys-Check.jpg?resize=350%2C200&ssl=1","width":350,"height":200,"srcset":"https:\/\/i0.wp.com\/www.jungsi.de\/blog\/wp-content\/uploads\/Sys-Check.jpg?resize=350%2C200&ssl=1 1x, https:\/\/i0.wp.com\/www.jungsi.de\/blog\/wp-content\/uploads\/Sys-Check.jpg?resize=525%2C300&ssl=1 1.5x"},"classes":[]}],"_links":{"self":[{"href":"https:\/\/www.jungsi.de\/en\/wp-json\/wp\/v2\/pages\/33298","targetHints":{"allow":["GET"]}}],"collection":[{"href":"https:\/\/www.jungsi.de\/en\/wp-json\/wp\/v2\/pages"}],"about":[{"href":"https:\/\/www.jungsi.de\/en\/wp-json\/wp\/v2\/types\/page"}],"author":[{"embeddable":true,"href":"https:\/\/www.jungsi.de\/en\/wp-json\/wp\/v2\/users\/2"}],"replies":[{"embeddable":true,"href":"https:\/\/www.jungsi.de\/en\/wp-json\/wp\/v2\/comments?post=33298"}],"version-history":[{"count":0,"href":"https:\/\/www.jungsi.de\/en\/wp-json\/wp\/v2\/pages\/33298\/revisions"}],"wp:attachment":[{"href":"https:\/\/www.jungsi.de\/en\/wp-json\/wp\/v2\/media?parent=33298"}],"curies":[{"name":"wp","href":"https:\/\/api.w.org\/{rel}","templated":true}]}}