{"id":32967,"date":"2024-08-01T08:20:39","date_gmt":"2024-08-01T06:20:39","guid":{"rendered":"https:\/\/www.jungsi.de\/?page_id=32967"},"modified":"2024-08-02T09:53:21","modified_gmt":"2024-08-02T07:53:21","slug":"commodore-4016","status":"publish","type":"page","link":"https:\/\/www.jungsi.de\/en\/commodore-4016\/","title":{"rendered":"Commodore 4016"},"content":{"rendered":"<p><\/p>\n\n\n\n<h2 class=\"wp-block-heading has-text-align-center\">Commodore 4016<\/h2>\n\n\n\n<div class=\"wp-block-jetpack-slideshow aligncenter\" data-autoplay=\"true\" data-delay=\"5\" data-effect=\"fade\"><div class=\"wp-block-jetpack-slideshow_container swiper-container\"><ul class=\"wp-block-jetpack-slideshow_swiper-wrapper swiper-wrapper\"><li class=\"wp-block-jetpack-slideshow_slide swiper-slide\"><figure><img loading=\"lazy\" decoding=\"async\" width=\"771\" height=\"1024\" alt=\"\" class=\"wp-block-jetpack-slideshow_image wp-image-31549\" data-id=\"31549\" src=\"https:\/\/www.jungsi.de\/blog\/wp-content\/uploads\/Commodore-CBM-4016_2-771x1024.jpg\" srcset=\"https:\/\/www.jungsi.de\/blog\/wp-content\/uploads\/Commodore-CBM-4016_2-771x1024.jpg 771w, https:\/\/www.jungsi.de\/blog\/wp-content\/uploads\/Commodore-CBM-4016_2-226x300.jpg 226w, https:\/\/www.jungsi.de\/blog\/wp-content\/uploads\/Commodore-CBM-4016_2.jpg 1054w\" sizes=\"(max-width: 771px) 100vw, 771px\" \/><figcaption class=\"wp-block-jetpack-slideshow_caption gallery-caption\">CBM 4016<\/figcaption><\/figure><\/li><li class=\"wp-block-jetpack-slideshow_slide swiper-slide\"><figure><img loading=\"lazy\" decoding=\"async\" width=\"771\" height=\"1024\" alt=\"\" class=\"wp-block-jetpack-slideshow_image wp-image-31547\" data-id=\"31547\" src=\"https:\/\/www.jungsi.de\/blog\/wp-content\/uploads\/Commodore-CBM-4016-rechte-Seite-771x1024.jpg\" srcset=\"https:\/\/www.jungsi.de\/blog\/wp-content\/uploads\/Commodore-CBM-4016-rechte-Seite-771x1024.jpg 771w, https:\/\/www.jungsi.de\/blog\/wp-content\/uploads\/Commodore-CBM-4016-rechte-Seite-226x300.jpg 226w\" sizes=\"(max-width: 771px) 100vw, 771px\" \/><figcaption class=\"wp-block-jetpack-slideshow_caption gallery-caption\">CBM 4016 &#8211; Ansicht rechts<\/figcaption><\/figure><\/li><li class=\"wp-block-jetpack-slideshow_slide swiper-slide\"><figure><img loading=\"lazy\" decoding=\"async\" width=\"1024\" height=\"771\" alt=\"\" class=\"wp-block-jetpack-slideshow_image wp-image-31545\" data-id=\"31545\" src=\"https:\/\/www.jungsi.de\/blog\/wp-content\/uploads\/Commodore-CBM-4016-linke-Seite-1024x771.jpg\" srcset=\"https:\/\/www.jungsi.de\/blog\/wp-content\/uploads\/Commodore-CBM-4016-linke-Seite-1024x771.jpg 1024w, https:\/\/www.jungsi.de\/blog\/wp-content\/uploads\/Commodore-CBM-4016-linke-Seite-300x226.jpg 300w\" sizes=\"(max-width: 1024px) 100vw, 1024px\" \/><figcaption class=\"wp-block-jetpack-slideshow_caption gallery-caption\">CBM 4016 &#8211; Ansicht links<\/figcaption><\/figure><\/li><li class=\"wp-block-jetpack-slideshow_slide swiper-slide\"><figure><img loading=\"lazy\" decoding=\"async\" width=\"771\" height=\"1024\" alt=\"\" class=\"wp-block-jetpack-slideshow_image wp-image-31544\" data-id=\"31544\" src=\"https:\/\/www.jungsi.de\/blog\/wp-content\/uploads\/Commodore-CBM-4016-hinten-771x1024.jpg\" srcset=\"https:\/\/www.jungsi.de\/blog\/wp-content\/uploads\/Commodore-CBM-4016-hinten-771x1024.jpg 771w, https:\/\/www.jungsi.de\/blog\/wp-content\/uploads\/Commodore-CBM-4016-hinten-226x300.jpg 226w\" sizes=\"(max-width: 771px) 100vw, 771px\" \/><figcaption class=\"wp-block-jetpack-slideshow_caption gallery-caption\">CBM 4016 &#8211; Ansicht R\u00fcckseite<\/figcaption><\/figure><\/li><li class=\"wp-block-jetpack-slideshow_slide swiper-slide\"><figure><img loading=\"lazy\" decoding=\"async\" width=\"771\" height=\"1024\" alt=\"\" class=\"wp-block-jetpack-slideshow_image wp-image-31546\" data-id=\"31546\" src=\"https:\/\/www.jungsi.de\/blog\/wp-content\/uploads\/Commodore-CBM-4016-Monitor-Rueckseite-771x1024.jpg\" srcset=\"https:\/\/www.jungsi.de\/blog\/wp-content\/uploads\/Commodore-CBM-4016-Monitor-Rueckseite-771x1024.jpg 771w, https:\/\/www.jungsi.de\/blog\/wp-content\/uploads\/Commodore-CBM-4016-Monitor-Rueckseite-226x300.jpg 226w\" sizes=\"(max-width: 771px) 100vw, 771px\" \/><figcaption class=\"wp-block-jetpack-slideshow_caption gallery-caption\">CBM 4016 &#8211; Monitor Aufkleber<\/figcaption><\/figure><\/li><li class=\"wp-block-jetpack-slideshow_slide swiper-slide\"><figure><img loading=\"lazy\" decoding=\"async\" width=\"1024\" height=\"771\" alt=\"\" class=\"wp-block-jetpack-slideshow_image wp-image-31548\" data-id=\"31548\" src=\"https:\/\/www.jungsi.de\/blog\/wp-content\/uploads\/Commodore-CBM-4016-Typenschild-1024x771.jpg\" srcset=\"https:\/\/www.jungsi.de\/blog\/wp-content\/uploads\/Commodore-CBM-4016-Typenschild-1024x771.jpg 1024w, https:\/\/www.jungsi.de\/blog\/wp-content\/uploads\/Commodore-CBM-4016-Typenschild-300x226.jpg 300w, https:\/\/www.jungsi.de\/blog\/wp-content\/uploads\/Commodore-CBM-4016-Typenschild.jpg 1400w\" sizes=\"(max-width: 1024px) 100vw, 1024px\" \/><figcaption class=\"wp-block-jetpack-slideshow_caption gallery-caption\">CBM 4016 &#8211; Typenschild<\/figcaption><\/figure><\/li><\/ul><a class=\"wp-block-jetpack-slideshow_button-prev swiper-button-prev swiper-button-white\" role=\"button\"><\/a><a class=\"wp-block-jetpack-slideshow_button-next swiper-button-next swiper-button-white\" role=\"button\"><\/a><a aria-label=\"Pause Slideshow\" class=\"wp-block-jetpack-slideshow_button-pause\" role=\"button\"><\/a><div class=\"wp-block-jetpack-slideshow_pagination swiper-pagination swiper-pagination-white\"><\/div><\/div><\/div>\n\n\n\n<p>Der Commodore CBM 4016, ein Teil der 4000er Serie von Commodore, wurde als Nachfolger der PET 2001 und der CBM-3000-Serie entwickelt. Der CBM fand Einsatz in Schulen in Kanada, den USA und auch in Deutschland. An der Fachoberschule machte ich meine ersten Erfahrungen mit diesem Ger\u00e4t. Der CBM 4016 lie\u00df sich mit externen Diskettenlaufwerken erweitern. Neben dem integrierten BASIC 4.0 stand eine Vielzahl von Softwareanwendungen f\u00fcr den CBM zur Verf\u00fcgung.<\/p>\n\n\n\n<table id=\"tablepress-306\" class=\"tablepress tablepress-id-306\">\n<tbody>\n<tr class=\"row-1\">\n\t<td class=\"column-1\"><strong>Ver\u00f6ffentlichung:<\/strong><\/td><td class=\"column-2\">1979<\/td>\n<\/tr>\n<tr class=\"row-2\">\n\t<td class=\"column-1\"><strong>CPU:<\/strong><\/td><td class=\"column-2\">MOS 6502 mit 1 MHz<\/td>\n<\/tr>\n<tr class=\"row-3\">\n\t<td class=\"column-1\"><strong>Speicher:<\/strong><\/td><td class=\"column-2\">RAM: 16 KB<br \/>\nROM: 14 KB<\/td>\n<\/tr>\n<tr class=\"row-4\">\n\t<td class=\"column-1\"><strong>Grafikchip:<\/strong><\/td><td class=\"column-2\">MOS 6545<\/td>\n<\/tr>\n<tr class=\"row-5\">\n\t<td class=\"column-1\"><strong>Ein-Ausgabechip:<\/strong><\/td><td class=\"column-2\">MOS 6520 &#8222;PIA&#8220;<br \/>\nMOS 6522 &#8222;VIA&#8220;<\/td>\n<\/tr>\n<tr class=\"row-6\">\n\t<td class=\"column-1\"><strong>Tastatur:<\/strong><\/td><td class=\"column-2\">76 Tasten, im Geh\u00e4use eingebaut<\/td>\n<\/tr>\n<tr class=\"row-7\">\n\t<td class=\"column-1\"><strong>Schnittstellen:<\/strong><\/td><td class=\"column-2\">1 x IEEE488<br \/>\n2 x Datasette<br \/>\n1 x Userport<\/td>\n<\/tr>\n<\/tbody>\n<\/table>\n<!-- #tablepress-306 from cache -->\n\n\n<figure class=\"wp-block-image size-large\"><img loading=\"lazy\" decoding=\"async\" width=\"768\" height=\"1024\" data-attachment-id=\"31551\" data-permalink=\"https:\/\/www.jungsi.de\/en\/commodore-cbm-model-4016-n-commodore\/cbm-datasette-oberseite\/\" data-orig-file=\"https:\/\/www.jungsi.de\/blog\/wp-content\/uploads\/CBM-Datasette-Oberseite.jpg\" data-orig-size=\"1050,1400\" data-comments-opened=\"1\" data-image-meta=\"{&quot;aperture&quot;:&quot;1.5&quot;,&quot;credit&quot;:&quot;&quot;,&quot;camera&quot;:&quot;iPhone 14&quot;,&quot;caption&quot;:&quot;&quot;,&quot;created_timestamp&quot;:&quot;1703334471&quot;,&quot;copyright&quot;:&quot;&quot;,&quot;focal_length&quot;:&quot;5.7&quot;,&quot;iso&quot;:&quot;100&quot;,&quot;shutter_speed&quot;:&quot;0.0082644628099174&quot;,&quot;title&quot;:&quot;&quot;,&quot;orientation&quot;:&quot;1&quot;}\" data-image-title=\"CBM-Datasette-Oberseite\" data-image-description=\"&lt;p&gt;CBM Datasette&lt;\/p&gt;\" data-image-caption=\"&lt;p&gt;CBM Datasette&lt;\/p&gt;\" data-large-file=\"https:\/\/www.jungsi.de\/blog\/wp-content\/uploads\/CBM-Datasette-Oberseite-768x1024.jpg\" src=\"https:\/\/www.jungsi.de\/blog\/wp-content\/uploads\/CBM-Datasette-Oberseite-768x1024.jpg\" alt=\"CBM Datasette\" class=\"wp-image-31551\" srcset=\"https:\/\/www.jungsi.de\/blog\/wp-content\/uploads\/CBM-Datasette-Oberseite-768x1024.jpg 768w, https:\/\/www.jungsi.de\/blog\/wp-content\/uploads\/CBM-Datasette-Oberseite-225x300.jpg 225w, https:\/\/www.jungsi.de\/blog\/wp-content\/uploads\/CBM-Datasette-Oberseite.jpg 1050w\" sizes=\"auto, (max-width: 768px) 100vw, 768px\" \/><figcaption class=\"wp-element-caption\">CBM Datasette<\/figcaption><\/figure>","protected":false},"excerpt":{"rendered":"<p>Commodore 4016 Der Commodore CBM 4016, ein Teil der 4000er Serie von Commodore, wurde als Nachfolger der PET 2001 und der CBM-3000-Serie entwickelt. Der CBM \u2026<\/p>","protected":false},"author":2,"featured_media":0,"parent":0,"menu_order":0,"comment_status":"closed","ping_status":"closed","template":"","meta":{"_lmt_disableupdate":"","_lmt_disable":"","ngg_post_thumbnail":0,"jetpack_post_was_ever_published":false,"footnotes":"","_links_to":"","_links_to_target":""},"class_list":["post-32967","page","type-page","status-publish","hentry"],"jetpack_shortlink":"https:\/\/wp.me\/P4eXvk-8zJ","jetpack_sharing_enabled":true,"jetpack_likes_enabled":true,"jetpack-related-posts":[{"id":7403,"url":"https:\/\/www.jungsi.de\/en\/heimcomputer\/commodore\/","url_meta":{"origin":32967,"position":0},"title":"Commodore","author":"Jungsi","date":"11. October 2014","format":false,"excerpt":"Commodore Commodore Business Machines (CBM) wurde 1954 von Jack Tramiel in Toronto, Kanada, urspr\u00fcnglich als Reparaturwerkstatt f\u00fcr Schreibmaschinen gegr\u00fcndet. Tramiel, ein Holocaust-\u00dcberlebender, hatte die Vision, erschwingliche Produkte f\u00fcr den Massenmarkt anzubieten. In den 1960er Jahren stieg Commodore in den Bereich der elektronischen Taschenrechner ein und erwarb 1976 MOS Technology, einen\u2026","rel":"","context":"Similar post","block_context":{"text":"Similar post","link":""},"img":{"alt_text":"","src":"https:\/\/i0.wp.com\/www.jungsi.de\/blog\/wp-content\/uploads\/c64_3.jpg?resize=350%2C200&ssl=1","width":350,"height":200,"srcset":"https:\/\/i0.wp.com\/www.jungsi.de\/blog\/wp-content\/uploads\/c64_3.jpg?resize=350%2C200&ssl=1 1x, https:\/\/i0.wp.com\/www.jungsi.de\/blog\/wp-content\/uploads\/c64_3.jpg?resize=525%2C300&ssl=1 1.5x"},"classes":[]},{"id":27867,"url":"https:\/\/www.jungsi.de\/en\/die-sammlung\/literatur\/commodore\/","url_meta":{"origin":32967,"position":1},"title":"Commodore","author":"Jungsi","date":"14. January 2023","format":false,"excerpt":"Commodore Literatur Links zu anderer Commodore Literatur- 64er- Amiga Magazin- Amiga special- Sonstiges Commodore Original Literatur A500 Benutzerhandbuch Deutsch A2000 A500 Amiga Basic Deutsch Commodore 64 Bedienungshandbuch Commodore 64 MicroComputer Handbuch Commodore 128 Einf\u00fchrung Commodore 128D Einf\u00fchrung Commodore 128\/128D Bedienungshandbuch Commodore 128\/128D CP\/M-Modus Kapitel 7 Commodore 1530 Datassette Unit Operating\u2026","rel":"","context":"Similar post","block_context":{"text":"Similar post","link":""},"img":{"alt_text":"A500 Benutzerhandbuch Deutsch","src":"https:\/\/i0.wp.com\/www.jungsi.de\/blog\/wp-content\/uploads\/A500-Benutzerhandbuch-Deutsch.jpg?resize=350%2C200&ssl=1","width":350,"height":200,"srcset":"https:\/\/i0.wp.com\/www.jungsi.de\/blog\/wp-content\/uploads\/A500-Benutzerhandbuch-Deutsch.jpg?resize=350%2C200&ssl=1 1x, https:\/\/i0.wp.com\/www.jungsi.de\/blog\/wp-content\/uploads\/A500-Benutzerhandbuch-Deutsch.jpg?resize=525%2C300&ssl=1 1.5x, https:\/\/i0.wp.com\/www.jungsi.de\/blog\/wp-content\/uploads\/A500-Benutzerhandbuch-Deutsch.jpg?resize=700%2C400&ssl=1 2x, https:\/\/i0.wp.com\/www.jungsi.de\/blog\/wp-content\/uploads\/A500-Benutzerhandbuch-Deutsch.jpg?resize=1050%2C600&ssl=1 3x"},"classes":[]},{"id":28256,"url":"https:\/\/www.jungsi.de\/en\/die-sammlung\/literatur\/commodore\/commodore-sonstige-literatur\/","url_meta":{"origin":32967,"position":2},"title":"Commodore sonstige Literatur","author":"Jungsi","date":"16. January 2023","format":false,"excerpt":"Commodore - Fachb\u00fccher Commodore - sonstige Zeitschriften Commodore - moderne Literatur Commodore \u2013 Fachb\u00fccher 3D-Konstruktion mit Giga-CAD Plus Amiga - Der Film Amiga 500 f\u00fcr Einsteiger Amiga Tips & Tricks AmigaBASIC Chip Sonderheft C64 Zeichnen und Gestalten Commodore 128 f\u00fcr Einsteiger Commodore 128 intern Commodore 1571 & 1570 Das Trainingsbuch\u2026","rel":"","context":"Similar post","block_context":{"text":"Similar post","link":""},"img":{"alt_text":"Back Into The Storm","src":"https:\/\/i0.wp.com\/www.jungsi.de\/blog\/wp-content\/uploads\/Back-Into-The-Storm.jpg?resize=350%2C200&ssl=1","width":350,"height":200,"srcset":"https:\/\/i0.wp.com\/www.jungsi.de\/blog\/wp-content\/uploads\/Back-Into-The-Storm.jpg?resize=350%2C200&ssl=1 1x, https:\/\/i0.wp.com\/www.jungsi.de\/blog\/wp-content\/uploads\/Back-Into-The-Storm.jpg?resize=525%2C300&ssl=1 1.5x, https:\/\/i0.wp.com\/www.jungsi.de\/blog\/wp-content\/uploads\/Back-Into-The-Storm.jpg?resize=700%2C400&ssl=1 2x, https:\/\/i0.wp.com\/www.jungsi.de\/blog\/wp-content\/uploads\/Back-Into-The-Storm.jpg?resize=1050%2C600&ssl=1 3x"},"classes":[]},{"id":28498,"url":"https:\/\/www.jungsi.de\/en\/heimcomputer\/commodore\/commodore-c64\/","url_meta":{"origin":32967,"position":3},"title":"Commodore C64\/C128","author":"Jungsi","date":"17. January 2023","format":false,"excerpt":"Commodore C64\/C128 Commodore 64 Der popul\u00e4rste 8-Bit-Mikrocomputer f\u00fcr den Heimgebrauch in Deutschland war der Commodore 64. Eine Vielzahl an Software wurde f\u00fcr ihn entwickelt und auch raubkopiert. Er stellte einen guten Kompromiss zwischen Vielseitigkeit und Preis dar, was zu \u00fcber einer Million Anwendungen und Spielen f\u00fchrte. Seine Sound- und Grafikf\u00e4higkeiten\u2026","rel":"","context":"Similar post","block_context":{"text":"Similar post","link":""},"img":{"alt_text":"Power Cartridge","src":"https:\/\/i0.wp.com\/www.jungsi.de\/blog\/wp-content\/uploads\/Power-Cartridge-Oberseite.jpg?resize=350%2C200&ssl=1","width":350,"height":200,"srcset":"https:\/\/i0.wp.com\/www.jungsi.de\/blog\/wp-content\/uploads\/Power-Cartridge-Oberseite.jpg?resize=350%2C200&ssl=1 1x, https:\/\/i0.wp.com\/www.jungsi.de\/blog\/wp-content\/uploads\/Power-Cartridge-Oberseite.jpg?resize=525%2C300&ssl=1 1.5x, https:\/\/i0.wp.com\/www.jungsi.de\/blog\/wp-content\/uploads\/Power-Cartridge-Oberseite.jpg?resize=700%2C400&ssl=1 2x, https:\/\/i0.wp.com\/www.jungsi.de\/blog\/wp-content\/uploads\/Power-Cartridge-Oberseite.jpg?resize=1050%2C600&ssl=1 3x, https:\/\/i0.wp.com\/www.jungsi.de\/blog\/wp-content\/uploads\/Power-Cartridge-Oberseite.jpg?resize=1400%2C800&ssl=1 4x"},"classes":[]},{"id":28502,"url":"https:\/\/www.jungsi.de\/en\/heimcomputer\/commodore\/commodore-264\/","url_meta":{"origin":32967,"position":4},"title":"Commodore 264","author":"Jungsi","date":"17. January 2023","format":false,"excerpt":"Commodore 264 Commodore C116 Commodore 116 Im Jahr 1984 brachte Commodore eine neue Serie von Heimcomputern auf den Markt: die 264-Serie. Der C16 war als Ersatz f\u00fcr den VC-20 gedacht, w\u00e4hrend der Plus\/4 mit umfangreichem Speicher und integrierter Anwendungssoftware auf professionelle Nutzer abzielte.Jack Tramiel strebte danach, einen Wettbewerber zum preiswerten\u2026","rel":"","context":"Similar post","block_context":{"text":"Similar post","link":""},"img":{"alt_text":"Joystick Commodore 264-Reihe","src":"https:\/\/i0.wp.com\/www.jungsi.de\/blog\/wp-content\/uploads\/Joystick-Commodore-264-Reihe-2.jpg?resize=350%2C200&ssl=1","width":350,"height":200,"srcset":"https:\/\/i0.wp.com\/www.jungsi.de\/blog\/wp-content\/uploads\/Joystick-Commodore-264-Reihe-2.jpg?resize=350%2C200&ssl=1 1x, https:\/\/i0.wp.com\/www.jungsi.de\/blog\/wp-content\/uploads\/Joystick-Commodore-264-Reihe-2.jpg?resize=525%2C300&ssl=1 1.5x, https:\/\/i0.wp.com\/www.jungsi.de\/blog\/wp-content\/uploads\/Joystick-Commodore-264-Reihe-2.jpg?resize=700%2C400&ssl=1 2x, https:\/\/i0.wp.com\/www.jungsi.de\/blog\/wp-content\/uploads\/Joystick-Commodore-264-Reihe-2.jpg?resize=1050%2C600&ssl=1 3x, https:\/\/i0.wp.com\/www.jungsi.de\/blog\/wp-content\/uploads\/Joystick-Commodore-264-Reihe-2.jpg?resize=1400%2C800&ssl=1 4x"},"classes":[]},{"id":28500,"url":"https:\/\/www.jungsi.de\/en\/heimcomputer\/commodore\/commodore-vc20\/","url_meta":{"origin":32967,"position":5},"title":"Commodore VC20","author":"Jungsi","date":"17. January 2023","format":false,"excerpt":"Commodore VC20 Commodore VC 20 Drei Jahre (1981) nach der Einf\u00fchrung des PET erkannte Commodore, dass ihr Computer zu kostspielig war, um weit verbreitet zu sein. Der VIC-20, konzipiert als Heimcomputer, war preiswert (und wurde sp\u00e4ter durch den Einsatz von weniger, jedoch spezialisierten Chips noch g\u00fcnstiger) und gen\u00fcgte f\u00fcr den\u2026","rel":"","context":"Similar post","block_context":{"text":"Similar post","link":""},"img":{"alt_text":"Commodore VC 20","src":"https:\/\/i0.wp.com\/www.jungsi.de\/blog\/wp-content\/uploads\/VC20_1.jpg?resize=350%2C200&ssl=1","width":350,"height":200,"srcset":"https:\/\/i0.wp.com\/www.jungsi.de\/blog\/wp-content\/uploads\/VC20_1.jpg?resize=350%2C200&ssl=1 1x, https:\/\/i0.wp.com\/www.jungsi.de\/blog\/wp-content\/uploads\/VC20_1.jpg?resize=525%2C300&ssl=1 1.5x, https:\/\/i0.wp.com\/www.jungsi.de\/blog\/wp-content\/uploads\/VC20_1.jpg?resize=700%2C400&ssl=1 2x, https:\/\/i0.wp.com\/www.jungsi.de\/blog\/wp-content\/uploads\/VC20_1.jpg?resize=1050%2C600&ssl=1 3x, https:\/\/i0.wp.com\/www.jungsi.de\/blog\/wp-content\/uploads\/VC20_1.jpg?resize=1400%2C800&ssl=1 4x"},"classes":[]}],"_links":{"self":[{"href":"https:\/\/www.jungsi.de\/en\/wp-json\/wp\/v2\/pages\/32967","targetHints":{"allow":["GET"]}}],"collection":[{"href":"https:\/\/www.jungsi.de\/en\/wp-json\/wp\/v2\/pages"}],"about":[{"href":"https:\/\/www.jungsi.de\/en\/wp-json\/wp\/v2\/types\/page"}],"author":[{"embeddable":true,"href":"https:\/\/www.jungsi.de\/en\/wp-json\/wp\/v2\/users\/2"}],"replies":[{"embeddable":true,"href":"https:\/\/www.jungsi.de\/en\/wp-json\/wp\/v2\/comments?post=32967"}],"version-history":[{"count":0,"href":"https:\/\/www.jungsi.de\/en\/wp-json\/wp\/v2\/pages\/32967\/revisions"}],"wp:attachment":[{"href":"https:\/\/www.jungsi.de\/en\/wp-json\/wp\/v2\/media?parent=32967"}],"curies":[{"name":"wp","href":"https:\/\/api.w.org\/{rel}","templated":true}]}}