{"id":329,"date":"2008-12-22T14:03:24","date_gmt":"2008-12-22T13:03:24","guid":{"rendered":"http:\/\/www.jungsi.de\/?page_id=329"},"modified":"2008-12-22T14:03:24","modified_gmt":"2008-12-22T13:03:24","slug":"tour-2-rhein-schlucht","status":"publish","type":"page","link":"https:\/\/www.jungsi.de\/en\/reisen\/schweiz-2003\/tour-2-rhein-schlucht\/","title":{"rendered":"Tour 2: Rhein-Schlucht&#8230;"},"content":{"rendered":"<p style=\"text-align: justify;\">Rhein-Schlucht &#8211; Lukmanierpass &#8211; San Bernadino &#8211; Val di Lei<\/p>\n<p style=\"text-align: justify;\">Streckenl\u00e4nge ca. 285 km<\/p>\n<p style=\"text-align: justify;\">Thusis &#8211; Bonaduz &#8211; Versam &#8211; Ilanz &#8211; Disentis &#8211; Passo del Lucomagno &#8211; Olivone &#8211; Biasca &#8211; Bellinzona &#8211; Mesocco &#8211; Passo San Bernadino &#8211; Avers &#8211; Starlera &#8211; Val di Lei &#8211; Avers &#8211; Thusis<br \/>\nVon Thusis nach Bonaduz (hier links abbiegen) und an der romantischen Rheinschlucht entlang nach Ilanz. \u00dcber Trun ging es weiter nach Disentis. Hier folgt man der Stra\u00dfe s\u00fcdlich (in Disentis links abbiegen) zum Lukmanierpa\u00df. Die Strecke bis Olivone pr\u00e4sentiert sich in einem hervorragenden Zustand. Ca. 4 km vor Erreichen des Scheitels blickt man auf die 100m hohe Betonmauer, welche den Lai da Sontga Maria aufstaut. Von Olivone bis Biasca sind 23 km, bis Bellinzona  &#8211; dem s\u00fcdlichsten Punkt der Route &#8211; weitere 17 km zur\u00fcckzulegen.<br \/>\nWer sich etwas Zeit sparen will, sollte in Bellinzona auf die Autobahn in Richtung San Bernadino fahren und diese in Mesocco-Nord wieder verlassen. Die alte Passstrasse \u00fcber den San Bernadino ist ordentlich ausgebaut. Die zahlreichen Serpentinen (beide Rampen zusammen 37 Kehren) sind bequem zu fahren und weisen keine T\u00fccken auf. Man folgt weiter der alten Strasse bis Avers, wo eine nette, windungsreiche Strasse ins Val Ferrera und sp\u00e4ter ins Val di Lei abzweigt. Nach einem ampelgergelten Tunnel steht man am Stausee im Val di Lei. Hier ist die Staumauer die Grenze zwischen der Schweiz und Italien.<br \/>\nWieder zur\u00fcck auf der Hauptstrasse muss man nat\u00fcrlich noch in der Via Mala einen Stopp einlegen.<\/p>ngg_shortcode_0_placeholder","protected":false},"excerpt":{"rendered":"<p>Rhein-Schlucht &#8211; Lukmanierpass &#8211; San Bernadino &#8211; Val di Lei Streckenl\u00e4nge ca. 285 km Thusis &#8211; Bonaduz &#8211; Versam &#8211; Ilanz &#8211; Disentis &#8211; Passo \u2026<\/p>","protected":false},"author":2,"featured_media":0,"parent":308,"menu_order":0,"comment_status":"open","ping_status":"open","template":"","meta":{"_lmt_disableupdate":"","_lmt_disable":"","ngg_post_thumbnail":0,"jetpack_post_was_ever_published":false,"footnotes":"","_links_to":"","_links_to_target":""},"class_list":["post-329","page","type-page","status-publish","hentry"],"jetpack_shortlink":"https:\/\/wp.me\/P4eXvk-5j","jetpack_sharing_enabled":true,"jetpack_likes_enabled":true,"jetpack-related-posts":[{"id":268,"url":"https:\/\/www.jungsi.de\/en\/reisen\/schweiz-2002\/tour-1-lukmanierpass\/","url_meta":{"origin":329,"position":0},"title":"Tour 1: Lukmanierpass&#8230;","author":"Jungsi","date":"8. December 2008","format":false,"excerpt":"Lukmanierpass - San-Bernadino - Via Mala Streckenl\u00e4nge ca. 285 km Von Thusis nach Bonaduz (hier links abbiegen) und an der Rheinschlucht entlang nach Ilanz. \u00dcber Trun ging es weiter nach Disentis. Hier folgt man der Stra\u00dfe s\u00fcdlich zum Lukmanierpa\u00df. Die Fahrt geht weiter \u00fcber Olivone und Biasca nach Bellinzona -\u2026","rel":"","context":"In &quot;Allgemein&quot;","block_context":{"text":"Allgemein","link":"https:\/\/www.jungsi.de\/en\/category\/allgemein\/"},"img":{"alt_text":"","src":"","width":0,"height":0},"classes":[]},{"id":280,"url":"https:\/\/www.jungsi.de\/en\/reisen\/schweiz-2002\/tour-4-taminsschlucht\/","url_meta":{"origin":329,"position":1},"title":"Tour 4: Taminsschlucht&#8230;","author":"Jungsi","date":"8. December 2008","format":false,"excerpt":"Taminsschlucht - Gigerwald\/W\u00e4gitalersee - Einsiedeln Streckenl\u00e4nge ca. 300 km Bei dieser Tour sollte man die Schenllstra\u00dfe\/Autobahn benutzen und diese nur zu den Abstechern verlassen. Mir machte an diesem Tag das Wetter einen Strich durch die Rechnung, so dass ich nicht den gesamten Umfang fahren konnte. Wieder von Thusis startend folgt\u2026","rel":"","context":"In &quot;Allgemein&quot;","block_context":{"text":"Allgemein","link":"https:\/\/www.jungsi.de\/en\/category\/allgemein\/"},"img":{"alt_text":"","src":"","width":0,"height":0},"classes":[]},{"id":337,"url":"https:\/\/www.jungsi.de\/en\/reisen\/schweiz-2003\/tour-4-san-bernadino\/","url_meta":{"origin":329,"position":2},"title":"Tour 4: San Bernadino&#8230;","author":"Jungsi","date":"22. December 2008","format":false,"excerpt":"San Bernadino - Lugano - Chiavenna - Malojapass - Julierpass Thusis - San Bernadino - Lugano - Gandria - Menaggio - Dongo - Domaso - Chiavenna - Maloja - Silvaplana - Julierpass - Tiefencastel - Thusis Streckenl\u00e4nge ca. 330 km Da wir an diesem Tag sch\u00f6nes Wetter hatten, nahmen wir\u2026","rel":"","context":"In &quot;Allgemein&quot;","block_context":{"text":"Allgemein","link":"https:\/\/www.jungsi.de\/en\/category\/allgemein\/"},"img":{"alt_text":"","src":"","width":0,"height":0},"classes":[]},{"id":186,"url":"https:\/\/www.jungsi.de\/en\/reisen\/dolomiten-1999\/tour-1-agordo-passo-di-cereda-passo-di-rolle\/","url_meta":{"origin":329,"position":3},"title":"Tour 1: Agordo &#8211; Passo di Cereda &#8211; Passo di Rolle","author":"Jungsi","date":"5. December 2008","format":false,"excerpt":"Agordo - Passo di Cereda - Passo di Rolle - Marmolada Streckenl\u00e4nge: ca. 200 km Von Arabba Richtung Cortina bis Andraz. Von dort aus auf der SS203 Richtung Alleghe, wo man am Lago di Alleghe schon die erste Pause einlegen kann. Weiter gehts bis Agordo. Dort folgt man der Abzweigung\u2026","rel":"","context":"In &quot;Allgemein&quot;","block_context":{"text":"Allgemein","link":"https:\/\/www.jungsi.de\/en\/category\/allgemein\/"},"img":{"alt_text":"","src":"","width":0,"height":0},"classes":[]},{"id":276,"url":"https:\/\/www.jungsi.de\/en\/reisen\/schweiz-2002\/tour-3-oberalp\/","url_meta":{"origin":329,"position":4},"title":"Tour 3: Oberalp&#8230;","author":"Jungsi","date":"8. December 2008","format":false,"excerpt":"Oberalp-\/Susten-\/Grimsel-\/Furka-\/St. Gotthardt-Pass Streckenl\u00e4nge ca. 400 km Achtung! Diese Tour ist nur f\u00fcr ausdauernde und ge\u00fcbte Berg-Tourenfahrer zu empfehlen. Au\u00dferdem ben\u00f6tigt man unbedingt sch\u00f6nes Wetter. Wenn diese Voraussetzungen erf\u00fcllt sind, bietet sich eine der sch\u00f6nsten Touren (meine pers\u00f6nliche Meinung), die es in den Alpen zu (er)fahren gibt. Wie immer beginnt es\u2026","rel":"","context":"In &quot;Allgemein&quot;","block_context":{"text":"Allgemein","link":"https:\/\/www.jungsi.de\/en\/category\/allgemein\/"},"img":{"alt_text":"","src":"","width":0,"height":0},"classes":[]},{"id":272,"url":"https:\/\/www.jungsi.de\/en\/reisen\/schweiz-2002\/tour-2-wolfgangpass\/","url_meta":{"origin":329,"position":5},"title":"Tour 2: Wolfgangpass&#8230;","author":"Jungsi","date":"8. December 2008","format":false,"excerpt":"Wolfgangpass - Fl\u00fcelapass - Julierpass Streckenl\u00e4nge ca. 210 km Startpunkt ist wieder Thusis. Von Thusis aus bin ich einen kleinen Umweg \u00fcber die Schinschlucht nach Tiefencastel und weiter \u00fcber Lenzerheide nach Chur gefahren. In Chur folgt man den Schildern Transit\/Landquart. Hier dann nach Osten Richtung Davos. Dabei f\u00e4hrt man durch\u2026","rel":"","context":"In &quot;Allgemein&quot;","block_context":{"text":"Allgemein","link":"https:\/\/www.jungsi.de\/en\/category\/allgemein\/"},"img":{"alt_text":"","src":"","width":0,"height":0},"classes":[]}],"_links":{"self":[{"href":"https:\/\/www.jungsi.de\/en\/wp-json\/wp\/v2\/pages\/329","targetHints":{"allow":["GET"]}}],"collection":[{"href":"https:\/\/www.jungsi.de\/en\/wp-json\/wp\/v2\/pages"}],"about":[{"href":"https:\/\/www.jungsi.de\/en\/wp-json\/wp\/v2\/types\/page"}],"author":[{"embeddable":true,"href":"https:\/\/www.jungsi.de\/en\/wp-json\/wp\/v2\/users\/2"}],"replies":[{"embeddable":true,"href":"https:\/\/www.jungsi.de\/en\/wp-json\/wp\/v2\/comments?post=329"}],"version-history":[{"count":0,"href":"https:\/\/www.jungsi.de\/en\/wp-json\/wp\/v2\/pages\/329\/revisions"}],"up":[{"embeddable":true,"href":"https:\/\/www.jungsi.de\/en\/wp-json\/wp\/v2\/pages\/308"}],"wp:attachment":[{"href":"https:\/\/www.jungsi.de\/en\/wp-json\/wp\/v2\/media?parent=329"}],"curies":[{"name":"wp","href":"https:\/\/api.w.org\/{rel}","templated":true}]}}