{"id":32892,"date":"2024-07-31T15:24:31","date_gmt":"2024-07-31T13:24:31","guid":{"rendered":"https:\/\/www.jungsi.de\/?page_id=32892"},"modified":"2024-08-27T16:05:58","modified_gmt":"2024-08-27T14:05:58","slug":"computer-spiele","status":"publish","type":"page","link":"https:\/\/www.jungsi.de\/en\/spiele\/computer-spiele\/","title":{"rendered":"Computer-Spiele"},"content":{"rendered":"<p><\/p>\n\n\n\n<h2 class=\"wp-block-heading has-text-align-center\">Computer-Spiele<\/h2>\n\n\n\n<table id=\"tablepress-309\" class=\"tablepress tablepress-id-309\">\n<thead>\n<tr class=\"row-1\">\n\t<th class=\"column-1\">System<\/th>\n<\/tr>\n<\/thead>\n<tbody class=\"row-striping row-hover\">\n<tr class=\"row-2\">\n\t<td class=\"column-1\"><a href=\"https:\/\/www.jungsi.de\/en\/spiele\/commodore-spiele\/\">Commodore<\/a><\/td>\n<\/tr>\n<tr class=\"row-3\">\n\t<td class=\"column-1\"><a href=\"https:\/\/www.jungsi.de\/en\/spiele\/atari-heimcomputer\/\">Atari<\/a><\/td>\n<\/tr>\n<tr class=\"row-4\">\n\t<td class=\"column-1\"><a href=\"https:\/\/www.jungsi.de\/en\/spiele\/dragon-32-spiele\/\">Dragon<\/a><\/td>\n<\/tr>\n<tr class=\"row-5\">\n\t<td class=\"column-1\"><a href=\"https:\/\/www.jungsi.de\/en\/spiele\/pc-spiele\/\">PC<\/a><\/td>\n<\/tr>\n<tr class=\"row-6\">\n\t<td class=\"column-1\"><a href=\"https:\/\/www.jungsi.de\/en\/spiele\/schneider-cpc-spiele\/\">Schneider CPC<\/a><\/td>\n<\/tr>\n<tr class=\"row-7\">\n\t<td class=\"column-1\"><a href=\"https:\/\/www.jungsi.de\/en\/spiele\/sinclair\/\">Sinclair<\/a><\/td>\n<\/tr>\n<tr class=\"row-8\">\n\t<td class=\"column-1\"><a href=\"https:\/\/www.jungsi.de\/en\/spiele\/texas-instruments\/\">Texas Instruments<\/a><\/td>\n<\/tr>\n<tr class=\"row-9\">\n\t<td class=\"column-1\"><a href=\"https:\/\/www.jungsi.de\/en\/spiele\/sonstige-spiele\/\">Sonstige Spiele<\/a><\/td>\n<\/tr>\n<\/tbody>\n<\/table>\n<!-- #tablepress-309 from cache -->","protected":false},"excerpt":{"rendered":"<p>Computer-Spiele<\/p>","protected":false},"author":2,"featured_media":0,"parent":12368,"menu_order":0,"comment_status":"closed","ping_status":"closed","template":"","meta":{"_lmt_disableupdate":"","_lmt_disable":"","ngg_post_thumbnail":0,"jetpack_post_was_ever_published":false,"footnotes":"","_links_to":"","_links_to_target":""},"class_list":["post-32892","page","type-page","status-publish","hentry"],"jetpack_shortlink":"https:\/\/wp.me\/P4eXvk-8yw","jetpack_sharing_enabled":true,"jetpack_likes_enabled":true,"jetpack-related-posts":[{"id":19748,"url":"https:\/\/www.jungsi.de\/en\/heimcomputer\/msx-sony-hitbit-75-p\/","url_meta":{"origin":32892,"position":0},"title":"MSX","author":"Jungsi","date":"28. February 2018","format":false,"excerpt":"MSX Philips VG-8235 Sony HitBit 75-P Zusammenfassung zum MSX-Standard Der MSX-Standard war eine einheitliche Plattform f\u00fcr Heimcomputer, die Anfang der 1980er Jahre entwickelt wurde. Hier sind die wichtigsten Punkte seiner Geschichte und Merkmale: Einf\u00fchrung und Zielsetzung (1983): Konzept: Der MSX-Standard wurde von Kazuhiko Nishi von Microsoft Japan in Zusammenarbeit mit\u2026","rel":"","context":"Similar post","block_context":{"text":"Similar post","link":""},"img":{"alt_text":"","src":"https:\/\/i0.wp.com\/www.jungsi.de\/blog\/wp-content\/uploads\/Carnivore-2-R%C3%BCckseite.jpg?resize=350%2C200&ssl=1","width":350,"height":200,"srcset":"https:\/\/i0.wp.com\/www.jungsi.de\/blog\/wp-content\/uploads\/Carnivore-2-R%C3%BCckseite.jpg?resize=350%2C200&ssl=1 1x, https:\/\/i0.wp.com\/www.jungsi.de\/blog\/wp-content\/uploads\/Carnivore-2-R%C3%BCckseite.jpg?resize=525%2C300&ssl=1 1.5x, https:\/\/i0.wp.com\/www.jungsi.de\/blog\/wp-content\/uploads\/Carnivore-2-R%C3%BCckseite.jpg?resize=700%2C400&ssl=1 2x, https:\/\/i0.wp.com\/www.jungsi.de\/blog\/wp-content\/uploads\/Carnivore-2-R%C3%BCckseite.jpg?resize=1050%2C600&ssl=1 3x, https:\/\/i0.wp.com\/www.jungsi.de\/blog\/wp-content\/uploads\/Carnivore-2-R%C3%BCckseite.jpg?resize=1400%2C800&ssl=1 4x"},"classes":[]},{"id":18072,"url":"https:\/\/www.jungsi.de\/en\/die-sammlung\/","url_meta":{"origin":32892,"position":1},"title":"The Collection","author":"Jungsi","date":"30. July 2017","format":false,"excerpt":"\u00dcbersicht der Hardware-Sammlung Hier finden Sie eine \u00dcbersicht meiner Sammlung, geordnet nach dem Ver\u00f6ffentlichungsjahr der Ger\u00e4te. Wenn verf\u00fcgbar, sind Links zu den Artikeln beigef\u00fcgt, die ich \u00fcber die entsprechende Hardware verfasst habe. Es lohnt sich, regelm\u00e4\u00dfig vorbeizuschauen, da die Seite kontinuierlich aktualisiert wird.Erkl\u00e4rung der Kategorien:Heimcomputer: klassische Heimcomputer und moderne VersionenKonsolen:\u2026","rel":"","context":"Similar post","block_context":{"text":"Similar post","link":""},"img":{"alt_text":"","src":"","width":0,"height":0},"classes":[]},{"id":27907,"url":"https:\/\/www.jungsi.de\/en\/die-sammlung\/literatur\/sinclair\/sinclair-zx81\/","url_meta":{"origin":32892,"position":2},"title":"Sinclair ZX81","author":"Jungsi","date":"14. January 2023","format":false,"excerpt":"Sinclair ZX81 35 Programme f\u00fcr den ZX-81 49 Explosive Games for the ZX81 49 explosive Spiele f\u00fcr den Sinclair ZX81 Games For Your ZX81 Learning To Use The ZX81 Computer Sinclair Programme ZX81 Ausgabe 1 Sinclair Programme ZX81 Sinclair Programme ZX81 Ausgabe 3 Neue Spiele und Programme zu ZX 81\u2026","rel":"","context":"Similar post","block_context":{"text":"Similar post","link":""},"img":{"alt_text":"35 Programme f\u00fcr den ZX-81","src":"https:\/\/i0.wp.com\/www.jungsi.de\/blog\/wp-content\/uploads\/35-Programme-fuer-den-ZX-81.jpg?resize=350%2C200&ssl=1","width":350,"height":200,"srcset":"https:\/\/i0.wp.com\/www.jungsi.de\/blog\/wp-content\/uploads\/35-Programme-fuer-den-ZX-81.jpg?resize=350%2C200&ssl=1 1x, https:\/\/i0.wp.com\/www.jungsi.de\/blog\/wp-content\/uploads\/35-Programme-fuer-den-ZX-81.jpg?resize=525%2C300&ssl=1 1.5x, https:\/\/i0.wp.com\/www.jungsi.de\/blog\/wp-content\/uploads\/35-Programme-fuer-den-ZX-81.jpg?resize=700%2C400&ssl=1 2x"},"classes":[]},{"id":27893,"url":"https:\/\/www.jungsi.de\/en\/die-sammlung\/literatur\/sonstige\/","url_meta":{"origin":32892,"position":3},"title":"Sonstige","author":"Jungsi","date":"14. January 2023","format":false,"excerpt":"Sonstige 8 bit Annual 2018 8 Bit Annual 2019 Basic - Alles \u00fcber PEEK und POKE Basic - Betriebsprogramme f\u00fcr den Funkamateur Basic - HF-Rechenprogramme Basic - Mathematik per Computer Basic - Matrix-Operationen Basic f\u00fcr Aufsteiger Basic f\u00fcr Mikrocomputer BASIC in 100 Beispielen Chip Special - Bauanleitungen f\u00fcr Microcomputer Compute\u2026","rel":"","context":"Similar post","block_context":{"text":"Similar post","link":""},"img":{"alt_text":"BASIC in 100 Beispielen","src":"https:\/\/i0.wp.com\/www.jungsi.de\/blog\/wp-content\/uploads\/BASIC-in-100-Beispielen.jpg?resize=350%2C200&ssl=1","width":350,"height":200,"srcset":"https:\/\/i0.wp.com\/www.jungsi.de\/blog\/wp-content\/uploads\/BASIC-in-100-Beispielen.jpg?resize=350%2C200&ssl=1 1x, https:\/\/i0.wp.com\/www.jungsi.de\/blog\/wp-content\/uploads\/BASIC-in-100-Beispielen.jpg?resize=525%2C300&ssl=1 1.5x"},"classes":[]},{"id":3749,"url":"https:\/\/www.jungsi.de\/en\/heimcomputer\/atari-die-sammlung\/","url_meta":{"origin":32892,"position":4},"title":"Atari","author":"Jungsi","date":"26. September 2013","format":false,"excerpt":"Atari Heimcomputer\u00a0 Atari 800XL Atari Falcon Atari Portfolio Atari ST(E)\/Mega ST(E) Atari TT Geschichte der Atari Heimcomputer Die Geschichte der Atari Heimcomputer beginnt in den sp\u00e4ten 1970er Jahren und erstreckt sich \u00fcber mehrere Modellreihen, die in den 1980er Jahren gro\u00dfen Einfluss auf den Heimcomputermarkt hatten. Hier sind die wichtigsten Meilensteine:\u2026","rel":"","context":"With 2 comments","block_context":{"text":"With 2 comments","link":"https:\/\/www.jungsi.de\/en\/heimcomputer\/atari-die-sammlung\/#comments"},"img":{"alt_text":"","src":"https:\/\/i0.wp.com\/www.jungsi.de\/blog\/wp-content\/uploads\/2013\/07\/Atari-800XL_1.jpg?resize=350%2C200&ssl=1","width":350,"height":200},"classes":[]},{"id":28500,"url":"https:\/\/www.jungsi.de\/en\/heimcomputer\/commodore\/commodore-vc20\/","url_meta":{"origin":32892,"position":5},"title":"Commodore VC20","author":"Jungsi","date":"17. January 2023","format":false,"excerpt":"Commodore VC20 Commodore VC 20 Drei Jahre (1981) nach der Einf\u00fchrung des PET erkannte Commodore, dass ihr Computer zu kostspielig war, um weit verbreitet zu sein. Der VIC-20, konzipiert als Heimcomputer, war preiswert (und wurde sp\u00e4ter durch den Einsatz von weniger, jedoch spezialisierten Chips noch g\u00fcnstiger) und gen\u00fcgte f\u00fcr den\u2026","rel":"","context":"Similar post","block_context":{"text":"Similar post","link":""},"img":{"alt_text":"Commodore VC 20","src":"https:\/\/i0.wp.com\/www.jungsi.de\/blog\/wp-content\/uploads\/VC20_1.jpg?resize=350%2C200&ssl=1","width":350,"height":200,"srcset":"https:\/\/i0.wp.com\/www.jungsi.de\/blog\/wp-content\/uploads\/VC20_1.jpg?resize=350%2C200&ssl=1 1x, https:\/\/i0.wp.com\/www.jungsi.de\/blog\/wp-content\/uploads\/VC20_1.jpg?resize=525%2C300&ssl=1 1.5x, https:\/\/i0.wp.com\/www.jungsi.de\/blog\/wp-content\/uploads\/VC20_1.jpg?resize=700%2C400&ssl=1 2x, https:\/\/i0.wp.com\/www.jungsi.de\/blog\/wp-content\/uploads\/VC20_1.jpg?resize=1050%2C600&ssl=1 3x, https:\/\/i0.wp.com\/www.jungsi.de\/blog\/wp-content\/uploads\/VC20_1.jpg?resize=1400%2C800&ssl=1 4x"},"classes":[]}],"_links":{"self":[{"href":"https:\/\/www.jungsi.de\/en\/wp-json\/wp\/v2\/pages\/32892","targetHints":{"allow":["GET"]}}],"collection":[{"href":"https:\/\/www.jungsi.de\/en\/wp-json\/wp\/v2\/pages"}],"about":[{"href":"https:\/\/www.jungsi.de\/en\/wp-json\/wp\/v2\/types\/page"}],"author":[{"embeddable":true,"href":"https:\/\/www.jungsi.de\/en\/wp-json\/wp\/v2\/users\/2"}],"replies":[{"embeddable":true,"href":"https:\/\/www.jungsi.de\/en\/wp-json\/wp\/v2\/comments?post=32892"}],"version-history":[{"count":0,"href":"https:\/\/www.jungsi.de\/en\/wp-json\/wp\/v2\/pages\/32892\/revisions"}],"up":[{"embeddable":true,"href":"https:\/\/www.jungsi.de\/en\/wp-json\/wp\/v2\/pages\/12368"}],"wp:attachment":[{"href":"https:\/\/www.jungsi.de\/en\/wp-json\/wp\/v2\/media?parent=32892"}],"curies":[{"name":"wp","href":"https:\/\/api.w.org\/{rel}","templated":true}]}}