{"id":32889,"date":"2024-07-31T15:05:21","date_gmt":"2024-07-31T13:05:21","guid":{"rendered":"https:\/\/www.jungsi.de\/?page_id=32889"},"modified":"2024-08-27T15:53:22","modified_gmt":"2024-08-27T13:53:22","slug":"konsolen-handheld-spiele","status":"publish","type":"page","link":"https:\/\/www.jungsi.de\/en\/spiele\/konsolen-handheld-spiele\/","title":{"rendered":"Konsolen\/Handheld Spiele"},"content":{"rendered":"\n<p><\/p>\n\n\n\n<h2 class=\"wp-block-heading has-text-align-center\">Konsolen\/Handheld Spiele<\/h2>\n\n\n\n<table id=\"tablepress-308\" class=\"tablepress tablepress-id-308\">\n<thead>\n<tr class=\"row-1\">\n\t<th class=\"column-1\">order&#8220;: [ [ 0, &#8222;asc&#8220; ] ]<\/th>\n<\/tr>\n<\/thead>\n<tbody class=\"row-striping row-hover\">\n<tr class=\"row-2\">\n\t<td class=\"column-1\">System<\/td>\n<\/tr>\n<tr class=\"row-3\">\n\t<td class=\"column-1\"><a href=\"https:\/\/www.jungsi.de\/spiele\/atari-jaguar\/\">Atari Jaguar<\/a><\/td>\n<\/tr>\n<tr class=\"row-4\">\n\t<td class=\"column-1\"><a href=\"https:\/\/www.jungsi.de\/spiele\/3do-spiele\/\">3DO<\/a><\/td>\n<\/tr>\n<tr class=\"row-5\">\n\t<td class=\"column-1\"><a href=\"https:\/\/www.jungsi.de\/spiele\/atari-lynx\/\">Atari Lynx<\/a><\/td>\n<\/tr>\n<tr class=\"row-6\">\n\t<td class=\"column-1\"><a href=\"https:\/\/www.jungsi.de\/spiele\/atari-vcs-2600\/\">Atari VCS<\/a><\/td>\n<\/tr>\n<tr class=\"row-7\">\n\t<td class=\"column-1\"><a href=\"https:\/\/www.jungsi.de\/spiele\/cbs-colecovision\/\">CBS Colecovision<\/a><\/td>\n<\/tr>\n<tr class=\"row-8\">\n\t<td class=\"column-1\"><a href=\"https:\/\/www.jungsi.de\/spiele\/evercade-spiele\/\">Evercade<\/a><\/td>\n<\/tr>\n<tr class=\"row-9\">\n\t<td class=\"column-1\"><a href=\"https:\/\/www.jungsi.de\/spiele\/interton-vc4000\/\">Interton VC4000<\/a><\/td>\n<\/tr>\n<tr class=\"row-10\">\n\t<td class=\"column-1\"><a href=\"https:\/\/www.jungsi.de\/spiele\/mattel-intellivision\/\">Mattel Intellivision<\/a><\/td>\n<\/tr>\n<tr class=\"row-11\">\n\t<td class=\"column-1\"><a href=\"https:\/\/www.jungsi.de\/spiele\/mb-vectrex\/\">MB Vectrex<\/a><\/td>\n<\/tr>\n<tr class=\"row-12\">\n\t<td class=\"column-1\"><a href=\"https:\/\/www.jungsi.de\/spiele\/nintendo\/\">Nintendo<\/a><\/td>\n<\/tr>\n<tr class=\"row-13\">\n\t<td class=\"column-1\"><a href=\"https:\/\/www.jungsi.de\/spiele\/pc-engine\/\">PC Engine<\/a><\/td>\n<\/tr>\n<tr class=\"row-14\">\n\t<td class=\"column-1\"><a href=\"https:\/\/www.jungsi.de\/spiele\/philips-cdi\/\">Philips CDI<\/a><\/td>\n<\/tr>\n<tr class=\"row-15\">\n\t<td class=\"column-1\"><a href=\"https:\/\/www.jungsi.de\/spiele\/sega-mega-drive-spielesammlung\/\">Sega<\/a><\/td>\n<\/tr>\n<tr class=\"row-16\">\n\t<td class=\"column-1\"><a href=\"https:\/\/www.jungsi.de\/spiele\/sony\/playstation\/\">Sony<\/a><\/td>\n<\/tr>\n<tr class=\"row-17\">\n\t<td class=\"column-1\"><a href=\"https:\/\/www.jungsi.de\/spiele\/videopac-g7000\/\">Videopac<\/a><\/td>\n<\/tr>\n<tr class=\"row-18\">\n\t<td class=\"column-1\"><a href=\"https:\/\/www.jungsi.de\/spiele\/watara-supervision\/\">Watara Supervision<\/a><\/td>\n<\/tr>\n<tr class=\"row-19\">\n\t<td class=\"column-1\"><a href=\"https:\/\/www.jungsi.de\/spiele\/xbox-spielesammlung\/\">Microsoft<\/a><\/td>\n<\/tr>\n<\/tbody>\n<\/table>\n<!-- #tablepress-308 from cache -->","protected":false},"excerpt":{"rendered":"<p>Konsolen\/Handheld Spiele<\/p>","protected":false},"author":2,"featured_media":0,"parent":12368,"menu_order":0,"comment_status":"closed","ping_status":"closed","template":"","meta":{"_lmt_disableupdate":"","_lmt_disable":"","ngg_post_thumbnail":0,"jetpack_post_was_ever_published":false,"footnotes":"","_links_to":"","_links_to_target":""},"class_list":["post-32889","page","type-page","status-publish","hentry"],"jetpack_shortlink":"https:\/\/wp.me\/P4eXvk-8yt","jetpack_sharing_enabled":true,"jetpack_likes_enabled":true,"jetpack-related-posts":[{"id":18078,"url":"https:\/\/www.jungsi.de\/en\/konsolen\/","url_meta":{"origin":32889,"position":0},"title":"Konsolen","author":"Jungsi","date":"30. July 2017","format":false,"excerpt":"Konsolen Sammlung Konsolen 12_2018 Konsolen sind auch f\u00fcr mich ein \"neueres\" Thema. Die erste eigene Spielkonsole war vor l\u00e4ngerer Zeit eine gebrauchte Sony Playstation. Die erste eigene neue Konsole war dann 2009 die Nintendo Wii und 2018 die Nintendo Switch. Da mich die Technik immer schon interessierte, ich aber fr\u00fcher\u2026","rel":"","context":"Similar post","block_context":{"text":"Similar post","link":""},"img":{"alt_text":"","src":"https:\/\/i0.wp.com\/www.jungsi.de\/blog\/wp-content\/uploads\/Konsolen.jpg?resize=350%2C200&ssl=1","width":350,"height":200,"srcset":"https:\/\/i0.wp.com\/www.jungsi.de\/blog\/wp-content\/uploads\/Konsolen.jpg?resize=350%2C200&ssl=1 1x, https:\/\/i0.wp.com\/www.jungsi.de\/blog\/wp-content\/uploads\/Konsolen.jpg?resize=525%2C300&ssl=1 1.5x, https:\/\/i0.wp.com\/www.jungsi.de\/blog\/wp-content\/uploads\/Konsolen.jpg?resize=700%2C400&ssl=1 2x"},"classes":[]},{"id":22631,"url":"https:\/\/www.jungsi.de\/en\/handheld-konsolen\/microvision\/","url_meta":{"origin":32889,"position":1},"title":"MB Microvision","author":"Jungsi","date":"8. April 2019","format":false,"excerpt":"MB Microvision Microvision - Blockbuster Das MB Microvision war die erste tragbare Spielekonsole mit austauschbaren Spielmodulen und gilt als ein Pionier in der Geschichte des Handheld-Gamings. Obwohl es heute weniger bekannt ist, legte das Microvision den Grundstein f\u00fcr viele der tragbaren Konsolen, die in den folgenden Jahrzehnten erfolgreich wurden. Die\u2026","rel":"","context":"Similar post","block_context":{"text":"Similar post","link":""},"img":{"alt_text":"Microvision - 4 Gewinnt Box Vorderseite","src":"https:\/\/i0.wp.com\/www.jungsi.de\/blog\/wp-content\/uploads\/Microvision-4-Gewinnt-Box-Vorderseite-e1609598274438.jpg?resize=350%2C200&ssl=1","width":350,"height":200,"srcset":"https:\/\/i0.wp.com\/www.jungsi.de\/blog\/wp-content\/uploads\/Microvision-4-Gewinnt-Box-Vorderseite-e1609598274438.jpg?resize=350%2C200&ssl=1 1x, https:\/\/i0.wp.com\/www.jungsi.de\/blog\/wp-content\/uploads\/Microvision-4-Gewinnt-Box-Vorderseite-e1609598274438.jpg?resize=525%2C300&ssl=1 1.5x"},"classes":[]},{"id":33789,"url":"https:\/\/www.jungsi.de\/en\/handheld-konsolen\/alle-anderen-handhelds\/hartung-game-maser\/","url_meta":{"origin":32889,"position":2},"title":"Hartung Game Maser","author":"Jungsi","date":"23. October 2024","format":false,"excerpt":"Hartung Game Master Hartung Game Master Der Hartung Game Master war eine Handheld-Spielkonsole, die Anfang der 1990er Jahre von dem deutschen Unternehmen Hartung ver\u00f6ffentlicht wurde. Das Ger\u00e4t war eine Reaktion auf den Erfolg des Nintendo Game Boy, konnte jedoch nicht denselben Kultstatus erreichen. Die Konsole war relativ g\u00fcnstig und bot\u2026","rel":"","context":"Similar post","block_context":{"text":"Similar post","link":""},"img":{"alt_text":"Hartung Game Master - Oberseite","src":"https:\/\/i0.wp.com\/www.jungsi.de\/blog\/wp-content\/uploads\/Hartung-Game-Master-Oberseite.jpg?resize=350%2C200&ssl=1","width":350,"height":200,"srcset":"https:\/\/i0.wp.com\/www.jungsi.de\/blog\/wp-content\/uploads\/Hartung-Game-Master-Oberseite.jpg?resize=350%2C200&ssl=1 1x, https:\/\/i0.wp.com\/www.jungsi.de\/blog\/wp-content\/uploads\/Hartung-Game-Master-Oberseite.jpg?resize=525%2C300&ssl=1 1.5x, https:\/\/i0.wp.com\/www.jungsi.de\/blog\/wp-content\/uploads\/Hartung-Game-Master-Oberseite.jpg?resize=700%2C400&ssl=1 2x, https:\/\/i0.wp.com\/www.jungsi.de\/blog\/wp-content\/uploads\/Hartung-Game-Master-Oberseite.jpg?resize=1050%2C600&ssl=1 3x, https:\/\/i0.wp.com\/www.jungsi.de\/blog\/wp-content\/uploads\/Hartung-Game-Master-Oberseite.jpg?resize=1400%2C800&ssl=1 4x"},"classes":[]},{"id":19690,"url":"https:\/\/www.jungsi.de\/en\/handheld-konsolen\/nintendo\/nintendo-game-boy-advance-sp\/","url_meta":{"origin":32889,"position":3},"title":"Nintendo Game Boy Advance (SP)","author":"Jungsi","date":"26. February 2018","format":false,"excerpt":"Nintendo Game Boy Advance (SP) Game Boy Advance Der Nintendo Game Boy Advance (GBA) war ein bedeutender Fortschritt in der Welt der tragbaren Videospiele und stellte eine neue \u00c4ra f\u00fcr Handheld-Gaming dar. Nach dem Erfolg des Game Boy und des Game Boy Color wollte Nintendo die Grenzen des M\u00f6glichen weiter\u2026","rel":"","context":"Similar post","block_context":{"text":"Similar post","link":""},"img":{"alt_text":"Game Boy Advance","src":"https:\/\/i0.wp.com\/www.jungsi.de\/blog\/wp-content\/uploads\/Gameboy-Advance-Oberseite.jpg?resize=350%2C200&ssl=1","width":350,"height":200,"srcset":"https:\/\/i0.wp.com\/www.jungsi.de\/blog\/wp-content\/uploads\/Gameboy-Advance-Oberseite.jpg?resize=350%2C200&ssl=1 1x, https:\/\/i0.wp.com\/www.jungsi.de\/blog\/wp-content\/uploads\/Gameboy-Advance-Oberseite.jpg?resize=525%2C300&ssl=1 1.5x, https:\/\/i0.wp.com\/www.jungsi.de\/blog\/wp-content\/uploads\/Gameboy-Advance-Oberseite.jpg?resize=700%2C400&ssl=1 2x"},"classes":[]},{"id":28312,"url":"https:\/\/www.jungsi.de\/en\/konsolen\/atari-konsolen\/","url_meta":{"origin":32889,"position":4},"title":"Atari Konsolen","author":"Jungsi","date":"16. January 2023","format":false,"excerpt":"Atari Konsolen Atari VCS Atari 7800 Atari Jaguar Geschichte von Atari und deren Spielekonsolen Gr\u00fcndung und Fr\u00fche Jahre (1972-1976): Gr\u00fcndung: Atari, Inc. wurde 1972 von Nolan Bushnell und Ted Dabney gegr\u00fcndet. Das Unternehmen wurde schnell durch die Ver\u00f6ffentlichung des Arcade-Spiels Pong bekannt, das zu einem riesigen Erfolg wurde und Atari\u2026","rel":"","context":"Similar post","block_context":{"text":"Similar post","link":""},"img":{"alt_text":"","src":"","width":0,"height":0},"classes":[]},{"id":19664,"url":"https:\/\/www.jungsi.de\/en\/handheld-konsolen\/","url_meta":{"origin":32889,"position":5},"title":"Handheld-Konsolen","author":"Jungsi","date":"25. February 2018","format":false,"excerpt":"Handheld-Konsolen Handheld-Konsolen waren f\u00fcr mich einst kein Thema. In den 80ern widmete ich mich ausschlie\u00dflich Homecomputern und blendete diese Ger\u00e4te nahezu aus. Der Nintendo Gameboy und andere Hardware waren mir zwar bekannt, doch mangels Interesse, da die Funktionen abseits des Spielens begrenzt waren, zog ich sie nicht in Betracht. In\u2026","rel":"","context":"Similar post","block_context":{"text":"Similar post","link":""},"img":{"alt_text":"","src":"","width":0,"height":0},"classes":[]}],"_links":{"self":[{"href":"https:\/\/www.jungsi.de\/en\/wp-json\/wp\/v2\/pages\/32889","targetHints":{"allow":["GET"]}}],"collection":[{"href":"https:\/\/www.jungsi.de\/en\/wp-json\/wp\/v2\/pages"}],"about":[{"href":"https:\/\/www.jungsi.de\/en\/wp-json\/wp\/v2\/types\/page"}],"author":[{"embeddable":true,"href":"https:\/\/www.jungsi.de\/en\/wp-json\/wp\/v2\/users\/2"}],"replies":[{"embeddable":true,"href":"https:\/\/www.jungsi.de\/en\/wp-json\/wp\/v2\/comments?post=32889"}],"version-history":[{"count":0,"href":"https:\/\/www.jungsi.de\/en\/wp-json\/wp\/v2\/pages\/32889\/revisions"}],"up":[{"embeddable":true,"href":"https:\/\/www.jungsi.de\/en\/wp-json\/wp\/v2\/pages\/12368"}],"wp:attachment":[{"href":"https:\/\/www.jungsi.de\/en\/wp-json\/wp\/v2\/media?parent=32889"}],"curies":[{"name":"wp","href":"https:\/\/api.w.org\/{rel}","templated":true}]}}