{"id":32886,"date":"2024-07-31T14:57:28","date_gmt":"2024-07-31T12:57:28","guid":{"rendered":"https:\/\/www.jungsi.de\/?page_id=32886"},"modified":"2025-03-01T20:22:45","modified_gmt":"2025-03-01T19:22:45","slug":"alle-anderen-handhelds","status":"publish","type":"page","link":"https:\/\/www.jungsi.de\/en\/handheld-konsolen\/alle-anderen-handhelds\/","title":{"rendered":"Alle anderen Handhelds"},"content":{"rendered":"<p><\/p>\n\n\n\n<h2 class=\"wp-block-heading has-text-align-center\"><strong>Alle anderen Handhelds<\/strong><\/h2>\n\n\n\n<ul class=\"wp-block-list\">\n<li><a href=\"https:\/\/www.jungsi.de\/en\/handheld-konsolen\/atari-lynx\/\">Atari Lynx<\/a><\/li>\n\n\n\n<li><a href=\"https:\/\/www.jungsi.de\/en\/handheld-konsolen\/alle-anderen-handhelds\/arduboy\/\">Arduboy<\/a><\/li>\n\n\n\n<li><a href=\"https:\/\/www.jungsi.de\/en\/handheld-konsolen\/bandai-wonderswan\/\">Bandai Wonderswan<\/a><\/li>\n\n\n\n<li><a href=\"https:\/\/www.jungsi.de\/en\/handheld-konsolen\/alle-anderen-handhelds\/hartung-game-maser\/\" target=\"_blank\" rel=\"noreferrer noopener\">Hartung Game Master<\/a><\/li>\n\n\n\n<li><a href=\"https:\/\/www.jungsi.de\/en\/handheld-konsolen\/microvision\/\">MB MicroVision<\/a><\/li>\n\n\n\n<li><a href=\"https:\/\/www.jungsi.de\/en\/handheld-konsolen\/neo-geo-pocket\/\">SNK Neo Geo Pocket<\/a><\/li>\n\n\n\n<li><a href=\"https:\/\/www.jungsi.de\/en\/handheld-konsolen\/sega-game-gear-2\/\">Sega Game Gear<\/a><\/li>\n\n\n\n<li><a href=\"https:\/\/www.jungsi.de\/en\/handheld-konsolen\/alle-anderen-handhelds\/sony-psp\/\">Sony PSP<\/a><\/li>\n\n\n\n<li><a href=\"https:\/\/www.jungsi.de\/en\/handheld-konsolen\/tiger-electronics\/\" data-type=\"link\" data-id=\"https:\/\/www.jungsi.de\/handheld-konsolen\/tiger-electronics\/\" target=\"_blank\" rel=\"noreferrer noopener\">Tiger Electronics<\/a><\/li>\n\n\n\n<li><a href=\"https:\/\/www.jungsi.de\/en\/handheld-konsolen\/watara-supervision\/\">Watara Supervision<\/a><\/li>\n<\/ul>","protected":false},"excerpt":{"rendered":"<p>Alle anderen Handhelds<\/p>","protected":false},"author":2,"featured_media":32898,"parent":19664,"menu_order":0,"comment_status":"closed","ping_status":"closed","template":"","meta":{"_lmt_disableupdate":"","_lmt_disable":"","ngg_post_thumbnail":0,"jetpack_post_was_ever_published":false,"footnotes":"","_links_to":"","_links_to_target":""},"class_list":["post-32886","page","type-page","status-publish","has-post-thumbnail","hentry"],"jetpack_shortlink":"https:\/\/wp.me\/P4eXvk-8yq","jetpack_sharing_enabled":true,"jetpack_likes_enabled":true,"jetpack-related-posts":[{"id":23174,"url":"https:\/\/www.jungsi.de\/en\/handheld-konsolen\/bandai-wonderswan\/","url_meta":{"origin":32886,"position":0},"title":"Bandai Wonderswan","author":"Jungsi","date":"31. May 2019","format":false,"excerpt":"Bandai Wonderswan Color WonderSwan Color - Pearl Blue Der WonderSwan ist ein faszinierendes St\u00fcck japanischer Handheld-Geschichte, das au\u00dferhalb Japans kaum jemand kannte. 1999 von Bandai unter Mitwirkung von Gunpei Yokoi \u2014 dem Vater des Game Boy \u2014 entwickelt, war er ausschlie\u00dflich f\u00fcr den japanischen Markt bestimmt. Das schlanke, hochwertige Ger\u00e4t\u2026","rel":"","context":"Similar post","block_context":{"text":"Similar post","link":""},"img":{"alt_text":"WonderSwan Color - Pearl Blue","src":"https:\/\/i0.wp.com\/www.jungsi.de\/blog\/wp-content\/uploads\/WonderSwan-Color-Oberseite.jpg?resize=350%2C200&ssl=1","width":350,"height":200,"srcset":"https:\/\/i0.wp.com\/www.jungsi.de\/blog\/wp-content\/uploads\/WonderSwan-Color-Oberseite.jpg?resize=350%2C200&ssl=1 1x, https:\/\/i0.wp.com\/www.jungsi.de\/blog\/wp-content\/uploads\/WonderSwan-Color-Oberseite.jpg?resize=525%2C300&ssl=1 1.5x, https:\/\/i0.wp.com\/www.jungsi.de\/blog\/wp-content\/uploads\/WonderSwan-Color-Oberseite.jpg?resize=700%2C400&ssl=1 2x, https:\/\/i0.wp.com\/www.jungsi.de\/blog\/wp-content\/uploads\/WonderSwan-Color-Oberseite.jpg?resize=1050%2C600&ssl=1 3x, https:\/\/i0.wp.com\/www.jungsi.de\/blog\/wp-content\/uploads\/WonderSwan-Color-Oberseite.jpg?resize=1400%2C800&ssl=1 4x"},"classes":[]},{"id":32907,"url":"https:\/\/www.jungsi.de\/en\/handheld-konsolen\/alle-anderen-handhelds\/arduboy\/","url_meta":{"origin":32886,"position":1},"title":"Arduboy","author":"Jungsi","date":"31. July 2024","format":false,"excerpt":"Arduboy Arduboy Der Arduboy ist eine moderne Hommage an die klassische \u00c4ra tragbarer Spielekonsolen, inspiriert von Ger\u00e4ten wie dem Nintendo Game Boy und den Game & Watch-Spielen. Es ist ein kleines, handliches Ger\u00e4t, das nicht nur von Retro-Gaming-Fans geliebt wird, sondern auch eine Plattform f\u00fcr Kreativit\u00e4t und Lernen bietet. Die\u2026","rel":"","context":"Similar post","block_context":{"text":"Similar post","link":""},"img":{"alt_text":"Arduboy - Vorderseite","src":"https:\/\/i0.wp.com\/www.jungsi.de\/blog\/wp-content\/uploads\/arduboy-vorderseite.jpg?resize=350%2C200&ssl=1","width":350,"height":200,"srcset":"https:\/\/i0.wp.com\/www.jungsi.de\/blog\/wp-content\/uploads\/arduboy-vorderseite.jpg?resize=350%2C200&ssl=1 1x, https:\/\/i0.wp.com\/www.jungsi.de\/blog\/wp-content\/uploads\/arduboy-vorderseite.jpg?resize=525%2C300&ssl=1 1.5x"},"classes":[]},{"id":33789,"url":"https:\/\/www.jungsi.de\/en\/handheld-konsolen\/alle-anderen-handhelds\/hartung-game-maser\/","url_meta":{"origin":32886,"position":2},"title":"Hartung Game Maser","author":"Jungsi","date":"23. October 2024","format":false,"excerpt":"Hartung Game Master Hartung Game Master Der Hartung Game Master war eine Handheld-Spielkonsole, die Anfang der 1990er Jahre von dem deutschen Unternehmen Hartung ver\u00f6ffentlicht wurde. Das Ger\u00e4t war eine Reaktion auf den Erfolg des Nintendo Game Boy, konnte jedoch nicht denselben Kultstatus erreichen. Die Konsole war relativ g\u00fcnstig und bot\u2026","rel":"","context":"Similar post","block_context":{"text":"Similar post","link":""},"img":{"alt_text":"Hartung Game Master - Oberseite","src":"https:\/\/i0.wp.com\/www.jungsi.de\/blog\/wp-content\/uploads\/Hartung-Game-Master-Oberseite.jpg?resize=350%2C200&ssl=1","width":350,"height":200,"srcset":"https:\/\/i0.wp.com\/www.jungsi.de\/blog\/wp-content\/uploads\/Hartung-Game-Master-Oberseite.jpg?resize=350%2C200&ssl=1 1x, https:\/\/i0.wp.com\/www.jungsi.de\/blog\/wp-content\/uploads\/Hartung-Game-Master-Oberseite.jpg?resize=525%2C300&ssl=1 1.5x, https:\/\/i0.wp.com\/www.jungsi.de\/blog\/wp-content\/uploads\/Hartung-Game-Master-Oberseite.jpg?resize=700%2C400&ssl=1 2x, https:\/\/i0.wp.com\/www.jungsi.de\/blog\/wp-content\/uploads\/Hartung-Game-Master-Oberseite.jpg?resize=1050%2C600&ssl=1 3x, https:\/\/i0.wp.com\/www.jungsi.de\/blog\/wp-content\/uploads\/Hartung-Game-Master-Oberseite.jpg?resize=1400%2C800&ssl=1 4x"},"classes":[]},{"id":22631,"url":"https:\/\/www.jungsi.de\/en\/handheld-konsolen\/microvision\/","url_meta":{"origin":32886,"position":3},"title":"MB Microvision","author":"Jungsi","date":"8. April 2019","format":false,"excerpt":"MB Microvision Microvision - Blockbuster Das MB Microvision war die erste tragbare Spielekonsole mit austauschbaren Spielmodulen und gilt als ein Pionier in der Geschichte des Handheld-Gamings. Obwohl es heute weniger bekannt ist, legte das Microvision den Grundstein f\u00fcr viele der tragbaren Konsolen, die in den folgenden Jahrzehnten erfolgreich wurden. Die\u2026","rel":"","context":"Similar post","block_context":{"text":"Similar post","link":""},"img":{"alt_text":"Microvision - 4 Gewinnt Box Vorderseite","src":"https:\/\/i0.wp.com\/www.jungsi.de\/blog\/wp-content\/uploads\/Microvision-4-Gewinnt-Box-Vorderseite-e1609598274438.jpg?resize=350%2C200&ssl=1","width":350,"height":200,"srcset":"https:\/\/i0.wp.com\/www.jungsi.de\/blog\/wp-content\/uploads\/Microvision-4-Gewinnt-Box-Vorderseite-e1609598274438.jpg?resize=350%2C200&ssl=1 1x, https:\/\/i0.wp.com\/www.jungsi.de\/blog\/wp-content\/uploads\/Microvision-4-Gewinnt-Box-Vorderseite-e1609598274438.jpg?resize=525%2C300&ssl=1 1.5x"},"classes":[]},{"id":19672,"url":"https:\/\/www.jungsi.de\/en\/handheld-konsolen\/atari-lynx\/","url_meta":{"origin":32886,"position":4},"title":"Atari Lynx","author":"Jungsi","date":"25. February 2018","format":false,"excerpt":"Atari Lynx Hardware und Zubeh\u00f6r Atari Lynx Atari Lynx II Die Geschichte des Atari Lynx ist besonders wegen seiner Entstehung bemerkenswert. Der renommierte Spieleentwickler und Publisher Epyx beschloss 1987, eine Handheld-Konsole zu entwickeln, und holte daf\u00fcr die Amiga-Entwickler Dave Needle und R.J. Mical ins Team. Sie brachten das Projekt \"Handy\"\u2026","rel":"","context":"Similar post","block_context":{"text":"Similar post","link":""},"img":{"alt_text":"","src":"https:\/\/i0.wp.com\/www.jungsi.de\/blog\/wp-content\/uploads\/Lynx-vorne-schr%C3%A4g-oben.jpg?resize=350%2C200&ssl=1","width":350,"height":200,"srcset":"https:\/\/i0.wp.com\/www.jungsi.de\/blog\/wp-content\/uploads\/Lynx-vorne-schr%C3%A4g-oben.jpg?resize=350%2C200&ssl=1 1x, https:\/\/i0.wp.com\/www.jungsi.de\/blog\/wp-content\/uploads\/Lynx-vorne-schr%C3%A4g-oben.jpg?resize=525%2C300&ssl=1 1.5x, https:\/\/i0.wp.com\/www.jungsi.de\/blog\/wp-content\/uploads\/Lynx-vorne-schr%C3%A4g-oben.jpg?resize=700%2C400&ssl=1 2x, https:\/\/i0.wp.com\/www.jungsi.de\/blog\/wp-content\/uploads\/Lynx-vorne-schr%C3%A4g-oben.jpg?resize=1050%2C600&ssl=1 3x, https:\/\/i0.wp.com\/www.jungsi.de\/blog\/wp-content\/uploads\/Lynx-vorne-schr%C3%A4g-oben.jpg?resize=1400%2C800&ssl=1 4x"},"classes":[]},{"id":18292,"url":"https:\/\/www.jungsi.de\/en\/konsolen\/vectrex\/","url_meta":{"origin":32886,"position":5},"title":"MB Vectrex","author":"Jungsi","date":"19. August 2017","format":false,"excerpt":"MB Vectrex Vectrex Das Vectrex ist eine bemerkenswerte Konsole im Bereich der Videospielger\u00e4te. Es setzt auf Vektorgrafik, bei der sich der Elektronenstrahl frei bewegt, anstatt in Zeilen zu scannen. Dies erm\u00f6glicht schnelle Bewegungen, allerdings sind gef\u00fcllte Fl\u00e4chen schwierig darzustellen. Jay Smith, der Erfinder des Microvision-Handhelds, entwickelte diese Konsole mit einem\u2026","rel":"","context":"Similar post","block_context":{"text":"Similar post","link":""},"img":{"alt_text":"Vectorlink - Verpackung Oberseite","src":"https:\/\/i0.wp.com\/www.jungsi.de\/blog\/wp-content\/uploads\/Vectorlink-Verpackung-Oberseite.jpg?resize=350%2C200&ssl=1","width":350,"height":200,"srcset":"https:\/\/i0.wp.com\/www.jungsi.de\/blog\/wp-content\/uploads\/Vectorlink-Verpackung-Oberseite.jpg?resize=350%2C200&ssl=1 1x, https:\/\/i0.wp.com\/www.jungsi.de\/blog\/wp-content\/uploads\/Vectorlink-Verpackung-Oberseite.jpg?resize=525%2C300&ssl=1 1.5x, https:\/\/i0.wp.com\/www.jungsi.de\/blog\/wp-content\/uploads\/Vectorlink-Verpackung-Oberseite.jpg?resize=700%2C400&ssl=1 2x, https:\/\/i0.wp.com\/www.jungsi.de\/blog\/wp-content\/uploads\/Vectorlink-Verpackung-Oberseite.jpg?resize=1050%2C600&ssl=1 3x, https:\/\/i0.wp.com\/www.jungsi.de\/blog\/wp-content\/uploads\/Vectorlink-Verpackung-Oberseite.jpg?resize=1400%2C800&ssl=1 4x"},"classes":[]}],"_links":{"self":[{"href":"https:\/\/www.jungsi.de\/en\/wp-json\/wp\/v2\/pages\/32886","targetHints":{"allow":["GET"]}}],"collection":[{"href":"https:\/\/www.jungsi.de\/en\/wp-json\/wp\/v2\/pages"}],"about":[{"href":"https:\/\/www.jungsi.de\/en\/wp-json\/wp\/v2\/types\/page"}],"author":[{"embeddable":true,"href":"https:\/\/www.jungsi.de\/en\/wp-json\/wp\/v2\/users\/2"}],"replies":[{"embeddable":true,"href":"https:\/\/www.jungsi.de\/en\/wp-json\/wp\/v2\/comments?post=32886"}],"version-history":[{"count":0,"href":"https:\/\/www.jungsi.de\/en\/wp-json\/wp\/v2\/pages\/32886\/revisions"}],"up":[{"embeddable":true,"href":"https:\/\/www.jungsi.de\/en\/wp-json\/wp\/v2\/pages\/19664"}],"wp:featuredmedia":[{"embeddable":true,"href":"https:\/\/www.jungsi.de\/en\/wp-json\/wp\/v2\/media\/32898"}],"wp:attachment":[{"href":"https:\/\/www.jungsi.de\/en\/wp-json\/wp\/v2\/media?parent=32886"}],"curies":[{"name":"wp","href":"https:\/\/api.w.org\/{rel}","templated":true}]}}