{"id":32868,"date":"2024-07-31T13:55:44","date_gmt":"2024-07-31T11:55:44","guid":{"rendered":"https:\/\/www.jungsi.de\/?page_id=32868"},"modified":"2024-08-07T13:19:53","modified_gmt":"2024-08-07T11:19:53","slug":"sonstige-konsolen","status":"publish","type":"page","link":"https:\/\/www.jungsi.de\/en\/konsolen\/sonstige-konsolen\/","title":{"rendered":"Sonstige Konsolen"},"content":{"rendered":"<p><\/p>\n\n\n\n<p class=\"has-text-align-center\"><strong>Sonstige Konsolen<\/strong><\/p>\n\n\n\n<ul class=\"wp-block-list\">\n<li><a href=\"https:\/\/www.jungsi.de\/en\/konsolen\/3do\/\" data-type=\"page\" data-id=\"23220\">3DO<\/a><\/li>\n\n\n\n<li><a href=\"https:\/\/www.jungsi.de\/en\/konsolen\/amstrad-gx4000\/\" data-type=\"page\" data-id=\"27834\">Amstrad GX4000<\/a><\/li>\n\n\n\n<li><a href=\"https:\/\/www.jungsi.de\/en\/konsolen\/cbs-colecovision\/\" data-type=\"page\" data-id=\"18373\">CBS Colecovision<\/a><\/li>\n\n\n\n<li><a href=\"https:\/\/www.jungsi.de\/en\/konsolen\/commodore-amiga-cd32\/\" data-type=\"page\" data-id=\"24070\">Commodore CD\u00b3\u00b2<\/a><\/li>\n\n\n\n<li><a href=\"https:\/\/www.jungsi.de\/en\/evercade-konsolen\/\" data-type=\"page\" data-id=\"33050\">Blaze Evercade<\/a><\/li>\n\n\n\n<li><a href=\"https:\/\/www.jungsi.de\/en\/konsolen\/sonstige-konsolen\/interton-vc4000\/\" data-type=\"page\" data-id=\"18216\">Interton VC4000<\/a><\/li>\n\n\n\n<li><a href=\"https:\/\/www.jungsi.de\/en\/konsolen\/mattel-intellivision\/\" data-type=\"page\" data-id=\"18281\">Mattel Intellivision<\/a><\/li>\n\n\n\n<li><a href=\"https:\/\/www.jungsi.de\/en\/konsolen\/vectrex\/\" data-type=\"page\" data-id=\"18292\">MB Vectrex<\/a><\/li>\n\n\n\n<li><a href=\"https:\/\/www.jungsi.de\/en\/konsolen\/nec-pc-engine\/\" data-type=\"page\" data-id=\"18428\">NEC<\/a><\/li>\n\n\n\n<li><a href=\"https:\/\/www.jungsi.de\/en\/konsolen\/philips-cdi-450\/\" data-type=\"page\" data-id=\"23485\">Philips CDI450<\/a><\/li>\n\n\n\n<li><a href=\"https:\/\/www.jungsi.de\/en\/konsolen\/philips-videopac-g7000\/\" data-type=\"page\" data-id=\"18273\">Philips Videopac<\/a><\/li>\n\n\n\n<li><a href=\"https:\/\/www.jungsi.de\/en\/konsolen\/pong-konsolen\/\" data-type=\"page\" data-id=\"26583\">Pong Konsolen<\/a><\/li>\n\n\n\n<li><a href=\"https:\/\/www.jungsi.de\/en\/konsolen\/snk-neo-geo\/\" data-type=\"page\" data-id=\"23207\">SNK Neo Geo<\/a><\/li>\n<\/ul>","protected":false},"excerpt":{"rendered":"<p>Sonstige Konsolen<\/p>","protected":false},"author":2,"featured_media":0,"parent":18078,"menu_order":0,"comment_status":"closed","ping_status":"closed","template":"","meta":{"_lmt_disableupdate":"","_lmt_disable":"","ngg_post_thumbnail":0,"jetpack_post_was_ever_published":false,"footnotes":"","_links_to":"","_links_to_target":""},"class_list":["post-32868","page","type-page","status-publish","hentry"],"jetpack_shortlink":"https:\/\/wp.me\/P4eXvk-8y8","jetpack_sharing_enabled":true,"jetpack_likes_enabled":true,"jetpack-related-posts":[{"id":35159,"url":"https:\/\/www.jungsi.de\/en\/konsolen-emulator\/","url_meta":{"origin":32868,"position":0},"title":"Konsolen-Emulator","author":"Jungsi","date":"18. January 2025","format":false,"excerpt":"Hier eine Liste meiner Konsolen, die auf Emulatoren basieren (oft als \u201aMini\u2018-Version erh\u00e4ltlich), geordnet nach Erscheinungsdatum. Nintendo Classic Mini (2016) SNES Classic Mini (2017) Neo Geo Mini (2018) PlayStation Classic (2018) Sega Mega Drive Mini (2019) Evercade VS (2021) Sega Mega Drive Mini II (2022) Atari 2600+ (2023) Evercade VS\u2026","rel":"","context":"Similar post","block_context":{"text":"Similar post","link":""},"img":{"alt_text":"Nintendo Classic Mini","src":"https:\/\/i0.wp.com\/www.jungsi.de\/blog\/wp-content\/uploads\/Nintendo-Classic-Mini.jpg?resize=350%2C200&ssl=1","width":350,"height":200,"srcset":"https:\/\/i0.wp.com\/www.jungsi.de\/blog\/wp-content\/uploads\/Nintendo-Classic-Mini.jpg?resize=350%2C200&ssl=1 1x, https:\/\/i0.wp.com\/www.jungsi.de\/blog\/wp-content\/uploads\/Nintendo-Classic-Mini.jpg?resize=525%2C300&ssl=1 1.5x, https:\/\/i0.wp.com\/www.jungsi.de\/blog\/wp-content\/uploads\/Nintendo-Classic-Mini.jpg?resize=700%2C400&ssl=1 2x, https:\/\/i0.wp.com\/www.jungsi.de\/blog\/wp-content\/uploads\/Nintendo-Classic-Mini.jpg?resize=1050%2C600&ssl=1 3x, https:\/\/i0.wp.com\/www.jungsi.de\/blog\/wp-content\/uploads\/Nintendo-Classic-Mini.jpg?resize=1400%2C800&ssl=1 4x"},"classes":[]},{"id":27834,"url":"https:\/\/www.jungsi.de\/en\/konsolen\/amstrad-gx4000\/","url_meta":{"origin":32868,"position":1},"title":"Amstrad GX4000","author":"Jungsi","date":"13. January 2023","format":false,"excerpt":"Amstrad GX4000 GX4000 Der Amstrad GX4000 war Amstrads einziger Versuch, eine dedizierte Spielekonsole auf den Markt zu bringen \u2014 und er scheiterte gr\u00fcndlich. Die 1990 erschienene Konsole basierte auf der CPC-Technologie und sollte mit einer verbesserten Grafik- und Soundchipversorgung aus den Heimcomputer-Genen heraus zu einer vollwertigen Konsole reifen. Das Grundproblem\u2026","rel":"","context":"Similar post","block_context":{"text":"Similar post","link":""},"img":{"alt_text":"GX4000","src":"https:\/\/i0.wp.com\/www.jungsi.de\/blog\/wp-content\/uploads\/GX4000-Konsole-seitlich-vorne.jpg?resize=350%2C200&ssl=1","width":350,"height":200,"srcset":"https:\/\/i0.wp.com\/www.jungsi.de\/blog\/wp-content\/uploads\/GX4000-Konsole-seitlich-vorne.jpg?resize=350%2C200&ssl=1 1x, https:\/\/i0.wp.com\/www.jungsi.de\/blog\/wp-content\/uploads\/GX4000-Konsole-seitlich-vorne.jpg?resize=525%2C300&ssl=1 1.5x, https:\/\/i0.wp.com\/www.jungsi.de\/blog\/wp-content\/uploads\/GX4000-Konsole-seitlich-vorne.jpg?resize=700%2C400&ssl=1 2x, https:\/\/i0.wp.com\/www.jungsi.de\/blog\/wp-content\/uploads\/GX4000-Konsole-seitlich-vorne.jpg?resize=1050%2C600&ssl=1 3x, https:\/\/i0.wp.com\/www.jungsi.de\/blog\/wp-content\/uploads\/GX4000-Konsole-seitlich-vorne.jpg?resize=1400%2C800&ssl=1 4x"},"classes":[]},{"id":23220,"url":"https:\/\/www.jungsi.de\/en\/konsolen\/3do\/","url_meta":{"origin":32868,"position":2},"title":"3DO &#8211; Panasonic FZ-10","author":"Jungsi","date":"31. May 2019","format":false,"excerpt":"Panasonic FZ-10 - 3DO Panasonic FZ-10 Trip Hawkins, der ehemalige Chef von Electronic Arts, war der Pionier hinter dem 3DO. Er verfolgte das Ziel, mit dem CD-ROM-Laufwerk eine universelle Plattform f\u00fcr Spiele und Multimedia-Inhalte zu etablieren. Zu seinem Team geh\u00f6rten auch die ehemaligen Entwickler des Commodore Amiga und Atari Lynx,\u2026","rel":"","context":"Similar post","block_context":{"text":"Similar post","link":""},"img":{"alt_text":"Panasonic FZ-10","src":"https:\/\/i0.wp.com\/www.jungsi.de\/blog\/wp-content\/uploads\/FZ-10-1.jpg?resize=350%2C200&ssl=1","width":350,"height":200,"srcset":"https:\/\/i0.wp.com\/www.jungsi.de\/blog\/wp-content\/uploads\/FZ-10-1.jpg?resize=350%2C200&ssl=1 1x, https:\/\/i0.wp.com\/www.jungsi.de\/blog\/wp-content\/uploads\/FZ-10-1.jpg?resize=525%2C300&ssl=1 1.5x, https:\/\/i0.wp.com\/www.jungsi.de\/blog\/wp-content\/uploads\/FZ-10-1.jpg?resize=700%2C400&ssl=1 2x, https:\/\/i0.wp.com\/www.jungsi.de\/blog\/wp-content\/uploads\/FZ-10-1.jpg?resize=1050%2C600&ssl=1 3x, https:\/\/i0.wp.com\/www.jungsi.de\/blog\/wp-content\/uploads\/FZ-10-1.jpg?resize=1400%2C800&ssl=1 4x"},"classes":[]},{"id":18373,"url":"https:\/\/www.jungsi.de\/en\/konsolen\/cbs-colecovision\/","url_meta":{"origin":32868,"position":3},"title":"CBS Colecovision","author":"Jungsi","date":"2. September 2017","format":false,"excerpt":"CBS Colecovision CBS Colecovision Im Jahr 1982 trat das CBS Colecovision in den Markt der Spielkonsolen ein. Mit einer Z80-CPU, einer Aufl\u00f6sung von 256x192 Pixeln und 32 Hardware-Sprites setzte es neue Ma\u00dfst\u00e4be und \u00fcbertraf sogar Mattels Intellivision. Coleco sicherte sich rechtzeitig die Rechte an bekannten japanischen Spielen wie Donkey Kong,\u2026","rel":"","context":"Similar post","block_context":{"text":"Similar post","link":""},"img":{"alt_text":"Ultimate SD","src":"https:\/\/i0.wp.com\/www.jungsi.de\/blog\/wp-content\/uploads\/Ultimate-SD-komplett.jpg?resize=350%2C200&ssl=1","width":350,"height":200,"srcset":"https:\/\/i0.wp.com\/www.jungsi.de\/blog\/wp-content\/uploads\/Ultimate-SD-komplett.jpg?resize=350%2C200&ssl=1 1x, https:\/\/i0.wp.com\/www.jungsi.de\/blog\/wp-content\/uploads\/Ultimate-SD-komplett.jpg?resize=525%2C300&ssl=1 1.5x, https:\/\/i0.wp.com\/www.jungsi.de\/blog\/wp-content\/uploads\/Ultimate-SD-komplett.jpg?resize=700%2C400&ssl=1 2x, https:\/\/i0.wp.com\/www.jungsi.de\/blog\/wp-content\/uploads\/Ultimate-SD-komplett.jpg?resize=1050%2C600&ssl=1 3x, https:\/\/i0.wp.com\/www.jungsi.de\/blog\/wp-content\/uploads\/Ultimate-SD-komplett.jpg?resize=1400%2C800&ssl=1 4x"},"classes":[]},{"id":24070,"url":"https:\/\/www.jungsi.de\/en\/konsolen\/commodore-amiga-cd32\/","url_meta":{"origin":32868,"position":4},"title":"Commodore Amiga CD32","author":"Jungsi","date":"22. January 2020","format":false,"excerpt":"Commodore Amiga CD32 Commodore Amiga CD32 Commodore f\u00fchrte mit dem Amiga CD32 die erste 32-Bit-Spielkonsole auf dem europ\u00e4ischen Markt ein. Sie basierte auf einem modifizierten Amiga 1200-Mainboard, ausgestattet mit einem Double-Speed-CD-ROM-Laufwerk und dem Custom-Chip Akiko. Dieser Chip, der auch f\u00fcr 3D-Grafiken zust\u00e4ndig war, sollte PC-Konvertierungen f\u00fcr das CD32 erleichtern, die\u2026","rel":"","context":"Similar post","block_context":{"text":"Similar post","link":""},"img":{"alt_text":"Competition Pro CD32","src":"https:\/\/i0.wp.com\/www.jungsi.de\/blog\/wp-content\/uploads\/Competition-Pro-CD32-Oberseite-schraeg.jpg?resize=350%2C200&ssl=1","width":350,"height":200,"srcset":"https:\/\/i0.wp.com\/www.jungsi.de\/blog\/wp-content\/uploads\/Competition-Pro-CD32-Oberseite-schraeg.jpg?resize=350%2C200&ssl=1 1x, https:\/\/i0.wp.com\/www.jungsi.de\/blog\/wp-content\/uploads\/Competition-Pro-CD32-Oberseite-schraeg.jpg?resize=525%2C300&ssl=1 1.5x, https:\/\/i0.wp.com\/www.jungsi.de\/blog\/wp-content\/uploads\/Competition-Pro-CD32-Oberseite-schraeg.jpg?resize=700%2C400&ssl=1 2x, https:\/\/i0.wp.com\/www.jungsi.de\/blog\/wp-content\/uploads\/Competition-Pro-CD32-Oberseite-schraeg.jpg?resize=1050%2C600&ssl=1 3x, https:\/\/i0.wp.com\/www.jungsi.de\/blog\/wp-content\/uploads\/Competition-Pro-CD32-Oberseite-schraeg.jpg?resize=1400%2C800&ssl=1 4x"},"classes":[]},{"id":12379,"url":"https:\/\/www.jungsi.de\/en\/spiele\/sonstige-spiele\/","url_meta":{"origin":32868,"position":5},"title":"Sonstige Spiele\/Software","author":"Jungsi","date":"15. January 2016","format":false,"excerpt":"Sonstige Spiele\/Software Da ich f\u00fcr die folgenden Systeme weniger als 10 Spiele bzw. Software besitze, werden diese nicht auf einer eigenen Seite pr\u00e4sentiert. Amstrad GX4000 Atari 7800 Apple IIe Bandai WonderSwan Color MSX Sharp MZ SNK Neo Geo AES SNK Neo Geo Pocket Thomson Acorn BBC Micro Attack On Alpha\u2026","rel":"","context":"Similar post","block_context":{"text":"Similar post","link":""},"img":{"alt_text":"Football - Atari XL","src":"https:\/\/i0.wp.com\/www.jungsi.de\/blog\/wp-content\/uploads\/football-atari-xl.jpg?resize=350%2C200&ssl=1","width":350,"height":200,"srcset":"https:\/\/i0.wp.com\/www.jungsi.de\/blog\/wp-content\/uploads\/football-atari-xl.jpg?resize=350%2C200&ssl=1 1x, https:\/\/i0.wp.com\/www.jungsi.de\/blog\/wp-content\/uploads\/football-atari-xl.jpg?resize=525%2C300&ssl=1 1.5x, https:\/\/i0.wp.com\/www.jungsi.de\/blog\/wp-content\/uploads\/football-atari-xl.jpg?resize=700%2C400&ssl=1 2x"},"classes":[]}],"_links":{"self":[{"href":"https:\/\/www.jungsi.de\/en\/wp-json\/wp\/v2\/pages\/32868","targetHints":{"allow":["GET"]}}],"collection":[{"href":"https:\/\/www.jungsi.de\/en\/wp-json\/wp\/v2\/pages"}],"about":[{"href":"https:\/\/www.jungsi.de\/en\/wp-json\/wp\/v2\/types\/page"}],"author":[{"embeddable":true,"href":"https:\/\/www.jungsi.de\/en\/wp-json\/wp\/v2\/users\/2"}],"replies":[{"embeddable":true,"href":"https:\/\/www.jungsi.de\/en\/wp-json\/wp\/v2\/comments?post=32868"}],"version-history":[{"count":0,"href":"https:\/\/www.jungsi.de\/en\/wp-json\/wp\/v2\/pages\/32868\/revisions"}],"up":[{"embeddable":true,"href":"https:\/\/www.jungsi.de\/en\/wp-json\/wp\/v2\/pages\/18078"}],"wp:attachment":[{"href":"https:\/\/www.jungsi.de\/en\/wp-json\/wp\/v2\/media?parent=32868"}],"curies":[{"name":"wp","href":"https:\/\/api.w.org\/{rel}","templated":true}]}}