{"id":30396,"date":"2023-08-26T15:15:52","date_gmt":"2023-08-26T13:15:52","guid":{"rendered":"https:\/\/www.jungsi.de\/?page_id=30396"},"modified":"2024-10-28T15:54:34","modified_gmt":"2024-10-28T14:54:34","slug":"taschenrechner","status":"publish","type":"page","link":"https:\/\/www.jungsi.de\/en\/taschenrechner\/","title":{"rendered":"Taschenrechner"},"content":{"rendered":"<p><\/p>\n\n\n\n<h2 class=\"wp-block-heading has-text-align-center\">Taschenrechner<\/h2>\n\n\n\n<figure class=\"wp-block-gallery has-nested-images columns-default is-cropped wp-block-gallery-1 is-layout-flex wp-block-gallery-is-layout-flex\">\n<figure class=\"wp-block-image size-large\"><img loading=\"lazy\" decoding=\"async\" width=\"768\" height=\"1024\" data-attachment-id=\"30452\" data-permalink=\"https:\/\/www.jungsi.de\/en\/taschenrechner\/privileg-685d-e-nc\/\" data-orig-file=\"https:\/\/www.jungsi.de\/blog\/wp-content\/uploads\/privileg-685D-E-NC.jpg\" data-orig-size=\"1050,1400\" data-comments-opened=\"1\" data-image-meta=\"{&quot;aperture&quot;:&quot;1.8&quot;,&quot;credit&quot;:&quot;&quot;,&quot;camera&quot;:&quot;iPad Pro (12.9-inch) (4th generation)&quot;,&quot;caption&quot;:&quot;&quot;,&quot;created_timestamp&quot;:&quot;1692979076&quot;,&quot;copyright&quot;:&quot;&quot;,&quot;focal_length&quot;:&quot;3&quot;,&quot;iso&quot;:&quot;80&quot;,&quot;shutter_speed&quot;:&quot;0.016666666666667&quot;,&quot;title&quot;:&quot;&quot;,&quot;orientation&quot;:&quot;1&quot;}\" data-image-title=\"privileg-685D-E-NC\" data-image-description=\"\" data-image-caption=\"\" data-large-file=\"https:\/\/www.jungsi.de\/blog\/wp-content\/uploads\/privileg-685D-E-NC-768x1024.jpg\" data-id=\"30452\" src=\"https:\/\/www.jungsi.de\/blog\/wp-content\/uploads\/privileg-685D-E-NC-768x1024.jpg\" alt=\"\" class=\"wp-image-30452\" srcset=\"https:\/\/www.jungsi.de\/blog\/wp-content\/uploads\/privileg-685D-E-NC-768x1024.jpg 768w, https:\/\/www.jungsi.de\/blog\/wp-content\/uploads\/privileg-685D-E-NC-225x300.jpg 225w, https:\/\/www.jungsi.de\/blog\/wp-content\/uploads\/privileg-685D-E-NC.jpg 1050w\" sizes=\"auto, (max-width: 768px) 100vw, 768px\" \/><\/figure>\n\n\n\n<figure class=\"wp-block-image size-large\"><img loading=\"lazy\" decoding=\"async\" width=\"768\" height=\"1024\" data-attachment-id=\"30453\" data-permalink=\"https:\/\/www.jungsi.de\/en\/taschenrechner\/privileg-685d-e-nc-rueckseite\/\" data-orig-file=\"https:\/\/www.jungsi.de\/blog\/wp-content\/uploads\/privileg-685D-E-NC-Rueckseite.jpg\" data-orig-size=\"1050,1400\" data-comments-opened=\"1\" data-image-meta=\"{&quot;aperture&quot;:&quot;1.8&quot;,&quot;credit&quot;:&quot;&quot;,&quot;camera&quot;:&quot;iPad Pro (12.9-inch) (4th generation)&quot;,&quot;caption&quot;:&quot;&quot;,&quot;created_timestamp&quot;:&quot;1692979083&quot;,&quot;copyright&quot;:&quot;&quot;,&quot;focal_length&quot;:&quot;3&quot;,&quot;iso&quot;:&quot;100&quot;,&quot;shutter_speed&quot;:&quot;0.016666666666667&quot;,&quot;title&quot;:&quot;&quot;,&quot;orientation&quot;:&quot;1&quot;}\" data-image-title=\"privileg-685D-E-NC-Rueckseite\" data-image-description=\"\" data-image-caption=\"\" data-large-file=\"https:\/\/www.jungsi.de\/blog\/wp-content\/uploads\/privileg-685D-E-NC-Rueckseite-768x1024.jpg\" data-id=\"30453\" src=\"https:\/\/www.jungsi.de\/blog\/wp-content\/uploads\/privileg-685D-E-NC-Rueckseite-768x1024.jpg\" alt=\"\" class=\"wp-image-30453\" srcset=\"https:\/\/www.jungsi.de\/blog\/wp-content\/uploads\/privileg-685D-E-NC-Rueckseite-768x1024.jpg 768w, https:\/\/www.jungsi.de\/blog\/wp-content\/uploads\/privileg-685D-E-NC-Rueckseite-225x300.jpg 225w, https:\/\/www.jungsi.de\/blog\/wp-content\/uploads\/privileg-685D-E-NC-Rueckseite.jpg 1050w\" sizes=\"auto, (max-width: 768px) 100vw, 768px\" \/><\/figure>\n<\/figure>\n\n\n\n<p><strong>Privileg 685 D-E-NC<\/strong><br>Der Privileg 685 D-E-NC ist ein wissenschaftlicher Taschenrechner mit 8-stelliger Genauigkeit und algebraischer Logik. Er hat 23 Funktionen, 36 Tasten und ein VFD-Display (Vakuum-Fluoreszenz). Die Stromquelle ist 2xAA. Der Rechner wurde 1976 eingef\u00fchrt und in Deutschland von Privileg &#8211; einer Quelle-Tochter hergestellt.<\/p>\n\n\n\n<figure class=\"wp-block-gallery has-nested-images columns-default is-cropped wp-block-gallery-2 is-layout-flex wp-block-gallery-is-layout-flex\">\n<figure class=\"wp-block-image size-large\"><img loading=\"lazy\" decoding=\"async\" width=\"768\" height=\"1024\" data-attachment-id=\"30454\" data-permalink=\"https:\/\/www.jungsi.de\/en\/taschenrechner\/casio-fx-85\/\" data-orig-file=\"https:\/\/www.jungsi.de\/blog\/wp-content\/uploads\/Casio-fx-85.jpg\" data-orig-size=\"1050,1400\" data-comments-opened=\"1\" data-image-meta=\"{&quot;aperture&quot;:&quot;1.8&quot;,&quot;credit&quot;:&quot;&quot;,&quot;camera&quot;:&quot;iPad Pro (12.9-inch) (4th generation)&quot;,&quot;caption&quot;:&quot;&quot;,&quot;created_timestamp&quot;:&quot;1692979053&quot;,&quot;copyright&quot;:&quot;&quot;,&quot;focal_length&quot;:&quot;3&quot;,&quot;iso&quot;:&quot;100&quot;,&quot;shutter_speed&quot;:&quot;0.016666666666667&quot;,&quot;title&quot;:&quot;&quot;,&quot;orientation&quot;:&quot;1&quot;}\" data-image-title=\"Casio-fx-85\" data-image-description=\"\" data-image-caption=\"\" data-large-file=\"https:\/\/www.jungsi.de\/blog\/wp-content\/uploads\/Casio-fx-85-768x1024.jpg\" data-id=\"30454\" src=\"https:\/\/www.jungsi.de\/blog\/wp-content\/uploads\/Casio-fx-85-768x1024.jpg\" alt=\"\" class=\"wp-image-30454\" srcset=\"https:\/\/www.jungsi.de\/blog\/wp-content\/uploads\/Casio-fx-85-768x1024.jpg 768w, https:\/\/www.jungsi.de\/blog\/wp-content\/uploads\/Casio-fx-85-225x300.jpg 225w, https:\/\/www.jungsi.de\/blog\/wp-content\/uploads\/Casio-fx-85.jpg 1050w\" sizes=\"auto, (max-width: 768px) 100vw, 768px\" \/><\/figure>\n<\/figure>\n\n\n\n<p><strong>Casio FX-85<\/strong><br>Der erste Casio FX-85 wurde im Jahr 1972 auf den Markt gebracht. Dieser wissenschaftliche Taschenrechner war Teil der fr\u00fchen Generation von elektronischen Taschenrechnern und trug zur Popularisierung dieser Ger\u00e4te bei. Seitdem hat Casio kontinuierlich neue Modelle und verbesserte Versionen der FX-85 Serie herausgebracht, die jeweils mit neuen Funktionen, verbesserten Display-Technologien und anderen Innovationen ausgestattet sind.<br>Der erste Casio FX-85 Taschenrechner mit Solarmodul wurde im Jahr 1980 auf den Markt gebracht.<br>Leider kann ich nicht genau sagen aus welchem Jahr der FX-85 auf dem Bild stammt, k\u00f6nnte aber tats\u00e4chlich aus den 80ern sein, da ich dieses Ger\u00e4t auch noch in der Schule verwendet habe.<\/p>\n\n\n\n<figure class=\"wp-block-gallery has-nested-images columns-default is-cropped wp-block-gallery-3 is-layout-flex wp-block-gallery-is-layout-flex\">\n<figure class=\"wp-block-image size-large\"><img loading=\"lazy\" decoding=\"async\" width=\"768\" height=\"1024\" data-attachment-id=\"30455\" data-permalink=\"https:\/\/www.jungsi.de\/en\/taschenrechner\/mbo-alpha-8000-huelle\/\" data-orig-file=\"https:\/\/www.jungsi.de\/blog\/wp-content\/uploads\/MBO-Alpha-8000-Huelle.jpg\" data-orig-size=\"1050,1400\" data-comments-opened=\"1\" data-image-meta=\"{&quot;aperture&quot;:&quot;1.8&quot;,&quot;credit&quot;:&quot;&quot;,&quot;camera&quot;:&quot;iPad Pro (12.9-inch) (4th generation)&quot;,&quot;caption&quot;:&quot;&quot;,&quot;created_timestamp&quot;:&quot;1692979003&quot;,&quot;copyright&quot;:&quot;&quot;,&quot;focal_length&quot;:&quot;3&quot;,&quot;iso&quot;:&quot;160&quot;,&quot;shutter_speed&quot;:&quot;0.016666666666667&quot;,&quot;title&quot;:&quot;&quot;,&quot;orientation&quot;:&quot;1&quot;}\" data-image-title=\"MBO-Alpha-8000-Huelle\" data-image-description=\"\" data-image-caption=\"\" data-large-file=\"https:\/\/www.jungsi.de\/blog\/wp-content\/uploads\/MBO-Alpha-8000-Huelle-768x1024.jpg\" data-id=\"30455\" src=\"https:\/\/www.jungsi.de\/blog\/wp-content\/uploads\/MBO-Alpha-8000-Huelle-768x1024.jpg\" alt=\"\" class=\"wp-image-30455\" srcset=\"https:\/\/www.jungsi.de\/blog\/wp-content\/uploads\/MBO-Alpha-8000-Huelle-768x1024.jpg 768w, https:\/\/www.jungsi.de\/blog\/wp-content\/uploads\/MBO-Alpha-8000-Huelle-225x300.jpg 225w, https:\/\/www.jungsi.de\/blog\/wp-content\/uploads\/MBO-Alpha-8000-Huelle.jpg 1050w\" sizes=\"auto, (max-width: 768px) 100vw, 768px\" \/><\/figure>\n\n\n\n<figure class=\"wp-block-image size-large\"><img loading=\"lazy\" decoding=\"async\" width=\"1024\" height=\"768\" data-attachment-id=\"30456\" data-permalink=\"https:\/\/www.jungsi.de\/en\/taschenrechner\/mbo-alpha-8000\/\" data-orig-file=\"https:\/\/www.jungsi.de\/blog\/wp-content\/uploads\/MBO-Alpha-8000.jpg\" data-orig-size=\"1400,1050\" data-comments-opened=\"1\" data-image-meta=\"{&quot;aperture&quot;:&quot;1.8&quot;,&quot;credit&quot;:&quot;&quot;,&quot;camera&quot;:&quot;iPad Pro (12.9-inch) (4th generation)&quot;,&quot;caption&quot;:&quot;&quot;,&quot;created_timestamp&quot;:&quot;1692979009&quot;,&quot;copyright&quot;:&quot;&quot;,&quot;focal_length&quot;:&quot;3&quot;,&quot;iso&quot;:&quot;64&quot;,&quot;shutter_speed&quot;:&quot;0.016666666666667&quot;,&quot;title&quot;:&quot;&quot;,&quot;orientation&quot;:&quot;1&quot;}\" data-image-title=\"MBO-Alpha-8000\" data-image-description=\"\" data-image-caption=\"\" data-large-file=\"https:\/\/www.jungsi.de\/blog\/wp-content\/uploads\/MBO-Alpha-8000-1024x768.jpg\" data-id=\"30456\" src=\"https:\/\/www.jungsi.de\/blog\/wp-content\/uploads\/MBO-Alpha-8000-1024x768.jpg\" alt=\"\" class=\"wp-image-30456\" srcset=\"https:\/\/www.jungsi.de\/blog\/wp-content\/uploads\/MBO-Alpha-8000-1024x768.jpg 1024w, https:\/\/www.jungsi.de\/blog\/wp-content\/uploads\/MBO-Alpha-8000-300x225.jpg 300w, https:\/\/www.jungsi.de\/blog\/wp-content\/uploads\/MBO-Alpha-8000.jpg 1400w\" sizes=\"auto, (max-width: 1024px) 100vw, 1024px\" \/><\/figure>\n<\/figure>\n\n\n\n<p><strong>MBO Alpha 8000<\/strong><br>Der MBO Alpha 8000 ist ein programmierbarer wissenschaftlicher Taschenrechner, der von der Firma MBO im Jahr 1983 auf den Markt gebracht wurde. Er war Teil einer Generation von programmierbaren Taschenrechnern, die in den 1980er Jahren popul\u00e4r waren und erweiterte Berechnungen und Programmierfunktionen erm\u00f6glichten.<\/p>\n\n\n\n<p>Der MBO Alpha 8000 verf\u00fcgte \u00fcber ein alphanumerisches Display, das es Benutzern erm\u00f6glichte, Text und Formeln einzugeben und anzuzeigen. Er konnte Programme speichern und ausf\u00fchren, was f\u00fcr komplexe Berechnungen und wiederholte Aufgaben sehr n\u00fctzlich war. W\u00e4hrend er vielleicht nicht so bekannt war wie einige andere Taschenrechnermodelle, war der MBO Alpha 8000 dennoch ein interessanter Vertreter der Taschenrechner-\u00c4ra der 1980er Jahre.<\/p>\n\n\n\n<figure class=\"wp-block-gallery has-nested-images columns-default is-cropped wp-block-gallery-4 is-layout-flex wp-block-gallery-is-layout-flex\">\n<figure class=\"wp-block-image size-large\"><img loading=\"lazy\" decoding=\"async\" width=\"768\" height=\"1024\" data-attachment-id=\"30458\" data-permalink=\"https:\/\/www.jungsi.de\/en\/taschenrechner\/sanyo-cz-8100-vorderseite\/\" data-orig-file=\"https:\/\/www.jungsi.de\/blog\/wp-content\/uploads\/Sanyo-CZ-8100-Vorderseite.jpg\" data-orig-size=\"1050,1400\" data-comments-opened=\"1\" data-image-meta=\"{&quot;aperture&quot;:&quot;1.8&quot;,&quot;credit&quot;:&quot;&quot;,&quot;camera&quot;:&quot;iPad Pro (12.9-inch) (4th generation)&quot;,&quot;caption&quot;:&quot;&quot;,&quot;created_timestamp&quot;:&quot;1692979105&quot;,&quot;copyright&quot;:&quot;&quot;,&quot;focal_length&quot;:&quot;3&quot;,&quot;iso&quot;:&quot;125&quot;,&quot;shutter_speed&quot;:&quot;0.016666666666667&quot;,&quot;title&quot;:&quot;&quot;,&quot;orientation&quot;:&quot;1&quot;}\" data-image-title=\"Sanyo-CZ-8100-Vorderseite\" data-image-description=\"\" data-image-caption=\"\" data-large-file=\"https:\/\/www.jungsi.de\/blog\/wp-content\/uploads\/Sanyo-CZ-8100-Vorderseite-768x1024.jpg\" data-id=\"30458\" src=\"https:\/\/www.jungsi.de\/blog\/wp-content\/uploads\/Sanyo-CZ-8100-Vorderseite-768x1024.jpg\" alt=\"\" class=\"wp-image-30458\" srcset=\"https:\/\/www.jungsi.de\/blog\/wp-content\/uploads\/Sanyo-CZ-8100-Vorderseite-768x1024.jpg 768w, https:\/\/www.jungsi.de\/blog\/wp-content\/uploads\/Sanyo-CZ-8100-Vorderseite-225x300.jpg 225w, https:\/\/www.jungsi.de\/blog\/wp-content\/uploads\/Sanyo-CZ-8100-Vorderseite.jpg 1050w\" sizes=\"auto, (max-width: 768px) 100vw, 768px\" \/><\/figure>\n\n\n\n<figure class=\"wp-block-image size-large\"><img loading=\"lazy\" decoding=\"async\" width=\"768\" height=\"1024\" data-attachment-id=\"30457\" data-permalink=\"https:\/\/www.jungsi.de\/en\/taschenrechner\/sanyo-cz-8100-rueckseite\/\" data-orig-file=\"https:\/\/www.jungsi.de\/blog\/wp-content\/uploads\/Sanyo-CZ-8100-Rueckseite.jpg\" data-orig-size=\"1050,1400\" data-comments-opened=\"1\" data-image-meta=\"{&quot;aperture&quot;:&quot;1.8&quot;,&quot;credit&quot;:&quot;&quot;,&quot;camera&quot;:&quot;iPad Pro (12.9-inch) (4th generation)&quot;,&quot;caption&quot;:&quot;&quot;,&quot;created_timestamp&quot;:&quot;1692979114&quot;,&quot;copyright&quot;:&quot;&quot;,&quot;focal_length&quot;:&quot;3&quot;,&quot;iso&quot;:&quot;160&quot;,&quot;shutter_speed&quot;:&quot;0.016666666666667&quot;,&quot;title&quot;:&quot;&quot;,&quot;orientation&quot;:&quot;1&quot;}\" data-image-title=\"Sanyo-CZ-8100-Rueckseite\" data-image-description=\"\" data-image-caption=\"\" data-large-file=\"https:\/\/www.jungsi.de\/blog\/wp-content\/uploads\/Sanyo-CZ-8100-Rueckseite-768x1024.jpg\" data-id=\"30457\" src=\"https:\/\/www.jungsi.de\/blog\/wp-content\/uploads\/Sanyo-CZ-8100-Rueckseite-768x1024.jpg\" alt=\"\" class=\"wp-image-30457\" srcset=\"https:\/\/www.jungsi.de\/blog\/wp-content\/uploads\/Sanyo-CZ-8100-Rueckseite-768x1024.jpg 768w, https:\/\/www.jungsi.de\/blog\/wp-content\/uploads\/Sanyo-CZ-8100-Rueckseite-225x300.jpg 225w, https:\/\/www.jungsi.de\/blog\/wp-content\/uploads\/Sanyo-CZ-8100-Rueckseite.jpg 1050w\" sizes=\"auto, (max-width: 768px) 100vw, 768px\" \/><\/figure>\n<\/figure>\n\n\n\n<p><strong>Sanyo CZ-8100<\/strong><br>Der Sanyo CZ-8100 ist ein wissenschaftlicher programmierbarer Taschenrechner, der von der Marke Sanyo hergestellt wurde. Dieser Taschenrechner wurde in den 1980er Jahren produziert und geh\u00f6rte zu den damals fortschrittlichen Modellen mit programmierbaren Funktionen.<\/p>\n\n\n\n<p>Der Sanyo CZ-8100 verf\u00fcgte \u00fcber ein alphanumerisches Display und eine Tastatur, die es Benutzern erm\u00f6glichte, mathematische Berechnungen durchzuf\u00fchren, Programme zu erstellen und zu speichern sowie komplexe Aufgaben in den Bereichen Mathematik, Physik, Ingenieurwesen und anderen Wissenschaften zu l\u00f6sen. Wie viele programmierbare Taschenrechner dieser \u00c4ra war der Sanyo CZ-8100 bei Studenten, Wissenschaftlern und Fachleuten beliebt, die fortgeschrittene Berechnungen durchf\u00fchren mussten.<\/p>","protected":false},"excerpt":{"rendered":"<p>Taschenrechner Privileg 685 D-E-NCDer Privileg 685 D-E-NC ist ein wissenschaftlicher Taschenrechner mit 8-stelliger Genauigkeit und algebraischer Logik. Er hat 23 Funktionen, 36 Tasten und ein \u2026<\/p>","protected":false},"author":2,"featured_media":30452,"parent":0,"menu_order":0,"comment_status":"closed","ping_status":"closed","template":"","meta":{"_lmt_disableupdate":"","_lmt_disable":"","ngg_post_thumbnail":0,"jetpack_post_was_ever_published":false,"footnotes":"","_links_to":"","_links_to_target":""},"class_list":["post-30396","page","type-page","status-publish","has-post-thumbnail","hentry"],"jetpack_shortlink":"https:\/\/wp.me\/P4eXvk-7Ug","jetpack_sharing_enabled":true,"jetpack_likes_enabled":true,"jetpack-related-posts":[{"id":27743,"url":"https:\/\/www.jungsi.de\/en\/heimcomputer\/schneider-amstrad\/amstrad-nc100\/","url_meta":{"origin":30396,"position":0},"title":"Amstrad NC100","author":"Jungsi","date":"2. August 2024","format":false,"excerpt":"Amstrad NC100 Amstrad NC100 Der Amstrad NC100 war ein tragbarer A4-Computer, der im Juli 1992 von Amstrad eingef\u00fchrt wurde. Er verf\u00fcgte \u00fcber eine vollst\u00e4ndige Tastatur und einen Bildschirm mit 80 Spalten und 8 Zeilen. Der NC100 beinhaltete das Protext-Textverarbeitungsprogramm, verschiedene Organizer-Funktionen wie ein Tagebuch, ein Adressbuch und einen Zeitmanager sowie\u2026","rel":"","context":"Similar post","block_context":{"text":"Similar post","link":""},"img":{"alt_text":"Amstrad NC100","src":"https:\/\/i0.wp.com\/www.jungsi.de\/blog\/wp-content\/uploads\/Amstrad-NC100.jpg?resize=350%2C200&ssl=1","width":350,"height":200,"srcset":"https:\/\/i0.wp.com\/www.jungsi.de\/blog\/wp-content\/uploads\/Amstrad-NC100.jpg?resize=350%2C200&ssl=1 1x, https:\/\/i0.wp.com\/www.jungsi.de\/blog\/wp-content\/uploads\/Amstrad-NC100.jpg?resize=525%2C300&ssl=1 1.5x, https:\/\/i0.wp.com\/www.jungsi.de\/blog\/wp-content\/uploads\/Amstrad-NC100.jpg?resize=700%2C400&ssl=1 2x, https:\/\/i0.wp.com\/www.jungsi.de\/blog\/wp-content\/uploads\/Amstrad-NC100.jpg?resize=1050%2C600&ssl=1 3x, https:\/\/i0.wp.com\/www.jungsi.de\/blog\/wp-content\/uploads\/Amstrad-NC100.jpg?resize=1400%2C800&ssl=1 4x"},"classes":[]},{"id":7403,"url":"https:\/\/www.jungsi.de\/en\/heimcomputer\/commodore\/","url_meta":{"origin":30396,"position":1},"title":"Commodore","author":"Jungsi","date":"11. October 2014","format":false,"excerpt":"Commodore Commodore Business Machines (CBM) wurde 1954 von Jack Tramiel in Toronto, Kanada, urspr\u00fcnglich als Reparaturwerkstatt f\u00fcr Schreibmaschinen gegr\u00fcndet. Tramiel, ein Holocaust-\u00dcberlebender, hatte die Vision, erschwingliche Produkte f\u00fcr den Massenmarkt anzubieten. In den 1960er Jahren stieg Commodore in den Bereich der elektronischen Taschenrechner ein und erwarb 1976 MOS Technology, einen\u2026","rel":"","context":"Similar post","block_context":{"text":"Similar post","link":""},"img":{"alt_text":"","src":"https:\/\/i0.wp.com\/www.jungsi.de\/blog\/wp-content\/uploads\/c64_3.jpg?resize=350%2C200&ssl=1","width":350,"height":200,"srcset":"https:\/\/i0.wp.com\/www.jungsi.de\/blog\/wp-content\/uploads\/c64_3.jpg?resize=350%2C200&ssl=1 1x, https:\/\/i0.wp.com\/www.jungsi.de\/blog\/wp-content\/uploads\/c64_3.jpg?resize=525%2C300&ssl=1 1.5x"},"classes":[]},{"id":27749,"url":"https:\/\/www.jungsi.de\/en\/heimcomputer\/atari-die-sammlung\/atari-portfolio\/","url_meta":{"origin":30396,"position":2},"title":"Atari Portfolio","author":"Jungsi","date":"13. January 2023","format":false,"excerpt":"Atari Portfolio Atari Portfolio Der Atari Portfolio, eingef\u00fchrt im Jahr 1989, war der erste MS-DOS-kompatible Handheld-Computer. Entwickelt von DIP (Distributed Information Processing Limited) und sp\u00e4ter von Atari lizenziert, hatte er die Gr\u00f6\u00dfe einer VHS-Kassette und wog 505 Gramm, was ihn zu einem Vorl\u00e4ufer der sp\u00e4teren PDAs macht. Der kleine Computer\u2026","rel":"","context":"Similar post","block_context":{"text":"Similar post","link":""},"img":{"alt_text":"","src":"https:\/\/i0.wp.com\/www.jungsi.de\/blog\/wp-content\/uploads\/Atari-Portfolio-Deckel-offen-schraeg.jpg?resize=350%2C200&ssl=1","width":350,"height":200,"srcset":"https:\/\/i0.wp.com\/www.jungsi.de\/blog\/wp-content\/uploads\/Atari-Portfolio-Deckel-offen-schraeg.jpg?resize=350%2C200&ssl=1 1x, https:\/\/i0.wp.com\/www.jungsi.de\/blog\/wp-content\/uploads\/Atari-Portfolio-Deckel-offen-schraeg.jpg?resize=525%2C300&ssl=1 1.5x, https:\/\/i0.wp.com\/www.jungsi.de\/blog\/wp-content\/uploads\/Atari-Portfolio-Deckel-offen-schraeg.jpg?resize=700%2C400&ssl=1 2x, https:\/\/i0.wp.com\/www.jungsi.de\/blog\/wp-content\/uploads\/Atari-Portfolio-Deckel-offen-schraeg.jpg?resize=1050%2C600&ssl=1 3x, https:\/\/i0.wp.com\/www.jungsi.de\/blog\/wp-content\/uploads\/Atari-Portfolio-Deckel-offen-schraeg.jpg?resize=1400%2C800&ssl=1 4x"},"classes":[]},{"id":32900,"url":"https:\/\/www.jungsi.de\/en\/handheld-konsolen\/nintendo\/nintendo-game-watch\/","url_meta":{"origin":30396,"position":3},"title":"Nintendo Game &amp; Watch","author":"Jungsi","date":"31. July 2024","format":false,"excerpt":"Nintendo Game & Watch Game and Watch - Helmet Game & Watch - The Legend Of Zelda Game and Watch - Super Mario Bros Die Nintendo Game & Watch-Serie war ein bedeutender Schritt in der Entwicklung tragbarer Videospiele und legte den Grundstein f\u00fcr viele zuk\u00fcnftige Innovationen von Nintendo. Die Geschichte\u2026","rel":"","context":"Similar post","block_context":{"text":"Similar post","link":""},"img":{"alt_text":"Game & Watch - The Legend Of Zelda","src":"https:\/\/i0.wp.com\/www.jungsi.de\/blog\/wp-content\/uploads\/Game-Watch-The-Legend-Of-Zelda.jpg?resize=350%2C200&ssl=1","width":350,"height":200,"srcset":"https:\/\/i0.wp.com\/www.jungsi.de\/blog\/wp-content\/uploads\/Game-Watch-The-Legend-Of-Zelda.jpg?resize=350%2C200&ssl=1 1x, https:\/\/i0.wp.com\/www.jungsi.de\/blog\/wp-content\/uploads\/Game-Watch-The-Legend-Of-Zelda.jpg?resize=525%2C300&ssl=1 1.5x, https:\/\/i0.wp.com\/www.jungsi.de\/blog\/wp-content\/uploads\/Game-Watch-The-Legend-Of-Zelda.jpg?resize=700%2C400&ssl=1 2x, https:\/\/i0.wp.com\/www.jungsi.de\/blog\/wp-content\/uploads\/Game-Watch-The-Legend-Of-Zelda.jpg?resize=1050%2C600&ssl=1 3x, https:\/\/i0.wp.com\/www.jungsi.de\/blog\/wp-content\/uploads\/Game-Watch-The-Legend-Of-Zelda.jpg?resize=1400%2C800&ssl=1 4x"},"classes":[]},{"id":1521,"url":"https:\/\/www.jungsi.de\/en\/die-sammlung\/literatur\/","url_meta":{"origin":30396,"position":4},"title":"Literatur","author":"Jungsi","date":"12. September 2012","format":false,"excerpt":"Literatur oder auch die \"Bibliothek\" Lesen begleitet mich seit meiner Kindheit. Ich habe alles verschlungen, was ich in die Finger bekommen habe \u2014 egal ob Comic, Roman oder Magazin. So begann ich bald auch die Ausgaben des P.M. Magazins zu lesen, das mein Bruder abonniert hatte. Da es zu dem\u2026","rel":"","context":"Similar post","block_context":{"text":"Similar post","link":""},"img":{"alt_text":"The unofficial NES\/FAMICOM: a visual compendium","src":"https:\/\/i0.wp.com\/www.jungsi.de\/blog\/wp-content\/uploads\/NES-visual-Compendium.jpg?resize=350%2C200&ssl=1","width":350,"height":200,"srcset":"https:\/\/i0.wp.com\/www.jungsi.de\/blog\/wp-content\/uploads\/NES-visual-Compendium.jpg?resize=350%2C200&ssl=1 1x, https:\/\/i0.wp.com\/www.jungsi.de\/blog\/wp-content\/uploads\/NES-visual-Compendium.jpg?resize=525%2C300&ssl=1 1.5x"},"classes":[]},{"id":30394,"url":"https:\/\/www.jungsi.de\/en\/telekommunikation\/","url_meta":{"origin":30396,"position":5},"title":"Telekommunikation","author":"Jungsi","date":"26. August 2023","format":false,"excerpt":"Telekommunikation Nokia 1011Nokia 1011Nokia 1011 - HandbuchNokia 1011 - InnenNokia 1011 - Verpackung Nokia 1011 (1992)Dies ist das erste massenproduzierte Mobiltelefon, hergestellt von Nokia in Deutschland im Zeitraum 1992-1994 f\u00fcr das digitale GSM Mobilfunknetz.GSM steht f\u00fcr Global System for Mobile Communications (urspr\u00fcnglich benannt nach dem Ausschuss, der daran arbeitete, Groups\u2026","rel":"","context":"Similar post","block_context":{"text":"Similar post","link":""},"img":{"alt_text":"","src":"https:\/\/i0.wp.com\/www.jungsi.de\/blog\/wp-content\/uploads\/Nokia-1610-Anleitung.jpg?resize=350%2C200&ssl=1","width":350,"height":200,"srcset":"https:\/\/i0.wp.com\/www.jungsi.de\/blog\/wp-content\/uploads\/Nokia-1610-Anleitung.jpg?resize=350%2C200&ssl=1 1x, https:\/\/i0.wp.com\/www.jungsi.de\/blog\/wp-content\/uploads\/Nokia-1610-Anleitung.jpg?resize=525%2C300&ssl=1 1.5x, https:\/\/i0.wp.com\/www.jungsi.de\/blog\/wp-content\/uploads\/Nokia-1610-Anleitung.jpg?resize=700%2C400&ssl=1 2x, https:\/\/i0.wp.com\/www.jungsi.de\/blog\/wp-content\/uploads\/Nokia-1610-Anleitung.jpg?resize=1050%2C600&ssl=1 3x, https:\/\/i0.wp.com\/www.jungsi.de\/blog\/wp-content\/uploads\/Nokia-1610-Anleitung.jpg?resize=1400%2C800&ssl=1 4x"},"classes":[]}],"_links":{"self":[{"href":"https:\/\/www.jungsi.de\/en\/wp-json\/wp\/v2\/pages\/30396","targetHints":{"allow":["GET"]}}],"collection":[{"href":"https:\/\/www.jungsi.de\/en\/wp-json\/wp\/v2\/pages"}],"about":[{"href":"https:\/\/www.jungsi.de\/en\/wp-json\/wp\/v2\/types\/page"}],"author":[{"embeddable":true,"href":"https:\/\/www.jungsi.de\/en\/wp-json\/wp\/v2\/users\/2"}],"replies":[{"embeddable":true,"href":"https:\/\/www.jungsi.de\/en\/wp-json\/wp\/v2\/comments?post=30396"}],"version-history":[{"count":0,"href":"https:\/\/www.jungsi.de\/en\/wp-json\/wp\/v2\/pages\/30396\/revisions"}],"wp:featuredmedia":[{"embeddable":true,"href":"https:\/\/www.jungsi.de\/en\/wp-json\/wp\/v2\/media\/30452"}],"wp:attachment":[{"href":"https:\/\/www.jungsi.de\/en\/wp-json\/wp\/v2\/media?parent=30396"}],"curies":[{"name":"wp","href":"https:\/\/api.w.org\/{rel}","templated":true}]}}