{"id":30394,"date":"2023-08-26T14:54:26","date_gmt":"2023-08-26T12:54:26","guid":{"rendered":"https:\/\/www.jungsi.de\/?page_id=30394"},"modified":"2024-08-02T09:07:38","modified_gmt":"2024-08-02T07:07:38","slug":"telekommunikation","status":"publish","type":"page","link":"https:\/\/www.jungsi.de\/en\/telekommunikation\/","title":{"rendered":"Telekommunikation"},"content":{"rendered":"<p><\/p>\n\n\n\n<h2 class=\"wp-block-heading has-text-align-center\">Telekommunikation<\/h2>\n\n\n\n<div class=\"wp-block-jetpack-slideshow aligncenter\" data-autoplay=\"true\" data-delay=\"5\" data-effect=\"fade\"><div class=\"wp-block-jetpack-slideshow_container swiper-container\"><ul class=\"wp-block-jetpack-slideshow_swiper-wrapper swiper-wrapper\"><li class=\"wp-block-jetpack-slideshow_slide swiper-slide\"><figure><img loading=\"lazy\" decoding=\"async\" width=\"768\" height=\"1024\" alt=\"\" class=\"wp-block-jetpack-slideshow_image wp-image-30422\" data-id=\"30422\" src=\"https:\/\/www.jungsi.de\/blog\/wp-content\/uploads\/Nokia-1011-768x1024.jpg\" srcset=\"https:\/\/www.jungsi.de\/blog\/wp-content\/uploads\/Nokia-1011-768x1024.jpg 768w, https:\/\/www.jungsi.de\/blog\/wp-content\/uploads\/Nokia-1011-225x300.jpg 225w, https:\/\/www.jungsi.de\/blog\/wp-content\/uploads\/Nokia-1011.jpg 1050w\" sizes=\"(max-width: 768px) 100vw, 768px\" \/><figcaption class=\"wp-block-jetpack-slideshow_caption gallery-caption\">Nokia 1011<\/figcaption><\/figure><\/li><li class=\"wp-block-jetpack-slideshow_slide swiper-slide\"><figure><img loading=\"lazy\" decoding=\"async\" width=\"768\" height=\"1024\" alt=\"\" class=\"wp-block-jetpack-slideshow_image wp-image-30423\" data-id=\"30423\" src=\"https:\/\/www.jungsi.de\/blog\/wp-content\/uploads\/Nokia-1011_2-768x1024.jpg\" srcset=\"https:\/\/www.jungsi.de\/blog\/wp-content\/uploads\/Nokia-1011_2-768x1024.jpg 768w, https:\/\/www.jungsi.de\/blog\/wp-content\/uploads\/Nokia-1011_2-225x300.jpg 225w, https:\/\/www.jungsi.de\/blog\/wp-content\/uploads\/Nokia-1011_2.jpg 1050w\" sizes=\"(max-width: 768px) 100vw, 768px\" \/><figcaption class=\"wp-block-jetpack-slideshow_caption gallery-caption\">Nokia 1011<\/figcaption><\/figure><\/li><li class=\"wp-block-jetpack-slideshow_slide swiper-slide\"><figure><img loading=\"lazy\" decoding=\"async\" width=\"768\" height=\"1024\" alt=\"\" class=\"wp-block-jetpack-slideshow_image wp-image-30419\" data-id=\"30419\" src=\"https:\/\/www.jungsi.de\/blog\/wp-content\/uploads\/Nokia-1011-Anleitung-768x1024.jpg\" srcset=\"https:\/\/www.jungsi.de\/blog\/wp-content\/uploads\/Nokia-1011-Anleitung-768x1024.jpg 768w, https:\/\/www.jungsi.de\/blog\/wp-content\/uploads\/Nokia-1011-Anleitung-225x300.jpg 225w, https:\/\/www.jungsi.de\/blog\/wp-content\/uploads\/Nokia-1011-Anleitung.jpg 1050w\" sizes=\"(max-width: 768px) 100vw, 768px\" \/><figcaption class=\"wp-block-jetpack-slideshow_caption gallery-caption\">Nokia 1011 &#8211; Handbuch<\/figcaption><\/figure><\/li><li class=\"wp-block-jetpack-slideshow_slide swiper-slide\"><figure><img loading=\"lazy\" decoding=\"async\" width=\"768\" height=\"1024\" alt=\"\" class=\"wp-block-jetpack-slideshow_image wp-image-30420\" data-id=\"30420\" src=\"https:\/\/www.jungsi.de\/blog\/wp-content\/uploads\/Nokia-1011-Innen-768x1024.jpg\" srcset=\"https:\/\/www.jungsi.de\/blog\/wp-content\/uploads\/Nokia-1011-Innen-768x1024.jpg 768w, https:\/\/www.jungsi.de\/blog\/wp-content\/uploads\/Nokia-1011-Innen-225x300.jpg 225w, https:\/\/www.jungsi.de\/blog\/wp-content\/uploads\/Nokia-1011-Innen.jpg 1050w\" sizes=\"(max-width: 768px) 100vw, 768px\" \/><figcaption class=\"wp-block-jetpack-slideshow_caption gallery-caption\">Nokia 1011 &#8211; Innen<\/figcaption><\/figure><\/li><li class=\"wp-block-jetpack-slideshow_slide swiper-slide\"><figure><img loading=\"lazy\" decoding=\"async\" width=\"1024\" height=\"768\" alt=\"\" class=\"wp-block-jetpack-slideshow_image wp-image-30421\" data-id=\"30421\" src=\"https:\/\/www.jungsi.de\/blog\/wp-content\/uploads\/Nokia-1011-Verpackung-1024x768.jpg\" srcset=\"https:\/\/www.jungsi.de\/blog\/wp-content\/uploads\/Nokia-1011-Verpackung-1024x768.jpg 1024w, https:\/\/www.jungsi.de\/blog\/wp-content\/uploads\/Nokia-1011-Verpackung-300x225.jpg 300w, https:\/\/www.jungsi.de\/blog\/wp-content\/uploads\/Nokia-1011-Verpackung.jpg 1400w\" sizes=\"(max-width: 1024px) 100vw, 1024px\" \/><figcaption class=\"wp-block-jetpack-slideshow_caption gallery-caption\">Nokia 1011 &#8211; Verpackung<\/figcaption><\/figure><\/li><\/ul><a class=\"wp-block-jetpack-slideshow_button-prev swiper-button-prev swiper-button-white\" role=\"button\"><\/a><a class=\"wp-block-jetpack-slideshow_button-next swiper-button-next swiper-button-white\" role=\"button\"><\/a><a aria-label=\"Pause Slideshow\" class=\"wp-block-jetpack-slideshow_button-pause\" role=\"button\"><\/a><div class=\"wp-block-jetpack-slideshow_pagination swiper-pagination swiper-pagination-white\"><\/div><\/div><\/div>\n\n\n\n<p><strong>Nokia 1011 (1992)<\/strong><br>Dies ist das erste massenproduzierte Mobiltelefon, hergestellt von Nokia in Deutschland im Zeitraum 1992-1994 f\u00fcr das digitale GSM Mobilfunknetz.<br>GSM steht f\u00fcr<em> Global System for Mobile Communications<\/em> (urspr\u00fcnglich benannt nach dem Ausschuss, der daran arbeitete, <em>Groups Sp\u00e9cial Mobile<\/em>). GSM war ein europ\u00e4ischer Standard f\u00fcr fr\u00fche digitale Mobilfunknetze, was bedeutete, dass Mobiltelefonbenutzer ihre Telefone in ganz Europa benutzen konnten, ohne in jedem Land ein neues Handger\u00e4t kaufen zu m\u00fcssen. Ein Hauptmerkmal von GSM war das <em>Subscriber Identity Module<\/em>, allgemein als SIM-Karte bekannt. Das Nokia 1011 war das erste serienm\u00e4\u00dfig hergestellte GSM-Mobiltelefon und funktionierte bei seiner Markteinf\u00fchrung in 14 L\u00e4ndern.<\/p>\n\n\n\n<div class=\"wp-block-jetpack-slideshow aligncenter\" data-autoplay=\"true\" data-delay=\"5\" data-effect=\"fade\"><div class=\"wp-block-jetpack-slideshow_container swiper-container\"><ul class=\"wp-block-jetpack-slideshow_swiper-wrapper swiper-wrapper\"><li class=\"wp-block-jetpack-slideshow_slide swiper-slide\"><figure><img loading=\"lazy\" decoding=\"async\" width=\"768\" height=\"1024\" alt=\"\" class=\"wp-block-jetpack-slideshow_image wp-image-30417\" data-id=\"30417\" src=\"https:\/\/www.jungsi.de\/blog\/wp-content\/uploads\/Nokia-1610_2-768x1024.jpg\" srcset=\"https:\/\/www.jungsi.de\/blog\/wp-content\/uploads\/Nokia-1610_2-768x1024.jpg 768w, https:\/\/www.jungsi.de\/blog\/wp-content\/uploads\/Nokia-1610_2-225x300.jpg 225w\" sizes=\"(max-width: 768px) 100vw, 768px\" \/><figcaption class=\"wp-block-jetpack-slideshow_caption gallery-caption\">Nokia 1610<\/figcaption><\/figure><\/li><li class=\"wp-block-jetpack-slideshow_slide swiper-slide\"><figure><img loading=\"lazy\" decoding=\"async\" width=\"768\" height=\"1024\" alt=\"\" class=\"wp-block-jetpack-slideshow_image wp-image-30416\" data-id=\"30416\" src=\"https:\/\/www.jungsi.de\/blog\/wp-content\/uploads\/Nokia-1610-768x1024.jpg\" srcset=\"https:\/\/www.jungsi.de\/blog\/wp-content\/uploads\/Nokia-1610-768x1024.jpg 768w, https:\/\/www.jungsi.de\/blog\/wp-content\/uploads\/Nokia-1610-225x300.jpg 225w, https:\/\/www.jungsi.de\/blog\/wp-content\/uploads\/Nokia-1610.jpg 1050w\" sizes=\"(max-width: 768px) 100vw, 768px\" \/><figcaption class=\"wp-block-jetpack-slideshow_caption gallery-caption\">Nokia 1610<\/figcaption><\/figure><\/li><li class=\"wp-block-jetpack-slideshow_slide swiper-slide\"><figure><img loading=\"lazy\" decoding=\"async\" width=\"768\" height=\"1024\" alt=\"\" class=\"wp-block-jetpack-slideshow_image wp-image-30413\" data-id=\"30413\" src=\"https:\/\/www.jungsi.de\/blog\/wp-content\/uploads\/Nokia-1610-Anleitung-768x1024.jpg\" srcset=\"https:\/\/www.jungsi.de\/blog\/wp-content\/uploads\/Nokia-1610-Anleitung-768x1024.jpg 768w, https:\/\/www.jungsi.de\/blog\/wp-content\/uploads\/Nokia-1610-Anleitung-225x300.jpg 225w, https:\/\/www.jungsi.de\/blog\/wp-content\/uploads\/Nokia-1610-Anleitung.jpg 1400w\" sizes=\"(max-width: 768px) 100vw, 768px\" \/><figcaption class=\"wp-block-jetpack-slideshow_caption gallery-caption\">Nokia 1610 &#8211; Handbuch<\/figcaption><\/figure><\/li><li class=\"wp-block-jetpack-slideshow_slide swiper-slide\"><figure><img loading=\"lazy\" decoding=\"async\" width=\"1024\" height=\"768\" alt=\"\" class=\"wp-block-jetpack-slideshow_image wp-image-30414\" data-id=\"30414\" src=\"https:\/\/www.jungsi.de\/blog\/wp-content\/uploads\/Nokia-1610-Innen-1024x768.jpg\" srcset=\"https:\/\/www.jungsi.de\/blog\/wp-content\/uploads\/Nokia-1610-Innen-1024x768.jpg 1024w, https:\/\/www.jungsi.de\/blog\/wp-content\/uploads\/Nokia-1610-Innen-300x225.jpg 300w, https:\/\/www.jungsi.de\/blog\/wp-content\/uploads\/Nokia-1610-Innen.jpg 1400w\" sizes=\"(max-width: 1024px) 100vw, 1024px\" \/><figcaption class=\"wp-block-jetpack-slideshow_caption gallery-caption\">Nokia 1610 &#8211; Innenteil<\/figcaption><\/figure><\/li><li class=\"wp-block-jetpack-slideshow_slide swiper-slide\"><figure><img loading=\"lazy\" decoding=\"async\" width=\"1024\" height=\"768\" alt=\"\" class=\"wp-block-jetpack-slideshow_image wp-image-30415\" data-id=\"30415\" src=\"https:\/\/www.jungsi.de\/blog\/wp-content\/uploads\/Nokia-1610-Verpackung-1024x768.jpg\" srcset=\"https:\/\/www.jungsi.de\/blog\/wp-content\/uploads\/Nokia-1610-Verpackung-1024x768.jpg 1024w, https:\/\/www.jungsi.de\/blog\/wp-content\/uploads\/Nokia-1610-Verpackung-300x225.jpg 300w, https:\/\/www.jungsi.de\/blog\/wp-content\/uploads\/Nokia-1610-Verpackung.jpg 1400w\" sizes=\"(max-width: 1024px) 100vw, 1024px\" \/><figcaption class=\"wp-block-jetpack-slideshow_caption gallery-caption\">Nokia 1610 &#8211; Verpackung<\/figcaption><\/figure><\/li><\/ul><a class=\"wp-block-jetpack-slideshow_button-prev swiper-button-prev swiper-button-white\" role=\"button\"><\/a><a class=\"wp-block-jetpack-slideshow_button-next swiper-button-next swiper-button-white\" role=\"button\"><\/a><a aria-label=\"Pause Slideshow\" class=\"wp-block-jetpack-slideshow_button-pause\" role=\"button\"><\/a><div class=\"wp-block-jetpack-slideshow_pagination swiper-pagination swiper-pagination-white\"><\/div><\/div><\/div>\n\n\n\n<p class=\"has-text-align-left\"><strong>Nokia 1610 (1996)<\/strong><br>Das&nbsp;<strong>Nokia&nbsp;1610<\/strong>&nbsp;stammt&nbsp;aus&nbsp;dem&nbsp;Jahr&nbsp;1996,&nbsp;wiegt&nbsp;260&nbsp;Gramm&nbsp;und&nbsp;wurde&nbsp;f\u00fcr&nbsp;GSM&nbsp;900,&nbsp;also&nbsp;f\u00fcr&nbsp;das&nbsp;deutsche&nbsp;D-Netz&nbsp;ausgeliefert.&nbsp;Die&nbsp;Variante&nbsp;f\u00fcr&nbsp;das&nbsp;E-Netz&nbsp;hie\u00df&nbsp;<strong>Nokia&nbsp;Energy<\/strong>.&nbsp;<br>Das&nbsp;Nachfolgemodell&nbsp;<strong>Nokia&nbsp;1611<\/strong>&nbsp;kann&nbsp;SMS&nbsp;verschicken.&nbsp;Es&nbsp;wurde&nbsp;ebenfalls&nbsp;f\u00fcr&nbsp;das&nbsp;D-Netz&nbsp;angeboten&nbsp;und musste&nbsp;wie&nbsp;auch&nbsp;das&nbsp;1610&nbsp;mit&nbsp;den&nbsp;alten&nbsp;SIM-Karten&nbsp;betrieben&nbsp;werden.<\/p>","protected":false},"excerpt":{"rendered":"<p>Telekommunikation Nokia 1011 (1992)Dies ist das erste massenproduzierte Mobiltelefon, hergestellt von Nokia in Deutschland im Zeitraum 1992-1994 f\u00fcr das digitale GSM Mobilfunknetz.GSM steht f\u00fcr Global \u2026<\/p>","protected":false},"author":2,"featured_media":30413,"parent":0,"menu_order":0,"comment_status":"closed","ping_status":"closed","template":"","meta":{"_lmt_disableupdate":"","_lmt_disable":"","ngg_post_thumbnail":0,"jetpack_post_was_ever_published":false,"footnotes":"","_links_to":"","_links_to_target":""},"class_list":["post-30394","page","type-page","status-publish","has-post-thumbnail","hentry"],"jetpack_shortlink":"https:\/\/wp.me\/P4eXvk-7Ue","jetpack_sharing_enabled":true,"jetpack_likes_enabled":true,"jetpack-related-posts":[],"_links":{"self":[{"href":"https:\/\/www.jungsi.de\/en\/wp-json\/wp\/v2\/pages\/30394","targetHints":{"allow":["GET"]}}],"collection":[{"href":"https:\/\/www.jungsi.de\/en\/wp-json\/wp\/v2\/pages"}],"about":[{"href":"https:\/\/www.jungsi.de\/en\/wp-json\/wp\/v2\/types\/page"}],"author":[{"embeddable":true,"href":"https:\/\/www.jungsi.de\/en\/wp-json\/wp\/v2\/users\/2"}],"replies":[{"embeddable":true,"href":"https:\/\/www.jungsi.de\/en\/wp-json\/wp\/v2\/comments?post=30394"}],"version-history":[{"count":0,"href":"https:\/\/www.jungsi.de\/en\/wp-json\/wp\/v2\/pages\/30394\/revisions"}],"wp:featuredmedia":[{"embeddable":true,"href":"https:\/\/www.jungsi.de\/en\/wp-json\/wp\/v2\/media\/30413"}],"wp:attachment":[{"href":"https:\/\/www.jungsi.de\/en\/wp-json\/wp\/v2\/media?parent=30394"}],"curies":[{"name":"wp","href":"https:\/\/api.w.org\/{rel}","templated":true}]}}