{"id":29128,"date":"2023-02-06T20:13:42","date_gmt":"2023-02-06T19:13:42","guid":{"rendered":"https:\/\/www.jungsi.de\/?page_id=29128"},"modified":"2026-03-28T18:57:38","modified_gmt":"2026-03-28T17:57:38","slug":"playstation-2","status":"publish","type":"page","link":"https:\/\/www.jungsi.de\/en\/konsolen\/sony-konsolen\/playstation-2\/","title":{"rendered":"Sony Playstation 2"},"content":{"rendered":"<p><\/p>\n\n\n\n<h2 class=\"wp-block-heading has-text-align-center\">Sony Playstation 2<\/h2>\n\n\n\n<figure class=\"wp-block-image size-large\"><img loading=\"lazy\" decoding=\"async\" width=\"1024\" height=\"768\" data-attachment-id=\"32912\" data-permalink=\"https:\/\/www.jungsi.de\/en\/konsolen\/sony-konsolen\/playstation-2\/ps2-schraeg-oben-2\/\" data-orig-file=\"https:\/\/www.jungsi.de\/blog\/wp-content\/uploads\/PS2-schraeg-oben-1.jpg\" data-orig-size=\"1400,1050\" data-comments-opened=\"1\" data-image-meta=\"{&quot;aperture&quot;:&quot;1.8&quot;,&quot;credit&quot;:&quot;&quot;,&quot;camera&quot;:&quot;iPad Pro (12.9-inch) (4th generation)&quot;,&quot;caption&quot;:&quot;&quot;,&quot;created_timestamp&quot;:&quot;1675776823&quot;,&quot;copyright&quot;:&quot;&quot;,&quot;focal_length&quot;:&quot;3&quot;,&quot;iso&quot;:&quot;320&quot;,&quot;shutter_speed&quot;:&quot;0.033333333333333&quot;,&quot;title&quot;:&quot;&quot;,&quot;orientation&quot;:&quot;1&quot;}\" data-image-title=\"PS2 &amp;#8211; schr\u00e4g oben\" data-image-description=\"&lt;p&gt;Sony Playstation 2&lt;\/p&gt;\" data-image-caption=\"&lt;p&gt;Sony Playstation 2&lt;\/p&gt;\" data-large-file=\"https:\/\/www.jungsi.de\/blog\/wp-content\/uploads\/PS2-schraeg-oben-1-1024x768.jpg\" src=\"https:\/\/www.jungsi.de\/blog\/wp-content\/uploads\/PS2-schraeg-oben-1-1024x768.jpg\" alt=\"Sony Playstation 2\" class=\"wp-image-32912\" srcset=\"https:\/\/www.jungsi.de\/blog\/wp-content\/uploads\/PS2-schraeg-oben-1-1024x768.jpg 1024w, https:\/\/www.jungsi.de\/blog\/wp-content\/uploads\/PS2-schraeg-oben-1-300x225.jpg 300w, https:\/\/www.jungsi.de\/blog\/wp-content\/uploads\/PS2-schraeg-oben-1.jpg 1400w\" sizes=\"auto, (max-width: 1024px) 100vw, 1024px\" \/><figcaption class=\"wp-element-caption\">Sony Playstation 2<\/figcaption><\/figure>\n\n\n\n<p>Die PlayStation 2 ist bis heute die meistverkaufte Spielekonsole aller Zeiten \u2014 und das aus gutem Grund. Sony traf mit ihr gleich mehrere kluge Entscheidungen auf einmal: Der eingebaute DVD-Player machte die PS2 f\u00fcr viele Haushalte gleichzeitig zur Heimkinol\u00f6sung, was den Kaufanreiz enorm steigerte. Die R\u00fcckw\u00e4rtskompatibilit\u00e4t mit PS1-Titeln sorgte daf\u00fcr, dass Besitzer der Vorg\u00e4ngerkonsole sofort einen riesigen Spielevorrat hatten. Technisch legte der Emotion Engine-Prozessor die Grundlage f\u00fcr eine Spielebibliothek von schier unglaublichem Umfang: \u00dcber 4.000 Titel erschienen weltweit f\u00fcr das System, darunter Meilensteine wie Grand Theft Auto III, Shadow of the Colossus, Ico und God of War. Die PS2 erschien im Jahr 2000 und wurde erst 2013 offiziell eingestellt \u2014 eine Produktionszeit von 13 Jahren, die ihresgleichen sucht. \u00dcber 155 Millionen verkaufte Einheiten machen sie zur erfolgreichsten Konsole der Videosspielgeschichte.<\/p>\n\n\n\n<table id=\"tablepress-302\" class=\"tablepress tablepress-id-302\">\n<tbody>\n<tr class=\"row-1\">\n\t<td class=\"column-1\"><strong>Ver\u00f6ffentlichung:<\/strong><\/td><td class=\"column-2\">2000<\/td>\n<\/tr>\n<tr class=\"row-2\">\n\t<td class=\"column-1\"><strong>verkaufte Einheiten:<\/strong><\/td><td class=\"column-2\">ca. 155 Millionen<\/td>\n<\/tr>\n<tr class=\"row-3\">\n\t<td class=\"column-1\"><strong>Generation:<\/strong><\/td><td class=\"column-2\">6. Konsolen-Generation<\/td>\n<\/tr>\n<tr class=\"row-4\">\n\t<td class=\"column-1\"><strong>CPU:<\/strong><\/td><td class=\"column-2\">128-Bit &#8222;Emotion Engine&#8220;<br \/>\nTaktfrequenz: 299 MHz (PAL)<\/td>\n<\/tr>\n<tr class=\"row-5\">\n\t<td class=\"column-1\"><strong>Speicher:<\/strong><\/td><td class=\"column-2\">32 MB<\/td>\n<\/tr>\n<tr class=\"row-6\">\n\t<td class=\"column-1\"><strong>Grafik:<\/strong><\/td><td class=\"column-2\">&#8222;Graphics Synthesizer&#8220; (GS)<br \/>\n4 MB DRAM<\/td>\n<\/tr>\n<tr class=\"row-7\">\n\t<td class=\"column-1\"><strong>Farbtiefe:<\/strong><\/td><td class=\"column-2\">24-Bit (16.7 Millionen Farben)<\/td>\n<\/tr>\n<tr class=\"row-8\">\n\t<td class=\"column-1\"><strong>Aufl\u00f6sung:<\/strong><\/td><td class=\"column-2\">256 x 224 bis 1280 x 1024 Pixel<\/td>\n<\/tr>\n<tr class=\"row-9\">\n\t<td class=\"column-1\"><strong>Sound:<\/strong><\/td><td class=\"column-2\">SPU2, 48 simultane Kan\u00e4le<br \/>\nSamplingrate: 44.1 kHz (CD-Qualit\u00e4t)<\/td>\n<\/tr>\n<tr class=\"row-10\">\n\t<td class=\"column-1\"><strong>Laufwerk:<\/strong><\/td><td class=\"column-2\">24-fach (CD), 4-fach (DVD)<\/td>\n<\/tr>\n<\/tbody>\n<\/table>\n<!-- #tablepress-302 from cache -->","protected":false},"excerpt":{"rendered":"<p>Sony Playstation 2 Die PlayStation 2 ist bis heute die meistverkaufte Spielekonsole aller Zeiten \u2014 und das aus gutem Grund. Sony traf mit ihr gleich \u2026<\/p>","protected":false},"author":2,"featured_media":29129,"parent":29124,"menu_order":0,"comment_status":"closed","ping_status":"closed","template":"","meta":{"_lmt_disableupdate":"","_lmt_disable":"","ngg_post_thumbnail":0,"jetpack_post_was_ever_published":false,"footnotes":"","_links_to":"","_links_to_target":""},"class_list":["post-29128","page","type-page","status-publish","has-post-thumbnail","hentry"],"jetpack_shortlink":"https:\/\/wp.me\/P4eXvk-7zO","jetpack_sharing_enabled":true,"jetpack_likes_enabled":true,"jetpack-related-posts":[{"id":29124,"url":"https:\/\/www.jungsi.de\/en\/konsolen\/sony-konsolen\/","url_meta":{"origin":29128,"position":0},"title":"Sony Konsolen","author":"Jungsi","date":"6. February 2023","format":false,"excerpt":"Sony Konsolen Playstation 1 Playstation 2 Playstation 3 Hier ist eine kurze \u00dcbersicht der wichtigsten Playstation-Konsolen von Sony: 1. PlayStation (PS1) (1994) Beschreibung: Sonys erste Heimvideospielkonsole, die den Grundstein f\u00fcr die PlayStation-Marke legte. Sie revolutionierte die Branche mit 3D-Grafiken und CD-ROMs. Besonderheit: Erfolgreiche Titel wie Final Fantasy VII, Metal Gear\u2026","rel":"","context":"Similar post","block_context":{"text":"Similar post","link":""},"img":{"alt_text":"","src":"","width":0,"height":0},"classes":[]},{"id":27865,"url":"https:\/\/www.jungsi.de\/en\/handheld-konsolen\/alle-anderen-handhelds\/sony-psp\/","url_meta":{"origin":29128,"position":1},"title":"Sony PSP","author":"Jungsi","date":"31. July 2024","format":false,"excerpt":"Sony PSP Sony PSP Street Die Sony PlayStation Portable (PSP) war ein bedeutender Schritt in der Welt der tragbaren Spielekonsolen und markierte Sonys ersten Vorsto\u00df in den Handheld-Gaming-Markt. Die PSP wurde schnell zu einer der beliebtesten tragbaren Konsolen ihrer Zeit und brachte eine neue Dimension von Multimedia-F\u00e4higkeiten in die Welt\u2026","rel":"","context":"Similar post","block_context":{"text":"Similar post","link":""},"img":{"alt_text":"","src":"https:\/\/i0.wp.com\/www.jungsi.de\/blog\/wp-content\/uploads\/PSP-Street-2.jpg?resize=350%2C200&ssl=1","width":350,"height":200,"srcset":"https:\/\/i0.wp.com\/www.jungsi.de\/blog\/wp-content\/uploads\/PSP-Street-2.jpg?resize=350%2C200&ssl=1 1x, https:\/\/i0.wp.com\/www.jungsi.de\/blog\/wp-content\/uploads\/PSP-Street-2.jpg?resize=525%2C300&ssl=1 1.5x, https:\/\/i0.wp.com\/www.jungsi.de\/blog\/wp-content\/uploads\/PSP-Street-2.jpg?resize=700%2C400&ssl=1 2x, https:\/\/i0.wp.com\/www.jungsi.de\/blog\/wp-content\/uploads\/PSP-Street-2.jpg?resize=1050%2C600&ssl=1 3x, https:\/\/i0.wp.com\/www.jungsi.de\/blog\/wp-content\/uploads\/PSP-Street-2.jpg?resize=1400%2C800&ssl=1 4x"},"classes":[]},{"id":18078,"url":"https:\/\/www.jungsi.de\/en\/konsolen\/","url_meta":{"origin":29128,"position":2},"title":"Konsolen","author":"Jungsi","date":"30. July 2017","format":false,"excerpt":"Konsolen Sammlung Konsolen 12_2018 Konsolen sind auch f\u00fcr mich ein \"neueres\" Thema. Die erste eigene Spielkonsole war vor l\u00e4ngerer Zeit eine gebrauchte Sony Playstation. Die erste eigene neue Konsole war dann 2009 die Nintendo Wii und 2018 die Nintendo Switch. Da mich die Technik immer schon interessierte, ich aber fr\u00fcher\u2026","rel":"","context":"Similar post","block_context":{"text":"Similar post","link":""},"img":{"alt_text":"","src":"https:\/\/i0.wp.com\/www.jungsi.de\/blog\/wp-content\/uploads\/Konsolen.jpg?resize=350%2C200&ssl=1","width":350,"height":200,"srcset":"https:\/\/i0.wp.com\/www.jungsi.de\/blog\/wp-content\/uploads\/Konsolen.jpg?resize=350%2C200&ssl=1 1x, https:\/\/i0.wp.com\/www.jungsi.de\/blog\/wp-content\/uploads\/Konsolen.jpg?resize=525%2C300&ssl=1 1.5x, https:\/\/i0.wp.com\/www.jungsi.de\/blog\/wp-content\/uploads\/Konsolen.jpg?resize=700%2C400&ssl=1 2x"},"classes":[]},{"id":35159,"url":"https:\/\/www.jungsi.de\/en\/konsolen-emulator\/","url_meta":{"origin":29128,"position":3},"title":"Konsolen-Emulator","author":"Jungsi","date":"18. January 2025","format":false,"excerpt":"Hier eine Liste meiner Konsolen, die auf Emulatoren basieren (oft als \u201aMini\u2018-Version erh\u00e4ltlich), geordnet nach Erscheinungsdatum. Nintendo Classic Mini (2016) SNES Classic Mini (2017) Neo Geo Mini (2018) PlayStation Classic (2018) Sega Mega Drive Mini (2019) Evercade VS (2021) Sega Mega Drive Mini II (2022) Atari 2600+ (2023) Evercade VS\u2026","rel":"","context":"Similar post","block_context":{"text":"Similar post","link":""},"img":{"alt_text":"Nintendo Classic Mini","src":"https:\/\/i0.wp.com\/www.jungsi.de\/blog\/wp-content\/uploads\/Nintendo-Classic-Mini.jpg?resize=350%2C200&ssl=1","width":350,"height":200,"srcset":"https:\/\/i0.wp.com\/www.jungsi.de\/blog\/wp-content\/uploads\/Nintendo-Classic-Mini.jpg?resize=350%2C200&ssl=1 1x, https:\/\/i0.wp.com\/www.jungsi.de\/blog\/wp-content\/uploads\/Nintendo-Classic-Mini.jpg?resize=525%2C300&ssl=1 1.5x, https:\/\/i0.wp.com\/www.jungsi.de\/blog\/wp-content\/uploads\/Nintendo-Classic-Mini.jpg?resize=700%2C400&ssl=1 2x, https:\/\/i0.wp.com\/www.jungsi.de\/blog\/wp-content\/uploads\/Nintendo-Classic-Mini.jpg?resize=1050%2C600&ssl=1 3x, https:\/\/i0.wp.com\/www.jungsi.de\/blog\/wp-content\/uploads\/Nintendo-Classic-Mini.jpg?resize=1400%2C800&ssl=1 4x"},"classes":[]},{"id":28315,"url":"https:\/\/www.jungsi.de\/en\/konsolen\/sega-konsolen\/","url_meta":{"origin":29128,"position":4},"title":"Sega Konsolen","author":"Jungsi","date":"16. January 2023","format":false,"excerpt":"Sega Konsolen Sega Master System \u2013 Sega Master System II Sega Mega Drive \u2013 Sega Mega Drive II Sega Saturn Sega Dreamcast Sega ist eine bekannte japanische Videospiel- und Konsolenherstellerin, die mehrere bedeutende Spielekonsolen ver\u00f6ffentlicht hat. Hier ist eine kurze \u00dcbersicht der wichtigsten Sega-Konsolen: 1. SG-1000 (1983) Beschreibung: Segas erste\u2026","rel":"","context":"Similar post","block_context":{"text":"Similar post","link":""},"img":{"alt_text":"","src":"","width":0,"height":0},"classes":[]},{"id":27787,"url":"https:\/\/www.jungsi.de\/en\/heimcomputer\/msx-sony-hitbit-75-p\/sony-hitbit-75-p\/","url_meta":{"origin":29128,"position":5},"title":"Sony HitBit 75-P","author":"Jungsi","date":"16. January 2023","format":false,"excerpt":"Sony HitBit 75-P Sony HitBit 75-P Sony war mit dem HitBit (1984) eine der ersten Firmen, die auf dem deutschen Markt einen MSX-Computer anboten. Abgesehen von Basisfunktionen, die bei allen MSX-Rechnern gleich waren, stach der Sony durch eine \"Peronal Data Bank\" zur Speicherung von Telefonnummern, Terminen und Notizen etwas hervor.Was\u2026","rel":"","context":"Similar post","block_context":{"text":"Similar post","link":""},"img":{"alt_text":"Sony HitBit 75P","src":"https:\/\/i0.wp.com\/www.jungsi.de\/blog\/wp-content\/uploads\/Sony-HitBit-75P-oben.jpg?resize=350%2C200&ssl=1","width":350,"height":200,"srcset":"https:\/\/i0.wp.com\/www.jungsi.de\/blog\/wp-content\/uploads\/Sony-HitBit-75P-oben.jpg?resize=350%2C200&ssl=1 1x, https:\/\/i0.wp.com\/www.jungsi.de\/blog\/wp-content\/uploads\/Sony-HitBit-75P-oben.jpg?resize=525%2C300&ssl=1 1.5x, https:\/\/i0.wp.com\/www.jungsi.de\/blog\/wp-content\/uploads\/Sony-HitBit-75P-oben.jpg?resize=700%2C400&ssl=1 2x, https:\/\/i0.wp.com\/www.jungsi.de\/blog\/wp-content\/uploads\/Sony-HitBit-75P-oben.jpg?resize=1050%2C600&ssl=1 3x, https:\/\/i0.wp.com\/www.jungsi.de\/blog\/wp-content\/uploads\/Sony-HitBit-75P-oben.jpg?resize=1400%2C800&ssl=1 4x"},"classes":[]}],"_links":{"self":[{"href":"https:\/\/www.jungsi.de\/en\/wp-json\/wp\/v2\/pages\/29128","targetHints":{"allow":["GET"]}}],"collection":[{"href":"https:\/\/www.jungsi.de\/en\/wp-json\/wp\/v2\/pages"}],"about":[{"href":"https:\/\/www.jungsi.de\/en\/wp-json\/wp\/v2\/types\/page"}],"author":[{"embeddable":true,"href":"https:\/\/www.jungsi.de\/en\/wp-json\/wp\/v2\/users\/2"}],"replies":[{"embeddable":true,"href":"https:\/\/www.jungsi.de\/en\/wp-json\/wp\/v2\/comments?post=29128"}],"version-history":[{"count":1,"href":"https:\/\/www.jungsi.de\/en\/wp-json\/wp\/v2\/pages\/29128\/revisions"}],"predecessor-version":[{"id":40533,"href":"https:\/\/www.jungsi.de\/en\/wp-json\/wp\/v2\/pages\/29128\/revisions\/40533"}],"up":[{"embeddable":true,"href":"https:\/\/www.jungsi.de\/en\/wp-json\/wp\/v2\/pages\/29124"}],"wp:featuredmedia":[{"embeddable":true,"href":"https:\/\/www.jungsi.de\/en\/wp-json\/wp\/v2\/media\/29129"}],"wp:attachment":[{"href":"https:\/\/www.jungsi.de\/en\/wp-json\/wp\/v2\/media?parent=29128"}],"curies":[{"name":"wp","href":"https:\/\/api.w.org\/{rel}","templated":true}]}}