{"id":29080,"date":"2023-02-06T12:33:30","date_gmt":"2023-02-06T11:33:30","guid":{"rendered":"https:\/\/www.jungsi.de\/?page_id=29080"},"modified":"2023-02-06T12:35:34","modified_gmt":"2023-02-06T11:35:34","slug":"joysticks-controller","status":"publish","type":"page","link":"https:\/\/www.jungsi.de\/en\/die-sammlung\/joysticks-controller\/","title":{"rendered":"Joysticks\/Controller"},"content":{"rendered":"<p><\/p>\n\n\n\n<h2 class=\"has-text-align-center wp-block-heading\"><strong>Joysticks und Controller<\/strong><\/h2>\n\n\n\n<figure class=\"wp-block-gallery has-nested-images columns-default is-cropped wp-block-gallery-1 is-layout-flex wp-block-gallery-is-layout-flex\">\n<figure class=\"wp-block-image size-large\"><img decoding=\"async\" data-id=\"29081\" src=\"https:\/\/www.jungsi.de\/blog\/wp-content\/uploads\/Apple-IIe-Joystick-1.jpg\" alt=\"Apple IIe - Joystick\" class=\"wp-image-29081\"\/><figcaption class=\"wp-element-caption\">Apple IIe &#8211; Joystick<\/figcaption><\/figure>\n\n\n\n<figure class=\"wp-block-image size-large\"><img loading=\"lazy\" decoding=\"async\" width=\"1024\" height=\"768\" data-attachment-id=\"29088\" data-permalink=\"https:\/\/www.jungsi.de\/en\/die-sammlung\/joysticks-controller\/arcader-joystick-transparent\/\" data-orig-file=\"https:\/\/www.jungsi.de\/blog\/wp-content\/uploads\/ArcadeR-Joystick-transparent.jpg\" data-orig-size=\"1400,1050\" data-comments-opened=\"1\" data-image-meta=\"{&quot;aperture&quot;:&quot;3.5&quot;,&quot;credit&quot;:&quot;&quot;,&quot;camera&quot;:&quot;Canon PowerShot SX260 HS&quot;,&quot;caption&quot;:&quot;&quot;,&quot;created_timestamp&quot;:&quot;1610805547&quot;,&quot;copyright&quot;:&quot;&quot;,&quot;focal_length&quot;:&quot;4.5&quot;,&quot;iso&quot;:&quot;800&quot;,&quot;shutter_speed&quot;:&quot;0.05&quot;,&quot;title&quot;:&quot;&quot;,&quot;orientation&quot;:&quot;1&quot;}\" data-image-title=\"ArcadeR Joystick &amp;#8211; transparent\" data-image-description=\"&lt;p&gt;ArcadeR&lt;\/p&gt;\" data-image-caption=\"&lt;p&gt;ArcadeR&lt;\/p&gt;\" data-large-file=\"https:\/\/www.jungsi.de\/blog\/wp-content\/uploads\/ArcadeR-Joystick-transparent-1024x768.jpg\" data-id=\"29088\" src=\"https:\/\/www.jungsi.de\/blog\/wp-content\/uploads\/ArcadeR-Joystick-transparent-1024x768.jpg\" alt=\"ArcadeR\" class=\"wp-image-29088\" srcset=\"https:\/\/www.jungsi.de\/blog\/wp-content\/uploads\/ArcadeR-Joystick-transparent-1024x768.jpg 1024w, https:\/\/www.jungsi.de\/blog\/wp-content\/uploads\/ArcadeR-Joystick-transparent-300x225.jpg 300w, https:\/\/www.jungsi.de\/blog\/wp-content\/uploads\/ArcadeR-Joystick-transparent.jpg 1400w\" sizes=\"auto, (max-width: 1024px) 100vw, 1024px\" \/><figcaption class=\"wp-element-caption\">ArcadeR<\/figcaption><\/figure>\n\n\n\n<figure class=\"wp-block-image size-large\"><img loading=\"lazy\" decoding=\"async\" width=\"600\" height=\"450\" data-attachment-id=\"29089\" data-permalink=\"https:\/\/www.jungsi.de\/en\/die-sammlung\/joysticks-controller\/competition-pro-retro-1-2\/\" data-orig-file=\"https:\/\/www.jungsi.de\/blog\/wp-content\/uploads\/Competition-Pro-Retro-1.jpg\" data-orig-size=\"600,450\" data-comments-opened=\"1\" data-image-meta=\"{&quot;aperture&quot;:&quot;4&quot;,&quot;credit&quot;:&quot;&quot;,&quot;camera&quot;:&quot;Canon PowerShot SX260 HS&quot;,&quot;caption&quot;:&quot;&quot;,&quot;created_timestamp&quot;:&quot;1410283577&quot;,&quot;copyright&quot;:&quot;&quot;,&quot;focal_length&quot;:&quot;6.733&quot;,&quot;iso&quot;:&quot;1600&quot;,&quot;shutter_speed&quot;:&quot;0.05&quot;,&quot;title&quot;:&quot;&quot;,&quot;orientation&quot;:&quot;1&quot;}\" data-image-title=\"Competition Pro Retro 1\" data-image-description=\"&lt;p&gt;Competition Pro Retro&lt;\/p&gt;\" data-image-caption=\"&lt;p&gt;Competition Pro Retro&lt;\/p&gt;\" data-large-file=\"https:\/\/www.jungsi.de\/blog\/wp-content\/uploads\/Competition-Pro-Retro-1.jpg\" data-id=\"29089\" src=\"https:\/\/www.jungsi.de\/blog\/wp-content\/uploads\/Competition-Pro-Retro-1.jpg\" alt=\"Competition Pro Retro\" class=\"wp-image-29089\" srcset=\"https:\/\/www.jungsi.de\/blog\/wp-content\/uploads\/Competition-Pro-Retro-1.jpg 600w, https:\/\/www.jungsi.de\/blog\/wp-content\/uploads\/Competition-Pro-Retro-1-300x225.jpg 300w\" sizes=\"auto, (max-width: 600px) 100vw, 600px\" \/><figcaption class=\"wp-element-caption\">Competition Pro Retro<\/figcaption><\/figure>\n\n\n\n<figure class=\"wp-block-image size-large\"><img loading=\"lazy\" decoding=\"async\" width=\"1024\" height=\"768\" data-attachment-id=\"29082\" data-permalink=\"https:\/\/www.jungsi.de\/en\/die-sammlung\/joysticks-controller\/datex-joy-ball\/\" data-orig-file=\"https:\/\/www.jungsi.de\/blog\/wp-content\/uploads\/Datex-Joy-Ball.jpg\" data-orig-size=\"1400,1050\" data-comments-opened=\"1\" data-image-meta=\"{&quot;aperture&quot;:&quot;3.5&quot;,&quot;credit&quot;:&quot;&quot;,&quot;camera&quot;:&quot;Canon PowerShot SX260 HS&quot;,&quot;caption&quot;:&quot;&quot;,&quot;created_timestamp&quot;:&quot;1603124400&quot;,&quot;copyright&quot;:&quot;&quot;,&quot;focal_length&quot;:&quot;5.639&quot;,&quot;iso&quot;:&quot;800&quot;,&quot;shutter_speed&quot;:&quot;0.05&quot;,&quot;title&quot;:&quot;&quot;,&quot;orientation&quot;:&quot;1&quot;}\" data-image-title=\"Datex Joy Ball\" data-image-description=\"&lt;p&gt;Datex Joy Ball&lt;\/p&gt;\" data-image-caption=\"&lt;p&gt;Datex Joy Ball&lt;\/p&gt;\" data-large-file=\"https:\/\/www.jungsi.de\/blog\/wp-content\/uploads\/Datex-Joy-Ball-1024x768.jpg\" data-id=\"29082\" src=\"https:\/\/www.jungsi.de\/blog\/wp-content\/uploads\/Datex-Joy-Ball-1024x768.jpg\" alt=\"Datex Joy Ball\" class=\"wp-image-29082\" srcset=\"https:\/\/www.jungsi.de\/blog\/wp-content\/uploads\/Datex-Joy-Ball-1024x768.jpg 1024w, https:\/\/www.jungsi.de\/blog\/wp-content\/uploads\/Datex-Joy-Ball-300x225.jpg 300w, https:\/\/www.jungsi.de\/blog\/wp-content\/uploads\/Datex-Joy-Ball.jpg 1400w\" sizes=\"auto, (max-width: 1024px) 100vw, 1024px\" \/><figcaption class=\"wp-element-caption\">Datex Joy Ball<\/figcaption><\/figure>\n\n\n\n<figure class=\"wp-block-image size-large\"><img loading=\"lazy\" decoding=\"async\" width=\"1024\" height=\"768\" data-attachment-id=\"29083\" data-permalink=\"https:\/\/www.jungsi.de\/en\/die-sammlung\/joysticks-controller\/dragon-joysticks-2\/\" data-orig-file=\"https:\/\/www.jungsi.de\/blog\/wp-content\/uploads\/Dragon-Joysticks-1.jpg\" data-orig-size=\"1400,1050\" data-comments-opened=\"1\" data-image-meta=\"{&quot;aperture&quot;:&quot;1.8&quot;,&quot;credit&quot;:&quot;&quot;,&quot;camera&quot;:&quot;iPad Pro (12.9-inch) (4th generation)&quot;,&quot;caption&quot;:&quot;&quot;,&quot;created_timestamp&quot;:&quot;1649440769&quot;,&quot;copyright&quot;:&quot;&quot;,&quot;focal_length&quot;:&quot;3&quot;,&quot;iso&quot;:&quot;500&quot;,&quot;shutter_speed&quot;:&quot;0.033333333333333&quot;,&quot;title&quot;:&quot;&quot;,&quot;orientation&quot;:&quot;1&quot;}\" data-image-title=\"Dragon Joysticks\" data-image-description=\"&lt;p&gt;Dragon Joysticks&lt;\/p&gt;\" data-image-caption=\"&lt;p&gt;Dragon Joysticks&lt;\/p&gt;\" data-large-file=\"https:\/\/www.jungsi.de\/blog\/wp-content\/uploads\/Dragon-Joysticks-1-1024x768.jpg\" data-id=\"29083\" src=\"https:\/\/www.jungsi.de\/blog\/wp-content\/uploads\/Dragon-Joysticks-1-1024x768.jpg\" alt=\"Dragon Joysticks\" class=\"wp-image-29083\" srcset=\"https:\/\/www.jungsi.de\/blog\/wp-content\/uploads\/Dragon-Joysticks-1-1024x768.jpg 1024w, https:\/\/www.jungsi.de\/blog\/wp-content\/uploads\/Dragon-Joysticks-1-300x225.jpg 300w, https:\/\/www.jungsi.de\/blog\/wp-content\/uploads\/Dragon-Joysticks-1.jpg 1400w\" sizes=\"auto, (max-width: 1024px) 100vw, 1024px\" \/><figcaption class=\"wp-element-caption\">Dragon Joysticks<\/figcaption><\/figure>\n\n\n\n<figure class=\"wp-block-image size-large\"><img loading=\"lazy\" decoding=\"async\" width=\"1024\" height=\"768\" data-attachment-id=\"29084\" data-permalink=\"https:\/\/www.jungsi.de\/en\/die-sammlung\/joysticks-controller\/joystick-commodore-264-reihe-3\/\" data-orig-file=\"https:\/\/www.jungsi.de\/blog\/wp-content\/uploads\/Joystick-Commodore-264-Reihe-2.jpg\" data-orig-size=\"1400,1050\" data-comments-opened=\"1\" data-image-meta=\"{&quot;aperture&quot;:&quot;3.5&quot;,&quot;credit&quot;:&quot;&quot;,&quot;camera&quot;:&quot;Canon PowerShot SX260 HS&quot;,&quot;caption&quot;:&quot;&quot;,&quot;created_timestamp&quot;:&quot;1520088650&quot;,&quot;copyright&quot;:&quot;&quot;,&quot;focal_length&quot;:&quot;4.5&quot;,&quot;iso&quot;:&quot;320&quot;,&quot;shutter_speed&quot;:&quot;0.033333333333333&quot;,&quot;title&quot;:&quot;&quot;,&quot;orientation&quot;:&quot;1&quot;}\" data-image-title=\"Joystick Commodore 264-Reihe\" data-image-description=\"&lt;p&gt;Joystick Commodore 264-Reihe&lt;\/p&gt;\" data-image-caption=\"&lt;p&gt;Joystick 1341&lt;\/p&gt;\" data-large-file=\"https:\/\/www.jungsi.de\/blog\/wp-content\/uploads\/Joystick-Commodore-264-Reihe-2-1024x768.jpg\" data-id=\"29084\" src=\"https:\/\/www.jungsi.de\/blog\/wp-content\/uploads\/Joystick-Commodore-264-Reihe-2-1024x768.jpg\" alt=\"Joystick Commodore 264-Reihe\" class=\"wp-image-29084\" srcset=\"https:\/\/www.jungsi.de\/blog\/wp-content\/uploads\/Joystick-Commodore-264-Reihe-2-1024x768.jpg 1024w, https:\/\/www.jungsi.de\/blog\/wp-content\/uploads\/Joystick-Commodore-264-Reihe-2-300x225.jpg 300w, https:\/\/www.jungsi.de\/blog\/wp-content\/uploads\/Joystick-Commodore-264-Reihe-2.jpg 1400w\" sizes=\"auto, (max-width: 1024px) 100vw, 1024px\" \/><figcaption class=\"wp-element-caption\">Joystick Commodore 264-Reihe<\/figcaption><\/figure>\n\n\n\n<figure class=\"wp-block-image size-large\"><img loading=\"lazy\" decoding=\"async\" width=\"768\" height=\"1024\" data-attachment-id=\"29085\" data-permalink=\"https:\/\/www.jungsi.de\/en\/die-sammlung\/joysticks-controller\/joystick-gelbe-buttons\/\" data-orig-file=\"https:\/\/www.jungsi.de\/blog\/wp-content\/uploads\/Joystick-gelbe-Buttons.jpg\" data-orig-size=\"1050,1400\" data-comments-opened=\"1\" data-image-meta=\"{&quot;aperture&quot;:&quot;3.5&quot;,&quot;credit&quot;:&quot;&quot;,&quot;camera&quot;:&quot;Canon PowerShot SX260 HS&quot;,&quot;caption&quot;:&quot;&quot;,&quot;created_timestamp&quot;:&quot;1603124413&quot;,&quot;copyright&quot;:&quot;&quot;,&quot;focal_length&quot;:&quot;5.639&quot;,&quot;iso&quot;:&quot;400&quot;,&quot;shutter_speed&quot;:&quot;0.033333333333333&quot;,&quot;title&quot;:&quot;&quot;,&quot;orientation&quot;:&quot;1&quot;}\" data-image-title=\"Joystick gelbe Buttons\" data-image-description=\"&lt;p&gt;Joystick gelbe Buttons&lt;\/p&gt;\" data-image-caption=\"&lt;p&gt;Joystick gelbe Buttons&lt;\/p&gt;\" data-large-file=\"https:\/\/www.jungsi.de\/blog\/wp-content\/uploads\/Joystick-gelbe-Buttons-768x1024.jpg\" data-id=\"29085\" src=\"https:\/\/www.jungsi.de\/blog\/wp-content\/uploads\/Joystick-gelbe-Buttons-768x1024.jpg\" alt=\"Joystick gelbe Buttons\" class=\"wp-image-29085\" srcset=\"https:\/\/www.jungsi.de\/blog\/wp-content\/uploads\/Joystick-gelbe-Buttons-768x1024.jpg 768w, https:\/\/www.jungsi.de\/blog\/wp-content\/uploads\/Joystick-gelbe-Buttons-225x300.jpg 225w, https:\/\/www.jungsi.de\/blog\/wp-content\/uploads\/Joystick-gelbe-Buttons.jpg 1050w\" sizes=\"auto, (max-width: 768px) 100vw, 768px\" \/><figcaption class=\"wp-element-caption\">Joystick gelbe Buttons<\/figcaption><\/figure>\n\n\n\n<figure class=\"wp-block-image size-large\"><img loading=\"lazy\" decoding=\"async\" width=\"600\" height=\"800\" data-attachment-id=\"29086\" data-permalink=\"https:\/\/www.jungsi.de\/en\/die-sammlung\/joysticks-controller\/sinclair-joystick-2-2\/\" data-orig-file=\"https:\/\/www.jungsi.de\/blog\/wp-content\/uploads\/Sinclair-Joystick-2-1.jpg\" data-orig-size=\"600,800\" data-comments-opened=\"1\" data-image-meta=\"{&quot;aperture&quot;:&quot;3.5&quot;,&quot;credit&quot;:&quot;&quot;,&quot;camera&quot;:&quot;Canon PowerShot SX260 HS&quot;,&quot;caption&quot;:&quot;&quot;,&quot;created_timestamp&quot;:&quot;1437397243&quot;,&quot;copyright&quot;:&quot;&quot;,&quot;focal_length&quot;:&quot;4.5&quot;,&quot;iso&quot;:&quot;400&quot;,&quot;shutter_speed&quot;:&quot;0.033333333333333&quot;,&quot;title&quot;:&quot;&quot;,&quot;orientation&quot;:&quot;1&quot;}\" data-image-title=\"Sinclair Joystick 2\" data-image-description=\"&lt;p&gt;Sinclair Joystick&lt;\/p&gt;\" data-image-caption=\"&lt;p&gt;Sinclair Joystick&lt;\/p&gt;\" data-large-file=\"https:\/\/www.jungsi.de\/blog\/wp-content\/uploads\/Sinclair-Joystick-2-1.jpg\" data-id=\"29086\" src=\"https:\/\/www.jungsi.de\/blog\/wp-content\/uploads\/Sinclair-Joystick-2-1.jpg\" alt=\"Sinclair Joystick\" class=\"wp-image-29086\" srcset=\"https:\/\/www.jungsi.de\/blog\/wp-content\/uploads\/Sinclair-Joystick-2-1.jpg 600w, https:\/\/www.jungsi.de\/blog\/wp-content\/uploads\/Sinclair-Joystick-2-1-225x300.jpg 225w\" sizes=\"auto, (max-width: 600px) 100vw, 600px\" \/><figcaption class=\"wp-element-caption\">Sinclair Joystick<\/figcaption><\/figure>\n\n\n\n<figure class=\"wp-block-image size-large\"><img loading=\"lazy\" decoding=\"async\" width=\"375\" height=\"500\" data-attachment-id=\"29087\" data-permalink=\"https:\/\/www.jungsi.de\/en\/die-sammlung\/joysticks-controller\/exif_jpeg_picture-372\/\" data-orig-file=\"https:\/\/www.jungsi.de\/blog\/wp-content\/uploads\/TI-99-4A-Joysticks.jpg\" data-orig-size=\"375,500\" data-comments-opened=\"1\" data-image-meta=\"{&quot;aperture&quot;:&quot;3.6&quot;,&quot;credit&quot;:&quot;&quot;,&quot;camera&quot;:&quot;RICOH R8&quot;,&quot;caption&quot;:&quot;Exif_JPEG_PICTURE&quot;,&quot;created_timestamp&quot;:&quot;1413482477&quot;,&quot;copyright&quot;:&quot;(C) by RICOH R8 User&quot;,&quot;focal_length&quot;:&quot;5.7&quot;,&quot;iso&quot;:&quot;200&quot;,&quot;shutter_speed&quot;:&quot;0.5&quot;,&quot;title&quot;:&quot;Exif_JPEG_PICTURE&quot;,&quot;orientation&quot;:&quot;1&quot;}\" data-image-title=\"TI 99 4\/A Joysticks\" data-image-description=\"&lt;p&gt;TI 99 4\/A Joysticks&lt;\/p&gt;\" data-image-caption=\"&lt;p&gt;TI 99 4\/A Joysticks&lt;\/p&gt;\" data-large-file=\"https:\/\/www.jungsi.de\/blog\/wp-content\/uploads\/TI-99-4A-Joysticks.jpg\" data-id=\"29087\" src=\"https:\/\/www.jungsi.de\/blog\/wp-content\/uploads\/TI-99-4A-Joysticks.jpg\" alt=\"TI 99 4\/A Joysticks\" class=\"wp-image-29087\" srcset=\"https:\/\/www.jungsi.de\/blog\/wp-content\/uploads\/TI-99-4A-Joysticks.jpg 375w, https:\/\/www.jungsi.de\/blog\/wp-content\/uploads\/TI-99-4A-Joysticks-225x300.jpg 225w\" sizes=\"auto, (max-width: 375px) 100vw, 375px\" \/><figcaption class=\"wp-element-caption\">TI 99 4\/A Joysticks<\/figcaption><\/figure>\n<\/figure>","protected":false},"excerpt":{"rendered":"<p>Joysticks und Controller<\/p>","protected":false},"author":2,"featured_media":29082,"parent":18072,"menu_order":0,"comment_status":"closed","ping_status":"closed","template":"","meta":{"_lmt_disableupdate":"","_lmt_disable":"","ngg_post_thumbnail":0,"jetpack_post_was_ever_published":false,"footnotes":"","_links_to":"","_links_to_target":""},"class_list":["post-29080","page","type-page","status-publish","has-post-thumbnail","hentry"],"jetpack_shortlink":"https:\/\/wp.me\/P4eXvk-7z2","jetpack_sharing_enabled":true,"jetpack_likes_enabled":true,"jetpack-related-posts":[{"id":21596,"url":"https:\/\/www.jungsi.de\/en\/heimcomputer\/apple\/apple-iie\/","url_meta":{"origin":29080,"position":0},"title":"Apple IIe","author":"Jungsi","date":"22. December 2018","format":false,"excerpt":"Apple IIe Apple IIe Der Apple IIe, ver\u00f6ffentlicht im Jahr 1983, war ausgestattet mit einer MOS 6502 CPU, 64 KByte Speicher, 32 KByte ROM und acht Erweiterungsslots. Dieser Computer war der Nachfolger des weniger erfolgreichen Apple III, der aufgrund seines hohen Preises und mangelnder Kompatibilit\u00e4t nicht gut ankam (Reihenfolge: Apple\u2026","rel":"","context":"Similar post","block_context":{"text":"Similar post","link":""},"img":{"alt_text":"Printer Interface","src":"https:\/\/i0.wp.com\/www.jungsi.de\/blog\/wp-content\/uploads\/Printer-Interface-Oberseite.jpg?resize=350%2C200&ssl=1","width":350,"height":200,"srcset":"https:\/\/i0.wp.com\/www.jungsi.de\/blog\/wp-content\/uploads\/Printer-Interface-Oberseite.jpg?resize=350%2C200&ssl=1 1x, https:\/\/i0.wp.com\/www.jungsi.de\/blog\/wp-content\/uploads\/Printer-Interface-Oberseite.jpg?resize=525%2C300&ssl=1 1.5x, https:\/\/i0.wp.com\/www.jungsi.de\/blog\/wp-content\/uploads\/Printer-Interface-Oberseite.jpg?resize=700%2C400&ssl=1 2x, https:\/\/i0.wp.com\/www.jungsi.de\/blog\/wp-content\/uploads\/Printer-Interface-Oberseite.jpg?resize=1050%2C600&ssl=1 3x, https:\/\/i0.wp.com\/www.jungsi.de\/blog\/wp-content\/uploads\/Printer-Interface-Oberseite.jpg?resize=1400%2C800&ssl=1 4x"},"classes":[]},{"id":27739,"url":"https:\/\/www.jungsi.de\/en\/heimcomputer\/acorn\/acorn-bbc-micro-model-b-2\/","url_meta":{"origin":29080,"position":1},"title":"Acorn BBC Micro Model B","author":"Jungsi","date":"16. January 2023","format":false,"excerpt":"Acorn BBC Micro Model B Acorn BBC Micro Model B Der Acorn BBC Micro war der Computer von Acorn f\u00fcr Schulen, konnte aber auch f\u00fcr den privaten Gebrauch bestellt werden. Im Inneren hatte er 32kB RAM (Modell A hatte 16kB) und eine 6502 CPU, die normalerweise von Rockwell hergestellt wurde.\u2026","rel":"","context":"Similar post","block_context":{"text":"Similar post","link":""},"img":{"alt_text":"Micro MMC","src":"https:\/\/i0.wp.com\/www.jungsi.de\/blog\/wp-content\/uploads\/Micro-MMC-Platine.jpg?resize=350%2C200&ssl=1","width":350,"height":200,"srcset":"https:\/\/i0.wp.com\/www.jungsi.de\/blog\/wp-content\/uploads\/Micro-MMC-Platine.jpg?resize=350%2C200&ssl=1 1x, https:\/\/i0.wp.com\/www.jungsi.de\/blog\/wp-content\/uploads\/Micro-MMC-Platine.jpg?resize=525%2C300&ssl=1 1.5x, https:\/\/i0.wp.com\/www.jungsi.de\/blog\/wp-content\/uploads\/Micro-MMC-Platine.jpg?resize=700%2C400&ssl=1 2x, https:\/\/i0.wp.com\/www.jungsi.de\/blog\/wp-content\/uploads\/Micro-MMC-Platine.jpg?resize=1050%2C600&ssl=1 3x, https:\/\/i0.wp.com\/www.jungsi.de\/blog\/wp-content\/uploads\/Micro-MMC-Platine.jpg?resize=1400%2C800&ssl=1 4x"},"classes":[]},{"id":27698,"url":"https:\/\/www.jungsi.de\/en\/heimcomputer\/sonstige-hersteller\/dragon-32\/","url_meta":{"origin":29080,"position":2},"title":"Dragon 32","author":"Jungsi","date":"13. January 2023","format":false,"excerpt":"Dragon 32 Dragon 32 Der Dragon 32 war Mettoys Versuch, sich im aufstrebenden Markt der Heimcomputer zu etablieren. Das Projekt startete Ende 1981 mit begrenzter Entwicklungszeit. Aufgrund des engen Zeitplans wurde Microsoft BASIC lizenziert, was die Auswahl an Prozessoren einschr\u00e4nkte. Die Wahl fiel auf den Motorola 6809, der gut zum\u2026","rel":"","context":"Similar post","block_context":{"text":"Similar post","link":""},"img":{"alt_text":"Joystick Adapter","src":"https:\/\/i0.wp.com\/www.jungsi.de\/blog\/wp-content\/uploads\/Joystick-Adapter.jpg?resize=350%2C200&ssl=1","width":350,"height":200,"srcset":"https:\/\/i0.wp.com\/www.jungsi.de\/blog\/wp-content\/uploads\/Joystick-Adapter.jpg?resize=350%2C200&ssl=1 1x, https:\/\/i0.wp.com\/www.jungsi.de\/blog\/wp-content\/uploads\/Joystick-Adapter.jpg?resize=525%2C300&ssl=1 1.5x, https:\/\/i0.wp.com\/www.jungsi.de\/blog\/wp-content\/uploads\/Joystick-Adapter.jpg?resize=700%2C400&ssl=1 2x, https:\/\/i0.wp.com\/www.jungsi.de\/blog\/wp-content\/uploads\/Joystick-Adapter.jpg?resize=1050%2C600&ssl=1 3x, https:\/\/i0.wp.com\/www.jungsi.de\/blog\/wp-content\/uploads\/Joystick-Adapter.jpg?resize=1400%2C800&ssl=1 4x"},"classes":[]},{"id":18145,"url":"https:\/\/www.jungsi.de\/en\/heimcomputer\/sonstige-hersteller\/enterprise-128\/","url_meta":{"origin":29080,"position":3},"title":"Enterprise 128","author":"Jungsi","date":"1. August 2017","format":false,"excerpt":"Enterprise 128 Enterprise 128 Der Computer Enterprise, der bereits 1983 angek\u00fcndigt wurde, kam erst 1985 auf den Markt. H\u00e4tte er den Markt rechtzeitig erreicht, h\u00e4tte er sehr erfolgreich sein k\u00f6nnen. Er verf\u00fcgte \u00fcber einen Z80-Prozessor und zwei spezielle Chips, die nach ihren Entwicklern Nick (f\u00fcr Grafik) und Dave (f\u00fcr Sound)\u2026","rel":"","context":"Similar post","block_context":{"text":"Similar post","link":""},"img":{"alt_text":"Kassettenrekorder","src":"https:\/\/i0.wp.com\/www.jungsi.de\/blog\/wp-content\/uploads\/Enterprise-Kassettenrekorder.jpg?resize=350%2C200&ssl=1","width":350,"height":200},"classes":[]},{"id":18216,"url":"https:\/\/www.jungsi.de\/en\/konsolen\/sonstige-konsolen\/interton-vc4000\/","url_meta":{"origin":29080,"position":4},"title":"Interton VC4000","author":"Jungsi","date":"8. August 2017","format":false,"excerpt":"Interton VC4000 Interton VC4000 Das VC 4000 von Interton ist die einzige Spielkonsole, die in Westdeutschland \"entwickelt\" wurde, allerdings mit vielen Bauteilen aus dem Ausland. Interton, der Hersteller, hatte zuvor bereits Erfahrungen mit Pong-Konsolen gesammelt. Das VC 4000 kam 1978 auf den Markt und war deutlich g\u00fcnstiger als die amerikanische\u2026","rel":"","context":"Similar post","block_context":{"text":"Similar post","link":""},"img":{"alt_text":"Interton VC4000","src":"https:\/\/i0.wp.com\/www.jungsi.de\/blog\/wp-content\/uploads\/interton-vc4000.jpg?resize=350%2C200&ssl=1","width":350,"height":200,"srcset":"https:\/\/i0.wp.com\/www.jungsi.de\/blog\/wp-content\/uploads\/interton-vc4000.jpg?resize=350%2C200&ssl=1 1x, https:\/\/i0.wp.com\/www.jungsi.de\/blog\/wp-content\/uploads\/interton-vc4000.jpg?resize=525%2C300&ssl=1 1.5x, https:\/\/i0.wp.com\/www.jungsi.de\/blog\/wp-content\/uploads\/interton-vc4000.jpg?resize=700%2C400&ssl=1 2x"},"classes":[]},{"id":35159,"url":"https:\/\/www.jungsi.de\/en\/konsolen-emulator\/","url_meta":{"origin":29080,"position":5},"title":"Konsolen-Emulator","author":"Jungsi","date":"18. January 2025","format":false,"excerpt":"Hier eine Liste meiner Konsolen, die auf Emulatoren basieren (oft als \u201aMini\u2018-Version erh\u00e4ltlich), geordnet nach Erscheinungsdatum. Nintendo Classic Mini (2016) SNES Classic Mini (2017) Neo Geo Mini (2018) PlayStation Classic (2018) Sega Mega Drive Mini (2019) Evercade VS (2021) Sega Mega Drive Mini II (2022) Atari 2600+ (2023) Evercade VS\u2026","rel":"","context":"Similar post","block_context":{"text":"Similar post","link":""},"img":{"alt_text":"Nintendo Classic Mini","src":"https:\/\/i0.wp.com\/www.jungsi.de\/blog\/wp-content\/uploads\/Nintendo-Classic-Mini.jpg?resize=350%2C200&ssl=1","width":350,"height":200,"srcset":"https:\/\/i0.wp.com\/www.jungsi.de\/blog\/wp-content\/uploads\/Nintendo-Classic-Mini.jpg?resize=350%2C200&ssl=1 1x, https:\/\/i0.wp.com\/www.jungsi.de\/blog\/wp-content\/uploads\/Nintendo-Classic-Mini.jpg?resize=525%2C300&ssl=1 1.5x, https:\/\/i0.wp.com\/www.jungsi.de\/blog\/wp-content\/uploads\/Nintendo-Classic-Mini.jpg?resize=700%2C400&ssl=1 2x, https:\/\/i0.wp.com\/www.jungsi.de\/blog\/wp-content\/uploads\/Nintendo-Classic-Mini.jpg?resize=1050%2C600&ssl=1 3x, https:\/\/i0.wp.com\/www.jungsi.de\/blog\/wp-content\/uploads\/Nintendo-Classic-Mini.jpg?resize=1400%2C800&ssl=1 4x"},"classes":[]}],"_links":{"self":[{"href":"https:\/\/www.jungsi.de\/en\/wp-json\/wp\/v2\/pages\/29080","targetHints":{"allow":["GET"]}}],"collection":[{"href":"https:\/\/www.jungsi.de\/en\/wp-json\/wp\/v2\/pages"}],"about":[{"href":"https:\/\/www.jungsi.de\/en\/wp-json\/wp\/v2\/types\/page"}],"author":[{"embeddable":true,"href":"https:\/\/www.jungsi.de\/en\/wp-json\/wp\/v2\/users\/2"}],"replies":[{"embeddable":true,"href":"https:\/\/www.jungsi.de\/en\/wp-json\/wp\/v2\/comments?post=29080"}],"version-history":[{"count":0,"href":"https:\/\/www.jungsi.de\/en\/wp-json\/wp\/v2\/pages\/29080\/revisions"}],"up":[{"embeddable":true,"href":"https:\/\/www.jungsi.de\/en\/wp-json\/wp\/v2\/pages\/18072"}],"wp:featuredmedia":[{"embeddable":true,"href":"https:\/\/www.jungsi.de\/en\/wp-json\/wp\/v2\/media\/29082"}],"wp:attachment":[{"href":"https:\/\/www.jungsi.de\/en\/wp-json\/wp\/v2\/media?parent=29080"}],"curies":[{"name":"wp","href":"https:\/\/api.w.org\/{rel}","templated":true}]}}