{"id":29069,"date":"2023-02-06T12:11:15","date_gmt":"2023-02-06T11:11:15","guid":{"rendered":"https:\/\/www.jungsi.de\/?page_id=29069"},"modified":"2025-07-17T10:40:00","modified_gmt":"2025-07-17T08:40:00","slug":"load","status":"publish","type":"page","link":"https:\/\/www.jungsi.de\/en\/die-sammlung\/literatur\/sonstige\/load\/","title":{"rendered":"LOAD"},"content":{"rendered":"<p><\/p>\n\n\n\n<h2 class=\"wp-block-heading has-text-align-center\"><strong>LOAD<\/strong><\/h2>\n\n\n\n<figure class=\"wp-block-gallery has-nested-images columns-default is-cropped wp-block-gallery-1 is-layout-flex wp-block-gallery-is-layout-flex\">\n<figure class=\"wp-block-image size-large\"><img loading=\"lazy\" decoding=\"async\" width=\"768\" height=\"1024\" data-attachment-id=\"29070\" data-permalink=\"https:\/\/www.jungsi.de\/en\/die-sammlung\/literatur\/sonstige\/load\/load-1\/\" data-orig-file=\"https:\/\/www.jungsi.de\/blog\/wp-content\/uploads\/Load-1.jpg\" data-orig-size=\"1050,1400\" data-comments-opened=\"1\" data-image-meta=\"{&quot;aperture&quot;:&quot;1.8&quot;,&quot;credit&quot;:&quot;&quot;,&quot;camera&quot;:&quot;iPad Pro (12.9-inch) (4th generation)&quot;,&quot;caption&quot;:&quot;&quot;,&quot;created_timestamp&quot;:&quot;1673875013&quot;,&quot;copyright&quot;:&quot;&quot;,&quot;focal_length&quot;:&quot;3&quot;,&quot;iso&quot;:&quot;80&quot;,&quot;shutter_speed&quot;:&quot;0.016666666666667&quot;,&quot;title&quot;:&quot;&quot;,&quot;orientation&quot;:&quot;1&quot;}\" data-image-title=\"Load 1\" data-image-description=\"&lt;p&gt;Load 1&lt;\/p&gt;\" data-image-caption=\"&lt;p&gt;Load 1&lt;\/p&gt;\" data-large-file=\"https:\/\/www.jungsi.de\/blog\/wp-content\/uploads\/Load-1-768x1024.jpg\" data-id=\"29070\" src=\"https:\/\/www.jungsi.de\/blog\/wp-content\/uploads\/Load-1-768x1024.jpg\" alt=\"Load 1\" class=\"wp-image-29070\" srcset=\"https:\/\/www.jungsi.de\/blog\/wp-content\/uploads\/Load-1-768x1024.jpg 768w, https:\/\/www.jungsi.de\/blog\/wp-content\/uploads\/Load-1-225x300.jpg 225w, https:\/\/www.jungsi.de\/blog\/wp-content\/uploads\/Load-1.jpg 1050w\" sizes=\"auto, (max-width: 768px) 100vw, 768px\" \/><figcaption class=\"wp-element-caption\">Load 1<\/figcaption><\/figure>\n\n\n\n<figure class=\"wp-block-image size-large\"><img loading=\"lazy\" decoding=\"async\" width=\"768\" height=\"1024\" data-attachment-id=\"29071\" data-permalink=\"https:\/\/www.jungsi.de\/en\/die-sammlung\/literatur\/sonstige\/load\/load-2\/\" data-orig-file=\"https:\/\/www.jungsi.de\/blog\/wp-content\/uploads\/Load-2.jpg\" data-orig-size=\"1050,1400\" data-comments-opened=\"1\" data-image-meta=\"{&quot;aperture&quot;:&quot;1.8&quot;,&quot;credit&quot;:&quot;&quot;,&quot;camera&quot;:&quot;iPad Pro (12.9-inch) (4th generation)&quot;,&quot;caption&quot;:&quot;&quot;,&quot;created_timestamp&quot;:&quot;1673874910&quot;,&quot;copyright&quot;:&quot;&quot;,&quot;focal_length&quot;:&quot;3&quot;,&quot;iso&quot;:&quot;64&quot;,&quot;shutter_speed&quot;:&quot;0.016666666666667&quot;,&quot;title&quot;:&quot;&quot;,&quot;orientation&quot;:&quot;1&quot;}\" data-image-title=\"Load 2\" data-image-description=\"&lt;p&gt;Load 2&lt;\/p&gt;\" data-image-caption=\"&lt;p&gt;Load 2&lt;\/p&gt;\" data-large-file=\"https:\/\/www.jungsi.de\/blog\/wp-content\/uploads\/Load-2-768x1024.jpg\" data-id=\"29071\" src=\"https:\/\/www.jungsi.de\/blog\/wp-content\/uploads\/Load-2-768x1024.jpg\" alt=\"Load 2\" class=\"wp-image-29071\" srcset=\"https:\/\/www.jungsi.de\/blog\/wp-content\/uploads\/Load-2-768x1024.jpg 768w, https:\/\/www.jungsi.de\/blog\/wp-content\/uploads\/Load-2-225x300.jpg 225w, https:\/\/www.jungsi.de\/blog\/wp-content\/uploads\/Load-2.jpg 1050w\" sizes=\"auto, (max-width: 768px) 100vw, 768px\" \/><figcaption class=\"wp-element-caption\">Load 2<\/figcaption><\/figure>\n\n\n\n<figure class=\"wp-block-image size-large\"><img loading=\"lazy\" decoding=\"async\" width=\"768\" height=\"1024\" data-attachment-id=\"29072\" data-permalink=\"https:\/\/www.jungsi.de\/en\/die-sammlung\/literatur\/sonstige\/load\/load-3\/\" data-orig-file=\"https:\/\/www.jungsi.de\/blog\/wp-content\/uploads\/Load-3.jpg\" data-orig-size=\"1050,1400\" data-comments-opened=\"1\" data-image-meta=\"{&quot;aperture&quot;:&quot;1.8&quot;,&quot;credit&quot;:&quot;&quot;,&quot;camera&quot;:&quot;iPad Pro (12.9-inch) (4th generation)&quot;,&quot;caption&quot;:&quot;&quot;,&quot;created_timestamp&quot;:&quot;1675594479&quot;,&quot;copyright&quot;:&quot;&quot;,&quot;focal_length&quot;:&quot;3&quot;,&quot;iso&quot;:&quot;250&quot;,&quot;shutter_speed&quot;:&quot;0.02&quot;,&quot;title&quot;:&quot;&quot;,&quot;orientation&quot;:&quot;1&quot;}\" data-image-title=\"Load 3\" data-image-description=\"&lt;p&gt;Load 3&lt;\/p&gt;\" data-image-caption=\"&lt;p&gt;Load 3&lt;\/p&gt;\" data-large-file=\"https:\/\/www.jungsi.de\/blog\/wp-content\/uploads\/Load-3-768x1024.jpg\" data-id=\"29072\" src=\"https:\/\/www.jungsi.de\/blog\/wp-content\/uploads\/Load-3-768x1024.jpg\" alt=\"Load 3\" class=\"wp-image-29072\" srcset=\"https:\/\/www.jungsi.de\/blog\/wp-content\/uploads\/Load-3-768x1024.jpg 768w, https:\/\/www.jungsi.de\/blog\/wp-content\/uploads\/Load-3-225x300.jpg 225w, https:\/\/www.jungsi.de\/blog\/wp-content\/uploads\/Load-3.jpg 1050w\" sizes=\"auto, (max-width: 768px) 100vw, 768px\" \/><figcaption class=\"wp-element-caption\">Load 3<\/figcaption><\/figure>\n\n\n\n<figure class=\"wp-block-image size-large\"><img loading=\"lazy\" decoding=\"async\" width=\"768\" height=\"1024\" data-attachment-id=\"29073\" data-permalink=\"https:\/\/www.jungsi.de\/en\/die-sammlung\/literatur\/sonstige\/load\/load-4\/\" data-orig-file=\"https:\/\/www.jungsi.de\/blog\/wp-content\/uploads\/Load-4.jpg\" data-orig-size=\"1050,1400\" data-comments-opened=\"1\" data-image-meta=\"{&quot;aperture&quot;:&quot;3.5&quot;,&quot;credit&quot;:&quot;&quot;,&quot;camera&quot;:&quot;Canon PowerShot SX260 HS&quot;,&quot;caption&quot;:&quot;&quot;,&quot;created_timestamp&quot;:&quot;1527776366&quot;,&quot;copyright&quot;:&quot;&quot;,&quot;focal_length&quot;:&quot;4.5&quot;,&quot;iso&quot;:&quot;250&quot;,&quot;shutter_speed&quot;:&quot;0.033333333333333&quot;,&quot;title&quot;:&quot;&quot;,&quot;orientation&quot;:&quot;1&quot;}\" data-image-title=\"Load 4\" data-image-description=\"&lt;p&gt;Load 4&lt;\/p&gt;\" data-image-caption=\"&lt;p&gt;Load 4&lt;\/p&gt;\" data-large-file=\"https:\/\/www.jungsi.de\/blog\/wp-content\/uploads\/Load-4-768x1024.jpg\" data-id=\"29073\" src=\"https:\/\/www.jungsi.de\/blog\/wp-content\/uploads\/Load-4-768x1024.jpg\" alt=\"Load 4\" class=\"wp-image-29073\" srcset=\"https:\/\/www.jungsi.de\/blog\/wp-content\/uploads\/Load-4-768x1024.jpg 768w, https:\/\/www.jungsi.de\/blog\/wp-content\/uploads\/Load-4-225x300.jpg 225w, https:\/\/www.jungsi.de\/blog\/wp-content\/uploads\/Load-4.jpg 1050w\" sizes=\"auto, (max-width: 768px) 100vw, 768px\" \/><figcaption class=\"wp-element-caption\">Load 4<\/figcaption><\/figure>\n\n\n\n<figure class=\"wp-block-image size-large\"><img loading=\"lazy\" decoding=\"async\" width=\"768\" height=\"1024\" data-attachment-id=\"29074\" data-permalink=\"https:\/\/www.jungsi.de\/en\/die-sammlung\/literatur\/sonstige\/load\/load-5\/\" data-orig-file=\"https:\/\/www.jungsi.de\/blog\/wp-content\/uploads\/Load-5.jpg\" data-orig-size=\"1050,1400\" data-comments-opened=\"1\" data-image-meta=\"{&quot;aperture&quot;:&quot;1.8&quot;,&quot;credit&quot;:&quot;&quot;,&quot;camera&quot;:&quot;iPad Pro (12.9-inch) (4th generation)&quot;,&quot;caption&quot;:&quot;&quot;,&quot;created_timestamp&quot;:&quot;1673874899&quot;,&quot;copyright&quot;:&quot;&quot;,&quot;focal_length&quot;:&quot;3&quot;,&quot;iso&quot;:&quot;50&quot;,&quot;shutter_speed&quot;:&quot;0.016666666666667&quot;,&quot;title&quot;:&quot;&quot;,&quot;orientation&quot;:&quot;1&quot;}\" data-image-title=\"Load 5\" data-image-description=\"&lt;p&gt;Load 5&lt;\/p&gt;\" data-image-caption=\"&lt;p&gt;Load 5&lt;\/p&gt;\" data-large-file=\"https:\/\/www.jungsi.de\/blog\/wp-content\/uploads\/Load-5-768x1024.jpg\" data-id=\"29074\" src=\"https:\/\/www.jungsi.de\/blog\/wp-content\/uploads\/Load-5-768x1024.jpg\" alt=\"Load 5\" class=\"wp-image-29074\" srcset=\"https:\/\/www.jungsi.de\/blog\/wp-content\/uploads\/Load-5-768x1024.jpg 768w, https:\/\/www.jungsi.de\/blog\/wp-content\/uploads\/Load-5-225x300.jpg 225w, https:\/\/www.jungsi.de\/blog\/wp-content\/uploads\/Load-5.jpg 1050w\" sizes=\"auto, (max-width: 768px) 100vw, 768px\" \/><figcaption class=\"wp-element-caption\">Load 5<\/figcaption><\/figure>\n\n\n\n<figure class=\"wp-block-image size-large\"><img loading=\"lazy\" decoding=\"async\" width=\"768\" height=\"1024\" data-attachment-id=\"29075\" data-permalink=\"https:\/\/www.jungsi.de\/en\/die-sammlung\/literatur\/sonstige\/load\/load-6\/\" data-orig-file=\"https:\/\/www.jungsi.de\/blog\/wp-content\/uploads\/Load-6.jpg\" data-orig-size=\"1050,1400\" data-comments-opened=\"1\" data-image-meta=\"{&quot;aperture&quot;:&quot;3.5&quot;,&quot;credit&quot;:&quot;&quot;,&quot;camera&quot;:&quot;Canon PowerShot SX260 HS&quot;,&quot;caption&quot;:&quot;&quot;,&quot;created_timestamp&quot;:&quot;1590232993&quot;,&quot;copyright&quot;:&quot;&quot;,&quot;focal_length&quot;:&quot;4.5&quot;,&quot;iso&quot;:&quot;160&quot;,&quot;shutter_speed&quot;:&quot;0.033333333333333&quot;,&quot;title&quot;:&quot;&quot;,&quot;orientation&quot;:&quot;1&quot;}\" data-image-title=\"Load 6\" data-image-description=\"&lt;p&gt;Load 6&lt;\/p&gt;\" data-image-caption=\"&lt;p&gt;Load 6&lt;\/p&gt;\" data-large-file=\"https:\/\/www.jungsi.de\/blog\/wp-content\/uploads\/Load-6-768x1024.jpg\" data-id=\"29075\" src=\"https:\/\/www.jungsi.de\/blog\/wp-content\/uploads\/Load-6-768x1024.jpg\" alt=\"Load 6\" class=\"wp-image-29075\" srcset=\"https:\/\/www.jungsi.de\/blog\/wp-content\/uploads\/Load-6-768x1024.jpg 768w, https:\/\/www.jungsi.de\/blog\/wp-content\/uploads\/Load-6-225x300.jpg 225w, https:\/\/www.jungsi.de\/blog\/wp-content\/uploads\/Load-6.jpg 1050w\" sizes=\"auto, (max-width: 768px) 100vw, 768px\" \/><figcaption class=\"wp-element-caption\">Load 6<\/figcaption><\/figure>\n\n\n\n<figure class=\"wp-block-image size-large\"><img loading=\"lazy\" decoding=\"async\" width=\"576\" height=\"1024\" data-attachment-id=\"29076\" data-permalink=\"https:\/\/www.jungsi.de\/en\/die-sammlung\/literatur\/sonstige\/load\/load-7\/\" data-orig-file=\"https:\/\/www.jungsi.de\/blog\/wp-content\/uploads\/Load-7.jpg\" data-orig-size=\"788,1400\" data-comments-opened=\"1\" data-image-meta=\"{&quot;aperture&quot;:&quot;10&quot;,&quot;credit&quot;:&quot;&quot;,&quot;camera&quot;:&quot;DMC-G70&quot;,&quot;caption&quot;:&quot;&quot;,&quot;created_timestamp&quot;:&quot;1617356452&quot;,&quot;copyright&quot;:&quot;&quot;,&quot;focal_length&quot;:&quot;15&quot;,&quot;iso&quot;:&quot;1600&quot;,&quot;shutter_speed&quot;:&quot;0.05&quot;,&quot;title&quot;:&quot;&quot;,&quot;orientation&quot;:&quot;1&quot;}\" data-image-title=\"Load 7\" data-image-description=\"&lt;p&gt;Load 7&lt;\/p&gt;\" data-image-caption=\"&lt;p&gt;Load 7&lt;\/p&gt;\" data-large-file=\"https:\/\/www.jungsi.de\/blog\/wp-content\/uploads\/Load-7-576x1024.jpg\" data-id=\"29076\" src=\"https:\/\/www.jungsi.de\/blog\/wp-content\/uploads\/Load-7-576x1024.jpg\" alt=\"Load 7\" class=\"wp-image-29076\" srcset=\"https:\/\/www.jungsi.de\/blog\/wp-content\/uploads\/Load-7-576x1024.jpg 576w, https:\/\/www.jungsi.de\/blog\/wp-content\/uploads\/Load-7-169x300.jpg 169w, https:\/\/www.jungsi.de\/blog\/wp-content\/uploads\/Load-7.jpg 788w\" sizes=\"auto, (max-width: 576px) 100vw, 576px\" \/><figcaption class=\"wp-element-caption\">Load 7<\/figcaption><\/figure>\n\n\n\n<figure class=\"wp-block-image size-large\"><img loading=\"lazy\" decoding=\"async\" width=\"768\" height=\"1024\" data-attachment-id=\"29077\" data-permalink=\"https:\/\/www.jungsi.de\/en\/die-sammlung\/literatur\/sonstige\/load\/load-8\/\" data-orig-file=\"https:\/\/www.jungsi.de\/blog\/wp-content\/uploads\/Load-8.jpg\" data-orig-size=\"1050,1400\" data-comments-opened=\"1\" data-image-meta=\"{&quot;aperture&quot;:&quot;1.8&quot;,&quot;credit&quot;:&quot;&quot;,&quot;camera&quot;:&quot;iPad Pro (12.9-inch) (4th generation)&quot;,&quot;caption&quot;:&quot;&quot;,&quot;created_timestamp&quot;:&quot;1650717331&quot;,&quot;copyright&quot;:&quot;&quot;,&quot;focal_length&quot;:&quot;3&quot;,&quot;iso&quot;:&quot;320&quot;,&quot;shutter_speed&quot;:&quot;0.025&quot;,&quot;title&quot;:&quot;&quot;,&quot;orientation&quot;:&quot;1&quot;}\" data-image-title=\"Load 8\" data-image-description=\"&lt;p&gt;Load 8&lt;\/p&gt;\" data-image-caption=\"&lt;p&gt;Load 8&lt;\/p&gt;\" data-large-file=\"https:\/\/www.jungsi.de\/blog\/wp-content\/uploads\/Load-8-768x1024.jpg\" data-id=\"29077\" src=\"https:\/\/www.jungsi.de\/blog\/wp-content\/uploads\/Load-8-768x1024.jpg\" alt=\"Load 8\" class=\"wp-image-29077\" srcset=\"https:\/\/www.jungsi.de\/blog\/wp-content\/uploads\/Load-8-768x1024.jpg 768w, https:\/\/www.jungsi.de\/blog\/wp-content\/uploads\/Load-8-225x300.jpg 225w, https:\/\/www.jungsi.de\/blog\/wp-content\/uploads\/Load-8.jpg 1050w\" sizes=\"auto, (max-width: 768px) 100vw, 768px\" \/><figcaption class=\"wp-element-caption\">Load 8<\/figcaption><\/figure>\n\n\n\n<figure class=\"wp-block-image size-large\"><img loading=\"lazy\" decoding=\"async\" width=\"768\" height=\"1024\" data-attachment-id=\"33028\" data-permalink=\"https:\/\/www.jungsi.de\/en\/die-sammlung\/literatur\/sonstige\/load\/load-9\/\" data-orig-file=\"https:\/\/www.jungsi.de\/blog\/wp-content\/uploads\/Load-9.jpg\" data-orig-size=\"1050,1400\" data-comments-opened=\"1\" data-image-meta=\"{&quot;aperture&quot;:&quot;1.5&quot;,&quot;credit&quot;:&quot;&quot;,&quot;camera&quot;:&quot;iPhone 14&quot;,&quot;caption&quot;:&quot;&quot;,&quot;created_timestamp&quot;:&quot;1716972957&quot;,&quot;copyright&quot;:&quot;&quot;,&quot;focal_length&quot;:&quot;5.7&quot;,&quot;iso&quot;:&quot;50&quot;,&quot;shutter_speed&quot;:&quot;0.0082644628099174&quot;,&quot;title&quot;:&quot;&quot;,&quot;orientation&quot;:&quot;1&quot;}\" data-image-title=\"Load 9\" data-image-description=\"&lt;p&gt;Load 9&lt;\/p&gt;\" data-image-caption=\"&lt;p&gt;Load 9&lt;\/p&gt;\" data-large-file=\"https:\/\/www.jungsi.de\/blog\/wp-content\/uploads\/Load-9-768x1024.jpg\" data-id=\"33028\" src=\"https:\/\/www.jungsi.de\/blog\/wp-content\/uploads\/Load-9-768x1024.jpg\" alt=\"Load 9\" class=\"wp-image-33028\" srcset=\"https:\/\/www.jungsi.de\/blog\/wp-content\/uploads\/Load-9-768x1024.jpg 768w, https:\/\/www.jungsi.de\/blog\/wp-content\/uploads\/Load-9-225x300.jpg 225w, https:\/\/www.jungsi.de\/blog\/wp-content\/uploads\/Load-9.jpg 1050w\" sizes=\"auto, (max-width: 768px) 100vw, 768px\" \/><figcaption class=\"wp-element-caption\">Load 9<\/figcaption><\/figure>\n\n\n\n<figure class=\"wp-block-image size-large\"><img loading=\"lazy\" decoding=\"async\" width=\"768\" height=\"1024\" data-attachment-id=\"33029\" data-permalink=\"https:\/\/www.jungsi.de\/en\/die-sammlung\/literatur\/sonstige\/load\/load-10\/\" data-orig-file=\"https:\/\/www.jungsi.de\/blog\/wp-content\/uploads\/Load-10.jpg\" data-orig-size=\"1050,1400\" data-comments-opened=\"1\" data-image-meta=\"{&quot;aperture&quot;:&quot;1.5&quot;,&quot;credit&quot;:&quot;&quot;,&quot;camera&quot;:&quot;iPhone 14&quot;,&quot;caption&quot;:&quot;&quot;,&quot;created_timestamp&quot;:&quot;1716971935&quot;,&quot;copyright&quot;:&quot;&quot;,&quot;focal_length&quot;:&quot;5.7&quot;,&quot;iso&quot;:&quot;64&quot;,&quot;shutter_speed&quot;:&quot;0.0082644628099174&quot;,&quot;title&quot;:&quot;&quot;,&quot;orientation&quot;:&quot;1&quot;}\" data-image-title=\"Load 10\" data-image-description=\"&lt;p&gt;Load 10&lt;\/p&gt;\" data-image-caption=\"&lt;p&gt;Load 10&lt;\/p&gt;\" data-large-file=\"https:\/\/www.jungsi.de\/blog\/wp-content\/uploads\/Load-10-768x1024.jpg\" data-id=\"33029\" src=\"https:\/\/www.jungsi.de\/blog\/wp-content\/uploads\/Load-10-768x1024.jpg\" alt=\"Load 10\" class=\"wp-image-33029\" srcset=\"https:\/\/www.jungsi.de\/blog\/wp-content\/uploads\/Load-10-768x1024.jpg 768w, https:\/\/www.jungsi.de\/blog\/wp-content\/uploads\/Load-10-225x300.jpg 225w, https:\/\/www.jungsi.de\/blog\/wp-content\/uploads\/Load-10.jpg 1050w\" sizes=\"auto, (max-width: 768px) 100vw, 768px\" \/><figcaption class=\"wp-element-caption\">Load 10<\/figcaption><\/figure>\n\n\n\n<figure class=\"wp-block-image size-large\"><img loading=\"lazy\" decoding=\"async\" width=\"768\" height=\"1024\" data-attachment-id=\"38002\" data-permalink=\"https:\/\/www.jungsi.de\/en\/load-11\/\" data-orig-file=\"https:\/\/www.jungsi.de\/blog\/wp-content\/uploads\/Load-11.jpg\" data-orig-size=\"1050,1400\" data-comments-opened=\"1\" data-image-meta=\"{&quot;aperture&quot;:&quot;1.5&quot;,&quot;credit&quot;:&quot;&quot;,&quot;camera&quot;:&quot;iPhone 14&quot;,&quot;caption&quot;:&quot;&quot;,&quot;created_timestamp&quot;:&quot;1748778122&quot;,&quot;copyright&quot;:&quot;&quot;,&quot;focal_length&quot;:&quot;5.7&quot;,&quot;iso&quot;:&quot;50&quot;,&quot;shutter_speed&quot;:&quot;0.0082644628099174&quot;,&quot;title&quot;:&quot;&quot;,&quot;orientation&quot;:&quot;1&quot;}\" data-image-title=\"Load 11\" data-image-description=\"&lt;p&gt;Load 11&lt;\/p&gt;\" data-image-caption=\"&lt;p&gt;Load 11&lt;\/p&gt;\" data-large-file=\"https:\/\/www.jungsi.de\/blog\/wp-content\/uploads\/Load-11-768x1024.jpg\" data-id=\"38002\" src=\"https:\/\/www.jungsi.de\/blog\/wp-content\/uploads\/Load-11-768x1024.jpg\" alt=\"Load 11\" class=\"wp-image-38002\" srcset=\"https:\/\/www.jungsi.de\/blog\/wp-content\/uploads\/Load-11-768x1024.jpg 768w, https:\/\/www.jungsi.de\/blog\/wp-content\/uploads\/Load-11-225x300.jpg 225w, https:\/\/www.jungsi.de\/blog\/wp-content\/uploads\/Load-11.jpg 1050w\" sizes=\"auto, (max-width: 768px) 100vw, 768px\" \/><figcaption class=\"wp-element-caption\">Load 11<\/figcaption><\/figure>\n<\/figure>","protected":false},"excerpt":{"rendered":"<p>LOAD<\/p>","protected":false},"author":2,"featured_media":29070,"parent":27893,"menu_order":0,"comment_status":"closed","ping_status":"closed","template":"","meta":{"_lmt_disableupdate":"","_lmt_disable":"","ngg_post_thumbnail":0,"jetpack_post_was_ever_published":false,"footnotes":"","_links_to":"","_links_to_target":""},"class_list":["post-29069","page","type-page","status-publish","has-post-thumbnail","hentry"],"jetpack_shortlink":"https:\/\/wp.me\/P4eXvk-7yR","jetpack_sharing_enabled":true,"jetpack_likes_enabled":true,"jetpack-related-posts":[{"id":27889,"url":"https:\/\/www.jungsi.de\/en\/die-sammlung\/literatur\/atari\/pofoinfo\/","url_meta":{"origin":29069,"position":0},"title":"Pofoinfo","author":"Jungsi","date":"14. January 2023","format":false,"excerpt":"Pofoinfo - Atari Portfolio PofoInfo war das Clubmagazin des Portfolio-Club Deutschland (PCD) rund um den Atari Portfolio-Palmtop. Zwischen 1996 und 2003 erschienen 15 Hefte im DIN-A5-Format, jeweils mit 60+ Seiten ohne Werbung, oft inkl. Beilagen (Diskette, sp\u00e4ter CD). Der Druck erfolgte in kleinen Auflagen (ca. 200\u2013300 Exemplare) und behandelte Praxis-Themen,\u2026","rel":"","context":"Similar post","block_context":{"text":"Similar post","link":""},"img":{"alt_text":"Pofoinfo 1\/96","src":"https:\/\/i0.wp.com\/www.jungsi.de\/blog\/wp-content\/uploads\/Pofoinfo-1_1996.jpg?resize=350%2C200&ssl=1","width":350,"height":200,"srcset":"https:\/\/i0.wp.com\/www.jungsi.de\/blog\/wp-content\/uploads\/Pofoinfo-1_1996.jpg?resize=350%2C200&ssl=1 1x, https:\/\/i0.wp.com\/www.jungsi.de\/blog\/wp-content\/uploads\/Pofoinfo-1_1996.jpg?resize=525%2C300&ssl=1 1.5x, https:\/\/i0.wp.com\/www.jungsi.de\/blog\/wp-content\/uploads\/Pofoinfo-1_1996.jpg?resize=700%2C400&ssl=1 2x, https:\/\/i0.wp.com\/www.jungsi.de\/blog\/wp-content\/uploads\/Pofoinfo-1_1996.jpg?resize=1050%2C600&ssl=1 3x"},"classes":[]},{"id":641,"url":"https:\/\/www.jungsi.de\/en\/reisen\/norwegen-2010\/tag-1-und-2-anreise\/","url_meta":{"origin":29069,"position":1},"title":"Tag 1 und 2: Anreise","author":"Jungsi","date":"10. July 2010","format":false,"excerpt":"Anreise erfolgte via DB-Autozug (M\u00fcnchen \u2013 Hamburg) und Color-Line-F\u00e4hre (Kiel \u2013 Oslo). Die Anreise hat am Montagabend\u00a0gegen 22 Uhr mit der Abfahrt des DB-Autozugs vom\u00a0Bahnhof\u00a0M\u00fcnchen-Ost begonnen. Von den Bahn-Mitarbeitern haben wir pro Motorrad vier Schlaufen bekommen, die wir befestigen mussten (2 an den Gabeln und 2 an den Halterungen f\u00fcr\u2026","rel":"","context":"Similar post","block_context":{"text":"Similar post","link":""},"img":{"alt_text":"","src":"","width":0,"height":0},"classes":[]},{"id":30395,"url":"https:\/\/www.jungsi.de\/en\/foto-video\/","url_meta":{"origin":29069,"position":2},"title":"Foto\/Video","author":"Jungsi","date":"26. August 2023","format":false,"excerpt":"Foto\/Video Agfa Box 44 mit TragetascheAgfa Box 44 VorderseiteAgfa Box 44 - rechte SeiteAgfa Box 44 - Deckel Innenseite Agfa Box 44 (1932)Ein wahrer Oldie! Diese Kamera wurde 1932 - 1937 vom Agfa Kamerawerk in M\u00fcnchen hergestellt. Die Kamera wurde damals f\u00fcr 4 Reichsmark verkauft. Der K\u00e4ufer musste mit vier\u2026","rel":"","context":"Similar post","block_context":{"text":"Similar post","link":""},"img":{"alt_text":"","src":"https:\/\/i0.wp.com\/www.jungsi.de\/blog\/wp-content\/uploads\/Revue-Cine-S4-Boxx-44-und-Tasche.jpg?resize=350%2C200&ssl=1","width":350,"height":200,"srcset":"https:\/\/i0.wp.com\/www.jungsi.de\/blog\/wp-content\/uploads\/Revue-Cine-S4-Boxx-44-und-Tasche.jpg?resize=350%2C200&ssl=1 1x, https:\/\/i0.wp.com\/www.jungsi.de\/blog\/wp-content\/uploads\/Revue-Cine-S4-Boxx-44-und-Tasche.jpg?resize=525%2C300&ssl=1 1.5x, https:\/\/i0.wp.com\/www.jungsi.de\/blog\/wp-content\/uploads\/Revue-Cine-S4-Boxx-44-und-Tasche.jpg?resize=700%2C400&ssl=1 2x, https:\/\/i0.wp.com\/www.jungsi.de\/blog\/wp-content\/uploads\/Revue-Cine-S4-Boxx-44-und-Tasche.jpg?resize=1050%2C600&ssl=1 3x, https:\/\/i0.wp.com\/www.jungsi.de\/blog\/wp-content\/uploads\/Revue-Cine-S4-Boxx-44-und-Tasche.jpg?resize=1400%2C800&ssl=1 4x"},"classes":[]},{"id":18373,"url":"https:\/\/www.jungsi.de\/en\/konsolen\/cbs-colecovision\/","url_meta":{"origin":29069,"position":3},"title":"CBS Colecovision","author":"Jungsi","date":"2. September 2017","format":false,"excerpt":"CBS Colecovision CBS Colecovision Im Jahr 1982 trat das CBS Colecovision in den Markt der Spielkonsolen ein. Mit einer Z80-CPU, einer Aufl\u00f6sung von 256x192 Pixeln und 32 Hardware-Sprites setzte es neue Ma\u00dfst\u00e4be und \u00fcbertraf sogar Mattels Intellivision. Coleco sicherte sich rechtzeitig die Rechte an bekannten japanischen Spielen wie Donkey Kong,\u2026","rel":"","context":"Similar post","block_context":{"text":"Similar post","link":""},"img":{"alt_text":"Ultimate SD","src":"https:\/\/i0.wp.com\/www.jungsi.de\/blog\/wp-content\/uploads\/Ultimate-SD-komplett.jpg?resize=350%2C200&ssl=1","width":350,"height":200,"srcset":"https:\/\/i0.wp.com\/www.jungsi.de\/blog\/wp-content\/uploads\/Ultimate-SD-komplett.jpg?resize=350%2C200&ssl=1 1x, https:\/\/i0.wp.com\/www.jungsi.de\/blog\/wp-content\/uploads\/Ultimate-SD-komplett.jpg?resize=525%2C300&ssl=1 1.5x, https:\/\/i0.wp.com\/www.jungsi.de\/blog\/wp-content\/uploads\/Ultimate-SD-komplett.jpg?resize=700%2C400&ssl=1 2x, https:\/\/i0.wp.com\/www.jungsi.de\/blog\/wp-content\/uploads\/Ultimate-SD-komplett.jpg?resize=1050%2C600&ssl=1 3x, https:\/\/i0.wp.com\/www.jungsi.de\/blog\/wp-content\/uploads\/Ultimate-SD-komplett.jpg?resize=1400%2C800&ssl=1 4x"},"classes":[]},{"id":11329,"url":"https:\/\/www.jungsi.de\/en\/heimcomputer\/schneider-amstrad\/schneider-cpc-und-zuebhoer\/","url_meta":{"origin":29069,"position":4},"title":"Amstrad\/Schneider CPC","author":"Jungsi","date":"8. August 2015","format":false,"excerpt":"Amstrad\/Schneider CPC Amstrad CPC 464 Schneider CPC464 Schneider CPC6128 Der CPC 6128 ist mit einem eingebauten Diskettenlaufwerk statt eines Bandger\u00e4ts ausgestattet. Ein Kassettenlaufwerk kann weiterhin extern hinzugef\u00fcgt werden. Eine weitere Verbesserung ist der Speicher, der jetzt zwei 64K-B\u00e4nke mit insgesamt 128 KB nutzt.Das interne Diskettenlaufwerk erlaubt die Nutzung von CP\/M\u2026","rel":"","context":"With 2 comments","block_context":{"text":"With 2 comments","link":"https:\/\/www.jungsi.de\/en\/heimcomputer\/schneider-amstrad\/schneider-cpc-und-zuebhoer\/#comments"},"img":{"alt_text":"Schneider GT 64","src":"https:\/\/i0.wp.com\/www.jungsi.de\/blog\/wp-content\/uploads\/gt-64.jpg?resize=350%2C200&ssl=1","width":350,"height":200,"srcset":"https:\/\/i0.wp.com\/www.jungsi.de\/blog\/wp-content\/uploads\/gt-64.jpg?resize=350%2C200&ssl=1 1x, https:\/\/i0.wp.com\/www.jungsi.de\/blog\/wp-content\/uploads\/gt-64.jpg?resize=525%2C300&ssl=1 1.5x, https:\/\/i0.wp.com\/www.jungsi.de\/blog\/wp-content\/uploads\/gt-64.jpg?resize=700%2C400&ssl=1 2x"},"classes":[]},{"id":204,"url":"https:\/\/www.jungsi.de\/en\/reisen\/gardasee-2000\/tour-2-lago-di-molveno\/","url_meta":{"origin":29069,"position":5},"title":"Tour 2: Lago di Molveno","author":"Jungsi","date":"5. December 2008","format":false,"excerpt":"Lago di Molveno Streckenl\u00e4nge ca. 150 km Am zweiten Tag machte uns ein platter Hinterreifen an Gerhard's Moped einen kleinen Strrich durch die Rechnung. Au\u00dferdem fanden wir heraus, dass es nicht angebracht ist im Ausland den ADAC anzurufen. 1. An der Hotline konnte niemand Deutsch 2. wurde ein Mechaniker geschickt\u2026","rel":"","context":"In &quot;Allgemein&quot;","block_context":{"text":"Allgemein","link":"https:\/\/www.jungsi.de\/en\/category\/allgemein\/"},"img":{"alt_text":"","src":"","width":0,"height":0},"classes":[]}],"_links":{"self":[{"href":"https:\/\/www.jungsi.de\/en\/wp-json\/wp\/v2\/pages\/29069","targetHints":{"allow":["GET"]}}],"collection":[{"href":"https:\/\/www.jungsi.de\/en\/wp-json\/wp\/v2\/pages"}],"about":[{"href":"https:\/\/www.jungsi.de\/en\/wp-json\/wp\/v2\/types\/page"}],"author":[{"embeddable":true,"href":"https:\/\/www.jungsi.de\/en\/wp-json\/wp\/v2\/users\/2"}],"replies":[{"embeddable":true,"href":"https:\/\/www.jungsi.de\/en\/wp-json\/wp\/v2\/comments?post=29069"}],"version-history":[{"count":0,"href":"https:\/\/www.jungsi.de\/en\/wp-json\/wp\/v2\/pages\/29069\/revisions"}],"up":[{"embeddable":true,"href":"https:\/\/www.jungsi.de\/en\/wp-json\/wp\/v2\/pages\/27893"}],"wp:featuredmedia":[{"embeddable":true,"href":"https:\/\/www.jungsi.de\/en\/wp-json\/wp\/v2\/media\/29070"}],"wp:attachment":[{"href":"https:\/\/www.jungsi.de\/en\/wp-json\/wp\/v2\/media?parent=29069"}],"curies":[{"name":"wp","href":"https:\/\/api.w.org\/{rel}","templated":true}]}}