{"id":29027,"date":"2023-02-06T11:11:49","date_gmt":"2023-02-06T10:11:49","guid":{"rendered":"https:\/\/www.jungsi.de\/?page_id=29027"},"modified":"2025-10-06T12:13:24","modified_gmt":"2025-10-06T10:13:24","slug":"amiga-magazin","status":"publish","type":"page","link":"https:\/\/www.jungsi.de\/en\/die-sammlung\/literatur\/commodore\/amiga-magazin\/","title":{"rendered":"Amiga Magazin"},"content":{"rendered":"<p><\/p>\n\n\n\n<h2 class=\"wp-block-heading has-text-align-center\"><strong>Amiga Magazin<\/strong><\/h2>\n\n\n\n<p><strong>Amiga Magazin<\/strong> war das deutschsprachige Fachmagazin des Markt+Technik-Verlags rund um den Commodore Amiga: gestartet 1987, mit Schwerpunkt auf Anwendungen, Praxis-Tipps und Hardware (weniger auf Spiele) und zeitweise sehr umfangreichen Ausgaben. Ab 01\/1998 erschien es nicht mehr eigenst\u00e4ndig, sondern in reduzierter Form als Beilage der <strong>PCgo<\/strong>; die Reihe endete mit Heft 07\/2009.<\/p>\n\n\n\n<figure class=\"wp-block-gallery has-nested-images columns-default is-cropped wp-block-gallery-1 is-layout-flex wp-block-gallery-is-layout-flex\">\n<figure class=\"wp-block-image size-large\"><img loading=\"lazy\" decoding=\"async\" width=\"768\" height=\"1024\" data-attachment-id=\"29029\" data-permalink=\"https:\/\/www.jungsi.de\/en\/die-sammlung\/literatur\/commodore\/amiga-magazin\/amiga-87_06_07\/\" data-orig-file=\"https:\/\/www.jungsi.de\/blog\/wp-content\/uploads\/Amiga-87_06_07.jpg\" data-orig-size=\"1050,1400\" data-comments-opened=\"1\" data-image-meta=\"{&quot;aperture&quot;:&quot;1.8&quot;,&quot;credit&quot;:&quot;&quot;,&quot;camera&quot;:&quot;iPad Pro (12.9-inch) (4th generation)&quot;,&quot;caption&quot;:&quot;&quot;,&quot;created_timestamp&quot;:&quot;1675347489&quot;,&quot;copyright&quot;:&quot;&quot;,&quot;focal_length&quot;:&quot;3&quot;,&quot;iso&quot;:&quot;250&quot;,&quot;shutter_speed&quot;:&quot;0.025&quot;,&quot;title&quot;:&quot;&quot;,&quot;orientation&quot;:&quot;1&quot;}\" data-image-title=\"Amiga Magazin 87_06_07\" data-image-description=\"&lt;p&gt;Amiga Magazin 87 06\/07&lt;\/p&gt;\" data-image-caption=\"&lt;p&gt;Amiga Magazin 87 06\/07&lt;\/p&gt;\" data-large-file=\"https:\/\/www.jungsi.de\/blog\/wp-content\/uploads\/Amiga-87_06_07-768x1024.jpg\" data-id=\"29029\" src=\"https:\/\/www.jungsi.de\/blog\/wp-content\/uploads\/Amiga-87_06_07-768x1024.jpg\" alt=\"Amiga Magazin 6\/7-'87\" class=\"wp-image-29029\" srcset=\"https:\/\/www.jungsi.de\/blog\/wp-content\/uploads\/Amiga-87_06_07-768x1024.jpg 768w, https:\/\/www.jungsi.de\/blog\/wp-content\/uploads\/Amiga-87_06_07-225x300.jpg 225w, https:\/\/www.jungsi.de\/blog\/wp-content\/uploads\/Amiga-87_06_07.jpg 1050w\" sizes=\"auto, (max-width: 768px) 100vw, 768px\" \/><figcaption class=\"wp-element-caption\">Amiga Magazin 6\/7-&#8217;87<\/figcaption><\/figure>\n\n\n\n<figure class=\"wp-block-image size-large\"><img loading=\"lazy\" decoding=\"async\" width=\"768\" height=\"1024\" data-attachment-id=\"29034\" data-permalink=\"https:\/\/www.jungsi.de\/en\/die-sammlung\/literatur\/commodore\/amiga-magazin\/amiga-87_08_09\/\" data-orig-file=\"https:\/\/www.jungsi.de\/blog\/wp-content\/uploads\/Amiga-87_08_09.jpg\" data-orig-size=\"1050,1400\" data-comments-opened=\"1\" data-image-meta=\"{&quot;aperture&quot;:&quot;1.8&quot;,&quot;credit&quot;:&quot;&quot;,&quot;camera&quot;:&quot;iPad Pro (12.9-inch) (4th generation)&quot;,&quot;caption&quot;:&quot;&quot;,&quot;created_timestamp&quot;:&quot;1675347480&quot;,&quot;copyright&quot;:&quot;&quot;,&quot;focal_length&quot;:&quot;3&quot;,&quot;iso&quot;:&quot;250&quot;,&quot;shutter_speed&quot;:&quot;0.025&quot;,&quot;title&quot;:&quot;&quot;,&quot;orientation&quot;:&quot;1&quot;}\" data-image-title=\"Amiga-87_08_09\" data-image-description=\"&lt;p&gt;Amiga Magazin 87 09&lt;\/p&gt;\" data-image-caption=\"&lt;p&gt;Amiga Magazin 87 09&lt;\/p&gt;\" data-large-file=\"https:\/\/www.jungsi.de\/blog\/wp-content\/uploads\/Amiga-87_08_09-768x1024.jpg\" data-id=\"29034\" src=\"https:\/\/www.jungsi.de\/blog\/wp-content\/uploads\/Amiga-87_08_09-768x1024.jpg\" alt=\"Amiga Magazin 8\/9-'87\" class=\"wp-image-29034\" srcset=\"https:\/\/www.jungsi.de\/blog\/wp-content\/uploads\/Amiga-87_08_09-768x1024.jpg 768w, https:\/\/www.jungsi.de\/blog\/wp-content\/uploads\/Amiga-87_08_09-225x300.jpg 225w, https:\/\/www.jungsi.de\/blog\/wp-content\/uploads\/Amiga-87_08_09.jpg 1050w\" sizes=\"auto, (max-width: 768px) 100vw, 768px\" \/><figcaption class=\"wp-element-caption\">Amiga Magazin 8\/9-&#8217;87<\/figcaption><\/figure>\n\n\n\n<figure class=\"wp-block-image size-large\"><img loading=\"lazy\" decoding=\"async\" width=\"768\" height=\"1024\" data-attachment-id=\"29035\" data-permalink=\"https:\/\/www.jungsi.de\/en\/die-sammlung\/literatur\/commodore\/amiga-magazin\/amiga-87_10\/\" data-orig-file=\"https:\/\/www.jungsi.de\/blog\/wp-content\/uploads\/Amiga-87_10.jpg\" data-orig-size=\"1050,1400\" data-comments-opened=\"1\" data-image-meta=\"{&quot;aperture&quot;:&quot;1.8&quot;,&quot;credit&quot;:&quot;&quot;,&quot;camera&quot;:&quot;iPad Pro (12.9-inch) (4th generation)&quot;,&quot;caption&quot;:&quot;&quot;,&quot;created_timestamp&quot;:&quot;1675347470&quot;,&quot;copyright&quot;:&quot;&quot;,&quot;focal_length&quot;:&quot;3&quot;,&quot;iso&quot;:&quot;320&quot;,&quot;shutter_speed&quot;:&quot;0.025&quot;,&quot;title&quot;:&quot;&quot;,&quot;orientation&quot;:&quot;1&quot;}\" data-image-title=\"Amiga-87_10\" data-image-description=\"&lt;p&gt;Amiga Magazin 87 10&lt;\/p&gt;\" data-image-caption=\"&lt;p&gt;Amiga Magazin 87 10&lt;\/p&gt;\" data-large-file=\"https:\/\/www.jungsi.de\/blog\/wp-content\/uploads\/Amiga-87_10-768x1024.jpg\" data-id=\"29035\" src=\"https:\/\/www.jungsi.de\/blog\/wp-content\/uploads\/Amiga-87_10-768x1024.jpg\" alt=\"Amiga Magazin 10-'87\" class=\"wp-image-29035\" srcset=\"https:\/\/www.jungsi.de\/blog\/wp-content\/uploads\/Amiga-87_10-768x1024.jpg 768w, https:\/\/www.jungsi.de\/blog\/wp-content\/uploads\/Amiga-87_10-225x300.jpg 225w, https:\/\/www.jungsi.de\/blog\/wp-content\/uploads\/Amiga-87_10.jpg 1050w\" sizes=\"auto, (max-width: 768px) 100vw, 768px\" \/><figcaption class=\"wp-element-caption\">Amiga Magazin 10-&#8217;87<\/figcaption><\/figure>\n\n\n\n<figure class=\"wp-block-image size-large\"><img loading=\"lazy\" decoding=\"async\" width=\"768\" height=\"1024\" data-attachment-id=\"29030\" data-permalink=\"https:\/\/www.jungsi.de\/en\/die-sammlung\/literatur\/commodore\/amiga-magazin\/amiga-87_11\/\" data-orig-file=\"https:\/\/www.jungsi.de\/blog\/wp-content\/uploads\/Amiga-87_11.jpg\" data-orig-size=\"1050,1400\" data-comments-opened=\"1\" data-image-meta=\"{&quot;aperture&quot;:&quot;1.8&quot;,&quot;credit&quot;:&quot;&quot;,&quot;camera&quot;:&quot;iPad Pro (12.9-inch) (4th generation)&quot;,&quot;caption&quot;:&quot;&quot;,&quot;created_timestamp&quot;:&quot;1675347460&quot;,&quot;copyright&quot;:&quot;&quot;,&quot;focal_length&quot;:&quot;3&quot;,&quot;iso&quot;:&quot;250&quot;,&quot;shutter_speed&quot;:&quot;0.025&quot;,&quot;title&quot;:&quot;&quot;,&quot;orientation&quot;:&quot;1&quot;}\" data-image-title=\"Amiga-87_11\" data-image-description=\"&lt;p&gt;Amiga Magazin 87 11&lt;\/p&gt;\" data-image-caption=\"&lt;p&gt;Amiga Magazin 87 11&lt;\/p&gt;\" data-large-file=\"https:\/\/www.jungsi.de\/blog\/wp-content\/uploads\/Amiga-87_11-768x1024.jpg\" data-id=\"29030\" src=\"https:\/\/www.jungsi.de\/blog\/wp-content\/uploads\/Amiga-87_11-768x1024.jpg\" alt=\"Amiga Magazin 11-'87\" class=\"wp-image-29030\" srcset=\"https:\/\/www.jungsi.de\/blog\/wp-content\/uploads\/Amiga-87_11-768x1024.jpg 768w, https:\/\/www.jungsi.de\/blog\/wp-content\/uploads\/Amiga-87_11-225x300.jpg 225w, https:\/\/www.jungsi.de\/blog\/wp-content\/uploads\/Amiga-87_11.jpg 1050w\" sizes=\"auto, (max-width: 768px) 100vw, 768px\" \/><figcaption class=\"wp-element-caption\">Amiga Magazin 11-&#8217;87<\/figcaption><\/figure>\n\n\n\n<figure class=\"wp-block-image size-large\"><img loading=\"lazy\" decoding=\"async\" width=\"768\" height=\"1024\" data-attachment-id=\"29031\" data-permalink=\"https:\/\/www.jungsi.de\/en\/die-sammlung\/literatur\/commodore\/amiga-magazin\/amiga-87_12\/\" data-orig-file=\"https:\/\/www.jungsi.de\/blog\/wp-content\/uploads\/Amiga-87_12.jpg\" data-orig-size=\"1050,1400\" data-comments-opened=\"1\" data-image-meta=\"{&quot;aperture&quot;:&quot;1.8&quot;,&quot;credit&quot;:&quot;&quot;,&quot;camera&quot;:&quot;iPad Pro (12.9-inch) (4th generation)&quot;,&quot;caption&quot;:&quot;&quot;,&quot;created_timestamp&quot;:&quot;1675347451&quot;,&quot;copyright&quot;:&quot;&quot;,&quot;focal_length&quot;:&quot;3&quot;,&quot;iso&quot;:&quot;250&quot;,&quot;shutter_speed&quot;:&quot;0.025&quot;,&quot;title&quot;:&quot;&quot;,&quot;orientation&quot;:&quot;1&quot;}\" data-image-title=\"Amiga-87_12\" data-image-description=\"&lt;p&gt;Amiga 87 12&lt;\/p&gt;\" data-image-caption=\"&lt;p&gt;Amiga 87 12&lt;\/p&gt;\" data-large-file=\"https:\/\/www.jungsi.de\/blog\/wp-content\/uploads\/Amiga-87_12-768x1024.jpg\" data-id=\"29031\" src=\"https:\/\/www.jungsi.de\/blog\/wp-content\/uploads\/Amiga-87_12-768x1024.jpg\" alt=\"Amiga Magazin 12-'87\" class=\"wp-image-29031\" srcset=\"https:\/\/www.jungsi.de\/blog\/wp-content\/uploads\/Amiga-87_12-768x1024.jpg 768w, https:\/\/www.jungsi.de\/blog\/wp-content\/uploads\/Amiga-87_12-225x300.jpg 225w, https:\/\/www.jungsi.de\/blog\/wp-content\/uploads\/Amiga-87_12.jpg 1050w\" sizes=\"auto, (max-width: 768px) 100vw, 768px\" \/><figcaption class=\"wp-element-caption\">Amiga Magazin 12-&#8217;87<\/figcaption><\/figure>\n\n\n\n<figure class=\"wp-block-image size-large\"><img loading=\"lazy\" decoding=\"async\" width=\"768\" height=\"1024\" data-attachment-id=\"29028\" data-permalink=\"https:\/\/www.jungsi.de\/en\/die-sammlung\/literatur\/commodore\/amiga-magazin\/amiga-88_01\/\" data-orig-file=\"https:\/\/www.jungsi.de\/blog\/wp-content\/uploads\/Amiga-88_01.jpg\" data-orig-size=\"1050,1400\" data-comments-opened=\"1\" data-image-meta=\"{&quot;aperture&quot;:&quot;1.8&quot;,&quot;credit&quot;:&quot;&quot;,&quot;camera&quot;:&quot;iPad Pro (12.9-inch) (4th generation)&quot;,&quot;caption&quot;:&quot;&quot;,&quot;created_timestamp&quot;:&quot;1675347441&quot;,&quot;copyright&quot;:&quot;&quot;,&quot;focal_length&quot;:&quot;3&quot;,&quot;iso&quot;:&quot;250&quot;,&quot;shutter_speed&quot;:&quot;0.025&quot;,&quot;title&quot;:&quot;&quot;,&quot;orientation&quot;:&quot;1&quot;}\" data-image-title=\"Amiga-88_01\" data-image-description=\"&lt;p&gt;Amiga 88 01&lt;\/p&gt;\" data-image-caption=\"&lt;p&gt;Amiga 88 01&lt;\/p&gt;\" data-large-file=\"https:\/\/www.jungsi.de\/blog\/wp-content\/uploads\/Amiga-88_01-768x1024.jpg\" data-id=\"29028\" src=\"https:\/\/www.jungsi.de\/blog\/wp-content\/uploads\/Amiga-88_01-768x1024.jpg\" alt=\"Amiga Magazin 1-'88\" class=\"wp-image-29028\" srcset=\"https:\/\/www.jungsi.de\/blog\/wp-content\/uploads\/Amiga-88_01-768x1024.jpg 768w, https:\/\/www.jungsi.de\/blog\/wp-content\/uploads\/Amiga-88_01-225x300.jpg 225w, https:\/\/www.jungsi.de\/blog\/wp-content\/uploads\/Amiga-88_01.jpg 1050w\" sizes=\"auto, (max-width: 768px) 100vw, 768px\" \/><figcaption class=\"wp-element-caption\">Amiga Magazin 1-&#8217;88<\/figcaption><\/figure>\n\n\n\n<figure class=\"wp-block-image size-large\"><img loading=\"lazy\" decoding=\"async\" width=\"768\" height=\"1024\" data-attachment-id=\"29032\" data-permalink=\"https:\/\/www.jungsi.de\/en\/die-sammlung\/literatur\/commodore\/amiga-magazin\/amiga-88_02\/\" data-orig-file=\"https:\/\/www.jungsi.de\/blog\/wp-content\/uploads\/Amiga-88_02.jpg\" data-orig-size=\"1050,1400\" data-comments-opened=\"1\" data-image-meta=\"{&quot;aperture&quot;:&quot;1.8&quot;,&quot;credit&quot;:&quot;&quot;,&quot;camera&quot;:&quot;iPad Pro (12.9-inch) (4th generation)&quot;,&quot;caption&quot;:&quot;&quot;,&quot;created_timestamp&quot;:&quot;1675347433&quot;,&quot;copyright&quot;:&quot;&quot;,&quot;focal_length&quot;:&quot;3&quot;,&quot;iso&quot;:&quot;320&quot;,&quot;shutter_speed&quot;:&quot;0.025&quot;,&quot;title&quot;:&quot;&quot;,&quot;orientation&quot;:&quot;1&quot;}\" data-image-title=\"Amiga-88_02\" data-image-description=\"&lt;p&gt;Amiga 88 02&lt;\/p&gt;\" data-image-caption=\"&lt;p&gt;Amiga 88 02&lt;\/p&gt;\" data-large-file=\"https:\/\/www.jungsi.de\/blog\/wp-content\/uploads\/Amiga-88_02-768x1024.jpg\" data-id=\"29032\" src=\"https:\/\/www.jungsi.de\/blog\/wp-content\/uploads\/Amiga-88_02-768x1024.jpg\" alt=\"Amiga Magazin 2-'88\" class=\"wp-image-29032\" srcset=\"https:\/\/www.jungsi.de\/blog\/wp-content\/uploads\/Amiga-88_02-768x1024.jpg 768w, https:\/\/www.jungsi.de\/blog\/wp-content\/uploads\/Amiga-88_02-225x300.jpg 225w, https:\/\/www.jungsi.de\/blog\/wp-content\/uploads\/Amiga-88_02.jpg 1050w\" sizes=\"auto, (max-width: 768px) 100vw, 768px\" \/><figcaption class=\"wp-element-caption\">Amiga Magazin 2-&#8217;88<\/figcaption><\/figure>\n\n\n\n<figure class=\"wp-block-image size-large\"><img loading=\"lazy\" decoding=\"async\" width=\"768\" height=\"1024\" data-attachment-id=\"29036\" data-permalink=\"https:\/\/www.jungsi.de\/en\/die-sammlung\/literatur\/commodore\/amiga-magazin\/amiga-88_04\/\" data-orig-file=\"https:\/\/www.jungsi.de\/blog\/wp-content\/uploads\/Amiga-88_04.jpg\" data-orig-size=\"1050,1400\" data-comments-opened=\"1\" data-image-meta=\"{&quot;aperture&quot;:&quot;1.8&quot;,&quot;credit&quot;:&quot;&quot;,&quot;camera&quot;:&quot;iPad Pro (12.9-inch) (4th generation)&quot;,&quot;caption&quot;:&quot;&quot;,&quot;created_timestamp&quot;:&quot;1675347422&quot;,&quot;copyright&quot;:&quot;&quot;,&quot;focal_length&quot;:&quot;3&quot;,&quot;iso&quot;:&quot;250&quot;,&quot;shutter_speed&quot;:&quot;0.025&quot;,&quot;title&quot;:&quot;&quot;,&quot;orientation&quot;:&quot;1&quot;}\" data-image-title=\"Amiga-88_04\" data-image-description=\"&lt;p&gt;Amiga 88 04&lt;\/p&gt;\" data-image-caption=\"&lt;p&gt;Amiga 88 04&lt;\/p&gt;\" data-large-file=\"https:\/\/www.jungsi.de\/blog\/wp-content\/uploads\/Amiga-88_04-768x1024.jpg\" data-id=\"29036\" src=\"https:\/\/www.jungsi.de\/blog\/wp-content\/uploads\/Amiga-88_04-768x1024.jpg\" alt=\"Amiga Magazin 4-'88\" class=\"wp-image-29036\" srcset=\"https:\/\/www.jungsi.de\/blog\/wp-content\/uploads\/Amiga-88_04-768x1024.jpg 768w, https:\/\/www.jungsi.de\/blog\/wp-content\/uploads\/Amiga-88_04-225x300.jpg 225w, https:\/\/www.jungsi.de\/blog\/wp-content\/uploads\/Amiga-88_04.jpg 1050w\" sizes=\"auto, (max-width: 768px) 100vw, 768px\" \/><figcaption class=\"wp-element-caption\">Amiga Magazin 4-&#8217;88<\/figcaption><\/figure>\n\n\n\n<figure class=\"wp-block-image size-large\"><img loading=\"lazy\" decoding=\"async\" width=\"768\" height=\"1024\" data-attachment-id=\"29033\" data-permalink=\"https:\/\/www.jungsi.de\/en\/die-sammlung\/literatur\/commodore\/amiga-magazin\/amiga-89_05\/\" data-orig-file=\"https:\/\/www.jungsi.de\/blog\/wp-content\/uploads\/Amiga-89_05.jpg\" data-orig-size=\"1050,1400\" data-comments-opened=\"1\" data-image-meta=\"{&quot;aperture&quot;:&quot;1.8&quot;,&quot;credit&quot;:&quot;&quot;,&quot;camera&quot;:&quot;iPad Pro (12.9-inch) (4th generation)&quot;,&quot;caption&quot;:&quot;&quot;,&quot;created_timestamp&quot;:&quot;1675347414&quot;,&quot;copyright&quot;:&quot;&quot;,&quot;focal_length&quot;:&quot;3&quot;,&quot;iso&quot;:&quot;200&quot;,&quot;shutter_speed&quot;:&quot;0.016666666666667&quot;,&quot;title&quot;:&quot;&quot;,&quot;orientation&quot;:&quot;1&quot;}\" data-image-title=\"Amiga-89_05\" data-image-description=\"&lt;p&gt;Amiga 89 05&lt;\/p&gt;\" data-image-caption=\"&lt;p&gt;Amiga 89 05&lt;\/p&gt;\" data-large-file=\"https:\/\/www.jungsi.de\/blog\/wp-content\/uploads\/Amiga-89_05-768x1024.jpg\" data-id=\"29033\" src=\"https:\/\/www.jungsi.de\/blog\/wp-content\/uploads\/Amiga-89_05-768x1024.jpg\" alt=\"Amiga Magazin 5-'89\" class=\"wp-image-29033\" srcset=\"https:\/\/www.jungsi.de\/blog\/wp-content\/uploads\/Amiga-89_05-768x1024.jpg 768w, https:\/\/www.jungsi.de\/blog\/wp-content\/uploads\/Amiga-89_05-225x300.jpg 225w, https:\/\/www.jungsi.de\/blog\/wp-content\/uploads\/Amiga-89_05.jpg 1050w\" sizes=\"auto, (max-width: 768px) 100vw, 768px\" \/><figcaption class=\"wp-element-caption\">Amiga Magazin 5-&#8217;89<\/figcaption><\/figure>\n<\/figure>","protected":false},"excerpt":{"rendered":"<p>Amiga Magazin Amiga Magazin war das deutschsprachige Fachmagazin des Markt+Technik-Verlags rund um den Commodore Amiga: gestartet 1987, mit Schwerpunkt auf Anwendungen, Praxis-Tipps und Hardware (weniger \u2026<\/p>","protected":false},"author":2,"featured_media":29028,"parent":27867,"menu_order":0,"comment_status":"closed","ping_status":"closed","template":"","meta":{"_lmt_disableupdate":"","_lmt_disable":"","ngg_post_thumbnail":0,"jetpack_post_was_ever_published":false,"footnotes":"","_links_to":"","_links_to_target":""},"class_list":["post-29027","page","type-page","status-publish","has-post-thumbnail","hentry"],"jetpack_shortlink":"https:\/\/wp.me\/P4eXvk-7yb","jetpack_sharing_enabled":true,"jetpack_likes_enabled":true,"jetpack-related-posts":[{"id":29060,"url":"https:\/\/www.jungsi.de\/en\/die-sammlung\/literatur\/sonstige\/68000er\/","url_meta":{"origin":29027,"position":0},"title":"68000er","author":"Jungsi","date":"6. February 2023","format":false,"excerpt":"68000er 68000er erschien ab 1986 zun\u00e4chst als Sonderheftreihe der Happy Computer (Markt & Technik) und wurde ab 01\/1987 ein eigenes Monatsmagazin. Benannt nach Motorolas 68000-CPU, behandelte es anfangs Amiga, Atari ST, Macintosh (teils auch Sinclair QL); ab Mitte 1987 wurden Amiga- und Mac-Themen in separate Magazine ausgelagert, sodass der Schwerpunkt\u2026","rel":"","context":"Similar post","block_context":{"text":"Similar post","link":""},"img":{"alt_text":"87_05","src":"https:\/\/i0.wp.com\/www.jungsi.de\/blog\/wp-content\/uploads\/68000er-87_05.jpg?resize=350%2C200&ssl=1","width":350,"height":200,"srcset":"https:\/\/i0.wp.com\/www.jungsi.de\/blog\/wp-content\/uploads\/68000er-87_05.jpg?resize=350%2C200&ssl=1 1x, https:\/\/i0.wp.com\/www.jungsi.de\/blog\/wp-content\/uploads\/68000er-87_05.jpg?resize=525%2C300&ssl=1 1.5x, https:\/\/i0.wp.com\/www.jungsi.de\/blog\/wp-content\/uploads\/68000er-87_05.jpg?resize=700%2C400&ssl=1 2x, https:\/\/i0.wp.com\/www.jungsi.de\/blog\/wp-content\/uploads\/68000er-87_05.jpg?resize=1050%2C600&ssl=1 3x"},"classes":[]},{"id":28396,"url":"https:\/\/www.jungsi.de\/en\/die-sammlung\/literatur\/commodore\/amiga-special\/","url_meta":{"origin":29027,"position":1},"title":"Amiga special","author":"Jungsi","date":"17. January 2023","format":false,"excerpt":"Amiga special Amiga Spezial (teils auch Amiga Special) war ein deutschsprachiges Monatsmagazin \u201ef\u00fcr Amiga-User\u201c, das ab 1\/1987 am Kiosk erschien und bis 8\/9-1999 lief. Herausgeber war zuletzt die Media Verlagsgesellschaft mbH. Inhaltlich bot das Heft Tests von Hard- und Software, Praxis-Tipps, Programmier- und PD-Rubriken sowie sp\u00e4ter Cover-Disks\/CDs; zus\u00e4tzlich gab es\u2026","rel":"","context":"Similar post","block_context":{"text":"Similar post","link":""},"img":{"alt_text":"Amiga special 01_94","src":"https:\/\/i0.wp.com\/www.jungsi.de\/blog\/wp-content\/uploads\/Amiga-special-01_94.jpg?resize=350%2C200&ssl=1","width":350,"height":200,"srcset":"https:\/\/i0.wp.com\/www.jungsi.de\/blog\/wp-content\/uploads\/Amiga-special-01_94.jpg?resize=350%2C200&ssl=1 1x, https:\/\/i0.wp.com\/www.jungsi.de\/blog\/wp-content\/uploads\/Amiga-special-01_94.jpg?resize=525%2C300&ssl=1 1.5x, https:\/\/i0.wp.com\/www.jungsi.de\/blog\/wp-content\/uploads\/Amiga-special-01_94.jpg?resize=700%2C400&ssl=1 2x, https:\/\/i0.wp.com\/www.jungsi.de\/blog\/wp-content\/uploads\/Amiga-special-01_94.jpg?resize=1050%2C600&ssl=1 3x"},"classes":[]},{"id":27867,"url":"https:\/\/www.jungsi.de\/en\/die-sammlung\/literatur\/commodore\/","url_meta":{"origin":29027,"position":2},"title":"Commodore","author":"Jungsi","date":"14. January 2023","format":false,"excerpt":"Commodore Literatur Links zu anderer Commodore Literatur- 64er- Amiga Magazin- Amiga special- Sonstiges Commodore Original Literatur A500 Benutzerhandbuch Deutsch A2000 A500 Amiga Basic Deutsch Commodore 64 Bedienungshandbuch Commodore 64 MicroComputer Handbuch Commodore 128 Einf\u00fchrung Commodore 128D Einf\u00fchrung Commodore 128\/128D Bedienungshandbuch Commodore 128\/128D CP\/M-Modus Kapitel 7 Commodore 1530 Datassette Unit Operating\u2026","rel":"","context":"Similar post","block_context":{"text":"Similar post","link":""},"img":{"alt_text":"A500 Benutzerhandbuch Deutsch","src":"https:\/\/i0.wp.com\/www.jungsi.de\/blog\/wp-content\/uploads\/A500-Benutzerhandbuch-Deutsch.jpg?resize=350%2C200&ssl=1","width":350,"height":200,"srcset":"https:\/\/i0.wp.com\/www.jungsi.de\/blog\/wp-content\/uploads\/A500-Benutzerhandbuch-Deutsch.jpg?resize=350%2C200&ssl=1 1x, https:\/\/i0.wp.com\/www.jungsi.de\/blog\/wp-content\/uploads\/A500-Benutzerhandbuch-Deutsch.jpg?resize=525%2C300&ssl=1 1.5x, https:\/\/i0.wp.com\/www.jungsi.de\/blog\/wp-content\/uploads\/A500-Benutzerhandbuch-Deutsch.jpg?resize=700%2C400&ssl=1 2x, https:\/\/i0.wp.com\/www.jungsi.de\/blog\/wp-content\/uploads\/A500-Benutzerhandbuch-Deutsch.jpg?resize=1050%2C600&ssl=1 3x"},"classes":[]},{"id":27891,"url":"https:\/\/www.jungsi.de\/en\/die-sammlung\/literatur\/p-m-computerheft\/","url_meta":{"origin":29027,"position":3},"title":"P.M. Computerheft","author":"Jungsi","date":"14. January 2023","format":false,"excerpt":"P.M. Computerheft P.M. Computerheft war ein Ableger der popul\u00e4rwissenschaftlichen Marke P.M. und erschien bei Gruner + Jahr ab 1982 (ab 1983 als eigenst\u00e4ndige Zeitschrift, ab 1984 monatlich) bis zur letzten Ausgabe 10\/1989. Unter dem Untertitel \u201eMit Computern arbeiten und leben\u201c behandelte das Magazin die gesamte damals relevante Heim- und Personalcomputer-Landschaft\u2026","rel":"","context":"Similar post","block_context":{"text":"Similar post","link":""},"img":{"alt_text":"P.M.-Computerheft-82","src":"https:\/\/i0.wp.com\/www.jungsi.de\/blog\/wp-content\/uploads\/P.M.-Computerheft-82.jpg?resize=350%2C200&ssl=1","width":350,"height":200,"srcset":"https:\/\/i0.wp.com\/www.jungsi.de\/blog\/wp-content\/uploads\/P.M.-Computerheft-82.jpg?resize=350%2C200&ssl=1 1x, https:\/\/i0.wp.com\/www.jungsi.de\/blog\/wp-content\/uploads\/P.M.-Computerheft-82.jpg?resize=525%2C300&ssl=1 1.5x, https:\/\/i0.wp.com\/www.jungsi.de\/blog\/wp-content\/uploads\/P.M.-Computerheft-82.jpg?resize=700%2C400&ssl=1 2x, https:\/\/i0.wp.com\/www.jungsi.de\/blog\/wp-content\/uploads\/P.M.-Computerheft-82.jpg?resize=1050%2C600&ssl=1 3x"},"classes":[]},{"id":28256,"url":"https:\/\/www.jungsi.de\/en\/die-sammlung\/literatur\/commodore\/commodore-sonstige-literatur\/","url_meta":{"origin":29027,"position":4},"title":"Commodore sonstige Literatur","author":"Jungsi","date":"16. January 2023","format":false,"excerpt":"Commodore - Fachb\u00fccher Commodore - sonstige Zeitschriften Commodore - moderne Literatur Commodore \u2013 Fachb\u00fccher 3D-Konstruktion mit Giga-CAD Plus Amiga - Der Film Amiga 500 f\u00fcr Einsteiger Amiga Tips & Tricks AmigaBASIC Chip Sonderheft C64 Zeichnen und Gestalten Commodore 128 f\u00fcr Einsteiger Commodore 128 intern Commodore 1571 & 1570 Das Trainingsbuch\u2026","rel":"","context":"Similar post","block_context":{"text":"Similar post","link":""},"img":{"alt_text":"Back Into The Storm","src":"https:\/\/i0.wp.com\/www.jungsi.de\/blog\/wp-content\/uploads\/Back-Into-The-Storm.jpg?resize=350%2C200&ssl=1","width":350,"height":200,"srcset":"https:\/\/i0.wp.com\/www.jungsi.de\/blog\/wp-content\/uploads\/Back-Into-The-Storm.jpg?resize=350%2C200&ssl=1 1x, https:\/\/i0.wp.com\/www.jungsi.de\/blog\/wp-content\/uploads\/Back-Into-The-Storm.jpg?resize=525%2C300&ssl=1 1.5x, https:\/\/i0.wp.com\/www.jungsi.de\/blog\/wp-content\/uploads\/Back-Into-The-Storm.jpg?resize=700%2C400&ssl=1 2x, https:\/\/i0.wp.com\/www.jungsi.de\/blog\/wp-content\/uploads\/Back-Into-The-Storm.jpg?resize=1050%2C600&ssl=1 3x"},"classes":[]},{"id":28496,"url":"https:\/\/www.jungsi.de\/en\/heimcomputer\/commodore\/commodore-amiga\/","url_meta":{"origin":29027,"position":5},"title":"Commodore Amiga","author":"Jungsi","date":"17. January 2023","format":false,"excerpt":"Commodore Amiga Commodore Amiga 500 In Deutschland war dieser 16-Bit-Heimcomputer in den fr\u00fchen 90er Jahren sehr beliebt. Er verf\u00fcgt \u00fcber eine ansprechende, mausgesteuerte grafische Benutzeroberfl\u00e4che (GUI) mit einem Befehlszeilenprozessor und unterst\u00fctzt komplexe Multimedia-Operationen. Im Vergleich zum C64 bietet er eine leistungsst\u00e4rkere CPU, besseren Sound und erweiterte Grafikfunktionen. Der neue Motorola\u2026","rel":"","context":"Similar post","block_context":{"text":"Similar post","link":""},"img":{"alt_text":"A500-IDE","src":"https:\/\/i0.wp.com\/www.jungsi.de\/blog\/wp-content\/uploads\/A500-IDE.jpg?resize=350%2C200&ssl=1","width":350,"height":200,"srcset":"https:\/\/i0.wp.com\/www.jungsi.de\/blog\/wp-content\/uploads\/A500-IDE.jpg?resize=350%2C200&ssl=1 1x, https:\/\/i0.wp.com\/www.jungsi.de\/blog\/wp-content\/uploads\/A500-IDE.jpg?resize=525%2C300&ssl=1 1.5x, https:\/\/i0.wp.com\/www.jungsi.de\/blog\/wp-content\/uploads\/A500-IDE.jpg?resize=700%2C400&ssl=1 2x"},"classes":[]}],"_links":{"self":[{"href":"https:\/\/www.jungsi.de\/en\/wp-json\/wp\/v2\/pages\/29027","targetHints":{"allow":["GET"]}}],"collection":[{"href":"https:\/\/www.jungsi.de\/en\/wp-json\/wp\/v2\/pages"}],"about":[{"href":"https:\/\/www.jungsi.de\/en\/wp-json\/wp\/v2\/types\/page"}],"author":[{"embeddable":true,"href":"https:\/\/www.jungsi.de\/en\/wp-json\/wp\/v2\/users\/2"}],"replies":[{"embeddable":true,"href":"https:\/\/www.jungsi.de\/en\/wp-json\/wp\/v2\/comments?post=29027"}],"version-history":[{"count":0,"href":"https:\/\/www.jungsi.de\/en\/wp-json\/wp\/v2\/pages\/29027\/revisions"}],"up":[{"embeddable":true,"href":"https:\/\/www.jungsi.de\/en\/wp-json\/wp\/v2\/pages\/27867"}],"wp:featuredmedia":[{"embeddable":true,"href":"https:\/\/www.jungsi.de\/en\/wp-json\/wp\/v2\/media\/29028"}],"wp:attachment":[{"href":"https:\/\/www.jungsi.de\/en\/wp-json\/wp\/v2\/media?parent=29027"}],"curies":[{"name":"wp","href":"https:\/\/api.w.org\/{rel}","templated":true}]}}