{"id":28870,"date":"2023-01-31T11:12:34","date_gmt":"2023-01-31T10:12:34","guid":{"rendered":"https:\/\/www.jungsi.de\/?page_id=28870"},"modified":"2025-04-08T15:05:13","modified_gmt":"2025-04-08T13:05:13","slug":"dragon-32-spiele","status":"publish","type":"page","link":"https:\/\/www.jungsi.de\/en\/spiele\/dragon-32-spiele\/","title":{"rendered":"Dragon 32 Spiele"},"content":{"rendered":"<p><\/p>\n\n\n\n<h2 class=\"wp-block-heading has-text-align-center\"><strong>Dragon<\/strong><\/h2>\n\n\n\n<figure class=\"wp-block-gallery has-nested-images columns-default is-cropped wp-block-gallery-1 is-layout-flex wp-block-gallery-is-layout-flex\">\n<figure class=\"wp-block-image size-large\"><img loading=\"lazy\" decoding=\"async\" width=\"768\" height=\"1024\" data-attachment-id=\"28871\" data-permalink=\"https:\/\/www.jungsi.de\/en\/spiele\/dragon-32-spiele\/747-flight-simulator\/\" data-orig-file=\"https:\/\/www.jungsi.de\/blog\/wp-content\/uploads\/747-Flight-Simulator.jpg\" data-orig-size=\"1050,1400\" data-comments-opened=\"1\" data-image-meta=\"{&quot;aperture&quot;:&quot;1.8&quot;,&quot;credit&quot;:&quot;&quot;,&quot;camera&quot;:&quot;iPad Pro (12.9-inch) (4th generation)&quot;,&quot;caption&quot;:&quot;&quot;,&quot;created_timestamp&quot;:&quot;1658667993&quot;,&quot;copyright&quot;:&quot;&quot;,&quot;focal_length&quot;:&quot;3&quot;,&quot;iso&quot;:&quot;200&quot;,&quot;shutter_speed&quot;:&quot;0.016666666666667&quot;,&quot;title&quot;:&quot;&quot;,&quot;orientation&quot;:&quot;1&quot;}\" data-image-title=\"747 Flight Simulator\" data-image-description=\"&lt;p&gt;747 Flight Simulator&lt;\/p&gt;\" data-image-caption=\"&lt;p&gt;747 Flight Simulator&lt;\/p&gt;\" data-large-file=\"https:\/\/www.jungsi.de\/blog\/wp-content\/uploads\/747-Flight-Simulator-768x1024.jpg\" data-id=\"28871\" src=\"https:\/\/www.jungsi.de\/blog\/wp-content\/uploads\/747-Flight-Simulator-768x1024.jpg\" alt=\"747 Flight Simulator\" class=\"wp-image-28871\" srcset=\"https:\/\/www.jungsi.de\/blog\/wp-content\/uploads\/747-Flight-Simulator-768x1024.jpg 768w, https:\/\/www.jungsi.de\/blog\/wp-content\/uploads\/747-Flight-Simulator-225x300.jpg 225w, https:\/\/www.jungsi.de\/blog\/wp-content\/uploads\/747-Flight-Simulator.jpg 1050w\" sizes=\"auto, (max-width: 768px) 100vw, 768px\" \/><figcaption class=\"wp-element-caption\">747 Flight Simulator (1984)<\/figcaption><\/figure>\n\n\n\n<figure class=\"wp-block-image size-large\"><img loading=\"lazy\" decoding=\"async\" width=\"768\" height=\"1024\" data-attachment-id=\"28872\" data-permalink=\"https:\/\/www.jungsi.de\/en\/spiele\/dragon-32-spiele\/air-traffic-control\/\" data-orig-file=\"https:\/\/www.jungsi.de\/blog\/wp-content\/uploads\/Air-Traffic-Control.jpg\" data-orig-size=\"1050,1400\" data-comments-opened=\"1\" data-image-meta=\"{&quot;aperture&quot;:&quot;1.8&quot;,&quot;credit&quot;:&quot;&quot;,&quot;camera&quot;:&quot;iPad Pro (12.9-inch) (4th generation)&quot;,&quot;caption&quot;:&quot;&quot;,&quot;created_timestamp&quot;:&quot;1649440641&quot;,&quot;copyright&quot;:&quot;&quot;,&quot;focal_length&quot;:&quot;3&quot;,&quot;iso&quot;:&quot;200&quot;,&quot;shutter_speed&quot;:&quot;0.025&quot;,&quot;title&quot;:&quot;&quot;,&quot;orientation&quot;:&quot;1&quot;}\" data-image-title=\"Air Traffic Control\" data-image-description=\"&lt;p&gt;Air Traffic Control&lt;\/p&gt;\" data-image-caption=\"&lt;p&gt;Air Traffic Control&lt;\/p&gt;\" data-large-file=\"https:\/\/www.jungsi.de\/blog\/wp-content\/uploads\/Air-Traffic-Control-768x1024.jpg\" data-id=\"28872\" src=\"https:\/\/www.jungsi.de\/blog\/wp-content\/uploads\/Air-Traffic-Control-768x1024.jpg\" alt=\"Air Traffic Control\" class=\"wp-image-28872\" srcset=\"https:\/\/www.jungsi.de\/blog\/wp-content\/uploads\/Air-Traffic-Control-768x1024.jpg 768w, https:\/\/www.jungsi.de\/blog\/wp-content\/uploads\/Air-Traffic-Control-225x300.jpg 225w, https:\/\/www.jungsi.de\/blog\/wp-content\/uploads\/Air-Traffic-Control.jpg 1050w\" sizes=\"auto, (max-width: 768px) 100vw, 768px\" \/><figcaption class=\"wp-element-caption\">Air Traffic Control (1984)<\/figcaption><\/figure>\n\n\n\n<figure class=\"wp-block-image size-large\"><img loading=\"lazy\" decoding=\"async\" width=\"768\" height=\"1024\" data-attachment-id=\"28873\" data-permalink=\"https:\/\/www.jungsi.de\/en\/spiele\/dragon-32-spiele\/basic-tutorial-beginners-level\/\" data-orig-file=\"https:\/\/www.jungsi.de\/blog\/wp-content\/uploads\/Basic-Tutorial-Beginners-Level.jpg\" data-orig-size=\"1050,1400\" data-comments-opened=\"1\" data-image-meta=\"{&quot;aperture&quot;:&quot;1.8&quot;,&quot;credit&quot;:&quot;&quot;,&quot;camera&quot;:&quot;iPad Pro (12.9-inch) (4th generation)&quot;,&quot;caption&quot;:&quot;&quot;,&quot;created_timestamp&quot;:&quot;1649440658&quot;,&quot;copyright&quot;:&quot;&quot;,&quot;focal_length&quot;:&quot;3&quot;,&quot;iso&quot;:&quot;160&quot;,&quot;shutter_speed&quot;:&quot;0.025&quot;,&quot;title&quot;:&quot;&quot;,&quot;orientation&quot;:&quot;1&quot;}\" data-image-title=\"Basic Tutorial Beginners Level\" data-image-description=\"&lt;p&gt;asic Tutorial Beginners Level&lt;\/p&gt;\" data-image-caption=\"&lt;p&gt;asic Tutorial Beginners Level&lt;\/p&gt;\" data-large-file=\"https:\/\/www.jungsi.de\/blog\/wp-content\/uploads\/Basic-Tutorial-Beginners-Level-768x1024.jpg\" data-id=\"28873\" src=\"https:\/\/www.jungsi.de\/blog\/wp-content\/uploads\/Basic-Tutorial-Beginners-Level-768x1024.jpg\" alt=\"asic Tutorial Beginners Level\" class=\"wp-image-28873\" srcset=\"https:\/\/www.jungsi.de\/blog\/wp-content\/uploads\/Basic-Tutorial-Beginners-Level-768x1024.jpg 768w, https:\/\/www.jungsi.de\/blog\/wp-content\/uploads\/Basic-Tutorial-Beginners-Level-225x300.jpg 225w, https:\/\/www.jungsi.de\/blog\/wp-content\/uploads\/Basic-Tutorial-Beginners-Level.jpg 1050w\" sizes=\"auto, (max-width: 768px) 100vw, 768px\" \/><figcaption class=\"wp-element-caption\">Basic Tutorial Beginners Level (1983)<\/figcaption><\/figure>\n\n\n\n<figure class=\"wp-block-image size-large\"><img loading=\"lazy\" decoding=\"async\" width=\"768\" height=\"1024\" data-attachment-id=\"28874\" data-permalink=\"https:\/\/www.jungsi.de\/en\/spiele\/dragon-32-spiele\/bug-diver\/\" data-orig-file=\"https:\/\/www.jungsi.de\/blog\/wp-content\/uploads\/Bug-Diver.jpg\" data-orig-size=\"1050,1400\" data-comments-opened=\"1\" data-image-meta=\"{&quot;aperture&quot;:&quot;1.8&quot;,&quot;credit&quot;:&quot;&quot;,&quot;camera&quot;:&quot;iPad Pro (12.9-inch) (4th generation)&quot;,&quot;caption&quot;:&quot;&quot;,&quot;created_timestamp&quot;:&quot;1659179284&quot;,&quot;copyright&quot;:&quot;&quot;,&quot;focal_length&quot;:&quot;3&quot;,&quot;iso&quot;:&quot;125&quot;,&quot;shutter_speed&quot;:&quot;0.016666666666667&quot;,&quot;title&quot;:&quot;&quot;,&quot;orientation&quot;:&quot;1&quot;}\" data-image-title=\"Bug Diver\" data-image-description=\"&lt;p&gt;Bug Diver&lt;\/p&gt;\" data-image-caption=\"&lt;p&gt;Bug Diver&lt;\/p&gt;\" data-large-file=\"https:\/\/www.jungsi.de\/blog\/wp-content\/uploads\/Bug-Diver-768x1024.jpg\" data-id=\"28874\" src=\"https:\/\/www.jungsi.de\/blog\/wp-content\/uploads\/Bug-Diver-768x1024.jpg\" alt=\"Bug Diver\" class=\"wp-image-28874\" srcset=\"https:\/\/www.jungsi.de\/blog\/wp-content\/uploads\/Bug-Diver-768x1024.jpg 768w, https:\/\/www.jungsi.de\/blog\/wp-content\/uploads\/Bug-Diver-225x300.jpg 225w, https:\/\/www.jungsi.de\/blog\/wp-content\/uploads\/Bug-Diver.jpg 1050w\" sizes=\"auto, (max-width: 768px) 100vw, 768px\" \/><figcaption class=\"wp-element-caption\">Bug Diver (1984)<\/figcaption><\/figure>\n\n\n\n<figure class=\"wp-block-image size-large\"><img loading=\"lazy\" decoding=\"async\" width=\"1024\" height=\"768\" data-attachment-id=\"28875\" data-permalink=\"https:\/\/www.jungsi.de\/en\/spiele\/dragon-32-spiele\/dragon-selection-ii\/\" data-orig-file=\"https:\/\/www.jungsi.de\/blog\/wp-content\/uploads\/Dragon-Selection-II.jpg\" data-orig-size=\"1400,1050\" data-comments-opened=\"1\" data-image-meta=\"{&quot;aperture&quot;:&quot;1.8&quot;,&quot;credit&quot;:&quot;&quot;,&quot;camera&quot;:&quot;iPad Pro (12.9-inch) (4th generation)&quot;,&quot;caption&quot;:&quot;&quot;,&quot;created_timestamp&quot;:&quot;1658667964&quot;,&quot;copyright&quot;:&quot;&quot;,&quot;focal_length&quot;:&quot;3&quot;,&quot;iso&quot;:&quot;200&quot;,&quot;shutter_speed&quot;:&quot;0.016666666666667&quot;,&quot;title&quot;:&quot;&quot;,&quot;orientation&quot;:&quot;1&quot;}\" data-image-title=\"Dragon Selection II\" data-image-description=\"&lt;p&gt;Dragon Selection II&lt;\/p&gt;\" data-image-caption=\"&lt;p&gt;Dragon Selection II&lt;\/p&gt;\" data-large-file=\"https:\/\/www.jungsi.de\/blog\/wp-content\/uploads\/Dragon-Selection-II-1024x768.jpg\" data-id=\"28875\" src=\"https:\/\/www.jungsi.de\/blog\/wp-content\/uploads\/Dragon-Selection-II-1024x768.jpg\" alt=\"Dragon Selection II\" class=\"wp-image-28875\" srcset=\"https:\/\/www.jungsi.de\/blog\/wp-content\/uploads\/Dragon-Selection-II-1024x768.jpg 1024w, https:\/\/www.jungsi.de\/blog\/wp-content\/uploads\/Dragon-Selection-II-300x225.jpg 300w, https:\/\/www.jungsi.de\/blog\/wp-content\/uploads\/Dragon-Selection-II.jpg 1400w\" sizes=\"auto, (max-width: 1024px) 100vw, 1024px\" \/><figcaption class=\"wp-element-caption\">Dragon Selection II (1983)<\/figcaption><\/figure>\n\n\n\n<figure class=\"wp-block-image size-large\"><img loading=\"lazy\" decoding=\"async\" width=\"768\" height=\"1024\" data-attachment-id=\"28876\" data-permalink=\"https:\/\/www.jungsi.de\/en\/spiele\/dragon-32-spiele\/dragonchess\/\" data-orig-file=\"https:\/\/www.jungsi.de\/blog\/wp-content\/uploads\/Dragonchess.jpg\" data-orig-size=\"1050,1400\" data-comments-opened=\"1\" data-image-meta=\"{&quot;aperture&quot;:&quot;1.8&quot;,&quot;credit&quot;:&quot;&quot;,&quot;camera&quot;:&quot;iPad Pro (12.9-inch) (4th generation)&quot;,&quot;caption&quot;:&quot;&quot;,&quot;created_timestamp&quot;:&quot;1658667985&quot;,&quot;copyright&quot;:&quot;&quot;,&quot;focal_length&quot;:&quot;3&quot;,&quot;iso&quot;:&quot;250&quot;,&quot;shutter_speed&quot;:&quot;0.016666666666667&quot;,&quot;title&quot;:&quot;&quot;,&quot;orientation&quot;:&quot;1&quot;}\" data-image-title=\"Dragonchess\" data-image-description=\"&lt;p&gt;Dragonchess&lt;\/p&gt;\" data-image-caption=\"&lt;p&gt;Dragonchess&lt;\/p&gt;\" data-large-file=\"https:\/\/www.jungsi.de\/blog\/wp-content\/uploads\/Dragonchess-768x1024.jpg\" data-id=\"28876\" src=\"https:\/\/www.jungsi.de\/blog\/wp-content\/uploads\/Dragonchess-768x1024.jpg\" alt=\"Dragonchess\" class=\"wp-image-28876\" srcset=\"https:\/\/www.jungsi.de\/blog\/wp-content\/uploads\/Dragonchess-768x1024.jpg 768w, https:\/\/www.jungsi.de\/blog\/wp-content\/uploads\/Dragonchess-225x300.jpg 225w, https:\/\/www.jungsi.de\/blog\/wp-content\/uploads\/Dragonchess.jpg 1050w\" sizes=\"auto, (max-width: 768px) 100vw, 768px\" \/><figcaption class=\"wp-element-caption\">Dragonchess (1983)<\/figcaption><\/figure>\n\n\n\n<figure class=\"wp-block-image size-large\"><img loading=\"lazy\" decoding=\"async\" width=\"768\" height=\"1024\" data-attachment-id=\"28877\" data-permalink=\"https:\/\/www.jungsi.de\/en\/spiele\/dragon-32-spiele\/maths-level-1\/\" data-orig-file=\"https:\/\/www.jungsi.de\/blog\/wp-content\/uploads\/Maths-Level-1.jpg\" data-orig-size=\"1050,1400\" data-comments-opened=\"1\" data-image-meta=\"{&quot;aperture&quot;:&quot;1.8&quot;,&quot;credit&quot;:&quot;&quot;,&quot;camera&quot;:&quot;iPad Pro (12.9-inch) (4th generation)&quot;,&quot;caption&quot;:&quot;&quot;,&quot;created_timestamp&quot;:&quot;1649440671&quot;,&quot;copyright&quot;:&quot;&quot;,&quot;focal_length&quot;:&quot;3&quot;,&quot;iso&quot;:&quot;250&quot;,&quot;shutter_speed&quot;:&quot;0.016666666666667&quot;,&quot;title&quot;:&quot;&quot;,&quot;orientation&quot;:&quot;1&quot;}\" data-image-title=\"Maths Level 1\" data-image-description=\"&lt;p&gt;Maths Level 1&lt;\/p&gt;\" data-image-caption=\"&lt;p&gt;Maths Level 1&lt;\/p&gt;\" data-large-file=\"https:\/\/www.jungsi.de\/blog\/wp-content\/uploads\/Maths-Level-1-768x1024.jpg\" data-id=\"28877\" src=\"https:\/\/www.jungsi.de\/blog\/wp-content\/uploads\/Maths-Level-1-768x1024.jpg\" alt=\"Maths Level 1\" class=\"wp-image-28877\" srcset=\"https:\/\/www.jungsi.de\/blog\/wp-content\/uploads\/Maths-Level-1-768x1024.jpg 768w, https:\/\/www.jungsi.de\/blog\/wp-content\/uploads\/Maths-Level-1-225x300.jpg 225w, https:\/\/www.jungsi.de\/blog\/wp-content\/uploads\/Maths-Level-1.jpg 1050w\" sizes=\"auto, (max-width: 768px) 100vw, 768px\" \/><figcaption class=\"wp-element-caption\">Maths Level 1 (1983)<\/figcaption><\/figure>\n\n\n\n<figure class=\"wp-block-image size-large\"><img loading=\"lazy\" decoding=\"async\" width=\"768\" height=\"1024\" data-attachment-id=\"28878\" data-permalink=\"https:\/\/www.jungsi.de\/en\/spiele\/dragon-32-spiele\/space-fighter\/\" data-orig-file=\"https:\/\/www.jungsi.de\/blog\/wp-content\/uploads\/Space-Fighter.jpg\" data-orig-size=\"1050,1400\" data-comments-opened=\"1\" data-image-meta=\"{&quot;aperture&quot;:&quot;1.8&quot;,&quot;credit&quot;:&quot;&quot;,&quot;camera&quot;:&quot;iPad Pro (12.9-inch) (4th generation)&quot;,&quot;caption&quot;:&quot;&quot;,&quot;created_timestamp&quot;:&quot;1649440627&quot;,&quot;copyright&quot;:&quot;&quot;,&quot;focal_length&quot;:&quot;3&quot;,&quot;iso&quot;:&quot;250&quot;,&quot;shutter_speed&quot;:&quot;0.025&quot;,&quot;title&quot;:&quot;&quot;,&quot;orientation&quot;:&quot;1&quot;}\" data-image-title=\"Space Fighter\" data-image-description=\"&lt;p&gt;Space Fighter&lt;\/p&gt;\" data-image-caption=\"&lt;p&gt;Space Fighter&lt;\/p&gt;\" data-large-file=\"https:\/\/www.jungsi.de\/blog\/wp-content\/uploads\/Space-Fighter-768x1024.jpg\" data-id=\"28878\" src=\"https:\/\/www.jungsi.de\/blog\/wp-content\/uploads\/Space-Fighter-768x1024.jpg\" alt=\"Space Fighter\" class=\"wp-image-28878\" srcset=\"https:\/\/www.jungsi.de\/blog\/wp-content\/uploads\/Space-Fighter-768x1024.jpg 768w, https:\/\/www.jungsi.de\/blog\/wp-content\/uploads\/Space-Fighter-225x300.jpg 225w, https:\/\/www.jungsi.de\/blog\/wp-content\/uploads\/Space-Fighter.jpg 1050w\" sizes=\"auto, (max-width: 768px) 100vw, 768px\" \/><figcaption class=\"wp-element-caption\">Space Fighter (1984)<\/figcaption><\/figure>\n\n\n\n<figure class=\"wp-block-image size-large\"><img loading=\"lazy\" decoding=\"async\" width=\"768\" height=\"1024\" data-attachment-id=\"28879\" data-permalink=\"https:\/\/www.jungsi.de\/en\/spiele\/dragon-32-spiele\/storm-arrows\/\" data-orig-file=\"https:\/\/www.jungsi.de\/blog\/wp-content\/uploads\/Storm-Arrows.jpg\" data-orig-size=\"1050,1400\" data-comments-opened=\"1\" data-image-meta=\"{&quot;aperture&quot;:&quot;1.8&quot;,&quot;credit&quot;:&quot;&quot;,&quot;camera&quot;:&quot;iPad Pro (12.9-inch) (4th generation)&quot;,&quot;caption&quot;:&quot;&quot;,&quot;created_timestamp&quot;:&quot;1658668003&quot;,&quot;copyright&quot;:&quot;&quot;,&quot;focal_length&quot;:&quot;3&quot;,&quot;iso&quot;:&quot;320&quot;,&quot;shutter_speed&quot;:&quot;0.023809523809524&quot;,&quot;title&quot;:&quot;&quot;,&quot;orientation&quot;:&quot;1&quot;}\" data-image-title=\"Storm Arrows\" data-image-description=\"&lt;p&gt;Storm Arrows&lt;\/p&gt;\" data-image-caption=\"&lt;p&gt;Storm Arrows&lt;\/p&gt;\" data-large-file=\"https:\/\/www.jungsi.de\/blog\/wp-content\/uploads\/Storm-Arrows-768x1024.jpg\" data-id=\"28879\" src=\"https:\/\/www.jungsi.de\/blog\/wp-content\/uploads\/Storm-Arrows-768x1024.jpg\" alt=\"Storm Arrows\" class=\"wp-image-28879\" srcset=\"https:\/\/www.jungsi.de\/blog\/wp-content\/uploads\/Storm-Arrows-768x1024.jpg 768w, https:\/\/www.jungsi.de\/blog\/wp-content\/uploads\/Storm-Arrows-225x300.jpg 225w, https:\/\/www.jungsi.de\/blog\/wp-content\/uploads\/Storm-Arrows.jpg 1050w\" sizes=\"auto, (max-width: 768px) 100vw, 768px\" \/><figcaption class=\"wp-element-caption\">Storm Arrows (1983)<\/figcaption><\/figure>\n\n\n\n<figure class=\"wp-block-image size-large\"><img loading=\"lazy\" decoding=\"async\" width=\"768\" height=\"1024\" data-attachment-id=\"28880\" data-permalink=\"https:\/\/www.jungsi.de\/en\/spiele\/dragon-32-spiele\/the-salamander-graphics-system\/\" data-orig-file=\"https:\/\/www.jungsi.de\/blog\/wp-content\/uploads\/The-Salamander-Graphics-System.jpg\" data-orig-size=\"1050,1400\" data-comments-opened=\"1\" data-image-meta=\"{&quot;aperture&quot;:&quot;1.8&quot;,&quot;credit&quot;:&quot;&quot;,&quot;camera&quot;:&quot;iPad Pro (12.9-inch) (4th generation)&quot;,&quot;caption&quot;:&quot;&quot;,&quot;created_timestamp&quot;:&quot;1658668013&quot;,&quot;copyright&quot;:&quot;&quot;,&quot;focal_length&quot;:&quot;3&quot;,&quot;iso&quot;:&quot;250&quot;,&quot;shutter_speed&quot;:&quot;0.016666666666667&quot;,&quot;title&quot;:&quot;&quot;,&quot;orientation&quot;:&quot;1&quot;}\" data-image-title=\"The Salamander Graphics System\" data-image-description=\"&lt;p&gt;The Salamander Graphics System&lt;\/p&gt;\" data-image-caption=\"&lt;p&gt;The Salamander Graphics System&lt;\/p&gt;\" data-large-file=\"https:\/\/www.jungsi.de\/blog\/wp-content\/uploads\/The-Salamander-Graphics-System-768x1024.jpg\" data-id=\"28880\" src=\"https:\/\/www.jungsi.de\/blog\/wp-content\/uploads\/The-Salamander-Graphics-System-768x1024.jpg\" alt=\"The Salamander Graphics System\" class=\"wp-image-28880\" srcset=\"https:\/\/www.jungsi.de\/blog\/wp-content\/uploads\/The-Salamander-Graphics-System-768x1024.jpg 768w, https:\/\/www.jungsi.de\/blog\/wp-content\/uploads\/The-Salamander-Graphics-System-225x300.jpg 225w, https:\/\/www.jungsi.de\/blog\/wp-content\/uploads\/The-Salamander-Graphics-System.jpg 1050w\" sizes=\"auto, (max-width: 768px) 100vw, 768px\" \/><figcaption class=\"wp-element-caption\">The Salamander Graphics System (1983)<\/figcaption><\/figure>\n\n\n\n<figure class=\"wp-block-image size-large\"><img loading=\"lazy\" decoding=\"async\" width=\"768\" height=\"1024\" data-attachment-id=\"36445\" data-permalink=\"https:\/\/www.jungsi.de\/en\/spiele\/dragon-32-spiele\/zorakk-the-conqueror-vorderseite\/\" data-orig-file=\"https:\/\/www.jungsi.de\/blog\/wp-content\/uploads\/Zorakk-The-Conqueror-Vorderseite.jpg\" data-orig-size=\"1050,1400\" data-comments-opened=\"1\" data-image-meta=\"{&quot;aperture&quot;:&quot;1.8&quot;,&quot;credit&quot;:&quot;&quot;,&quot;camera&quot;:&quot;iPad Pro (12.9-inch) (4th generation)&quot;,&quot;caption&quot;:&quot;&quot;,&quot;created_timestamp&quot;:&quot;1659179296&quot;,&quot;copyright&quot;:&quot;&quot;,&quot;focal_length&quot;:&quot;3&quot;,&quot;iso&quot;:&quot;200&quot;,&quot;shutter_speed&quot;:&quot;0.016666666666667&quot;,&quot;title&quot;:&quot;&quot;,&quot;orientation&quot;:&quot;1&quot;}\" data-image-title=\"Zorakk The Conqueror &amp;#8211; Vorderseite\" data-image-description=\"&lt;p&gt;Zorakk The Conqueror&lt;\/p&gt;\" data-image-caption=\"&lt;p&gt;Zorakk The Conqueror (1984)&lt;\/p&gt;\" data-large-file=\"https:\/\/www.jungsi.de\/blog\/wp-content\/uploads\/Zorakk-The-Conqueror-Vorderseite-768x1024.jpg\" data-id=\"36445\" src=\"https:\/\/www.jungsi.de\/blog\/wp-content\/uploads\/Zorakk-The-Conqueror-Vorderseite-768x1024.jpg\" alt=\"Zorakk The Conqueror\" class=\"wp-image-36445\" srcset=\"https:\/\/www.jungsi.de\/blog\/wp-content\/uploads\/Zorakk-The-Conqueror-Vorderseite-768x1024.jpg 768w, https:\/\/www.jungsi.de\/blog\/wp-content\/uploads\/Zorakk-The-Conqueror-Vorderseite-225x300.jpg 225w, https:\/\/www.jungsi.de\/blog\/wp-content\/uploads\/Zorakk-The-Conqueror-Vorderseite.jpg 1050w\" sizes=\"auto, (max-width: 768px) 100vw, 768px\" \/><figcaption class=\"wp-element-caption\">Zorakk The Conqueror (1984)<\/figcaption><\/figure>\n<\/figure>","protected":false},"excerpt":{"rendered":"<p>Dragon<\/p>","protected":false},"author":2,"featured_media":28871,"parent":12368,"menu_order":0,"comment_status":"closed","ping_status":"closed","template":"","meta":{"_lmt_disableupdate":"","_lmt_disable":"","ngg_post_thumbnail":0,"jetpack_post_was_ever_published":false,"footnotes":"","_links_to":"","_links_to_target":""},"class_list":["post-28870","page","type-page","status-publish","has-post-thumbnail","hentry"],"jetpack_shortlink":"https:\/\/wp.me\/P4eXvk-7vE","jetpack_sharing_enabled":true,"jetpack_likes_enabled":true,"jetpack-related-posts":[{"id":27698,"url":"https:\/\/www.jungsi.de\/en\/heimcomputer\/sonstige-hersteller\/dragon-32\/","url_meta":{"origin":28870,"position":0},"title":"Dragon 32","author":"Jungsi","date":"13. January 2023","format":false,"excerpt":"Dragon 32 Dragon 32 Der Dragon 32 war Mettoys Versuch, sich im aufstrebenden Markt der Heimcomputer zu etablieren. Das Projekt startete Ende 1981 mit begrenzter Entwicklungszeit. Aufgrund des engen Zeitplans wurde Microsoft BASIC lizenziert, was die Auswahl an Prozessoren einschr\u00e4nkte. Die Wahl fiel auf den Motorola 6809, der gut zum\u2026","rel":"","context":"Similar post","block_context":{"text":"Similar post","link":""},"img":{"alt_text":"Joystick Adapter","src":"https:\/\/i0.wp.com\/www.jungsi.de\/blog\/wp-content\/uploads\/Joystick-Adapter.jpg?resize=350%2C200&ssl=1","width":350,"height":200,"srcset":"https:\/\/i0.wp.com\/www.jungsi.de\/blog\/wp-content\/uploads\/Joystick-Adapter.jpg?resize=350%2C200&ssl=1 1x, https:\/\/i0.wp.com\/www.jungsi.de\/blog\/wp-content\/uploads\/Joystick-Adapter.jpg?resize=525%2C300&ssl=1 1.5x, https:\/\/i0.wp.com\/www.jungsi.de\/blog\/wp-content\/uploads\/Joystick-Adapter.jpg?resize=700%2C400&ssl=1 2x, https:\/\/i0.wp.com\/www.jungsi.de\/blog\/wp-content\/uploads\/Joystick-Adapter.jpg?resize=1050%2C600&ssl=1 3x, https:\/\/i0.wp.com\/www.jungsi.de\/blog\/wp-content\/uploads\/Joystick-Adapter.jpg?resize=1400%2C800&ssl=1 4x"},"classes":[]},{"id":12379,"url":"https:\/\/www.jungsi.de\/en\/spiele\/sonstige-spiele\/","url_meta":{"origin":28870,"position":1},"title":"Sonstige Spiele\/Software","author":"Jungsi","date":"15. January 2016","format":false,"excerpt":"Sonstige Spiele\/Software Da ich f\u00fcr die folgenden Systeme weniger als 10 Spiele bzw. Software besitze, werden diese nicht auf einer eigenen Seite pr\u00e4sentiert. Amstrad GX4000 Atari 7800 Apple IIe Bandai WonderSwan Color MSX Sharp MZ SNK Neo Geo AES SNK Neo Geo Pocket Thomson Acorn BBC Micro Attack On Alpha\u2026","rel":"","context":"Similar post","block_context":{"text":"Similar post","link":""},"img":{"alt_text":"Football - Atari XL","src":"https:\/\/i0.wp.com\/www.jungsi.de\/blog\/wp-content\/uploads\/football-atari-xl.jpg?resize=350%2C200&ssl=1","width":350,"height":200,"srcset":"https:\/\/i0.wp.com\/www.jungsi.de\/blog\/wp-content\/uploads\/football-atari-xl.jpg?resize=350%2C200&ssl=1 1x, https:\/\/i0.wp.com\/www.jungsi.de\/blog\/wp-content\/uploads\/football-atari-xl.jpg?resize=525%2C300&ssl=1 1.5x, https:\/\/i0.wp.com\/www.jungsi.de\/blog\/wp-content\/uploads\/football-atari-xl.jpg?resize=700%2C400&ssl=1 2x"},"classes":[]},{"id":27893,"url":"https:\/\/www.jungsi.de\/en\/die-sammlung\/literatur\/sonstige\/","url_meta":{"origin":28870,"position":2},"title":"Sonstige","author":"Jungsi","date":"14. January 2023","format":false,"excerpt":"Sonstige 8 bit Annual 2018 8 Bit Annual 2019 Basic - Alles \u00fcber PEEK und POKE Basic - Betriebsprogramme f\u00fcr den Funkamateur Basic - HF-Rechenprogramme Basic - Mathematik per Computer Basic - Matrix-Operationen Basic f\u00fcr Aufsteiger Basic f\u00fcr Mikrocomputer BASIC in 100 Beispielen Chip Special - Bauanleitungen f\u00fcr Microcomputer Compute\u2026","rel":"","context":"Similar post","block_context":{"text":"Similar post","link":""},"img":{"alt_text":"BASIC in 100 Beispielen","src":"https:\/\/i0.wp.com\/www.jungsi.de\/blog\/wp-content\/uploads\/BASIC-in-100-Beispielen.jpg?resize=350%2C200&ssl=1","width":350,"height":200,"srcset":"https:\/\/i0.wp.com\/www.jungsi.de\/blog\/wp-content\/uploads\/BASIC-in-100-Beispielen.jpg?resize=350%2C200&ssl=1 1x, https:\/\/i0.wp.com\/www.jungsi.de\/blog\/wp-content\/uploads\/BASIC-in-100-Beispielen.jpg?resize=525%2C300&ssl=1 1.5x"},"classes":[]},{"id":18106,"url":"https:\/\/www.jungsi.de\/en\/suche-biete\/","url_meta":{"origin":28870,"position":3},"title":"Suche\/Kaufe\/Tausche","author":"Jungsi","date":"30. July 2017","format":false,"excerpt":"Suche\/Kaufe\/Tausche Meine Sammlung kann immer noch das eine oder andere zus\u00e4tzliche St\u00fcck vertragen. Bevor Hardware verschrottet wird, bewahre ich sie gerne vor diesem Schicksal. Die Ger\u00e4te werden gereinigt, soweit m\u00f6glich instand gesetzt und wieder in Betrieb genommen, sollten sie nicht mehr funktionieren. Falls Sie etwas loswerden wollen, k\u00f6nnen Sie sich\u2026","rel":"","context":"Similar post","block_context":{"text":"Similar post","link":""},"img":{"alt_text":"","src":"","width":0,"height":0},"classes":[]},{"id":28312,"url":"https:\/\/www.jungsi.de\/en\/konsolen\/atari-konsolen\/","url_meta":{"origin":28870,"position":4},"title":"Atari Konsolen","author":"Jungsi","date":"16. January 2023","format":false,"excerpt":"Atari Konsolen Atari VCS Atari 7800 Atari Jaguar Geschichte von Atari und deren Spielekonsolen Gr\u00fcndung und Fr\u00fche Jahre (1972-1976): Gr\u00fcndung: Atari, Inc. wurde 1972 von Nolan Bushnell und Ted Dabney gegr\u00fcndet. Das Unternehmen wurde schnell durch die Ver\u00f6ffentlichung des Arcade-Spiels Pong bekannt, das zu einem riesigen Erfolg wurde und Atari\u2026","rel":"","context":"Similar post","block_context":{"text":"Similar post","link":""},"img":{"alt_text":"","src":"","width":0,"height":0},"classes":[]},{"id":18281,"url":"https:\/\/www.jungsi.de\/en\/konsolen\/mattel-intellivision\/","url_meta":{"origin":28870,"position":5},"title":"Mattel Intellivision","author":"Jungsi","date":"17. August 2017","format":false,"excerpt":"Mattel Intellivision Mattel Intellivision 1980 brachte der Spielzeugriese Mattel die Konsole Intellivision heraus, w\u00e4hrend Atari mit seinem VCS den Markt dominierte. Intellivision bot eine 16-Bit-CPU, die weit bessere Spiele als die einfache Blockgrafik des VCS erm\u00f6glichte. Mattel setzte dabei auf Sportlizenzen, obwohl der Controller als etwas kompliziert galt. Die Steuerung\u2026","rel":"","context":"Similar post","block_context":{"text":"Similar post","link":""},"img":{"alt_text":"Mattel Intellivision","src":"https:\/\/i0.wp.com\/www.jungsi.de\/blog\/wp-content\/uploads\/matell-intellivison_3.jpg?resize=350%2C200&ssl=1","width":350,"height":200,"srcset":"https:\/\/i0.wp.com\/www.jungsi.de\/blog\/wp-content\/uploads\/matell-intellivison_3.jpg?resize=350%2C200&ssl=1 1x, https:\/\/i0.wp.com\/www.jungsi.de\/blog\/wp-content\/uploads\/matell-intellivison_3.jpg?resize=525%2C300&ssl=1 1.5x, https:\/\/i0.wp.com\/www.jungsi.de\/blog\/wp-content\/uploads\/matell-intellivison_3.jpg?resize=700%2C400&ssl=1 2x"},"classes":[]}],"_links":{"self":[{"href":"https:\/\/www.jungsi.de\/en\/wp-json\/wp\/v2\/pages\/28870","targetHints":{"allow":["GET"]}}],"collection":[{"href":"https:\/\/www.jungsi.de\/en\/wp-json\/wp\/v2\/pages"}],"about":[{"href":"https:\/\/www.jungsi.de\/en\/wp-json\/wp\/v2\/types\/page"}],"author":[{"embeddable":true,"href":"https:\/\/www.jungsi.de\/en\/wp-json\/wp\/v2\/users\/2"}],"replies":[{"embeddable":true,"href":"https:\/\/www.jungsi.de\/en\/wp-json\/wp\/v2\/comments?post=28870"}],"version-history":[{"count":0,"href":"https:\/\/www.jungsi.de\/en\/wp-json\/wp\/v2\/pages\/28870\/revisions"}],"up":[{"embeddable":true,"href":"https:\/\/www.jungsi.de\/en\/wp-json\/wp\/v2\/pages\/12368"}],"wp:featuredmedia":[{"embeddable":true,"href":"https:\/\/www.jungsi.de\/en\/wp-json\/wp\/v2\/media\/28871"}],"wp:attachment":[{"href":"https:\/\/www.jungsi.de\/en\/wp-json\/wp\/v2\/media?parent=28870"}],"curies":[{"name":"wp","href":"https:\/\/api.w.org\/{rel}","templated":true}]}}