{"id":28389,"date":"2023-01-17T11:56:24","date_gmt":"2023-01-17T10:56:24","guid":{"rendered":"https:\/\/www.jungsi.de\/?page_id=28389"},"modified":"2025-01-03T11:37:55","modified_gmt":"2025-01-03T10:37:55","slug":"colour-personal-computing","status":"publish","type":"page","link":"https:\/\/www.jungsi.de\/en\/die-sammlung\/literatur\/schneider\/colour-personal-computing\/","title":{"rendered":"Colour Personal Computing"},"content":{"rendered":"<p><\/p>\n\n\n\n<h2 class=\"wp-block-heading has-text-align-center\"><strong>Colour Personal Computing<\/strong><\/h2>\n\n\n\n<figure class=\"wp-block-gallery has-nested-images columns-default is-cropped is-style-rectangular wp-block-gallery-1 is-layout-flex wp-block-gallery-is-layout-flex\">\n<figure class=\"wp-block-image size-large\"><img loading=\"lazy\" decoding=\"async\" width=\"768\" height=\"1024\" data-attachment-id=\"28391\" data-permalink=\"https:\/\/www.jungsi.de\/en\/die-sammlung\/literatur\/schneider\/colour-personal-computing\/colour-personal-computing-issue-1\/\" data-orig-file=\"https:\/\/www.jungsi.de\/blog\/wp-content\/uploads\/Colour-Personal-Computing-Issue-1.jpg\" data-orig-size=\"1050,1400\" data-comments-opened=\"1\" data-image-meta=\"{&quot;aperture&quot;:&quot;1.8&quot;,&quot;credit&quot;:&quot;&quot;,&quot;camera&quot;:&quot;iPad Pro (12.9-inch) (4th generation)&quot;,&quot;caption&quot;:&quot;&quot;,&quot;created_timestamp&quot;:&quot;1673951058&quot;,&quot;copyright&quot;:&quot;&quot;,&quot;focal_length&quot;:&quot;3&quot;,&quot;iso&quot;:&quot;160&quot;,&quot;shutter_speed&quot;:&quot;0.016666666666667&quot;,&quot;title&quot;:&quot;&quot;,&quot;orientation&quot;:&quot;1&quot;}\" data-image-title=\"Color Personal Computing &amp;#8211; Issue 1\" data-image-description=\"&lt;p&gt;Color Personal Computing &amp;#8211; Issue 1&lt;\/p&gt;\" data-image-caption=\"&lt;p&gt;Color Personal Computing &amp;#8211; Issue 1&lt;\/p&gt;\" data-large-file=\"https:\/\/www.jungsi.de\/blog\/wp-content\/uploads\/Colour-Personal-Computing-Issue-1-768x1024.jpg\" data-id=\"28391\" src=\"https:\/\/www.jungsi.de\/blog\/wp-content\/uploads\/Colour-Personal-Computing-Issue-1-768x1024.jpg\" alt=\"Color Personal Computing - Issue 1\" class=\"wp-image-28391\" srcset=\"https:\/\/www.jungsi.de\/blog\/wp-content\/uploads\/Colour-Personal-Computing-Issue-1-768x1024.jpg 768w, https:\/\/www.jungsi.de\/blog\/wp-content\/uploads\/Colour-Personal-Computing-Issue-1-225x300.jpg 225w, https:\/\/www.jungsi.de\/blog\/wp-content\/uploads\/Colour-Personal-Computing-Issue-1.jpg 1050w\" sizes=\"auto, (max-width: 768px) 100vw, 768px\" \/><figcaption class=\"wp-element-caption\">Color Personal Computing &#8211; Issue 1<\/figcaption><\/figure>\n\n\n\n<figure class=\"wp-block-image size-large\"><img loading=\"lazy\" decoding=\"async\" width=\"768\" height=\"1024\" data-attachment-id=\"28392\" data-permalink=\"https:\/\/www.jungsi.de\/en\/die-sammlung\/literatur\/schneider\/colour-personal-computing\/colour-personal-computing-issue-2\/\" data-orig-file=\"https:\/\/www.jungsi.de\/blog\/wp-content\/uploads\/Colour-Personal-Computing-Issue-2.jpg\" data-orig-size=\"1050,1400\" data-comments-opened=\"1\" data-image-meta=\"{&quot;aperture&quot;:&quot;3.5&quot;,&quot;credit&quot;:&quot;&quot;,&quot;camera&quot;:&quot;Canon PowerShot SX260 HS&quot;,&quot;caption&quot;:&quot;&quot;,&quot;created_timestamp&quot;:&quot;1519486836&quot;,&quot;copyright&quot;:&quot;&quot;,&quot;focal_length&quot;:&quot;4.5&quot;,&quot;iso&quot;:&quot;800&quot;,&quot;shutter_speed&quot;:&quot;0.04&quot;,&quot;title&quot;:&quot;&quot;,&quot;orientation&quot;:&quot;1&quot;}\" data-image-title=\"Color Personal Computing &amp;#8211; Issue 2\" data-image-description=\"&lt;p&gt;Color Personal Computing &amp;#8211; Issue 2&lt;\/p&gt;\" data-image-caption=\"&lt;p&gt;Color Personal Computing &amp;#8211; Issue 2&lt;\/p&gt;\" data-large-file=\"https:\/\/www.jungsi.de\/blog\/wp-content\/uploads\/Colour-Personal-Computing-Issue-2-768x1024.jpg\" data-id=\"28392\" src=\"https:\/\/www.jungsi.de\/blog\/wp-content\/uploads\/Colour-Personal-Computing-Issue-2-768x1024.jpg\" alt=\"Color Personal Computing - Issue 2\" class=\"wp-image-28392\" srcset=\"https:\/\/www.jungsi.de\/blog\/wp-content\/uploads\/Colour-Personal-Computing-Issue-2-768x1024.jpg 768w, https:\/\/www.jungsi.de\/blog\/wp-content\/uploads\/Colour-Personal-Computing-Issue-2-225x300.jpg 225w, https:\/\/www.jungsi.de\/blog\/wp-content\/uploads\/Colour-Personal-Computing-Issue-2.jpg 1050w\" sizes=\"auto, (max-width: 768px) 100vw, 768px\" \/><figcaption class=\"wp-element-caption\">Color Personal Computing &#8211; Issue 2<\/figcaption><\/figure>\n\n\n\n<figure class=\"wp-block-image size-large\"><img loading=\"lazy\" decoding=\"async\" width=\"768\" height=\"1024\" data-attachment-id=\"28393\" data-permalink=\"https:\/\/www.jungsi.de\/en\/die-sammlung\/literatur\/schneider\/colour-personal-computing\/colour-personal-computing-issue-3\/\" data-orig-file=\"https:\/\/www.jungsi.de\/blog\/wp-content\/uploads\/Colour-Personal-Computing-Issue-3.jpg\" data-orig-size=\"1050,1400\" data-comments-opened=\"1\" data-image-meta=\"{&quot;aperture&quot;:&quot;1.8&quot;,&quot;credit&quot;:&quot;&quot;,&quot;camera&quot;:&quot;iPad Pro (12.9-inch) (4th generation)&quot;,&quot;caption&quot;:&quot;&quot;,&quot;created_timestamp&quot;:&quot;1673951066&quot;,&quot;copyright&quot;:&quot;&quot;,&quot;focal_length&quot;:&quot;3&quot;,&quot;iso&quot;:&quot;250&quot;,&quot;shutter_speed&quot;:&quot;0.025&quot;,&quot;title&quot;:&quot;&quot;,&quot;orientation&quot;:&quot;1&quot;}\" data-image-title=\"Color Personal Computing &amp;#8211; Issue 3\" data-image-description=\"&lt;p&gt;Color Personal Computing &amp;#8211; Issue 3&lt;\/p&gt;\" data-image-caption=\"&lt;p&gt;Color Personal Computing &amp;#8211; Issue 3&lt;\/p&gt;\" data-large-file=\"https:\/\/www.jungsi.de\/blog\/wp-content\/uploads\/Colour-Personal-Computing-Issue-3-768x1024.jpg\" data-id=\"28393\" src=\"https:\/\/www.jungsi.de\/blog\/wp-content\/uploads\/Colour-Personal-Computing-Issue-3-768x1024.jpg\" alt=\"Color Personal Computing - Issue 3\" class=\"wp-image-28393\" srcset=\"https:\/\/www.jungsi.de\/blog\/wp-content\/uploads\/Colour-Personal-Computing-Issue-3-768x1024.jpg 768w, https:\/\/www.jungsi.de\/blog\/wp-content\/uploads\/Colour-Personal-Computing-Issue-3-225x300.jpg 225w, https:\/\/www.jungsi.de\/blog\/wp-content\/uploads\/Colour-Personal-Computing-Issue-3.jpg 1050w\" sizes=\"auto, (max-width: 768px) 100vw, 768px\" \/><figcaption class=\"wp-element-caption\">Color Personal Computing &#8211; Issue 3<\/figcaption><\/figure>\n\n\n\n<figure class=\"wp-block-image size-large\"><img loading=\"lazy\" decoding=\"async\" width=\"768\" height=\"1024\" data-attachment-id=\"28390\" data-permalink=\"https:\/\/www.jungsi.de\/en\/die-sammlung\/literatur\/schneider\/colour-personal-computing\/color-personal-computing-issue-4-xmass-2022\/\" data-orig-file=\"https:\/\/www.jungsi.de\/blog\/wp-content\/uploads\/Color-Personal-Computing-Issue-4-Xmass-2022.jpg\" data-orig-size=\"1050,1400\" data-comments-opened=\"1\" data-image-meta=\"{&quot;aperture&quot;:&quot;1.8&quot;,&quot;credit&quot;:&quot;&quot;,&quot;camera&quot;:&quot;iPad Pro (12.9-inch) (4th generation)&quot;,&quot;caption&quot;:&quot;&quot;,&quot;created_timestamp&quot;:&quot;1673099647&quot;,&quot;copyright&quot;:&quot;&quot;,&quot;focal_length&quot;:&quot;3&quot;,&quot;iso&quot;:&quot;250&quot;,&quot;shutter_speed&quot;:&quot;0.020833333333333&quot;,&quot;title&quot;:&quot;&quot;,&quot;orientation&quot;:&quot;1&quot;}\" data-image-title=\"Color Personal Computing &amp;#8211; Issue 4\" data-image-description=\"&lt;p&gt;Color Personal Computing &amp;#8211; Issue 4&lt;\/p&gt;\" data-image-caption=\"&lt;p&gt;Color Personal Computing &amp;#8211; Issue 4&lt;\/p&gt;\" data-large-file=\"https:\/\/www.jungsi.de\/blog\/wp-content\/uploads\/Color-Personal-Computing-Issue-4-Xmass-2022-768x1024.jpg\" data-id=\"28390\" src=\"https:\/\/www.jungsi.de\/blog\/wp-content\/uploads\/Color-Personal-Computing-Issue-4-Xmass-2022-768x1024.jpg\" alt=\"Color Personal Computing - Issue 4\" class=\"wp-image-28390\" srcset=\"https:\/\/www.jungsi.de\/blog\/wp-content\/uploads\/Color-Personal-Computing-Issue-4-Xmass-2022-768x1024.jpg 768w, https:\/\/www.jungsi.de\/blog\/wp-content\/uploads\/Color-Personal-Computing-Issue-4-Xmass-2022-225x300.jpg 225w, https:\/\/www.jungsi.de\/blog\/wp-content\/uploads\/Color-Personal-Computing-Issue-4-Xmass-2022.jpg 1050w\" sizes=\"auto, (max-width: 768px) 100vw, 768px\" \/><figcaption class=\"wp-element-caption\">Color Personal Computing &#8211; Issue 4<\/figcaption><\/figure>\n<\/figure>","protected":false},"excerpt":{"rendered":"<p>Colour Personal Computing<\/p>","protected":false},"author":2,"featured_media":28390,"parent":28164,"menu_order":0,"comment_status":"closed","ping_status":"closed","template":"","meta":{"_lmt_disableupdate":"","_lmt_disable":"","ngg_post_thumbnail":0,"jetpack_post_was_ever_published":false,"footnotes":"","_links_to":"","_links_to_target":""},"class_list":["post-28389","page","type-page","status-publish","has-post-thumbnail","hentry"],"jetpack_shortlink":"https:\/\/wp.me\/P4eXvk-7nT","jetpack_sharing_enabled":true,"jetpack_likes_enabled":true,"jetpack-related-posts":[{"id":29047,"url":"https:\/\/www.jungsi.de\/en\/heimcomputer\/schneider-amstrad\/","url_meta":{"origin":28389,"position":0},"title":"Schneider\/Amstrad","author":"Jungsi","date":"6. February 2023","format":false,"excerpt":"Schneider\/Amstrad Schneider CPC-Reihe Schneider Joyce Geschichte der Firma Schneider in Bezug auf Heimcomputer und deren Beziehung zu Amstrad Einf\u00fchrung und Hintergrund (1938-1983): Gr\u00fcndung und fr\u00fche Jahre: Die Schneider Rundfunkwerke AG wurde 1938 in T\u00fcrkheim, Deutschland, gegr\u00fcndet und etablierte sich als Hersteller von Radio- und Fernsehempf\u00e4ngern. In den 1970er und fr\u00fchen\u2026","rel":"","context":"Similar post","block_context":{"text":"Similar post","link":""},"img":{"alt_text":"","src":"","width":0,"height":0},"classes":[]},{"id":27658,"url":"https:\/\/www.jungsi.de\/en\/heimcomputer\/apple\/apple-macintosh-se-30\/","url_meta":{"origin":28389,"position":1},"title":"Apple Macintosh SE\/30","author":"Jungsi","date":"13. January 2023","format":false,"excerpt":"Apple Macintosh SE\/30 Apple Macintosh SE\/30 Geschichte des Apple Macintosh SE\/30 Der Apple Macintosh SE\/30 wurde am 19. Januar 1989 eingef\u00fchrt und war eine Weiterentwicklung des Macintosh SE. Hier sind die wichtigsten Punkte seiner Geschichte: Einf\u00fchrung und Design (1989): Nachfolger des Macintosh SE: Der Macintosh SE\/30 war der leistungsst\u00e4rkere Nachfolger\u2026","rel":"","context":"Similar post","block_context":{"text":"Similar post","link":""},"img":{"alt_text":"","src":"https:\/\/i0.wp.com\/www.jungsi.de\/blog\/wp-content\/uploads\/apple-macintosh-floppyemulator.jpg?resize=350%2C200&ssl=1","width":350,"height":200,"srcset":"https:\/\/i0.wp.com\/www.jungsi.de\/blog\/wp-content\/uploads\/apple-macintosh-floppyemulator.jpg?resize=350%2C200&ssl=1 1x, https:\/\/i0.wp.com\/www.jungsi.de\/blog\/wp-content\/uploads\/apple-macintosh-floppyemulator.jpg?resize=525%2C300&ssl=1 1.5x, https:\/\/i0.wp.com\/www.jungsi.de\/blog\/wp-content\/uploads\/apple-macintosh-floppyemulator.jpg?resize=700%2C400&ssl=1 2x"},"classes":[]},{"id":19748,"url":"https:\/\/www.jungsi.de\/en\/heimcomputer\/msx-sony-hitbit-75-p\/","url_meta":{"origin":28389,"position":2},"title":"MSX","author":"Jungsi","date":"28. February 2018","format":false,"excerpt":"MSX Philips VG-8235 Sony HitBit 75-P Zusammenfassung zum MSX-Standard Der MSX-Standard war eine einheitliche Plattform f\u00fcr Heimcomputer, die Anfang der 1980er Jahre entwickelt wurde. Hier sind die wichtigsten Punkte seiner Geschichte und Merkmale: Einf\u00fchrung und Zielsetzung (1983): Konzept: Der MSX-Standard wurde von Kazuhiko Nishi von Microsoft Japan in Zusammenarbeit mit\u2026","rel":"","context":"Similar post","block_context":{"text":"Similar post","link":""},"img":{"alt_text":"","src":"https:\/\/i0.wp.com\/www.jungsi.de\/blog\/wp-content\/uploads\/Carnivore-2-R%C3%BCckseite.jpg?resize=350%2C200&ssl=1","width":350,"height":200,"srcset":"https:\/\/i0.wp.com\/www.jungsi.de\/blog\/wp-content\/uploads\/Carnivore-2-R%C3%BCckseite.jpg?resize=350%2C200&ssl=1 1x, https:\/\/i0.wp.com\/www.jungsi.de\/blog\/wp-content\/uploads\/Carnivore-2-R%C3%BCckseite.jpg?resize=525%2C300&ssl=1 1.5x, https:\/\/i0.wp.com\/www.jungsi.de\/blog\/wp-content\/uploads\/Carnivore-2-R%C3%BCckseite.jpg?resize=700%2C400&ssl=1 2x, https:\/\/i0.wp.com\/www.jungsi.de\/blog\/wp-content\/uploads\/Carnivore-2-R%C3%BCckseite.jpg?resize=1050%2C600&ssl=1 3x, https:\/\/i0.wp.com\/www.jungsi.de\/blog\/wp-content\/uploads\/Carnivore-2-R%C3%BCckseite.jpg?resize=1400%2C800&ssl=1 4x"},"classes":[]},{"id":19739,"url":"https:\/\/www.jungsi.de\/en\/heimcomputer\/apple\/","url_meta":{"origin":28389,"position":3},"title":"Apple","author":"Jungsi","date":"28. February 2018","format":false,"excerpt":"Apple Apple IIe Apple Macintosh SE\/30 Geschichte der Firma Apple (1976-1986) Gr\u00fcndung und Anfangsjahre (1976-1977):Apple wurde am 1. April 1976 von Steve Jobs, Steve Wozniak und Ronald Wayne in Cupertino, Kalifornien gegr\u00fcndet. Ihr erstes Produkt, der Apple I, war ein von Wozniak entwickelter Computer, der als Bausatz verkauft wurde. Der\u2026","rel":"","context":"Similar post","block_context":{"text":"Similar post","link":""},"img":{"alt_text":"Apple IIe - Joystick","src":"https:\/\/i0.wp.com\/www.jungsi.de\/blog\/wp-content\/uploads\/Apple-IIe-Joystick.jpg?resize=350%2C200&ssl=1","width":350,"height":200,"srcset":"https:\/\/i0.wp.com\/www.jungsi.de\/blog\/wp-content\/uploads\/Apple-IIe-Joystick.jpg?resize=350%2C200&ssl=1 1x, https:\/\/i0.wp.com\/www.jungsi.de\/blog\/wp-content\/uploads\/Apple-IIe-Joystick.jpg?resize=525%2C300&ssl=1 1.5x, https:\/\/i0.wp.com\/www.jungsi.de\/blog\/wp-content\/uploads\/Apple-IIe-Joystick.jpg?resize=700%2C400&ssl=1 2x"},"classes":[]},{"id":677,"url":"https:\/\/www.jungsi.de\/en\/reisen\/norwegen-2010\/tag-7-haugesund-eidfjord\/","url_meta":{"origin":28389,"position":4},"title":"Tag 7: Haugesund &#8211; Eidfjord","author":"Jungsi","date":"18. July 2010","format":false,"excerpt":"An diesem Tag haben uns 270 km bei traumhaftem Wetter erwartet. Die Strecke f\u00fchrte uns in Richtung Leirvik bis zum F\u00e4hranleger Jektevik. Mit der F\u00e4hre setzten wir nach Hodnanes \u00fcber. Sp\u00e4ter trafen wir dann auf den Hardangerfjord und folgten diesem auf einer tollen Strecke. \u00dcber Norheimsund und Eide kamen wir\u2026","rel":"","context":"Similar post","block_context":{"text":"Similar post","link":""},"img":{"alt_text":"","src":"","width":0,"height":0},"classes":[]},{"id":231,"url":"https:\/\/www.jungsi.de\/en\/reisen\/kroatien-2002\/","url_meta":{"origin":28389,"position":5},"title":"Kroatien 2002","author":"Jungsi","date":"8. December 2008","format":false,"excerpt":"Dieses Mal buchten wir wieder ein Hotel vor. Als Startpunkt suchten wir uns den Ort Crkvenica aus. Dieser liegt ca. 30 km s\u00fcdlich von Rijeka an der K\u00fcstenstra\u00dfe. Die Anfahrt wurde l\u00e4nger als wir dachten. Da wir die Autobahn mieden, fuhren wir \u00fcber den S\u00f6lkpass und die Turracher-H\u00f6he nach Villach.\u2026","rel":"","context":"In &quot;Allgemein&quot;","block_context":{"text":"Allgemein","link":"https:\/\/www.jungsi.de\/en\/category\/allgemein\/"},"img":{"alt_text":"","src":"","width":0,"height":0},"classes":[]}],"_links":{"self":[{"href":"https:\/\/www.jungsi.de\/en\/wp-json\/wp\/v2\/pages\/28389","targetHints":{"allow":["GET"]}}],"collection":[{"href":"https:\/\/www.jungsi.de\/en\/wp-json\/wp\/v2\/pages"}],"about":[{"href":"https:\/\/www.jungsi.de\/en\/wp-json\/wp\/v2\/types\/page"}],"author":[{"embeddable":true,"href":"https:\/\/www.jungsi.de\/en\/wp-json\/wp\/v2\/users\/2"}],"replies":[{"embeddable":true,"href":"https:\/\/www.jungsi.de\/en\/wp-json\/wp\/v2\/comments?post=28389"}],"version-history":[{"count":0,"href":"https:\/\/www.jungsi.de\/en\/wp-json\/wp\/v2\/pages\/28389\/revisions"}],"up":[{"embeddable":true,"href":"https:\/\/www.jungsi.de\/en\/wp-json\/wp\/v2\/pages\/28164"}],"wp:featuredmedia":[{"embeddable":true,"href":"https:\/\/www.jungsi.de\/en\/wp-json\/wp\/v2\/media\/28390"}],"wp:attachment":[{"href":"https:\/\/www.jungsi.de\/en\/wp-json\/wp\/v2\/media?parent=28389"}],"curies":[{"name":"wp","href":"https:\/\/api.w.org\/{rel}","templated":true}]}}