{"id":28382,"date":"2023-01-17T11:50:50","date_gmt":"2023-01-17T10:50:50","guid":{"rendered":"https:\/\/www.jungsi.de\/?page_id=28382"},"modified":"2023-02-06T10:57:35","modified_gmt":"2023-02-06T09:57:35","slug":"ct-retro","status":"publish","type":"page","link":"https:\/\/www.jungsi.de\/en\/die-sammlung\/literatur\/sonstige\/ct-retro\/","title":{"rendered":"CT Retro"},"content":{"rendered":"<p><\/p>\n\n\n\n<h2 class=\"has-text-align-center wp-block-heading\"><strong>CT Retro<\/strong><\/h2>\n\n\n\n<figure class=\"wp-block-gallery has-nested-images columns-default is-cropped is-style-rectangular wp-block-gallery-1 is-layout-flex wp-block-gallery-is-layout-flex\">\n<figure class=\"wp-block-image size-large\"><img loading=\"lazy\" decoding=\"async\" width=\"768\" height=\"1024\" data-attachment-id=\"28383\" data-permalink=\"https:\/\/www.jungsi.de\/en\/die-sammlung\/literatur\/sonstige\/ct-retro\/ct-retro-2018\/\" data-orig-file=\"https:\/\/www.jungsi.de\/blog\/wp-content\/uploads\/CT-Retro-2018.jpg\" data-orig-size=\"1050,1400\" data-comments-opened=\"1\" data-image-meta=\"{&quot;aperture&quot;:&quot;3.5&quot;,&quot;credit&quot;:&quot;&quot;,&quot;camera&quot;:&quot;Canon PowerShot SX260 HS&quot;,&quot;caption&quot;:&quot;&quot;,&quot;created_timestamp&quot;:&quot;1541946441&quot;,&quot;copyright&quot;:&quot;&quot;,&quot;focal_length&quot;:&quot;4.5&quot;,&quot;iso&quot;:&quot;320&quot;,&quot;shutter_speed&quot;:&quot;0.033333333333333&quot;,&quot;title&quot;:&quot;&quot;,&quot;orientation&quot;:&quot;1&quot;}\" data-image-title=\"CT Retro 2018\" data-image-description=\"&lt;p&gt;CT Retro 2018&lt;\/p&gt;\" data-image-caption=\"&lt;p&gt;CT Retro 2018&lt;\/p&gt;\" data-large-file=\"https:\/\/www.jungsi.de\/blog\/wp-content\/uploads\/CT-Retro-2018-768x1024.jpg\" data-id=\"28383\" src=\"https:\/\/www.jungsi.de\/blog\/wp-content\/uploads\/CT-Retro-2018-768x1024.jpg\" alt=\"CT Retro 2018\" class=\"wp-image-28383\" srcset=\"https:\/\/www.jungsi.de\/blog\/wp-content\/uploads\/CT-Retro-2018-768x1024.jpg 768w, https:\/\/www.jungsi.de\/blog\/wp-content\/uploads\/CT-Retro-2018-225x300.jpg 225w, https:\/\/www.jungsi.de\/blog\/wp-content\/uploads\/CT-Retro-2018.jpg 1050w\" sizes=\"auto, (max-width: 768px) 100vw, 768px\" \/><figcaption class=\"wp-element-caption\">CT Retro 2018<\/figcaption><\/figure>\n\n\n\n<figure class=\"wp-block-image size-large\"><img loading=\"lazy\" decoding=\"async\" width=\"768\" height=\"1024\" data-attachment-id=\"28384\" data-permalink=\"https:\/\/www.jungsi.de\/en\/die-sammlung\/literatur\/sonstige\/ct-retro\/ct-retro-2019\/\" data-orig-file=\"https:\/\/www.jungsi.de\/blog\/wp-content\/uploads\/CT-Retro-2019.jpg\" data-orig-size=\"1050,1400\" data-comments-opened=\"1\" data-image-meta=\"{&quot;aperture&quot;:&quot;1.8&quot;,&quot;credit&quot;:&quot;&quot;,&quot;camera&quot;:&quot;iPad Pro (12.9-inch) (4th generation)&quot;,&quot;caption&quot;:&quot;&quot;,&quot;created_timestamp&quot;:&quot;1673951178&quot;,&quot;copyright&quot;:&quot;&quot;,&quot;focal_length&quot;:&quot;3&quot;,&quot;iso&quot;:&quot;250&quot;,&quot;shutter_speed&quot;:&quot;0.016666666666667&quot;,&quot;title&quot;:&quot;&quot;,&quot;orientation&quot;:&quot;1&quot;}\" data-image-title=\"CT Retro 2019\" data-image-description=\"&lt;p&gt;CT Retro 2019&lt;\/p&gt;\" data-image-caption=\"&lt;p&gt;CT Retro 2019&lt;\/p&gt;\" data-large-file=\"https:\/\/www.jungsi.de\/blog\/wp-content\/uploads\/CT-Retro-2019-768x1024.jpg\" data-id=\"28384\" src=\"https:\/\/www.jungsi.de\/blog\/wp-content\/uploads\/CT-Retro-2019-768x1024.jpg\" alt=\"CT Retro 2019\" class=\"wp-image-28384\" srcset=\"https:\/\/www.jungsi.de\/blog\/wp-content\/uploads\/CT-Retro-2019-768x1024.jpg 768w, https:\/\/www.jungsi.de\/blog\/wp-content\/uploads\/CT-Retro-2019-225x300.jpg 225w, https:\/\/www.jungsi.de\/blog\/wp-content\/uploads\/CT-Retro-2019.jpg 1050w\" sizes=\"auto, (max-width: 768px) 100vw, 768px\" \/><figcaption class=\"wp-element-caption\">CT Retro 2019<\/figcaption><\/figure>\n\n\n\n<figure class=\"wp-block-image size-large\"><img loading=\"lazy\" decoding=\"async\" width=\"768\" height=\"1024\" data-attachment-id=\"28385\" data-permalink=\"https:\/\/www.jungsi.de\/en\/die-sammlung\/literatur\/sonstige\/ct-retro\/ct-retro-2020\/\" data-orig-file=\"https:\/\/www.jungsi.de\/blog\/wp-content\/uploads\/CT-Retro-2020.jpg\" data-orig-size=\"1050,1400\" data-comments-opened=\"1\" data-image-meta=\"{&quot;aperture&quot;:&quot;1.8&quot;,&quot;credit&quot;:&quot;&quot;,&quot;camera&quot;:&quot;iPad Pro (12.9-inch) (4th generation)&quot;,&quot;caption&quot;:&quot;&quot;,&quot;created_timestamp&quot;:&quot;1673951187&quot;,&quot;copyright&quot;:&quot;&quot;,&quot;focal_length&quot;:&quot;3&quot;,&quot;iso&quot;:&quot;200&quot;,&quot;shutter_speed&quot;:&quot;0.025&quot;,&quot;title&quot;:&quot;&quot;,&quot;orientation&quot;:&quot;1&quot;}\" data-image-title=\"CT Retro 2020\" data-image-description=\"&lt;p&gt;CT Retro 2020&lt;\/p&gt;\" data-image-caption=\"&lt;p&gt;CT Retro 2020&lt;\/p&gt;\" data-large-file=\"https:\/\/www.jungsi.de\/blog\/wp-content\/uploads\/CT-Retro-2020-768x1024.jpg\" data-id=\"28385\" src=\"https:\/\/www.jungsi.de\/blog\/wp-content\/uploads\/CT-Retro-2020-768x1024.jpg\" alt=\"CT Retro 2020\" class=\"wp-image-28385\" srcset=\"https:\/\/www.jungsi.de\/blog\/wp-content\/uploads\/CT-Retro-2020-768x1024.jpg 768w, https:\/\/www.jungsi.de\/blog\/wp-content\/uploads\/CT-Retro-2020-225x300.jpg 225w, https:\/\/www.jungsi.de\/blog\/wp-content\/uploads\/CT-Retro-2020.jpg 1050w\" sizes=\"auto, (max-width: 768px) 100vw, 768px\" \/><figcaption class=\"wp-element-caption\">CT Retro 2020<\/figcaption><\/figure>\n\n\n\n<figure class=\"wp-block-image size-large\"><img decoding=\"async\" data-id=\"28386\" src=\"https:\/\/www.jungsi.de\/blog\/wp-content\/uploads\/CT-Retro-2021-1-768x1024.jpg\" alt=\"CT Retro 2021\" class=\"wp-image-28386\"\/><figcaption class=\"wp-element-caption\">CT Retro 2021<\/figcaption><\/figure>\n<\/figure>","protected":false},"excerpt":{"rendered":"<p>CT Retro<\/p>","protected":false},"author":2,"featured_media":28383,"parent":27893,"menu_order":0,"comment_status":"closed","ping_status":"closed","template":"","meta":{"_lmt_disableupdate":"","_lmt_disable":"","ngg_post_thumbnail":0,"jetpack_post_was_ever_published":false,"footnotes":"","_links_to":"","_links_to_target":""},"class_list":["post-28382","page","type-page","status-publish","has-post-thumbnail","hentry"],"jetpack_shortlink":"https:\/\/wp.me\/P4eXvk-7nM","jetpack_sharing_enabled":true,"jetpack_likes_enabled":true,"jetpack-related-posts":[{"id":28336,"url":"https:\/\/www.jungsi.de\/en\/die-sammlung\/literatur\/retro\/","url_meta":{"origin":28382,"position":0},"title":"Retro","author":"Jungsi","date":"16. January 2023","format":false,"excerpt":"Retro RETRO (Deutschland) ist ein deutschsprachiges Videospiel-\/Computerkultur-Magazin, das Ende 2006 im CSW-Verlag startete (teils quartalsweise, mit Schwerpunktthemen und Retro-Hardware\/-Spiele-Geschichten; zeitweise mit Heft-CD). Inhaltlich versteht sich RETRO als Magazin zur Kultur- und Technikgeschichte digitaler Medien. 2023\/24 wechselte die Marke laut Community-Hinweisen von CSW zum Dienstleister Print Medien Dienst (PMD); CSW bietet\u2026","rel":"","context":"Similar post","block_context":{"text":"Similar post","link":""},"img":{"alt_text":"Retro #25","src":"https:\/\/i0.wp.com\/www.jungsi.de\/blog\/wp-content\/uploads\/Retro-25.jpg?resize=350%2C200&ssl=1","width":350,"height":200,"srcset":"https:\/\/i0.wp.com\/www.jungsi.de\/blog\/wp-content\/uploads\/Retro-25.jpg?resize=350%2C200&ssl=1 1x, https:\/\/i0.wp.com\/www.jungsi.de\/blog\/wp-content\/uploads\/Retro-25.jpg?resize=525%2C300&ssl=1 1.5x, https:\/\/i0.wp.com\/www.jungsi.de\/blog\/wp-content\/uploads\/Retro-25.jpg?resize=700%2C400&ssl=1 2x, https:\/\/i0.wp.com\/www.jungsi.de\/blog\/wp-content\/uploads\/Retro-25.jpg?resize=1050%2C600&ssl=1 3x"},"classes":[]},{"id":27875,"url":"https:\/\/www.jungsi.de\/en\/die-sammlung\/literatur\/retro-gamer\/","url_meta":{"origin":28382,"position":1},"title":"retro Gamer","author":"Jungsi","date":"14. January 2023","format":false,"excerpt":"retro Gamer Deutschland Retro Gamer (Deutschland) ist die deutschsprachige Lizenzausgabe des britischen Retro Gamer und erschien erstmals 2012 (zun\u00e4chst bei Heise\/eMedia). Das Heft kombiniert adaptierte Beitr\u00e4ge aus der UK-Ausgabe mit exklusiven Artikeln deutschsprachiger Autoren und erscheint viertelj\u00e4hrlich. Nach der angek\u00fcndigten Einstellung Ende 2023 wurde das Magazin 2024 von Publishing Office\u2026","rel":"","context":"Similar post","block_context":{"text":"Similar post","link":""},"img":{"alt_text":"retro Gamer 01_2012","src":"https:\/\/i0.wp.com\/www.jungsi.de\/blog\/wp-content\/uploads\/retro-Gamer-01_2012.jpg?resize=350%2C200&ssl=1","width":350,"height":200,"srcset":"https:\/\/i0.wp.com\/www.jungsi.de\/blog\/wp-content\/uploads\/retro-Gamer-01_2012.jpg?resize=350%2C200&ssl=1 1x, https:\/\/i0.wp.com\/www.jungsi.de\/blog\/wp-content\/uploads\/retro-Gamer-01_2012.jpg?resize=525%2C300&ssl=1 1.5x, https:\/\/i0.wp.com\/www.jungsi.de\/blog\/wp-content\/uploads\/retro-Gamer-01_2012.jpg?resize=700%2C400&ssl=1 2x, https:\/\/i0.wp.com\/www.jungsi.de\/blog\/wp-content\/uploads\/retro-Gamer-01_2012.jpg?resize=1050%2C600&ssl=1 3x"},"classes":[]},{"id":18072,"url":"https:\/\/www.jungsi.de\/en\/die-sammlung\/","url_meta":{"origin":28382,"position":2},"title":"The Collection","author":"Jungsi","date":"30. July 2017","format":false,"excerpt":"\u00dcbersicht der Hardware-Sammlung Hier finden Sie eine \u00dcbersicht meiner Sammlung, geordnet nach dem Ver\u00f6ffentlichungsjahr der Ger\u00e4te. Wenn verf\u00fcgbar, sind Links zu den Artikeln beigef\u00fcgt, die ich \u00fcber die entsprechende Hardware verfasst habe. Es lohnt sich, regelm\u00e4\u00dfig vorbeizuschauen, da die Seite kontinuierlich aktualisiert wird.Erkl\u00e4rung der Kategorien:Heimcomputer: klassische Heimcomputer und moderne VersionenKonsolen:\u2026","rel":"","context":"Similar post","block_context":{"text":"Similar post","link":""},"img":{"alt_text":"","src":"","width":0,"height":0},"classes":[]},{"id":1141,"url":"https:\/\/www.jungsi.de\/en\/retro\/","url_meta":{"origin":28382,"position":3},"title":"Retro","author":"Jungsi","date":"1. July 2012","format":false,"excerpt":"Auf diesen Seiten geht es um \"Retrocomputing\" - d.h. das bewusste Nutzen veralteter Computer-Technologie als Hobby ;-) Im einzelnen geht es hier um meine Erfahrungen mit den ersten Computer die ich benutzt habe. Diese Computer habe ich bei diversen Auktionen ersteigert um meine Computeranf\u00e4nge nicht ganz aus den Augen zu\u2026","rel":"","context":"Similar post","block_context":{"text":"Similar post","link":""},"img":{"alt_text":"Atari Portfolio - HPC0004","src":"https:\/\/i0.wp.com\/www.jungsi.de\/blog\/wp-content\/uploads\/2012\/07\/Portfolio.jpg?resize=350%2C200&ssl=1","width":350,"height":200},"classes":[]},{"id":1521,"url":"https:\/\/www.jungsi.de\/en\/die-sammlung\/literatur\/","url_meta":{"origin":28382,"position":4},"title":"Literatur","author":"Jungsi","date":"12. September 2012","format":false,"excerpt":"Literatur oder auch die \"Bibliothek\" Lesen begleitet mich seit meiner Kindheit. Ich habe alles verschlungen, was ich in die Finger bekommen habe \u2014 egal ob Comic, Roman oder Magazin. So begann ich bald auch die Ausgaben des P.M. Magazins zu lesen, das mein Bruder abonniert hatte. Da es zu dem\u2026","rel":"","context":"Similar post","block_context":{"text":"Similar post","link":""},"img":{"alt_text":"The unofficial NES\/FAMICOM: a visual compendium","src":"https:\/\/i0.wp.com\/www.jungsi.de\/blog\/wp-content\/uploads\/NES-visual-Compendium.jpg?resize=350%2C200&ssl=1","width":350,"height":200,"srcset":"https:\/\/i0.wp.com\/www.jungsi.de\/blog\/wp-content\/uploads\/NES-visual-Compendium.jpg?resize=350%2C200&ssl=1 1x, https:\/\/i0.wp.com\/www.jungsi.de\/blog\/wp-content\/uploads\/NES-visual-Compendium.jpg?resize=525%2C300&ssl=1 1.5x"},"classes":[]},{"id":27893,"url":"https:\/\/www.jungsi.de\/en\/die-sammlung\/literatur\/sonstige\/","url_meta":{"origin":28382,"position":5},"title":"Sonstige","author":"Jungsi","date":"14. January 2023","format":false,"excerpt":"Sonstige 8 bit Annual 2018 8 Bit Annual 2019 Basic - Alles \u00fcber PEEK und POKE Basic - Betriebsprogramme f\u00fcr den Funkamateur Basic - HF-Rechenprogramme Basic - Mathematik per Computer Basic - Matrix-Operationen Basic f\u00fcr Aufsteiger Basic f\u00fcr Mikrocomputer BASIC in 100 Beispielen Chip Special - Bauanleitungen f\u00fcr Microcomputer Compute\u2026","rel":"","context":"Similar post","block_context":{"text":"Similar post","link":""},"img":{"alt_text":"BASIC in 100 Beispielen","src":"https:\/\/i0.wp.com\/www.jungsi.de\/blog\/wp-content\/uploads\/BASIC-in-100-Beispielen.jpg?resize=350%2C200&ssl=1","width":350,"height":200,"srcset":"https:\/\/i0.wp.com\/www.jungsi.de\/blog\/wp-content\/uploads\/BASIC-in-100-Beispielen.jpg?resize=350%2C200&ssl=1 1x, https:\/\/i0.wp.com\/www.jungsi.de\/blog\/wp-content\/uploads\/BASIC-in-100-Beispielen.jpg?resize=525%2C300&ssl=1 1.5x"},"classes":[]}],"_links":{"self":[{"href":"https:\/\/www.jungsi.de\/en\/wp-json\/wp\/v2\/pages\/28382","targetHints":{"allow":["GET"]}}],"collection":[{"href":"https:\/\/www.jungsi.de\/en\/wp-json\/wp\/v2\/pages"}],"about":[{"href":"https:\/\/www.jungsi.de\/en\/wp-json\/wp\/v2\/types\/page"}],"author":[{"embeddable":true,"href":"https:\/\/www.jungsi.de\/en\/wp-json\/wp\/v2\/users\/2"}],"replies":[{"embeddable":true,"href":"https:\/\/www.jungsi.de\/en\/wp-json\/wp\/v2\/comments?post=28382"}],"version-history":[{"count":0,"href":"https:\/\/www.jungsi.de\/en\/wp-json\/wp\/v2\/pages\/28382\/revisions"}],"up":[{"embeddable":true,"href":"https:\/\/www.jungsi.de\/en\/wp-json\/wp\/v2\/pages\/27893"}],"wp:featuredmedia":[{"embeddable":true,"href":"https:\/\/www.jungsi.de\/en\/wp-json\/wp\/v2\/media\/28383"}],"wp:attachment":[{"href":"https:\/\/www.jungsi.de\/en\/wp-json\/wp\/v2\/media?parent=28382"}],"curies":[{"name":"wp","href":"https:\/\/api.w.org\/{rel}","templated":true}]}}