{"id":28375,"date":"2023-01-17T11:47:20","date_gmt":"2023-01-17T10:47:20","guid":{"rendered":"https:\/\/www.jungsi.de\/?page_id=28375"},"modified":"2025-01-03T11:40:14","modified_gmt":"2025-01-03T10:40:14","slug":"ql-today","status":"publish","type":"page","link":"https:\/\/www.jungsi.de\/en\/die-sammlung\/literatur\/sinclair\/ql-today\/","title":{"rendered":"QL Today"},"content":{"rendered":"<p><\/p>\n\n\n\n<h2 class=\"wp-block-heading has-text-align-center\">QL Today<\/h2>\n\n\n\n<figure class=\"wp-block-gallery has-nested-images columns-default is-cropped is-style-rectangular wp-block-gallery-1 is-layout-flex wp-block-gallery-is-layout-flex\">\n<figure class=\"wp-block-image size-large\"><img loading=\"lazy\" decoding=\"async\" width=\"768\" height=\"1024\" data-attachment-id=\"28376\" data-permalink=\"https:\/\/www.jungsi.de\/en\/die-sammlung\/literatur\/sinclair\/ql-today\/ql-today-volume-17-issue-1\/\" data-orig-file=\"https:\/\/www.jungsi.de\/blog\/wp-content\/uploads\/QL-Today-Volume-17-Issue-1.jpg\" data-orig-size=\"1050,1400\" data-comments-opened=\"1\" data-image-meta=\"{&quot;aperture&quot;:&quot;1.8&quot;,&quot;credit&quot;:&quot;&quot;,&quot;camera&quot;:&quot;iPad Pro (12.9-inch) (4th generation)&quot;,&quot;caption&quot;:&quot;&quot;,&quot;created_timestamp&quot;:&quot;1673179985&quot;,&quot;copyright&quot;:&quot;&quot;,&quot;focal_length&quot;:&quot;3&quot;,&quot;iso&quot;:&quot;400&quot;,&quot;shutter_speed&quot;:&quot;0.033333333333333&quot;,&quot;title&quot;:&quot;&quot;,&quot;orientation&quot;:&quot;1&quot;}\" data-image-title=\"QL Today &amp;#8211; Volume 17 Issue 1\" data-image-description=\"&lt;p&gt;QL Today &amp;#8211; Volume 17 Issue 1&lt;\/p&gt;\" data-image-caption=\"&lt;p&gt;QL Today &amp;#8211; Volume 17 Issue 1&lt;\/p&gt;\" data-large-file=\"https:\/\/www.jungsi.de\/blog\/wp-content\/uploads\/QL-Today-Volume-17-Issue-1-768x1024.jpg\" data-id=\"28376\" src=\"https:\/\/www.jungsi.de\/blog\/wp-content\/uploads\/QL-Today-Volume-17-Issue-1-768x1024.jpg\" alt=\"QL Today - Volume 17 Issue 1\" class=\"wp-image-28376\" srcset=\"https:\/\/www.jungsi.de\/blog\/wp-content\/uploads\/QL-Today-Volume-17-Issue-1-768x1024.jpg 768w, https:\/\/www.jungsi.de\/blog\/wp-content\/uploads\/QL-Today-Volume-17-Issue-1-225x300.jpg 225w, https:\/\/www.jungsi.de\/blog\/wp-content\/uploads\/QL-Today-Volume-17-Issue-1.jpg 1050w\" sizes=\"auto, (max-width: 768px) 100vw, 768px\" \/><figcaption class=\"wp-element-caption\">QL Today &#8211; Volume 17 Issue 1<\/figcaption><\/figure>\n\n\n\n<figure class=\"wp-block-image size-large\"><img loading=\"lazy\" decoding=\"async\" width=\"768\" height=\"1024\" data-attachment-id=\"28377\" data-permalink=\"https:\/\/www.jungsi.de\/en\/die-sammlung\/literatur\/sinclair\/ql-today\/ql-today-volume-17-issue-2\/\" data-orig-file=\"https:\/\/www.jungsi.de\/blog\/wp-content\/uploads\/QL-Today-Volume-17-Issue-2.jpg\" data-orig-size=\"1050,1400\" data-comments-opened=\"1\" data-image-meta=\"{&quot;aperture&quot;:&quot;1.8&quot;,&quot;credit&quot;:&quot;&quot;,&quot;camera&quot;:&quot;iPad Pro (12.9-inch) (4th generation)&quot;,&quot;caption&quot;:&quot;&quot;,&quot;created_timestamp&quot;:&quot;1673179993&quot;,&quot;copyright&quot;:&quot;&quot;,&quot;focal_length&quot;:&quot;3&quot;,&quot;iso&quot;:&quot;320&quot;,&quot;shutter_speed&quot;:&quot;0.033333333333333&quot;,&quot;title&quot;:&quot;&quot;,&quot;orientation&quot;:&quot;1&quot;}\" data-image-title=\"QL Today &amp;#8211; Volume 17 Issue 2\" data-image-description=\"&lt;p&gt;QL Today &amp;#8211; Volume 17 Issue 2&lt;\/p&gt;\" data-image-caption=\"&lt;p&gt;QL Today &amp;#8211; Volume 17 Issue 2&lt;\/p&gt;\" data-large-file=\"https:\/\/www.jungsi.de\/blog\/wp-content\/uploads\/QL-Today-Volume-17-Issue-2-768x1024.jpg\" data-id=\"28377\" src=\"https:\/\/www.jungsi.de\/blog\/wp-content\/uploads\/QL-Today-Volume-17-Issue-2-768x1024.jpg\" alt=\"QL Today - Volume 17 Issue 2\" class=\"wp-image-28377\" srcset=\"https:\/\/www.jungsi.de\/blog\/wp-content\/uploads\/QL-Today-Volume-17-Issue-2-768x1024.jpg 768w, https:\/\/www.jungsi.de\/blog\/wp-content\/uploads\/QL-Today-Volume-17-Issue-2-225x300.jpg 225w, https:\/\/www.jungsi.de\/blog\/wp-content\/uploads\/QL-Today-Volume-17-Issue-2.jpg 1050w\" sizes=\"auto, (max-width: 768px) 100vw, 768px\" \/><figcaption class=\"wp-element-caption\">QL Today &#8211; Volume 17 Issue 2<\/figcaption><\/figure>\n\n\n\n<figure class=\"wp-block-image size-large\"><img loading=\"lazy\" decoding=\"async\" width=\"768\" height=\"1024\" data-attachment-id=\"28378\" data-permalink=\"https:\/\/www.jungsi.de\/en\/die-sammlung\/literatur\/sinclair\/ql-today\/ql-today-volume-17-issue-3\/\" data-orig-file=\"https:\/\/www.jungsi.de\/blog\/wp-content\/uploads\/QL-Today-Volume-17-Issue-3.jpg\" data-orig-size=\"1050,1400\" data-comments-opened=\"1\" data-image-meta=\"{&quot;aperture&quot;:&quot;1.8&quot;,&quot;credit&quot;:&quot;&quot;,&quot;camera&quot;:&quot;iPad Pro (12.9-inch) (4th generation)&quot;,&quot;caption&quot;:&quot;&quot;,&quot;created_timestamp&quot;:&quot;1673180001&quot;,&quot;copyright&quot;:&quot;&quot;,&quot;focal_length&quot;:&quot;3&quot;,&quot;iso&quot;:&quot;400&quot;,&quot;shutter_speed&quot;:&quot;0.033333333333333&quot;,&quot;title&quot;:&quot;&quot;,&quot;orientation&quot;:&quot;1&quot;}\" data-image-title=\"QL Today &amp;#8211; Volume 17 Issue 3\" data-image-description=\"&lt;p&gt;QL Today &amp;#8211; Volume 17 Issue 3&lt;\/p&gt;\" data-image-caption=\"&lt;p&gt;QL Today &amp;#8211; Volume 17 Issue 3&lt;\/p&gt;\" data-large-file=\"https:\/\/www.jungsi.de\/blog\/wp-content\/uploads\/QL-Today-Volume-17-Issue-3-768x1024.jpg\" data-id=\"28378\" src=\"https:\/\/www.jungsi.de\/blog\/wp-content\/uploads\/QL-Today-Volume-17-Issue-3-768x1024.jpg\" alt=\"QL Today - Volume 17 Issue 3\" class=\"wp-image-28378\" srcset=\"https:\/\/www.jungsi.de\/blog\/wp-content\/uploads\/QL-Today-Volume-17-Issue-3-768x1024.jpg 768w, https:\/\/www.jungsi.de\/blog\/wp-content\/uploads\/QL-Today-Volume-17-Issue-3-225x300.jpg 225w, https:\/\/www.jungsi.de\/blog\/wp-content\/uploads\/QL-Today-Volume-17-Issue-3.jpg 1050w\" sizes=\"auto, (max-width: 768px) 100vw, 768px\" \/><figcaption class=\"wp-element-caption\">QL Today &#8211; Volume 17 Issue 3<\/figcaption><\/figure>\n\n\n\n<figure class=\"wp-block-image size-large\"><img loading=\"lazy\" decoding=\"async\" width=\"768\" height=\"1024\" data-attachment-id=\"28379\" data-permalink=\"https:\/\/www.jungsi.de\/en\/die-sammlung\/literatur\/sinclair\/ql-today\/ql-today-volume-17-issue-4\/\" data-orig-file=\"https:\/\/www.jungsi.de\/blog\/wp-content\/uploads\/QL-Today-Volume-17-Issue-4.jpg\" data-orig-size=\"1050,1400\" data-comments-opened=\"1\" data-image-meta=\"{&quot;aperture&quot;:&quot;1.8&quot;,&quot;credit&quot;:&quot;&quot;,&quot;camera&quot;:&quot;iPad Pro (12.9-inch) (4th generation)&quot;,&quot;caption&quot;:&quot;&quot;,&quot;created_timestamp&quot;:&quot;1673180008&quot;,&quot;copyright&quot;:&quot;&quot;,&quot;focal_length&quot;:&quot;3&quot;,&quot;iso&quot;:&quot;250&quot;,&quot;shutter_speed&quot;:&quot;0.033333333333333&quot;,&quot;title&quot;:&quot;&quot;,&quot;orientation&quot;:&quot;1&quot;}\" data-image-title=\"QL Today &amp;#8211; Volume 17 Issue 4\" data-image-description=\"&lt;p&gt;QL Today &amp;#8211; Volume 17 Issue 4&lt;\/p&gt;\" data-image-caption=\"&lt;p&gt;QL Today &amp;#8211; Volume 17 Issue 4&lt;\/p&gt;\" data-large-file=\"https:\/\/www.jungsi.de\/blog\/wp-content\/uploads\/QL-Today-Volume-17-Issue-4-768x1024.jpg\" data-id=\"28379\" src=\"https:\/\/www.jungsi.de\/blog\/wp-content\/uploads\/QL-Today-Volume-17-Issue-4-768x1024.jpg\" alt=\"QL Today - Volume 17 Issue 4\" class=\"wp-image-28379\" srcset=\"https:\/\/www.jungsi.de\/blog\/wp-content\/uploads\/QL-Today-Volume-17-Issue-4-768x1024.jpg 768w, https:\/\/www.jungsi.de\/blog\/wp-content\/uploads\/QL-Today-Volume-17-Issue-4-225x300.jpg 225w, https:\/\/www.jungsi.de\/blog\/wp-content\/uploads\/QL-Today-Volume-17-Issue-4.jpg 1050w\" sizes=\"auto, (max-width: 768px) 100vw, 768px\" \/><figcaption class=\"wp-element-caption\">QL Today &#8211; Volume 17 Issue 4<\/figcaption><\/figure>\n<\/figure>","protected":false},"excerpt":{"rendered":"<p>QL Today<\/p>","protected":false},"author":2,"featured_media":28376,"parent":27905,"menu_order":0,"comment_status":"closed","ping_status":"closed","template":"","meta":{"_lmt_disableupdate":"","_lmt_disable":"","ngg_post_thumbnail":0,"jetpack_post_was_ever_published":false,"footnotes":"","_links_to":"","_links_to_target":""},"class_list":["post-28375","page","type-page","status-publish","has-post-thumbnail","hentry"],"jetpack_shortlink":"https:\/\/wp.me\/P4eXvk-7nF","jetpack_sharing_enabled":true,"jetpack_likes_enabled":true,"jetpack-related-posts":[{"id":27777,"url":"https:\/\/www.jungsi.de\/en\/heimcomputer\/sinclair\/sinclair-ql\/","url_meta":{"origin":28375,"position":0},"title":"Sinclair QL","author":"Jungsi","date":"13. January 2023","format":false,"excerpt":"Sinclair QL Sinclair QL Der Sinclair QL (Quantum Leap) wurde 1984 von Sinclair Research als High-End-Alternative zum ZX Spectrum eingef\u00fchrt. Ziel war es, unter anderem durch den Einsatz eines Motorola 68008 Prozessors eine Leistungssteigerung zu erreichen. Jedoch war die 32-Bit-Architektur des Prozessors nur \u00fcber einen begrenzten 8-Bit-Datenpfad mit dem System\u2026","rel":"","context":"Similar post","block_context":{"text":"Similar post","link":""},"img":{"alt_text":"Qimsi Gold","src":"https:\/\/i0.wp.com\/www.jungsi.de\/blog\/wp-content\/uploads\/Qimsi-Gold-Oberseite.jpg?resize=350%2C200&ssl=1","width":350,"height":200,"srcset":"https:\/\/i0.wp.com\/www.jungsi.de\/blog\/wp-content\/uploads\/Qimsi-Gold-Oberseite.jpg?resize=350%2C200&ssl=1 1x, https:\/\/i0.wp.com\/www.jungsi.de\/blog\/wp-content\/uploads\/Qimsi-Gold-Oberseite.jpg?resize=525%2C300&ssl=1 1.5x, https:\/\/i0.wp.com\/www.jungsi.de\/blog\/wp-content\/uploads\/Qimsi-Gold-Oberseite.jpg?resize=700%2C400&ssl=1 2x, https:\/\/i0.wp.com\/www.jungsi.de\/blog\/wp-content\/uploads\/Qimsi-Gold-Oberseite.jpg?resize=1050%2C600&ssl=1 3x, https:\/\/i0.wp.com\/www.jungsi.de\/blog\/wp-content\/uploads\/Qimsi-Gold-Oberseite.jpg?resize=1400%2C800&ssl=1 4x"},"classes":[]},{"id":36002,"url":"https:\/\/www.jungsi.de\/en\/fpga-rechner\/","url_meta":{"origin":28375,"position":1},"title":"FPGA-Rechner","author":"Jungsi","date":"11. March 2025","format":false,"excerpt":"FPGA-Rechner Computer, die auf FPGA-Basis (Field Programmable Gate Array) laufe, k\u00f6nnen als rekonfigurierbare Computer der hardwareprogrammierbare Systeme beschrieben werden. Sie unterscheiden sich von herk\u00f6mlichen Prozessor-basierten Systemen dadurch, dass Ihre Hardware-Struktur flexibel und ver\u00e4nderbar ist. Ein Anwendungsbereich dabei ist die zyklengenaue Nachbildung alter Computerarchitekturen (z.B. Amiga, C64, Atari). Beispiel: MiSTer FPGA,\u2026","rel":"","context":"Similar post","block_context":{"text":"Similar post","link":""},"img":{"alt_text":"","src":"https:\/\/i0.wp.com\/www.jungsi.de\/blog\/wp-content\/uploads\/Speccy2010-oben.jpg?resize=350%2C200&ssl=1","width":350,"height":200,"srcset":"https:\/\/i0.wp.com\/www.jungsi.de\/blog\/wp-content\/uploads\/Speccy2010-oben.jpg?resize=350%2C200&ssl=1 1x, https:\/\/i0.wp.com\/www.jungsi.de\/blog\/wp-content\/uploads\/Speccy2010-oben.jpg?resize=525%2C300&ssl=1 1.5x, https:\/\/i0.wp.com\/www.jungsi.de\/blog\/wp-content\/uploads\/Speccy2010-oben.jpg?resize=700%2C400&ssl=1 2x, https:\/\/i0.wp.com\/www.jungsi.de\/blog\/wp-content\/uploads\/Speccy2010-oben.jpg?resize=1050%2C600&ssl=1 3x, https:\/\/i0.wp.com\/www.jungsi.de\/blog\/wp-content\/uploads\/Speccy2010-oben.jpg?resize=1400%2C800&ssl=1 4x"},"classes":[]},{"id":3745,"url":"https:\/\/www.jungsi.de\/en\/heimcomputer\/sinclair\/","url_meta":{"origin":28375,"position":2},"title":"Sinclair","author":"Jungsi","date":"15. July 2013","format":false,"excerpt":"Jungsis Sinclair Rechner Die Rechner von Sinclair waren meine erste \u201eLeidenschaft\u201c. Befl\u00fcgelt durch das Lesen der ersten Ausgaben der Zeitschrift P.M. war ich mir sicher, dass ich auch einen Rechner ben\u00f6tigte, damit ich f\u00fcr die Zukunft ger\u00fcstet bin. Da das Ger\u00e4t wenig kosten sollte, bettelte ich meine Oma an mir\u2026","rel":"","context":"With 2 comments","block_context":{"text":"With 2 comments","link":"https:\/\/www.jungsi.de\/en\/heimcomputer\/sinclair\/#comments"},"img":{"alt_text":"Sinclair Spectrum 48K","src":"https:\/\/i0.wp.com\/www.jungsi.de\/blog\/wp-content\/uploads\/2012\/07\/Spectrum1.jpg?resize=350%2C200&ssl=1","width":350,"height":200},"classes":[]},{"id":27893,"url":"https:\/\/www.jungsi.de\/en\/die-sammlung\/literatur\/sonstige\/","url_meta":{"origin":28375,"position":3},"title":"Sonstige","author":"Jungsi","date":"14. January 2023","format":false,"excerpt":"Sonstige 8 bit Annual 2018 8 Bit Annual 2019 Basic - Alles \u00fcber PEEK und POKE Basic - Betriebsprogramme f\u00fcr den Funkamateur Basic - HF-Rechenprogramme Basic - Mathematik per Computer Basic - Matrix-Operationen Basic f\u00fcr Aufsteiger Basic f\u00fcr Mikrocomputer BASIC in 100 Beispielen Chip Special - Bauanleitungen f\u00fcr Microcomputer Compute\u2026","rel":"","context":"Similar post","block_context":{"text":"Similar post","link":""},"img":{"alt_text":"BASIC in 100 Beispielen","src":"https:\/\/i0.wp.com\/www.jungsi.de\/blog\/wp-content\/uploads\/BASIC-in-100-Beispielen.jpg?resize=350%2C200&ssl=1","width":350,"height":200,"srcset":"https:\/\/i0.wp.com\/www.jungsi.de\/blog\/wp-content\/uploads\/BASIC-in-100-Beispielen.jpg?resize=350%2C200&ssl=1 1x, https:\/\/i0.wp.com\/www.jungsi.de\/blog\/wp-content\/uploads\/BASIC-in-100-Beispielen.jpg?resize=525%2C300&ssl=1 1.5x"},"classes":[]},{"id":29060,"url":"https:\/\/www.jungsi.de\/en\/die-sammlung\/literatur\/sonstige\/68000er\/","url_meta":{"origin":28375,"position":4},"title":"68000er","author":"Jungsi","date":"6. February 2023","format":false,"excerpt":"68000er 68000er erschien ab 1986 zun\u00e4chst als Sonderheftreihe der Happy Computer (Markt & Technik) und wurde ab 01\/1987 ein eigenes Monatsmagazin. Benannt nach Motorolas 68000-CPU, behandelte es anfangs Amiga, Atari ST, Macintosh (teils auch Sinclair QL); ab Mitte 1987 wurden Amiga- und Mac-Themen in separate Magazine ausgelagert, sodass der Schwerpunkt\u2026","rel":"","context":"Similar post","block_context":{"text":"Similar post","link":""},"img":{"alt_text":"87_05","src":"https:\/\/i0.wp.com\/www.jungsi.de\/blog\/wp-content\/uploads\/68000er-87_05.jpg?resize=350%2C200&ssl=1","width":350,"height":200,"srcset":"https:\/\/i0.wp.com\/www.jungsi.de\/blog\/wp-content\/uploads\/68000er-87_05.jpg?resize=350%2C200&ssl=1 1x, https:\/\/i0.wp.com\/www.jungsi.de\/blog\/wp-content\/uploads\/68000er-87_05.jpg?resize=525%2C300&ssl=1 1.5x, https:\/\/i0.wp.com\/www.jungsi.de\/blog\/wp-content\/uploads\/68000er-87_05.jpg?resize=700%2C400&ssl=1 2x, https:\/\/i0.wp.com\/www.jungsi.de\/blog\/wp-content\/uploads\/68000er-87_05.jpg?resize=1050%2C600&ssl=1 3x"},"classes":[]},{"id":18076,"url":"https:\/\/www.jungsi.de\/en\/heimcomputer\/","url_meta":{"origin":28375,"position":5},"title":"home computer","author":"Jungsi","date":"30. July 2017","format":false,"excerpt":"Meine Geschichte Meine Begeisterung f\u00fcr Computer begann in den fr\u00fchen 1980er Jahren. Als ich im P.M. Computerheft \u00fcber diese faszinierende neue Technologie las, erkannte ich sofort: Das ist die Zukunft. Ich bettelte so lange, bis meine Gro\u00dfmutter mir einen Sinclair ZX81 schenkte, damals der g\u00fcnstigste Homecomputer. Fasziniert sa\u00df ich vor\u2026","rel":"","context":"Similar post","block_context":{"text":"Similar post","link":""},"img":{"alt_text":"Acorn","src":"https:\/\/i0.wp.com\/www.jungsi.de\/blog\/wp-content\/uploads\/Acorn.jpg?resize=350%2C200&ssl=1","width":350,"height":200,"srcset":"https:\/\/i0.wp.com\/www.jungsi.de\/blog\/wp-content\/uploads\/Acorn.jpg?resize=350%2C200&ssl=1 1x, https:\/\/i0.wp.com\/www.jungsi.de\/blog\/wp-content\/uploads\/Acorn.jpg?resize=525%2C300&ssl=1 1.5x, https:\/\/i0.wp.com\/www.jungsi.de\/blog\/wp-content\/uploads\/Acorn.jpg?resize=700%2C400&ssl=1 2x, https:\/\/i0.wp.com\/www.jungsi.de\/blog\/wp-content\/uploads\/Acorn.jpg?resize=1050%2C600&ssl=1 3x, https:\/\/i0.wp.com\/www.jungsi.de\/blog\/wp-content\/uploads\/Acorn.jpg?resize=1400%2C800&ssl=1 4x"},"classes":[]}],"_links":{"self":[{"href":"https:\/\/www.jungsi.de\/en\/wp-json\/wp\/v2\/pages\/28375","targetHints":{"allow":["GET"]}}],"collection":[{"href":"https:\/\/www.jungsi.de\/en\/wp-json\/wp\/v2\/pages"}],"about":[{"href":"https:\/\/www.jungsi.de\/en\/wp-json\/wp\/v2\/types\/page"}],"author":[{"embeddable":true,"href":"https:\/\/www.jungsi.de\/en\/wp-json\/wp\/v2\/users\/2"}],"replies":[{"embeddable":true,"href":"https:\/\/www.jungsi.de\/en\/wp-json\/wp\/v2\/comments?post=28375"}],"version-history":[{"count":0,"href":"https:\/\/www.jungsi.de\/en\/wp-json\/wp\/v2\/pages\/28375\/revisions"}],"up":[{"embeddable":true,"href":"https:\/\/www.jungsi.de\/en\/wp-json\/wp\/v2\/pages\/27905"}],"wp:featuredmedia":[{"embeddable":true,"href":"https:\/\/www.jungsi.de\/en\/wp-json\/wp\/v2\/media\/28376"}],"wp:attachment":[{"href":"https:\/\/www.jungsi.de\/en\/wp-json\/wp\/v2\/media?parent=28375"}],"curies":[{"name":"wp","href":"https:\/\/api.w.org\/{rel}","templated":true}]}}