{"id":28366,"date":"2023-01-17T11:37:02","date_gmt":"2023-01-17T10:37:02","guid":{"rendered":"https:\/\/www.jungsi.de\/?page_id=28366"},"modified":"2023-02-03T10:45:48","modified_gmt":"2023-02-03T09:45:48","slug":"evercade-evolution","status":"publish","type":"page","link":"https:\/\/www.jungsi.de\/en\/die-sammlung\/literatur\/sonstige\/evercade-evolution\/","title":{"rendered":"Evercade Evolution"},"content":{"rendered":"<p><\/p>\n\n\n\n<h2 class=\"has-text-align-center wp-block-heading\"><strong>Evercade Evolution<\/strong><\/h2>\n\n\n\n<figure class=\"wp-block-gallery has-nested-images columns-default is-cropped is-style-rectangular wp-block-gallery-1 is-layout-flex wp-block-gallery-is-layout-flex\">\n<figure class=\"wp-block-image size-large\"><img loading=\"lazy\" decoding=\"async\" width=\"768\" height=\"1024\" data-attachment-id=\"28369\" data-permalink=\"https:\/\/www.jungsi.de\/en\/die-sammlung\/literatur\/sonstige\/evercade-evolution\/evercade-evolution-01\/\" data-orig-file=\"https:\/\/www.jungsi.de\/blog\/wp-content\/uploads\/Evercade-Evolution-01.jpg\" data-orig-size=\"1050,1400\" data-comments-opened=\"1\" data-image-meta=\"{&quot;aperture&quot;:&quot;3.5&quot;,&quot;credit&quot;:&quot;&quot;,&quot;camera&quot;:&quot;Canon PowerShot SX260 HS&quot;,&quot;caption&quot;:&quot;&quot;,&quot;created_timestamp&quot;:&quot;1640618962&quot;,&quot;copyright&quot;:&quot;&quot;,&quot;focal_length&quot;:&quot;4.5&quot;,&quot;iso&quot;:&quot;800&quot;,&quot;shutter_speed&quot;:&quot;0.05&quot;,&quot;title&quot;:&quot;&quot;,&quot;orientation&quot;:&quot;1&quot;}\" data-image-title=\"Evercade Evolution 01\" data-image-description=\"&lt;p&gt;Evercade Evolution 01&lt;\/p&gt;\" data-image-caption=\"&lt;p&gt;Evercade Evolution 01&lt;\/p&gt;\" data-large-file=\"https:\/\/www.jungsi.de\/blog\/wp-content\/uploads\/Evercade-Evolution-01-768x1024.jpg\" data-id=\"28369\" src=\"https:\/\/www.jungsi.de\/blog\/wp-content\/uploads\/Evercade-Evolution-01-768x1024.jpg\" alt=\"Evercade Evolution 01\" class=\"wp-image-28369\" srcset=\"https:\/\/www.jungsi.de\/blog\/wp-content\/uploads\/Evercade-Evolution-01-768x1024.jpg 768w, https:\/\/www.jungsi.de\/blog\/wp-content\/uploads\/Evercade-Evolution-01-225x300.jpg 225w, https:\/\/www.jungsi.de\/blog\/wp-content\/uploads\/Evercade-Evolution-01.jpg 1050w\" sizes=\"auto, (max-width: 768px) 100vw, 768px\" \/><figcaption class=\"wp-element-caption\">Evercade Evolution 01<\/figcaption><\/figure>\n\n\n\n<figure class=\"wp-block-image size-large\"><img loading=\"lazy\" decoding=\"async\" width=\"768\" height=\"1024\" data-attachment-id=\"28960\" data-permalink=\"https:\/\/www.jungsi.de\/en\/die-sammlung\/literatur\/sonstige\/evercade-evolution\/evercade-evolution-02-2\/\" data-orig-file=\"https:\/\/www.jungsi.de\/blog\/wp-content\/uploads\/Evercade-Evolution-02-1.jpg\" data-orig-size=\"1050,1400\" data-comments-opened=\"1\" data-image-meta=\"{&quot;aperture&quot;:&quot;1.8&quot;,&quot;credit&quot;:&quot;&quot;,&quot;camera&quot;:&quot;iPad Pro (12.9-inch) (4th generation)&quot;,&quot;caption&quot;:&quot;&quot;,&quot;created_timestamp&quot;:&quot;1674651320&quot;,&quot;copyright&quot;:&quot;&quot;,&quot;focal_length&quot;:&quot;3&quot;,&quot;iso&quot;:&quot;250&quot;,&quot;shutter_speed&quot;:&quot;0.025&quot;,&quot;title&quot;:&quot;&quot;,&quot;orientation&quot;:&quot;1&quot;}\" data-image-title=\"Evercade Evolution 02\" data-image-description=\"&lt;p&gt;Evercade Evolution 02&lt;\/p&gt;\" data-image-caption=\"&lt;p&gt;Evercade Evolution 02&lt;\/p&gt;\" data-large-file=\"https:\/\/www.jungsi.de\/blog\/wp-content\/uploads\/Evercade-Evolution-02-1-768x1024.jpg\" data-id=\"28960\" src=\"https:\/\/www.jungsi.de\/blog\/wp-content\/uploads\/Evercade-Evolution-02-1-768x1024.jpg\" alt=\"Evercade Evolution 02\" class=\"wp-image-28960\" srcset=\"https:\/\/www.jungsi.de\/blog\/wp-content\/uploads\/Evercade-Evolution-02-1-768x1024.jpg 768w, https:\/\/www.jungsi.de\/blog\/wp-content\/uploads\/Evercade-Evolution-02-1-225x300.jpg 225w, https:\/\/www.jungsi.de\/blog\/wp-content\/uploads\/Evercade-Evolution-02-1.jpg 1050w\" sizes=\"auto, (max-width: 768px) 100vw, 768px\" \/><figcaption class=\"wp-element-caption\">Evercade Evolution 02<\/figcaption><\/figure>\n\n\n\n<figure class=\"wp-block-image size-large\"><img loading=\"lazy\" decoding=\"async\" width=\"768\" height=\"1024\" data-attachment-id=\"28370\" data-permalink=\"https:\/\/www.jungsi.de\/en\/die-sammlung\/literatur\/sonstige\/evercade-evolution\/evercade-evolution-02\/\" data-orig-file=\"https:\/\/www.jungsi.de\/blog\/wp-content\/uploads\/Evercade-Evolution-02.jpg\" data-orig-size=\"1050,1400\" data-comments-opened=\"1\" data-image-meta=\"{&quot;aperture&quot;:&quot;3.5&quot;,&quot;credit&quot;:&quot;&quot;,&quot;camera&quot;:&quot;Canon PowerShot SX260 HS&quot;,&quot;caption&quot;:&quot;&quot;,&quot;created_timestamp&quot;:&quot;1640618973&quot;,&quot;copyright&quot;:&quot;&quot;,&quot;focal_length&quot;:&quot;4.5&quot;,&quot;iso&quot;:&quot;800&quot;,&quot;shutter_speed&quot;:&quot;0.04&quot;,&quot;title&quot;:&quot;&quot;,&quot;orientation&quot;:&quot;1&quot;}\" data-image-title=\"Evercade Evolution 03\" data-image-description=\"&lt;p&gt;Evercade Evolution 03&lt;\/p&gt;\" data-image-caption=\"&lt;p&gt;Evercade Evolution 03&lt;\/p&gt;\" data-large-file=\"https:\/\/www.jungsi.de\/blog\/wp-content\/uploads\/Evercade-Evolution-02-768x1024.jpg\" data-id=\"28370\" src=\"https:\/\/www.jungsi.de\/blog\/wp-content\/uploads\/Evercade-Evolution-02-768x1024.jpg\" alt=\"Evercade Evolution 03\" class=\"wp-image-28370\" srcset=\"https:\/\/www.jungsi.de\/blog\/wp-content\/uploads\/Evercade-Evolution-02-768x1024.jpg 768w, https:\/\/www.jungsi.de\/blog\/wp-content\/uploads\/Evercade-Evolution-02-225x300.jpg 225w, https:\/\/www.jungsi.de\/blog\/wp-content\/uploads\/Evercade-Evolution-02.jpg 1050w\" sizes=\"auto, (max-width: 768px) 100vw, 768px\" \/><figcaption class=\"wp-element-caption\">Evercade Evolution 03<\/figcaption><\/figure>\n\n\n\n<figure class=\"wp-block-image size-large\"><img loading=\"lazy\" decoding=\"async\" width=\"768\" height=\"1024\" data-attachment-id=\"28372\" data-permalink=\"https:\/\/www.jungsi.de\/en\/die-sammlung\/literatur\/sonstige\/evercade-evolution\/evercade-evolution-04\/\" data-orig-file=\"https:\/\/www.jungsi.de\/blog\/wp-content\/uploads\/Evercade-Evolution-04.jpg\" data-orig-size=\"1050,1400\" data-comments-opened=\"1\" data-image-meta=\"{&quot;aperture&quot;:&quot;1.8&quot;,&quot;credit&quot;:&quot;&quot;,&quot;camera&quot;:&quot;iPad Pro (12.9-inch) (4th generation)&quot;,&quot;caption&quot;:&quot;&quot;,&quot;created_timestamp&quot;:&quot;1649695876&quot;,&quot;copyright&quot;:&quot;&quot;,&quot;focal_length&quot;:&quot;3&quot;,&quot;iso&quot;:&quot;16&quot;,&quot;shutter_speed&quot;:&quot;0.001410437235543&quot;,&quot;title&quot;:&quot;&quot;,&quot;orientation&quot;:&quot;1&quot;}\" data-image-title=\"Evercade Evolution 04\" data-image-description=\"&lt;p&gt;Evercade Evolution 04&lt;\/p&gt;\" data-image-caption=\"&lt;p&gt;Evercade Evolution 04&lt;\/p&gt;\" data-large-file=\"https:\/\/www.jungsi.de\/blog\/wp-content\/uploads\/Evercade-Evolution-04-768x1024.jpg\" data-id=\"28372\" src=\"https:\/\/www.jungsi.de\/blog\/wp-content\/uploads\/Evercade-Evolution-04-768x1024.jpg\" alt=\"Evercade Evolution 04\" class=\"wp-image-28372\" srcset=\"https:\/\/www.jungsi.de\/blog\/wp-content\/uploads\/Evercade-Evolution-04-768x1024.jpg 768w, https:\/\/www.jungsi.de\/blog\/wp-content\/uploads\/Evercade-Evolution-04-225x300.jpg 225w, https:\/\/www.jungsi.de\/blog\/wp-content\/uploads\/Evercade-Evolution-04.jpg 1050w\" sizes=\"auto, (max-width: 768px) 100vw, 768px\" \/><figcaption class=\"wp-element-caption\">Evercade Evolution 04<\/figcaption><\/figure>\n\n\n\n<figure class=\"wp-block-image size-large\"><img loading=\"lazy\" decoding=\"async\" width=\"768\" height=\"1024\" data-attachment-id=\"28959\" data-permalink=\"https:\/\/www.jungsi.de\/en\/die-sammlung\/literatur\/sonstige\/evercade-evolution\/evercade-evolution-05\/\" data-orig-file=\"https:\/\/www.jungsi.de\/blog\/wp-content\/uploads\/Evercade-Evolution-05.jpg\" data-orig-size=\"1050,1400\" data-comments-opened=\"1\" data-image-meta=\"{&quot;aperture&quot;:&quot;1.8&quot;,&quot;credit&quot;:&quot;&quot;,&quot;camera&quot;:&quot;iPad Pro (12.9-inch) (4th generation)&quot;,&quot;caption&quot;:&quot;&quot;,&quot;created_timestamp&quot;:&quot;1675168721&quot;,&quot;copyright&quot;:&quot;&quot;,&quot;focal_length&quot;:&quot;3&quot;,&quot;iso&quot;:&quot;250&quot;,&quot;shutter_speed&quot;:&quot;0.016666666666667&quot;,&quot;title&quot;:&quot;&quot;,&quot;orientation&quot;:&quot;1&quot;}\" data-image-title=\"Evercade Evolution 05\" data-image-description=\"&lt;p&gt;Evercade Evolution 05&lt;\/p&gt;\" data-image-caption=\"&lt;p&gt;Evercade Evolution 05&lt;\/p&gt;\" data-large-file=\"https:\/\/www.jungsi.de\/blog\/wp-content\/uploads\/Evercade-Evolution-05-768x1024.jpg\" data-id=\"28959\" src=\"https:\/\/www.jungsi.de\/blog\/wp-content\/uploads\/Evercade-Evolution-05-768x1024.jpg\" alt=\"Evercade Evolution 05\" class=\"wp-image-28959\" srcset=\"https:\/\/www.jungsi.de\/blog\/wp-content\/uploads\/Evercade-Evolution-05-768x1024.jpg 768w, https:\/\/www.jungsi.de\/blog\/wp-content\/uploads\/Evercade-Evolution-05-225x300.jpg 225w, https:\/\/www.jungsi.de\/blog\/wp-content\/uploads\/Evercade-Evolution-05.jpg 1050w\" sizes=\"auto, (max-width: 768px) 100vw, 768px\" \/><figcaption class=\"wp-element-caption\">Evercade Evolution 05<\/figcaption><\/figure>\n<\/figure>","protected":false},"excerpt":{"rendered":"<p>Evercade Evolution<\/p>","protected":false},"author":2,"featured_media":28369,"parent":27893,"menu_order":0,"comment_status":"closed","ping_status":"closed","template":"","meta":{"_lmt_disableupdate":"","_lmt_disable":"","ngg_post_thumbnail":0,"jetpack_post_was_ever_published":false,"footnotes":"","_links_to":"","_links_to_target":""},"class_list":["post-28366","page","type-page","status-publish","has-post-thumbnail","hentry"],"jetpack_shortlink":"https:\/\/wp.me\/P4eXvk-7nw","jetpack_sharing_enabled":true,"jetpack_likes_enabled":true,"jetpack-related-posts":[{"id":35159,"url":"https:\/\/www.jungsi.de\/en\/konsolen-emulator\/","url_meta":{"origin":28366,"position":0},"title":"Konsolen-Emulator","author":"Jungsi","date":"18. January 2025","format":false,"excerpt":"Hier eine Liste meiner Konsolen, die auf Emulatoren basieren (oft als \u201aMini\u2018-Version erh\u00e4ltlich), geordnet nach Erscheinungsdatum. Nintendo Classic Mini (2016) SNES Classic Mini (2017) Neo Geo Mini (2018) PlayStation Classic (2018) Sega Mega Drive Mini (2019) Evercade VS (2021) Sega Mega Drive Mini II (2022) Atari 2600+ (2023) Evercade VS\u2026","rel":"","context":"Similar post","block_context":{"text":"Similar post","link":""},"img":{"alt_text":"Nintendo Classic Mini","src":"https:\/\/i0.wp.com\/www.jungsi.de\/blog\/wp-content\/uploads\/Nintendo-Classic-Mini.jpg?resize=350%2C200&ssl=1","width":350,"height":200,"srcset":"https:\/\/i0.wp.com\/www.jungsi.de\/blog\/wp-content\/uploads\/Nintendo-Classic-Mini.jpg?resize=350%2C200&ssl=1 1x, https:\/\/i0.wp.com\/www.jungsi.de\/blog\/wp-content\/uploads\/Nintendo-Classic-Mini.jpg?resize=525%2C300&ssl=1 1.5x, https:\/\/i0.wp.com\/www.jungsi.de\/blog\/wp-content\/uploads\/Nintendo-Classic-Mini.jpg?resize=700%2C400&ssl=1 2x, https:\/\/i0.wp.com\/www.jungsi.de\/blog\/wp-content\/uploads\/Nintendo-Classic-Mini.jpg?resize=1050%2C600&ssl=1 3x, https:\/\/i0.wp.com\/www.jungsi.de\/blog\/wp-content\/uploads\/Nintendo-Classic-Mini.jpg?resize=1400%2C800&ssl=1 4x"},"classes":[]},{"id":36002,"url":"https:\/\/www.jungsi.de\/en\/fpga-rechner\/","url_meta":{"origin":28366,"position":1},"title":"FPGA-Rechner","author":"Jungsi","date":"11. March 2025","format":false,"excerpt":"FPGA-Rechner Computer, die auf FPGA-Basis (Field Programmable Gate Array) laufe, k\u00f6nnen als rekonfigurierbare Computer der hardwareprogrammierbare Systeme beschrieben werden. Sie unterscheiden sich von herk\u00f6mlichen Prozessor-basierten Systemen dadurch, dass Ihre Hardware-Struktur flexibel und ver\u00e4nderbar ist. Ein Anwendungsbereich dabei ist die zyklengenaue Nachbildung alter Computerarchitekturen (z.B. Amiga, C64, Atari). Beispiel: MiSTer FPGA,\u2026","rel":"","context":"Similar post","block_context":{"text":"Similar post","link":""},"img":{"alt_text":"","src":"https:\/\/i0.wp.com\/www.jungsi.de\/blog\/wp-content\/uploads\/Speccy2010-oben.jpg?resize=350%2C200&ssl=1","width":350,"height":200,"srcset":"https:\/\/i0.wp.com\/www.jungsi.de\/blog\/wp-content\/uploads\/Speccy2010-oben.jpg?resize=350%2C200&ssl=1 1x, https:\/\/i0.wp.com\/www.jungsi.de\/blog\/wp-content\/uploads\/Speccy2010-oben.jpg?resize=525%2C300&ssl=1 1.5x, https:\/\/i0.wp.com\/www.jungsi.de\/blog\/wp-content\/uploads\/Speccy2010-oben.jpg?resize=700%2C400&ssl=1 2x, https:\/\/i0.wp.com\/www.jungsi.de\/blog\/wp-content\/uploads\/Speccy2010-oben.jpg?resize=1050%2C600&ssl=1 3x, https:\/\/i0.wp.com\/www.jungsi.de\/blog\/wp-content\/uploads\/Speccy2010-oben.jpg?resize=1400%2C800&ssl=1 4x"},"classes":[]},{"id":18076,"url":"https:\/\/www.jungsi.de\/en\/heimcomputer\/","url_meta":{"origin":28366,"position":2},"title":"home computer","author":"Jungsi","date":"30. July 2017","format":false,"excerpt":"Meine Geschichte Meine Begeisterung f\u00fcr Computer begann in den fr\u00fchen 1980er Jahren. Als ich im P.M. Computerheft \u00fcber diese faszinierende neue Technologie las, erkannte ich sofort: Das ist die Zukunft. Ich bettelte so lange, bis meine Gro\u00dfmutter mir einen Sinclair ZX81 schenkte, damals der g\u00fcnstigste Homecomputer. Fasziniert sa\u00df ich vor\u2026","rel":"","context":"Similar post","block_context":{"text":"Similar post","link":""},"img":{"alt_text":"Acorn","src":"https:\/\/i0.wp.com\/www.jungsi.de\/blog\/wp-content\/uploads\/Acorn.jpg?resize=350%2C200&ssl=1","width":350,"height":200,"srcset":"https:\/\/i0.wp.com\/www.jungsi.de\/blog\/wp-content\/uploads\/Acorn.jpg?resize=350%2C200&ssl=1 1x, https:\/\/i0.wp.com\/www.jungsi.de\/blog\/wp-content\/uploads\/Acorn.jpg?resize=525%2C300&ssl=1 1.5x, https:\/\/i0.wp.com\/www.jungsi.de\/blog\/wp-content\/uploads\/Acorn.jpg?resize=700%2C400&ssl=1 2x, https:\/\/i0.wp.com\/www.jungsi.de\/blog\/wp-content\/uploads\/Acorn.jpg?resize=1050%2C600&ssl=1 3x, https:\/\/i0.wp.com\/www.jungsi.de\/blog\/wp-content\/uploads\/Acorn.jpg?resize=1400%2C800&ssl=1 4x"},"classes":[]},{"id":33850,"url":"https:\/\/www.jungsi.de\/en\/spiele\/saba-videoplay-spiele\/","url_meta":{"origin":28366,"position":3},"title":"Saba Videoplay Spiele","author":"Jungsi","date":"23. October 2024","format":false,"excerpt":"Saba Videoplay (und \u00e4hnliche) Spiele 01 - M\u00fchle (1977) 02 - W\u00fcstenfuchs (1977) 04 - Luftkampf (1977) 05 - Kampf im Weltraum (1977) 06 - Magische Zahlen (1977) 07 - Autorennen (1977) 09 - Backgammon (1977) 10 - Baseball (1977) 15 - Barriere (1977) 17 - Kickball (1977) 06 -\u2026","rel":"","context":"Similar post","block_context":{"text":"Similar post","link":""},"img":{"alt_text":"01 - M\u00fchle","src":"https:\/\/i0.wp.com\/www.jungsi.de\/blog\/wp-content\/uploads\/01-Muehle-Cartridge.jpg?resize=350%2C200&ssl=1","width":350,"height":200,"srcset":"https:\/\/i0.wp.com\/www.jungsi.de\/blog\/wp-content\/uploads\/01-Muehle-Cartridge.jpg?resize=350%2C200&ssl=1 1x, https:\/\/i0.wp.com\/www.jungsi.de\/blog\/wp-content\/uploads\/01-Muehle-Cartridge.jpg?resize=525%2C300&ssl=1 1.5x, https:\/\/i0.wp.com\/www.jungsi.de\/blog\/wp-content\/uploads\/01-Muehle-Cartridge.jpg?resize=700%2C400&ssl=1 2x, https:\/\/i0.wp.com\/www.jungsi.de\/blog\/wp-content\/uploads\/01-Muehle-Cartridge.jpg?resize=1050%2C600&ssl=1 3x"},"classes":[]},{"id":27749,"url":"https:\/\/www.jungsi.de\/en\/heimcomputer\/atari-die-sammlung\/atari-portfolio\/","url_meta":{"origin":28366,"position":4},"title":"Atari Portfolio","author":"Jungsi","date":"13. January 2023","format":false,"excerpt":"Atari Portfolio Atari Portfolio Der Atari Portfolio, eingef\u00fchrt im Jahr 1989, war der erste MS-DOS-kompatible Handheld-Computer. Entwickelt von DIP (Distributed Information Processing Limited) und sp\u00e4ter von Atari lizenziert, hatte er die Gr\u00f6\u00dfe einer VHS-Kassette und wog 505 Gramm, was ihn zu einem Vorl\u00e4ufer der sp\u00e4teren PDAs macht. Der kleine Computer\u2026","rel":"","context":"Similar post","block_context":{"text":"Similar post","link":""},"img":{"alt_text":"","src":"https:\/\/i0.wp.com\/www.jungsi.de\/blog\/wp-content\/uploads\/Atari-Portfolio-Deckel-offen-schraeg.jpg?resize=350%2C200&ssl=1","width":350,"height":200,"srcset":"https:\/\/i0.wp.com\/www.jungsi.de\/blog\/wp-content\/uploads\/Atari-Portfolio-Deckel-offen-schraeg.jpg?resize=350%2C200&ssl=1 1x, https:\/\/i0.wp.com\/www.jungsi.de\/blog\/wp-content\/uploads\/Atari-Portfolio-Deckel-offen-schraeg.jpg?resize=525%2C300&ssl=1 1.5x, https:\/\/i0.wp.com\/www.jungsi.de\/blog\/wp-content\/uploads\/Atari-Portfolio-Deckel-offen-schraeg.jpg?resize=700%2C400&ssl=1 2x, https:\/\/i0.wp.com\/www.jungsi.de\/blog\/wp-content\/uploads\/Atari-Portfolio-Deckel-offen-schraeg.jpg?resize=1050%2C600&ssl=1 3x, https:\/\/i0.wp.com\/www.jungsi.de\/blog\/wp-content\/uploads\/Atari-Portfolio-Deckel-offen-schraeg.jpg?resize=1400%2C800&ssl=1 4x"},"classes":[]},{"id":13557,"url":"https:\/\/www.jungsi.de\/en\/spiele\/interton-vc4000\/","url_meta":{"origin":28366,"position":5},"title":"Interton VC4000","author":"Jungsi","date":"15. March 2016","format":false,"excerpt":"Interton VC4000 01 Autorennen (1978) 02 Blackjack (1978) 03 Ballspiel (1978) 04 Panzerschlacht_Luftkampf (1978) 07 Luftkampf (1978) 12 Jagd (1978) 18 Boxkampf (1978) 19 Krieg im Weltraum (1978) 23 Flipper (1978) 28 Cockpit (1978) 32 Weltrauminvasoren (1978)","rel":"","context":"Similar post","block_context":{"text":"Similar post","link":""},"img":{"alt_text":"Interton VC4000 01 Autorennen","src":"https:\/\/i0.wp.com\/www.jungsi.de\/blog\/wp-content\/uploads\/interton-vc4000-01-autorennen.jpg?resize=350%2C200&ssl=1","width":350,"height":200,"srcset":"https:\/\/i0.wp.com\/www.jungsi.de\/blog\/wp-content\/uploads\/interton-vc4000-01-autorennen.jpg?resize=350%2C200&ssl=1 1x, https:\/\/i0.wp.com\/www.jungsi.de\/blog\/wp-content\/uploads\/interton-vc4000-01-autorennen.jpg?resize=525%2C300&ssl=1 1.5x"},"classes":[]}],"_links":{"self":[{"href":"https:\/\/www.jungsi.de\/en\/wp-json\/wp\/v2\/pages\/28366","targetHints":{"allow":["GET"]}}],"collection":[{"href":"https:\/\/www.jungsi.de\/en\/wp-json\/wp\/v2\/pages"}],"about":[{"href":"https:\/\/www.jungsi.de\/en\/wp-json\/wp\/v2\/types\/page"}],"author":[{"embeddable":true,"href":"https:\/\/www.jungsi.de\/en\/wp-json\/wp\/v2\/users\/2"}],"replies":[{"embeddable":true,"href":"https:\/\/www.jungsi.de\/en\/wp-json\/wp\/v2\/comments?post=28366"}],"version-history":[{"count":0,"href":"https:\/\/www.jungsi.de\/en\/wp-json\/wp\/v2\/pages\/28366\/revisions"}],"up":[{"embeddable":true,"href":"https:\/\/www.jungsi.de\/en\/wp-json\/wp\/v2\/pages\/27893"}],"wp:featuredmedia":[{"embeddable":true,"href":"https:\/\/www.jungsi.de\/en\/wp-json\/wp\/v2\/media\/28369"}],"wp:attachment":[{"href":"https:\/\/www.jungsi.de\/en\/wp-json\/wp\/v2\/media?parent=28366"}],"curies":[{"name":"wp","href":"https:\/\/api.w.org\/{rel}","templated":true}]}}